{"id":90944,"date":"2024-10-10T00:55:46","date_gmt":"2024-10-09T22:55:46","guid":{"rendered":"https:\/\/bien-etreiris.ch\/produktpraesentation\/gesundes-leben\/electrobiologie\/proteger-eviter\/lifimax\/"},"modified":"2024-10-10T00:58:23","modified_gmt":"2024-10-09T22:58:23","slug":"lifimax","status":"publish","type":"page","link":"https:\/\/bien-etreiris.ch\/de\/produktpraesentation\/gesundes-leben\/electrobiologie\/proteger-eviter\/lifimax\/","title":{"rendered":"LIFIMAX"},"content":{"rendered":"<h2>Kit de d\u00e9marrage LiFiMAX Compact, transmission de donn\u00e9es sans fil avec lumi\u00e8re<\/h2>\n<h4>Technologie LiFi pour un acc\u00e8s s\u00e9curis\u00e9 \u00e0 Internet et un habitat et un travail sans radiations...<\/h4>\n<p><img loading=\"lazy\" decoding=\"async\" class=\"size-full wp-image-90939 alignleft\" src=\"https:\/\/bien-etreiris.ch\/wp-content\/uploads\/2024\/10\/entre-lifimax.jpg\" alt=\"\" width=\"250\" height=\"250\" srcset=\"https:\/\/bien-etreiris.ch\/wp-content\/uploads\/2024\/10\/entre-lifimax.jpg 250w, https:\/\/bien-etreiris.ch\/wp-content\/uploads\/2024\/10\/entre-lifimax-150x150.jpg 150w\" sizes=\"auto, (max-width: 250px) 100vw, 250px\" \/>Prot\u00e9gez votre famille d'une exposition excessive aux ondes radio et augmentez la s\u00e9curit\u00e9 de votre r\u00e9seau gr\u00e2ce \u00e0 notre solution unique.<\/p>\n<p>Gr\u00e2ce \u00e0 la technique de la lumi\u00e8re, les donn\u00e9es sont diffus\u00e9es dans un rayon de plusieurs m\u00e8tres par un \u00e9metteur fix\u00e9 au plafond et permettent un acc\u00e8s \u00e0 Internet sans fil et sans radio avec un ordinateur portable, une tablette ou un smartphone.<\/p>\n<p>Vous trouverez une description d\u00e9taill\u00e9e et des informations suppl\u00e9mentaires ici Lien<\/p>\n<ul style=\"list-style-type: disc;\">\n<li>Mobilit\u00e9 sans fil sans interf\u00e9rences<\/li>\n<li>S\u00e9curit\u00e9 absolue<\/li>\n<li>Empreinte \u00e9nerg\u00e9tique r\u00e9duite<\/li>\n<li>Vitesse in\u00e9gal\u00e9e<\/li>\n<li>Pr\u00e9servation de votre sant\u00e9<\/li>\n<\/ul>\n<p>&nbsp;<\/p>\n<p>Kit complet comprenant un point d'acc\u00e8s, un switch POE, un dongle USB-C et du mat\u00e9riel d'installation. Commandez en plus un c\u00e2ble r\u00e9seau de la longueur appropri\u00e9e.<\/p>\n<p><img loading=\"lazy\" decoding=\"async\" class=\"alignnone  wp-image-90951\" src=\"https:\/\/bien-etreiris.ch\/wp-content\/uploads\/2024\/10\/Lifimax-set.jpg\" alt=\"\" width=\"301\" height=\"200\"><\/p>\n<p>&nbsp;<\/p>\n<h4>L'installation :<\/h4>\n<p>Installation simple car aucun pilote n'est n\u00e9cessaire. Le dongle est directement pris en charge par Windows 7 - 11, Android, iOs et Linux. Le syst\u00e8me LiFi le plus simple, le plus rapide et le plus avantageux \u00e0 l'heure actuelle. Totalement exempt de champs \u00e9lectromagn\u00e9tiques.<\/p>\n<h4>Donn\u00e9es techniques :<\/h4>\n<ul style=\"list-style-type: disc;\">\n<li>Li-Fi Norme ITU-T G.vlc<\/li>\n<li>Connexion du dongle Adaptateur USB-C, USB-A<\/li>\n<li>Taux de vitesse 100 Mbps download, 100 Mbps upload<\/li>\n<li>Temps de latence 0.5 ms<\/li>\n<li>Nombre de terminaux 16 par point d'acc\u00e8s<\/li>\n<\/ul>\n<h4>Application en int\u00e9rieur<\/h4>\n<ul style=\"list-style-type: disc;\">\n<li>Couverture par AP Angle d'ouverture 90<\/li>\n<li>Certificats CE, ROHS<\/li>\n<li>Type de protection IP30<\/li>\n<li>Norme photobiologique IEC\/EN 62471<\/li>\n<li>Alimentation \u00e9lectrique AP POE (IEEE 802.3af)<\/li>\n<li>Alimentation \u00e9lectrique commutateur POE 230V AC<\/li>\n<li>Consommation \u00e9lectrique AP 5 watts nominal<\/li>\n<li>Consommation \u00e9lectrique du dongle 2.5 Watt nominal<\/li>\n<\/ul>\n<p>&nbsp;<\/p>\n<h4>Dimensions<\/h4>\n<ul style=\"list-style-type: disc;\">\n<li>Dimensions AP Diam\u00e8tre 110 mm, hauteur 30 mm<\/li>\n<li>Poids AP 400 g<\/li>\n<li>Dongle 74 x 28 x 15 mm<\/li>\n<li>Poids du dongle 70 g<\/li>\n<\/ul>\n<p>Livraison : 3-7 jours ouvrables.<\/p>\n<p><strong>1.480,00 CHF<\/strong> TVA incluse<\/p>\n<p>&nbsp;<\/p>\n<p><img loading=\"lazy\" decoding=\"async\" class=\"alignnone  wp-image-90947\" src=\"https:\/\/bien-etreiris.ch\/wp-content\/uploads\/2024\/10\/lumiere-travail.jpg\" alt=\"\" width=\"288\" height=\"211\"><\/p>\n<h4><strong>Avantages et possibilit\u00e9s d'utilisation de Lifi<\/strong><\/h4>\n<p><em><strong>Les avantages du LiFi<\/strong><\/em><\/p>\n<ul style=\"list-style-type: disc;\">\n<li>Connectivit\u00e9 rapide et stable avec des vitesses allant jusqu'\u00e0 5 Gbit\/s.<\/li>\n<li>S\u00e9curit\u00e9 absolue gr\u00e2ce au partitionnement des donn\u00e9es dans la zone d'\u00e9mission.<\/li>\n<li>R\u00e9duction de la consommation d'\u00e9nergie.<\/li>\n<li>Une couverture uniforme et sans latence, m\u00eame lorsque plusieurs utilisateurs sont connect\u00e9s en m\u00eame temps.<\/li>\n<li>Une technologie l\u00e9g\u00e8re et peu encombrante gr\u00e2ce au remplacement des c\u00e2bles par un faisceau lumineux.<\/li>\n<li>Un syst\u00e8me de transmission de donn\u00e9es inoffensif, car il n'utilise pas d'ondes radio.<\/li>\n<li>Une solution rentable et n\u00e9cessitante peu d'entretien, qui s'int\u00e8gre parfaitement dans l'infrastructure d'\u00e9clairage LED existante, de sorte qu'aucune modification majeure ou investissement suppl\u00e9mentaire n'est n\u00e9cessaire.<\/li>\n<\/ul>\n<p>&nbsp;<\/p>\n<h4><strong>Les possibilit\u00e9s d'application<\/strong><\/h4>\n<ul style=\"list-style-type: disc;\">\n<li>Bureaux et \u00e9coles sans radio et s\u00e9curis\u00e9s<\/li>\n<li>Lifi \u00e0 domicile<\/li>\n<li>Sans fil, sans interf\u00e9rences, haute pr\u00e9cision pour l'industrie et le transport<\/li>\n<li>D\u00e9fense<\/li>\n<\/ul>\n<p>&nbsp;<\/p>\n<p>&nbsp;<\/p>\n<p><iframe loading=\"lazy\" title=\"LiFiMAX COMPACT - LiFi Plug &amp; Play Starter Kit by Oledcomm\" width=\"604\" height=\"340\" src=\"https:\/\/www.youtube.com\/embed\/Qby6yJ1F2t8?feature=oembed\" frameborder=\"0\" allow=\"accelerometer; autoplay; clipboard-write; encrypted-media; gyroscope; picture-in-picture; web-share\" referrerpolicy=\"strict-origin-when-cross-origin\" allowfullscreen><\/iframe><\/p>\n","protected":false},"excerpt":{"rendered":"<p>Kit de d\u00e9marrage LiFiMAX Compact, transmission de donn\u00e9es sans fil avec lumi\u00e8re Technologie LiFi pour un acc\u00e8s s\u00e9curis\u00e9 \u00e0 Internet et un habitat et un travail sans radiations... Prot\u00e9gez votre famille d'une exposition excessive aux ondes radio et augmentez la s\u00e9curit\u00e9 de votre r\u00e9seau gr\u00e2ce \u00e0 notre solution unique. Gr\u00e2ce \u00e0 la technique de la lumi\u00e8re, les donn\u00e9es sont diffus\u00e9es&nbsp;<a href=\"https:\/\/bien-etreiris.ch\/de\/produktpraesentation\/gesundes-leben\/electrobiologie\/proteger-eviter\/lifimax\/\" class=\"read-more\">Weiter lesen<\/a><\/p>\n","protected":false},"author":1,"featured_media":90938,"parent":90738,"menu_order":1188,"comment_status":"closed","ping_status":"closed","template":"page-with-child.php","meta":{"_acf_changed":false,"ngg_post_thumbnail":0,"footnotes":""},"class_list":["post-90944","page","type-page","status-publish","has-post-thumbnail","hentry"],"acf":[],"yoast_head":"<!-- This site is optimized with the Yoast SEO plugin v27.5 - https:\/\/yoast.com\/product\/yoast-seo-wordpress\/ -->\n<title>LIFIMAX - WOHLBEFINDEN<\/title>\n<meta name=\"robots\" content=\"index, follow, max-snippet:-1, max-image-preview:large, max-video-preview:-1\" \/>\n<link rel=\"canonical\" href=\"https:\/\/bien-etreiris.ch\/de\/produktpraesentation\/gesundes-leben\/electrobiologie\/proteger-eviter\/lifimax\/\" \/>\n<meta property=\"og:locale\" content=\"de_DE\" \/>\n<meta property=\"og:type\" content=\"article\" \/>\n<meta property=\"og:title\" content=\"LIFIMAX - WOHLBEFINDEN\" \/>\n<meta property=\"og:description\" content=\"Kit de d\u00e9marrage LiFiMAX Compact, transmission de donn\u00e9es sans fil avec lumi\u00e8re Technologie LiFi pour un acc\u00e8s s\u00e9curis\u00e9 \u00e0 Internet et un habitat et un travail sans radiations... Prot\u00e9gez votre famille d&#039;une exposition excessive aux ondes radio et augmentez la s\u00e9curit\u00e9 de votre r\u00e9seau gr\u00e2ce \u00e0 notre solution unique. Gr\u00e2ce \u00e0 la technique de la lumi\u00e8re, les donn\u00e9es sont diffus\u00e9es&nbsp;Weiter lesen\" \/>\n<meta property=\"og:url\" content=\"https:\/\/bien-etreiris.ch\/de\/produktpraesentation\/gesundes-leben\/electrobiologie\/proteger-eviter\/lifimax\/\" \/>\n<meta property=\"og:site_name\" content=\"WOHLBEFINDEN\" \/>\n<meta property=\"article:publisher\" content=\"https:\/\/www.facebook.com\/bienetreiris\/\" \/>\n<meta property=\"article:modified_time\" content=\"2024-10-09T22:58:23+00:00\" \/>\n<meta property=\"og:image\" content=\"https:\/\/bien-etreiris.ch\/wp-content\/uploads\/2024\/10\/Lifimax.jpg\" \/>\n\t<meta property=\"og:image:width\" content=\"500\" \/>\n\t<meta property=\"og:image:height\" content=\"333\" \/>\n\t<meta property=\"og:image:type\" content=\"image\/jpeg\" \/>\n<meta name=\"twitter:label1\" content=\"Gesch\u00e4tzte Lesezeit\" \/>\n\t<meta name=\"twitter:data1\" content=\"3\u00a0Minuten\" \/>\n<script type=\"application\/ld+json\" class=\"yoast-schema-graph\">{\"@context\":\"https:\\\/\\\/schema.org\",\"@graph\":[{\"@type\":\"WebPage\",\"@id\":\"https:\\\/\\\/bien-etreiris.ch\\\/de\\\/produktpraesentation\\\/gesundes-leben\\\/electrobiologie\\\/proteger-eviter\\\/lifimax\\\/\",\"url\":\"https:\\\/\\\/bien-etreiris.ch\\\/de\\\/produktpraesentation\\\/gesundes-leben\\\/electrobiologie\\\/proteger-eviter\\\/lifimax\\\/\",\"name\":\"LIFIMAX - WOHLBEFINDEN\",\"isPartOf\":{\"@id\":\"https:\\\/\\\/bien-etreiris.ch\\\/de\\\/#website\"},\"primaryImageOfPage\":{\"@id\":\"https:\\\/\\\/bien-etreiris.ch\\\/de\\\/produktpraesentation\\\/gesundes-leben\\\/electrobiologie\\\/proteger-eviter\\\/lifimax\\\/#primaryimage\"},\"image\":{\"@id\":\"https:\\\/\\\/bien-etreiris.ch\\\/de\\\/produktpraesentation\\\/gesundes-leben\\\/electrobiologie\\\/proteger-eviter\\\/lifimax\\\/#primaryimage\"},\"thumbnailUrl\":\"https:\\\/\\\/bien-etreiris.ch\\\/wp-content\\\/uploads\\\/2024\\\/10\\\/Lifimax.jpg\",\"datePublished\":\"2024-10-09T22:55:46+00:00\",\"dateModified\":\"2024-10-09T22:58:23+00:00\",\"breadcrumb\":{\"@id\":\"https:\\\/\\\/bien-etreiris.ch\\\/de\\\/produktpraesentation\\\/gesundes-leben\\\/electrobiologie\\\/proteger-eviter\\\/lifimax\\\/#breadcrumb\"},\"inLanguage\":\"de\",\"potentialAction\":[{\"@type\":\"ReadAction\",\"target\":[\"https:\\\/\\\/bien-etreiris.ch\\\/de\\\/produktpraesentation\\\/gesundes-leben\\\/electrobiologie\\\/proteger-eviter\\\/lifimax\\\/\"]}]},{\"@type\":\"ImageObject\",\"inLanguage\":\"de\",\"@id\":\"https:\\\/\\\/bien-etreiris.ch\\\/de\\\/produktpraesentation\\\/gesundes-leben\\\/electrobiologie\\\/proteger-eviter\\\/lifimax\\\/#primaryimage\",\"url\":\"https:\\\/\\\/bien-etreiris.ch\\\/wp-content\\\/uploads\\\/2024\\\/10\\\/Lifimax.jpg\",\"contentUrl\":\"https:\\\/\\\/bien-etreiris.ch\\\/wp-content\\\/uploads\\\/2024\\\/10\\\/Lifimax.jpg\",\"width\":500,\"height\":333},{\"@type\":\"BreadcrumbList\",\"@id\":\"https:\\\/\\\/bien-etreiris.ch\\\/de\\\/produktpraesentation\\\/gesundes-leben\\\/electrobiologie\\\/proteger-eviter\\\/lifimax\\\/#breadcrumb\",\"itemListElement\":[{\"@type\":\"ListItem\",\"position\":1,\"name\":\"Home\",\"item\":\"https:\\\/\\\/bien-etreiris.ch\\\/de\\\/\"},{\"@type\":\"ListItem\",\"position\":2,\"name\":\"PRODUKTPR\u00c4SENTATION\",\"item\":\"https:\\\/\\\/bien-etreiris.ch\\\/de\\\/produktpraesentation\\\/\"},{\"@type\":\"ListItem\",\"position\":3,\"name\":\"GESUNDES LEBEN\",\"item\":\"https:\\\/\\\/bien-etreiris.ch\\\/de\\\/produktpraesentation\\\/gesundes-leben\\\/\"},{\"@type\":\"ListItem\",\"position\":4,\"name\":\"ELECTROBIOLOGIE\",\"item\":\"https:\\\/\\\/bien-etreiris.ch\\\/de\\\/produktpraesentation\\\/gesundes-leben\\\/electrobiologie\\\/\"},{\"@type\":\"ListItem\",\"position\":5,\"name\":\"PROTEGER-EVITER\",\"item\":\"https:\\\/\\\/bien-etreiris.ch\\\/de\\\/produktpraesentation\\\/gesundes-leben\\\/electrobiologie\\\/proteger-eviter\\\/\"},{\"@type\":\"ListItem\",\"position\":6,\"name\":\"LIFIMAX\"}]},{\"@type\":\"WebSite\",\"@id\":\"https:\\\/\\\/bien-etreiris.ch\\\/de\\\/#website\",\"url\":\"https:\\\/\\\/bien-etreiris.ch\\\/de\\\/\",\"name\":\"Bien-\u00eatre Iris\",\"description\":\"IHRE Gesundheit ist uns wichtig\",\"potentialAction\":[{\"@type\":\"SearchAction\",\"target\":{\"@type\":\"EntryPoint\",\"urlTemplate\":\"https:\\\/\\\/bien-etreiris.ch\\\/de\\\/?s={search_term_string}\"},\"query-input\":{\"@type\":\"PropertyValueSpecification\",\"valueRequired\":true,\"valueName\":\"search_term_string\"}}],\"inLanguage\":\"de\"}]}<\/script>\n<!-- \/ Yoast SEO plugin. -->","yoast_head_json":{"title":"LIFIMAX - WOHLBEFINDEN","robots":{"index":"index","follow":"follow","max-snippet":"max-snippet:-1","max-image-preview":"max-image-preview:large","max-video-preview":"max-video-preview:-1"},"canonical":"https:\/\/bien-etreiris.ch\/de\/produktpraesentation\/gesundes-leben\/electrobiologie\/proteger-eviter\/lifimax\/","og_locale":"de_DE","og_type":"article","og_title":"LIFIMAX - WOHLBEFINDEN","og_description":"Kit de d\u00e9marrage LiFiMAX Compact, transmission de donn\u00e9es sans fil avec lumi\u00e8re Technologie LiFi pour un acc\u00e8s s\u00e9curis\u00e9 \u00e0 Internet et un habitat et un travail sans radiations... Prot\u00e9gez votre famille d'une exposition excessive aux ondes radio et augmentez la s\u00e9curit\u00e9 de votre r\u00e9seau gr\u00e2ce \u00e0 notre solution unique. Gr\u00e2ce \u00e0 la technique de la lumi\u00e8re, les donn\u00e9es sont diffus\u00e9es&nbsp;Weiter lesen","og_url":"https:\/\/bien-etreiris.ch\/de\/produktpraesentation\/gesundes-leben\/electrobiologie\/proteger-eviter\/lifimax\/","og_site_name":"WOHLBEFINDEN","article_publisher":"https:\/\/www.facebook.com\/bienetreiris\/","article_modified_time":"2024-10-09T22:58:23+00:00","og_image":[{"width":500,"height":333,"url":"https:\/\/bien-etreiris.ch\/wp-content\/uploads\/2024\/10\/Lifimax.jpg","type":"image\/jpeg"}],"twitter_misc":{"Gesch\u00e4tzte Lesezeit":"3\u00a0Minuten"},"schema":{"@context":"https:\/\/schema.org","@graph":[{"@type":"WebPage","@id":"https:\/\/bien-etreiris.ch\/de\/produktpraesentation\/gesundes-leben\/electrobiologie\/proteger-eviter\/lifimax\/","url":"https:\/\/bien-etreiris.ch\/de\/produktpraesentation\/gesundes-leben\/electrobiologie\/proteger-eviter\/lifimax\/","name":"LIFIMAX - WOHLBEFINDEN","isPartOf":{"@id":"https:\/\/bien-etreiris.ch\/de\/#website"},"primaryImageOfPage":{"@id":"https:\/\/bien-etreiris.ch\/de\/produktpraesentation\/gesundes-leben\/electrobiologie\/proteger-eviter\/lifimax\/#primaryimage"},"image":{"@id":"https:\/\/bien-etreiris.ch\/de\/produktpraesentation\/gesundes-leben\/electrobiologie\/proteger-eviter\/lifimax\/#primaryimage"},"thumbnailUrl":"https:\/\/bien-etreiris.ch\/wp-content\/uploads\/2024\/10\/Lifimax.jpg","datePublished":"2024-10-09T22:55:46+00:00","dateModified":"2024-10-09T22:58:23+00:00","breadcrumb":{"@id":"https:\/\/bien-etreiris.ch\/de\/produktpraesentation\/gesundes-leben\/electrobiologie\/proteger-eviter\/lifimax\/#breadcrumb"},"inLanguage":"de","potentialAction":[{"@type":"ReadAction","target":["https:\/\/bien-etreiris.ch\/de\/produktpraesentation\/gesundes-leben\/electrobiologie\/proteger-eviter\/lifimax\/"]}]},{"@type":"ImageObject","inLanguage":"de","@id":"https:\/\/bien-etreiris.ch\/de\/produktpraesentation\/gesundes-leben\/electrobiologie\/proteger-eviter\/lifimax\/#primaryimage","url":"https:\/\/bien-etreiris.ch\/wp-content\/uploads\/2024\/10\/Lifimax.jpg","contentUrl":"https:\/\/bien-etreiris.ch\/wp-content\/uploads\/2024\/10\/Lifimax.jpg","width":500,"height":333},{"@type":"BreadcrumbList","@id":"https:\/\/bien-etreiris.ch\/de\/produktpraesentation\/gesundes-leben\/electrobiologie\/proteger-eviter\/lifimax\/#breadcrumb","itemListElement":[{"@type":"ListItem","position":1,"name":"Home","item":"https:\/\/bien-etreiris.ch\/de\/"},{"@type":"ListItem","position":2,"name":"PRODUKTPR\u00c4SENTATION","item":"https:\/\/bien-etreiris.ch\/de\/produktpraesentation\/"},{"@type":"ListItem","position":3,"name":"GESUNDES LEBEN","item":"https:\/\/bien-etreiris.ch\/de\/produktpraesentation\/gesundes-leben\/"},{"@type":"ListItem","position":4,"name":"ELECTROBIOLOGIE","item":"https:\/\/bien-etreiris.ch\/de\/produktpraesentation\/gesundes-leben\/electrobiologie\/"},{"@type":"ListItem","position":5,"name":"PROTEGER-EVITER","item":"https:\/\/bien-etreiris.ch\/de\/produktpraesentation\/gesundes-leben\/electrobiologie\/proteger-eviter\/"},{"@type":"ListItem","position":6,"name":"LIFIMAX"}]},{"@type":"WebSite","@id":"https:\/\/bien-etreiris.ch\/de\/#website","url":"https:\/\/bien-etreiris.ch\/de\/","name":"Bien-\u00eatre Iris","description":"IHRE Gesundheit ist uns wichtig","potentialAction":[{"@type":"SearchAction","target":{"@type":"EntryPoint","urlTemplate":"https:\/\/bien-etreiris.ch\/de\/?s={search_term_string}"},"query-input":{"@type":"PropertyValueSpecification","valueRequired":true,"valueName":"search_term_string"}}],"inLanguage":"de"}]}},"_links":{"self":[{"href":"https:\/\/bien-etreiris.ch\/de\/wp-json\/wp\/v2\/pages\/90944","targetHints":{"allow":["GET"]}}],"collection":[{"href":"https:\/\/bien-etreiris.ch\/de\/wp-json\/wp\/v2\/pages"}],"about":[{"href":"https:\/\/bien-etreiris.ch\/de\/wp-json\/wp\/v2\/types\/page"}],"author":[{"embeddable":true,"href":"https:\/\/bien-etreiris.ch\/de\/wp-json\/wp\/v2\/users\/1"}],"replies":[{"embeddable":true,"href":"https:\/\/bien-etreiris.ch\/de\/wp-json\/wp\/v2\/comments?post=90944"}],"version-history":[{"count":2,"href":"https:\/\/bien-etreiris.ch\/de\/wp-json\/wp\/v2\/pages\/90944\/revisions"}],"predecessor-version":[{"id":90956,"href":"https:\/\/bien-etreiris.ch\/de\/wp-json\/wp\/v2\/pages\/90944\/revisions\/90956"}],"up":[{"embeddable":true,"href":"https:\/\/bien-etreiris.ch\/de\/wp-json\/wp\/v2\/pages\/90738"}],"wp:featuredmedia":[{"embeddable":true,"href":"https:\/\/bien-etreiris.ch\/de\/wp-json\/wp\/v2\/media\/90938"}],"wp:attachment":[{"href":"https:\/\/bien-etreiris.ch\/de\/wp-json\/wp\/v2\/media?parent=90944"}],"curies":[{"name":"wp","href":"https:\/\/api.w.org\/{rel}","templated":true}]}}