{"id":90916,"date":"2024-10-09T23:29:38","date_gmt":"2024-10-09T21:29:38","guid":{"rendered":"https:\/\/bien-etreiris.ch\/produktpraesentation\/gesundes-leben\/electrobiologie\/energie-cellulaire\/"},"modified":"2024-10-09T23:53:18","modified_gmt":"2024-10-09T21:53:18","slug":"energie-cellulaire","status":"publish","type":"page","link":"https:\/\/bien-etreiris.ch\/de\/produktpraesentation\/gesundes-leben\/electrobiologie\/energie-cellulaire\/","title":{"rendered":"ENERGIE CELLULAIRE"},"content":{"rendered":"<h2>Energie cellulaire<\/h2>\n<h4>La technologie i-like utilise pour cela<\/h4>\n<p><img loading=\"lazy\" decoding=\"async\" class=\"wp-image-90920 alignleft\" src=\"https:\/\/bien-etreiris.ch\/wp-content\/uploads\/2024\/10\/singne-energie-cellulaire-scaled.jpg\" alt=\"\" width=\"200\" height=\"200\" srcset=\"https:\/\/bien-etreiris.ch\/wp-content\/uploads\/2024\/10\/singne-energie-cellulaire-scaled.jpg 2560w, https:\/\/bien-etreiris.ch\/wp-content\/uploads\/2024\/10\/singne-energie-cellulaire-300x300.jpg 300w, https:\/\/bien-etreiris.ch\/wp-content\/uploads\/2024\/10\/singne-energie-cellulaire-1024x1024.jpg 1024w, https:\/\/bien-etreiris.ch\/wp-content\/uploads\/2024\/10\/singne-energie-cellulaire-150x150.jpg 150w, https:\/\/bien-etreiris.ch\/wp-content\/uploads\/2024\/10\/singne-energie-cellulaire-768x768.jpg 768w, https:\/\/bien-etreiris.ch\/wp-content\/uploads\/2024\/10\/singne-energie-cellulaire-1536x1536.jpg 1536w, https:\/\/bien-etreiris.ch\/wp-content\/uploads\/2024\/10\/singne-energie-cellulaire-2048x2048.jpg 2048w\" sizes=\"auto, (max-width: 200px) 100vw, 200px\" \/><\/p>\n<p>&nbsp;<\/p>\n<h4><b>Recharger l'\u00e9nergie des cellules<\/b><\/h4>\n<p>Gr\u00e2ce \u00e0 la fr\u00e9quence Schumann de 8 hertz, vous \u00e9tablissez une connexion avec la force originelle de la terre et rechargez vos cellules.<\/p>\n<h4>&nbsp;<\/h4>\n<h4>&nbsp;<\/h4>\n<h4>&nbsp;<\/h4>\n<h4><img loading=\"lazy\" decoding=\"async\" class=\"wp-image-90923 alignleft\" src=\"https:\/\/bien-etreiris.ch\/wp-content\/uploads\/2024\/10\/singne-information-cellulaire-scaled.jpg\" alt=\"\" width=\"200\" height=\"200\" srcset=\"https:\/\/bien-etreiris.ch\/wp-content\/uploads\/2024\/10\/singne-information-cellulaire-scaled.jpg 2560w, https:\/\/bien-etreiris.ch\/wp-content\/uploads\/2024\/10\/singne-information-cellulaire-300x300.jpg 300w, https:\/\/bien-etreiris.ch\/wp-content\/uploads\/2024\/10\/singne-information-cellulaire-1024x1024.jpg 1024w, https:\/\/bien-etreiris.ch\/wp-content\/uploads\/2024\/10\/singne-information-cellulaire-150x150.jpg 150w, https:\/\/bien-etreiris.ch\/wp-content\/uploads\/2024\/10\/singne-information-cellulaire-768x768.jpg 768w, https:\/\/bien-etreiris.ch\/wp-content\/uploads\/2024\/10\/singne-information-cellulaire-1536x1536.jpg 1536w, https:\/\/bien-etreiris.ch\/wp-content\/uploads\/2024\/10\/singne-information-cellulaire-2048x2048.jpg 2048w\" sizes=\"auto, (max-width: 200px) 100vw, 200px\" \/><\/h4>\n<h4>&nbsp;<\/h4>\n<h4><b>Renforcement de l'information cellulaire<\/b><\/h4>\n<p>Dans nos cellules sont stock\u00e9es les informations primaires de la vie. La technologie des fr\u00e9quences doit permettre de les renforcer.<\/p>\n<h4>&nbsp;<\/h4>\n<h4>&nbsp;<\/h4>\n<h4>&nbsp;<\/h4>\n<h4><img loading=\"lazy\" decoding=\"async\" class=\"wp-image-90926 alignleft\" src=\"https:\/\/bien-etreiris.ch\/wp-content\/uploads\/2024\/10\/singne-soutien-stress-scaled.jpg\" alt=\"\" width=\"200\" height=\"200\" srcset=\"https:\/\/bien-etreiris.ch\/wp-content\/uploads\/2024\/10\/singne-soutien-stress-scaled.jpg 2560w, https:\/\/bien-etreiris.ch\/wp-content\/uploads\/2024\/10\/singne-soutien-stress-300x300.jpg 300w, https:\/\/bien-etreiris.ch\/wp-content\/uploads\/2024\/10\/singne-soutien-stress-1024x1024.jpg 1024w, https:\/\/bien-etreiris.ch\/wp-content\/uploads\/2024\/10\/singne-soutien-stress-150x150.jpg 150w, https:\/\/bien-etreiris.ch\/wp-content\/uploads\/2024\/10\/singne-soutien-stress-768x768.jpg 768w, https:\/\/bien-etreiris.ch\/wp-content\/uploads\/2024\/10\/singne-soutien-stress-1536x1536.jpg 1536w, https:\/\/bien-etreiris.ch\/wp-content\/uploads\/2024\/10\/singne-soutien-stress-2048x2048.jpg 2048w\" sizes=\"auto, (max-width: 200px) 100vw, 200px\" \/><\/h4>\n<h4>&nbsp;<\/h4>\n<h4><b>Soutien en cas de stress<\/b><\/h4>\n<p>En renfor\u00e7ant votre bio-r\u00e9sistance, vous serez mieux arm\u00e9 pour faire face aux d\u00e9fis de notre \u00e9poque.<\/p>\n<p>&nbsp;<\/p>\n<p>&nbsp;<\/p>\n<p>&nbsp;<\/p>\n<p>&nbsp;<\/p>\n","protected":false},"excerpt":{"rendered":"<p>Energie cellulaire La technologie i-like utilise pour cela &nbsp; Recharger l'\u00e9nergie des cellules Gr\u00e2ce \u00e0 la fr\u00e9quence Schumann de 8 hertz, vous \u00e9tablissez une connexion avec la force originelle de la terre et rechargez vos cellules. &nbsp; &nbsp; &nbsp; &nbsp; Renforcement de l'information cellulaire Dans nos cellules sont stock\u00e9es les informations primaires de la vie. La technologie des fr\u00e9quences doit&nbsp;<a href=\"https:\/\/bien-etreiris.ch\/de\/produktpraesentation\/gesundes-leben\/electrobiologie\/energie-cellulaire\/\" class=\"read-more\">Weiter lesen<\/a><\/p>\n","protected":false},"author":1,"featured_media":90913,"parent":32553,"menu_order":1191,"comment_status":"closed","ping_status":"closed","template":"page-with-child.php","meta":{"_acf_changed":false,"ngg_post_thumbnail":0,"footnotes":""},"class_list":["post-90916","page","type-page","status-publish","has-post-thumbnail","hentry"],"acf":[],"yoast_head":"<!-- This site is optimized with the Yoast SEO plugin v27.5 - https:\/\/yoast.com\/product\/yoast-seo-wordpress\/ -->\n<title>ENERGIE CELLULAIRE - WOHLBEFINDEN<\/title>\n<meta name=\"robots\" content=\"index, follow, max-snippet:-1, max-image-preview:large, max-video-preview:-1\" \/>\n<link rel=\"canonical\" href=\"https:\/\/bien-etreiris.ch\/de\/produktpraesentation\/gesundes-leben\/electrobiologie\/energie-cellulaire\/\" \/>\n<meta property=\"og:locale\" content=\"de_DE\" \/>\n<meta property=\"og:type\" content=\"article\" \/>\n<meta property=\"og:title\" content=\"ENERGIE CELLULAIRE - WOHLBEFINDEN\" \/>\n<meta property=\"og:description\" content=\"Energie cellulaire La technologie i-like utilise pour cela &nbsp; Recharger l&#039;\u00e9nergie des cellules Gr\u00e2ce \u00e0 la fr\u00e9quence Schumann de 8 hertz, vous \u00e9tablissez une connexion avec la force originelle de la terre et rechargez vos cellules. &nbsp; &nbsp; &nbsp; &nbsp; Renforcement de l&#039;information cellulaire Dans nos cellules sont stock\u00e9es les informations primaires de la vie. La technologie des fr\u00e9quences doit&nbsp;Weiter lesen\" \/>\n<meta property=\"og:url\" content=\"https:\/\/bien-etreiris.ch\/de\/produktpraesentation\/gesundes-leben\/electrobiologie\/energie-cellulaire\/\" \/>\n<meta property=\"og:site_name\" content=\"WOHLBEFINDEN\" \/>\n<meta property=\"article:publisher\" content=\"https:\/\/www.facebook.com\/bienetreiris\/\" \/>\n<meta property=\"article:modified_time\" content=\"2024-10-09T21:53:18+00:00\" \/>\n<meta property=\"og:image\" content=\"https:\/\/bien-etreiris.ch\/wp-content\/uploads\/2024\/10\/acceuil-energie-cellulaire.jpg\" \/>\n\t<meta property=\"og:image:width\" content=\"500\" \/>\n\t<meta property=\"og:image:height\" content=\"333\" \/>\n\t<meta property=\"og:image:type\" content=\"image\/jpeg\" \/>\n<meta name=\"twitter:label1\" content=\"Gesch\u00e4tzte Lesezeit\" \/>\n\t<meta name=\"twitter:data1\" content=\"1\u00a0Minute\" \/>\n<script type=\"application\/ld+json\" class=\"yoast-schema-graph\">{\"@context\":\"https:\\\/\\\/schema.org\",\"@graph\":[{\"@type\":\"WebPage\",\"@id\":\"https:\\\/\\\/bien-etreiris.ch\\\/de\\\/produktpraesentation\\\/gesundes-leben\\\/electrobiologie\\\/energie-cellulaire\\\/\",\"url\":\"https:\\\/\\\/bien-etreiris.ch\\\/de\\\/produktpraesentation\\\/gesundes-leben\\\/electrobiologie\\\/energie-cellulaire\\\/\",\"name\":\"ENERGIE CELLULAIRE - WOHLBEFINDEN\",\"isPartOf\":{\"@id\":\"https:\\\/\\\/bien-etreiris.ch\\\/de\\\/#website\"},\"primaryImageOfPage\":{\"@id\":\"https:\\\/\\\/bien-etreiris.ch\\\/de\\\/produktpraesentation\\\/gesundes-leben\\\/electrobiologie\\\/energie-cellulaire\\\/#primaryimage\"},\"image\":{\"@id\":\"https:\\\/\\\/bien-etreiris.ch\\\/de\\\/produktpraesentation\\\/gesundes-leben\\\/electrobiologie\\\/energie-cellulaire\\\/#primaryimage\"},\"thumbnailUrl\":\"https:\\\/\\\/bien-etreiris.ch\\\/wp-content\\\/uploads\\\/2024\\\/10\\\/acceuil-energie-cellulaire.jpg\",\"datePublished\":\"2024-10-09T21:29:38+00:00\",\"dateModified\":\"2024-10-09T21:53:18+00:00\",\"breadcrumb\":{\"@id\":\"https:\\\/\\\/bien-etreiris.ch\\\/de\\\/produktpraesentation\\\/gesundes-leben\\\/electrobiologie\\\/energie-cellulaire\\\/#breadcrumb\"},\"inLanguage\":\"de\",\"potentialAction\":[{\"@type\":\"ReadAction\",\"target\":[\"https:\\\/\\\/bien-etreiris.ch\\\/de\\\/produktpraesentation\\\/gesundes-leben\\\/electrobiologie\\\/energie-cellulaire\\\/\"]}]},{\"@type\":\"ImageObject\",\"inLanguage\":\"de\",\"@id\":\"https:\\\/\\\/bien-etreiris.ch\\\/de\\\/produktpraesentation\\\/gesundes-leben\\\/electrobiologie\\\/energie-cellulaire\\\/#primaryimage\",\"url\":\"https:\\\/\\\/bien-etreiris.ch\\\/wp-content\\\/uploads\\\/2024\\\/10\\\/acceuil-energie-cellulaire.jpg\",\"contentUrl\":\"https:\\\/\\\/bien-etreiris.ch\\\/wp-content\\\/uploads\\\/2024\\\/10\\\/acceuil-energie-cellulaire.jpg\",\"width\":500,\"height\":333},{\"@type\":\"BreadcrumbList\",\"@id\":\"https:\\\/\\\/bien-etreiris.ch\\\/de\\\/produktpraesentation\\\/gesundes-leben\\\/electrobiologie\\\/energie-cellulaire\\\/#breadcrumb\",\"itemListElement\":[{\"@type\":\"ListItem\",\"position\":1,\"name\":\"Home\",\"item\":\"https:\\\/\\\/bien-etreiris.ch\\\/de\\\/\"},{\"@type\":\"ListItem\",\"position\":2,\"name\":\"PRODUKTPR\u00c4SENTATION\",\"item\":\"https:\\\/\\\/bien-etreiris.ch\\\/de\\\/produktpraesentation\\\/\"},{\"@type\":\"ListItem\",\"position\":3,\"name\":\"GESUNDES LEBEN\",\"item\":\"https:\\\/\\\/bien-etreiris.ch\\\/de\\\/produktpraesentation\\\/gesundes-leben\\\/\"},{\"@type\":\"ListItem\",\"position\":4,\"name\":\"ELECTROBIOLOGIE\",\"item\":\"https:\\\/\\\/bien-etreiris.ch\\\/de\\\/produktpraesentation\\\/gesundes-leben\\\/electrobiologie\\\/\"},{\"@type\":\"ListItem\",\"position\":5,\"name\":\"ENERGIE CELLULAIRE\"}]},{\"@type\":\"WebSite\",\"@id\":\"https:\\\/\\\/bien-etreiris.ch\\\/de\\\/#website\",\"url\":\"https:\\\/\\\/bien-etreiris.ch\\\/de\\\/\",\"name\":\"Bien-\u00eatre Iris\",\"description\":\"IHRE Gesundheit ist uns wichtig\",\"potentialAction\":[{\"@type\":\"SearchAction\",\"target\":{\"@type\":\"EntryPoint\",\"urlTemplate\":\"https:\\\/\\\/bien-etreiris.ch\\\/de\\\/?s={search_term_string}\"},\"query-input\":{\"@type\":\"PropertyValueSpecification\",\"valueRequired\":true,\"valueName\":\"search_term_string\"}}],\"inLanguage\":\"de\"}]}<\/script>\n<!-- \/ Yoast SEO plugin. -->","yoast_head_json":{"title":"ENERGIE CELLULAIRE - WOHLBEFINDEN","robots":{"index":"index","follow":"follow","max-snippet":"max-snippet:-1","max-image-preview":"max-image-preview:large","max-video-preview":"max-video-preview:-1"},"canonical":"https:\/\/bien-etreiris.ch\/de\/produktpraesentation\/gesundes-leben\/electrobiologie\/energie-cellulaire\/","og_locale":"de_DE","og_type":"article","og_title":"ENERGIE CELLULAIRE - WOHLBEFINDEN","og_description":"Energie cellulaire La technologie i-like utilise pour cela &nbsp; Recharger l'\u00e9nergie des cellules Gr\u00e2ce \u00e0 la fr\u00e9quence Schumann de 8 hertz, vous \u00e9tablissez une connexion avec la force originelle de la terre et rechargez vos cellules. &nbsp; &nbsp; &nbsp; &nbsp; Renforcement de l'information cellulaire Dans nos cellules sont stock\u00e9es les informations primaires de la vie. La technologie des fr\u00e9quences doit&nbsp;Weiter lesen","og_url":"https:\/\/bien-etreiris.ch\/de\/produktpraesentation\/gesundes-leben\/electrobiologie\/energie-cellulaire\/","og_site_name":"WOHLBEFINDEN","article_publisher":"https:\/\/www.facebook.com\/bienetreiris\/","article_modified_time":"2024-10-09T21:53:18+00:00","og_image":[{"width":500,"height":333,"url":"https:\/\/bien-etreiris.ch\/wp-content\/uploads\/2024\/10\/acceuil-energie-cellulaire.jpg","type":"image\/jpeg"}],"twitter_misc":{"Gesch\u00e4tzte Lesezeit":"1\u00a0Minute"},"schema":{"@context":"https:\/\/schema.org","@graph":[{"@type":"WebPage","@id":"https:\/\/bien-etreiris.ch\/de\/produktpraesentation\/gesundes-leben\/electrobiologie\/energie-cellulaire\/","url":"https:\/\/bien-etreiris.ch\/de\/produktpraesentation\/gesundes-leben\/electrobiologie\/energie-cellulaire\/","name":"ENERGIE CELLULAIRE - WOHLBEFINDEN","isPartOf":{"@id":"https:\/\/bien-etreiris.ch\/de\/#website"},"primaryImageOfPage":{"@id":"https:\/\/bien-etreiris.ch\/de\/produktpraesentation\/gesundes-leben\/electrobiologie\/energie-cellulaire\/#primaryimage"},"image":{"@id":"https:\/\/bien-etreiris.ch\/de\/produktpraesentation\/gesundes-leben\/electrobiologie\/energie-cellulaire\/#primaryimage"},"thumbnailUrl":"https:\/\/bien-etreiris.ch\/wp-content\/uploads\/2024\/10\/acceuil-energie-cellulaire.jpg","datePublished":"2024-10-09T21:29:38+00:00","dateModified":"2024-10-09T21:53:18+00:00","breadcrumb":{"@id":"https:\/\/bien-etreiris.ch\/de\/produktpraesentation\/gesundes-leben\/electrobiologie\/energie-cellulaire\/#breadcrumb"},"inLanguage":"de","potentialAction":[{"@type":"ReadAction","target":["https:\/\/bien-etreiris.ch\/de\/produktpraesentation\/gesundes-leben\/electrobiologie\/energie-cellulaire\/"]}]},{"@type":"ImageObject","inLanguage":"de","@id":"https:\/\/bien-etreiris.ch\/de\/produktpraesentation\/gesundes-leben\/electrobiologie\/energie-cellulaire\/#primaryimage","url":"https:\/\/bien-etreiris.ch\/wp-content\/uploads\/2024\/10\/acceuil-energie-cellulaire.jpg","contentUrl":"https:\/\/bien-etreiris.ch\/wp-content\/uploads\/2024\/10\/acceuil-energie-cellulaire.jpg","width":500,"height":333},{"@type":"BreadcrumbList","@id":"https:\/\/bien-etreiris.ch\/de\/produktpraesentation\/gesundes-leben\/electrobiologie\/energie-cellulaire\/#breadcrumb","itemListElement":[{"@type":"ListItem","position":1,"name":"Home","item":"https:\/\/bien-etreiris.ch\/de\/"},{"@type":"ListItem","position":2,"name":"PRODUKTPR\u00c4SENTATION","item":"https:\/\/bien-etreiris.ch\/de\/produktpraesentation\/"},{"@type":"ListItem","position":3,"name":"GESUNDES LEBEN","item":"https:\/\/bien-etreiris.ch\/de\/produktpraesentation\/gesundes-leben\/"},{"@type":"ListItem","position":4,"name":"ELECTROBIOLOGIE","item":"https:\/\/bien-etreiris.ch\/de\/produktpraesentation\/gesundes-leben\/electrobiologie\/"},{"@type":"ListItem","position":5,"name":"ENERGIE CELLULAIRE"}]},{"@type":"WebSite","@id":"https:\/\/bien-etreiris.ch\/de\/#website","url":"https:\/\/bien-etreiris.ch\/de\/","name":"Bien-\u00eatre Iris","description":"IHRE Gesundheit ist uns wichtig","potentialAction":[{"@type":"SearchAction","target":{"@type":"EntryPoint","urlTemplate":"https:\/\/bien-etreiris.ch\/de\/?s={search_term_string}"},"query-input":{"@type":"PropertyValueSpecification","valueRequired":true,"valueName":"search_term_string"}}],"inLanguage":"de"}]}},"_links":{"self":[{"href":"https:\/\/bien-etreiris.ch\/de\/wp-json\/wp\/v2\/pages\/90916","targetHints":{"allow":["GET"]}}],"collection":[{"href":"https:\/\/bien-etreiris.ch\/de\/wp-json\/wp\/v2\/pages"}],"about":[{"href":"https:\/\/bien-etreiris.ch\/de\/wp-json\/wp\/v2\/types\/page"}],"author":[{"embeddable":true,"href":"https:\/\/bien-etreiris.ch\/de\/wp-json\/wp\/v2\/users\/1"}],"replies":[{"embeddable":true,"href":"https:\/\/bien-etreiris.ch\/de\/wp-json\/wp\/v2\/comments?post=90916"}],"version-history":[{"count":2,"href":"https:\/\/bien-etreiris.ch\/de\/wp-json\/wp\/v2\/pages\/90916\/revisions"}],"predecessor-version":[{"id":90931,"href":"https:\/\/bien-etreiris.ch\/de\/wp-json\/wp\/v2\/pages\/90916\/revisions\/90931"}],"up":[{"embeddable":true,"href":"https:\/\/bien-etreiris.ch\/de\/wp-json\/wp\/v2\/pages\/32553"}],"wp:featuredmedia":[{"embeddable":true,"href":"https:\/\/bien-etreiris.ch\/de\/wp-json\/wp\/v2\/media\/90913"}],"wp:attachment":[{"href":"https:\/\/bien-etreiris.ch\/de\/wp-json\/wp\/v2\/media?parent=90916"}],"curies":[{"name":"wp","href":"https:\/\/api.w.org\/{rel}","templated":true}]}}