{"id":90887,"date":"2024-10-09T21:13:14","date_gmt":"2024-10-09T19:13:14","guid":{"rendered":"https:\/\/bien-etreiris.ch\/wear\/"},"modified":"2024-10-12T22:15:12","modified_gmt":"2024-10-12T20:15:12","slug":"swiss-shield-wear","status":"publish","type":"page","link":"https:\/\/bien-etreiris.ch\/de\/produktpraesentation\/gesundes-leben\/electrobiologie\/proteger-eviter\/tissus-de-protection\/swiss-shield-wear\/","title":{"rendered":"WEAR"},"content":{"rendered":"<h2>Swiss Shield Wear 150 cm 25 dB (99,5 % de protection) pour les v\u00eatements, les sacs de couchage, etc<\/h2>\n<div class=\"wsw-product-breadcrumbs\">\n<div class=\"wsw-breadcrumb-block\">&nbsp;<\/div>\n<\/div>\n<div class=\"wsw-product-description\">\n<p><img loading=\"lazy\" decoding=\"async\" class=\"wp-image-91240 alignleft\" src=\"https:\/\/bien-etreiris.ch\/wp-content\/uploads\/2024\/10\/acceuil-wear-1.jpg\" alt=\"\" width=\"372\" height=\"248\" srcset=\"https:\/\/bien-etreiris.ch\/wp-content\/uploads\/2024\/10\/acceuil-wear-1.jpg 500w, https:\/\/bien-etreiris.ch\/wp-content\/uploads\/2024\/10\/acceuil-wear-1-300x200.jpg 300w\" sizes=\"auto, (max-width: 372px) 100vw, 372px\" \/><\/p>\n<p>&nbsp;<\/p>\n<p>&nbsp;<\/p>\n<p>Tissu Wear M\u00e8tre lin\u00e9aire \u00e0 150 cm de largeur CHF 80.00<\/p>\n<p>Couleur naturelle (\u00e9cru\/blanc) Poids 115 g\/m2<\/p>\n<p>Att\u00e9nuation du blindage 25 dB (99,5 % d'effet de blindage) \u00e0 1 Ghz Tissu en coton l\u00e9ger de haute qualit\u00e9 avec toutes les propri\u00e9t\u00e9s textiles.<\/p>\n<\/div>\n<p>&nbsp;<\/p>\n<p>&nbsp;<\/p>\n<div class=\"wsw-product-description\">\n<h4>Tissu d'habillement Swiss Shield Wear<\/h4>\n<p><strong>Quantit\u00e9 minimale de commande : 1 m\u00e8tre courant.<\/strong><\/p>\n<p>Att\u00e9nuation du blindage Swiss Shield Wear: 25 dB, double couche 39 dB \u00e0 1 Ghz.<\/p>\n<p><strong>Rapport de test Wear<\/strong><\/p>\n<h4>Mat\u00e9riau<\/h4>\n<p>Coton, 10% de fil de cuivre \/ argent<\/p>\n<p>Fibre de coton avec un fil de cuivre fil\u00e9 tr\u00e8s fin de 0,02 mm argent\u00e9 et laqu\u00e9 PU.<\/p>\n<h4>Surface<\/h4>\n<p>Non conducteur (laqu\u00e9 PU)<\/p>\n<h4>Type<\/h4>\n<p>Tissu - textile d\u00e9coratif<\/p>\n<h4>Description<\/h4>\n<p>Tissu en coton l\u00e9ger de haute qualit\u00e9 avec toutes les propri\u00e9t\u00e9s textiles.<\/p>\n<h4>Test<\/h4>\n<p>Oeko-Test 100 Cl. 1 (sous-v\u00eatements pour b\u00e9b\u00e9s) Institut suisse de recherche textile STR, Prof. Dipl.-Ing. P. Pauli\/Universit\u00e9 de l'arm\u00e9e allemande Munich selon MIL-STD 285 et IEEE-Standard 299-1997<\/p>\n<h4>Application<\/h4>\n<p>V\u00eatements, literie, sac de couchage<\/p>\n<h4>Entretien<\/h4>\n<p>Lavage en douceur \u00e0 30\u00b0C | Repassage sans vapeur \u00e0 l'\u00e9tape 1 | Ne pas s\u00e9cher au s\u00e8che-linge | Ne pas blanchir | Ne pas nettoyer \u00e0 sec |<\/p>\n<p>&nbsp;<\/p>\n<h4>Blindage Att\u00e9nuation du blindage<strong>: <\/strong><\/h4>\n<ul style=\"list-style-type: disc;\">\n<li>GSM 900 MHz 26 dB\/26 d<\/li>\n<li>GSM 1.8 GHz 24 dB\/24 d<\/li>\n<li>Blue Tooth\/WLAN 2.45 GHz 21 dB\/22 d<\/li>\n<li>WLAN new Gen. 5.8 GHz 17 dB\/16 d<\/li>\n<li>Radar bande X 9.5 GHz 12 dB\/10 d<br>\n<h4><strong>Att\u00e9nuation en dB \/ % <\/strong><\/h4>\n<\/li>\n<\/ul>\n<p>&nbsp;<\/p>\n<ul style=\"list-style-type: disc;\">\n<li>10 dB = 90 %<\/li>\n<li>20 dB = 99 %<\/li>\n<li>30 dB = 99.9 %<\/li>\n<li>40 dB = 99.99 %<\/li>\n<li>50 dB = 99.999 %<\/li>\n<li>60 dB = 99.999 %<\/li>\n<\/ul>\n<p>&nbsp;<\/p>\n<p>Les fils <a href=\"https:\/\/bien-etreiris.ch\/de\/unsere-marken\/swiss-shield\/\" target=\"_blank\" rel=\"noopener\"><span style=\"color: #99cc00;\">Swiss Shield<\/span><\/a> Wear, qui sont transform\u00e9s en textiles, assurent une protection efficace contre les champs \u00e9lectromagn\u00e9tiques, il prot\u00e8ge \u00e0 plus de 99% \u00e0 1,9 GHz contre les ondes \u00e9lectromagn\u00e9tiques.<\/p>\n<h4>M\u00eame apr\u00e8s un long port et un lavage<\/h4>\n<p>Le fil de cuivre argent\u00e9 et laqu\u00e9 PU est recouvert de coton et n'est donc pas en contact avec le corps.<\/p>\n<p>Mais Swiss Shield Wear ne convainc pas seulement par son efficacit\u00e9 scientifiquement prouv\u00e9e<\/p>\n<p>Le tissu r\u00e9pond \u00e9galement aux exigences esth\u00e9tiques les plus \u00e9lev\u00e9es. Il se caract\u00e9rise par sa l\u00e9g\u00e8ret\u00e9, sa brillance \u00e9l\u00e9gante et son toucher doux et velout\u00e9.<\/p>\n<p>Le nom <a href=\"https:\/\/bien-etreiris.ch\/de\/unsere-marken\/swiss-shield\/\" target=\"_blank\" rel=\"noopener\"><span style=\"color: #99cc00;\">Swiss Shield\u00ae<\/span><\/a> est synonyme de fils high-tech uniques au monde, brevet\u00e9s et dot\u00e9s de propri\u00e9t\u00e9s particuli\u00e8res.<\/p>\n<\/div>\n<p>&nbsp;<\/p>\n\n\n\n","protected":false},"excerpt":{"rendered":"<p>Swiss Shield Wear 150 cm 25 dB (99,5 % de protection) pour les v\u00eatements, les sacs de couchage, etc &nbsp; &nbsp; &nbsp; Tissu Wear M\u00e8tre lin\u00e9aire \u00e0 150 cm de largeur CHF 80.00 Couleur naturelle (\u00e9cru\/blanc) Poids 115 g\/m2 Att\u00e9nuation du blindage 25 dB (99,5 % d'effet de blindage) \u00e0 1 Ghz Tissu en coton l\u00e9ger de haute qualit\u00e9 avec&nbsp;<a href=\"https:\/\/bien-etreiris.ch\/de\/produktpraesentation\/gesundes-leben\/electrobiologie\/proteger-eviter\/tissus-de-protection\/swiss-shield-wear\/\" class=\"read-more\">Weiter lesen<\/a><\/p>\n","protected":false},"author":1,"featured_media":90884,"parent":90842,"menu_order":1197,"comment_status":"closed","ping_status":"closed","template":"page-with-child.php","meta":{"_acf_changed":false,"ngg_post_thumbnail":0,"footnotes":""},"class_list":["post-90887","page","type-page","status-publish","has-post-thumbnail","hentry"],"acf":[],"yoast_head":"<!-- This site is optimized with the Yoast SEO plugin v27.5 - https:\/\/yoast.com\/product\/yoast-seo-wordpress\/ -->\n<title>WEAR - WOHLBEFINDEN<\/title>\n<meta name=\"robots\" content=\"index, follow, max-snippet:-1, max-image-preview:large, max-video-preview:-1\" \/>\n<link rel=\"canonical\" href=\"https:\/\/bien-etreiris.ch\/de\/produktpraesentation\/gesundes-leben\/electrobiologie\/proteger-eviter\/tissus-de-protection\/swiss-shield-wear\/\" \/>\n<meta property=\"og:locale\" content=\"de_DE\" \/>\n<meta property=\"og:type\" content=\"article\" \/>\n<meta property=\"og:title\" content=\"WEAR - WOHLBEFINDEN\" \/>\n<meta property=\"og:description\" content=\"Swiss Shield Wear 150 cm 25 dB (99,5 % de protection) pour les v\u00eatements, les sacs de couchage, etc &nbsp; &nbsp; &nbsp; Tissu Wear M\u00e8tre lin\u00e9aire \u00e0 150 cm de largeur CHF 80.00 Couleur naturelle (\u00e9cru\/blanc) Poids 115 g\/m2 Att\u00e9nuation du blindage 25 dB (99,5 % d&#039;effet de blindage) \u00e0 1 Ghz Tissu en coton l\u00e9ger de haute qualit\u00e9 avec&nbsp;Weiter lesen\" \/>\n<meta property=\"og:url\" content=\"https:\/\/bien-etreiris.ch\/de\/produktpraesentation\/gesundes-leben\/electrobiologie\/proteger-eviter\/tissus-de-protection\/swiss-shield-wear\/\" \/>\n<meta property=\"og:site_name\" content=\"WOHLBEFINDEN\" \/>\n<meta property=\"article:publisher\" content=\"https:\/\/www.facebook.com\/bienetreiris\/\" \/>\n<meta property=\"article:modified_time\" content=\"2024-10-12T20:15:12+00:00\" \/>\n<meta property=\"og:image\" content=\"https:\/\/bien-etreiris.ch\/wp-content\/uploads\/2024\/10\/acceuil-wear.jpg\" \/>\n\t<meta property=\"og:image:width\" content=\"500\" \/>\n\t<meta property=\"og:image:height\" content=\"333\" \/>\n\t<meta property=\"og:image:type\" content=\"image\/jpeg\" \/>\n<meta name=\"twitter:label1\" content=\"Gesch\u00e4tzte Lesezeit\" \/>\n\t<meta name=\"twitter:data1\" content=\"1\u00a0Minute\" \/>\n<script type=\"application\/ld+json\" class=\"yoast-schema-graph\">{\"@context\":\"https:\\\/\\\/schema.org\",\"@graph\":[{\"@type\":\"WebPage\",\"@id\":\"https:\\\/\\\/bien-etreiris.ch\\\/de\\\/produktpraesentation\\\/gesundes-leben\\\/electrobiologie\\\/proteger-eviter\\\/tissus-de-protection\\\/swiss-shield-wear\\\/\",\"url\":\"https:\\\/\\\/bien-etreiris.ch\\\/de\\\/produktpraesentation\\\/gesundes-leben\\\/electrobiologie\\\/proteger-eviter\\\/tissus-de-protection\\\/swiss-shield-wear\\\/\",\"name\":\"WEAR - WOHLBEFINDEN\",\"isPartOf\":{\"@id\":\"https:\\\/\\\/bien-etreiris.ch\\\/de\\\/#website\"},\"primaryImageOfPage\":{\"@id\":\"https:\\\/\\\/bien-etreiris.ch\\\/de\\\/produktpraesentation\\\/gesundes-leben\\\/electrobiologie\\\/proteger-eviter\\\/tissus-de-protection\\\/swiss-shield-wear\\\/#primaryimage\"},\"image\":{\"@id\":\"https:\\\/\\\/bien-etreiris.ch\\\/de\\\/produktpraesentation\\\/gesundes-leben\\\/electrobiologie\\\/proteger-eviter\\\/tissus-de-protection\\\/swiss-shield-wear\\\/#primaryimage\"},\"thumbnailUrl\":\"https:\\\/\\\/bien-etreiris.ch\\\/wp-content\\\/uploads\\\/2024\\\/10\\\/acceuil-wear.jpg\",\"datePublished\":\"2024-10-09T19:13:14+00:00\",\"dateModified\":\"2024-10-12T20:15:12+00:00\",\"breadcrumb\":{\"@id\":\"https:\\\/\\\/bien-etreiris.ch\\\/de\\\/produktpraesentation\\\/gesundes-leben\\\/electrobiologie\\\/proteger-eviter\\\/tissus-de-protection\\\/swiss-shield-wear\\\/#breadcrumb\"},\"inLanguage\":\"de\",\"potentialAction\":[{\"@type\":\"ReadAction\",\"target\":[\"https:\\\/\\\/bien-etreiris.ch\\\/de\\\/produktpraesentation\\\/gesundes-leben\\\/electrobiologie\\\/proteger-eviter\\\/tissus-de-protection\\\/swiss-shield-wear\\\/\"]}]},{\"@type\":\"ImageObject\",\"inLanguage\":\"de\",\"@id\":\"https:\\\/\\\/bien-etreiris.ch\\\/de\\\/produktpraesentation\\\/gesundes-leben\\\/electrobiologie\\\/proteger-eviter\\\/tissus-de-protection\\\/swiss-shield-wear\\\/#primaryimage\",\"url\":\"https:\\\/\\\/bien-etreiris.ch\\\/wp-content\\\/uploads\\\/2024\\\/10\\\/acceuil-wear.jpg\",\"contentUrl\":\"https:\\\/\\\/bien-etreiris.ch\\\/wp-content\\\/uploads\\\/2024\\\/10\\\/acceuil-wear.jpg\",\"width\":500,\"height\":333},{\"@type\":\"BreadcrumbList\",\"@id\":\"https:\\\/\\\/bien-etreiris.ch\\\/de\\\/produktpraesentation\\\/gesundes-leben\\\/electrobiologie\\\/proteger-eviter\\\/tissus-de-protection\\\/swiss-shield-wear\\\/#breadcrumb\",\"itemListElement\":[{\"@type\":\"ListItem\",\"position\":1,\"name\":\"Home\",\"item\":\"https:\\\/\\\/bien-etreiris.ch\\\/de\\\/\"},{\"@type\":\"ListItem\",\"position\":2,\"name\":\"PRODUKTPR\u00c4SENTATION\",\"item\":\"https:\\\/\\\/bien-etreiris.ch\\\/de\\\/produktpraesentation\\\/\"},{\"@type\":\"ListItem\",\"position\":3,\"name\":\"GESUNDES LEBEN\",\"item\":\"https:\\\/\\\/bien-etreiris.ch\\\/de\\\/produktpraesentation\\\/gesundes-leben\\\/\"},{\"@type\":\"ListItem\",\"position\":4,\"name\":\"ELECTROBIOLOGIE\",\"item\":\"https:\\\/\\\/bien-etreiris.ch\\\/de\\\/produktpraesentation\\\/gesundes-leben\\\/electrobiologie\\\/\"},{\"@type\":\"ListItem\",\"position\":5,\"name\":\"PROTEGER-EVITER\",\"item\":\"https:\\\/\\\/bien-etreiris.ch\\\/de\\\/produktpraesentation\\\/gesundes-leben\\\/electrobiologie\\\/proteger-eviter\\\/\"},{\"@type\":\"ListItem\",\"position\":6,\"name\":\"TISSUS\",\"item\":\"https:\\\/\\\/bien-etreiris.ch\\\/de\\\/produktpraesentation\\\/gesundes-leben\\\/electrobiologie\\\/proteger-eviter\\\/tissus-de-protection\\\/\"},{\"@type\":\"ListItem\",\"position\":7,\"name\":\"WEAR\"}]},{\"@type\":\"WebSite\",\"@id\":\"https:\\\/\\\/bien-etreiris.ch\\\/de\\\/#website\",\"url\":\"https:\\\/\\\/bien-etreiris.ch\\\/de\\\/\",\"name\":\"Bien-\u00eatre Iris\",\"description\":\"IHRE Gesundheit ist uns wichtig\",\"potentialAction\":[{\"@type\":\"SearchAction\",\"target\":{\"@type\":\"EntryPoint\",\"urlTemplate\":\"https:\\\/\\\/bien-etreiris.ch\\\/de\\\/?s={search_term_string}\"},\"query-input\":{\"@type\":\"PropertyValueSpecification\",\"valueRequired\":true,\"valueName\":\"search_term_string\"}}],\"inLanguage\":\"de\"}]}<\/script>\n<!-- \/ Yoast SEO plugin. -->","yoast_head_json":{"title":"WEAR - WOHLBEFINDEN","robots":{"index":"index","follow":"follow","max-snippet":"max-snippet:-1","max-image-preview":"max-image-preview:large","max-video-preview":"max-video-preview:-1"},"canonical":"https:\/\/bien-etreiris.ch\/de\/produktpraesentation\/gesundes-leben\/electrobiologie\/proteger-eviter\/tissus-de-protection\/swiss-shield-wear\/","og_locale":"de_DE","og_type":"article","og_title":"WEAR - WOHLBEFINDEN","og_description":"Swiss Shield Wear 150 cm 25 dB (99,5 % de protection) pour les v\u00eatements, les sacs de couchage, etc &nbsp; &nbsp; &nbsp; Tissu Wear M\u00e8tre lin\u00e9aire \u00e0 150 cm de largeur CHF 80.00 Couleur naturelle (\u00e9cru\/blanc) Poids 115 g\/m2 Att\u00e9nuation du blindage 25 dB (99,5 % d'effet de blindage) \u00e0 1 Ghz Tissu en coton l\u00e9ger de haute qualit\u00e9 avec&nbsp;Weiter lesen","og_url":"https:\/\/bien-etreiris.ch\/de\/produktpraesentation\/gesundes-leben\/electrobiologie\/proteger-eviter\/tissus-de-protection\/swiss-shield-wear\/","og_site_name":"WOHLBEFINDEN","article_publisher":"https:\/\/www.facebook.com\/bienetreiris\/","article_modified_time":"2024-10-12T20:15:12+00:00","og_image":[{"width":500,"height":333,"url":"https:\/\/bien-etreiris.ch\/wp-content\/uploads\/2024\/10\/acceuil-wear.jpg","type":"image\/jpeg"}],"twitter_misc":{"Gesch\u00e4tzte Lesezeit":"1\u00a0Minute"},"schema":{"@context":"https:\/\/schema.org","@graph":[{"@type":"WebPage","@id":"https:\/\/bien-etreiris.ch\/de\/produktpraesentation\/gesundes-leben\/electrobiologie\/proteger-eviter\/tissus-de-protection\/swiss-shield-wear\/","url":"https:\/\/bien-etreiris.ch\/de\/produktpraesentation\/gesundes-leben\/electrobiologie\/proteger-eviter\/tissus-de-protection\/swiss-shield-wear\/","name":"WEAR - WOHLBEFINDEN","isPartOf":{"@id":"https:\/\/bien-etreiris.ch\/de\/#website"},"primaryImageOfPage":{"@id":"https:\/\/bien-etreiris.ch\/de\/produktpraesentation\/gesundes-leben\/electrobiologie\/proteger-eviter\/tissus-de-protection\/swiss-shield-wear\/#primaryimage"},"image":{"@id":"https:\/\/bien-etreiris.ch\/de\/produktpraesentation\/gesundes-leben\/electrobiologie\/proteger-eviter\/tissus-de-protection\/swiss-shield-wear\/#primaryimage"},"thumbnailUrl":"https:\/\/bien-etreiris.ch\/wp-content\/uploads\/2024\/10\/acceuil-wear.jpg","datePublished":"2024-10-09T19:13:14+00:00","dateModified":"2024-10-12T20:15:12+00:00","breadcrumb":{"@id":"https:\/\/bien-etreiris.ch\/de\/produktpraesentation\/gesundes-leben\/electrobiologie\/proteger-eviter\/tissus-de-protection\/swiss-shield-wear\/#breadcrumb"},"inLanguage":"de","potentialAction":[{"@type":"ReadAction","target":["https:\/\/bien-etreiris.ch\/de\/produktpraesentation\/gesundes-leben\/electrobiologie\/proteger-eviter\/tissus-de-protection\/swiss-shield-wear\/"]}]},{"@type":"ImageObject","inLanguage":"de","@id":"https:\/\/bien-etreiris.ch\/de\/produktpraesentation\/gesundes-leben\/electrobiologie\/proteger-eviter\/tissus-de-protection\/swiss-shield-wear\/#primaryimage","url":"https:\/\/bien-etreiris.ch\/wp-content\/uploads\/2024\/10\/acceuil-wear.jpg","contentUrl":"https:\/\/bien-etreiris.ch\/wp-content\/uploads\/2024\/10\/acceuil-wear.jpg","width":500,"height":333},{"@type":"BreadcrumbList","@id":"https:\/\/bien-etreiris.ch\/de\/produktpraesentation\/gesundes-leben\/electrobiologie\/proteger-eviter\/tissus-de-protection\/swiss-shield-wear\/#breadcrumb","itemListElement":[{"@type":"ListItem","position":1,"name":"Home","item":"https:\/\/bien-etreiris.ch\/de\/"},{"@type":"ListItem","position":2,"name":"PRODUKTPR\u00c4SENTATION","item":"https:\/\/bien-etreiris.ch\/de\/produktpraesentation\/"},{"@type":"ListItem","position":3,"name":"GESUNDES LEBEN","item":"https:\/\/bien-etreiris.ch\/de\/produktpraesentation\/gesundes-leben\/"},{"@type":"ListItem","position":4,"name":"ELECTROBIOLOGIE","item":"https:\/\/bien-etreiris.ch\/de\/produktpraesentation\/gesundes-leben\/electrobiologie\/"},{"@type":"ListItem","position":5,"name":"PROTEGER-EVITER","item":"https:\/\/bien-etreiris.ch\/de\/produktpraesentation\/gesundes-leben\/electrobiologie\/proteger-eviter\/"},{"@type":"ListItem","position":6,"name":"TISSUS","item":"https:\/\/bien-etreiris.ch\/de\/produktpraesentation\/gesundes-leben\/electrobiologie\/proteger-eviter\/tissus-de-protection\/"},{"@type":"ListItem","position":7,"name":"WEAR"}]},{"@type":"WebSite","@id":"https:\/\/bien-etreiris.ch\/de\/#website","url":"https:\/\/bien-etreiris.ch\/de\/","name":"Bien-\u00eatre Iris","description":"IHRE Gesundheit ist uns wichtig","potentialAction":[{"@type":"SearchAction","target":{"@type":"EntryPoint","urlTemplate":"https:\/\/bien-etreiris.ch\/de\/?s={search_term_string}"},"query-input":{"@type":"PropertyValueSpecification","valueRequired":true,"valueName":"search_term_string"}}],"inLanguage":"de"}]}},"_links":{"self":[{"href":"https:\/\/bien-etreiris.ch\/de\/wp-json\/wp\/v2\/pages\/90887","targetHints":{"allow":["GET"]}}],"collection":[{"href":"https:\/\/bien-etreiris.ch\/de\/wp-json\/wp\/v2\/pages"}],"about":[{"href":"https:\/\/bien-etreiris.ch\/de\/wp-json\/wp\/v2\/types\/page"}],"author":[{"embeddable":true,"href":"https:\/\/bien-etreiris.ch\/de\/wp-json\/wp\/v2\/users\/1"}],"replies":[{"embeddable":true,"href":"https:\/\/bien-etreiris.ch\/de\/wp-json\/wp\/v2\/comments?post=90887"}],"version-history":[{"count":3,"href":"https:\/\/bien-etreiris.ch\/de\/wp-json\/wp\/v2\/pages\/90887\/revisions"}],"predecessor-version":[{"id":91248,"href":"https:\/\/bien-etreiris.ch\/de\/wp-json\/wp\/v2\/pages\/90887\/revisions\/91248"}],"up":[{"embeddable":true,"href":"https:\/\/bien-etreiris.ch\/de\/wp-json\/wp\/v2\/pages\/90842"}],"wp:featuredmedia":[{"embeddable":true,"href":"https:\/\/bien-etreiris.ch\/de\/wp-json\/wp\/v2\/media\/90884"}],"wp:attachment":[{"href":"https:\/\/bien-etreiris.ch\/de\/wp-json\/wp\/v2\/media?parent=90887"}],"curies":[{"name":"wp","href":"https:\/\/api.w.org\/{rel}","templated":true}]}}