{"id":90868,"date":"2024-10-09T20:56:10","date_gmt":"2024-10-09T18:56:10","guid":{"rendered":"https:\/\/bien-etreiris.ch\/swiss-shield-naturell\/"},"modified":"2024-10-09T21:00:44","modified_gmt":"2024-10-09T19:00:44","slug":"swiss-shield-naturell","status":"publish","type":"page","link":"https:\/\/bien-etreiris.ch\/de\/produktpraesentation\/gesundes-leben\/electrobiologie\/proteger-eviter\/tissus-de-protection\/swiss-shield-naturell\/","title":{"rendered":"NATURELL"},"content":{"rendered":"<h2>Swiss Shield Naturell pour rideaux, s\u00e9parations de pi\u00e8ces ou baldaquins, tr\u00e8s bon blindage<\/h2>\n<p>&nbsp;<\/p>\n<p><a href=\"https:\/\/bien-etreiris.ch\/de\/unsere-marken\/swiss-shield\/\" target=\"_blank\" rel=\"noopener\"><img loading=\"lazy\" decoding=\"async\" class=\"size-full wp-image-90853 alignleft\" src=\"https:\/\/bien-etreiris.ch\/wp-content\/uploads\/2024\/10\/Swiss-Shield-Naturell-1.jpg\" alt=\"\" width=\"450\" height=\"317\" srcset=\"https:\/\/bien-etreiris.ch\/wp-content\/uploads\/2024\/10\/Swiss-Shield-Naturell-1.jpg 450w, https:\/\/bien-etreiris.ch\/wp-content\/uploads\/2024\/10\/Swiss-Shield-Naturell-1-300x211.jpg 300w\" sizes=\"auto, (max-width: 450px) 100vw, 450px\" \/><\/a><\/p>\n<p>&nbsp;<\/p>\n<p><span style=\"color: #99cc00;\"><a style=\"color: #99cc00;\" href=\"https:\/\/bien-etreiris.ch\/de\/unsere-marken\/swiss-shield\/\" target=\"_blank\" rel=\"noopener\">Swiss Shield<\/a><\/span>\u00ae ne s\u00e9duit pas seulement par son efficacit\u00e9 scientifiquement prouv\u00e9e, mais r\u00e9pond \u00e9galement aux exigences esth\u00e9tiques les plus \u00e9lev\u00e9es et est connu pour sa l\u00e9g\u00e8ret\u00e9, son \u00e9clat \u00e9l\u00e9gant et son toucher doux et velout\u00e9. Les fils Swiss Shield\u00ae, transform\u00e9s en tissus, assurent une protection efficace contre les champs \u00e9lectromagn\u00e9tiques.<\/p>\n<h4>Swiss Shield Naturell<\/h4>\n<p>Largeur du l\u00e9 : 250 cm, prix au m\u00e8tre lin\u00e9aire <strong>CHF 125.00<\/strong><\/p>\n<p>Couleur naturel (\u00e9cru\/blanc) Poids 69 g\/m2<\/p>\n<p>Swiss Shield Naturel Att\u00e9nuation du blindage : 37 dB, en deux couches 53 dB \u00e0 1 Ghz.<\/p>\n<p>Pour rideaux, s\u00e9parations de pi\u00e8ces et baldaquins<\/p>\n<p>Depuis 1998, les tissus sont \u00e9galement vendus sous forme de rideaux. Ceux-ci sont lav\u00e9s plusieurs fois par an et restent n\u00e9anmoins parfaitement fonctionnels. Une mauvaise qualit\u00e9 de l'eau ne d\u00e9truira pas les tissus Swiss Shield. En revanche, les tissus en nylon argent\u00e9 de nos concurrents s'ab\u00eement en cas de mouvement, de mauvaise qualit\u00e9 de l'eau, par exemple \u00e0 cause du soufre, d'une teneur plus \u00e9lev\u00e9e en fluorure et de faibles valeurs de PH.<\/p>\n<p>NATURELL&#x2122; de Swiss-Shield\u00ae est un tissu en coton \u00e9cologique semi-transparent (18 % de cuivre \/ argent) destin\u00e9 \u00e0 prot\u00e9ger contre les champs \u00e9lectromagn\u00e9tiques (HF) \u00e0 haute fr\u00e9quence. Application typique comme tissu pour rideaux et baldaquins. Non conducteur d'\u00e9lectricit\u00e9.<\/p>\n<p>Nos tissus de blindage peuvent \u00eatre trait\u00e9s comme n'importe quel autre tissu en coton fin. Vous n'avez pas besoin de prendre des pr\u00e9cautions particuli\u00e8res. Vous pouvez laver votre tissu Swiss Shield \u00e0 30\u00b0C ou 40\u00b0C avec des produits de lavage normaux. Le tissu ne doit pas \u00eatre s\u00e9ch\u00e9 au s\u00e8che-linge, mais peut \u00eatre repass\u00e9 \u00e0 chaleur moyenne.<\/p>\n<p>Les effets nocifs des CEMHF ont d\u00e9j\u00e0 \u00e9t\u00e9 prouv\u00e9s, <a href=\"https:\/\/www.emfdata.org\/de\/studienueberblick\"><span style=\"color: #99cc00;\">voir les \u00e9tudes<\/span><\/a>.<br \/>\nLes tissus de protection r\u00e9fl\u00e9chissants de Swiss Shield permettent de lutter contre ces dangers.<\/p>\n","protected":false},"excerpt":{"rendered":"<p>Swiss Shield Naturell pour rideaux, s\u00e9parations de pi\u00e8ces ou baldaquins, tr\u00e8s bon blindage &nbsp; &nbsp; Swiss Shield\u00ae ne s\u00e9duit pas seulement par son efficacit\u00e9 scientifiquement prouv\u00e9e, mais r\u00e9pond \u00e9galement aux exigences esth\u00e9tiques les plus \u00e9lev\u00e9es et est connu pour sa l\u00e9g\u00e8ret\u00e9, son \u00e9clat \u00e9l\u00e9gant et son toucher doux et velout\u00e9. Les fils Swiss Shield\u00ae, transform\u00e9s en tissus, assurent une protection&nbsp;<a href=\"https:\/\/bien-etreiris.ch\/de\/produktpraesentation\/gesundes-leben\/electrobiologie\/proteger-eviter\/tissus-de-protection\/swiss-shield-naturell\/\" class=\"read-more\">Weiter lesen<\/a><\/p>\n","protected":false},"author":1,"featured_media":90858,"parent":90842,"menu_order":1200,"comment_status":"closed","ping_status":"closed","template":"page-with-child.php","meta":{"_acf_changed":false,"ngg_post_thumbnail":0,"footnotes":""},"class_list":["post-90868","page","type-page","status-publish","has-post-thumbnail","hentry"],"acf":[],"yoast_head":"<!-- This site is optimized with the Yoast SEO plugin v27.5 - https:\/\/yoast.com\/product\/yoast-seo-wordpress\/ -->\n<title>NATURELL - WOHLBEFINDEN<\/title>\n<meta name=\"robots\" content=\"index, follow, max-snippet:-1, max-image-preview:large, max-video-preview:-1\" \/>\n<link rel=\"canonical\" href=\"https:\/\/bien-etreiris.ch\/de\/produktpraesentation\/gesundes-leben\/electrobiologie\/proteger-eviter\/tissus-de-protection\/swiss-shield-naturell\/\" \/>\n<meta property=\"og:locale\" content=\"de_DE\" \/>\n<meta property=\"og:type\" content=\"article\" \/>\n<meta property=\"og:title\" content=\"NATURELL - WOHLBEFINDEN\" \/>\n<meta property=\"og:description\" content=\"Swiss Shield Naturell pour rideaux, s\u00e9parations de pi\u00e8ces ou baldaquins, tr\u00e8s bon blindage &nbsp; &nbsp; Swiss Shield\u00ae ne s\u00e9duit pas seulement par son efficacit\u00e9 scientifiquement prouv\u00e9e, mais r\u00e9pond \u00e9galement aux exigences esth\u00e9tiques les plus \u00e9lev\u00e9es et est connu pour sa l\u00e9g\u00e8ret\u00e9, son \u00e9clat \u00e9l\u00e9gant et son toucher doux et velout\u00e9. Les fils Swiss Shield\u00ae, transform\u00e9s en tissus, assurent une protection&nbsp;Weiter lesen\" \/>\n<meta property=\"og:url\" content=\"https:\/\/bien-etreiris.ch\/de\/produktpraesentation\/gesundes-leben\/electrobiologie\/proteger-eviter\/tissus-de-protection\/swiss-shield-naturell\/\" \/>\n<meta property=\"og:site_name\" content=\"WOHLBEFINDEN\" \/>\n<meta property=\"article:publisher\" content=\"https:\/\/www.facebook.com\/bienetreiris\/\" \/>\n<meta property=\"article:modified_time\" content=\"2024-10-09T19:00:44+00:00\" \/>\n<meta property=\"og:image\" content=\"https:\/\/bien-etreiris.ch\/wp-content\/uploads\/2024\/10\/acceuil-Swiss-Shield-Naturel.jpg\" \/>\n\t<meta property=\"og:image:width\" content=\"500\" \/>\n\t<meta property=\"og:image:height\" content=\"333\" \/>\n\t<meta property=\"og:image:type\" content=\"image\/jpeg\" \/>\n<meta name=\"twitter:label1\" content=\"Gesch\u00e4tzte Lesezeit\" \/>\n\t<meta name=\"twitter:data1\" content=\"2\u00a0Minuten\" \/>\n<script type=\"application\/ld+json\" class=\"yoast-schema-graph\">{\"@context\":\"https:\\\/\\\/schema.org\",\"@graph\":[{\"@type\":\"WebPage\",\"@id\":\"https:\\\/\\\/bien-etreiris.ch\\\/de\\\/produktpraesentation\\\/gesundes-leben\\\/electrobiologie\\\/proteger-eviter\\\/tissus-de-protection\\\/swiss-shield-naturell\\\/\",\"url\":\"https:\\\/\\\/bien-etreiris.ch\\\/de\\\/produktpraesentation\\\/gesundes-leben\\\/electrobiologie\\\/proteger-eviter\\\/tissus-de-protection\\\/swiss-shield-naturell\\\/\",\"name\":\"NATURELL - WOHLBEFINDEN\",\"isPartOf\":{\"@id\":\"https:\\\/\\\/bien-etreiris.ch\\\/de\\\/#website\"},\"primaryImageOfPage\":{\"@id\":\"https:\\\/\\\/bien-etreiris.ch\\\/de\\\/produktpraesentation\\\/gesundes-leben\\\/electrobiologie\\\/proteger-eviter\\\/tissus-de-protection\\\/swiss-shield-naturell\\\/#primaryimage\"},\"image\":{\"@id\":\"https:\\\/\\\/bien-etreiris.ch\\\/de\\\/produktpraesentation\\\/gesundes-leben\\\/electrobiologie\\\/proteger-eviter\\\/tissus-de-protection\\\/swiss-shield-naturell\\\/#primaryimage\"},\"thumbnailUrl\":\"https:\\\/\\\/bien-etreiris.ch\\\/wp-content\\\/uploads\\\/2024\\\/10\\\/acceuil-Swiss-Shield-Naturel.jpg\",\"datePublished\":\"2024-10-09T18:56:10+00:00\",\"dateModified\":\"2024-10-09T19:00:44+00:00\",\"breadcrumb\":{\"@id\":\"https:\\\/\\\/bien-etreiris.ch\\\/de\\\/produktpraesentation\\\/gesundes-leben\\\/electrobiologie\\\/proteger-eviter\\\/tissus-de-protection\\\/swiss-shield-naturell\\\/#breadcrumb\"},\"inLanguage\":\"de\",\"potentialAction\":[{\"@type\":\"ReadAction\",\"target\":[\"https:\\\/\\\/bien-etreiris.ch\\\/de\\\/produktpraesentation\\\/gesundes-leben\\\/electrobiologie\\\/proteger-eviter\\\/tissus-de-protection\\\/swiss-shield-naturell\\\/\"]}]},{\"@type\":\"ImageObject\",\"inLanguage\":\"de\",\"@id\":\"https:\\\/\\\/bien-etreiris.ch\\\/de\\\/produktpraesentation\\\/gesundes-leben\\\/electrobiologie\\\/proteger-eviter\\\/tissus-de-protection\\\/swiss-shield-naturell\\\/#primaryimage\",\"url\":\"https:\\\/\\\/bien-etreiris.ch\\\/wp-content\\\/uploads\\\/2024\\\/10\\\/acceuil-Swiss-Shield-Naturel.jpg\",\"contentUrl\":\"https:\\\/\\\/bien-etreiris.ch\\\/wp-content\\\/uploads\\\/2024\\\/10\\\/acceuil-Swiss-Shield-Naturel.jpg\",\"width\":500,\"height\":333},{\"@type\":\"BreadcrumbList\",\"@id\":\"https:\\\/\\\/bien-etreiris.ch\\\/de\\\/produktpraesentation\\\/gesundes-leben\\\/electrobiologie\\\/proteger-eviter\\\/tissus-de-protection\\\/swiss-shield-naturell\\\/#breadcrumb\",\"itemListElement\":[{\"@type\":\"ListItem\",\"position\":1,\"name\":\"Home\",\"item\":\"https:\\\/\\\/bien-etreiris.ch\\\/de\\\/\"},{\"@type\":\"ListItem\",\"position\":2,\"name\":\"PRODUKTPR\u00c4SENTATION\",\"item\":\"https:\\\/\\\/bien-etreiris.ch\\\/de\\\/produktpraesentation\\\/\"},{\"@type\":\"ListItem\",\"position\":3,\"name\":\"GESUNDES LEBEN\",\"item\":\"https:\\\/\\\/bien-etreiris.ch\\\/de\\\/produktpraesentation\\\/gesundes-leben\\\/\"},{\"@type\":\"ListItem\",\"position\":4,\"name\":\"ELECTROBIOLOGIE\",\"item\":\"https:\\\/\\\/bien-etreiris.ch\\\/de\\\/produktpraesentation\\\/gesundes-leben\\\/electrobiologie\\\/\"},{\"@type\":\"ListItem\",\"position\":5,\"name\":\"PROTEGER-EVITER\",\"item\":\"https:\\\/\\\/bien-etreiris.ch\\\/de\\\/produktpraesentation\\\/gesundes-leben\\\/electrobiologie\\\/proteger-eviter\\\/\"},{\"@type\":\"ListItem\",\"position\":6,\"name\":\"TISSUS\",\"item\":\"https:\\\/\\\/bien-etreiris.ch\\\/de\\\/produktpraesentation\\\/gesundes-leben\\\/electrobiologie\\\/proteger-eviter\\\/tissus-de-protection\\\/\"},{\"@type\":\"ListItem\",\"position\":7,\"name\":\"NATURELL\"}]},{\"@type\":\"WebSite\",\"@id\":\"https:\\\/\\\/bien-etreiris.ch\\\/de\\\/#website\",\"url\":\"https:\\\/\\\/bien-etreiris.ch\\\/de\\\/\",\"name\":\"Bien-\u00eatre Iris\",\"description\":\"IHRE Gesundheit ist uns wichtig\",\"potentialAction\":[{\"@type\":\"SearchAction\",\"target\":{\"@type\":\"EntryPoint\",\"urlTemplate\":\"https:\\\/\\\/bien-etreiris.ch\\\/de\\\/?s={search_term_string}\"},\"query-input\":{\"@type\":\"PropertyValueSpecification\",\"valueRequired\":true,\"valueName\":\"search_term_string\"}}],\"inLanguage\":\"de\"}]}<\/script>\n<!-- \/ Yoast SEO plugin. -->","yoast_head_json":{"title":"NATURELL - WOHLBEFINDEN","robots":{"index":"index","follow":"follow","max-snippet":"max-snippet:-1","max-image-preview":"max-image-preview:large","max-video-preview":"max-video-preview:-1"},"canonical":"https:\/\/bien-etreiris.ch\/de\/produktpraesentation\/gesundes-leben\/electrobiologie\/proteger-eviter\/tissus-de-protection\/swiss-shield-naturell\/","og_locale":"de_DE","og_type":"article","og_title":"NATURELL - WOHLBEFINDEN","og_description":"Swiss Shield Naturell pour rideaux, s\u00e9parations de pi\u00e8ces ou baldaquins, tr\u00e8s bon blindage &nbsp; &nbsp; Swiss Shield\u00ae ne s\u00e9duit pas seulement par son efficacit\u00e9 scientifiquement prouv\u00e9e, mais r\u00e9pond \u00e9galement aux exigences esth\u00e9tiques les plus \u00e9lev\u00e9es et est connu pour sa l\u00e9g\u00e8ret\u00e9, son \u00e9clat \u00e9l\u00e9gant et son toucher doux et velout\u00e9. Les fils Swiss Shield\u00ae, transform\u00e9s en tissus, assurent une protection&nbsp;Weiter lesen","og_url":"https:\/\/bien-etreiris.ch\/de\/produktpraesentation\/gesundes-leben\/electrobiologie\/proteger-eviter\/tissus-de-protection\/swiss-shield-naturell\/","og_site_name":"WOHLBEFINDEN","article_publisher":"https:\/\/www.facebook.com\/bienetreiris\/","article_modified_time":"2024-10-09T19:00:44+00:00","og_image":[{"width":500,"height":333,"url":"https:\/\/bien-etreiris.ch\/wp-content\/uploads\/2024\/10\/acceuil-Swiss-Shield-Naturel.jpg","type":"image\/jpeg"}],"twitter_misc":{"Gesch\u00e4tzte Lesezeit":"2\u00a0Minuten"},"schema":{"@context":"https:\/\/schema.org","@graph":[{"@type":"WebPage","@id":"https:\/\/bien-etreiris.ch\/de\/produktpraesentation\/gesundes-leben\/electrobiologie\/proteger-eviter\/tissus-de-protection\/swiss-shield-naturell\/","url":"https:\/\/bien-etreiris.ch\/de\/produktpraesentation\/gesundes-leben\/electrobiologie\/proteger-eviter\/tissus-de-protection\/swiss-shield-naturell\/","name":"NATURELL - WOHLBEFINDEN","isPartOf":{"@id":"https:\/\/bien-etreiris.ch\/de\/#website"},"primaryImageOfPage":{"@id":"https:\/\/bien-etreiris.ch\/de\/produktpraesentation\/gesundes-leben\/electrobiologie\/proteger-eviter\/tissus-de-protection\/swiss-shield-naturell\/#primaryimage"},"image":{"@id":"https:\/\/bien-etreiris.ch\/de\/produktpraesentation\/gesundes-leben\/electrobiologie\/proteger-eviter\/tissus-de-protection\/swiss-shield-naturell\/#primaryimage"},"thumbnailUrl":"https:\/\/bien-etreiris.ch\/wp-content\/uploads\/2024\/10\/acceuil-Swiss-Shield-Naturel.jpg","datePublished":"2024-10-09T18:56:10+00:00","dateModified":"2024-10-09T19:00:44+00:00","breadcrumb":{"@id":"https:\/\/bien-etreiris.ch\/de\/produktpraesentation\/gesundes-leben\/electrobiologie\/proteger-eviter\/tissus-de-protection\/swiss-shield-naturell\/#breadcrumb"},"inLanguage":"de","potentialAction":[{"@type":"ReadAction","target":["https:\/\/bien-etreiris.ch\/de\/produktpraesentation\/gesundes-leben\/electrobiologie\/proteger-eviter\/tissus-de-protection\/swiss-shield-naturell\/"]}]},{"@type":"ImageObject","inLanguage":"de","@id":"https:\/\/bien-etreiris.ch\/de\/produktpraesentation\/gesundes-leben\/electrobiologie\/proteger-eviter\/tissus-de-protection\/swiss-shield-naturell\/#primaryimage","url":"https:\/\/bien-etreiris.ch\/wp-content\/uploads\/2024\/10\/acceuil-Swiss-Shield-Naturel.jpg","contentUrl":"https:\/\/bien-etreiris.ch\/wp-content\/uploads\/2024\/10\/acceuil-Swiss-Shield-Naturel.jpg","width":500,"height":333},{"@type":"BreadcrumbList","@id":"https:\/\/bien-etreiris.ch\/de\/produktpraesentation\/gesundes-leben\/electrobiologie\/proteger-eviter\/tissus-de-protection\/swiss-shield-naturell\/#breadcrumb","itemListElement":[{"@type":"ListItem","position":1,"name":"Home","item":"https:\/\/bien-etreiris.ch\/de\/"},{"@type":"ListItem","position":2,"name":"PRODUKTPR\u00c4SENTATION","item":"https:\/\/bien-etreiris.ch\/de\/produktpraesentation\/"},{"@type":"ListItem","position":3,"name":"GESUNDES LEBEN","item":"https:\/\/bien-etreiris.ch\/de\/produktpraesentation\/gesundes-leben\/"},{"@type":"ListItem","position":4,"name":"ELECTROBIOLOGIE","item":"https:\/\/bien-etreiris.ch\/de\/produktpraesentation\/gesundes-leben\/electrobiologie\/"},{"@type":"ListItem","position":5,"name":"PROTEGER-EVITER","item":"https:\/\/bien-etreiris.ch\/de\/produktpraesentation\/gesundes-leben\/electrobiologie\/proteger-eviter\/"},{"@type":"ListItem","position":6,"name":"TISSUS","item":"https:\/\/bien-etreiris.ch\/de\/produktpraesentation\/gesundes-leben\/electrobiologie\/proteger-eviter\/tissus-de-protection\/"},{"@type":"ListItem","position":7,"name":"NATURELL"}]},{"@type":"WebSite","@id":"https:\/\/bien-etreiris.ch\/de\/#website","url":"https:\/\/bien-etreiris.ch\/de\/","name":"Bien-\u00eatre Iris","description":"IHRE Gesundheit ist uns wichtig","potentialAction":[{"@type":"SearchAction","target":{"@type":"EntryPoint","urlTemplate":"https:\/\/bien-etreiris.ch\/de\/?s={search_term_string}"},"query-input":{"@type":"PropertyValueSpecification","valueRequired":true,"valueName":"search_term_string"}}],"inLanguage":"de"}]}},"_links":{"self":[{"href":"https:\/\/bien-etreiris.ch\/de\/wp-json\/wp\/v2\/pages\/90868","targetHints":{"allow":["GET"]}}],"collection":[{"href":"https:\/\/bien-etreiris.ch\/de\/wp-json\/wp\/v2\/pages"}],"about":[{"href":"https:\/\/bien-etreiris.ch\/de\/wp-json\/wp\/v2\/types\/page"}],"author":[{"embeddable":true,"href":"https:\/\/bien-etreiris.ch\/de\/wp-json\/wp\/v2\/users\/1"}],"replies":[{"embeddable":true,"href":"https:\/\/bien-etreiris.ch\/de\/wp-json\/wp\/v2\/comments?post=90868"}],"version-history":[{"count":2,"href":"https:\/\/bien-etreiris.ch\/de\/wp-json\/wp\/v2\/pages\/90868\/revisions"}],"predecessor-version":[{"id":90873,"href":"https:\/\/bien-etreiris.ch\/de\/wp-json\/wp\/v2\/pages\/90868\/revisions\/90873"}],"up":[{"embeddable":true,"href":"https:\/\/bien-etreiris.ch\/de\/wp-json\/wp\/v2\/pages\/90842"}],"wp:featuredmedia":[{"embeddable":true,"href":"https:\/\/bien-etreiris.ch\/de\/wp-json\/wp\/v2\/media\/90858"}],"wp:attachment":[{"href":"https:\/\/bien-etreiris.ch\/de\/wp-json\/wp\/v2\/media?parent=90868"}],"curies":[{"name":"wp","href":"https:\/\/api.w.org\/{rel}","templated":true}]}}