{"id":90836,"date":"2024-10-09T18:52:40","date_gmt":"2024-10-09T16:52:40","guid":{"rendered":"https:\/\/bien-etreiris.ch\/unsere-marken\/swiss-shield\/"},"modified":"2024-10-12T22:20:36","modified_gmt":"2024-10-12T20:20:36","slug":"swiss-shield","status":"publish","type":"page","link":"https:\/\/bien-etreiris.ch\/de\/unsere-marken\/swiss-shield\/","title":{"rendered":"SWISS SHIELD"},"content":{"rendered":"<h2>Un protection efficace<\/h2>\n<h2>contre les rayonnements \u00e9lectromagn\u00e9tiques<\/h2>\n<p>Le nom de Swiss Shield\u00ae est synonyme de tissus uniques et brevet\u00e9s dans le monde entier.<\/p>\n<h6>Swiss Shield\u00ae made in Switzerland<\/h6>\n<p>Rideaux anti ondes SWISS SHIELD\u00ae &nbsp;est fabriqu\u00e9 en Suisse \u00e0 partir d\u2019un fil high-tech brevet\u00e9, ultra-fin.<\/p>\n<p>&nbsp;<\/p>\n<p>Swiss <sup>Shield\u00ae<\/sup> ne s\u00e9duit pas seulement par son efficacit\u00e9 scientifiquement prouv\u00e9e, mais r\u00e9pond \u00e9galement aux exigences esth\u00e9tiques les plus \u00e9lev\u00e9es et est connu pour sa l\u00e9g\u00e8ret\u00e9, son \u00e9clat \u00e9l\u00e9gant et son toucher doux et velout\u00e9. Les fils Swiss Shield\u00ae, qui sont transform\u00e9s en tissus, assurent une protection efficace contre les champs \u00e9lectromagn\u00e9tiques. Leur degr\u00e9 d'att\u00e9nuation du blindage, modulable en fonction de l'application, va jusqu'\u00e0 plus de 80 dB. Ils sont fabriqu\u00e9s sous diff\u00e9rentes formes pour le linge de maison, les v\u00eatements, les applications industrielles et militaires.<\/p>\n<p>&nbsp;<\/p>\n<p>Tous nos concurrents utilisent un fil de nylon argent\u00e9 (monofilament de polyamide). Nous savons tous que le nylon est souple et dur comme de l'argent. Si vous pliez le fil de nylon argent\u00e9, par exemple dans la machine \u00e0 laver, lorsque vous tirez les rideaux ou lorsque vous entrez et sortez du baldaquin, la couche d'argent gr\u00e9sille et tombe t\u00f4t ou tard. M\u00eame si vous ne pouvez pas voir ou entendre le gr\u00e9sillement, le courant ne peut pas passer par l'argent (la conductivit\u00e9 est r\u00e9duite) et l'effet de blindage est \u00e9galement r\u00e9duit \/ dispara\u00eet.<\/p>\n<p>&nbsp;<\/p>\n<h4><strong>Comment <\/strong>les fils<strong>Swiss Shield<\/strong>\u00ae<strong> sont-ils fabriqu\u00e9s ?<\/strong><\/h4>\n<p><strong>Et \u00e0 quoi peuvent-ils servir ?<\/strong><\/p>\n<p>Les fils <strong><a href=\"https:\/\/bien-etreiris.ch\/de\/unsere-marken\/swiss-shield\/\" target=\"_blank\" rel=\"noopener\">Swiss <\/a><\/strong><sup>Shield\u00ae<\/sup>sont fabriqu\u00e9s selon un proc\u00e9d\u00e9 brevet\u00e9. Gr\u00e2ce \u00e0 une technique de fabrication ultramoderne, il est possible d'int\u00e9grer les souhaits des clients les plus divers et sp\u00e9cifiques au produit. Leurs possibilit\u00e9s d'application sont multiples. L'\u00e9ventail des applications comprend :<\/p>\n<ul style=\"list-style-type: disc;\">\n<li>Textiles techniques pour des applications industrielles et militaires<\/li>\n<li>Textiles pour la maison<\/li>\n<li>Textiles d'habillement<\/li>\n<\/ul>\n<p>&nbsp;<\/p>\n<h2><a href=\"https:\/\/bien-etreiris.ch\/presentations-des-produits\/vie-saine\/electrobiologie\/technique-de-protection-lutte-contre-les-symptomes\/tissus-de-protection\/\" target=\"_blank\" rel=\"noopener\">TISSUS DE PROTECTION<\/a><\/h2>\n","protected":false},"excerpt":{"rendered":"<p>Un protection efficace contre les rayonnements \u00e9lectromagn\u00e9tiques Le nom de Swiss Shield\u00ae est synonyme de tissus uniques et brevet\u00e9s dans le monde entier. Swiss Shield\u00ae made in Switzerland Rideaux anti ondes SWISS SHIELD\u00ae &nbsp;est fabriqu\u00e9 en Suisse \u00e0 partir d\u2019un fil high-tech brevet\u00e9, ultra-fin. &nbsp; Swiss Shield\u00ae ne s\u00e9duit pas seulement par son efficacit\u00e9 scientifiquement prouv\u00e9e, mais r\u00e9pond \u00e9galement aux&nbsp;<a href=\"https:\/\/bien-etreiris.ch\/de\/unsere-marken\/swiss-shield\/\" class=\"read-more\">Weiter lesen<\/a><\/p>\n","protected":false},"author":1,"featured_media":90832,"parent":44406,"menu_order":1197,"comment_status":"closed","ping_status":"closed","template":"page-with-child.php","meta":{"_acf_changed":false,"ngg_post_thumbnail":0,"footnotes":""},"class_list":["post-90836","page","type-page","status-publish","has-post-thumbnail","hentry"],"acf":[],"yoast_head":"<!-- This site is optimized with the Yoast SEO plugin v27.4 - https:\/\/yoast.com\/product\/yoast-seo-wordpress\/ -->\n<title>SWISS SHIELD - WOHLBEFINDEN<\/title>\n<meta name=\"robots\" content=\"index, follow, max-snippet:-1, max-image-preview:large, max-video-preview:-1\" \/>\n<link rel=\"canonical\" href=\"https:\/\/bien-etreiris.ch\/de\/unsere-marken\/swiss-shield\/\" \/>\n<meta property=\"og:locale\" content=\"de_DE\" \/>\n<meta property=\"og:type\" content=\"article\" \/>\n<meta property=\"og:title\" content=\"SWISS SHIELD - WOHLBEFINDEN\" \/>\n<meta property=\"og:description\" content=\"Un protection efficace contre les rayonnements \u00e9lectromagn\u00e9tiques Le nom de Swiss Shield\u00ae est synonyme de tissus uniques et brevet\u00e9s dans le monde entier. Swiss Shield\u00ae made in Switzerland Rideaux anti ondes SWISS SHIELD\u00ae &nbsp;est fabriqu\u00e9 en Suisse \u00e0 partir d\u2019un fil high-tech brevet\u00e9, ultra-fin. &nbsp; Swiss Shield\u00ae ne s\u00e9duit pas seulement par son efficacit\u00e9 scientifiquement prouv\u00e9e, mais r\u00e9pond \u00e9galement aux&nbsp;Weiter lesen\" \/>\n<meta property=\"og:url\" content=\"https:\/\/bien-etreiris.ch\/de\/unsere-marken\/swiss-shield\/\" \/>\n<meta property=\"og:site_name\" content=\"WOHLBEFINDEN\" \/>\n<meta property=\"article:publisher\" content=\"https:\/\/www.facebook.com\/bienetreiris\/\" \/>\n<meta property=\"article:modified_time\" content=\"2024-10-12T20:20:36+00:00\" \/>\n<meta property=\"og:image\" content=\"https:\/\/bien-etreiris.ch\/wp-content\/uploads\/2024\/10\/acceuil-Swiss-Shield.jpg\" \/>\n\t<meta property=\"og:image:width\" content=\"500\" \/>\n\t<meta property=\"og:image:height\" content=\"333\" \/>\n\t<meta property=\"og:image:type\" content=\"image\/jpeg\" \/>\n<meta name=\"twitter:label1\" content=\"Gesch\u00e4tzte Lesezeit\" \/>\n\t<meta name=\"twitter:data1\" content=\"2\u00a0Minuten\" \/>\n<script type=\"application\/ld+json\" class=\"yoast-schema-graph\">{\"@context\":\"https:\\\/\\\/schema.org\",\"@graph\":[{\"@type\":\"WebPage\",\"@id\":\"https:\\\/\\\/bien-etreiris.ch\\\/de\\\/unsere-marken\\\/swiss-shield\\\/\",\"url\":\"https:\\\/\\\/bien-etreiris.ch\\\/de\\\/unsere-marken\\\/swiss-shield\\\/\",\"name\":\"SWISS SHIELD - WOHLBEFINDEN\",\"isPartOf\":{\"@id\":\"https:\\\/\\\/bien-etreiris.ch\\\/de\\\/#website\"},\"primaryImageOfPage\":{\"@id\":\"https:\\\/\\\/bien-etreiris.ch\\\/de\\\/unsere-marken\\\/swiss-shield\\\/#primaryimage\"},\"image\":{\"@id\":\"https:\\\/\\\/bien-etreiris.ch\\\/de\\\/unsere-marken\\\/swiss-shield\\\/#primaryimage\"},\"thumbnailUrl\":\"https:\\\/\\\/bien-etreiris.ch\\\/wp-content\\\/uploads\\\/2024\\\/10\\\/acceuil-Swiss-Shield.jpg\",\"datePublished\":\"2024-10-09T16:52:40+00:00\",\"dateModified\":\"2024-10-12T20:20:36+00:00\",\"breadcrumb\":{\"@id\":\"https:\\\/\\\/bien-etreiris.ch\\\/de\\\/unsere-marken\\\/swiss-shield\\\/#breadcrumb\"},\"inLanguage\":\"de\",\"potentialAction\":[{\"@type\":\"ReadAction\",\"target\":[\"https:\\\/\\\/bien-etreiris.ch\\\/de\\\/unsere-marken\\\/swiss-shield\\\/\"]}]},{\"@type\":\"ImageObject\",\"inLanguage\":\"de\",\"@id\":\"https:\\\/\\\/bien-etreiris.ch\\\/de\\\/unsere-marken\\\/swiss-shield\\\/#primaryimage\",\"url\":\"https:\\\/\\\/bien-etreiris.ch\\\/wp-content\\\/uploads\\\/2024\\\/10\\\/acceuil-Swiss-Shield.jpg\",\"contentUrl\":\"https:\\\/\\\/bien-etreiris.ch\\\/wp-content\\\/uploads\\\/2024\\\/10\\\/acceuil-Swiss-Shield.jpg\",\"width\":500,\"height\":333},{\"@type\":\"BreadcrumbList\",\"@id\":\"https:\\\/\\\/bien-etreiris.ch\\\/de\\\/unsere-marken\\\/swiss-shield\\\/#breadcrumb\",\"itemListElement\":[{\"@type\":\"ListItem\",\"position\":1,\"name\":\"Home\",\"item\":\"https:\\\/\\\/bien-etreiris.ch\\\/de\\\/\"},{\"@type\":\"ListItem\",\"position\":2,\"name\":\"UNSERE MARKEN\",\"item\":\"https:\\\/\\\/bien-etreiris.ch\\\/de\\\/unsere-marken\\\/\"},{\"@type\":\"ListItem\",\"position\":3,\"name\":\"SWISS SHIELD\"}]},{\"@type\":\"WebSite\",\"@id\":\"https:\\\/\\\/bien-etreiris.ch\\\/de\\\/#website\",\"url\":\"https:\\\/\\\/bien-etreiris.ch\\\/de\\\/\",\"name\":\"Bien-\u00eatre Iris\",\"description\":\"IHRE Gesundheit ist uns wichtig\",\"potentialAction\":[{\"@type\":\"SearchAction\",\"target\":{\"@type\":\"EntryPoint\",\"urlTemplate\":\"https:\\\/\\\/bien-etreiris.ch\\\/de\\\/?s={search_term_string}\"},\"query-input\":{\"@type\":\"PropertyValueSpecification\",\"valueRequired\":true,\"valueName\":\"search_term_string\"}}],\"inLanguage\":\"de\"}]}<\/script>\n<!-- \/ Yoast SEO plugin. -->","yoast_head_json":{"title":"SWISS SHIELD - WOHLBEFINDEN","robots":{"index":"index","follow":"follow","max-snippet":"max-snippet:-1","max-image-preview":"max-image-preview:large","max-video-preview":"max-video-preview:-1"},"canonical":"https:\/\/bien-etreiris.ch\/de\/unsere-marken\/swiss-shield\/","og_locale":"de_DE","og_type":"article","og_title":"SWISS SHIELD - WOHLBEFINDEN","og_description":"Un protection efficace contre les rayonnements \u00e9lectromagn\u00e9tiques Le nom de Swiss Shield\u00ae est synonyme de tissus uniques et brevet\u00e9s dans le monde entier. Swiss Shield\u00ae made in Switzerland Rideaux anti ondes SWISS SHIELD\u00ae &nbsp;est fabriqu\u00e9 en Suisse \u00e0 partir d\u2019un fil high-tech brevet\u00e9, ultra-fin. &nbsp; Swiss Shield\u00ae ne s\u00e9duit pas seulement par son efficacit\u00e9 scientifiquement prouv\u00e9e, mais r\u00e9pond \u00e9galement aux&nbsp;Weiter lesen","og_url":"https:\/\/bien-etreiris.ch\/de\/unsere-marken\/swiss-shield\/","og_site_name":"WOHLBEFINDEN","article_publisher":"https:\/\/www.facebook.com\/bienetreiris\/","article_modified_time":"2024-10-12T20:20:36+00:00","og_image":[{"width":500,"height":333,"url":"https:\/\/bien-etreiris.ch\/wp-content\/uploads\/2024\/10\/acceuil-Swiss-Shield.jpg","type":"image\/jpeg"}],"twitter_misc":{"Gesch\u00e4tzte Lesezeit":"2\u00a0Minuten"},"schema":{"@context":"https:\/\/schema.org","@graph":[{"@type":"WebPage","@id":"https:\/\/bien-etreiris.ch\/de\/unsere-marken\/swiss-shield\/","url":"https:\/\/bien-etreiris.ch\/de\/unsere-marken\/swiss-shield\/","name":"SWISS SHIELD - WOHLBEFINDEN","isPartOf":{"@id":"https:\/\/bien-etreiris.ch\/de\/#website"},"primaryImageOfPage":{"@id":"https:\/\/bien-etreiris.ch\/de\/unsere-marken\/swiss-shield\/#primaryimage"},"image":{"@id":"https:\/\/bien-etreiris.ch\/de\/unsere-marken\/swiss-shield\/#primaryimage"},"thumbnailUrl":"https:\/\/bien-etreiris.ch\/wp-content\/uploads\/2024\/10\/acceuil-Swiss-Shield.jpg","datePublished":"2024-10-09T16:52:40+00:00","dateModified":"2024-10-12T20:20:36+00:00","breadcrumb":{"@id":"https:\/\/bien-etreiris.ch\/de\/unsere-marken\/swiss-shield\/#breadcrumb"},"inLanguage":"de","potentialAction":[{"@type":"ReadAction","target":["https:\/\/bien-etreiris.ch\/de\/unsere-marken\/swiss-shield\/"]}]},{"@type":"ImageObject","inLanguage":"de","@id":"https:\/\/bien-etreiris.ch\/de\/unsere-marken\/swiss-shield\/#primaryimage","url":"https:\/\/bien-etreiris.ch\/wp-content\/uploads\/2024\/10\/acceuil-Swiss-Shield.jpg","contentUrl":"https:\/\/bien-etreiris.ch\/wp-content\/uploads\/2024\/10\/acceuil-Swiss-Shield.jpg","width":500,"height":333},{"@type":"BreadcrumbList","@id":"https:\/\/bien-etreiris.ch\/de\/unsere-marken\/swiss-shield\/#breadcrumb","itemListElement":[{"@type":"ListItem","position":1,"name":"Home","item":"https:\/\/bien-etreiris.ch\/de\/"},{"@type":"ListItem","position":2,"name":"UNSERE MARKEN","item":"https:\/\/bien-etreiris.ch\/de\/unsere-marken\/"},{"@type":"ListItem","position":3,"name":"SWISS SHIELD"}]},{"@type":"WebSite","@id":"https:\/\/bien-etreiris.ch\/de\/#website","url":"https:\/\/bien-etreiris.ch\/de\/","name":"Bien-\u00eatre Iris","description":"IHRE Gesundheit ist uns wichtig","potentialAction":[{"@type":"SearchAction","target":{"@type":"EntryPoint","urlTemplate":"https:\/\/bien-etreiris.ch\/de\/?s={search_term_string}"},"query-input":{"@type":"PropertyValueSpecification","valueRequired":true,"valueName":"search_term_string"}}],"inLanguage":"de"}]}},"_links":{"self":[{"href":"https:\/\/bien-etreiris.ch\/de\/wp-json\/wp\/v2\/pages\/90836","targetHints":{"allow":["GET"]}}],"collection":[{"href":"https:\/\/bien-etreiris.ch\/de\/wp-json\/wp\/v2\/pages"}],"about":[{"href":"https:\/\/bien-etreiris.ch\/de\/wp-json\/wp\/v2\/types\/page"}],"author":[{"embeddable":true,"href":"https:\/\/bien-etreiris.ch\/de\/wp-json\/wp\/v2\/users\/1"}],"replies":[{"embeddable":true,"href":"https:\/\/bien-etreiris.ch\/de\/wp-json\/wp\/v2\/comments?post=90836"}],"version-history":[{"count":6,"href":"https:\/\/bien-etreiris.ch\/de\/wp-json\/wp\/v2\/pages\/90836\/revisions"}],"predecessor-version":[{"id":91252,"href":"https:\/\/bien-etreiris.ch\/de\/wp-json\/wp\/v2\/pages\/90836\/revisions\/91252"}],"up":[{"embeddable":true,"href":"https:\/\/bien-etreiris.ch\/de\/wp-json\/wp\/v2\/pages\/44406"}],"wp:featuredmedia":[{"embeddable":true,"href":"https:\/\/bien-etreiris.ch\/de\/wp-json\/wp\/v2\/media\/90832"}],"wp:attachment":[{"href":"https:\/\/bien-etreiris.ch\/de\/wp-json\/wp\/v2\/media?parent=90836"}],"curies":[{"name":"wp","href":"https:\/\/api.w.org\/{rel}","templated":true}]}}