{"id":90713,"date":"2024-10-08T09:50:56","date_gmt":"2024-10-08T07:50:56","guid":{"rendered":"https:\/\/bien-etreiris.ch\/produktpraesentation\/gesundes-leben\/electrobiologie\/sinus-convertisseur\/"},"modified":"2024-10-09T23:39:47","modified_gmt":"2024-10-09T21:39:47","slug":"sinus-convertisseur","status":"publish","type":"page","link":"https:\/\/bien-etreiris.ch\/de\/produktpraesentation\/gesundes-leben\/electrobiologie\/energie-cellulaire\/sinus-convertisseur\/","title":{"rendered":"SINUS-CONVERTISSEUR"},"content":{"rendered":"<h2>Sinus-convertisseur<\/h2>\n<p>Important : pour pouvoir utiliser les&nbsp; sinus-convertisseurs, il vous faut un Room-Converter Plus, Room-Converter sinus 25 ou un sinus 5 Go.<\/p>\n<p>&nbsp;<\/p>\n<p>&nbsp;<\/p>\n<p>&nbsp;<\/p>\n<h2>Animal<\/h2>\n<p><img loading=\"lazy\" decoding=\"async\" class=\"size-full wp-image-90666 alignleft\" src=\"https:\/\/bien-etreiris.ch\/wp-content\/uploads\/2024\/10\/animal.jpg\" alt=\"\" width=\"312\" height=\"312\" srcset=\"https:\/\/bien-etreiris.ch\/wp-content\/uploads\/2024\/10\/animal.jpg 312w, https:\/\/bien-etreiris.ch\/wp-content\/uploads\/2024\/10\/animal-300x300.jpg 300w, https:\/\/bien-etreiris.ch\/wp-content\/uploads\/2024\/10\/animal-150x150.jpg 150w\" sizes=\"auto, (max-width: 312px) 100vw, 312px\" \/><\/p>\n<p>&nbsp;<\/p>\n<p>&nbsp;<\/p>\n<p>&nbsp;<\/p>\n<h4><a href=\"https:\/\/bien-etreiris.ch\/de\/unsere-marken\/i-like\/\" target=\"_blank\" rel=\"noopener\">i like<\/a><\/h4>\n<h6>sinus Convertisseur animal<\/h6>\n<p>1 pi\u00e8ce CHF 99.00**<\/p>\n<p><a href=\"https:\/\/ispycher.i-like.net\/webshop\/sinus_converter_animal\/scanimal\" target=\"_blank\" rel=\"noopener\"><span style=\"color: #ff0000;\">*<strong><em>*Il est possible d'acheter cet article dans notre boutique ou de le commander en ligne chez i-like : en cliquant ici, vous acc\u00e9dez directement \u00e0 notre plateforme de vente chez i-like.<\/em><\/strong><\/span><\/a><\/p>\n<p>Le sinus Convertisseur animal met \u00e0 la disposition des animaux diff\u00e9rentes informations qui sont sp\u00e9cialement adapt\u00e9es \u00e0 leurs besoins. Les animaux peuvent ainsi b\u00e9n\u00e9ficier d'une plus grande vitalit\u00e9 et d'un meilleur \u00e9quilibre. Il suffit d'ins\u00e9rer le sinus Convertisseur dans l'ouverture pr\u00e9vue \u00e0 cet effet. Les codes programm\u00e9s sont ainsi \u00e9mis dans le cercle d'action de l'appareil.<\/p>\n<p>&nbsp;<\/p>\n<p>&nbsp;<\/p>\n<hr>\n<h2>e-car&nbsp; e-smog<\/h2>\n<p><img loading=\"lazy\" decoding=\"async\" class=\"size-full wp-image-90663 alignleft\" src=\"https:\/\/bien-etreiris.ch\/wp-content\/uploads\/2024\/10\/e-car-e-smog.jpg\" alt=\"\" width=\"312\" height=\"312\" srcset=\"https:\/\/bien-etreiris.ch\/wp-content\/uploads\/2024\/10\/e-car-e-smog.jpg 312w, https:\/\/bien-etreiris.ch\/wp-content\/uploads\/2024\/10\/e-car-e-smog-300x300.jpg 300w, https:\/\/bien-etreiris.ch\/wp-content\/uploads\/2024\/10\/e-car-e-smog-150x150.jpg 150w\" sizes=\"auto, (max-width: 312px) 100vw, 312px\" \/><\/p>\n<p>&nbsp;<\/p>\n<p>&nbsp;<\/p>\n<p>&nbsp;<\/p>\n<h4><a href=\"https:\/\/bien-etreiris.ch\/de\/unsere-marken\/i-like\/\" target=\"_blank\" rel=\"noopener\">i like<\/a><\/h4>\n<h6>sinus Convertisseur e-smog<\/h6>\n<p>1 pi\u00e8ce CHF 99.00**<\/p>\n<p><span style=\"color: #ff0000;\"><a style=\"color: #ff0000;\" href=\"https:\/\/ispycher.i-like.net\/webshop\/sinus_converter_e-smog\/sce-smog\" target=\"_blank\" rel=\"noopener\">*<strong><em>*Il est possible d'acheter cet article dans notre boutique ou de le commander en ligne chez i-like : en cliquant ici, vous acc\u00e9dez directement \u00e0 notre plateforme de vente chez i-like.<\/em><\/strong><\/a><\/span><\/p>\n<p>Le convertisseur sinus e-smog permet de vitaliser les informations n\u00e9gatives de tous les syst\u00e8mes de t\u00e9l\u00e9phonie mobile (y compris 5G), des rayonnements LED et infrarouges, ainsi que des appareils et des lignes produisant de l'e-smog. Ins\u00e9rez le convertisseur sinus dans l'ouverture pr\u00e9vue \u00e0 cet effet. Les codes programm\u00e9s sont ainsi \u00e9mis dans le cercle d'action de l'appareil.<\/p>\n<p>&nbsp;<\/p>\n<p>&nbsp;<\/p>\n<hr>\n<p>&nbsp;<\/p>\n<p>&nbsp;<\/p>\n<p>&nbsp;<\/p>\n<p>&nbsp;<\/p>\n<p><img loading=\"lazy\" decoding=\"async\" class=\"wp-image-90669 alignnone\" src=\"https:\/\/bien-etreiris.ch\/wp-content\/uploads\/2024\/10\/Slepp-well.jpg\" alt=\"\" width=\"312\" height=\"312\" srcset=\"https:\/\/bien-etreiris.ch\/wp-content\/uploads\/2024\/10\/Slepp-well.jpg 312w, https:\/\/bien-etreiris.ch\/wp-content\/uploads\/2024\/10\/Slepp-well-300x300.jpg 300w, https:\/\/bien-etreiris.ch\/wp-content\/uploads\/2024\/10\/Slepp-well-150x150.jpg 150w\" sizes=\"auto, (max-width: 312px) 100vw, 312px\" \/><\/p>\n<p>&nbsp;<\/p>\n","protected":false},"excerpt":{"rendered":"<p>Sinus-convertisseur Important : pour pouvoir utiliser les&nbsp; sinus-convertisseurs, il vous faut un Room-Converter Plus, Room-Converter sinus 25 ou un sinus 5 Go. &nbsp; &nbsp; &nbsp; Animal &nbsp; &nbsp; &nbsp; i like sinus Convertisseur animal 1 pi\u00e8ce CHF 99.00** **Il est possible d'acheter cet article dans notre boutique ou de le commander en ligne chez i-like : en cliquant ici, vous&nbsp;<a href=\"https:\/\/bien-etreiris.ch\/de\/produktpraesentation\/gesundes-leben\/electrobiologie\/energie-cellulaire\/sinus-convertisseur\/\" class=\"read-more\">Weiter lesen<\/a><\/p>\n","protected":false},"author":1,"featured_media":90662,"parent":90916,"menu_order":1221,"comment_status":"closed","ping_status":"closed","template":"page-with-child.php","meta":{"_acf_changed":false,"ngg_post_thumbnail":0,"footnotes":""},"class_list":["post-90713","page","type-page","status-publish","has-post-thumbnail","hentry"],"acf":[],"yoast_head":"<!-- This site is optimized with the Yoast SEO plugin v27.5 - https:\/\/yoast.com\/product\/yoast-seo-wordpress\/ -->\n<title>SINUS-CONVERTISSEUR - WOHLBEFINDEN<\/title>\n<meta name=\"robots\" content=\"index, follow, max-snippet:-1, max-image-preview:large, max-video-preview:-1\" \/>\n<link rel=\"canonical\" href=\"https:\/\/bien-etreiris.ch\/de\/produktpraesentation\/gesundes-leben\/electrobiologie\/energie-cellulaire\/sinus-convertisseur\/\" \/>\n<meta property=\"og:locale\" content=\"de_DE\" \/>\n<meta property=\"og:type\" content=\"article\" \/>\n<meta property=\"og:title\" content=\"SINUS-CONVERTISSEUR - WOHLBEFINDEN\" \/>\n<meta property=\"og:description\" content=\"Sinus-convertisseur Important : pour pouvoir utiliser les&nbsp; sinus-convertisseurs, il vous faut un Room-Converter Plus, Room-Converter sinus 25 ou un sinus 5 Go. &nbsp; &nbsp; &nbsp; Animal &nbsp; &nbsp; &nbsp; i like sinus Convertisseur animal 1 pi\u00e8ce CHF 99.00** **Il est possible d&#039;acheter cet article dans notre boutique ou de le commander en ligne chez i-like : en cliquant ici, vous&nbsp;Weiter lesen\" \/>\n<meta property=\"og:url\" content=\"https:\/\/bien-etreiris.ch\/de\/produktpraesentation\/gesundes-leben\/electrobiologie\/energie-cellulaire\/sinus-convertisseur\/\" \/>\n<meta property=\"og:site_name\" content=\"WOHLBEFINDEN\" \/>\n<meta property=\"article:publisher\" content=\"https:\/\/www.facebook.com\/bienetreiris\/\" \/>\n<meta property=\"article:modified_time\" content=\"2024-10-09T21:39:47+00:00\" \/>\n<meta property=\"og:image\" content=\"https:\/\/bien-etreiris.ch\/wp-content\/uploads\/2024\/10\/acceuil-sinus-converter.jpg\" \/>\n\t<meta property=\"og:image:width\" content=\"500\" \/>\n\t<meta property=\"og:image:height\" content=\"333\" \/>\n\t<meta property=\"og:image:type\" content=\"image\/jpeg\" \/>\n<meta name=\"twitter:label1\" content=\"Gesch\u00e4tzte Lesezeit\" \/>\n\t<meta name=\"twitter:data1\" content=\"2\u00a0Minuten\" \/>\n<script type=\"application\/ld+json\" class=\"yoast-schema-graph\">{\"@context\":\"https:\\\/\\\/schema.org\",\"@graph\":[{\"@type\":\"WebPage\",\"@id\":\"https:\\\/\\\/bien-etreiris.ch\\\/de\\\/produktpraesentation\\\/gesundes-leben\\\/electrobiologie\\\/energie-cellulaire\\\/sinus-convertisseur\\\/\",\"url\":\"https:\\\/\\\/bien-etreiris.ch\\\/de\\\/produktpraesentation\\\/gesundes-leben\\\/electrobiologie\\\/energie-cellulaire\\\/sinus-convertisseur\\\/\",\"name\":\"SINUS-CONVERTISSEUR - WOHLBEFINDEN\",\"isPartOf\":{\"@id\":\"https:\\\/\\\/bien-etreiris.ch\\\/de\\\/#website\"},\"primaryImageOfPage\":{\"@id\":\"https:\\\/\\\/bien-etreiris.ch\\\/de\\\/produktpraesentation\\\/gesundes-leben\\\/electrobiologie\\\/energie-cellulaire\\\/sinus-convertisseur\\\/#primaryimage\"},\"image\":{\"@id\":\"https:\\\/\\\/bien-etreiris.ch\\\/de\\\/produktpraesentation\\\/gesundes-leben\\\/electrobiologie\\\/energie-cellulaire\\\/sinus-convertisseur\\\/#primaryimage\"},\"thumbnailUrl\":\"https:\\\/\\\/bien-etreiris.ch\\\/wp-content\\\/uploads\\\/2024\\\/10\\\/acceuil-sinus-converter.jpg\",\"datePublished\":\"2024-10-08T07:50:56+00:00\",\"dateModified\":\"2024-10-09T21:39:47+00:00\",\"breadcrumb\":{\"@id\":\"https:\\\/\\\/bien-etreiris.ch\\\/de\\\/produktpraesentation\\\/gesundes-leben\\\/electrobiologie\\\/energie-cellulaire\\\/sinus-convertisseur\\\/#breadcrumb\"},\"inLanguage\":\"de\",\"potentialAction\":[{\"@type\":\"ReadAction\",\"target\":[\"https:\\\/\\\/bien-etreiris.ch\\\/de\\\/produktpraesentation\\\/gesundes-leben\\\/electrobiologie\\\/energie-cellulaire\\\/sinus-convertisseur\\\/\"]}]},{\"@type\":\"ImageObject\",\"inLanguage\":\"de\",\"@id\":\"https:\\\/\\\/bien-etreiris.ch\\\/de\\\/produktpraesentation\\\/gesundes-leben\\\/electrobiologie\\\/energie-cellulaire\\\/sinus-convertisseur\\\/#primaryimage\",\"url\":\"https:\\\/\\\/bien-etreiris.ch\\\/wp-content\\\/uploads\\\/2024\\\/10\\\/acceuil-sinus-converter.jpg\",\"contentUrl\":\"https:\\\/\\\/bien-etreiris.ch\\\/wp-content\\\/uploads\\\/2024\\\/10\\\/acceuil-sinus-converter.jpg\",\"width\":500,\"height\":333},{\"@type\":\"BreadcrumbList\",\"@id\":\"https:\\\/\\\/bien-etreiris.ch\\\/de\\\/produktpraesentation\\\/gesundes-leben\\\/electrobiologie\\\/energie-cellulaire\\\/sinus-convertisseur\\\/#breadcrumb\",\"itemListElement\":[{\"@type\":\"ListItem\",\"position\":1,\"name\":\"Home\",\"item\":\"https:\\\/\\\/bien-etreiris.ch\\\/de\\\/\"},{\"@type\":\"ListItem\",\"position\":2,\"name\":\"PRODUKTPR\u00c4SENTATION\",\"item\":\"https:\\\/\\\/bien-etreiris.ch\\\/de\\\/produktpraesentation\\\/\"},{\"@type\":\"ListItem\",\"position\":3,\"name\":\"GESUNDES LEBEN\",\"item\":\"https:\\\/\\\/bien-etreiris.ch\\\/de\\\/produktpraesentation\\\/gesundes-leben\\\/\"},{\"@type\":\"ListItem\",\"position\":4,\"name\":\"ELECTROBIOLOGIE\",\"item\":\"https:\\\/\\\/bien-etreiris.ch\\\/de\\\/produktpraesentation\\\/gesundes-leben\\\/electrobiologie\\\/\"},{\"@type\":\"ListItem\",\"position\":5,\"name\":\"ENERGIE CELLULAIRE\",\"item\":\"https:\\\/\\\/bien-etreiris.ch\\\/de\\\/produktpraesentation\\\/gesundes-leben\\\/electrobiologie\\\/energie-cellulaire\\\/\"},{\"@type\":\"ListItem\",\"position\":6,\"name\":\"SINUS-CONVERTISSEUR\"}]},{\"@type\":\"WebSite\",\"@id\":\"https:\\\/\\\/bien-etreiris.ch\\\/de\\\/#website\",\"url\":\"https:\\\/\\\/bien-etreiris.ch\\\/de\\\/\",\"name\":\"Bien-\u00eatre Iris\",\"description\":\"IHRE Gesundheit ist uns wichtig\",\"potentialAction\":[{\"@type\":\"SearchAction\",\"target\":{\"@type\":\"EntryPoint\",\"urlTemplate\":\"https:\\\/\\\/bien-etreiris.ch\\\/de\\\/?s={search_term_string}\"},\"query-input\":{\"@type\":\"PropertyValueSpecification\",\"valueRequired\":true,\"valueName\":\"search_term_string\"}}],\"inLanguage\":\"de\"}]}<\/script>\n<!-- \/ Yoast SEO plugin. -->","yoast_head_json":{"title":"SINUS-CONVERTISSEUR - WOHLBEFINDEN","robots":{"index":"index","follow":"follow","max-snippet":"max-snippet:-1","max-image-preview":"max-image-preview:large","max-video-preview":"max-video-preview:-1"},"canonical":"https:\/\/bien-etreiris.ch\/de\/produktpraesentation\/gesundes-leben\/electrobiologie\/energie-cellulaire\/sinus-convertisseur\/","og_locale":"de_DE","og_type":"article","og_title":"SINUS-CONVERTISSEUR - WOHLBEFINDEN","og_description":"Sinus-convertisseur Important : pour pouvoir utiliser les&nbsp; sinus-convertisseurs, il vous faut un Room-Converter Plus, Room-Converter sinus 25 ou un sinus 5 Go. &nbsp; &nbsp; &nbsp; Animal &nbsp; &nbsp; &nbsp; i like sinus Convertisseur animal 1 pi\u00e8ce CHF 99.00** **Il est possible d'acheter cet article dans notre boutique ou de le commander en ligne chez i-like : en cliquant ici, vous&nbsp;Weiter lesen","og_url":"https:\/\/bien-etreiris.ch\/de\/produktpraesentation\/gesundes-leben\/electrobiologie\/energie-cellulaire\/sinus-convertisseur\/","og_site_name":"WOHLBEFINDEN","article_publisher":"https:\/\/www.facebook.com\/bienetreiris\/","article_modified_time":"2024-10-09T21:39:47+00:00","og_image":[{"width":500,"height":333,"url":"https:\/\/bien-etreiris.ch\/wp-content\/uploads\/2024\/10\/acceuil-sinus-converter.jpg","type":"image\/jpeg"}],"twitter_misc":{"Gesch\u00e4tzte Lesezeit":"2\u00a0Minuten"},"schema":{"@context":"https:\/\/schema.org","@graph":[{"@type":"WebPage","@id":"https:\/\/bien-etreiris.ch\/de\/produktpraesentation\/gesundes-leben\/electrobiologie\/energie-cellulaire\/sinus-convertisseur\/","url":"https:\/\/bien-etreiris.ch\/de\/produktpraesentation\/gesundes-leben\/electrobiologie\/energie-cellulaire\/sinus-convertisseur\/","name":"SINUS-CONVERTISSEUR - WOHLBEFINDEN","isPartOf":{"@id":"https:\/\/bien-etreiris.ch\/de\/#website"},"primaryImageOfPage":{"@id":"https:\/\/bien-etreiris.ch\/de\/produktpraesentation\/gesundes-leben\/electrobiologie\/energie-cellulaire\/sinus-convertisseur\/#primaryimage"},"image":{"@id":"https:\/\/bien-etreiris.ch\/de\/produktpraesentation\/gesundes-leben\/electrobiologie\/energie-cellulaire\/sinus-convertisseur\/#primaryimage"},"thumbnailUrl":"https:\/\/bien-etreiris.ch\/wp-content\/uploads\/2024\/10\/acceuil-sinus-converter.jpg","datePublished":"2024-10-08T07:50:56+00:00","dateModified":"2024-10-09T21:39:47+00:00","breadcrumb":{"@id":"https:\/\/bien-etreiris.ch\/de\/produktpraesentation\/gesundes-leben\/electrobiologie\/energie-cellulaire\/sinus-convertisseur\/#breadcrumb"},"inLanguage":"de","potentialAction":[{"@type":"ReadAction","target":["https:\/\/bien-etreiris.ch\/de\/produktpraesentation\/gesundes-leben\/electrobiologie\/energie-cellulaire\/sinus-convertisseur\/"]}]},{"@type":"ImageObject","inLanguage":"de","@id":"https:\/\/bien-etreiris.ch\/de\/produktpraesentation\/gesundes-leben\/electrobiologie\/energie-cellulaire\/sinus-convertisseur\/#primaryimage","url":"https:\/\/bien-etreiris.ch\/wp-content\/uploads\/2024\/10\/acceuil-sinus-converter.jpg","contentUrl":"https:\/\/bien-etreiris.ch\/wp-content\/uploads\/2024\/10\/acceuil-sinus-converter.jpg","width":500,"height":333},{"@type":"BreadcrumbList","@id":"https:\/\/bien-etreiris.ch\/de\/produktpraesentation\/gesundes-leben\/electrobiologie\/energie-cellulaire\/sinus-convertisseur\/#breadcrumb","itemListElement":[{"@type":"ListItem","position":1,"name":"Home","item":"https:\/\/bien-etreiris.ch\/de\/"},{"@type":"ListItem","position":2,"name":"PRODUKTPR\u00c4SENTATION","item":"https:\/\/bien-etreiris.ch\/de\/produktpraesentation\/"},{"@type":"ListItem","position":3,"name":"GESUNDES LEBEN","item":"https:\/\/bien-etreiris.ch\/de\/produktpraesentation\/gesundes-leben\/"},{"@type":"ListItem","position":4,"name":"ELECTROBIOLOGIE","item":"https:\/\/bien-etreiris.ch\/de\/produktpraesentation\/gesundes-leben\/electrobiologie\/"},{"@type":"ListItem","position":5,"name":"ENERGIE CELLULAIRE","item":"https:\/\/bien-etreiris.ch\/de\/produktpraesentation\/gesundes-leben\/electrobiologie\/energie-cellulaire\/"},{"@type":"ListItem","position":6,"name":"SINUS-CONVERTISSEUR"}]},{"@type":"WebSite","@id":"https:\/\/bien-etreiris.ch\/de\/#website","url":"https:\/\/bien-etreiris.ch\/de\/","name":"Bien-\u00eatre Iris","description":"IHRE Gesundheit ist uns wichtig","potentialAction":[{"@type":"SearchAction","target":{"@type":"EntryPoint","urlTemplate":"https:\/\/bien-etreiris.ch\/de\/?s={search_term_string}"},"query-input":{"@type":"PropertyValueSpecification","valueRequired":true,"valueName":"search_term_string"}}],"inLanguage":"de"}]}},"_links":{"self":[{"href":"https:\/\/bien-etreiris.ch\/de\/wp-json\/wp\/v2\/pages\/90713","targetHints":{"allow":["GET"]}}],"collection":[{"href":"https:\/\/bien-etreiris.ch\/de\/wp-json\/wp\/v2\/pages"}],"about":[{"href":"https:\/\/bien-etreiris.ch\/de\/wp-json\/wp\/v2\/types\/page"}],"author":[{"embeddable":true,"href":"https:\/\/bien-etreiris.ch\/de\/wp-json\/wp\/v2\/users\/1"}],"replies":[{"embeddable":true,"href":"https:\/\/bien-etreiris.ch\/de\/wp-json\/wp\/v2\/comments?post=90713"}],"version-history":[{"count":1,"href":"https:\/\/bien-etreiris.ch\/de\/wp-json\/wp\/v2\/pages\/90713\/revisions"}],"predecessor-version":[{"id":90715,"href":"https:\/\/bien-etreiris.ch\/de\/wp-json\/wp\/v2\/pages\/90713\/revisions\/90715"}],"up":[{"embeddable":true,"href":"https:\/\/bien-etreiris.ch\/de\/wp-json\/wp\/v2\/pages\/90916"}],"wp:featuredmedia":[{"embeddable":true,"href":"https:\/\/bien-etreiris.ch\/de\/wp-json\/wp\/v2\/media\/90662"}],"wp:attachment":[{"href":"https:\/\/bien-etreiris.ch\/de\/wp-json\/wp\/v2\/media?parent=90713"}],"curies":[{"name":"wp","href":"https:\/\/api.w.org\/{rel}","templated":true}]}}