{"id":90621,"date":"2024-10-07T11:37:18","date_gmt":"2024-10-07T09:37:18","guid":{"rendered":"https:\/\/bien-etreiris.ch\/unsere-marken\/i-like\/"},"modified":"2024-10-07T11:43:41","modified_gmt":"2024-10-07T09:43:41","slug":"i-like","status":"publish","type":"page","link":"https:\/\/bien-etreiris.ch\/de\/unsere-marken\/i-like\/","title":{"rendered":"I LIKE"},"content":{"rendered":"\n<h2>i<img loading=\"lazy\" decoding=\"async\" class=\"alignnone  wp-image-90616\" src=\"https:\/\/bien-etreiris.ch\/wp-content\/uploads\/2024\/10\/kleines-keuz.jpg\" alt=\"\" width=\"14\" height=\"17\">like<\/h2>\n<p>&nbsp;<\/p>\n<p>i-like souhaite vous encourager \u00e0 adopter un mode de vie vital et contribuer \u00e0 vous maintenir en bonne condition physique. Par d\u00e9finition, la condition physique signifie \u00ab se sentir bien \u00bb. C'est exactement ce qu'i-like souhaite pour vous !<\/p>\n<p>&nbsp;<\/p>\n<h4>Laissez-vous inspirer<\/h4>\n<p>La qualit\u00e9 de vie, c'est se sentir bien \u00e0 tous les niveaux, vivre et exp\u00e9rimenter et faire ce qui nous fait du bien. Le concept unique d'i-like doit vous inspirer pour que vous trouviez un \u00e9quilibre parfait entre l'estime et l'attention que vous portez \u00e0 votre corps et \u00e0 votre esprit.<\/p>\n<p>&nbsp;<\/p>\n<p>Depuis plus de 30 ans, i-like Metaphysik effectue des recherches, d\u00e9veloppe et travaille dans les domaines les plus divers en mettant l'accent sur la qualit\u00e9 de vie. Les liens et l'int\u00e9gration avec diff\u00e9rentes universit\u00e9s H+ en Europe et outre-mer ont permis de cr\u00e9er des r\u00e9seaux avec de nombreux scientifiques et sp\u00e9cialistes de diff\u00e9rentes disciplines.<\/p>\n<p>Le d\u00e9veloppement de technologies de fr\u00e9quence et d'information ainsi que les mesures et l'assurance qualit\u00e9 des institutions les plus diverses g\u00e9n\u00e8rent un grand potentiel d'avenir au sein de la philosophie i-like. Les comit\u00e9s d'experts, notre comit\u00e9 consultatif et les milliers d'utilisateurs sont en permanence \u00e0 la recherche de nouveaux d\u00e9veloppements.<br>Gr\u00e2ce \u00e0 notre r\u00e9seau d'institutions acad\u00e9miques et non acad\u00e9miques, nous disposons de comp\u00e9tences interdisciplinaires en Europe et outre-mer.<\/p>\n<p>&nbsp;<\/p>\n<h2>i-like Metaphysik GmbH et Dr. Alfred Gruber sont membres de :<\/h2>\n<ul>\n<li><a href=\"https:\/\/ssaamp.ch\/home\/\" target=\"_blank\" rel=\"noopener\">SSAAMP, Swiss Society for Anti Aging Medicine and Prevention (Soci\u00e9t\u00e9 suisse de m\u00e9decine et de pr\u00e9vention anti-\u00e2ge).<\/a><\/li>\n<li><a href=\"https:\/\/www.daembe.de\/\" target=\"_blank\" rel=\"noopener\">Acad\u00e9mie allemande pour la m\u00e9decine \u00e9nerg\u00e9tique et la bio\u00e9nerg\u00e9tique e.V.<\/a><\/li>\n<li><a href=\"https:\/\/public-health.ch\/\" target=\"_blank\" rel=\"noopener\">Sant\u00e9 publique Suisse<\/a><\/li>\n<li><a href=\"https:\/\/www.svnh.ch\/\" target=\"_blank\" rel=\"noopener\">ASNH, Association suisse pour la gu\u00e9rison naturelle<\/a><\/li>\n<li><a href=\"https:\/\/www.ignk.de\/\" target=\"_blank\" rel=\"noopener\">IGNK, Soci\u00e9t\u00e9 internationale de m\u00e9decine naturelle et culturelle<\/a><\/li>\n<li><a href=\"https:\/\/sebim.ch\/\" target=\"_blank\" rel=\"noopener\">SEBIM, Soci\u00e9t\u00e9 suisse pour l'\u00e9nergie et la bior\u00e9sonance<\/a> <br><a href=\"https:\/\/sebim.ch\/\" target=\"_blank\" rel=\"noopener\">et de la m\u00e9decine de l'information<\/a><\/li>\n<li><a href=\"https:\/\/daab.de\/\" target=\"_blank\" rel=\"noopener\">DAAB, Association allemande des allergies et de l'asthme<\/a><\/li>\n<li><a href=\"https:\/\/www.international-light-association.org\/\" target=\"_blank\" rel=\"noopener\">ILA, International Light Association<\/a><\/li>\n<\/ul>\n<p>&nbsp;<\/p>\n","protected":false},"excerpt":{"rendered":"<p>ilike &nbsp; i-like souhaite vous encourager \u00e0 adopter un mode de vie vital et contribuer \u00e0 vous maintenir en bonne condition physique. Par d\u00e9finition, la condition physique signifie \u00ab se sentir bien \u00bb. C'est exactement ce qu'i-like souhaite pour vous ! &nbsp; Laissez-vous inspirer La qualit\u00e9 de vie, c'est se sentir bien \u00e0 tous les niveaux, vivre et exp\u00e9rimenter et&nbsp;<a href=\"https:\/\/bien-etreiris.ch\/de\/unsere-marken\/i-like\/\" class=\"read-more\">Weiter lesen<\/a><\/p>\n","protected":false},"author":1,"featured_media":90629,"parent":44406,"menu_order":1218,"comment_status":"closed","ping_status":"closed","template":"page-with-child.php","meta":{"_acf_changed":false,"ngg_post_thumbnail":0,"footnotes":""},"class_list":["post-90621","page","type-page","status-publish","has-post-thumbnail","hentry"],"acf":[],"yoast_head":"<!-- This site is optimized with the Yoast SEO plugin v27.4 - https:\/\/yoast.com\/product\/yoast-seo-wordpress\/ -->\n<title>I LIKE - WOHLBEFINDEN<\/title>\n<meta name=\"robots\" content=\"index, follow, max-snippet:-1, max-image-preview:large, max-video-preview:-1\" \/>\n<link rel=\"canonical\" href=\"https:\/\/bien-etreiris.ch\/de\/unsere-marken\/i-like\/\" \/>\n<meta property=\"og:locale\" content=\"de_DE\" \/>\n<meta property=\"og:type\" content=\"article\" \/>\n<meta property=\"og:title\" content=\"I LIKE - WOHLBEFINDEN\" \/>\n<meta property=\"og:description\" content=\"ilike &nbsp; i-like souhaite vous encourager \u00e0 adopter un mode de vie vital et contribuer \u00e0 vous maintenir en bonne condition physique. Par d\u00e9finition, la condition physique signifie \u00ab se sentir bien \u00bb. C&#039;est exactement ce qu&#039;i-like souhaite pour vous ! &nbsp; Laissez-vous inspirer La qualit\u00e9 de vie, c&#039;est se sentir bien \u00e0 tous les niveaux, vivre et exp\u00e9rimenter et&nbsp;Weiter lesen\" \/>\n<meta property=\"og:url\" content=\"https:\/\/bien-etreiris.ch\/de\/unsere-marken\/i-like\/\" \/>\n<meta property=\"og:site_name\" content=\"WOHLBEFINDEN\" \/>\n<meta property=\"article:publisher\" content=\"https:\/\/www.facebook.com\/bienetreiris\/\" \/>\n<meta property=\"article:modified_time\" content=\"2024-10-07T09:43:41+00:00\" \/>\n<meta property=\"og:image\" content=\"https:\/\/bien-etreiris.ch\/wp-content\/uploads\/2024\/10\/acceuil-i-like-1.jpg\" \/>\n\t<meta property=\"og:image:width\" content=\"458\" \/>\n\t<meta property=\"og:image:height\" content=\"305\" \/>\n\t<meta property=\"og:image:type\" content=\"image\/jpeg\" \/>\n<meta name=\"twitter:label1\" content=\"Gesch\u00e4tzte Lesezeit\" \/>\n\t<meta name=\"twitter:data1\" content=\"2\u00a0Minuten\" \/>\n<script type=\"application\/ld+json\" class=\"yoast-schema-graph\">{\"@context\":\"https:\\\/\\\/schema.org\",\"@graph\":[{\"@type\":\"WebPage\",\"@id\":\"https:\\\/\\\/bien-etreiris.ch\\\/de\\\/unsere-marken\\\/i-like\\\/\",\"url\":\"https:\\\/\\\/bien-etreiris.ch\\\/de\\\/unsere-marken\\\/i-like\\\/\",\"name\":\"I LIKE - WOHLBEFINDEN\",\"isPartOf\":{\"@id\":\"https:\\\/\\\/bien-etreiris.ch\\\/de\\\/#website\"},\"primaryImageOfPage\":{\"@id\":\"https:\\\/\\\/bien-etreiris.ch\\\/de\\\/unsere-marken\\\/i-like\\\/#primaryimage\"},\"image\":{\"@id\":\"https:\\\/\\\/bien-etreiris.ch\\\/de\\\/unsere-marken\\\/i-like\\\/#primaryimage\"},\"thumbnailUrl\":\"https:\\\/\\\/bien-etreiris.ch\\\/wp-content\\\/uploads\\\/2024\\\/10\\\/acceuil-i-like-2.jpg\",\"datePublished\":\"2024-10-07T09:37:18+00:00\",\"dateModified\":\"2024-10-07T09:43:41+00:00\",\"breadcrumb\":{\"@id\":\"https:\\\/\\\/bien-etreiris.ch\\\/de\\\/unsere-marken\\\/i-like\\\/#breadcrumb\"},\"inLanguage\":\"de\",\"potentialAction\":[{\"@type\":\"ReadAction\",\"target\":[\"https:\\\/\\\/bien-etreiris.ch\\\/de\\\/unsere-marken\\\/i-like\\\/\"]}]},{\"@type\":\"ImageObject\",\"inLanguage\":\"de\",\"@id\":\"https:\\\/\\\/bien-etreiris.ch\\\/de\\\/unsere-marken\\\/i-like\\\/#primaryimage\",\"url\":\"https:\\\/\\\/bien-etreiris.ch\\\/wp-content\\\/uploads\\\/2024\\\/10\\\/acceuil-i-like-2.jpg\",\"contentUrl\":\"https:\\\/\\\/bien-etreiris.ch\\\/wp-content\\\/uploads\\\/2024\\\/10\\\/acceuil-i-like-2.jpg\",\"width\":500,\"height\":305},{\"@type\":\"BreadcrumbList\",\"@id\":\"https:\\\/\\\/bien-etreiris.ch\\\/de\\\/unsere-marken\\\/i-like\\\/#breadcrumb\",\"itemListElement\":[{\"@type\":\"ListItem\",\"position\":1,\"name\":\"Home\",\"item\":\"https:\\\/\\\/bien-etreiris.ch\\\/de\\\/\"},{\"@type\":\"ListItem\",\"position\":2,\"name\":\"UNSERE MARKEN\",\"item\":\"https:\\\/\\\/bien-etreiris.ch\\\/de\\\/unsere-marken\\\/\"},{\"@type\":\"ListItem\",\"position\":3,\"name\":\"I LIKE\"}]},{\"@type\":\"WebSite\",\"@id\":\"https:\\\/\\\/bien-etreiris.ch\\\/de\\\/#website\",\"url\":\"https:\\\/\\\/bien-etreiris.ch\\\/de\\\/\",\"name\":\"Bien-\u00eatre Iris\",\"description\":\"IHRE Gesundheit ist uns wichtig\",\"potentialAction\":[{\"@type\":\"SearchAction\",\"target\":{\"@type\":\"EntryPoint\",\"urlTemplate\":\"https:\\\/\\\/bien-etreiris.ch\\\/de\\\/?s={search_term_string}\"},\"query-input\":{\"@type\":\"PropertyValueSpecification\",\"valueRequired\":true,\"valueName\":\"search_term_string\"}}],\"inLanguage\":\"de\"}]}<\/script>\n<!-- \/ Yoast SEO plugin. -->","yoast_head_json":{"title":"I LIKE - WOHLBEFINDEN","robots":{"index":"index","follow":"follow","max-snippet":"max-snippet:-1","max-image-preview":"max-image-preview:large","max-video-preview":"max-video-preview:-1"},"canonical":"https:\/\/bien-etreiris.ch\/de\/unsere-marken\/i-like\/","og_locale":"de_DE","og_type":"article","og_title":"I LIKE - WOHLBEFINDEN","og_description":"ilike &nbsp; i-like souhaite vous encourager \u00e0 adopter un mode de vie vital et contribuer \u00e0 vous maintenir en bonne condition physique. Par d\u00e9finition, la condition physique signifie \u00ab se sentir bien \u00bb. C'est exactement ce qu'i-like souhaite pour vous ! &nbsp; Laissez-vous inspirer La qualit\u00e9 de vie, c'est se sentir bien \u00e0 tous les niveaux, vivre et exp\u00e9rimenter et&nbsp;Weiter lesen","og_url":"https:\/\/bien-etreiris.ch\/de\/unsere-marken\/i-like\/","og_site_name":"WOHLBEFINDEN","article_publisher":"https:\/\/www.facebook.com\/bienetreiris\/","article_modified_time":"2024-10-07T09:43:41+00:00","og_image":[{"width":458,"height":305,"url":"https:\/\/bien-etreiris.ch\/wp-content\/uploads\/2024\/10\/acceuil-i-like-1.jpg","type":"image\/jpeg"}],"twitter_misc":{"Gesch\u00e4tzte Lesezeit":"2\u00a0Minuten"},"schema":{"@context":"https:\/\/schema.org","@graph":[{"@type":"WebPage","@id":"https:\/\/bien-etreiris.ch\/de\/unsere-marken\/i-like\/","url":"https:\/\/bien-etreiris.ch\/de\/unsere-marken\/i-like\/","name":"I LIKE - WOHLBEFINDEN","isPartOf":{"@id":"https:\/\/bien-etreiris.ch\/de\/#website"},"primaryImageOfPage":{"@id":"https:\/\/bien-etreiris.ch\/de\/unsere-marken\/i-like\/#primaryimage"},"image":{"@id":"https:\/\/bien-etreiris.ch\/de\/unsere-marken\/i-like\/#primaryimage"},"thumbnailUrl":"https:\/\/bien-etreiris.ch\/wp-content\/uploads\/2024\/10\/acceuil-i-like-2.jpg","datePublished":"2024-10-07T09:37:18+00:00","dateModified":"2024-10-07T09:43:41+00:00","breadcrumb":{"@id":"https:\/\/bien-etreiris.ch\/de\/unsere-marken\/i-like\/#breadcrumb"},"inLanguage":"de","potentialAction":[{"@type":"ReadAction","target":["https:\/\/bien-etreiris.ch\/de\/unsere-marken\/i-like\/"]}]},{"@type":"ImageObject","inLanguage":"de","@id":"https:\/\/bien-etreiris.ch\/de\/unsere-marken\/i-like\/#primaryimage","url":"https:\/\/bien-etreiris.ch\/wp-content\/uploads\/2024\/10\/acceuil-i-like-2.jpg","contentUrl":"https:\/\/bien-etreiris.ch\/wp-content\/uploads\/2024\/10\/acceuil-i-like-2.jpg","width":500,"height":305},{"@type":"BreadcrumbList","@id":"https:\/\/bien-etreiris.ch\/de\/unsere-marken\/i-like\/#breadcrumb","itemListElement":[{"@type":"ListItem","position":1,"name":"Home","item":"https:\/\/bien-etreiris.ch\/de\/"},{"@type":"ListItem","position":2,"name":"UNSERE MARKEN","item":"https:\/\/bien-etreiris.ch\/de\/unsere-marken\/"},{"@type":"ListItem","position":3,"name":"I LIKE"}]},{"@type":"WebSite","@id":"https:\/\/bien-etreiris.ch\/de\/#website","url":"https:\/\/bien-etreiris.ch\/de\/","name":"Bien-\u00eatre Iris","description":"IHRE Gesundheit ist uns wichtig","potentialAction":[{"@type":"SearchAction","target":{"@type":"EntryPoint","urlTemplate":"https:\/\/bien-etreiris.ch\/de\/?s={search_term_string}"},"query-input":{"@type":"PropertyValueSpecification","valueRequired":true,"valueName":"search_term_string"}}],"inLanguage":"de"}]}},"_links":{"self":[{"href":"https:\/\/bien-etreiris.ch\/de\/wp-json\/wp\/v2\/pages\/90621","targetHints":{"allow":["GET"]}}],"collection":[{"href":"https:\/\/bien-etreiris.ch\/de\/wp-json\/wp\/v2\/pages"}],"about":[{"href":"https:\/\/bien-etreiris.ch\/de\/wp-json\/wp\/v2\/types\/page"}],"author":[{"embeddable":true,"href":"https:\/\/bien-etreiris.ch\/de\/wp-json\/wp\/v2\/users\/1"}],"replies":[{"embeddable":true,"href":"https:\/\/bien-etreiris.ch\/de\/wp-json\/wp\/v2\/comments?post=90621"}],"version-history":[{"count":1,"href":"https:\/\/bien-etreiris.ch\/de\/wp-json\/wp\/v2\/pages\/90621\/revisions"}],"predecessor-version":[{"id":90623,"href":"https:\/\/bien-etreiris.ch\/de\/wp-json\/wp\/v2\/pages\/90621\/revisions\/90623"}],"up":[{"embeddable":true,"href":"https:\/\/bien-etreiris.ch\/de\/wp-json\/wp\/v2\/pages\/44406"}],"wp:featuredmedia":[{"embeddable":true,"href":"https:\/\/bien-etreiris.ch\/de\/wp-json\/wp\/v2\/media\/90629"}],"wp:attachment":[{"href":"https:\/\/bien-etreiris.ch\/de\/wp-json\/wp\/v2\/media?parent=90621"}],"curies":[{"name":"wp","href":"https:\/\/api.w.org\/{rel}","templated":true}]}}