{"id":90530,"date":"2024-10-07T08:37:06","date_gmt":"2024-10-07T06:37:06","guid":{"rendered":"https:\/\/bien-etreiris.ch\/produktpraesentation\/gesundes-leben\/electrobiologie\/frequences\/room-converter\/"},"modified":"2024-10-07T12:23:12","modified_gmt":"2024-10-07T10:23:12","slug":"room-converter","status":"publish","type":"page","link":"https:\/\/bien-etreiris.ch\/de\/produktpraesentation\/gesundes-leben\/electrobiologie\/energie-cellulaire\/sender\/room-converter\/","title":{"rendered":"ROOM-CONVERTER"},"content":{"rendered":"<h2>Room-Converter Plus<\/h2>\n<p><img loading=\"lazy\" decoding=\"async\" class=\"size-full wp-image-90524 alignleft\" src=\"https:\/\/bien-etreiris.ch\/wp-content\/uploads\/2024\/10\/Room-Converter.jpg\" alt=\"\" width=\"312\" height=\"312\" srcset=\"https:\/\/bien-etreiris.ch\/wp-content\/uploads\/2024\/10\/Room-Converter.jpg 312w, https:\/\/bien-etreiris.ch\/wp-content\/uploads\/2024\/10\/Room-Converter-300x300.jpg 300w, https:\/\/bien-etreiris.ch\/wp-content\/uploads\/2024\/10\/Room-Converter-150x150.jpg 150w\" sizes=\"auto, (max-width: 312px) 100vw, 312px\" \/><\/p>\n<p>&nbsp;<\/p>\n<p>&nbsp;<\/p>\n<p>Avec le Room-Converter Plus, six fr\u00e9quences diff\u00e9rentes sont \u00e9mises. Celles-ci entrent en r\u00e9sonance avec le champ \u00e9nerg\u00e9tique de l'\u00eatre humain et certains processus corporels et peuvent ainsi avoir une influence positive sur l'\u00e9tat g\u00e9n\u00e9ral.<br \/>\nChaque Room-Converter Plus est livr\u00e9 avec un sinus Converter e-smog. Gr\u00e2ce \u00e0 des codes d'information sp\u00e9cialement d\u00e9velopp\u00e9s et \u00e0 l'utilisation de la physique quantique moderne (scalaires), un champ de r\u00e9sonance est cr\u00e9\u00e9 afin de favoriser la bior\u00e9sistance propre au corps. Nous cr\u00e9ons ainsi une atmosph\u00e8re de bien-\u00eatre pour le corps, afin qu'il soit arm\u00e9 pour r\u00e9sister aux influences de plus en plus violentes de l'\u00e9lectrosmog.<br \/>\nDimensions du produit : Longueur 220 mm, largeur 220 mm, hauteur 65 mm.<\/p>\n<p>Le Room-Converter Plus est livr\u00e9 avec le sinus Converter e-smog<\/p>\n<p>&nbsp;<\/p>\n<p>&nbsp;<\/p>\n<h4>1 pi\u00e8ce <strong>CHF 2990.00 *\/ **<\/strong><\/h4>\n<p><a href=\"https:\/\/ispycher.i-like.net\/webshop\/room-converter_plus\/rc-plus\" target=\"_blank\" rel=\"noopener\"><span style=\"color: #ff0000;\"><em>*Il est possible d'acheter cet article dans notre boutique ou de le commander en ligne chez i-like : en cliquant ici, vous acc\u00e9dez directement \u00e0 notre plateforme de vente chez i-like.<\/em><\/span><\/a><\/p>\n<p>(**Louez maintenant votre Room-Converter pour <strong>CHF 89.50<\/strong> par mois)<\/p>\n<p>&nbsp;<\/p>\n<h4><span style=\"color: #99cc00;\">Mode d'emploi <span style=\"color: #ff0000;\">en pdf<\/span><\/span><\/h4>\n<p>&nbsp;<\/p>\n<p>&nbsp;<\/p>\n<h4><b>Fr\u00e9quence de 8 Hz<\/b><\/h4>\n<p><img loading=\"lazy\" decoding=\"async\" class=\"wp-image-90533 alignleft\" src=\"https:\/\/bien-etreiris.ch\/wp-content\/uploads\/2024\/10\/8-hz-frequence-scaled.jpg\" alt=\"\" width=\"154\" height=\"154\" srcset=\"https:\/\/bien-etreiris.ch\/wp-content\/uploads\/2024\/10\/8-hz-frequence-scaled.jpg 2560w, https:\/\/bien-etreiris.ch\/wp-content\/uploads\/2024\/10\/8-hz-frequence-300x300.jpg 300w, https:\/\/bien-etreiris.ch\/wp-content\/uploads\/2024\/10\/8-hz-frequence-1024x1024.jpg 1024w, https:\/\/bien-etreiris.ch\/wp-content\/uploads\/2024\/10\/8-hz-frequence-150x150.jpg 150w, https:\/\/bien-etreiris.ch\/wp-content\/uploads\/2024\/10\/8-hz-frequence-768x768.jpg 768w, https:\/\/bien-etreiris.ch\/wp-content\/uploads\/2024\/10\/8-hz-frequence-1536x1536.jpg 1536w, https:\/\/bien-etreiris.ch\/wp-content\/uploads\/2024\/10\/8-hz-frequence-2048x2048.jpg 2048w\" sizes=\"auto, (max-width: 154px) 100vw, 154px\" \/><\/p>\n<p>&nbsp;<\/p>\n<p>&nbsp;<\/p>\n<p>8 Hz est la fr\u00e9quence de r\u00e9sonance naturelle de la Terre et est consid\u00e9r\u00e9e comme id\u00e9ale pour recharger les cellules. De plus, les 8 Hz sont li\u00e9s aux ondes alpha et peuvent donc avoir une influence positive sur les zones alpha.<\/p>\n<p>&nbsp;<\/p>\n<p>&nbsp;<\/p>\n<h4><b>Fr\u00e9quence de 10,5 Hz<\/b><\/h4>\n<p><img loading=\"lazy\" decoding=\"async\" class=\"wp-image-90537 alignleft\" src=\"https:\/\/bien-etreiris.ch\/wp-content\/uploads\/2024\/10\/10.5-Hz-frequence-scaled.jpg\" alt=\"\" width=\"154\" height=\"154\" srcset=\"https:\/\/bien-etreiris.ch\/wp-content\/uploads\/2024\/10\/10.5-Hz-frequence-scaled.jpg 2560w, https:\/\/bien-etreiris.ch\/wp-content\/uploads\/2024\/10\/10.5-Hz-frequence-300x300.jpg 300w, https:\/\/bien-etreiris.ch\/wp-content\/uploads\/2024\/10\/10.5-Hz-frequence-1024x1024.jpg 1024w, https:\/\/bien-etreiris.ch\/wp-content\/uploads\/2024\/10\/10.5-Hz-frequence-150x150.jpg 150w, https:\/\/bien-etreiris.ch\/wp-content\/uploads\/2024\/10\/10.5-Hz-frequence-768x768.jpg 768w, https:\/\/bien-etreiris.ch\/wp-content\/uploads\/2024\/10\/10.5-Hz-frequence-1536x1536.jpg 1536w, https:\/\/bien-etreiris.ch\/wp-content\/uploads\/2024\/10\/10.5-Hz-frequence-2048x2048.jpg 2048w\" sizes=\"auto, (max-width: 154px) 100vw, 154px\" \/><\/p>\n<p>&nbsp;<\/p>\n<p>&nbsp;<\/p>\n<p>La fr\u00e9quence 10,5 Hz est souvent associ\u00e9e \u00e0 la cr\u00e9ativit\u00e9, \u00e0 la concentration et \u00e0 la capacit\u00e9 d'apprentissage. Cette fr\u00e9quence aiderait \u00e0 stimuler l'esprit et \u00e0 favoriser une humeur mentale positive.<\/p>\n<p>&nbsp;<\/p>\n<p>&nbsp;<\/p>\n<h4><b>Fr\u00e9quence de 285 Hz<\/b><\/h4>\n<p><img loading=\"lazy\" decoding=\"async\" class=\"wp-image-90540 alignleft\" src=\"https:\/\/bien-etreiris.ch\/wp-content\/uploads\/2024\/10\/285-Hz-Frequence-scaled.jpg\" alt=\"\" width=\"154\" height=\"154\" srcset=\"https:\/\/bien-etreiris.ch\/wp-content\/uploads\/2024\/10\/285-Hz-Frequence-scaled.jpg 2560w, https:\/\/bien-etreiris.ch\/wp-content\/uploads\/2024\/10\/285-Hz-Frequence-300x300.jpg 300w, https:\/\/bien-etreiris.ch\/wp-content\/uploads\/2024\/10\/285-Hz-Frequence-1024x1024.jpg 1024w, https:\/\/bien-etreiris.ch\/wp-content\/uploads\/2024\/10\/285-Hz-Frequence-150x150.jpg 150w, https:\/\/bien-etreiris.ch\/wp-content\/uploads\/2024\/10\/285-Hz-Frequence-768x768.jpg 768w, https:\/\/bien-etreiris.ch\/wp-content\/uploads\/2024\/10\/285-Hz-Frequence-1536x1536.jpg 1536w, https:\/\/bien-etreiris.ch\/wp-content\/uploads\/2024\/10\/285-Hz-Frequence-2048x2048.jpg 2048w\" sizes=\"auto, (max-width: 154px) 100vw, 154px\" \/><\/p>\n<p>&nbsp;<\/p>\n<p>&nbsp;<\/p>\n<p>La fr\u00e9quence 285 Hz doit contribuer \u00e0 harmoniser et \u00e0 revitaliser le corps de mani\u00e8re naturelle. Cette fr\u00e9quence est associ\u00e9e \u00e0 l'activation de la r\u00e9g\u00e9n\u00e9ration cellulaire et au bien-\u00eatre physique.<\/p>\n<p>&nbsp;<\/p>\n<p>&nbsp;<\/p>\n<h4><b>Fr\u00e9quence de 432 Hz<\/b><\/h4>\n<h4><img loading=\"lazy\" decoding=\"async\" class=\"wp-image-90549 alignleft\" src=\"https:\/\/bien-etreiris.ch\/wp-content\/uploads\/2024\/10\/Frequence-de-432-Hz-scaled.jpg\" alt=\"\" width=\"154\" height=\"154\" srcset=\"https:\/\/bien-etreiris.ch\/wp-content\/uploads\/2024\/10\/Frequence-de-432-Hz-scaled.jpg 2560w, https:\/\/bien-etreiris.ch\/wp-content\/uploads\/2024\/10\/Frequence-de-432-Hz-300x300.jpg 300w, https:\/\/bien-etreiris.ch\/wp-content\/uploads\/2024\/10\/Frequence-de-432-Hz-1024x1024.jpg 1024w, https:\/\/bien-etreiris.ch\/wp-content\/uploads\/2024\/10\/Frequence-de-432-Hz-150x150.jpg 150w, https:\/\/bien-etreiris.ch\/wp-content\/uploads\/2024\/10\/Frequence-de-432-Hz-768x768.jpg 768w, https:\/\/bien-etreiris.ch\/wp-content\/uploads\/2024\/10\/Frequence-de-432-Hz-1536x1536.jpg 1536w, https:\/\/bien-etreiris.ch\/wp-content\/uploads\/2024\/10\/Frequence-de-432-Hz-2048x2048.jpg 2048w\" sizes=\"auto, (max-width: 154px) 100vw, 154px\" \/><\/h4>\n<p>&nbsp;<\/p>\n<p>&nbsp;<\/p>\n<p>La fr\u00e9quence 432 Hz est associ\u00e9e \u00e0 l'\u00e9quilibre, \u00e0 la d\u00e9tente et \u00e0 l'harmonie musicale. Elle est utilis\u00e9e comme accordage alternatif d'instruments de musique pour cr\u00e9er une connexion plus profonde avec la nature.<\/p>\n<p>&nbsp;<\/p>\n<p>&nbsp;<\/p>\n<h4><b>Fr\u00e9quence 528 Hz<\/b><\/h4>\n<p><img loading=\"lazy\" decoding=\"async\" class=\"wp-image-90543 alignleft\" src=\"https:\/\/bien-etreiris.ch\/wp-content\/uploads\/2024\/10\/Frequence-528-Hz-scaled.jpg\" alt=\"\" width=\"154\" height=\"154\" srcset=\"https:\/\/bien-etreiris.ch\/wp-content\/uploads\/2024\/10\/Frequence-528-Hz-scaled.jpg 2560w, https:\/\/bien-etreiris.ch\/wp-content\/uploads\/2024\/10\/Frequence-528-Hz-300x300.jpg 300w, https:\/\/bien-etreiris.ch\/wp-content\/uploads\/2024\/10\/Frequence-528-Hz-1024x1024.jpg 1024w, https:\/\/bien-etreiris.ch\/wp-content\/uploads\/2024\/10\/Frequence-528-Hz-150x150.jpg 150w, https:\/\/bien-etreiris.ch\/wp-content\/uploads\/2024\/10\/Frequence-528-Hz-768x768.jpg 768w, https:\/\/bien-etreiris.ch\/wp-content\/uploads\/2024\/10\/Frequence-528-Hz-1536x1536.jpg 1536w, https:\/\/bien-etreiris.ch\/wp-content\/uploads\/2024\/10\/Frequence-528-Hz-2048x2048.jpg 2048w\" sizes=\"auto, (max-width: 154px) 100vw, 154px\" \/><\/p>\n<p>&nbsp;<\/p>\n<p>&nbsp;<\/p>\n<p>528 Hz est \u00e9galement appel\u00e9e \u00ab fr\u00e9quence de l'amour \u00bb. Elle est associ\u00e9e au renforcement des relations, aux changements positifs et doit \u00eatre per\u00e7ue comme apaisante et exaltant<\/p>\n<p>&nbsp;<\/p>\n<p>&nbsp;<\/p>\n<h4><b>Fr\u00e9quence 741 Hz<\/b><\/h4>\n<p><img loading=\"lazy\" decoding=\"async\" class=\"wp-image-90546 alignleft\" src=\"https:\/\/bien-etreiris.ch\/wp-content\/uploads\/2024\/10\/Frequence-741-Hz-scaled.jpg\" alt=\"\" width=\"154\" height=\"154\" srcset=\"https:\/\/bien-etreiris.ch\/wp-content\/uploads\/2024\/10\/Frequence-741-Hz-scaled.jpg 2560w, https:\/\/bien-etreiris.ch\/wp-content\/uploads\/2024\/10\/Frequence-741-Hz-300x300.jpg 300w, https:\/\/bien-etreiris.ch\/wp-content\/uploads\/2024\/10\/Frequence-741-Hz-1024x1024.jpg 1024w, https:\/\/bien-etreiris.ch\/wp-content\/uploads\/2024\/10\/Frequence-741-Hz-150x150.jpg 150w, https:\/\/bien-etreiris.ch\/wp-content\/uploads\/2024\/10\/Frequence-741-Hz-768x768.jpg 768w, https:\/\/bien-etreiris.ch\/wp-content\/uploads\/2024\/10\/Frequence-741-Hz-1536x1536.jpg 1536w, https:\/\/bien-etreiris.ch\/wp-content\/uploads\/2024\/10\/Frequence-741-Hz-2048x2048.jpg 2048w\" sizes=\"auto, (max-width: 154px) 100vw, 154px\" \/><\/p>\n<p>&nbsp;<\/p>\n<p>&nbsp;<\/p>\n<p>La fr\u00e9quence 741 Hz est associ\u00e9e \u00e0 la stimulation de l'intuition, \u00e0 l'expression des \u00e9motions et \u00e0 la clart\u00e9 d'esprit. Elle aiderait \u00e0 se d\u00e9tacher des \u00e9nergies n\u00e9gatives et aurait un effet fortifiant sur l'esprit.<\/p>\n<p>&nbsp;<\/p>\n<p>&nbsp;<\/p>\n<p>&nbsp;<\/p>\n<h4>Champs de perturbation g\u00e9omantique<\/h4>\n<p>De nombreux rapports et mesures indiquent que la r\u00e9sistance biologique du corps aux champs de perturbation g\u00e9omantiques est renforc\u00e9e gr\u00e2ce au Room-Converter Plus (comme par exemple les perturbations du r\u00e9seau, les veines d'eau et autres). Ce processus peut toutefois prendre un certain temps.<\/p>\n<p>&nbsp;<\/p>\n<h4>Remarque:<\/h4>\n<p><em> Nous nous distan\u00e7ons des d\u00e9clarations et des promesses de gu\u00e9rison. Les informations utilis\u00e9es sur les produits sont des r\u00e9sultats de mesure bas\u00e9s sur des sources et des rapports d'exp\u00e9rience d'utilisateurs. L'utilisation des produits i-like ne remplace ni le m\u00e9decin ni le th\u00e9rapeute.<\/em><\/p>\n<p>&nbsp;<\/p>\n<p>&nbsp;<\/p>\n<h2>Savoir plus:<\/h2>\n<p>&nbsp;<\/p>\n<h4>Technologie de fr\u00e9quence Room-Converter Plus<\/h4>\n<p>Vous trouverez des descriptions d\u00e9taill\u00e9es des produits sur www.i-like.net4 Technologie de fr\u00e9quence Room-Converter Plus. Depuis plus de 30 ans, la recherche et d\u00e9veloppe l'\u00e9quipe de recherche de<br \/>\ni-like Metaphysik travaille sur la probl\u00e9matique desde l'\u00e9lectrosmog non thermique, mais aussi sur de nombreuses autres fr\u00e9quence- ainsi que sur le syndrome d'insuffisance de champ magn\u00e9to-drom, qui est le plus important. La technologie i-like se concentre sur la pr\u00e9vention se concentre sur la pr\u00e9vention.<\/p>\n<h4>La pr\u00e9vention est, par d\u00e9finition, un terme g\u00e9n\u00e9rique.<\/h4>\n<p>terme qui d\u00e9signe des mesures cibl\u00e9es pour pr\u00e9venir les effets n\u00e9gatifs sur la sant\u00e9, d'\u00e9viter les effets n\u00e9gatifs et de r\u00e9duire les risques de r\u00e9duire les risques. Cela signifie que dans l'organisme de l'hommese trouve le potentiel de la sant\u00e9. Toutes les informations sont stock\u00e9es dans chaque cellule.<br \/>\ninformations pour \u00eatre en bonne sant\u00e9, pour \u00eatre et rester en bonne sant\u00e9. C'est l\u00e0 qu'intervient la technologie i-like.<\/p>\n<p>La technologie i-like est bas\u00e9e sur la fonction de fournir \u00e0 l'organisme humain des codes d'information sp\u00e9cifiques. Pour renforcer la bio-activit\u00e9 de l'organisme. Renforcer la r\u00e9sistance.<\/p>\n<h4>La programmation des informations<\/h4>\n<p>La programmation des codes d'information se fait sur des convertisseurs, qui contiennent de l'or 24 carats sont dot\u00e9s d'un bo\u00eetier en or. Par l'\u00e9mission de de diff\u00e9rentes fr\u00e9quences par le Room-Converter <em><strong>accessibles aux cellules<\/strong><\/em>. L'objectif est de, r\u00e9alis\u00e9 un environnement optimis\u00e9 pour vos cellules<br \/>\nenvironnement qui aura un effet positif sur votre bien-\u00eatre personnel peut avoir un effet positif.<\/p>\n<p>&nbsp;<\/p>\n","protected":false},"excerpt":{"rendered":"<p>Room-Converter Plus &nbsp; &nbsp; Avec le Room-Converter Plus, six fr\u00e9quences diff\u00e9rentes sont \u00e9mises. Celles-ci entrent en r\u00e9sonance avec le champ \u00e9nerg\u00e9tique de l'\u00eatre humain et certains processus corporels et peuvent ainsi avoir une influence positive sur l'\u00e9tat g\u00e9n\u00e9ral. Chaque Room-Converter Plus est livr\u00e9 avec un sinus Converter e-smog. Gr\u00e2ce \u00e0 des codes d'information sp\u00e9cialement d\u00e9velopp\u00e9s et \u00e0 l'utilisation de la&nbsp;<a href=\"https:\/\/bien-etreiris.ch\/de\/produktpraesentation\/gesundes-leben\/electrobiologie\/energie-cellulaire\/sender\/room-converter\/\" class=\"read-more\">Weiter lesen<\/a><\/p>\n","protected":false},"author":1,"featured_media":90523,"parent":90218,"menu_order":1228,"comment_status":"closed","ping_status":"closed","template":"page-with-child.php","meta":{"_acf_changed":false,"ngg_post_thumbnail":0,"footnotes":""},"class_list":["post-90530","page","type-page","status-publish","has-post-thumbnail","hentry"],"acf":[],"yoast_head":"<!-- This site is optimized with the Yoast SEO plugin v27.5 - https:\/\/yoast.com\/product\/yoast-seo-wordpress\/ -->\n<title>ROOM-CONVERTER - WOHLBEFINDEN<\/title>\n<meta name=\"robots\" content=\"index, follow, max-snippet:-1, max-image-preview:large, max-video-preview:-1\" \/>\n<link rel=\"canonical\" href=\"https:\/\/bien-etreiris.ch\/de\/produktpraesentation\/gesundes-leben\/electrobiologie\/sender\/room-converter\/\" \/>\n<meta property=\"og:locale\" content=\"de_DE\" \/>\n<meta property=\"og:type\" content=\"article\" \/>\n<meta property=\"og:title\" content=\"ROOM-CONVERTER - WOHLBEFINDEN\" \/>\n<meta property=\"og:description\" content=\"Room-Converter Plus &nbsp; &nbsp; Avec le Room-Converter Plus, six fr\u00e9quences diff\u00e9rentes sont \u00e9mises. Celles-ci entrent en r\u00e9sonance avec le champ \u00e9nerg\u00e9tique de l&#039;\u00eatre humain et certains processus corporels et peuvent ainsi avoir une influence positive sur l&#039;\u00e9tat g\u00e9n\u00e9ral. Chaque Room-Converter Plus est livr\u00e9 avec un sinus Converter e-smog. Gr\u00e2ce \u00e0 des codes d&#039;information sp\u00e9cialement d\u00e9velopp\u00e9s et \u00e0 l&#039;utilisation de la&nbsp;Weiter lesen\" \/>\n<meta property=\"og:url\" content=\"https:\/\/bien-etreiris.ch\/de\/produktpraesentation\/gesundes-leben\/electrobiologie\/sender\/room-converter\/\" \/>\n<meta property=\"og:site_name\" content=\"WOHLBEFINDEN\" \/>\n<meta property=\"article:publisher\" content=\"https:\/\/www.facebook.com\/bienetreiris\/\" \/>\n<meta property=\"article:modified_time\" content=\"2024-10-07T10:23:12+00:00\" \/>\n<meta property=\"og:image\" content=\"https:\/\/bien-etreiris.ch\/wp-content\/uploads\/2024\/10\/acceuil-Room-Converter.jpg\" \/>\n\t<meta property=\"og:image:width\" content=\"500\" \/>\n\t<meta property=\"og:image:height\" content=\"333\" \/>\n\t<meta property=\"og:image:type\" content=\"image\/jpeg\" \/>\n<meta name=\"twitter:label1\" content=\"Gesch\u00e4tzte Lesezeit\" \/>\n\t<meta name=\"twitter:data1\" content=\"6\u00a0Minuten\" \/>\n<script type=\"application\/ld+json\" class=\"yoast-schema-graph\">{\"@context\":\"https:\\\/\\\/schema.org\",\"@graph\":[{\"@type\":\"WebPage\",\"@id\":\"https:\\\/\\\/bien-etreiris.ch\\\/de\\\/produktpraesentation\\\/gesundes-leben\\\/electrobiologie\\\/sender\\\/room-converter\\\/\",\"url\":\"https:\\\/\\\/bien-etreiris.ch\\\/de\\\/produktpraesentation\\\/gesundes-leben\\\/electrobiologie\\\/sender\\\/room-converter\\\/\",\"name\":\"ROOM-CONVERTER - WOHLBEFINDEN\",\"isPartOf\":{\"@id\":\"https:\\\/\\\/bien-etreiris.ch\\\/de\\\/#website\"},\"primaryImageOfPage\":{\"@id\":\"https:\\\/\\\/bien-etreiris.ch\\\/de\\\/produktpraesentation\\\/gesundes-leben\\\/electrobiologie\\\/sender\\\/room-converter\\\/#primaryimage\"},\"image\":{\"@id\":\"https:\\\/\\\/bien-etreiris.ch\\\/de\\\/produktpraesentation\\\/gesundes-leben\\\/electrobiologie\\\/sender\\\/room-converter\\\/#primaryimage\"},\"thumbnailUrl\":\"https:\\\/\\\/bien-etreiris.ch\\\/wp-content\\\/uploads\\\/2024\\\/10\\\/acceuil-Room-Converter.jpg\",\"datePublished\":\"2024-10-07T06:37:06+00:00\",\"dateModified\":\"2024-10-07T10:23:12+00:00\",\"breadcrumb\":{\"@id\":\"https:\\\/\\\/bien-etreiris.ch\\\/de\\\/produktpraesentation\\\/gesundes-leben\\\/electrobiologie\\\/sender\\\/room-converter\\\/#breadcrumb\"},\"inLanguage\":\"de\",\"potentialAction\":[{\"@type\":\"ReadAction\",\"target\":[\"https:\\\/\\\/bien-etreiris.ch\\\/de\\\/produktpraesentation\\\/gesundes-leben\\\/electrobiologie\\\/sender\\\/room-converter\\\/\"]}]},{\"@type\":\"ImageObject\",\"inLanguage\":\"de\",\"@id\":\"https:\\\/\\\/bien-etreiris.ch\\\/de\\\/produktpraesentation\\\/gesundes-leben\\\/electrobiologie\\\/sender\\\/room-converter\\\/#primaryimage\",\"url\":\"https:\\\/\\\/bien-etreiris.ch\\\/wp-content\\\/uploads\\\/2024\\\/10\\\/acceuil-Room-Converter.jpg\",\"contentUrl\":\"https:\\\/\\\/bien-etreiris.ch\\\/wp-content\\\/uploads\\\/2024\\\/10\\\/acceuil-Room-Converter.jpg\",\"width\":500,\"height\":333},{\"@type\":\"BreadcrumbList\",\"@id\":\"https:\\\/\\\/bien-etreiris.ch\\\/de\\\/produktpraesentation\\\/gesundes-leben\\\/electrobiologie\\\/sender\\\/room-converter\\\/#breadcrumb\",\"itemListElement\":[{\"@type\":\"ListItem\",\"position\":1,\"name\":\"Home\",\"item\":\"https:\\\/\\\/bien-etreiris.ch\\\/de\\\/\"},{\"@type\":\"ListItem\",\"position\":2,\"name\":\"PRODUKTPR\u00c4SENTATION\",\"item\":\"https:\\\/\\\/bien-etreiris.ch\\\/de\\\/produktpraesentation\\\/\"},{\"@type\":\"ListItem\",\"position\":3,\"name\":\"GESUNDES LEBEN\",\"item\":\"https:\\\/\\\/bien-etreiris.ch\\\/de\\\/produktpraesentation\\\/gesundes-leben\\\/\"},{\"@type\":\"ListItem\",\"position\":4,\"name\":\"ELECTROBIOLOGIE\",\"item\":\"https:\\\/\\\/bien-etreiris.ch\\\/de\\\/produktpraesentation\\\/gesundes-leben\\\/electrobiologie\\\/\"},{\"@type\":\"ListItem\",\"position\":5,\"name\":\"SENDER\",\"item\":\"https:\\\/\\\/bien-etreiris.ch\\\/de\\\/produktpraesentation\\\/gesundes-leben\\\/electrobiologie\\\/sender\\\/\"},{\"@type\":\"ListItem\",\"position\":6,\"name\":\"ROOM-CONVERTER\"}]},{\"@type\":\"WebSite\",\"@id\":\"https:\\\/\\\/bien-etreiris.ch\\\/de\\\/#website\",\"url\":\"https:\\\/\\\/bien-etreiris.ch\\\/de\\\/\",\"name\":\"Bien-\u00eatre Iris\",\"description\":\"IHRE Gesundheit ist uns wichtig\",\"potentialAction\":[{\"@type\":\"SearchAction\",\"target\":{\"@type\":\"EntryPoint\",\"urlTemplate\":\"https:\\\/\\\/bien-etreiris.ch\\\/de\\\/?s={search_term_string}\"},\"query-input\":{\"@type\":\"PropertyValueSpecification\",\"valueRequired\":true,\"valueName\":\"search_term_string\"}}],\"inLanguage\":\"de\"}]}<\/script>\n<!-- \/ Yoast SEO plugin. -->","yoast_head_json":{"title":"ROOM-CONVERTER - WOHLBEFINDEN","robots":{"index":"index","follow":"follow","max-snippet":"max-snippet:-1","max-image-preview":"max-image-preview:large","max-video-preview":"max-video-preview:-1"},"canonical":"https:\/\/bien-etreiris.ch\/de\/produktpraesentation\/gesundes-leben\/electrobiologie\/sender\/room-converter\/","og_locale":"de_DE","og_type":"article","og_title":"ROOM-CONVERTER - WOHLBEFINDEN","og_description":"Room-Converter Plus &nbsp; &nbsp; Avec le Room-Converter Plus, six fr\u00e9quences diff\u00e9rentes sont \u00e9mises. Celles-ci entrent en r\u00e9sonance avec le champ \u00e9nerg\u00e9tique de l'\u00eatre humain et certains processus corporels et peuvent ainsi avoir une influence positive sur l'\u00e9tat g\u00e9n\u00e9ral. Chaque Room-Converter Plus est livr\u00e9 avec un sinus Converter e-smog. Gr\u00e2ce \u00e0 des codes d'information sp\u00e9cialement d\u00e9velopp\u00e9s et \u00e0 l'utilisation de la&nbsp;Weiter lesen","og_url":"https:\/\/bien-etreiris.ch\/de\/produktpraesentation\/gesundes-leben\/electrobiologie\/sender\/room-converter\/","og_site_name":"WOHLBEFINDEN","article_publisher":"https:\/\/www.facebook.com\/bienetreiris\/","article_modified_time":"2024-10-07T10:23:12+00:00","og_image":[{"width":500,"height":333,"url":"https:\/\/bien-etreiris.ch\/wp-content\/uploads\/2024\/10\/acceuil-Room-Converter.jpg","type":"image\/jpeg"}],"twitter_misc":{"Gesch\u00e4tzte Lesezeit":"6\u00a0Minuten"},"schema":{"@context":"https:\/\/schema.org","@graph":[{"@type":"WebPage","@id":"https:\/\/bien-etreiris.ch\/de\/produktpraesentation\/gesundes-leben\/electrobiologie\/sender\/room-converter\/","url":"https:\/\/bien-etreiris.ch\/de\/produktpraesentation\/gesundes-leben\/electrobiologie\/sender\/room-converter\/","name":"ROOM-CONVERTER - WOHLBEFINDEN","isPartOf":{"@id":"https:\/\/bien-etreiris.ch\/de\/#website"},"primaryImageOfPage":{"@id":"https:\/\/bien-etreiris.ch\/de\/produktpraesentation\/gesundes-leben\/electrobiologie\/sender\/room-converter\/#primaryimage"},"image":{"@id":"https:\/\/bien-etreiris.ch\/de\/produktpraesentation\/gesundes-leben\/electrobiologie\/sender\/room-converter\/#primaryimage"},"thumbnailUrl":"https:\/\/bien-etreiris.ch\/wp-content\/uploads\/2024\/10\/acceuil-Room-Converter.jpg","datePublished":"2024-10-07T06:37:06+00:00","dateModified":"2024-10-07T10:23:12+00:00","breadcrumb":{"@id":"https:\/\/bien-etreiris.ch\/de\/produktpraesentation\/gesundes-leben\/electrobiologie\/sender\/room-converter\/#breadcrumb"},"inLanguage":"de","potentialAction":[{"@type":"ReadAction","target":["https:\/\/bien-etreiris.ch\/de\/produktpraesentation\/gesundes-leben\/electrobiologie\/sender\/room-converter\/"]}]},{"@type":"ImageObject","inLanguage":"de","@id":"https:\/\/bien-etreiris.ch\/de\/produktpraesentation\/gesundes-leben\/electrobiologie\/sender\/room-converter\/#primaryimage","url":"https:\/\/bien-etreiris.ch\/wp-content\/uploads\/2024\/10\/acceuil-Room-Converter.jpg","contentUrl":"https:\/\/bien-etreiris.ch\/wp-content\/uploads\/2024\/10\/acceuil-Room-Converter.jpg","width":500,"height":333},{"@type":"BreadcrumbList","@id":"https:\/\/bien-etreiris.ch\/de\/produktpraesentation\/gesundes-leben\/electrobiologie\/sender\/room-converter\/#breadcrumb","itemListElement":[{"@type":"ListItem","position":1,"name":"Home","item":"https:\/\/bien-etreiris.ch\/de\/"},{"@type":"ListItem","position":2,"name":"PRODUKTPR\u00c4SENTATION","item":"https:\/\/bien-etreiris.ch\/de\/produktpraesentation\/"},{"@type":"ListItem","position":3,"name":"GESUNDES LEBEN","item":"https:\/\/bien-etreiris.ch\/de\/produktpraesentation\/gesundes-leben\/"},{"@type":"ListItem","position":4,"name":"ELECTROBIOLOGIE","item":"https:\/\/bien-etreiris.ch\/de\/produktpraesentation\/gesundes-leben\/electrobiologie\/"},{"@type":"ListItem","position":5,"name":"SENDER","item":"https:\/\/bien-etreiris.ch\/de\/produktpraesentation\/gesundes-leben\/electrobiologie\/sender\/"},{"@type":"ListItem","position":6,"name":"ROOM-CONVERTER"}]},{"@type":"WebSite","@id":"https:\/\/bien-etreiris.ch\/de\/#website","url":"https:\/\/bien-etreiris.ch\/de\/","name":"Bien-\u00eatre Iris","description":"IHRE Gesundheit ist uns wichtig","potentialAction":[{"@type":"SearchAction","target":{"@type":"EntryPoint","urlTemplate":"https:\/\/bien-etreiris.ch\/de\/?s={search_term_string}"},"query-input":{"@type":"PropertyValueSpecification","valueRequired":true,"valueName":"search_term_string"}}],"inLanguage":"de"}]}},"_links":{"self":[{"href":"https:\/\/bien-etreiris.ch\/de\/wp-json\/wp\/v2\/pages\/90530","targetHints":{"allow":["GET"]}}],"collection":[{"href":"https:\/\/bien-etreiris.ch\/de\/wp-json\/wp\/v2\/pages"}],"about":[{"href":"https:\/\/bien-etreiris.ch\/de\/wp-json\/wp\/v2\/types\/page"}],"author":[{"embeddable":true,"href":"https:\/\/bien-etreiris.ch\/de\/wp-json\/wp\/v2\/users\/1"}],"replies":[{"embeddable":true,"href":"https:\/\/bien-etreiris.ch\/de\/wp-json\/wp\/v2\/comments?post=90530"}],"version-history":[{"count":8,"href":"https:\/\/bien-etreiris.ch\/de\/wp-json\/wp\/v2\/pages\/90530\/revisions"}],"predecessor-version":[{"id":90653,"href":"https:\/\/bien-etreiris.ch\/de\/wp-json\/wp\/v2\/pages\/90530\/revisions\/90653"}],"up":[{"embeddable":true,"href":"https:\/\/bien-etreiris.ch\/de\/wp-json\/wp\/v2\/pages\/90218"}],"wp:featuredmedia":[{"embeddable":true,"href":"https:\/\/bien-etreiris.ch\/de\/wp-json\/wp\/v2\/media\/90523"}],"wp:attachment":[{"href":"https:\/\/bien-etreiris.ch\/de\/wp-json\/wp\/v2\/media?parent=90530"}],"curies":[{"name":"wp","href":"https:\/\/api.w.org\/{rel}","templated":true}]}}