{"id":90371,"date":"2024-10-05T08:00:39","date_gmt":"2024-10-05T06:00:39","guid":{"rendered":"https:\/\/bien-etreiris.ch\/produktpraesentation\/hygiene\/koerperpflege\/seifen\/savon-au-karite\/"},"modified":"2024-10-05T08:57:41","modified_gmt":"2024-10-05T06:57:41","slug":"savons-au-karite","status":"publish","type":"page","link":"https:\/\/bien-etreiris.ch\/de\/produktpraesentation\/hygiene\/koerperpflege\/seifen\/savons-au-karite\/","title":{"rendered":"SAVONS AU KARITE"},"content":{"rendered":"<h2>Savons au karit\u00e9<\/h2>\n<h4>Avec du beurre de karit\u00e9 bio<\/h4>\n<ul style=\"list-style-type: disc;\">\n<li>Les savons de karit\u00e9 du Savon du Midi sont <strong>fabriqu\u00e9s en Provence, en France<\/strong>.<\/li>\n<li>Pour la fabrication du savon, seules des huiles v\u00e9g\u00e9tales <strong>issues de l'agriculture biologique contr\u00f4l\u00e9e (ACB)<\/strong> sont utilis\u00e9es dans le processus de saponification.<\/li>\n<li>Apr\u00e8s la saponification, <strong>du beurre de karit\u00e9 bio<\/strong> et, selon la vari\u00e9t\u00e9, du parfum ou de l'huile essentielle sont ajout\u00e9s lors de la transformation finale.<\/li>\n<li>Tous nos savons ne <strong>contiennent pas de graisses animales.<\/strong><\/li>\n<li>Vous avez le choix entre plus de 20 parfums.<\/li>\n<\/ul>\n<p>&nbsp;<\/p>\n<h3>Savons certifi\u00e9s<\/h3>\n<p>Tous les savons de karit\u00e9 sont fabriqu\u00e9s avec une base de savon compos\u00e9e \u00e0 100% d'huiles biologiques.<\/p>\n<p>Tous les savons Karit\u00e9, \u00e0 l'exception des vari\u00e9t\u00e9s Lait &amp; Miel et Miel, sont v\u00e9g\u00e9taliens. Ils contiennent soit de l'extrait de miel, soit du lait en poudre.<\/p>\n<p>De nombreux savons ont re\u00e7u la plus haute certification de cosm\u00e9tique naturelle COSMOS ORGANIC.<\/p>\n<p>&nbsp;<\/p>\n<p><a href=\"https:\/\/bien-etreiris.ch\/presentations-des-produits\/hygiene\/corporelle\/savons\/savon-au-karite\/logos\/\" rel=\"attachment wp-att-90357\"><img loading=\"lazy\" decoding=\"async\" class=\"alignnone  wp-image-90357\" src=\"https:\/\/bien-etreiris.ch\/wp-content\/uploads\/2024\/10\/logos.jpg\" alt=\"\" width=\"576\" height=\"217\" srcset=\"https:\/\/bien-etreiris.ch\/wp-content\/uploads\/2024\/10\/logos.jpg 796w, https:\/\/bien-etreiris.ch\/wp-content\/uploads\/2024\/10\/logos-300x113.jpg 300w, https:\/\/bien-etreiris.ch\/wp-content\/uploads\/2024\/10\/logos-768x289.jpg 768w\" sizes=\"auto, (max-width: 576px) 100vw, 576px\" \/><\/a><\/p>\n<p>&nbsp;<\/p>\n<h4>Le savon au beurre de karit\u00e9 est un savon doux \u00e0 utiliser au quotidien. Pas seulement pour les mains, mais aussi pour tout le corps.<\/h4>\n<p>*fabriqu\u00e9 \u00e0 partir d'ingr\u00e9dients biologiques<br \/>\n**from natural essential oils<br \/>\n***from organic agriculture<\/p>\n<p>&nbsp;<\/p>\n<h2>Agrumes<\/h2>\n<p><a href=\"https:\/\/bien-etreiris.ch\/presentations-des-produits\/hygiene\/corporelle\/savons\/savon-au-karite\/agrume\/\" rel=\"attachment wp-att-90341\"><img loading=\"lazy\" decoding=\"async\" class=\"wp-image-90341 alignleft\" src=\"https:\/\/bien-etreiris.ch\/wp-content\/uploads\/2024\/10\/Agrume.jpg\" alt=\"\" width=\"443\" height=\"280\" srcset=\"https:\/\/bien-etreiris.ch\/wp-content\/uploads\/2024\/10\/Agrume.jpg 668w, https:\/\/bien-etreiris.ch\/wp-content\/uploads\/2024\/10\/Agrume-300x190.jpg 300w\" sizes=\"auto, (max-width: 443px) 100vw, 443px\" \/><\/a><\/p>\n<p>&nbsp;<\/p>\n<p>&nbsp;<\/p>\n<p>&nbsp;<\/p>\n<p>&nbsp;<\/p>\n<p><a href=\"https:\/\/bien-etreiris.ch\/de\/unsere-marken\/savon-du-midi\/\" target=\"_blank\" rel=\"noopener\"><strong><span style=\"color: #f2c166;\">Savon du midi<\/span><\/strong><\/a><\/p>\n<p>100 g <strong>CHF 3.20<\/strong><\/p>\n<p>&nbsp;<\/p>\n<p>&nbsp;<\/p>\n<h4>Ingr\u00e9dients<\/h4>\n<p>Sodium palmate*, sodium palm kernelate*, aqua, parfum, glycerin*, sodium chloride, butyrospermum parkii butter***, citric acid, tetrasodium glutamate diacetate, citrus grandis peel oil**, rosmarinus officinalis leaf extract***, helianthus annuus seed oil***, silica, CI 77492, CI 77491, limonene**, linalool**.<\/p>\n<p>&nbsp;<\/p>\n<h4><strong>Description du parfum<\/strong><\/h4>\n<p>Notre savon Agrumes d\u00e9gage un parfum vif d'agrumes qui rafra\u00eechit les sens par sa fra\u00eecheur p\u00e9tillante. Le m\u00e9lange de diff\u00e9rents agrumes, comme l'orange juteuse et le pamplemousse p\u00e9tillant, offre une composition parfum\u00e9e moderne et s\u00e9duisante. Ce savon assure un nettoyage sensuel et vivifiant qui conf\u00e8re \u00e0 votre peau un agr\u00e9able ar\u00f4me exotique et une sensation de l\u00e9g\u00e8ret\u00e9 juv\u00e9nile. Un parfum \u00e0 la fois doux et exotique qui vous g\u00e2te tout au long de la journ\u00e9e.<\/p>\n<hr>\n<h2>Lavande<\/h2>\n<p><a href=\"https:\/\/bien-etreiris.ch\/presentations-des-produits\/hygiene\/corporelle\/savons\/savon-au-karite\/lavande-8\/\" rel=\"attachment wp-att-90344\"><img loading=\"lazy\" decoding=\"async\" class=\"wp-image-90344 alignleft\" src=\"https:\/\/bien-etreiris.ch\/wp-content\/uploads\/2024\/10\/lavande.jpg\" alt=\"\" width=\"445\" height=\"284\" srcset=\"https:\/\/bien-etreiris.ch\/wp-content\/uploads\/2024\/10\/lavande.jpg 691w, https:\/\/bien-etreiris.ch\/wp-content\/uploads\/2024\/10\/lavande-300x191.jpg 300w\" sizes=\"auto, (max-width: 445px) 100vw, 445px\" \/><\/a><\/p>\n<p>&nbsp;<\/p>\n<p>&nbsp;<\/p>\n<p>&nbsp;<\/p>\n<p>&nbsp;<\/p>\n<p><a href=\"https:\/\/bien-etreiris.ch\/de\/unsere-marken\/savon-du-midi\/\" target=\"_blank\" rel=\"noopener\"><strong><span style=\"color: #ccffcc;\">Savon du midi<\/span><\/strong><\/a><\/p>\n<p>100 g <strong>CHF 3.20<\/strong><\/p>\n<p>&nbsp;<\/p>\n<p>&nbsp;<\/p>\n<h4>Ingr\u00e9dients<\/h4>\n<p>Sodium palmate*, sodium palm kernelate*, aqua, glycerin*, lavandula hybrida oil***, lavandula angustifolia oil**, sodium chloride, CI 77891, tetrasodium glutamate diacetate, citric acid, beurre de butyrospermum parkii***, CI 77007, helianthus annuus seed oil***, silice, CI 77499, rosmarinus officinalis leaf extract***, alumina, oxyde de magn\u00e9sium, linalool**, limonene**, geraniol**.<\/p>\n<p>&nbsp;<\/p>\n<h4><strong>Description du parfum<\/strong><\/h4>\n<p>Avec son parfum classique et aromatique, notre savon \u00e0 la lavande vous transporte dans les vastes champs de Provence. Le parfum apaisant et floral de la lavande d\u00e9gage une fra\u00eecheur pure et herbac\u00e9e avec des nuances l\u00e9g\u00e8rement sucr\u00e9es et terreuses. Cette composition parfum\u00e9e a un effet relaxant et harmonisant, id\u00e9al pour apaiser le corps et l'esprit. Le savon \u00e0 la lavande est parfait pour un soin bienfaisant qui laisse une sensation de s\u00e9r\u00e9nit\u00e9 et de puret\u00e9 naturelle.<\/p>\n<p>&nbsp;<\/p>\n<hr>\n<h4>Pin Martime<\/h4>\n<p><a href=\"https:\/\/bien-etreiris.ch\/presentations-des-produits\/hygiene\/corporelle\/savons\/savon-au-karite\/pin-martime\/\" rel=\"attachment wp-att-90347\"><img loading=\"lazy\" decoding=\"async\" class=\"wp-image-90347 alignleft\" src=\"https:\/\/bien-etreiris.ch\/wp-content\/uploads\/2024\/10\/Pin-Martime.jpg\" alt=\"\" width=\"450\" height=\"303\" srcset=\"https:\/\/bien-etreiris.ch\/wp-content\/uploads\/2024\/10\/Pin-Martime.jpg 674w, https:\/\/bien-etreiris.ch\/wp-content\/uploads\/2024\/10\/Pin-Martime-300x202.jpg 300w\" sizes=\"auto, (max-width: 450px) 100vw, 450px\" \/><\/a><\/p>\n<p>&nbsp;<\/p>\n<p>&nbsp;<\/p>\n<p>&nbsp;<\/p>\n<p>&nbsp;<\/p>\n<p><a href=\"https:\/\/bien-etreiris.ch\/de\/unsere-marken\/savon-du-midi\/\" target=\"_blank\" rel=\"noopener\"><strong><span style=\"color: #9ef0c0;\">Savon du midi<\/span><\/strong><\/a><\/p>\n<p>100 g <strong>CHF 3.20<\/strong><\/p>\n<p>&nbsp;<\/p>\n<p>&nbsp;<\/p>\n<h4><strong>Ingredients : <\/strong><\/h4>\n<p>Sodium Palmate*, Sodium Palm Kernelate*, Aqua<br \/>\n(Water), Glycerin*, Parfum (Fragrance), Sodium Chloride, Citric<br \/>\nAcid, Tetrasodium Glutamate Diacetate, Butyrospermum Parkii<br \/>\n(Shea) Butter***, Helianthus Annuus (Sunflower) Seed Oil***, CI 77288<br \/>\n(oxyde de chrome vert), Rosmarinus Officinalis (Rosemary) Leaf<br \/>\nExtract***, Limonene**.<\/p>\n<p>*fabriqu\u00e9 \u00e0 partir d'ingr\u00e9dients biologiques | **from natural essential oils | ***from organic agriculture<\/p>\n<p>99,97% d'origine naturelle au total | 78% d'origine organique au total | 98% d'origine organique au total, sans eau ni min\u00e9raux.<\/p>\n<p>&nbsp;<\/p>\n<h4><strong>Description du parfum<\/strong><\/h4>\n<p>Notre savon Pin Maritime apporte la brise rafra\u00eechissante d'une for\u00eat de pins directement dans votre salle de bain. Le parfum du pin est clair, r\u00e9sineux et bois\u00e9, impr\u00e9gn\u00e9 d'une douce fra\u00eecheur qui \u00e9voque une promenade le long de la c\u00f4te. Ce savon allie la force vivifiante de la nature \u00e0 une touche de fra\u00eecheur maritime qui rafra\u00eechit et revigore le corps et l'esprit. Parfait pour tous ceux qui aiment les parfums doux et terreux qui procurent une fra\u00eecheur et une vitalit\u00e9 durables.<\/p>\n<p>&nbsp;<\/p>\n<hr>\n<h4>Santal<\/h4>\n<p><a href=\"https:\/\/bien-etreiris.ch\/presentations-des-produits\/hygiene\/corporelle\/savons\/savon-au-karite\/santal\/\" rel=\"attachment wp-att-90350\"><img loading=\"lazy\" decoding=\"async\" class=\"wp-image-90350 alignleft\" src=\"https:\/\/bien-etreiris.ch\/wp-content\/uploads\/2024\/10\/Santal.jpg\" alt=\"\" width=\"447\" height=\"290\" srcset=\"https:\/\/bien-etreiris.ch\/wp-content\/uploads\/2024\/10\/Santal.jpg 686w, https:\/\/bien-etreiris.ch\/wp-content\/uploads\/2024\/10\/Santal-300x195.jpg 300w\" sizes=\"auto, (max-width: 447px) 100vw, 447px\" \/><\/a><\/p>\n<p>&nbsp;<\/p>\n<p>&nbsp;<\/p>\n<p>&nbsp;<\/p>\n<p>&nbsp;<\/p>\n<p>&nbsp;<\/p>\n<p><a href=\"https:\/\/bien-etreiris.ch\/de\/unsere-marken\/savon-du-midi\/\" target=\"_blank\" rel=\"noopener\"><strong><span style=\"color: #ff9900;\">Savon du midi<\/span><\/strong><\/a><\/p>\n<p>100 g <strong>CHF 3.20<\/strong><\/p>\n<p>&nbsp;<\/p>\n<h4><strong>Ingredients : <\/strong><\/h4>\n<p>Sodium palmate*, sodium palm kernelate*, aqua, parfum, glycerin*, sodium chloride, tetrasodium glutamate diacetate, citric acid, butyrospermum parkii butter***, CI 77492, CI77491, helianthus annuus seed oil***, CI 77499, rosmarinus officinalis leaf extract***, coumarin**, citronnellol**, linalool**, geraniol**,cinnamyl alcohol.<\/p>\n<h4><strong>Description du parfum<\/strong><\/h4>\n<p>Notre savon au bois de santal d\u00e9gage un parfum chaud et bois\u00e9 aux notes terreuses et balsamiques. La note chaude et velout\u00e9e conf\u00e8re au savon une touche de luxe et d'\u00e9l\u00e9gance, id\u00e9ale pour tous ceux qui aspirent \u00e0 un parfum intemporel et raffin\u00e9, qui d\u00e9tend et harmonise \u00e0 la fois le corps et l'esprit.<\/p>\n<p>&nbsp;<\/p>\n<hr>\n<h4>Vanille douce<\/h4>\n<p><a href=\"https:\/\/bien-etreiris.ch\/presentations-des-produits\/hygiene\/corporelle\/savons\/savon-au-karite\/vanille-douce\/\" rel=\"attachment wp-att-90353\"><img loading=\"lazy\" decoding=\"async\" class=\"wp-image-90353 alignleft\" src=\"https:\/\/bien-etreiris.ch\/wp-content\/uploads\/2024\/10\/vanille-douce.jpg\" alt=\"\" width=\"444\" height=\"273\" srcset=\"https:\/\/bien-etreiris.ch\/wp-content\/uploads\/2024\/10\/vanille-douce.jpg 2555w, https:\/\/bien-etreiris.ch\/wp-content\/uploads\/2024\/10\/vanille-douce-300x184.jpg 300w, https:\/\/bien-etreiris.ch\/wp-content\/uploads\/2024\/10\/vanille-douce-1024x630.jpg 1024w, https:\/\/bien-etreiris.ch\/wp-content\/uploads\/2024\/10\/vanille-douce-768x472.jpg 768w, https:\/\/bien-etreiris.ch\/wp-content\/uploads\/2024\/10\/vanille-douce-1536x944.jpg 1536w, https:\/\/bien-etreiris.ch\/wp-content\/uploads\/2024\/10\/vanille-douce-2048x1259.jpg 2048w\" sizes=\"auto, (max-width: 444px) 100vw, 444px\" \/> <\/a><\/p>\n<p>&nbsp;<\/p>\n<p>&nbsp;<\/p>\n<p>&nbsp;<\/p>\n<p>&nbsp;<\/p>\n<p><a href=\"https:\/\/bien-etreiris.ch\/de\/unsere-marken\/savon-du-midi\/\" target=\"_blank\" rel=\"noopener\"><strong><span style=\"color: #808080;\">Savon du midi<\/span><\/strong><\/a><\/p>\n<p>100 g <strong>CHF 3.20<\/strong><\/p>\n<p>&nbsp;<\/p>\n<h4><strong>Ingredients : <\/strong><\/h4>\n<p><strong>Sodium Palmate*, Sodium Palm Kernelate*,<\/strong><br \/>\n<strong>Aqua (Water), Parfum (Fragrance), Glycerin*, Sodium Chloride,<\/strong><br \/>\n<strong>Citric Acid, Tetrasodium Glutamate Diacetate, Butyrospermum<\/strong><br \/>\n<strong>Parkii (Shea) Butter**, Helianthus Annuus (Sunflower) Seed Oil**,<\/strong><br \/>\n<strong>Rosmarinus Officinalis (Rosemary) Leaf Extract**.<\/strong><br \/>\n<strong>*fabriqu\u00e9 \u00e0 partir d'ingr\u00e9dients biologiques | **from organic agriculture<\/strong><br \/>\n<strong>99,97% d'origine naturelle du total | 77% organique du total<\/strong><br \/>\n<strong>97% organique du total sans eau ni min\u00e9raux<\/strong><br \/>\n<strong>\u00c9viter tout contact avec les yeux.<\/strong> <strong>Eviter le contact avec les yeux.<\/strong><\/p>\n<h4><strong>Description du parfum<\/strong><\/h4>\n<p>Notre savon \u00e0 la vanille d\u00e9gage un parfum chaud et sucr\u00e9 de vanille pure qui procure imm\u00e9diatement une sensation de s\u00e9curit\u00e9 et de bien-\u00eatre. La note cr\u00e9meuse de la vanille s'associe \u00e0 un soup\u00e7on doux et l\u00e9g\u00e8rement caram\u00e9lis\u00e9 pour cr\u00e9er une atmosph\u00e8re s\u00e9duisante et relaxante. Ce savon offre une exp\u00e9rience de nettoyage luxueuse qui flatte vos sens et conf\u00e8re \u00e0 votre peau un agr\u00e9able parfum sucr\u00e9 et apaisant. Id\u00e9al pour une application de soin \u00e0 la fois relaxante et gourmande.<\/p>\n","protected":false},"excerpt":{"rendered":"<p>Savons au karit\u00e9 Avec du beurre de karit\u00e9 bio Les savons de karit\u00e9 du Savon du Midi sont fabriqu\u00e9s en Provence, en France. Pour la fabrication du savon, seules des huiles v\u00e9g\u00e9tales issues de l'agriculture biologique contr\u00f4l\u00e9e (ACB) sont utilis\u00e9es dans le processus de saponification. Apr\u00e8s la saponification, du beurre de karit\u00e9 bio et, selon la vari\u00e9t\u00e9, du parfum ou&nbsp;<a href=\"https:\/\/bien-etreiris.ch\/de\/produktpraesentation\/hygiene\/koerperpflege\/seifen\/savons-au-karite\/\" class=\"read-more\">Weiter lesen<\/a><\/p>\n","protected":false},"author":1,"featured_media":90340,"parent":42493,"menu_order":1234,"comment_status":"closed","ping_status":"closed","template":"page-with-child.php","meta":{"_acf_changed":false,"ngg_post_thumbnail":0,"footnotes":""},"class_list":["post-90371","page","type-page","status-publish","has-post-thumbnail","hentry"],"acf":[],"yoast_head":"<!-- This site is optimized with the Yoast SEO plugin v27.5 - https:\/\/yoast.com\/product\/yoast-seo-wordpress\/ -->\n<title>SAVONS AU KARITE - WOHLBEFINDEN<\/title>\n<meta name=\"robots\" content=\"index, follow, max-snippet:-1, max-image-preview:large, max-video-preview:-1\" \/>\n<link rel=\"canonical\" href=\"https:\/\/bien-etreiris.ch\/de\/produktpraesentation\/hygiene\/koerperpflege\/seifen\/savons-au-karite\/\" \/>\n<meta property=\"og:locale\" content=\"de_DE\" \/>\n<meta property=\"og:type\" content=\"article\" \/>\n<meta property=\"og:title\" content=\"SAVONS AU KARITE - WOHLBEFINDEN\" \/>\n<meta property=\"og:description\" content=\"Savons au karit\u00e9 Avec du beurre de karit\u00e9 bio Les savons de karit\u00e9 du Savon du Midi sont fabriqu\u00e9s en Provence, en France. Pour la fabrication du savon, seules des huiles v\u00e9g\u00e9tales issues de l&#039;agriculture biologique contr\u00f4l\u00e9e (ACB) sont utilis\u00e9es dans le processus de saponification. Apr\u00e8s la saponification, du beurre de karit\u00e9 bio et, selon la vari\u00e9t\u00e9, du parfum ou&nbsp;Weiter lesen\" \/>\n<meta property=\"og:url\" content=\"https:\/\/bien-etreiris.ch\/de\/produktpraesentation\/hygiene\/koerperpflege\/seifen\/savons-au-karite\/\" \/>\n<meta property=\"og:site_name\" content=\"WOHLBEFINDEN\" \/>\n<meta property=\"article:publisher\" content=\"https:\/\/www.facebook.com\/bienetreiris\/\" \/>\n<meta property=\"article:modified_time\" content=\"2024-10-05T06:57:41+00:00\" \/>\n<meta property=\"og:image\" content=\"https:\/\/bien-etreiris.ch\/wp-content\/uploads\/2024\/10\/acceuil-Savon-du-midi.jpg\" \/>\n\t<meta property=\"og:image:width\" content=\"500\" \/>\n\t<meta property=\"og:image:height\" content=\"333\" \/>\n\t<meta property=\"og:image:type\" content=\"image\/jpeg\" \/>\n<meta name=\"twitter:label1\" content=\"Gesch\u00e4tzte Lesezeit\" \/>\n\t<meta name=\"twitter:data1\" content=\"6\u00a0Minuten\" \/>\n<script type=\"application\/ld+json\" class=\"yoast-schema-graph\">{\"@context\":\"https:\\\/\\\/schema.org\",\"@graph\":[{\"@type\":\"WebPage\",\"@id\":\"https:\\\/\\\/bien-etreiris.ch\\\/de\\\/produktpraesentation\\\/hygiene\\\/koerperpflege\\\/seifen\\\/savons-au-karite\\\/\",\"url\":\"https:\\\/\\\/bien-etreiris.ch\\\/de\\\/produktpraesentation\\\/hygiene\\\/koerperpflege\\\/seifen\\\/savons-au-karite\\\/\",\"name\":\"SAVONS AU KARITE - WOHLBEFINDEN\",\"isPartOf\":{\"@id\":\"https:\\\/\\\/bien-etreiris.ch\\\/de\\\/#website\"},\"primaryImageOfPage\":{\"@id\":\"https:\\\/\\\/bien-etreiris.ch\\\/de\\\/produktpraesentation\\\/hygiene\\\/koerperpflege\\\/seifen\\\/savons-au-karite\\\/#primaryimage\"},\"image\":{\"@id\":\"https:\\\/\\\/bien-etreiris.ch\\\/de\\\/produktpraesentation\\\/hygiene\\\/koerperpflege\\\/seifen\\\/savons-au-karite\\\/#primaryimage\"},\"thumbnailUrl\":\"https:\\\/\\\/bien-etreiris.ch\\\/wp-content\\\/uploads\\\/2024\\\/10\\\/acceuil-Savon-du-midi.jpg\",\"datePublished\":\"2024-10-05T06:00:39+00:00\",\"dateModified\":\"2024-10-05T06:57:41+00:00\",\"breadcrumb\":{\"@id\":\"https:\\\/\\\/bien-etreiris.ch\\\/de\\\/produktpraesentation\\\/hygiene\\\/koerperpflege\\\/seifen\\\/savons-au-karite\\\/#breadcrumb\"},\"inLanguage\":\"de\",\"potentialAction\":[{\"@type\":\"ReadAction\",\"target\":[\"https:\\\/\\\/bien-etreiris.ch\\\/de\\\/produktpraesentation\\\/hygiene\\\/koerperpflege\\\/seifen\\\/savons-au-karite\\\/\"]}]},{\"@type\":\"ImageObject\",\"inLanguage\":\"de\",\"@id\":\"https:\\\/\\\/bien-etreiris.ch\\\/de\\\/produktpraesentation\\\/hygiene\\\/koerperpflege\\\/seifen\\\/savons-au-karite\\\/#primaryimage\",\"url\":\"https:\\\/\\\/bien-etreiris.ch\\\/wp-content\\\/uploads\\\/2024\\\/10\\\/acceuil-Savon-du-midi.jpg\",\"contentUrl\":\"https:\\\/\\\/bien-etreiris.ch\\\/wp-content\\\/uploads\\\/2024\\\/10\\\/acceuil-Savon-du-midi.jpg\",\"width\":500,\"height\":333},{\"@type\":\"BreadcrumbList\",\"@id\":\"https:\\\/\\\/bien-etreiris.ch\\\/de\\\/produktpraesentation\\\/hygiene\\\/koerperpflege\\\/seifen\\\/savons-au-karite\\\/#breadcrumb\",\"itemListElement\":[{\"@type\":\"ListItem\",\"position\":1,\"name\":\"Home\",\"item\":\"https:\\\/\\\/bien-etreiris.ch\\\/de\\\/\"},{\"@type\":\"ListItem\",\"position\":2,\"name\":\"PRODUKTPR\u00c4SENTATION\",\"item\":\"https:\\\/\\\/bien-etreiris.ch\\\/de\\\/produktpraesentation\\\/\"},{\"@type\":\"ListItem\",\"position\":3,\"name\":\"HYGIENE\",\"item\":\"https:\\\/\\\/bien-etreiris.ch\\\/de\\\/produktpraesentation\\\/hygiene\\\/\"},{\"@type\":\"ListItem\",\"position\":4,\"name\":\"K\u00d6RPERPFLEGE\",\"item\":\"https:\\\/\\\/bien-etreiris.ch\\\/de\\\/produktpraesentation\\\/hygiene\\\/koerperpflege\\\/\"},{\"@type\":\"ListItem\",\"position\":5,\"name\":\"SEIFEN\",\"item\":\"https:\\\/\\\/bien-etreiris.ch\\\/de\\\/produktpraesentation\\\/hygiene\\\/koerperpflege\\\/seifen\\\/\"},{\"@type\":\"ListItem\",\"position\":6,\"name\":\"SAVONS AU KARITE\"}]},{\"@type\":\"WebSite\",\"@id\":\"https:\\\/\\\/bien-etreiris.ch\\\/de\\\/#website\",\"url\":\"https:\\\/\\\/bien-etreiris.ch\\\/de\\\/\",\"name\":\"Bien-\u00eatre Iris\",\"description\":\"IHRE Gesundheit ist uns wichtig\",\"potentialAction\":[{\"@type\":\"SearchAction\",\"target\":{\"@type\":\"EntryPoint\",\"urlTemplate\":\"https:\\\/\\\/bien-etreiris.ch\\\/de\\\/?s={search_term_string}\"},\"query-input\":{\"@type\":\"PropertyValueSpecification\",\"valueRequired\":true,\"valueName\":\"search_term_string\"}}],\"inLanguage\":\"de\"}]}<\/script>\n<!-- \/ Yoast SEO plugin. -->","yoast_head_json":{"title":"SAVONS AU KARITE - WOHLBEFINDEN","robots":{"index":"index","follow":"follow","max-snippet":"max-snippet:-1","max-image-preview":"max-image-preview:large","max-video-preview":"max-video-preview:-1"},"canonical":"https:\/\/bien-etreiris.ch\/de\/produktpraesentation\/hygiene\/koerperpflege\/seifen\/savons-au-karite\/","og_locale":"de_DE","og_type":"article","og_title":"SAVONS AU KARITE - WOHLBEFINDEN","og_description":"Savons au karit\u00e9 Avec du beurre de karit\u00e9 bio Les savons de karit\u00e9 du Savon du Midi sont fabriqu\u00e9s en Provence, en France. Pour la fabrication du savon, seules des huiles v\u00e9g\u00e9tales issues de l'agriculture biologique contr\u00f4l\u00e9e (ACB) sont utilis\u00e9es dans le processus de saponification. Apr\u00e8s la saponification, du beurre de karit\u00e9 bio et, selon la vari\u00e9t\u00e9, du parfum ou&nbsp;Weiter lesen","og_url":"https:\/\/bien-etreiris.ch\/de\/produktpraesentation\/hygiene\/koerperpflege\/seifen\/savons-au-karite\/","og_site_name":"WOHLBEFINDEN","article_publisher":"https:\/\/www.facebook.com\/bienetreiris\/","article_modified_time":"2024-10-05T06:57:41+00:00","og_image":[{"width":500,"height":333,"url":"https:\/\/bien-etreiris.ch\/wp-content\/uploads\/2024\/10\/acceuil-Savon-du-midi.jpg","type":"image\/jpeg"}],"twitter_misc":{"Gesch\u00e4tzte Lesezeit":"6\u00a0Minuten"},"schema":{"@context":"https:\/\/schema.org","@graph":[{"@type":"WebPage","@id":"https:\/\/bien-etreiris.ch\/de\/produktpraesentation\/hygiene\/koerperpflege\/seifen\/savons-au-karite\/","url":"https:\/\/bien-etreiris.ch\/de\/produktpraesentation\/hygiene\/koerperpflege\/seifen\/savons-au-karite\/","name":"SAVONS AU KARITE - WOHLBEFINDEN","isPartOf":{"@id":"https:\/\/bien-etreiris.ch\/de\/#website"},"primaryImageOfPage":{"@id":"https:\/\/bien-etreiris.ch\/de\/produktpraesentation\/hygiene\/koerperpflege\/seifen\/savons-au-karite\/#primaryimage"},"image":{"@id":"https:\/\/bien-etreiris.ch\/de\/produktpraesentation\/hygiene\/koerperpflege\/seifen\/savons-au-karite\/#primaryimage"},"thumbnailUrl":"https:\/\/bien-etreiris.ch\/wp-content\/uploads\/2024\/10\/acceuil-Savon-du-midi.jpg","datePublished":"2024-10-05T06:00:39+00:00","dateModified":"2024-10-05T06:57:41+00:00","breadcrumb":{"@id":"https:\/\/bien-etreiris.ch\/de\/produktpraesentation\/hygiene\/koerperpflege\/seifen\/savons-au-karite\/#breadcrumb"},"inLanguage":"de","potentialAction":[{"@type":"ReadAction","target":["https:\/\/bien-etreiris.ch\/de\/produktpraesentation\/hygiene\/koerperpflege\/seifen\/savons-au-karite\/"]}]},{"@type":"ImageObject","inLanguage":"de","@id":"https:\/\/bien-etreiris.ch\/de\/produktpraesentation\/hygiene\/koerperpflege\/seifen\/savons-au-karite\/#primaryimage","url":"https:\/\/bien-etreiris.ch\/wp-content\/uploads\/2024\/10\/acceuil-Savon-du-midi.jpg","contentUrl":"https:\/\/bien-etreiris.ch\/wp-content\/uploads\/2024\/10\/acceuil-Savon-du-midi.jpg","width":500,"height":333},{"@type":"BreadcrumbList","@id":"https:\/\/bien-etreiris.ch\/de\/produktpraesentation\/hygiene\/koerperpflege\/seifen\/savons-au-karite\/#breadcrumb","itemListElement":[{"@type":"ListItem","position":1,"name":"Home","item":"https:\/\/bien-etreiris.ch\/de\/"},{"@type":"ListItem","position":2,"name":"PRODUKTPR\u00c4SENTATION","item":"https:\/\/bien-etreiris.ch\/de\/produktpraesentation\/"},{"@type":"ListItem","position":3,"name":"HYGIENE","item":"https:\/\/bien-etreiris.ch\/de\/produktpraesentation\/hygiene\/"},{"@type":"ListItem","position":4,"name":"K\u00d6RPERPFLEGE","item":"https:\/\/bien-etreiris.ch\/de\/produktpraesentation\/hygiene\/koerperpflege\/"},{"@type":"ListItem","position":5,"name":"SEIFEN","item":"https:\/\/bien-etreiris.ch\/de\/produktpraesentation\/hygiene\/koerperpflege\/seifen\/"},{"@type":"ListItem","position":6,"name":"SAVONS AU KARITE"}]},{"@type":"WebSite","@id":"https:\/\/bien-etreiris.ch\/de\/#website","url":"https:\/\/bien-etreiris.ch\/de\/","name":"Bien-\u00eatre Iris","description":"IHRE Gesundheit ist uns wichtig","potentialAction":[{"@type":"SearchAction","target":{"@type":"EntryPoint","urlTemplate":"https:\/\/bien-etreiris.ch\/de\/?s={search_term_string}"},"query-input":{"@type":"PropertyValueSpecification","valueRequired":true,"valueName":"search_term_string"}}],"inLanguage":"de"}]}},"_links":{"self":[{"href":"https:\/\/bien-etreiris.ch\/de\/wp-json\/wp\/v2\/pages\/90371","targetHints":{"allow":["GET"]}}],"collection":[{"href":"https:\/\/bien-etreiris.ch\/de\/wp-json\/wp\/v2\/pages"}],"about":[{"href":"https:\/\/bien-etreiris.ch\/de\/wp-json\/wp\/v2\/types\/page"}],"author":[{"embeddable":true,"href":"https:\/\/bien-etreiris.ch\/de\/wp-json\/wp\/v2\/users\/1"}],"replies":[{"embeddable":true,"href":"https:\/\/bien-etreiris.ch\/de\/wp-json\/wp\/v2\/comments?post=90371"}],"version-history":[{"count":9,"href":"https:\/\/bien-etreiris.ch\/de\/wp-json\/wp\/v2\/pages\/90371\/revisions"}],"predecessor-version":[{"id":90409,"href":"https:\/\/bien-etreiris.ch\/de\/wp-json\/wp\/v2\/pages\/90371\/revisions\/90409"}],"up":[{"embeddable":true,"href":"https:\/\/bien-etreiris.ch\/de\/wp-json\/wp\/v2\/pages\/42493"}],"wp:featuredmedia":[{"embeddable":true,"href":"https:\/\/bien-etreiris.ch\/de\/wp-json\/wp\/v2\/media\/90340"}],"wp:attachment":[{"href":"https:\/\/bien-etreiris.ch\/de\/wp-json\/wp\/v2\/media?parent=90371"}],"curies":[{"name":"wp","href":"https:\/\/api.w.org\/{rel}","templated":true}]}}