{"id":90365,"date":"2024-10-05T07:38:23","date_gmt":"2024-10-05T05:38:23","guid":{"rendered":"https:\/\/bien-etreiris.ch\/unsere-marken\/savon-du-midi\/"},"modified":"2024-10-05T08:03:17","modified_gmt":"2024-10-05T06:03:17","slug":"savon-du-midi","status":"publish","type":"page","link":"https:\/\/bien-etreiris.ch\/de\/unsere-marken\/savon-du-midi\/","title":{"rendered":"SAVON DU MIDI"},"content":{"rendered":"<h2>Savon traditionnel de Provence. Pur v\u00e9g\u00e9tal.<\/h2>\n<h6>L'histoire du Savon du Midi a commenc\u00e9 il y a plus de 30 ans comme commerce de savon sur les march\u00e9s hebdomadaires de Berlin. Aujourd'hui, on trouve nos savons bio dans toute l'Europe. Pendant plus de 20 ans, la marque a eu son si\u00e8ge \u00e0 Berlin. Depuis f\u00e9vrier 2019, \u00ab Savon du Midi \u00bb appartient \u00e0 la soci\u00e9t\u00e9 TREIBholz Bio &amp; Naturwaren GmbH \u00e0 Korschenbroich. C'est l\u00e0 que le savon est confectionn\u00e9, emball\u00e9 et exp\u00e9di\u00e9. La plupart de nos savons sont toujours munis d'une banderole ou d'une \u00e9tiquette \u00e0 la main.<\/h6>\n<ul>\n<li>Nous fabriquons les savons traditionnels en France, en Provence, avec une base de savon compos\u00e9e \u00e0 100% d'huiles bio.<\/li>\n<li>La plupart des savons sont v\u00e9g\u00e9taliens - seules les vari\u00e9t\u00e9s \u00ab miel \u00bb et \u00ab lait &amp; miel \u00bb des savons karit\u00e9 contiennent de l'extrait de miel et du lait en poudre.<\/li>\n<li>La plupart de nos produits ont obtenu la certification <strong>COSMO<\/strong><\/li>\n<\/ul>\n<p>&nbsp;<\/p>\n<p><a href=\"https:\/\/bien-etreiris.ch\/de\/produktpraesentation\/hygiene\/koerperpflege\/seifen\/savon-au-karite\/logos-2\/\" rel=\"attachment wp-att-90357\"><img loading=\"lazy\" decoding=\"async\" class=\"alignnone size-full wp-image-90357\" src=\"https:\/\/bien-etreiris.ch\/wp-content\/uploads\/2024\/10\/logos.jpg\" alt=\"\" width=\"796\" height=\"300\" srcset=\"https:\/\/bien-etreiris.ch\/wp-content\/uploads\/2024\/10\/logos.jpg 796w, https:\/\/bien-etreiris.ch\/wp-content\/uploads\/2024\/10\/logos-300x113.jpg 300w, https:\/\/bien-etreiris.ch\/wp-content\/uploads\/2024\/10\/logos-768x289.jpg 768w\" sizes=\"auto, (max-width: 796px) 100vw, 796px\" \/><\/a><\/p>\n<p>&nbsp;<\/p>\n<p>&nbsp;<\/p>\n<h2><a href=\"https:\/\/bien-etreiris.ch\/de\/produktpraesentation\/hygiene\/koerperpflege\/seifen\/savon-au-karite\/\" target=\"_blank\" rel=\"noopener\">SAVONS AU KARITE<\/a><\/h2>\n","protected":false},"excerpt":{"rendered":"<p>Savon traditionnel de Provence. Pur v\u00e9g\u00e9tal. L'histoire du Savon du Midi a commenc\u00e9 il y a plus de 30 ans comme commerce de savon sur les march\u00e9s hebdomadaires de Berlin. Aujourd'hui, on trouve nos savons bio dans toute l'Europe. Pendant plus de 20 ans, la marque a eu son si\u00e8ge \u00e0 Berlin. Depuis f\u00e9vrier 2019, \u00ab Savon du Midi \u00bb&nbsp;<a href=\"https:\/\/bien-etreiris.ch\/de\/unsere-marken\/savon-du-midi\/\" class=\"read-more\">Weiter lesen<\/a><\/p>\n","protected":false},"author":1,"featured_media":90362,"parent":44406,"menu_order":1227,"comment_status":"closed","ping_status":"closed","template":"","meta":{"_acf_changed":false,"ngg_post_thumbnail":0,"footnotes":""},"class_list":["post-90365","page","type-page","status-publish","has-post-thumbnail","hentry"],"acf":[],"yoast_head":"<!-- This site is optimized with the Yoast SEO plugin v27.4 - https:\/\/yoast.com\/product\/yoast-seo-wordpress\/ -->\n<title>SAVON DU MIDI - WOHLBEFINDEN<\/title>\n<meta name=\"robots\" content=\"index, follow, max-snippet:-1, max-image-preview:large, max-video-preview:-1\" \/>\n<link rel=\"canonical\" href=\"https:\/\/bien-etreiris.ch\/de\/unsere-marken\/savon-du-midi\/\" \/>\n<meta property=\"og:locale\" content=\"de_DE\" \/>\n<meta property=\"og:type\" content=\"article\" \/>\n<meta property=\"og:title\" content=\"SAVON DU MIDI - WOHLBEFINDEN\" \/>\n<meta property=\"og:description\" content=\"Savon traditionnel de Provence. Pur v\u00e9g\u00e9tal. L&#039;histoire du Savon du Midi a commenc\u00e9 il y a plus de 30 ans comme commerce de savon sur les march\u00e9s hebdomadaires de Berlin. Aujourd&#039;hui, on trouve nos savons bio dans toute l&#039;Europe. Pendant plus de 20 ans, la marque a eu son si\u00e8ge \u00e0 Berlin. Depuis f\u00e9vrier 2019, \u00ab Savon du Midi \u00bb&nbsp;Weiter lesen\" \/>\n<meta property=\"og:url\" content=\"https:\/\/bien-etreiris.ch\/de\/unsere-marken\/savon-du-midi\/\" \/>\n<meta property=\"og:site_name\" content=\"WOHLBEFINDEN\" \/>\n<meta property=\"article:publisher\" content=\"https:\/\/www.facebook.com\/bienetreiris\/\" \/>\n<meta property=\"article:modified_time\" content=\"2024-10-05T06:03:17+00:00\" \/>\n<meta property=\"og:image\" content=\"https:\/\/bien-etreiris.ch\/wp-content\/uploads\/2024\/10\/Logo.jpg\" \/>\n\t<meta property=\"og:image:width\" content=\"500\" \/>\n\t<meta property=\"og:image:height\" content=\"333\" \/>\n\t<meta property=\"og:image:type\" content=\"image\/jpeg\" \/>\n<meta name=\"twitter:label1\" content=\"Gesch\u00e4tzte Lesezeit\" \/>\n\t<meta name=\"twitter:data1\" content=\"2\u00a0Minuten\" \/>\n<script type=\"application\/ld+json\" class=\"yoast-schema-graph\">{\"@context\":\"https:\\\/\\\/schema.org\",\"@graph\":[{\"@type\":\"WebPage\",\"@id\":\"https:\\\/\\\/bien-etreiris.ch\\\/de\\\/unsere-marken\\\/savon-du-midi\\\/\",\"url\":\"https:\\\/\\\/bien-etreiris.ch\\\/de\\\/unsere-marken\\\/savon-du-midi\\\/\",\"name\":\"SAVON DU MIDI - WOHLBEFINDEN\",\"isPartOf\":{\"@id\":\"https:\\\/\\\/bien-etreiris.ch\\\/de\\\/#website\"},\"primaryImageOfPage\":{\"@id\":\"https:\\\/\\\/bien-etreiris.ch\\\/de\\\/unsere-marken\\\/savon-du-midi\\\/#primaryimage\"},\"image\":{\"@id\":\"https:\\\/\\\/bien-etreiris.ch\\\/de\\\/unsere-marken\\\/savon-du-midi\\\/#primaryimage\"},\"thumbnailUrl\":\"https:\\\/\\\/bien-etreiris.ch\\\/wp-content\\\/uploads\\\/2024\\\/10\\\/Logo.jpg\",\"datePublished\":\"2024-10-05T05:38:23+00:00\",\"dateModified\":\"2024-10-05T06:03:17+00:00\",\"breadcrumb\":{\"@id\":\"https:\\\/\\\/bien-etreiris.ch\\\/de\\\/unsere-marken\\\/savon-du-midi\\\/#breadcrumb\"},\"inLanguage\":\"de\",\"potentialAction\":[{\"@type\":\"ReadAction\",\"target\":[\"https:\\\/\\\/bien-etreiris.ch\\\/de\\\/unsere-marken\\\/savon-du-midi\\\/\"]}]},{\"@type\":\"ImageObject\",\"inLanguage\":\"de\",\"@id\":\"https:\\\/\\\/bien-etreiris.ch\\\/de\\\/unsere-marken\\\/savon-du-midi\\\/#primaryimage\",\"url\":\"https:\\\/\\\/bien-etreiris.ch\\\/wp-content\\\/uploads\\\/2024\\\/10\\\/Logo.jpg\",\"contentUrl\":\"https:\\\/\\\/bien-etreiris.ch\\\/wp-content\\\/uploads\\\/2024\\\/10\\\/Logo.jpg\",\"width\":500,\"height\":333},{\"@type\":\"BreadcrumbList\",\"@id\":\"https:\\\/\\\/bien-etreiris.ch\\\/de\\\/unsere-marken\\\/savon-du-midi\\\/#breadcrumb\",\"itemListElement\":[{\"@type\":\"ListItem\",\"position\":1,\"name\":\"Home\",\"item\":\"https:\\\/\\\/bien-etreiris.ch\\\/de\\\/\"},{\"@type\":\"ListItem\",\"position\":2,\"name\":\"UNSERE MARKEN\",\"item\":\"https:\\\/\\\/bien-etreiris.ch\\\/de\\\/unsere-marken\\\/\"},{\"@type\":\"ListItem\",\"position\":3,\"name\":\"SAVON DU MIDI\"}]},{\"@type\":\"WebSite\",\"@id\":\"https:\\\/\\\/bien-etreiris.ch\\\/de\\\/#website\",\"url\":\"https:\\\/\\\/bien-etreiris.ch\\\/de\\\/\",\"name\":\"Bien-\u00eatre Iris\",\"description\":\"IHRE Gesundheit ist uns wichtig\",\"potentialAction\":[{\"@type\":\"SearchAction\",\"target\":{\"@type\":\"EntryPoint\",\"urlTemplate\":\"https:\\\/\\\/bien-etreiris.ch\\\/de\\\/?s={search_term_string}\"},\"query-input\":{\"@type\":\"PropertyValueSpecification\",\"valueRequired\":true,\"valueName\":\"search_term_string\"}}],\"inLanguage\":\"de\"}]}<\/script>\n<!-- \/ Yoast SEO plugin. -->","yoast_head_json":{"title":"SAVON DU MIDI - WOHLBEFINDEN","robots":{"index":"index","follow":"follow","max-snippet":"max-snippet:-1","max-image-preview":"max-image-preview:large","max-video-preview":"max-video-preview:-1"},"canonical":"https:\/\/bien-etreiris.ch\/de\/unsere-marken\/savon-du-midi\/","og_locale":"de_DE","og_type":"article","og_title":"SAVON DU MIDI - WOHLBEFINDEN","og_description":"Savon traditionnel de Provence. Pur v\u00e9g\u00e9tal. L'histoire du Savon du Midi a commenc\u00e9 il y a plus de 30 ans comme commerce de savon sur les march\u00e9s hebdomadaires de Berlin. Aujourd'hui, on trouve nos savons bio dans toute l'Europe. Pendant plus de 20 ans, la marque a eu son si\u00e8ge \u00e0 Berlin. Depuis f\u00e9vrier 2019, \u00ab Savon du Midi \u00bb&nbsp;Weiter lesen","og_url":"https:\/\/bien-etreiris.ch\/de\/unsere-marken\/savon-du-midi\/","og_site_name":"WOHLBEFINDEN","article_publisher":"https:\/\/www.facebook.com\/bienetreiris\/","article_modified_time":"2024-10-05T06:03:17+00:00","og_image":[{"width":500,"height":333,"url":"https:\/\/bien-etreiris.ch\/wp-content\/uploads\/2024\/10\/Logo.jpg","type":"image\/jpeg"}],"twitter_misc":{"Gesch\u00e4tzte Lesezeit":"2\u00a0Minuten"},"schema":{"@context":"https:\/\/schema.org","@graph":[{"@type":"WebPage","@id":"https:\/\/bien-etreiris.ch\/de\/unsere-marken\/savon-du-midi\/","url":"https:\/\/bien-etreiris.ch\/de\/unsere-marken\/savon-du-midi\/","name":"SAVON DU MIDI - WOHLBEFINDEN","isPartOf":{"@id":"https:\/\/bien-etreiris.ch\/de\/#website"},"primaryImageOfPage":{"@id":"https:\/\/bien-etreiris.ch\/de\/unsere-marken\/savon-du-midi\/#primaryimage"},"image":{"@id":"https:\/\/bien-etreiris.ch\/de\/unsere-marken\/savon-du-midi\/#primaryimage"},"thumbnailUrl":"https:\/\/bien-etreiris.ch\/wp-content\/uploads\/2024\/10\/Logo.jpg","datePublished":"2024-10-05T05:38:23+00:00","dateModified":"2024-10-05T06:03:17+00:00","breadcrumb":{"@id":"https:\/\/bien-etreiris.ch\/de\/unsere-marken\/savon-du-midi\/#breadcrumb"},"inLanguage":"de","potentialAction":[{"@type":"ReadAction","target":["https:\/\/bien-etreiris.ch\/de\/unsere-marken\/savon-du-midi\/"]}]},{"@type":"ImageObject","inLanguage":"de","@id":"https:\/\/bien-etreiris.ch\/de\/unsere-marken\/savon-du-midi\/#primaryimage","url":"https:\/\/bien-etreiris.ch\/wp-content\/uploads\/2024\/10\/Logo.jpg","contentUrl":"https:\/\/bien-etreiris.ch\/wp-content\/uploads\/2024\/10\/Logo.jpg","width":500,"height":333},{"@type":"BreadcrumbList","@id":"https:\/\/bien-etreiris.ch\/de\/unsere-marken\/savon-du-midi\/#breadcrumb","itemListElement":[{"@type":"ListItem","position":1,"name":"Home","item":"https:\/\/bien-etreiris.ch\/de\/"},{"@type":"ListItem","position":2,"name":"UNSERE MARKEN","item":"https:\/\/bien-etreiris.ch\/de\/unsere-marken\/"},{"@type":"ListItem","position":3,"name":"SAVON DU MIDI"}]},{"@type":"WebSite","@id":"https:\/\/bien-etreiris.ch\/de\/#website","url":"https:\/\/bien-etreiris.ch\/de\/","name":"Bien-\u00eatre Iris","description":"IHRE Gesundheit ist uns wichtig","potentialAction":[{"@type":"SearchAction","target":{"@type":"EntryPoint","urlTemplate":"https:\/\/bien-etreiris.ch\/de\/?s={search_term_string}"},"query-input":{"@type":"PropertyValueSpecification","valueRequired":true,"valueName":"search_term_string"}}],"inLanguage":"de"}]}},"_links":{"self":[{"href":"https:\/\/bien-etreiris.ch\/de\/wp-json\/wp\/v2\/pages\/90365","targetHints":{"allow":["GET"]}}],"collection":[{"href":"https:\/\/bien-etreiris.ch\/de\/wp-json\/wp\/v2\/pages"}],"about":[{"href":"https:\/\/bien-etreiris.ch\/de\/wp-json\/wp\/v2\/types\/page"}],"author":[{"embeddable":true,"href":"https:\/\/bien-etreiris.ch\/de\/wp-json\/wp\/v2\/users\/1"}],"replies":[{"embeddable":true,"href":"https:\/\/bien-etreiris.ch\/de\/wp-json\/wp\/v2\/comments?post=90365"}],"version-history":[{"count":3,"href":"https:\/\/bien-etreiris.ch\/de\/wp-json\/wp\/v2\/pages\/90365\/revisions"}],"predecessor-version":[{"id":90384,"href":"https:\/\/bien-etreiris.ch\/de\/wp-json\/wp\/v2\/pages\/90365\/revisions\/90384"}],"up":[{"embeddable":true,"href":"https:\/\/bien-etreiris.ch\/de\/wp-json\/wp\/v2\/pages\/44406"}],"wp:featuredmedia":[{"embeddable":true,"href":"https:\/\/bien-etreiris.ch\/de\/wp-json\/wp\/v2\/media\/90362"}],"wp:attachment":[{"href":"https:\/\/bien-etreiris.ch\/de\/wp-json\/wp\/v2\/media?parent=90365"}],"curies":[{"name":"wp","href":"https:\/\/api.w.org\/{rel}","templated":true}]}}