{"id":90298,"date":"2024-10-04T13:49:41","date_gmt":"2024-10-04T11:49:41","guid":{"rendered":"https:\/\/bien-etreiris.ch\/sinus-5g\/"},"modified":"2024-10-07T12:16:50","modified_gmt":"2024-10-07T10:16:50","slug":"sinus-5g","status":"publish","type":"page","link":"https:\/\/bien-etreiris.ch\/de\/produktpraesentation\/gesundes-leben\/electrobiologie\/energie-cellulaire\/sender\/sinus-5g\/","title":{"rendered":"SINUS 5G"},"content":{"rendered":"<h2>Sinus 5 G<\/h2>\n<p><a href=\"https:\/\/bien-etreiris.ch\/de\/produktpraesentation\/gesundes-leben\/electrobiologie\/frequences\/sinus-5g\/sinus-5-g-2-2\/\" rel=\"attachment wp-att-90292\"><img loading=\"lazy\" decoding=\"async\" class=\"size-full wp-image-90292 alignleft\" src=\"https:\/\/bien-etreiris.ch\/wp-content\/uploads\/2024\/10\/sinus-5-G-1.jpg\" alt=\"\" width=\"312\" height=\"312\" srcset=\"https:\/\/bien-etreiris.ch\/wp-content\/uploads\/2024\/10\/sinus-5-G-1.jpg 312w, https:\/\/bien-etreiris.ch\/wp-content\/uploads\/2024\/10\/sinus-5-G-1-300x300.jpg 300w, https:\/\/bien-etreiris.ch\/wp-content\/uploads\/2024\/10\/sinus-5-G-1-150x150.jpg 150w\" sizes=\"auto, (max-width: 312px) 100vw, 312px\" \/><\/a><\/p>\n<p>&nbsp;<\/p>\n<p>&nbsp;<\/p>\n<p>Le sinus 5 GO est un appareil \u00e0 champ magn\u00e9tique terrestre sinus qui peut \u00eatre utilis\u00e9 partout de mani\u00e8re mobile. Il est petit, l\u00e9ger et portable et vous accompagne en voiture, au bureau, \u00e0 l'\u00e9cole, \u00e0 l'h\u00f4tel, en voyage et bien plus encore. Avec le sinus 5 GO, vous vitalisez l'\u00e9lectrosmog gr\u00e2ce aux codes d'information de la technologie i-like. En m\u00eame temps, vous apportez le champ magn\u00e9tique terrestre naturel, sous forme d'onde sinuso\u00efdale identique \u00e0 la nature, directement dans votre espace de vie et de travail. Les propri\u00e9t\u00e9s positives ne sont pas seulement la vitalisation par les codes d'information, mais aussi les propri\u00e9t\u00e9s positives sur toutes les personnes, les animaux et m\u00eame les plantes dans la zone d'influence du sinus 5 GO.<br \/>\nDimensions du produit : Longueur 105 mm, largeur 80 mm, hauteur 10 mm<\/p>\n<p>&nbsp;<\/p>\n<p>&nbsp;<\/p>\n<h4>1 pi\u00e8ce <strong>CHF 499.00 *<br \/>\n<\/strong><\/h4>\n<p><strong><a href=\"https:\/\/ispycher.i-like.net\/webshop\/sinus_5_go\/si5\" target=\"_blank\" rel=\"noopener\"><em><span style=\"color: #ff0000;\">*Il est possible d'acheter cet article dans notre boutique ou de le commander en ligne chez i-like : en cliquant ici, vous acc\u00e9dez directement \u00e0 notre plateforme de vente chez i-like.<\/span><\/em><\/a><\/strong><\/p>\n<p>&nbsp;<\/p>\n<p><a href=\"https:\/\/bien-etreiris.ch\/wp-content\/uploads\/2024\/10\/Mode-demploi-sinus5.pdf\" target=\"_blank\" rel=\"noopener\"><span style=\"color: #99cc00;\">Mode d'emploi<\/span> <span style=\"color: #ff0000;\">en pdf<\/span><\/a><\/p>\n<p>&nbsp;<\/p>\n<p>&nbsp;<\/p>\n<p>&nbsp;<\/p>\n<h3>D\u00e9tails du produit<\/h3>\n<p>L'\u00e9lectrosmog se produit partout o\u00f9 des champs \u00e9lectriques, magn\u00e9tiques et \u00e9lectromagn\u00e9tiques d'origine technique apparaissent. Les signaux radio num\u00e9riques sont certes peu puissants, mais ils influencent particuli\u00e8rement fortement l'information des capacit\u00e9s biologiques de la vie.<\/p>\n<p>Avec le sinus 5 GO, vous vitalisez l'\u00e9lectrosmog gr\u00e2ce aux codes d'information de la technologie i-like. En m\u00eame temps, vous apportez le champ magn\u00e9tique terrestre naturel, sous forme d'onde sinuso\u00efdale identique \u00e0 la nature, directement dans votre espace de vie et de travail.<\/p>\n<p>Le champ magn\u00e9tique terrestre de forme purement sinuso\u00efdale, que le corps conna\u00eet plus que bien, provoque une amplification du champ propre. Le corps peut ainsi mieux acc\u00e9der \u00e0 son potentiel vital (bior\u00e9silience) et est automatiquement mieux \u00e0 m\u00eame de faire face aux contraintes.<\/p>\n<p>&nbsp;<\/p>\n<h4>VOUS PROFITEZ DE<\/h4>\n<p><a href=\"https:\/\/bien-etreiris.ch\/de\/produktpraesentation\/gesundes-leben\/electrobiologie\/frequences\/sinus-5g\/champ-magnetique-terrestre-pulsant-2\/\" rel=\"attachment wp-att-90306\"><img loading=\"lazy\" decoding=\"async\" class=\"alignnone  wp-image-90306\" src=\"https:\/\/bien-etreiris.ch\/wp-content\/uploads\/2024\/10\/Champ-magnetique-terrestre-pulsant.jpg\" alt=\"\" width=\"129\" height=\"129\" srcset=\"https:\/\/bien-etreiris.ch\/wp-content\/uploads\/2024\/10\/Champ-magnetique-terrestre-pulsant.jpg 1655w, https:\/\/bien-etreiris.ch\/wp-content\/uploads\/2024\/10\/Champ-magnetique-terrestre-pulsant-300x300.jpg 300w, https:\/\/bien-etreiris.ch\/wp-content\/uploads\/2024\/10\/Champ-magnetique-terrestre-pulsant-1024x1024.jpg 1024w, https:\/\/bien-etreiris.ch\/wp-content\/uploads\/2024\/10\/Champ-magnetique-terrestre-pulsant-150x150.jpg 150w, https:\/\/bien-etreiris.ch\/wp-content\/uploads\/2024\/10\/Champ-magnetique-terrestre-pulsant-768x768.jpg 768w, https:\/\/bien-etreiris.ch\/wp-content\/uploads\/2024\/10\/Champ-magnetique-terrestre-pulsant-1536x1536.jpg 1536w\" sizes=\"auto, (max-width: 129px) 100vw, 129px\" \/><\/a><\/p>\n<p><b>Champ magn\u00e9tique terrestre pulsant<\/b><\/p>\n<p>&nbsp;<\/p>\n<p><a href=\"https:\/\/bien-etreiris.ch\/de\/produktpraesentation\/gesundes-leben\/electrobiologie\/frequences\/sinus-5g\/codes-dinformation-2\/\" rel=\"attachment wp-att-90309\"><img loading=\"lazy\" decoding=\"async\" class=\"alignnone  wp-image-90309\" src=\"https:\/\/bien-etreiris.ch\/wp-content\/uploads\/2024\/10\/Codes-dinformation.jpg\" alt=\"\" width=\"131\" height=\"131\" srcset=\"https:\/\/bien-etreiris.ch\/wp-content\/uploads\/2024\/10\/Codes-dinformation.jpg 1655w, https:\/\/bien-etreiris.ch\/wp-content\/uploads\/2024\/10\/Codes-dinformation-300x300.jpg 300w, https:\/\/bien-etreiris.ch\/wp-content\/uploads\/2024\/10\/Codes-dinformation-1024x1024.jpg 1024w, https:\/\/bien-etreiris.ch\/wp-content\/uploads\/2024\/10\/Codes-dinformation-150x150.jpg 150w, https:\/\/bien-etreiris.ch\/wp-content\/uploads\/2024\/10\/Codes-dinformation-768x768.jpg 768w, https:\/\/bien-etreiris.ch\/wp-content\/uploads\/2024\/10\/Codes-dinformation-1536x1536.jpg 1536w\" sizes=\"auto, (max-width: 131px) 100vw, 131px\" \/><\/a><\/p>\n<p><b>Codes d'information<\/b><\/p>\n<p>&nbsp;<\/p>\n<p><a href=\"https:\/\/bien-etreiris.ch\/de\/produktpraesentation\/gesundes-leben\/electrobiologie\/frequences\/sinus-5g\/favorise-la-resilience-2\/\" rel=\"attachment wp-att-90312\"><img loading=\"lazy\" decoding=\"async\" class=\"alignnone  wp-image-90312\" src=\"https:\/\/bien-etreiris.ch\/wp-content\/uploads\/2024\/10\/Favorise-la-resilience.jpg\" alt=\"\" width=\"132\" height=\"132\" srcset=\"https:\/\/bien-etreiris.ch\/wp-content\/uploads\/2024\/10\/Favorise-la-resilience.jpg 1655w, https:\/\/bien-etreiris.ch\/wp-content\/uploads\/2024\/10\/Favorise-la-resilience-300x300.jpg 300w, https:\/\/bien-etreiris.ch\/wp-content\/uploads\/2024\/10\/Favorise-la-resilience-1024x1024.jpg 1024w, https:\/\/bien-etreiris.ch\/wp-content\/uploads\/2024\/10\/Favorise-la-resilience-150x150.jpg 150w, https:\/\/bien-etreiris.ch\/wp-content\/uploads\/2024\/10\/Favorise-la-resilience-768x768.jpg 768w, https:\/\/bien-etreiris.ch\/wp-content\/uploads\/2024\/10\/Favorise-la-resilience-1536x1536.jpg 1536w\" sizes=\"auto, (max-width: 132px) 100vw, 132px\" \/><\/a><\/p>\n<p><b>Favorise la r\u00e9silience<\/b><\/p>\n<p>&nbsp;<\/p>\n<p><a href=\"https:\/\/bien-etreiris.ch\/de\/produktpraesentation\/gesundes-leben\/electrobiologie\/frequences\/sinus-5g\/vitalisation-de-lelectrosmog-2\/\" rel=\"attachment wp-att-90315\"><img loading=\"lazy\" decoding=\"async\" class=\"alignnone  wp-image-90315\" src=\"https:\/\/bien-etreiris.ch\/wp-content\/uploads\/2024\/10\/Vitalisation-de-lelectrosmog.jpg\" alt=\"\" width=\"131\" height=\"131\" srcset=\"https:\/\/bien-etreiris.ch\/wp-content\/uploads\/2024\/10\/Vitalisation-de-lelectrosmog.jpg 1655w, https:\/\/bien-etreiris.ch\/wp-content\/uploads\/2024\/10\/Vitalisation-de-lelectrosmog-300x300.jpg 300w, https:\/\/bien-etreiris.ch\/wp-content\/uploads\/2024\/10\/Vitalisation-de-lelectrosmog-1024x1024.jpg 1024w, https:\/\/bien-etreiris.ch\/wp-content\/uploads\/2024\/10\/Vitalisation-de-lelectrosmog-150x150.jpg 150w, https:\/\/bien-etreiris.ch\/wp-content\/uploads\/2024\/10\/Vitalisation-de-lelectrosmog-768x768.jpg 768w, https:\/\/bien-etreiris.ch\/wp-content\/uploads\/2024\/10\/Vitalisation-de-lelectrosmog-1536x1536.jpg 1536w\" sizes=\"auto, (max-width: 131px) 100vw, 131px\" \/><\/a><\/p>\n<p><b>Vitalisation de l'\u00e9lectrosmog<\/b><\/p>\n<p>&nbsp;<\/p>\n<h4>Application<\/h4>\n<p>Le sinus 5 GO a une \u00e9mission sph\u00e9rique d'environ 5 m\u00e8tres (diam\u00e8tre). Dans cette zone d'influence, il vitalise tous les appareils, sources lumineuses, \u00e9metteurs, mais aussi les fr\u00e9quences n\u00e9gatives de l'\u00e9lectrosmog ext\u00e9rieur. La fr\u00e9quence de 8 Hz et les codes d'information sur le bien-\u00eatre sont mis \u00e0 la disposition du corps.<br \/>\nEn plus de la vitalisation int\u00e9gr\u00e9e de l'e-smog et du champ magn\u00e9tique terrestre, vous avez la possibilit\u00e9 d'activer diff\u00e9rents codes d'information avec le sinus 5 GO. Les diff\u00e9rents codes sont ins\u00e9r\u00e9s directement dans la fente pr\u00e9vue \u00e0 cet effet \u00e0 l'aide d'une carte sinus Converter. Les informations programm\u00e9es sont ainsi \u00e9mises dans le circuit d'action de l'appareil sinus.<\/p>\n","protected":false},"excerpt":{"rendered":"<p>Sinus 5 G &nbsp; &nbsp; Le sinus 5 GO est un appareil \u00e0 champ magn\u00e9tique terrestre sinus qui peut \u00eatre utilis\u00e9 partout de mani\u00e8re mobile. Il est petit, l\u00e9ger et portable et vous accompagne en voiture, au bureau, \u00e0 l'\u00e9cole, \u00e0 l'h\u00f4tel, en voyage et bien plus encore. Avec le sinus 5 GO, vous vitalisez l'\u00e9lectrosmog gr\u00e2ce aux codes d'information&nbsp;<a href=\"https:\/\/bien-etreiris.ch\/de\/produktpraesentation\/gesundes-leben\/electrobiologie\/energie-cellulaire\/sender\/sinus-5g\/\" class=\"read-more\">Weiter lesen<\/a><\/p>\n","protected":false},"author":1,"featured_media":90582,"parent":90218,"menu_order":1238,"comment_status":"closed","ping_status":"closed","template":"page-with-child.php","meta":{"_acf_changed":false,"ngg_post_thumbnail":0,"footnotes":""},"class_list":["post-90298","page","type-page","status-publish","has-post-thumbnail","hentry"],"acf":[],"yoast_head":"<!-- This site is optimized with the Yoast SEO plugin v27.5 - https:\/\/yoast.com\/product\/yoast-seo-wordpress\/ -->\n<title>SINUS 5G - WOHLBEFINDEN<\/title>\n<meta name=\"robots\" content=\"index, follow, max-snippet:-1, max-image-preview:large, max-video-preview:-1\" \/>\n<link rel=\"canonical\" href=\"https:\/\/bien-etreiris.ch\/de\/produktpraesentation\/gesundes-leben\/electrobiologie\/sender\/sinus-5g\/\" \/>\n<meta property=\"og:locale\" content=\"de_DE\" \/>\n<meta property=\"og:type\" content=\"article\" \/>\n<meta property=\"og:title\" content=\"SINUS 5G - WOHLBEFINDEN\" \/>\n<meta property=\"og:description\" content=\"Sinus 5 G &nbsp; &nbsp; Le sinus 5 GO est un appareil \u00e0 champ magn\u00e9tique terrestre sinus qui peut \u00eatre utilis\u00e9 partout de mani\u00e8re mobile. Il est petit, l\u00e9ger et portable et vous accompagne en voiture, au bureau, \u00e0 l&#039;\u00e9cole, \u00e0 l&#039;h\u00f4tel, en voyage et bien plus encore. Avec le sinus 5 GO, vous vitalisez l&#039;\u00e9lectrosmog gr\u00e2ce aux codes d&#039;information&nbsp;Weiter lesen\" \/>\n<meta property=\"og:url\" content=\"https:\/\/bien-etreiris.ch\/de\/produktpraesentation\/gesundes-leben\/electrobiologie\/sender\/sinus-5g\/\" \/>\n<meta property=\"og:site_name\" content=\"WOHLBEFINDEN\" \/>\n<meta property=\"article:publisher\" content=\"https:\/\/www.facebook.com\/bienetreiris\/\" \/>\n<meta property=\"article:modified_time\" content=\"2024-10-07T10:16:50+00:00\" \/>\n<meta property=\"og:image\" content=\"https:\/\/bien-etreiris.ch\/wp-content\/uploads\/2024\/10\/acceuil-Sinus-5-G-6.jpg\" \/>\n\t<meta property=\"og:image:width\" content=\"500\" \/>\n\t<meta property=\"og:image:height\" content=\"333\" \/>\n\t<meta property=\"og:image:type\" content=\"image\/jpeg\" \/>\n<meta name=\"twitter:label1\" content=\"Gesch\u00e4tzte Lesezeit\" \/>\n\t<meta name=\"twitter:data1\" content=\"4\u00a0Minuten\" \/>\n<script type=\"application\/ld+json\" class=\"yoast-schema-graph\">{\"@context\":\"https:\\\/\\\/schema.org\",\"@graph\":[{\"@type\":\"WebPage\",\"@id\":\"https:\\\/\\\/bien-etreiris.ch\\\/de\\\/produktpraesentation\\\/gesundes-leben\\\/electrobiologie\\\/sender\\\/sinus-5g\\\/\",\"url\":\"https:\\\/\\\/bien-etreiris.ch\\\/de\\\/produktpraesentation\\\/gesundes-leben\\\/electrobiologie\\\/sender\\\/sinus-5g\\\/\",\"name\":\"SINUS 5G - WOHLBEFINDEN\",\"isPartOf\":{\"@id\":\"https:\\\/\\\/bien-etreiris.ch\\\/de\\\/#website\"},\"primaryImageOfPage\":{\"@id\":\"https:\\\/\\\/bien-etreiris.ch\\\/de\\\/produktpraesentation\\\/gesundes-leben\\\/electrobiologie\\\/sender\\\/sinus-5g\\\/#primaryimage\"},\"image\":{\"@id\":\"https:\\\/\\\/bien-etreiris.ch\\\/de\\\/produktpraesentation\\\/gesundes-leben\\\/electrobiologie\\\/sender\\\/sinus-5g\\\/#primaryimage\"},\"thumbnailUrl\":\"https:\\\/\\\/bien-etreiris.ch\\\/wp-content\\\/uploads\\\/2024\\\/10\\\/acceuil-Sinus-5-G-6.jpg\",\"datePublished\":\"2024-10-04T11:49:41+00:00\",\"dateModified\":\"2024-10-07T10:16:50+00:00\",\"breadcrumb\":{\"@id\":\"https:\\\/\\\/bien-etreiris.ch\\\/de\\\/produktpraesentation\\\/gesundes-leben\\\/electrobiologie\\\/sender\\\/sinus-5g\\\/#breadcrumb\"},\"inLanguage\":\"de\",\"potentialAction\":[{\"@type\":\"ReadAction\",\"target\":[\"https:\\\/\\\/bien-etreiris.ch\\\/de\\\/produktpraesentation\\\/gesundes-leben\\\/electrobiologie\\\/sender\\\/sinus-5g\\\/\"]}]},{\"@type\":\"ImageObject\",\"inLanguage\":\"de\",\"@id\":\"https:\\\/\\\/bien-etreiris.ch\\\/de\\\/produktpraesentation\\\/gesundes-leben\\\/electrobiologie\\\/sender\\\/sinus-5g\\\/#primaryimage\",\"url\":\"https:\\\/\\\/bien-etreiris.ch\\\/wp-content\\\/uploads\\\/2024\\\/10\\\/acceuil-Sinus-5-G-6.jpg\",\"contentUrl\":\"https:\\\/\\\/bien-etreiris.ch\\\/wp-content\\\/uploads\\\/2024\\\/10\\\/acceuil-Sinus-5-G-6.jpg\",\"width\":500,\"height\":333},{\"@type\":\"BreadcrumbList\",\"@id\":\"https:\\\/\\\/bien-etreiris.ch\\\/de\\\/produktpraesentation\\\/gesundes-leben\\\/electrobiologie\\\/sender\\\/sinus-5g\\\/#breadcrumb\",\"itemListElement\":[{\"@type\":\"ListItem\",\"position\":1,\"name\":\"Home\",\"item\":\"https:\\\/\\\/bien-etreiris.ch\\\/de\\\/\"},{\"@type\":\"ListItem\",\"position\":2,\"name\":\"PRODUKTPR\u00c4SENTATION\",\"item\":\"https:\\\/\\\/bien-etreiris.ch\\\/de\\\/produktpraesentation\\\/\"},{\"@type\":\"ListItem\",\"position\":3,\"name\":\"GESUNDES LEBEN\",\"item\":\"https:\\\/\\\/bien-etreiris.ch\\\/de\\\/produktpraesentation\\\/gesundes-leben\\\/\"},{\"@type\":\"ListItem\",\"position\":4,\"name\":\"ELECTROBIOLOGIE\",\"item\":\"https:\\\/\\\/bien-etreiris.ch\\\/de\\\/produktpraesentation\\\/gesundes-leben\\\/electrobiologie\\\/\"},{\"@type\":\"ListItem\",\"position\":5,\"name\":\"SENDER\",\"item\":\"https:\\\/\\\/bien-etreiris.ch\\\/de\\\/produktpraesentation\\\/gesundes-leben\\\/electrobiologie\\\/sender\\\/\"},{\"@type\":\"ListItem\",\"position\":6,\"name\":\"SINUS 5G\"}]},{\"@type\":\"WebSite\",\"@id\":\"https:\\\/\\\/bien-etreiris.ch\\\/de\\\/#website\",\"url\":\"https:\\\/\\\/bien-etreiris.ch\\\/de\\\/\",\"name\":\"Bien-\u00eatre Iris\",\"description\":\"IHRE Gesundheit ist uns wichtig\",\"potentialAction\":[{\"@type\":\"SearchAction\",\"target\":{\"@type\":\"EntryPoint\",\"urlTemplate\":\"https:\\\/\\\/bien-etreiris.ch\\\/de\\\/?s={search_term_string}\"},\"query-input\":{\"@type\":\"PropertyValueSpecification\",\"valueRequired\":true,\"valueName\":\"search_term_string\"}}],\"inLanguage\":\"de\"}]}<\/script>\n<!-- \/ Yoast SEO plugin. -->","yoast_head_json":{"title":"SINUS 5G - WOHLBEFINDEN","robots":{"index":"index","follow":"follow","max-snippet":"max-snippet:-1","max-image-preview":"max-image-preview:large","max-video-preview":"max-video-preview:-1"},"canonical":"https:\/\/bien-etreiris.ch\/de\/produktpraesentation\/gesundes-leben\/electrobiologie\/sender\/sinus-5g\/","og_locale":"de_DE","og_type":"article","og_title":"SINUS 5G - WOHLBEFINDEN","og_description":"Sinus 5 G &nbsp; &nbsp; Le sinus 5 GO est un appareil \u00e0 champ magn\u00e9tique terrestre sinus qui peut \u00eatre utilis\u00e9 partout de mani\u00e8re mobile. Il est petit, l\u00e9ger et portable et vous accompagne en voiture, au bureau, \u00e0 l'\u00e9cole, \u00e0 l'h\u00f4tel, en voyage et bien plus encore. Avec le sinus 5 GO, vous vitalisez l'\u00e9lectrosmog gr\u00e2ce aux codes d'information&nbsp;Weiter lesen","og_url":"https:\/\/bien-etreiris.ch\/de\/produktpraesentation\/gesundes-leben\/electrobiologie\/sender\/sinus-5g\/","og_site_name":"WOHLBEFINDEN","article_publisher":"https:\/\/www.facebook.com\/bienetreiris\/","article_modified_time":"2024-10-07T10:16:50+00:00","og_image":[{"width":500,"height":333,"url":"https:\/\/bien-etreiris.ch\/wp-content\/uploads\/2024\/10\/acceuil-Sinus-5-G-6.jpg","type":"image\/jpeg"}],"twitter_misc":{"Gesch\u00e4tzte Lesezeit":"4\u00a0Minuten"},"schema":{"@context":"https:\/\/schema.org","@graph":[{"@type":"WebPage","@id":"https:\/\/bien-etreiris.ch\/de\/produktpraesentation\/gesundes-leben\/electrobiologie\/sender\/sinus-5g\/","url":"https:\/\/bien-etreiris.ch\/de\/produktpraesentation\/gesundes-leben\/electrobiologie\/sender\/sinus-5g\/","name":"SINUS 5G - WOHLBEFINDEN","isPartOf":{"@id":"https:\/\/bien-etreiris.ch\/de\/#website"},"primaryImageOfPage":{"@id":"https:\/\/bien-etreiris.ch\/de\/produktpraesentation\/gesundes-leben\/electrobiologie\/sender\/sinus-5g\/#primaryimage"},"image":{"@id":"https:\/\/bien-etreiris.ch\/de\/produktpraesentation\/gesundes-leben\/electrobiologie\/sender\/sinus-5g\/#primaryimage"},"thumbnailUrl":"https:\/\/bien-etreiris.ch\/wp-content\/uploads\/2024\/10\/acceuil-Sinus-5-G-6.jpg","datePublished":"2024-10-04T11:49:41+00:00","dateModified":"2024-10-07T10:16:50+00:00","breadcrumb":{"@id":"https:\/\/bien-etreiris.ch\/de\/produktpraesentation\/gesundes-leben\/electrobiologie\/sender\/sinus-5g\/#breadcrumb"},"inLanguage":"de","potentialAction":[{"@type":"ReadAction","target":["https:\/\/bien-etreiris.ch\/de\/produktpraesentation\/gesundes-leben\/electrobiologie\/sender\/sinus-5g\/"]}]},{"@type":"ImageObject","inLanguage":"de","@id":"https:\/\/bien-etreiris.ch\/de\/produktpraesentation\/gesundes-leben\/electrobiologie\/sender\/sinus-5g\/#primaryimage","url":"https:\/\/bien-etreiris.ch\/wp-content\/uploads\/2024\/10\/acceuil-Sinus-5-G-6.jpg","contentUrl":"https:\/\/bien-etreiris.ch\/wp-content\/uploads\/2024\/10\/acceuil-Sinus-5-G-6.jpg","width":500,"height":333},{"@type":"BreadcrumbList","@id":"https:\/\/bien-etreiris.ch\/de\/produktpraesentation\/gesundes-leben\/electrobiologie\/sender\/sinus-5g\/#breadcrumb","itemListElement":[{"@type":"ListItem","position":1,"name":"Home","item":"https:\/\/bien-etreiris.ch\/de\/"},{"@type":"ListItem","position":2,"name":"PRODUKTPR\u00c4SENTATION","item":"https:\/\/bien-etreiris.ch\/de\/produktpraesentation\/"},{"@type":"ListItem","position":3,"name":"GESUNDES LEBEN","item":"https:\/\/bien-etreiris.ch\/de\/produktpraesentation\/gesundes-leben\/"},{"@type":"ListItem","position":4,"name":"ELECTROBIOLOGIE","item":"https:\/\/bien-etreiris.ch\/de\/produktpraesentation\/gesundes-leben\/electrobiologie\/"},{"@type":"ListItem","position":5,"name":"SENDER","item":"https:\/\/bien-etreiris.ch\/de\/produktpraesentation\/gesundes-leben\/electrobiologie\/sender\/"},{"@type":"ListItem","position":6,"name":"SINUS 5G"}]},{"@type":"WebSite","@id":"https:\/\/bien-etreiris.ch\/de\/#website","url":"https:\/\/bien-etreiris.ch\/de\/","name":"Bien-\u00eatre Iris","description":"IHRE Gesundheit ist uns wichtig","potentialAction":[{"@type":"SearchAction","target":{"@type":"EntryPoint","urlTemplate":"https:\/\/bien-etreiris.ch\/de\/?s={search_term_string}"},"query-input":{"@type":"PropertyValueSpecification","valueRequired":true,"valueName":"search_term_string"}}],"inLanguage":"de"}]}},"_links":{"self":[{"href":"https:\/\/bien-etreiris.ch\/de\/wp-json\/wp\/v2\/pages\/90298","targetHints":{"allow":["GET"]}}],"collection":[{"href":"https:\/\/bien-etreiris.ch\/de\/wp-json\/wp\/v2\/pages"}],"about":[{"href":"https:\/\/bien-etreiris.ch\/de\/wp-json\/wp\/v2\/types\/page"}],"author":[{"embeddable":true,"href":"https:\/\/bien-etreiris.ch\/de\/wp-json\/wp\/v2\/users\/1"}],"replies":[{"embeddable":true,"href":"https:\/\/bien-etreiris.ch\/de\/wp-json\/wp\/v2\/comments?post=90298"}],"version-history":[{"count":12,"href":"https:\/\/bien-etreiris.ch\/de\/wp-json\/wp\/v2\/pages\/90298\/revisions"}],"predecessor-version":[{"id":90647,"href":"https:\/\/bien-etreiris.ch\/de\/wp-json\/wp\/v2\/pages\/90298\/revisions\/90647"}],"up":[{"embeddable":true,"href":"https:\/\/bien-etreiris.ch\/de\/wp-json\/wp\/v2\/pages\/90218"}],"wp:featuredmedia":[{"embeddable":true,"href":"https:\/\/bien-etreiris.ch\/de\/wp-json\/wp\/v2\/media\/90582"}],"wp:attachment":[{"href":"https:\/\/bien-etreiris.ch\/de\/wp-json\/wp\/v2\/media?parent=90298"}],"curies":[{"name":"wp","href":"https:\/\/api.w.org\/{rel}","templated":true}]}}