{"id":90154,"date":"2024-09-30T12:21:19","date_gmt":"2024-09-30T10:21:19","guid":{"rendered":"https:\/\/bien-etreiris.ch\/produktpraesentation\/hygiene\/koerperpflege\/seifen\/aleppo-sefen\/fabrique-en-france\/authentique\/"},"modified":"2024-09-30T12:21:46","modified_gmt":"2024-09-30T10:21:46","slug":"authentique","status":"publish","type":"page","link":"https:\/\/bien-etreiris.ch\/de\/produktpraesentation\/hygiene\/koerperpflege\/seifen\/aleppo-sefen\/fabrique-en-france\/authentique\/","title":{"rendered":"AUTHENTIQUE"},"content":{"rendered":"\n<h2 class=\"child_title\">Authentique<\/h2>\n<p><a href=\"https:\/\/bien-etreiris.ch\/de\/produktpraesentation\/hygiene\/koerperpflege\/seifen\/aleppo-sefen\/fabrique-en-france\/authentique\/authentique-2\/\" rel=\"attachment wp-att-90148\"><img loading=\"lazy\" decoding=\"async\" class=\"wp-image-90148 alignleft\" src=\"https:\/\/bien-etreiris.ch\/wp-content\/uploads\/2024\/09\/AUTHENTIQUE.jpg\" alt=\"\" width=\"329\" height=\"220\" srcset=\"https:\/\/bien-etreiris.ch\/wp-content\/uploads\/2024\/09\/AUTHENTIQUE.jpg 905w, https:\/\/bien-etreiris.ch\/wp-content\/uploads\/2024\/09\/AUTHENTIQUE-300x201.jpg 300w, https:\/\/bien-etreiris.ch\/wp-content\/uploads\/2024\/09\/AUTHENTIQUE-768x513.jpg 768w\" sizes=\"auto, (max-width: 329px) 100vw, 329px\" \/><\/a><\/p>\n<p><a href=\"https:\/\/bien-etreiris.ch\/de\/unsere-marken\/alepia\/\" target=\"_blank\" rel=\"noopener\"><span style=\"color: #99cc00;\">ALEPIA<\/span><\/a><\/p>\n<p>Fabriqu\u00e9 en France<br><br>265 g environ en vrac <strong>CHF12.60<\/strong><br>(D\u00e9coupe manuelle)<\/p>\n<p>D\u00e9couvrez le Savon d'Alep Frais, une v\u00e9ritable merveille r\u00e9compens\u00e9e par <strong>l'Excellence Artisanale<\/strong>.<br><br>Notre savon frais, d'une singularit\u00e9 in\u00e9gal\u00e9e, est m\u00e9ticuleusement con\u00e7u \u00e0 partir d'huile d'Olive vierge et d'huile de baie de Laurier Bio.<br>R\u00e9sultat : une exp\u00e9rience sensorielle incomparable, le summum des savons d'Alep.<br>&nbsp;<br>Plongez-vous dans l'essence de la qualit\u00e9 avec notre savon prim\u00e9, honor\u00e9 par la m\u00e9daille d'Excellence Artisanale 2023 d\u00e9cern\u00e9e par <strong>la Chambre des M\u00e9tiers de l'Ile de France<\/strong>. Son parfum frais de baie de Laurier \u00e9veillera vos sens comme jamais auparavant.<br>&nbsp;<br>Utilisez-le avec bonheur d\u00e8s maintenant ou laissez-le s'affiner pendant quelques semaines ou mois. Cette \u0153uvre d'art, capable d'illuminer votre chambre ou salon de sa magie, est le cadeau id\u00e9al \u00e0 offrir ou \u00e0 s'offrir. Vivez l'excellence avec le Savon d'Alep Vert d'Alepia.<\/p>\n<p>&nbsp;<\/p>\n","protected":false},"excerpt":{"rendered":"<p>Authentique ALEPIA Fabriqu\u00e9 en France 265 g environ en vrac CHF12.60(D\u00e9coupe manuelle) D\u00e9couvrez le Savon d'Alep Frais, une v\u00e9ritable merveille r\u00e9compens\u00e9e par l'Excellence Artisanale. Notre savon frais, d'une singularit\u00e9 in\u00e9gal\u00e9e, est m\u00e9ticuleusement con\u00e7u \u00e0 partir d'huile d'Olive vierge et d'huile de baie de Laurier Bio.R\u00e9sultat : une exp\u00e9rience sensorielle incomparable, le summum des savons d'Alep.&nbsp;Plongez-vous dans l'essence de la qualit\u00e9&nbsp;<a href=\"https:\/\/bien-etreiris.ch\/de\/produktpraesentation\/hygiene\/koerperpflege\/seifen\/aleppo-sefen\/fabrique-en-france\/authentique\/\" class=\"read-more\">Weiter lesen<\/a><\/p>\n","protected":false},"author":1,"featured_media":90147,"parent":90115,"menu_order":1251,"comment_status":"closed","ping_status":"closed","template":"page-with-child.php","meta":{"_acf_changed":false,"ngg_post_thumbnail":0,"footnotes":""},"class_list":["post-90154","page","type-page","status-publish","has-post-thumbnail","hentry"],"acf":[],"yoast_head":"<!-- This site is optimized with the Yoast SEO plugin v27.5 - https:\/\/yoast.com\/product\/yoast-seo-wordpress\/ -->\n<title>AUTHENTIQUE - WOHLBEFINDEN<\/title>\n<meta name=\"robots\" content=\"index, follow, max-snippet:-1, max-image-preview:large, max-video-preview:-1\" \/>\n<link rel=\"canonical\" href=\"https:\/\/bien-etreiris.ch\/de\/produktpraesentation\/hygiene\/koerperpflege\/seifen\/aleppo-sefen\/fabrique-en-france\/authentique\/\" \/>\n<meta property=\"og:locale\" content=\"de_DE\" \/>\n<meta property=\"og:type\" content=\"article\" \/>\n<meta property=\"og:title\" content=\"AUTHENTIQUE - WOHLBEFINDEN\" \/>\n<meta property=\"og:description\" content=\"Authentique ALEPIA Fabriqu\u00e9 en France 265 g environ en vrac CHF12.60(D\u00e9coupe manuelle) D\u00e9couvrez le Savon d&#039;Alep Frais, une v\u00e9ritable merveille r\u00e9compens\u00e9e par l&#039;Excellence Artisanale. Notre savon frais, d&#039;une singularit\u00e9 in\u00e9gal\u00e9e, est m\u00e9ticuleusement con\u00e7u \u00e0 partir d&#039;huile d&#039;Olive vierge et d&#039;huile de baie de Laurier Bio.R\u00e9sultat : une exp\u00e9rience sensorielle incomparable, le summum des savons d&#039;Alep.&nbsp;Plongez-vous dans l&#039;essence de la qualit\u00e9&nbsp;Weiter lesen\" \/>\n<meta property=\"og:url\" content=\"https:\/\/bien-etreiris.ch\/de\/produktpraesentation\/hygiene\/koerperpflege\/seifen\/aleppo-sefen\/fabrique-en-france\/authentique\/\" \/>\n<meta property=\"og:site_name\" content=\"WOHLBEFINDEN\" \/>\n<meta property=\"article:publisher\" content=\"https:\/\/www.facebook.com\/bienetreiris\/\" \/>\n<meta property=\"article:modified_time\" content=\"2024-09-30T10:21:46+00:00\" \/>\n<meta property=\"og:image\" content=\"https:\/\/bien-etreiris.ch\/wp-content\/uploads\/2024\/09\/acceuil-fabrique-en-France.jpg\" \/>\n\t<meta property=\"og:image:width\" content=\"905\" \/>\n\t<meta property=\"og:image:height\" content=\"605\" \/>\n\t<meta property=\"og:image:type\" content=\"image\/jpeg\" \/>\n<meta name=\"twitter:label1\" content=\"Gesch\u00e4tzte Lesezeit\" \/>\n\t<meta name=\"twitter:data1\" content=\"2\u00a0Minuten\" \/>\n<script type=\"application\/ld+json\" class=\"yoast-schema-graph\">{\"@context\":\"https:\\\/\\\/schema.org\",\"@graph\":[{\"@type\":\"WebPage\",\"@id\":\"https:\\\/\\\/bien-etreiris.ch\\\/de\\\/produktpraesentation\\\/hygiene\\\/koerperpflege\\\/seifen\\\/aleppo-sefen\\\/fabrique-en-france\\\/authentique\\\/\",\"url\":\"https:\\\/\\\/bien-etreiris.ch\\\/de\\\/produktpraesentation\\\/hygiene\\\/koerperpflege\\\/seifen\\\/aleppo-sefen\\\/fabrique-en-france\\\/authentique\\\/\",\"name\":\"AUTHENTIQUE - WOHLBEFINDEN\",\"isPartOf\":{\"@id\":\"https:\\\/\\\/bien-etreiris.ch\\\/de\\\/#website\"},\"primaryImageOfPage\":{\"@id\":\"https:\\\/\\\/bien-etreiris.ch\\\/de\\\/produktpraesentation\\\/hygiene\\\/koerperpflege\\\/seifen\\\/aleppo-sefen\\\/fabrique-en-france\\\/authentique\\\/#primaryimage\"},\"image\":{\"@id\":\"https:\\\/\\\/bien-etreiris.ch\\\/de\\\/produktpraesentation\\\/hygiene\\\/koerperpflege\\\/seifen\\\/aleppo-sefen\\\/fabrique-en-france\\\/authentique\\\/#primaryimage\"},\"thumbnailUrl\":\"https:\\\/\\\/bien-etreiris.ch\\\/wp-content\\\/uploads\\\/2024\\\/09\\\/acceuil-fabrique-en-France.jpg\",\"datePublished\":\"2024-09-30T10:21:19+00:00\",\"dateModified\":\"2024-09-30T10:21:46+00:00\",\"breadcrumb\":{\"@id\":\"https:\\\/\\\/bien-etreiris.ch\\\/de\\\/produktpraesentation\\\/hygiene\\\/koerperpflege\\\/seifen\\\/aleppo-sefen\\\/fabrique-en-france\\\/authentique\\\/#breadcrumb\"},\"inLanguage\":\"de\",\"potentialAction\":[{\"@type\":\"ReadAction\",\"target\":[\"https:\\\/\\\/bien-etreiris.ch\\\/de\\\/produktpraesentation\\\/hygiene\\\/koerperpflege\\\/seifen\\\/aleppo-sefen\\\/fabrique-en-france\\\/authentique\\\/\"]}]},{\"@type\":\"ImageObject\",\"inLanguage\":\"de\",\"@id\":\"https:\\\/\\\/bien-etreiris.ch\\\/de\\\/produktpraesentation\\\/hygiene\\\/koerperpflege\\\/seifen\\\/aleppo-sefen\\\/fabrique-en-france\\\/authentique\\\/#primaryimage\",\"url\":\"https:\\\/\\\/bien-etreiris.ch\\\/wp-content\\\/uploads\\\/2024\\\/09\\\/acceuil-fabrique-en-France.jpg\",\"contentUrl\":\"https:\\\/\\\/bien-etreiris.ch\\\/wp-content\\\/uploads\\\/2024\\\/09\\\/acceuil-fabrique-en-France.jpg\",\"width\":905,\"height\":605},{\"@type\":\"BreadcrumbList\",\"@id\":\"https:\\\/\\\/bien-etreiris.ch\\\/de\\\/produktpraesentation\\\/hygiene\\\/koerperpflege\\\/seifen\\\/aleppo-sefen\\\/fabrique-en-france\\\/authentique\\\/#breadcrumb\",\"itemListElement\":[{\"@type\":\"ListItem\",\"position\":1,\"name\":\"Home\",\"item\":\"https:\\\/\\\/bien-etreiris.ch\\\/de\\\/\"},{\"@type\":\"ListItem\",\"position\":2,\"name\":\"PRODUKTPR\u00c4SENTATION\",\"item\":\"https:\\\/\\\/bien-etreiris.ch\\\/de\\\/produktpraesentation\\\/\"},{\"@type\":\"ListItem\",\"position\":3,\"name\":\"HYGIENE\",\"item\":\"https:\\\/\\\/bien-etreiris.ch\\\/de\\\/produktpraesentation\\\/hygiene\\\/\"},{\"@type\":\"ListItem\",\"position\":4,\"name\":\"K\u00d6RPERPFLEGE\",\"item\":\"https:\\\/\\\/bien-etreiris.ch\\\/de\\\/produktpraesentation\\\/hygiene\\\/koerperpflege\\\/\"},{\"@type\":\"ListItem\",\"position\":5,\"name\":\"SEIFEN\",\"item\":\"https:\\\/\\\/bien-etreiris.ch\\\/de\\\/produktpraesentation\\\/hygiene\\\/koerperpflege\\\/seifen\\\/\"},{\"@type\":\"ListItem\",\"position\":6,\"name\":\"ALEPPO SEIFEN\",\"item\":\"https:\\\/\\\/bien-etreiris.ch\\\/de\\\/produktpraesentation\\\/hygiene\\\/koerperpflege\\\/seifen\\\/aleppo-sefen\\\/\"},{\"@type\":\"ListItem\",\"position\":7,\"name\":\"FABRIQUES EN FRANCE\",\"item\":\"https:\\\/\\\/bien-etreiris.ch\\\/de\\\/produktpraesentation\\\/hygiene\\\/koerperpflege\\\/seifen\\\/aleppo-sefen\\\/fabrique-en-france\\\/\"},{\"@type\":\"ListItem\",\"position\":8,\"name\":\"AUTHENTIQUE\"}]},{\"@type\":\"WebSite\",\"@id\":\"https:\\\/\\\/bien-etreiris.ch\\\/de\\\/#website\",\"url\":\"https:\\\/\\\/bien-etreiris.ch\\\/de\\\/\",\"name\":\"Bien-\u00eatre Iris\",\"description\":\"IHRE Gesundheit ist uns wichtig\",\"potentialAction\":[{\"@type\":\"SearchAction\",\"target\":{\"@type\":\"EntryPoint\",\"urlTemplate\":\"https:\\\/\\\/bien-etreiris.ch\\\/de\\\/?s={search_term_string}\"},\"query-input\":{\"@type\":\"PropertyValueSpecification\",\"valueRequired\":true,\"valueName\":\"search_term_string\"}}],\"inLanguage\":\"de\"}]}<\/script>\n<!-- \/ Yoast SEO plugin. -->","yoast_head_json":{"title":"AUTHENTIQUE - WOHLBEFINDEN","robots":{"index":"index","follow":"follow","max-snippet":"max-snippet:-1","max-image-preview":"max-image-preview:large","max-video-preview":"max-video-preview:-1"},"canonical":"https:\/\/bien-etreiris.ch\/de\/produktpraesentation\/hygiene\/koerperpflege\/seifen\/aleppo-sefen\/fabrique-en-france\/authentique\/","og_locale":"de_DE","og_type":"article","og_title":"AUTHENTIQUE - WOHLBEFINDEN","og_description":"Authentique ALEPIA Fabriqu\u00e9 en France 265 g environ en vrac CHF12.60(D\u00e9coupe manuelle) D\u00e9couvrez le Savon d'Alep Frais, une v\u00e9ritable merveille r\u00e9compens\u00e9e par l'Excellence Artisanale. Notre savon frais, d'une singularit\u00e9 in\u00e9gal\u00e9e, est m\u00e9ticuleusement con\u00e7u \u00e0 partir d'huile d'Olive vierge et d'huile de baie de Laurier Bio.R\u00e9sultat : une exp\u00e9rience sensorielle incomparable, le summum des savons d'Alep.&nbsp;Plongez-vous dans l'essence de la qualit\u00e9&nbsp;Weiter lesen","og_url":"https:\/\/bien-etreiris.ch\/de\/produktpraesentation\/hygiene\/koerperpflege\/seifen\/aleppo-sefen\/fabrique-en-france\/authentique\/","og_site_name":"WOHLBEFINDEN","article_publisher":"https:\/\/www.facebook.com\/bienetreiris\/","article_modified_time":"2024-09-30T10:21:46+00:00","og_image":[{"width":905,"height":605,"url":"https:\/\/bien-etreiris.ch\/wp-content\/uploads\/2024\/09\/acceuil-fabrique-en-France.jpg","type":"image\/jpeg"}],"twitter_misc":{"Gesch\u00e4tzte Lesezeit":"2\u00a0Minuten"},"schema":{"@context":"https:\/\/schema.org","@graph":[{"@type":"WebPage","@id":"https:\/\/bien-etreiris.ch\/de\/produktpraesentation\/hygiene\/koerperpflege\/seifen\/aleppo-sefen\/fabrique-en-france\/authentique\/","url":"https:\/\/bien-etreiris.ch\/de\/produktpraesentation\/hygiene\/koerperpflege\/seifen\/aleppo-sefen\/fabrique-en-france\/authentique\/","name":"AUTHENTIQUE - WOHLBEFINDEN","isPartOf":{"@id":"https:\/\/bien-etreiris.ch\/de\/#website"},"primaryImageOfPage":{"@id":"https:\/\/bien-etreiris.ch\/de\/produktpraesentation\/hygiene\/koerperpflege\/seifen\/aleppo-sefen\/fabrique-en-france\/authentique\/#primaryimage"},"image":{"@id":"https:\/\/bien-etreiris.ch\/de\/produktpraesentation\/hygiene\/koerperpflege\/seifen\/aleppo-sefen\/fabrique-en-france\/authentique\/#primaryimage"},"thumbnailUrl":"https:\/\/bien-etreiris.ch\/wp-content\/uploads\/2024\/09\/acceuil-fabrique-en-France.jpg","datePublished":"2024-09-30T10:21:19+00:00","dateModified":"2024-09-30T10:21:46+00:00","breadcrumb":{"@id":"https:\/\/bien-etreiris.ch\/de\/produktpraesentation\/hygiene\/koerperpflege\/seifen\/aleppo-sefen\/fabrique-en-france\/authentique\/#breadcrumb"},"inLanguage":"de","potentialAction":[{"@type":"ReadAction","target":["https:\/\/bien-etreiris.ch\/de\/produktpraesentation\/hygiene\/koerperpflege\/seifen\/aleppo-sefen\/fabrique-en-france\/authentique\/"]}]},{"@type":"ImageObject","inLanguage":"de","@id":"https:\/\/bien-etreiris.ch\/de\/produktpraesentation\/hygiene\/koerperpflege\/seifen\/aleppo-sefen\/fabrique-en-france\/authentique\/#primaryimage","url":"https:\/\/bien-etreiris.ch\/wp-content\/uploads\/2024\/09\/acceuil-fabrique-en-France.jpg","contentUrl":"https:\/\/bien-etreiris.ch\/wp-content\/uploads\/2024\/09\/acceuil-fabrique-en-France.jpg","width":905,"height":605},{"@type":"BreadcrumbList","@id":"https:\/\/bien-etreiris.ch\/de\/produktpraesentation\/hygiene\/koerperpflege\/seifen\/aleppo-sefen\/fabrique-en-france\/authentique\/#breadcrumb","itemListElement":[{"@type":"ListItem","position":1,"name":"Home","item":"https:\/\/bien-etreiris.ch\/de\/"},{"@type":"ListItem","position":2,"name":"PRODUKTPR\u00c4SENTATION","item":"https:\/\/bien-etreiris.ch\/de\/produktpraesentation\/"},{"@type":"ListItem","position":3,"name":"HYGIENE","item":"https:\/\/bien-etreiris.ch\/de\/produktpraesentation\/hygiene\/"},{"@type":"ListItem","position":4,"name":"K\u00d6RPERPFLEGE","item":"https:\/\/bien-etreiris.ch\/de\/produktpraesentation\/hygiene\/koerperpflege\/"},{"@type":"ListItem","position":5,"name":"SEIFEN","item":"https:\/\/bien-etreiris.ch\/de\/produktpraesentation\/hygiene\/koerperpflege\/seifen\/"},{"@type":"ListItem","position":6,"name":"ALEPPO SEIFEN","item":"https:\/\/bien-etreiris.ch\/de\/produktpraesentation\/hygiene\/koerperpflege\/seifen\/aleppo-sefen\/"},{"@type":"ListItem","position":7,"name":"FABRIQUES EN FRANCE","item":"https:\/\/bien-etreiris.ch\/de\/produktpraesentation\/hygiene\/koerperpflege\/seifen\/aleppo-sefen\/fabrique-en-france\/"},{"@type":"ListItem","position":8,"name":"AUTHENTIQUE"}]},{"@type":"WebSite","@id":"https:\/\/bien-etreiris.ch\/de\/#website","url":"https:\/\/bien-etreiris.ch\/de\/","name":"Bien-\u00eatre Iris","description":"IHRE Gesundheit ist uns wichtig","potentialAction":[{"@type":"SearchAction","target":{"@type":"EntryPoint","urlTemplate":"https:\/\/bien-etreiris.ch\/de\/?s={search_term_string}"},"query-input":{"@type":"PropertyValueSpecification","valueRequired":true,"valueName":"search_term_string"}}],"inLanguage":"de"}]}},"_links":{"self":[{"href":"https:\/\/bien-etreiris.ch\/de\/wp-json\/wp\/v2\/pages\/90154","targetHints":{"allow":["GET"]}}],"collection":[{"href":"https:\/\/bien-etreiris.ch\/de\/wp-json\/wp\/v2\/pages"}],"about":[{"href":"https:\/\/bien-etreiris.ch\/de\/wp-json\/wp\/v2\/types\/page"}],"author":[{"embeddable":true,"href":"https:\/\/bien-etreiris.ch\/de\/wp-json\/wp\/v2\/users\/1"}],"replies":[{"embeddable":true,"href":"https:\/\/bien-etreiris.ch\/de\/wp-json\/wp\/v2\/comments?post=90154"}],"version-history":[{"count":2,"href":"https:\/\/bien-etreiris.ch\/de\/wp-json\/wp\/v2\/pages\/90154\/revisions"}],"predecessor-version":[{"id":90160,"href":"https:\/\/bien-etreiris.ch\/de\/wp-json\/wp\/v2\/pages\/90154\/revisions\/90160"}],"up":[{"embeddable":true,"href":"https:\/\/bien-etreiris.ch\/de\/wp-json\/wp\/v2\/pages\/90115"}],"wp:featuredmedia":[{"embeddable":true,"href":"https:\/\/bien-etreiris.ch\/de\/wp-json\/wp\/v2\/media\/90147"}],"wp:attachment":[{"href":"https:\/\/bien-etreiris.ch\/de\/wp-json\/wp\/v2\/media?parent=90154"}],"curies":[{"name":"wp","href":"https:\/\/api.w.org\/{rel}","templated":true}]}}