{"id":90055,"date":"2024-09-30T06:49:09","date_gmt":"2024-09-30T04:49:09","guid":{"rendered":"https:\/\/bien-etreiris.ch\/produktpraesentation\/hygiene\/koerperpflege\/seifen\/savons-marseille\/boite-en-metal\/"},"modified":"2024-09-30T15:53:20","modified_gmt":"2024-09-30T13:53:20","slug":"boite-en-metal","status":"publish","type":"page","link":"https:\/\/bien-etreiris.ch\/de\/produktpraesentation\/hygiene\/koerperpflege\/seifen\/savons-marseille\/boite-en-metal\/","title":{"rendered":"BO\u00ceTE EN METAL"},"content":{"rendered":"\n<h2 class=\"h1\">Savon de Marseille parfum\u00e9 au C\u00e8dre - Bo\u00eete m\u00e9tal<\/h2>\n\n\n\n<p>Du Savon de Marseille pure olive cuit au chaudron et parfum\u00e9 aux huiles essentielles.<\/p>\n<p>Dans une jolie boite m\u00e9tal \u00e0 collectionner.<\/p>\n\n\n<p><a href=\"https:\/\/bien-etreiris.ch\/de\/produktpraesentation\/hygiene\/koerperpflege\/seifen\/savons-marseille\/boite-en-metal\/cedre-2\/\" rel=\"attachment wp-att-90191\"><img loading=\"lazy\" decoding=\"async\" class=\"wp-image-90191 alignleft\" src=\"https:\/\/bien-etreiris.ch\/wp-content\/uploads\/2024\/09\/Cedre.jpg\" alt=\"\" width=\"393\" height=\"213\" srcset=\"https:\/\/bien-etreiris.ch\/wp-content\/uploads\/2024\/09\/Cedre.jpg 835w, https:\/\/bien-etreiris.ch\/wp-content\/uploads\/2024\/09\/Cedre-300x162.jpg 300w, https:\/\/bien-etreiris.ch\/wp-content\/uploads\/2024\/09\/Cedre-768x416.jpg 768w\" sizes=\"auto, (max-width: 393px) 100vw, 393px\" \/><\/a><\/p>\n<p><span style=\"color: #99cc00;\">ALEPIA<\/span><\/p>\n<p>Fabriqu\u00e9 en France et certifi\u00e9 Nat.<\/p>\n<p>Poids net 100g <strong>CHF 8.40<\/strong><\/p>\n<div class=\"elementor-element elementor-element-7cf5330 elementor-widget elementor-widget-pkproductdescription\" data-id=\"7cf5330\" data-element_type=\"widget\" data-widget_type=\"pkproductdescription.default\">\n<div class=\"elementor-widget-container\">\n<div class=\"short-desc\">\n<p>Un savon cuit au chaudron, pur huile d'Olive et parfum\u00e9 \u00e0 l'huile essentielle 100% naturelle de C\u00e8dre.<\/p>\n<p>Tr\u00e8s doux, il nettoie et adoucit la peau tout en la parfumant subtilement.<\/p>\n<p>Pour tous types de peaux.<\/p>\n<h4><strong>Ingr\u00e9dients :<\/strong><\/h4>\n<p>Sodium Olivate, Aqua, Cedrus Atlantica Bark Oil, Sodium Laurus Nobilate, Sodium Hydroxide, Cl 77007 (Ultramarines\/Ultramarine Blue), Silica<\/p>\n<h4>Utilisation :<\/h4>\n<p>Appliquer sur la peau humide du visage et du corps, masser d\u00e9licatement et rincer.<\/p>\n<\/div>\n<\/div>\n<\/div>\n<hr>\n<h2 class=\"h1\">Savon de Marseille parfum\u00e9 au Citron - Bo\u00eete m\u00e9tal<\/h2>\n<div class=\"rte\">\n<p>Du Savon de Marseille pure olive cuit au chaudron et parfum\u00e9 aux huiles essentielles.<\/p>\n<p>Dans une jolie boite m\u00e9tal \u00e0 collectionner.<\/p>\n<\/div>\n<p><a href=\"https:\/\/bien-etreiris.ch\/de\/produktpraesentation\/hygiene\/koerperpflege\/seifen\/savons-marseille\/boite-en-metal\/citron-8-2\/\" rel=\"attachment wp-att-90185\"><img loading=\"lazy\" decoding=\"async\" class=\"wp-image-90185 alignleft\" src=\"https:\/\/bien-etreiris.ch\/wp-content\/uploads\/2024\/09\/Citron.jpg\" alt=\"\" width=\"388\" height=\"251\" srcset=\"https:\/\/bien-etreiris.ch\/wp-content\/uploads\/2024\/09\/Citron.jpg 791w, https:\/\/bien-etreiris.ch\/wp-content\/uploads\/2024\/09\/Citron-300x194.jpg 300w, https:\/\/bien-etreiris.ch\/wp-content\/uploads\/2024\/09\/Citron-768x497.jpg 768w\" sizes=\"auto, (max-width: 388px) 100vw, 388px\" \/><\/a><\/p>\n<p>&nbsp;<\/p>\n<p><strong><span style=\"color: #99cc00;\">ALEPIA<\/span><\/strong><\/p>\n<p>Fabriqu\u00e9 en France et certifi\u00e9 Nat.<\/p>\n<p>Poids net 100g. <strong>CHF 8.40<\/strong><\/p>\n<div class=\"elementor-element elementor-element-7cf5330 elementor-widget elementor-widget-pkproductdescription\" data-id=\"7cf5330\" data-element_type=\"widget\" data-widget_type=\"pkproductdescription.default\">\n<div class=\"elementor-widget-container\">\n<div class=\"short-desc\">\n<p>Un savon cuit au chaudron, pur huile d'Olive et parfum\u00e9 \u00e0 l'huile essentielle 100% naturelle de Citron.<\/p>\n<p>Tr\u00e8s doux, il nettoie et adoucit la peau tout en la parfumant subtilement.<\/p>\n<p>Pour tous types de peaux.<\/p>\n<h4><strong>Ingr\u00e9dients :<\/strong><\/h4>\n<p>Sodium Olivate, Aqua, Citrus Limon (Lemon) Peel Oil, Limonene, Cedrus Atlantica Bark Oil, Sodium Laurus Nobilate, Sodium Hydroxide, CI 77492 (Iron Oxides\/Yellow Oxide of Iron), Citral<\/p>\n<h4><strong>Utilisation :<\/strong><\/h4>\n<p>Appliquer sur la peau humide du visage et du corps, masser d\u00e9licatement et rincer.<\/p>\n<hr><\/div>\n<\/div>\n<\/div>\n<h2 class=\"h1\">Savon de Marseille parfum\u00e9 au Lavandin - Bo\u00eete m\u00e9tal<\/h2>\n<p>Du Savon de Marseille pure olive cuit au chaudron et parfum\u00e9 aux huiles essentielles.<\/p>\n<p>Dans une jolie boite m\u00e9tal \u00e0 collectionner.<\/p>\n<p><a href=\"https:\/\/bien-etreiris.ch\/de\/produktpraesentation\/hygiene\/koerperpflege\/seifen\/savons-marseille\/boite-en-metal\/lavandin-2-2\/\" rel=\"attachment wp-att-90188\"><img loading=\"lazy\" decoding=\"async\" class=\"wp-image-90188 alignleft\" src=\"https:\/\/bien-etreiris.ch\/wp-content\/uploads\/2024\/09\/Lavandin.jpg\" alt=\"\" width=\"396\" height=\"277\" srcset=\"https:\/\/bien-etreiris.ch\/wp-content\/uploads\/2024\/09\/Lavandin.jpg 875w, https:\/\/bien-etreiris.ch\/wp-content\/uploads\/2024\/09\/Lavandin-300x209.jpg 300w, https:\/\/bien-etreiris.ch\/wp-content\/uploads\/2024\/09\/Lavandin-768x536.jpg 768w\" sizes=\"auto, (max-width: 396px) 100vw, 396px\" \/><\/a><\/p>\n<p><strong>ALEPIA<\/strong><\/p>\n<p>Fabriqu\u00e9 en France et certifi\u00e9 Nat.<\/p>\n<p>Poids net 100g. <strong>CHF 8.40<\/strong><\/p>\n<div class=\"elementor-element elementor-element-7cf5330 elementor-widget elementor-widget-pkproductdescription\" data-id=\"7cf5330\" data-element_type=\"widget\" data-widget_type=\"pkproductdescription.default\">\n<div class=\"elementor-widget-container\">\n<div class=\"short-desc\">\n<p>Un savon cuit au chaudron, pur huile d'Olive et parfum\u00e9 \u00e0 l'huile essentielle 100% naturelle de Lavandin.<\/p>\n<p>Tr\u00e8s doux, il nettoie et adoucit la peau tout en la parfumant subtilement.<\/p>\n<p>Pour tous types de peaux.<\/p>\n<h4><strong>Ingr\u00e9dients :<\/strong><\/h4>\n<p>Sodium Olivate, Aqua, Citrus Limon (Lemon) Peel Oil, Limonene, Cedrus Atlantica Bark Oil, Sodium Laurus Nobilate, Sodium Hydroxide, CI 77492 (Iron Oxides\/Yellow Oxide of Iron), Citral<\/p>\n<h4><strong>Utilisation :<\/strong><\/h4>\n<p>Appliquer sur la peau humide du visage et du corps, masser d\u00e9licatement et rincer.<\/p>\n<hr><\/div>\n<\/div>\n<\/div>\n<p>&nbsp;<\/p>\n<p>&nbsp;<\/p>\n<p><a href=\"https:\/\/bien-etreiris.ch\/de\/produktpraesentation\/hygiene\/koerperpflege\/seifen\/savons-marseille\/boite-en-metal\/orange-3-2\/\" rel=\"attachment wp-att-90198\"><img loading=\"lazy\" decoding=\"async\" class=\"alignnone  wp-image-90198\" src=\"https:\/\/bien-etreiris.ch\/wp-content\/uploads\/2024\/09\/orange.jpg\" alt=\"\" width=\"400\" height=\"230\" srcset=\"https:\/\/bien-etreiris.ch\/wp-content\/uploads\/2024\/09\/orange.jpg 830w, https:\/\/bien-etreiris.ch\/wp-content\/uploads\/2024\/09\/orange-300x172.jpg 300w, https:\/\/bien-etreiris.ch\/wp-content\/uploads\/2024\/09\/orange-768x441.jpg 768w\" sizes=\"auto, (max-width: 400px) 100vw, 400px\" \/><\/a><\/p>","protected":false},"excerpt":{"rendered":"<p>Savon de Marseille parfum\u00e9 au C\u00e8dre - Bo\u00eete m\u00e9tal Du Savon de Marseille pure olive cuit au chaudron et parfum\u00e9 aux huiles essentielles. Dans une jolie boite m\u00e9tal \u00e0 collectionner. ALEPIA Fabriqu\u00e9 en France et certifi\u00e9 Nat. Poids net 100g CHF 8.40 Un savon cuit au chaudron, pur huile d'Olive et parfum\u00e9 \u00e0 l'huile essentielle 100% naturelle de C\u00e8dre. Tr\u00e8s&nbsp;<a href=\"https:\/\/bien-etreiris.ch\/de\/produktpraesentation\/hygiene\/koerperpflege\/seifen\/savons-marseille\/boite-en-metal\/\" class=\"read-more\">Weiter lesen<\/a><\/p>\n","protected":false},"author":1,"featured_media":48575,"parent":90040,"menu_order":1262,"comment_status":"closed","ping_status":"closed","template":"page-with-child.php","meta":{"_acf_changed":false,"ngg_post_thumbnail":0,"footnotes":""},"class_list":["post-90055","page","type-page","status-publish","has-post-thumbnail","hentry"],"acf":[],"yoast_head":"<!-- This site is optimized with the Yoast SEO plugin v27.5 - https:\/\/yoast.com\/product\/yoast-seo-wordpress\/ -->\n<title>BO\u00ceTE EN METAL - WOHLBEFINDEN<\/title>\n<meta name=\"robots\" content=\"index, follow, max-snippet:-1, max-image-preview:large, max-video-preview:-1\" \/>\n<link rel=\"canonical\" href=\"https:\/\/bien-etreiris.ch\/de\/produktpraesentation\/hygiene\/koerperpflege\/seifen\/savons-marseille\/boite-en-metal\/\" \/>\n<meta property=\"og:locale\" content=\"de_DE\" \/>\n<meta property=\"og:type\" content=\"article\" \/>\n<meta property=\"og:title\" content=\"BO\u00ceTE EN METAL - WOHLBEFINDEN\" \/>\n<meta property=\"og:description\" content=\"Savon de Marseille parfum\u00e9 au C\u00e8dre - Bo\u00eete m\u00e9tal Du Savon de Marseille pure olive cuit au chaudron et parfum\u00e9 aux huiles essentielles. Dans une jolie boite m\u00e9tal \u00e0 collectionner. ALEPIA Fabriqu\u00e9 en France et certifi\u00e9 Nat. Poids net 100g CHF 8.40 Un savon cuit au chaudron, pur huile d&#039;Olive et parfum\u00e9 \u00e0 l&#039;huile essentielle 100% naturelle de C\u00e8dre. Tr\u00e8s&nbsp;Weiter lesen\" \/>\n<meta property=\"og:url\" content=\"https:\/\/bien-etreiris.ch\/de\/produktpraesentation\/hygiene\/koerperpflege\/seifen\/savons-marseille\/boite-en-metal\/\" \/>\n<meta property=\"og:site_name\" content=\"WOHLBEFINDEN\" \/>\n<meta property=\"article:publisher\" content=\"https:\/\/www.facebook.com\/bienetreiris\/\" \/>\n<meta property=\"article:modified_time\" content=\"2024-09-30T13:53:20+00:00\" \/>\n<meta property=\"og:image\" content=\"https:\/\/bien-etreiris.ch\/wp-content\/uploads\/2021\/05\/Savon-de-Marseille-Collection-metal.jpg\" \/>\n\t<meta property=\"og:image:width\" content=\"500\" \/>\n\t<meta property=\"og:image:height\" content=\"371\" \/>\n\t<meta property=\"og:image:type\" content=\"image\/jpeg\" \/>\n<meta name=\"twitter:label1\" content=\"Gesch\u00e4tzte Lesezeit\" \/>\n\t<meta name=\"twitter:data1\" content=\"1\u00a0Minute\" \/>\n<script type=\"application\/ld+json\" class=\"yoast-schema-graph\">{\"@context\":\"https:\\\/\\\/schema.org\",\"@graph\":[{\"@type\":\"WebPage\",\"@id\":\"https:\\\/\\\/bien-etreiris.ch\\\/de\\\/produktpraesentation\\\/hygiene\\\/koerperpflege\\\/seifen\\\/savons-marseille\\\/boite-en-metal\\\/\",\"url\":\"https:\\\/\\\/bien-etreiris.ch\\\/de\\\/produktpraesentation\\\/hygiene\\\/koerperpflege\\\/seifen\\\/savons-marseille\\\/boite-en-metal\\\/\",\"name\":\"BO\u00ceTE EN METAL - WOHLBEFINDEN\",\"isPartOf\":{\"@id\":\"https:\\\/\\\/bien-etreiris.ch\\\/de\\\/#website\"},\"primaryImageOfPage\":{\"@id\":\"https:\\\/\\\/bien-etreiris.ch\\\/de\\\/produktpraesentation\\\/hygiene\\\/koerperpflege\\\/seifen\\\/savons-marseille\\\/boite-en-metal\\\/#primaryimage\"},\"image\":{\"@id\":\"https:\\\/\\\/bien-etreiris.ch\\\/de\\\/produktpraesentation\\\/hygiene\\\/koerperpflege\\\/seifen\\\/savons-marseille\\\/boite-en-metal\\\/#primaryimage\"},\"thumbnailUrl\":\"https:\\\/\\\/bien-etreiris.ch\\\/wp-content\\\/uploads\\\/2021\\\/05\\\/Savon-de-Marseille-Collection-metal.jpg\",\"datePublished\":\"2024-09-30T04:49:09+00:00\",\"dateModified\":\"2024-09-30T13:53:20+00:00\",\"breadcrumb\":{\"@id\":\"https:\\\/\\\/bien-etreiris.ch\\\/de\\\/produktpraesentation\\\/hygiene\\\/koerperpflege\\\/seifen\\\/savons-marseille\\\/boite-en-metal\\\/#breadcrumb\"},\"inLanguage\":\"de\",\"potentialAction\":[{\"@type\":\"ReadAction\",\"target\":[\"https:\\\/\\\/bien-etreiris.ch\\\/de\\\/produktpraesentation\\\/hygiene\\\/koerperpflege\\\/seifen\\\/savons-marseille\\\/boite-en-metal\\\/\"]}]},{\"@type\":\"ImageObject\",\"inLanguage\":\"de\",\"@id\":\"https:\\\/\\\/bien-etreiris.ch\\\/de\\\/produktpraesentation\\\/hygiene\\\/koerperpflege\\\/seifen\\\/savons-marseille\\\/boite-en-metal\\\/#primaryimage\",\"url\":\"https:\\\/\\\/bien-etreiris.ch\\\/wp-content\\\/uploads\\\/2021\\\/05\\\/Savon-de-Marseille-Collection-metal.jpg\",\"contentUrl\":\"https:\\\/\\\/bien-etreiris.ch\\\/wp-content\\\/uploads\\\/2021\\\/05\\\/Savon-de-Marseille-Collection-metal.jpg\",\"width\":500,\"height\":371},{\"@type\":\"BreadcrumbList\",\"@id\":\"https:\\\/\\\/bien-etreiris.ch\\\/de\\\/produktpraesentation\\\/hygiene\\\/koerperpflege\\\/seifen\\\/savons-marseille\\\/boite-en-metal\\\/#breadcrumb\",\"itemListElement\":[{\"@type\":\"ListItem\",\"position\":1,\"name\":\"Home\",\"item\":\"https:\\\/\\\/bien-etreiris.ch\\\/de\\\/\"},{\"@type\":\"ListItem\",\"position\":2,\"name\":\"PRODUKTPR\u00c4SENTATION\",\"item\":\"https:\\\/\\\/bien-etreiris.ch\\\/de\\\/produktpraesentation\\\/\"},{\"@type\":\"ListItem\",\"position\":3,\"name\":\"HYGIENE\",\"item\":\"https:\\\/\\\/bien-etreiris.ch\\\/de\\\/produktpraesentation\\\/hygiene\\\/\"},{\"@type\":\"ListItem\",\"position\":4,\"name\":\"K\u00d6RPERPFLEGE\",\"item\":\"https:\\\/\\\/bien-etreiris.ch\\\/de\\\/produktpraesentation\\\/hygiene\\\/koerperpflege\\\/\"},{\"@type\":\"ListItem\",\"position\":5,\"name\":\"SEIFEN\",\"item\":\"https:\\\/\\\/bien-etreiris.ch\\\/de\\\/produktpraesentation\\\/hygiene\\\/koerperpflege\\\/seifen\\\/\"},{\"@type\":\"ListItem\",\"position\":6,\"name\":\"SAVONS DE MARSEILLE\",\"item\":\"https:\\\/\\\/bien-etreiris.ch\\\/de\\\/produktpraesentation\\\/hygiene\\\/koerperpflege\\\/seifen\\\/savons-marseille\\\/\"},{\"@type\":\"ListItem\",\"position\":7,\"name\":\"BO\u00ceTE EN METAL\"}]},{\"@type\":\"WebSite\",\"@id\":\"https:\\\/\\\/bien-etreiris.ch\\\/de\\\/#website\",\"url\":\"https:\\\/\\\/bien-etreiris.ch\\\/de\\\/\",\"name\":\"Bien-\u00eatre Iris\",\"description\":\"IHRE Gesundheit ist uns wichtig\",\"potentialAction\":[{\"@type\":\"SearchAction\",\"target\":{\"@type\":\"EntryPoint\",\"urlTemplate\":\"https:\\\/\\\/bien-etreiris.ch\\\/de\\\/?s={search_term_string}\"},\"query-input\":{\"@type\":\"PropertyValueSpecification\",\"valueRequired\":true,\"valueName\":\"search_term_string\"}}],\"inLanguage\":\"de\"}]}<\/script>\n<!-- \/ Yoast SEO plugin. -->","yoast_head_json":{"title":"BO\u00ceTE EN METAL - WOHLBEFINDEN","robots":{"index":"index","follow":"follow","max-snippet":"max-snippet:-1","max-image-preview":"max-image-preview:large","max-video-preview":"max-video-preview:-1"},"canonical":"https:\/\/bien-etreiris.ch\/de\/produktpraesentation\/hygiene\/koerperpflege\/seifen\/savons-marseille\/boite-en-metal\/","og_locale":"de_DE","og_type":"article","og_title":"BO\u00ceTE EN METAL - WOHLBEFINDEN","og_description":"Savon de Marseille parfum\u00e9 au C\u00e8dre - Bo\u00eete m\u00e9tal Du Savon de Marseille pure olive cuit au chaudron et parfum\u00e9 aux huiles essentielles. Dans une jolie boite m\u00e9tal \u00e0 collectionner. ALEPIA Fabriqu\u00e9 en France et certifi\u00e9 Nat. Poids net 100g CHF 8.40 Un savon cuit au chaudron, pur huile d'Olive et parfum\u00e9 \u00e0 l'huile essentielle 100% naturelle de C\u00e8dre. Tr\u00e8s&nbsp;Weiter lesen","og_url":"https:\/\/bien-etreiris.ch\/de\/produktpraesentation\/hygiene\/koerperpflege\/seifen\/savons-marseille\/boite-en-metal\/","og_site_name":"WOHLBEFINDEN","article_publisher":"https:\/\/www.facebook.com\/bienetreiris\/","article_modified_time":"2024-09-30T13:53:20+00:00","og_image":[{"width":500,"height":371,"url":"https:\/\/bien-etreiris.ch\/wp-content\/uploads\/2021\/05\/Savon-de-Marseille-Collection-metal.jpg","type":"image\/jpeg"}],"twitter_misc":{"Gesch\u00e4tzte Lesezeit":"1\u00a0Minute"},"schema":{"@context":"https:\/\/schema.org","@graph":[{"@type":"WebPage","@id":"https:\/\/bien-etreiris.ch\/de\/produktpraesentation\/hygiene\/koerperpflege\/seifen\/savons-marseille\/boite-en-metal\/","url":"https:\/\/bien-etreiris.ch\/de\/produktpraesentation\/hygiene\/koerperpflege\/seifen\/savons-marseille\/boite-en-metal\/","name":"BO\u00ceTE EN METAL - WOHLBEFINDEN","isPartOf":{"@id":"https:\/\/bien-etreiris.ch\/de\/#website"},"primaryImageOfPage":{"@id":"https:\/\/bien-etreiris.ch\/de\/produktpraesentation\/hygiene\/koerperpflege\/seifen\/savons-marseille\/boite-en-metal\/#primaryimage"},"image":{"@id":"https:\/\/bien-etreiris.ch\/de\/produktpraesentation\/hygiene\/koerperpflege\/seifen\/savons-marseille\/boite-en-metal\/#primaryimage"},"thumbnailUrl":"https:\/\/bien-etreiris.ch\/wp-content\/uploads\/2021\/05\/Savon-de-Marseille-Collection-metal.jpg","datePublished":"2024-09-30T04:49:09+00:00","dateModified":"2024-09-30T13:53:20+00:00","breadcrumb":{"@id":"https:\/\/bien-etreiris.ch\/de\/produktpraesentation\/hygiene\/koerperpflege\/seifen\/savons-marseille\/boite-en-metal\/#breadcrumb"},"inLanguage":"de","potentialAction":[{"@type":"ReadAction","target":["https:\/\/bien-etreiris.ch\/de\/produktpraesentation\/hygiene\/koerperpflege\/seifen\/savons-marseille\/boite-en-metal\/"]}]},{"@type":"ImageObject","inLanguage":"de","@id":"https:\/\/bien-etreiris.ch\/de\/produktpraesentation\/hygiene\/koerperpflege\/seifen\/savons-marseille\/boite-en-metal\/#primaryimage","url":"https:\/\/bien-etreiris.ch\/wp-content\/uploads\/2021\/05\/Savon-de-Marseille-Collection-metal.jpg","contentUrl":"https:\/\/bien-etreiris.ch\/wp-content\/uploads\/2021\/05\/Savon-de-Marseille-Collection-metal.jpg","width":500,"height":371},{"@type":"BreadcrumbList","@id":"https:\/\/bien-etreiris.ch\/de\/produktpraesentation\/hygiene\/koerperpflege\/seifen\/savons-marseille\/boite-en-metal\/#breadcrumb","itemListElement":[{"@type":"ListItem","position":1,"name":"Home","item":"https:\/\/bien-etreiris.ch\/de\/"},{"@type":"ListItem","position":2,"name":"PRODUKTPR\u00c4SENTATION","item":"https:\/\/bien-etreiris.ch\/de\/produktpraesentation\/"},{"@type":"ListItem","position":3,"name":"HYGIENE","item":"https:\/\/bien-etreiris.ch\/de\/produktpraesentation\/hygiene\/"},{"@type":"ListItem","position":4,"name":"K\u00d6RPERPFLEGE","item":"https:\/\/bien-etreiris.ch\/de\/produktpraesentation\/hygiene\/koerperpflege\/"},{"@type":"ListItem","position":5,"name":"SEIFEN","item":"https:\/\/bien-etreiris.ch\/de\/produktpraesentation\/hygiene\/koerperpflege\/seifen\/"},{"@type":"ListItem","position":6,"name":"SAVONS DE MARSEILLE","item":"https:\/\/bien-etreiris.ch\/de\/produktpraesentation\/hygiene\/koerperpflege\/seifen\/savons-marseille\/"},{"@type":"ListItem","position":7,"name":"BO\u00ceTE EN METAL"}]},{"@type":"WebSite","@id":"https:\/\/bien-etreiris.ch\/de\/#website","url":"https:\/\/bien-etreiris.ch\/de\/","name":"Bien-\u00eatre Iris","description":"IHRE Gesundheit ist uns wichtig","potentialAction":[{"@type":"SearchAction","target":{"@type":"EntryPoint","urlTemplate":"https:\/\/bien-etreiris.ch\/de\/?s={search_term_string}"},"query-input":{"@type":"PropertyValueSpecification","valueRequired":true,"valueName":"search_term_string"}}],"inLanguage":"de"}]}},"_links":{"self":[{"href":"https:\/\/bien-etreiris.ch\/de\/wp-json\/wp\/v2\/pages\/90055","targetHints":{"allow":["GET"]}}],"collection":[{"href":"https:\/\/bien-etreiris.ch\/de\/wp-json\/wp\/v2\/pages"}],"about":[{"href":"https:\/\/bien-etreiris.ch\/de\/wp-json\/wp\/v2\/types\/page"}],"author":[{"embeddable":true,"href":"https:\/\/bien-etreiris.ch\/de\/wp-json\/wp\/v2\/users\/1"}],"replies":[{"embeddable":true,"href":"https:\/\/bien-etreiris.ch\/de\/wp-json\/wp\/v2\/comments?post=90055"}],"version-history":[{"count":3,"href":"https:\/\/bien-etreiris.ch\/de\/wp-json\/wp\/v2\/pages\/90055\/revisions"}],"predecessor-version":[{"id":90203,"href":"https:\/\/bien-etreiris.ch\/de\/wp-json\/wp\/v2\/pages\/90055\/revisions\/90203"}],"up":[{"embeddable":true,"href":"https:\/\/bien-etreiris.ch\/de\/wp-json\/wp\/v2\/pages\/90040"}],"wp:featuredmedia":[{"embeddable":true,"href":"https:\/\/bien-etreiris.ch\/de\/wp-json\/wp\/v2\/media\/48575"}],"wp:attachment":[{"href":"https:\/\/bien-etreiris.ch\/de\/wp-json\/wp\/v2\/media?parent=90055"}],"curies":[{"name":"wp","href":"https:\/\/api.w.org\/{rel}","templated":true}]}}