{"id":89957,"date":"2024-09-28T16:49:25","date_gmt":"2024-09-28T14:49:25","guid":{"rendered":"https:\/\/bien-etreiris.ch\/produktpraesentation\/aromatherapie\/aetherische-oele\/menthes\/menthe-citronne\/"},"modified":"2024-09-28T21:50:15","modified_gmt":"2024-09-28T19:50:15","slug":"menthe-citronne","status":"publish","type":"page","link":"https:\/\/bien-etreiris.ch\/de\/produktpraesentation\/aromatherapie\/aetherische-oele\/menthes\/menthe-citronne\/","title":{"rendered":"MENTHE CITRONNE"},"content":{"rendered":"\n<h2>Menthe citronne - Menthe bergamote - Mentha citrata<\/h2>\n<p><a href=\"https:\/\/bien-etreiris.ch\/de\/produktpraesentation\/aromatherapie\/aetherische-oele\/menthes\/menthe-citronne\/menthe-citronnee-2-2\/\" rel=\"attachment wp-att-89965\"><img loading=\"lazy\" decoding=\"async\" class=\"wp-image-89965 alignleft\" src=\"https:\/\/bien-etreiris.ch\/wp-content\/uploads\/2024\/09\/Menthe-citronnee.jpg\" alt=\"\" width=\"189\" height=\"412\" srcset=\"https:\/\/bien-etreiris.ch\/wp-content\/uploads\/2024\/09\/Menthe-citronnee.jpg 366w, https:\/\/bien-etreiris.ch\/wp-content\/uploads\/2024\/09\/Menthe-citronnee-137x300.jpg 137w\" sizes=\"auto, (max-width: 189px) 100vw, 189px\" \/><\/a><\/p>\n<p>&nbsp;<\/p>\n<p>&nbsp;<\/p>\n<p>&nbsp;<\/p>\n<p>&nbsp;<\/p>\n<p>&nbsp;<\/p>\n<p>&nbsp;<\/p>\n<p><span style=\"color: #99cc00;\"><a style=\"color: #99cc00;\" href=\"https:\/\/bien-etreiris.ch\/de\/unsere-marken\/compagnie-des-sens\/\" target=\"_blank\" rel=\"noopener\">Compagnie de Sens<\/a><\/span><\/p>\n<p>10 ml <strong>CHF 11.00<\/strong><\/p>\n<p>&nbsp;<\/p>\n<p>&nbsp;<\/p>\n<p>&nbsp;<\/p>\n\n\n<table style=\"width: 100%; height: 549px;\">\n<tbody>\n<tr style=\"height: 23px;\">\n<td style=\"width: 30.2552%; height: 23px;\">\n<p><strong>Nom botanique :<\/strong><\/p>\n<\/td>\n<td style=\"width: 68.8943%; height: 23px;\"><em>Mentha citrata<\/em><\/td>\n<\/tr>\n<tr style=\"height: 23px;\">\n<td style=\"width: 30.2552%; height: 23px;\"><strong>Famille botanique :<\/strong><\/td>\n<td style=\"width: 68.8943%; height: 23px;\">lamiac\u00e9es<\/td>\n<\/tr>\n<tr style=\"height: 23px;\">\n<td style=\"width: 30.2552%; height: 23px;\"><strong>M\u00e9thode d'extraction :<\/strong><\/td>\n<td style=\"width: 68.8943%; height: 23px;\">distillation \u00e0 la vapeur d'eau<\/td>\n<\/tr>\n<tr style=\"height: 23px;\">\n<td style=\"width: 30.2552%; height: 23px;\"><strong>Partie de la plante utilis\u00e9e :<\/strong><\/td>\n<td style=\"width: 68.8943%; height: 23px;\">parties a\u00e9riennes<\/td>\n<\/tr>\n<tr style=\"height: 23px;\">\n<td style=\"width: 30.2552%; height: 23px;\"><strong>Quantit\u00e9 v\u00e9g\u00e9tale :<\/strong><\/td>\n<td style=\"width: 68.8943%; height: 23px;\">&nbsp;<\/td>\n<\/tr>\n<tr style=\"height: 23px;\">\n<td style=\"width: 30.2552%; height: 23px;\"><strong>Origine g\u00e9ographique :<\/strong>&nbsp;<\/td>\n<td style=\"width: 68.8943%; height: 23px;\">Inde<\/td>\n<\/tr>\n<tr style=\"height: 23px;\">\n<td style=\"width: 30.2552%; height: 23px;\"><strong>Culture qualit\u00e9&nbsp;:<\/strong><\/td>\n<td style=\"width: 68.8943%; height: 23px;\">biologique<\/td>\n<\/tr>\n<tr style=\"height: 23px;\">\n<td style=\"width: 30.2552%; height: 23px;\"><strong>Effet parfum\u00e9 :<\/strong><\/td>\n<td style=\"width: 68.8943%; height: 23px;\">&nbsp;<\/td>\n<\/tr>\n<tr style=\"height: 23px;\">\n<td style=\"width: 30.2552%; height: 23px;\"><strong>Note parfum\u00e9e :<\/strong><\/td>\n<td style=\"width: 68.8943%; height: 23px;\">&nbsp;<\/td>\n<\/tr>\n<tr style=\"height: 23px;\">\n<td style=\"width: 30.2552%; height: 23px;\"><strong>Profil de parfum :<\/strong><\/td>\n<td style=\"width: 68.8943%; height: 23px;\">&nbsp;<\/td>\n<\/tr>\n<tr style=\"height: 23px;\">\n<td style=\"width: 30.2552%; height: 23px;\"><strong>Th\u00e8me du parfum :<\/strong><\/td>\n<td style=\"width: 68.8943%; height: 23px;\">&nbsp;<\/td>\n<\/tr>\n<tr style=\"height: 23px;\">\n<td style=\"width: 30.2552%; height: 23px;\"><strong>Energ\u00e9tique :<\/strong><\/td>\n<td style=\"width: 68.8943%; height: 23px;\">Indigo \/ 6e chakra<\/td>\n<\/tr>\n<tr style=\"height: 23px;\">\n<td style=\"width: 30.2552%; height: 23px;\"><strong>Psycho-\u00e9motionnel :<\/strong>&nbsp;<\/td>\n<td style=\"width: 68.8943%; height: 23px;\">&nbsp;<\/td>\n<\/tr>\n<tr style=\"height: 68px;\">\n<td style=\"width: 30.2552%; height: 68px; vertical-align: top;\">\n<p><strong>Description :<\/strong><\/p>\n<\/td>\n<td style=\"width: 68.8943%; height: 68px; vertical-align: top;\">\n<div class=\"col-sm-5 text-center block_image\">&nbsp;<\/div>\n<div class=\"col-sm-7 col-lg-7 col-xs-12\">\n<ul style=\"list-style-type: disc;\">\n<li class=\"description-cms\">La Menthe Citronn\u00e9e, aussi appel\u00e9e Menthe Bergamote ou encore Menthe Eau de Cologne, tient sa particularit\u00e9 de sa composition, riche en linalol et ac\u00e9tate de linalyle.<\/li>\n<li class=\"description-cms\">Bien diff\u00e9rente des autres menthes, elle apporte \u00e0 la Menthe Citronn\u00e9e son odeur particuli\u00e8re que certains rapprochent de la lavande, du citron ou encore de l'orange.<\/li>\n<li class=\"description-cms\">La Menthe Citronn\u00e9e est quant \u00e0 elle une esp\u00e8ce st\u00e9rile issue du croisement entre&nbsp;Mentha aquatica&nbsp;et&nbsp;Mentha piperita. Elle ne doit pas \u00eatre confondue avec la Bergamote, qui est un agrume, ni avec la Menthe Poivr\u00e9e, qui pr\u00e9sente des propri\u00e9t\u00e9s diff\u00e9rentes.<\/li>\n<li class=\"description-cms\">Celle qui nous int\u00e9resse est plut\u00f4t \u00e0 privil\u00e9gier en cas de probl\u00e8mes h\u00e9patiques ou pancr\u00e9atiques gr\u00e2ce \u00e0 son action tonifiante sur cette sph\u00e8re, et en cas de coup de pompe, que ce soit nerveux ou sexuel !<\/li>\n<\/ul>\n<\/div>\n<\/td>\n<\/tr>\n<tr style=\"height: 68px;\">\n<td style=\"width: 30.2552%; height: 68px;\">\n<p><strong>Application :<\/strong><\/p>\n<\/td>\n<td style=\"width: 68.8943%; height: 68px;\">\n<ul>\n<li>&nbsp;<\/li>\n<\/ul>\n<\/td>\n<\/tr>\n<tr style=\"height: 68px;\">\n<td style=\"width: 30.2552%; height: 68px;\"><strong>Principes actifs :<\/strong><\/td>\n<td style=\"width: 68.8943%; height: 68px;\">\n<ul>\n<li>&nbsp;<\/li>\n<\/ul>\n<\/td>\n<\/tr>\n<tr style=\"height: 23px;\">\n<td style=\"width: 30.2552%; height: 23px;\"><strong>Allerg\u00e8nes :<\/strong><\/td>\n<td style=\"width: 68.8943%; height: 23px;\">\n<p>L\u2019huile essentielle de Menthe Citronn\u00e9e est fortement dos\u00e9e en&nbsp;composants biochimiques allerg\u00e8nes :<\/p>\n<div>\n<ul style=\"list-style-type: disc;\">\n<li>linalol (22 \u00e0 25%)<\/li>\n<li>g\u00e9raniol (&lt;1%)<\/li>\n<li>citronnellol (&lt;1%)<\/li>\n<\/ul>\n<\/div>\n<\/td>\n<\/tr>\n<tr style=\"height: 23px;\">\n<td style=\"width: 30.2552%; height: 23px;\"><strong>Pr\u00e9cautions :<\/strong><\/td>\n<td>Vigilance ! L'huile essentielle de Menthe Citronn\u00e9e ne peut pas \u00eatre utilis\u00e9e par les femmes enceintes et allaitantes et les jeunes enfants. Elle est d\u00e9conseill\u00e9e aux personnes asthmatiques et pr\u00e9sente un risque allergisant par sa forte concentration en linalol. Elle pr\u00e9sente \u00e9galement un risque oestrogen-like. Son utilisation par voie orale n\u00e9cessite un avis m\u00e9dical.<\/td>\n<\/tr>\n<\/tbody>\n<\/table>\n<div class=\"users col-lg-12 col-xs-12\">\n<h4>&nbsp;<\/h4>\n<h4>&nbsp;<\/h4>\n<h4>Utilisateurs autoris\u00e9s<\/h4>\n<table style=\"border-collapse: collapse; width: 100%;\">\n<tbody>\n<tr>\n<td style=\"width: 25%;\">\n<p><img decoding=\"async\" class=\"picto\" src=\"https:\/\/media.serge.academy\/public\/file\/20230216154933_adultes-autorise-picto-png\" alt=\"Adultes et Ados\"><\/p>\n<p>Adultes et Ados<\/p>\n<\/td>\n<td style=\"width: 25%;\">\n<p><img decoding=\"async\" class=\"picto\" src=\"https:\/\/media.serge.academy\/public\/file\/20230216154947_ados-enfants-autorise-picto-png\" alt=\"Enfants de moins de 6 ans\"><\/p>\n<p>Enfants de moins de 6 ans<\/p>\n<\/td>\n<td style=\"width: 25%;\">\n<p><img decoding=\"async\" class=\"picto\" src=\"https:\/\/media.serge.academy\/public\/file\/20230216154959_femmes-enceintes-interdit-picto-png\" alt=\"Femmes enceintes &amp; allaitantes\">&nbsp;<\/p>\n<p><span class=\"neg\">Femmes enceintes &amp; allaitantes<\/span><\/p>\n<\/td>\n<td style=\"width: 25%;\">\n<p><img decoding=\"async\" class=\"picto\" src=\"https:\/\/media.serge.academy\/public\/file\/20230216155030_bebe-3ans-interdit-picto-png\" alt=\"B\u00e9b\u00e9s de moins de 3 ans\"><\/p>\n<p><span class=\"neg\">B\u00e9b\u00e9s de moins de 3 ans<\/span><\/p>\n<\/td>\n<\/tr>\n<\/tbody>\n<\/table>\n<div class=\"all_pictos_user col-xs-12 col-md-12\">\n<div class=\"content_picto col-lg-3 col-xs-4 col-md-3\">&nbsp;<\/div>\n<\/div>\n<\/div>\n<div class=\"way col-lg-12 col-md-12 col-xs-12\">\n<h4>Voies d'utilisation possibles<\/h4>\n<table style=\"border-collapse: collapse; width: 100%;\">\n<tbody>\n<tr>\n<td style=\"width: 25%;\">\n<p><img decoding=\"async\" class=\"picto\" src=\"https:\/\/media.serge.academy\/public\/file\/20230216154626_inhalation-autorise-picto-png\" alt=\"En inhalation\">&nbsp;<\/p>\n<p><span class=\"col-md-12 col-xs-12\">En inhalation<\/span><\/p>\n<\/td>\n<td style=\"width: 25%;\">\n<p><img decoding=\"async\" class=\"picto\" src=\"https:\/\/media.serge.academy\/public\/file\/20230216154645_voie-cutanee-autorise-picto-png\" alt=\"Voie cutan\u00e9e\"><\/p>\n<p><span class=\"col-md-12 col-xs-12\">Voie cutan\u00e9e<\/span><\/p>\n<\/td>\n<td style=\"width: 25%;\">\n<p><img decoding=\"async\" class=\"picto\" src=\"https:\/\/media.serge.academy\/public\/file\/20230216154700_voie-orale-interdit-picto-png\" alt=\"Voie orale\"><\/p>\n<p><span class=\"col-md-12 col-xs-12 \">Voie orale<\/span><\/p>\n<\/td>\n<td style=\"width: 25%;\">\n<p><img decoding=\"async\" class=\"picto\" src=\"https:\/\/media.serge.academy\/public\/file\/20230216154721_diffusion-autorise-picto-png\" alt=\"En diffusion\"><\/p>\n<p>&nbsp;<span class=\"col-md-12 col-xs-12\">En diffusion<\/span><\/p>\n<\/td>\n<\/tr>\n<\/tbody>\n<\/table>\n<div class=\"all_pictos_way col-xs-12 col-md-12\">\n<div class=\"content_picto col-lg-3 col-md-3 col-xs-4\">&nbsp;<\/div>\n<\/div>\n<\/div>\n<div class=\"risk col-lg-12 col-md-12 col-xs-12\">\n<h4>Risques d'utilisation<\/h4>\n<table style=\"border-collapse: collapse; width: 49.6943%;\">\n<tbody>\n<tr>\n<td style=\"width: 25.0911%;\">\n<p><img decoding=\"async\" class=\"picto\" src=\"https:\/\/media.serge.academy\/public\/file\/20230216155444_allergisant-interdit-picto-png\" alt=\"Allergisante\"><\/p>\n<p><span class=\"col-md-12 col-xs-12\">Allergisante<\/span><\/p>\n<\/td>\n<td style=\"width: 24.6051%;\">\n<p><img decoding=\"async\" class=\"picto\" src=\"https:\/\/media.serge.academy\/public\/file\/20230216155654_oestrogene-interdit-picto-png\" alt=\"Oestrogen-like\"><\/p>\n<p><span class=\"col-md-12 col-xs-12\">Oestrogen-like<\/span><\/p>\n<\/td>\n<\/tr>\n<\/tbody>\n<\/table>\n<div class=\"all_pictos_risk col-xs-12 col-md-12\">\n<div class=\"content_picto col-lg-3 col-md-3 col-xs-4\">&nbsp;<\/div>\n<div class=\"content_picto col-lg-3 col-md-3 col-xs-4\">&nbsp;<\/div>\n<\/div>\n<\/div>","protected":false},"excerpt":{"rendered":"<p>Menthe citronne - Menthe bergamote - Mentha citrata &nbsp; &nbsp; &nbsp; &nbsp; &nbsp; &nbsp; Compagnie de Sens 10 ml CHF 11.00 &nbsp; &nbsp; &nbsp; Nom botanique : Mentha citrata Famille botanique : lamiac\u00e9es M\u00e9thode d'extraction : distillation \u00e0 la vapeur d'eau Partie de la plante utilis\u00e9e : parties a\u00e9riennes Quantit\u00e9 v\u00e9g\u00e9tale : &nbsp; Origine g\u00e9ographique :&nbsp; Inde Culture qualit\u00e9&nbsp;: biologique&nbsp;<a href=\"https:\/\/bien-etreiris.ch\/de\/produktpraesentation\/aromatherapie\/aetherische-oele\/menthes\/menthe-citronne\/\" class=\"read-more\">Weiter lesen<\/a><\/p>\n","protected":false},"author":1,"featured_media":89954,"parent":89732,"menu_order":1270,"comment_status":"closed","ping_status":"closed","template":"page-with-child.php","meta":{"_acf_changed":false,"ngg_post_thumbnail":0,"footnotes":""},"class_list":["post-89957","page","type-page","status-publish","has-post-thumbnail","hentry"],"acf":[],"yoast_head":"<!-- This site is optimized with the Yoast SEO plugin v27.6 - https:\/\/yoast.com\/product\/yoast-seo-wordpress\/ -->\n<title>MENTHE CITRONNE - WOHLBEFINDEN<\/title>\n<meta name=\"robots\" content=\"index, follow, max-snippet:-1, max-image-preview:large, max-video-preview:-1\" \/>\n<link rel=\"canonical\" href=\"https:\/\/bien-etreiris.ch\/de\/produktpraesentation\/aromatherapie\/aetherische-oele\/menthes\/menthe-citronne\/\" \/>\n<meta property=\"og:locale\" content=\"de_DE\" \/>\n<meta property=\"og:type\" content=\"article\" \/>\n<meta property=\"og:title\" content=\"MENTHE CITRONNE - WOHLBEFINDEN\" \/>\n<meta property=\"og:description\" content=\"Menthe citronne - Menthe bergamote - Mentha citrata &nbsp; &nbsp; &nbsp; &nbsp; &nbsp; &nbsp; Compagnie de Sens 10 ml CHF 11.00 &nbsp; &nbsp; &nbsp; Nom botanique : Mentha citrata Famille botanique : lamiac\u00e9es M\u00e9thode d&#039;extraction : distillation \u00e0 la vapeur d&#039;eau Partie de la plante utilis\u00e9e : parties a\u00e9riennes Quantit\u00e9 v\u00e9g\u00e9tale : &nbsp; Origine g\u00e9ographique :&nbsp; Inde Culture qualit\u00e9&nbsp;: biologique&nbsp;Weiter lesen\" \/>\n<meta property=\"og:url\" content=\"https:\/\/bien-etreiris.ch\/de\/produktpraesentation\/aromatherapie\/aetherische-oele\/menthes\/menthe-citronne\/\" \/>\n<meta property=\"og:site_name\" content=\"WOHLBEFINDEN\" \/>\n<meta property=\"article:publisher\" content=\"https:\/\/www.facebook.com\/bienetreiris\/\" \/>\n<meta property=\"article:modified_time\" content=\"2024-09-28T19:50:15+00:00\" \/>\n<meta property=\"og:image\" content=\"https:\/\/bien-etreiris.ch\/wp-content\/uploads\/2024\/09\/Menthe-citronnee.png\" \/>\n\t<meta property=\"og:image:width\" content=\"500\" \/>\n\t<meta property=\"og:image:height\" content=\"305\" \/>\n\t<meta property=\"og:image:type\" content=\"image\/png\" \/>\n<meta name=\"twitter:label1\" content=\"Gesch\u00e4tzte Lesezeit\" \/>\n\t<meta name=\"twitter:data1\" content=\"1\u00a0Minute\" \/>\n<script type=\"application\/ld+json\" class=\"yoast-schema-graph\">{\"@context\":\"https:\\\/\\\/schema.org\",\"@graph\":[{\"@type\":\"WebPage\",\"@id\":\"https:\\\/\\\/bien-etreiris.ch\\\/de\\\/produktpraesentation\\\/aromatherapie\\\/aetherische-oele\\\/menthes\\\/menthe-citronne\\\/\",\"url\":\"https:\\\/\\\/bien-etreiris.ch\\\/de\\\/produktpraesentation\\\/aromatherapie\\\/aetherische-oele\\\/menthes\\\/menthe-citronne\\\/\",\"name\":\"MENTHE CITRONNE - WOHLBEFINDEN\",\"isPartOf\":{\"@id\":\"https:\\\/\\\/bien-etreiris.ch\\\/de\\\/#website\"},\"primaryImageOfPage\":{\"@id\":\"https:\\\/\\\/bien-etreiris.ch\\\/de\\\/produktpraesentation\\\/aromatherapie\\\/aetherische-oele\\\/menthes\\\/menthe-citronne\\\/#primaryimage\"},\"image\":{\"@id\":\"https:\\\/\\\/bien-etreiris.ch\\\/de\\\/produktpraesentation\\\/aromatherapie\\\/aetherische-oele\\\/menthes\\\/menthe-citronne\\\/#primaryimage\"},\"thumbnailUrl\":\"https:\\\/\\\/bien-etreiris.ch\\\/wp-content\\\/uploads\\\/2024\\\/09\\\/Menthe-citronnee.png\",\"datePublished\":\"2024-09-28T14:49:25+00:00\",\"dateModified\":\"2024-09-28T19:50:15+00:00\",\"breadcrumb\":{\"@id\":\"https:\\\/\\\/bien-etreiris.ch\\\/de\\\/produktpraesentation\\\/aromatherapie\\\/aetherische-oele\\\/menthes\\\/menthe-citronne\\\/#breadcrumb\"},\"inLanguage\":\"de\",\"potentialAction\":[{\"@type\":\"ReadAction\",\"target\":[\"https:\\\/\\\/bien-etreiris.ch\\\/de\\\/produktpraesentation\\\/aromatherapie\\\/aetherische-oele\\\/menthes\\\/menthe-citronne\\\/\"]}]},{\"@type\":\"ImageObject\",\"inLanguage\":\"de\",\"@id\":\"https:\\\/\\\/bien-etreiris.ch\\\/de\\\/produktpraesentation\\\/aromatherapie\\\/aetherische-oele\\\/menthes\\\/menthe-citronne\\\/#primaryimage\",\"url\":\"https:\\\/\\\/bien-etreiris.ch\\\/wp-content\\\/uploads\\\/2024\\\/09\\\/Menthe-citronnee.png\",\"contentUrl\":\"https:\\\/\\\/bien-etreiris.ch\\\/wp-content\\\/uploads\\\/2024\\\/09\\\/Menthe-citronnee.png\",\"width\":500,\"height\":305},{\"@type\":\"BreadcrumbList\",\"@id\":\"https:\\\/\\\/bien-etreiris.ch\\\/de\\\/produktpraesentation\\\/aromatherapie\\\/aetherische-oele\\\/menthes\\\/menthe-citronne\\\/#breadcrumb\",\"itemListElement\":[{\"@type\":\"ListItem\",\"position\":1,\"name\":\"Home\",\"item\":\"https:\\\/\\\/bien-etreiris.ch\\\/de\\\/\"},{\"@type\":\"ListItem\",\"position\":2,\"name\":\"PRODUKTPR\u00c4SENTATION\",\"item\":\"https:\\\/\\\/bien-etreiris.ch\\\/de\\\/produktpraesentation\\\/\"},{\"@type\":\"ListItem\",\"position\":3,\"name\":\"AROMATHERAPIE\",\"item\":\"https:\\\/\\\/bien-etreiris.ch\\\/de\\\/produktpraesentation\\\/aromatherapie\\\/\"},{\"@type\":\"ListItem\",\"position\":4,\"name\":\"\u00c4THERISCHE \u00d6LE\",\"item\":\"https:\\\/\\\/bien-etreiris.ch\\\/de\\\/produktpraesentation\\\/aromatherapie\\\/aetherische-oele\\\/\"},{\"@type\":\"ListItem\",\"position\":5,\"name\":\"MENTHES\",\"item\":\"https:\\\/\\\/bien-etreiris.ch\\\/de\\\/produktpraesentation\\\/aromatherapie\\\/aetherische-oele\\\/menthes\\\/\"},{\"@type\":\"ListItem\",\"position\":6,\"name\":\"MENTHE CITRONNE\"}]},{\"@type\":\"WebSite\",\"@id\":\"https:\\\/\\\/bien-etreiris.ch\\\/de\\\/#website\",\"url\":\"https:\\\/\\\/bien-etreiris.ch\\\/de\\\/\",\"name\":\"Bien-\u00eatre Iris\",\"description\":\"IHRE Gesundheit ist uns wichtig\",\"potentialAction\":[{\"@type\":\"SearchAction\",\"target\":{\"@type\":\"EntryPoint\",\"urlTemplate\":\"https:\\\/\\\/bien-etreiris.ch\\\/de\\\/?s={search_term_string}\"},\"query-input\":{\"@type\":\"PropertyValueSpecification\",\"valueRequired\":true,\"valueName\":\"search_term_string\"}}],\"inLanguage\":\"de\"}]}<\/script>\n<!-- \/ Yoast SEO plugin. -->","yoast_head_json":{"title":"MENTHE CITRONNE - WOHLBEFINDEN","robots":{"index":"index","follow":"follow","max-snippet":"max-snippet:-1","max-image-preview":"max-image-preview:large","max-video-preview":"max-video-preview:-1"},"canonical":"https:\/\/bien-etreiris.ch\/de\/produktpraesentation\/aromatherapie\/aetherische-oele\/menthes\/menthe-citronne\/","og_locale":"de_DE","og_type":"article","og_title":"MENTHE CITRONNE - WOHLBEFINDEN","og_description":"Menthe citronne - Menthe bergamote - Mentha citrata &nbsp; &nbsp; &nbsp; &nbsp; &nbsp; &nbsp; Compagnie de Sens 10 ml CHF 11.00 &nbsp; &nbsp; &nbsp; Nom botanique : Mentha citrata Famille botanique : lamiac\u00e9es M\u00e9thode d'extraction : distillation \u00e0 la vapeur d'eau Partie de la plante utilis\u00e9e : parties a\u00e9riennes Quantit\u00e9 v\u00e9g\u00e9tale : &nbsp; Origine g\u00e9ographique :&nbsp; Inde Culture qualit\u00e9&nbsp;: biologique&nbsp;Weiter lesen","og_url":"https:\/\/bien-etreiris.ch\/de\/produktpraesentation\/aromatherapie\/aetherische-oele\/menthes\/menthe-citronne\/","og_site_name":"WOHLBEFINDEN","article_publisher":"https:\/\/www.facebook.com\/bienetreiris\/","article_modified_time":"2024-09-28T19:50:15+00:00","og_image":[{"width":500,"height":305,"url":"https:\/\/bien-etreiris.ch\/wp-content\/uploads\/2024\/09\/Menthe-citronnee.png","type":"image\/png"}],"twitter_misc":{"Gesch\u00e4tzte Lesezeit":"1\u00a0Minute"},"schema":{"@context":"https:\/\/schema.org","@graph":[{"@type":"WebPage","@id":"https:\/\/bien-etreiris.ch\/de\/produktpraesentation\/aromatherapie\/aetherische-oele\/menthes\/menthe-citronne\/","url":"https:\/\/bien-etreiris.ch\/de\/produktpraesentation\/aromatherapie\/aetherische-oele\/menthes\/menthe-citronne\/","name":"MENTHE CITRONNE - WOHLBEFINDEN","isPartOf":{"@id":"https:\/\/bien-etreiris.ch\/de\/#website"},"primaryImageOfPage":{"@id":"https:\/\/bien-etreiris.ch\/de\/produktpraesentation\/aromatherapie\/aetherische-oele\/menthes\/menthe-citronne\/#primaryimage"},"image":{"@id":"https:\/\/bien-etreiris.ch\/de\/produktpraesentation\/aromatherapie\/aetherische-oele\/menthes\/menthe-citronne\/#primaryimage"},"thumbnailUrl":"https:\/\/bien-etreiris.ch\/wp-content\/uploads\/2024\/09\/Menthe-citronnee.png","datePublished":"2024-09-28T14:49:25+00:00","dateModified":"2024-09-28T19:50:15+00:00","breadcrumb":{"@id":"https:\/\/bien-etreiris.ch\/de\/produktpraesentation\/aromatherapie\/aetherische-oele\/menthes\/menthe-citronne\/#breadcrumb"},"inLanguage":"de","potentialAction":[{"@type":"ReadAction","target":["https:\/\/bien-etreiris.ch\/de\/produktpraesentation\/aromatherapie\/aetherische-oele\/menthes\/menthe-citronne\/"]}]},{"@type":"ImageObject","inLanguage":"de","@id":"https:\/\/bien-etreiris.ch\/de\/produktpraesentation\/aromatherapie\/aetherische-oele\/menthes\/menthe-citronne\/#primaryimage","url":"https:\/\/bien-etreiris.ch\/wp-content\/uploads\/2024\/09\/Menthe-citronnee.png","contentUrl":"https:\/\/bien-etreiris.ch\/wp-content\/uploads\/2024\/09\/Menthe-citronnee.png","width":500,"height":305},{"@type":"BreadcrumbList","@id":"https:\/\/bien-etreiris.ch\/de\/produktpraesentation\/aromatherapie\/aetherische-oele\/menthes\/menthe-citronne\/#breadcrumb","itemListElement":[{"@type":"ListItem","position":1,"name":"Home","item":"https:\/\/bien-etreiris.ch\/de\/"},{"@type":"ListItem","position":2,"name":"PRODUKTPR\u00c4SENTATION","item":"https:\/\/bien-etreiris.ch\/de\/produktpraesentation\/"},{"@type":"ListItem","position":3,"name":"AROMATHERAPIE","item":"https:\/\/bien-etreiris.ch\/de\/produktpraesentation\/aromatherapie\/"},{"@type":"ListItem","position":4,"name":"\u00c4THERISCHE \u00d6LE","item":"https:\/\/bien-etreiris.ch\/de\/produktpraesentation\/aromatherapie\/aetherische-oele\/"},{"@type":"ListItem","position":5,"name":"MENTHES","item":"https:\/\/bien-etreiris.ch\/de\/produktpraesentation\/aromatherapie\/aetherische-oele\/menthes\/"},{"@type":"ListItem","position":6,"name":"MENTHE CITRONNE"}]},{"@type":"WebSite","@id":"https:\/\/bien-etreiris.ch\/de\/#website","url":"https:\/\/bien-etreiris.ch\/de\/","name":"Bien-\u00eatre Iris","description":"IHRE Gesundheit ist uns wichtig","potentialAction":[{"@type":"SearchAction","target":{"@type":"EntryPoint","urlTemplate":"https:\/\/bien-etreiris.ch\/de\/?s={search_term_string}"},"query-input":{"@type":"PropertyValueSpecification","valueRequired":true,"valueName":"search_term_string"}}],"inLanguage":"de"}]}},"_links":{"self":[{"href":"https:\/\/bien-etreiris.ch\/de\/wp-json\/wp\/v2\/pages\/89957","targetHints":{"allow":["GET"]}}],"collection":[{"href":"https:\/\/bien-etreiris.ch\/de\/wp-json\/wp\/v2\/pages"}],"about":[{"href":"https:\/\/bien-etreiris.ch\/de\/wp-json\/wp\/v2\/types\/page"}],"author":[{"embeddable":true,"href":"https:\/\/bien-etreiris.ch\/de\/wp-json\/wp\/v2\/users\/1"}],"replies":[{"embeddable":true,"href":"https:\/\/bien-etreiris.ch\/de\/wp-json\/wp\/v2\/comments?post=89957"}],"version-history":[{"count":2,"href":"https:\/\/bien-etreiris.ch\/de\/wp-json\/wp\/v2\/pages\/89957\/revisions"}],"predecessor-version":[{"id":89974,"href":"https:\/\/bien-etreiris.ch\/de\/wp-json\/wp\/v2\/pages\/89957\/revisions\/89974"}],"up":[{"embeddable":true,"href":"https:\/\/bien-etreiris.ch\/de\/wp-json\/wp\/v2\/pages\/89732"}],"wp:featuredmedia":[{"embeddable":true,"href":"https:\/\/bien-etreiris.ch\/de\/wp-json\/wp\/v2\/media\/89954"}],"wp:attachment":[{"href":"https:\/\/bien-etreiris.ch\/de\/wp-json\/wp\/v2\/media?parent=89957"}],"curies":[{"name":"wp","href":"https:\/\/api.w.org\/{rel}","templated":true}]}}