{"id":89920,"date":"2024-09-28T15:02:49","date_gmt":"2024-09-28T13:02:49","guid":{"rendered":"https:\/\/bien-etreiris.ch\/menthe-des-champs\/"},"modified":"2024-09-28T16:32:40","modified_gmt":"2024-09-28T14:32:40","slug":"menthe-des-champs","status":"publish","type":"page","link":"https:\/\/bien-etreiris.ch\/de\/produktpraesentation\/aromatherapie\/aetherische-oele\/menthes\/menthe-des-champs\/","title":{"rendered":"MENTHE DES CHAMPS"},"content":{"rendered":"\n<h2>Menthe des Champs - Mentha arvensis&nbsp;L.<\/h2>\n<p>&nbsp;<\/p>\n<p><a href=\"https:\/\/bien-etreiris.ch\/de\/produktpraesentation\/aromatherapie\/aetherische-oele\/menthes\/menthe-des-champs\/menthe-de-champs-flacon-2\/\" rel=\"attachment wp-att-89937\"><img loading=\"lazy\" decoding=\"async\" class=\"wp-image-89937 alignleft\" src=\"https:\/\/bien-etreiris.ch\/wp-content\/uploads\/2024\/09\/Menthe-de-champs-flacon.jpg\" alt=\"\" width=\"242\" height=\"452\" srcset=\"https:\/\/bien-etreiris.ch\/wp-content\/uploads\/2024\/09\/Menthe-de-champs-flacon.jpg 427w, https:\/\/bien-etreiris.ch\/wp-content\/uploads\/2024\/09\/Menthe-de-champs-flacon-161x300.jpg 161w\" sizes=\"auto, (max-width: 242px) 100vw, 242px\" \/><\/a><\/p>\n<p>&nbsp;<\/p>\n<p>&nbsp;<\/p>\n<p>&nbsp;<\/p>\n\n\n<p>&nbsp;<\/p>\n<p>&nbsp;<\/p>\n<p>&nbsp;<\/p>\n<p>&nbsp;<\/p>\n<p><a href=\"https:\/\/bien-etreiris.ch\/de\/unsere-marken\/compagnie-des-sens\/\" target=\"_blank\" rel=\"noopener\"><span style=\"color: #99cc00;\">Compagnie de sens<\/span><\/a><\/p>\n<p>5 ml <strong>CHF 6.00<\/strong><\/p>\n<p>&nbsp;<\/p>\n<p>&nbsp;<\/p>\n<p>&nbsp;<\/p>\n<p>&nbsp;<\/p>\n<p>&nbsp;<\/p>\n<table style=\"width: 100%; height: 693px;\">\n<tbody>\n<tr style=\"height: 23px;\">\n<td style=\"width: 29.6429%; height: 23px;\"><strong>Nom botanique :<\/strong><\/td>\n<td style=\"width: 69.5238%; height: 23px;\">Mentha arvensis&nbsp;L.<\/td>\n<\/tr>\n<tr style=\"height: 23px;\">\n<td style=\"width: 29.6429%; height: 23px;\"><strong>Famille botanique :<\/strong><\/td>\n<td style=\"width: 69.5238%; height: 23px;\">lamiac\u00e9es<\/td>\n<\/tr>\n<tr style=\"height: 23px;\">\n<td style=\"width: 29.6429%; height: 23px;\"><strong>M\u00e9thode d'extraction :<\/strong><\/td>\n<td style=\"width: 69.5238%; height: 23px;\">lamiac\u00e9es<\/td>\n<\/tr>\n<tr style=\"height: 23px;\">\n<td style=\"width: 29.6429%; height: 23px;\"><strong>Partie de la plante utilis\u00e9e :<\/strong><\/td>\n<td style=\"width: 69.5238%; height: 23px;\">sommit\u00e9s fleuries<\/td>\n<\/tr>\n<tr style=\"height: 23px;\">\n<td style=\"width: 29.6429%; height: 23px;\"><strong>Quantit\u00e9 v\u00e9g\u00e9tale :<\/strong><\/td>\n<td style=\"width: 69.5238%; height: 23px;\">&nbsp;<\/td>\n<\/tr>\n<tr style=\"height: 23px;\">\n<td style=\"width: 29.6429%; height: 23px;\"><strong>Origine g\u00e9ographique :<\/strong>&nbsp;<\/td>\n<td style=\"width: 69.5238%; height: 23px;\">Inde<\/td>\n<\/tr>\n<tr style=\"height: 23px;\">\n<td style=\"width: 29.6429%; height: 23px;\"><strong>Culture qualit\u00e9&nbsp;:<\/strong><\/td>\n<td style=\"width: 69.5238%; height: 23px;\">biologique<\/td>\n<\/tr>\n<tr style=\"height: 23px;\">\n<td style=\"width: 29.6429%; height: 23px;\"><strong>Effet parfum\u00e9 :<\/strong><\/td>\n<td style=\"width: 69.5238%; height: 23px;\">&nbsp;<\/td>\n<\/tr>\n<tr style=\"height: 23px;\">\n<td style=\"width: 29.6429%; height: 23px;\"><strong>Note parfum\u00e9e :<\/strong><\/td>\n<td style=\"width: 69.5238%; height: 23px;\">&nbsp;<\/td>\n<\/tr>\n<tr style=\"height: 23px;\">\n<td style=\"width: 29.6429%; height: 23px;\"><strong>Profil de parfum :<\/strong><\/td>\n<td style=\"width: 69.5238%; height: 23px;\">&nbsp;<\/td>\n<\/tr>\n<tr style=\"height: 23px;\">\n<td style=\"width: 29.6429%; height: 23px;\"><strong>Th\u00e8me du parfum :<\/strong><\/td>\n<td style=\"width: 69.5238%; height: 23px;\">&nbsp;<\/td>\n<\/tr>\n<tr style=\"height: 23px;\">\n<td style=\"width: 29.6429%; height: 23px;\"><strong>Energ\u00e9tique :<\/strong><\/td>\n<td style=\"width: 69.5238%; height: 23px;\">&nbsp;<\/td>\n<\/tr>\n<tr style=\"height: 23px;\">\n<td style=\"width: 29.6429%; height: 23px;\"><strong>Psycho-\u00e9motionnel :<\/strong>&nbsp;<\/td>\n<td style=\"width: 69.5238%; height: 23px;\">&nbsp;<\/td>\n<\/tr>\n<tr style=\"height: 68px;\">\n<td style=\"width: 29.6429%; height: 68px;\">\n<p><strong>Description :<\/strong><\/p>\n<\/td>\n<td style=\"width: 69.5238%; height: 68px;\" scope=\"row\">\n<ul style=\"list-style-type: disc;\">\n<li>L'huile essentielle de Menthe des Champs procure fra\u00eecheur et soulagement des douleurs.<\/li>\n<li>C'est la plus menthol\u00e9e des huiles essentielles de menthe.<\/li>\n<li>Son action vasoconstrictrice permet de calmer sp\u00e9cifiquement les migraines en application locale.<\/li>\n<li>Elle est aussi indiqu\u00e9e dans les troubles de la concentration ou en cas de sinusite et rhinite pour sa caract\u00e9ristique d\u00e9congestionnante.<\/li>\n<li>Elle est \u00e9galement efficace en cas de naus\u00e9es.<\/li>\n<\/ul>\n<\/td>\n<\/tr>\n<tr style=\"height: 68px;\">\n<td style=\"width: 29.6429%; height: 68px;\">\n<p><strong>Application :<\/strong><\/p>\n<\/td>\n<td style=\"width: 69.5238%; height: 68px;\">\n<ul>\n<li>&nbsp;<\/li>\n<\/ul>\n<\/td>\n<\/tr>\n<tr style=\"height: 68px;\">\n<td style=\"width: 29.6429%; height: 68px;\"><strong>Principes actifs :<\/strong><\/td>\n<td style=\"width: 69.5238%; height: 68px;\">\n<ul style=\"list-style-type: disc;\">\n<li>Menthol (de 50&nbsp;\u00e0 75 %)<\/li>\n<li>Menthone (de 5&nbsp;\u00e0 20 %)<\/li>\n<li>Menthyl ac\u00e9tate (de 2&nbsp;\u00e0 7 %)<\/li>\n<li>Isomenthone (\u2264 6 %)<\/li>\n<li>D-Limon\u00e8ne (de 2&nbsp;\u00e0 5 %)&nbsp;<\/li>\n<\/ul>\n<\/td>\n<\/tr>\n<tr style=\"height: 23px;\">\n<td style=\"width: 29.6429%; height: 23px;\"><strong>Allerg\u00e8nes :<\/strong><\/td>\n<td style=\"width: 69.5238%; height: 23px;\">\n<p>L\u2019huile essentielle de Menthe des Champs contient deux composants biochimiques allerg\u00e8nes :<\/p>\n<ul style=\"list-style-type: disc;\">\n<li>limon\u00e8ne (2 \u00e0 5 %)<\/li>\n<li>linalol (\u2264 0,5 %)<\/li>\n<\/ul>\n<\/td>\n<\/tr>\n<tr style=\"height: 167px;\">\n<td style=\"width: 29.6429%; height: 167px;\"><strong>Pr\u00e9cautions :<\/strong><\/td>\n<td style=\"height: 167px;\">\n<ul style=\"list-style-type: disc;\">\n<li><strong>Femme enceinte ou&nbsp;allaitante<\/strong><\/li>\n<li><strong>Sujets \u00e9pileptiques, <\/strong><\/li>\n<li><strong>Enfants de moins de 30 mois<\/strong><\/li>\n<li><strong>Effet r\u00e9frig\u00e9rant puissant<\/strong><\/li>\n<\/ul>\n<\/td>\n<\/tr>\n<\/tbody>\n<\/table>\n<p><strong><span style=\"color: #ff0000;\">Bon \u00e0 savoir :<\/span><br><\/strong>Aucune goutte ne daigne sortir de votre flacon d'huile essentielle de Menthe des Champs ? Pas de panique : elle s'est tout simplement&nbsp;<strong>cristallis\u00e9e<\/strong>. En effet, \u00e0 temp\u00e9rature ambiante, l'huile essentielle de Menthe des Champs&nbsp;peut former des cristaux plus ou moins importants qui l'emp\u00eachent de couler. La bonne nouvelle, c'est que<strong>&nbsp;cela n'alt\u00e8re en rien sa qualit\u00e9 et ses propri\u00e9t\u00e9s<\/strong>. Il suffit de r\u00e9chauffer le flacon en le tenant dans ses mains quelques minutes pour que l'huile se liqu\u00e9fie \u00e0 nouveau.<\/p>\n<p>&nbsp;<\/p>\n<p>&nbsp;<\/p>\n<div class=\"users col-lg-12 col-xs-12\">\n<h4>Utilisateurs autoris\u00e9s<\/h4>\n<table style=\"border-collapse: collapse; width: 100%; height: 254px;\">\n<tbody>\n<tr style=\"height: 254px;\">\n<td style=\"width: 25%; height: 254px;\">\n<p><img decoding=\"async\" class=\"picto\" src=\"https:\/\/media.serge.academy\/public\/file\/20230216154933_adultes-autorise-picto-png\" alt=\"Adultes et Ados\"><\/p>\n<p>Adultes et Ados<\/p>\n<p>&nbsp;<\/p>\n<\/td>\n<td style=\"width: 25%; height: 254px;\">\n<p><img decoding=\"async\" class=\"picto\" src=\"https:\/\/media.serge.academy\/public\/file\/20230216154948_ados-enfants-interdit-picto-png\" alt=\"Enfants de moins de 6 ans\"><\/p>\n<p><span class=\"neg\">Enfants de moins de 6 ans<\/span><\/p>\n<\/td>\n<td style=\"width: 25%; height: 254px;\">\n<p>&nbsp;<\/p>\n<p><img decoding=\"async\" class=\"picto\" src=\"https:\/\/media.serge.academy\/public\/file\/20230216154959_femmes-enceintes-interdit-picto-png\" alt=\"Femmes enceintes &amp; allaitantes\"><\/p>\n<p><span class=\"neg\">Femmes enceintes &amp; allaitantes<\/span><\/p>\n<p>&nbsp;<\/p>\n<\/td>\n<td style=\"width: 25%; height: 254px;\">\n<p><img decoding=\"async\" class=\"picto\" src=\"https:\/\/media.serge.academy\/public\/file\/20230216155030_bebe-3ans-interdit-picto-png\" alt=\"B\u00e9b\u00e9s de moins de 3 ans\"><\/p>\n<p><span class=\"neg\">B\u00e9b\u00e9s de moins de 3 ans<\/span><\/p>\n<\/td>\n<\/tr>\n<\/tbody>\n<\/table>\n<div class=\"all_pictos_user col-xs-12 col-md-12\">\n<div class=\"content_picto col-lg-3 col-xs-4 col-md-3\">&nbsp;<\/div>\n<\/div>\n<\/div>\n<div class=\"way col-lg-12 col-md-12 col-xs-12\">\n<h4>Voies d'utilisation possibles<\/h4>\n<table style=\"border-collapse: collapse; width: 100%;\">\n<tbody>\n<tr>\n<td style=\"width: 25%;\">\n<p><img decoding=\"async\" class=\"picto\" src=\"https:\/\/media.serge.academy\/public\/file\/20230216154629_inhalation-interdit-picto-png\" alt=\"En inhalation\"><\/p>\n<p><span class=\"col-md-12 col-xs-12 \">En inhalation<\/span><\/p>\n<\/td>\n<td style=\"width: 25%;\">\n<p><img decoding=\"async\" class=\"picto\" src=\"https:\/\/media.serge.academy\/public\/file\/20230216154645_voie-cutanee-autorise-picto-png\" alt=\"Voie cutan\u00e9e\"><\/p>\n<p><span class=\"col-md-12 col-xs-12\">Voie cutan\u00e9e<\/span><\/p>\n<\/td>\n<td style=\"width: 25%;\">\n<p><img decoding=\"async\" class=\"picto\" src=\"https:\/\/media.serge.academy\/public\/file\/20230216154659_voie-orale-autorise-picto-png\" alt=\"Voie orale\"><\/p>\n<p><span class=\"col-md-12 col-xs-12\">Voie orale<\/span><\/p>\n<\/td>\n<td style=\"width: 25%;\">\n<p><img decoding=\"async\" class=\"picto\" src=\"https:\/\/media.serge.academy\/public\/file\/20230216154721_diffusion-autorise-picto-png\" alt=\"En diffusion\"><\/p>\n<p><span class=\"col-md-12 col-xs-12\">En diffusion<\/span><\/p>\n<\/td>\n<\/tr>\n<\/tbody>\n<\/table>\n<div class=\"all_pictos_way col-xs-12 col-md-12\">\n<div class=\"content_picto col-lg-3 col-md-3 col-xs-4\">&nbsp;<\/div>\n<\/div>\n<\/div>\n<div class=\"risk col-lg-12 col-md-12 col-xs-12\">\n<h4>Risques d'utilisation<\/h4>\n<table style=\"border-collapse: collapse; width: 100%; height: 10px;\">\n<tbody>\n<tr style=\"height: 10px;\">\n<td style=\"width: 25%; height: 10px;\">\n<p><img decoding=\"async\" class=\"picto\" src=\"https:\/\/media.serge.academy\/public\/file\/20230216155517_irritante-interdit-picto-png\" alt=\"Irritante pour la peau\"><\/p>\n<p>&nbsp;<span class=\"col-md-12 col-xs-12\">Irritante pour la peau<\/span><\/p>\n<\/td>\n<td style=\"width: 25%; height: 10px;\">\n<p><img decoding=\"async\" class=\"picto\" src=\"https:\/\/media.serge.academy\/public\/file\/20230216155610_respiratoire-interdit-picto-png\" alt=\"Irritante pour les voies respiratoires\"><\/p>\n<p><span class=\"col-md-12 col-xs-12\">Irritante pour les voies respiratoires<\/span><\/p>\n<\/td>\n<td style=\"width: 25%; height: 10px;\">\n<p>&nbsp;<\/p>\n<p><img decoding=\"async\" class=\"picto\" src=\"https:\/\/media.serge.academy\/public\/file\/20230216155636_neurotoxique-interdit-picto-png\" alt=\"Neurotoxique\"><\/p>\n<p><span class=\"col-md-12 col-xs-12\">Neurotoxique<\/span><\/p>\n<p>&nbsp;<\/p>\n<\/td>\n<td style=\"width: 25%; height: 10px;\">&nbsp;<\/td>\n<\/tr>\n<\/tbody>\n<\/table>\n<div class=\"all_pictos_risk col-xs-12 col-md-12\">\n<div class=\"content_picto col-lg-3 col-md-3 col-xs-4\">&nbsp;<\/div>\n<div class=\"content_picto col-lg-3 col-md-3 col-xs-4\">&nbsp;<\/div>\n<div class=\"content_picto col-lg-3 col-md-3 col-xs-4\">&nbsp;<\/div>\n<\/div>\n<\/div>","protected":false},"excerpt":{"rendered":"<p>Menthe des Champs - Mentha arvensis&nbsp;L. &nbsp; &nbsp; &nbsp; &nbsp; &nbsp; &nbsp; &nbsp; &nbsp; Compagnie de sens 5 ml CHF 6.00 &nbsp; &nbsp; &nbsp; &nbsp; &nbsp; Nom botanique : Mentha arvensis&nbsp;L. Famille botanique : lamiac\u00e9es M\u00e9thode d'extraction : lamiac\u00e9es Partie de la plante utilis\u00e9e : sommit\u00e9s fleuries Quantit\u00e9 v\u00e9g\u00e9tale : &nbsp; Origine g\u00e9ographique :&nbsp; Inde Culture qualit\u00e9&nbsp;: biologique Effet parfum\u00e9&nbsp;<a href=\"https:\/\/bien-etreiris.ch\/de\/produktpraesentation\/aromatherapie\/aetherische-oele\/menthes\/menthe-des-champs\/\" class=\"read-more\">Weiter lesen<\/a><\/p>\n","protected":false},"author":1,"featured_media":89917,"parent":89732,"menu_order":1269,"comment_status":"closed","ping_status":"closed","template":"page-with-child.php","meta":{"_acf_changed":false,"ngg_post_thumbnail":0,"footnotes":""},"class_list":["post-89920","page","type-page","status-publish","has-post-thumbnail","hentry"],"acf":[],"yoast_head":"<!-- This site is optimized with the Yoast SEO plugin v27.6 - https:\/\/yoast.com\/product\/yoast-seo-wordpress\/ -->\n<title>MENTHE DES CHAMPS - WOHLBEFINDEN<\/title>\n<meta name=\"robots\" content=\"index, follow, max-snippet:-1, max-image-preview:large, max-video-preview:-1\" \/>\n<link rel=\"canonical\" href=\"https:\/\/bien-etreiris.ch\/de\/produktpraesentation\/aromatherapie\/aetherische-oele\/menthes\/menthe-des-champs\/\" \/>\n<meta property=\"og:locale\" content=\"de_DE\" \/>\n<meta property=\"og:type\" content=\"article\" \/>\n<meta property=\"og:title\" content=\"MENTHE DES CHAMPS - WOHLBEFINDEN\" \/>\n<meta property=\"og:description\" content=\"Menthe des Champs - Mentha arvensis&nbsp;L. &nbsp; &nbsp; &nbsp; &nbsp; &nbsp; &nbsp; &nbsp; &nbsp; Compagnie de sens 5 ml CHF 6.00 &nbsp; &nbsp; &nbsp; &nbsp; &nbsp; Nom botanique : Mentha arvensis&nbsp;L. Famille botanique : lamiac\u00e9es M\u00e9thode d&#039;extraction : lamiac\u00e9es Partie de la plante utilis\u00e9e : sommit\u00e9s fleuries Quantit\u00e9 v\u00e9g\u00e9tale : &nbsp; Origine g\u00e9ographique :&nbsp; Inde Culture qualit\u00e9&nbsp;: biologique Effet parfum\u00e9&nbsp;Weiter lesen\" \/>\n<meta property=\"og:url\" content=\"https:\/\/bien-etreiris.ch\/de\/produktpraesentation\/aromatherapie\/aetherische-oele\/menthes\/menthe-des-champs\/\" \/>\n<meta property=\"og:site_name\" content=\"WOHLBEFINDEN\" \/>\n<meta property=\"article:publisher\" content=\"https:\/\/www.facebook.com\/bienetreiris\/\" \/>\n<meta property=\"article:modified_time\" content=\"2024-09-28T14:32:40+00:00\" \/>\n<meta property=\"og:image\" content=\"https:\/\/bien-etreiris.ch\/wp-content\/uploads\/2024\/09\/Menthe-de-champs.png\" \/>\n\t<meta property=\"og:image:width\" content=\"500\" \/>\n\t<meta property=\"og:image:height\" content=\"305\" \/>\n\t<meta property=\"og:image:type\" content=\"image\/png\" \/>\n<meta name=\"twitter:label1\" content=\"Gesch\u00e4tzte Lesezeit\" \/>\n\t<meta name=\"twitter:data1\" content=\"5\u00a0Minuten\" \/>\n<script type=\"application\/ld+json\" class=\"yoast-schema-graph\">{\"@context\":\"https:\\\/\\\/schema.org\",\"@graph\":[{\"@type\":\"WebPage\",\"@id\":\"https:\\\/\\\/bien-etreiris.ch\\\/de\\\/produktpraesentation\\\/aromatherapie\\\/aetherische-oele\\\/menthes\\\/menthe-des-champs\\\/\",\"url\":\"https:\\\/\\\/bien-etreiris.ch\\\/de\\\/produktpraesentation\\\/aromatherapie\\\/aetherische-oele\\\/menthes\\\/menthe-des-champs\\\/\",\"name\":\"MENTHE DES CHAMPS - WOHLBEFINDEN\",\"isPartOf\":{\"@id\":\"https:\\\/\\\/bien-etreiris.ch\\\/de\\\/#website\"},\"primaryImageOfPage\":{\"@id\":\"https:\\\/\\\/bien-etreiris.ch\\\/de\\\/produktpraesentation\\\/aromatherapie\\\/aetherische-oele\\\/menthes\\\/menthe-des-champs\\\/#primaryimage\"},\"image\":{\"@id\":\"https:\\\/\\\/bien-etreiris.ch\\\/de\\\/produktpraesentation\\\/aromatherapie\\\/aetherische-oele\\\/menthes\\\/menthe-des-champs\\\/#primaryimage\"},\"thumbnailUrl\":\"https:\\\/\\\/bien-etreiris.ch\\\/wp-content\\\/uploads\\\/2024\\\/09\\\/Menthe-de-champs.png\",\"datePublished\":\"2024-09-28T13:02:49+00:00\",\"dateModified\":\"2024-09-28T14:32:40+00:00\",\"breadcrumb\":{\"@id\":\"https:\\\/\\\/bien-etreiris.ch\\\/de\\\/produktpraesentation\\\/aromatherapie\\\/aetherische-oele\\\/menthes\\\/menthe-des-champs\\\/#breadcrumb\"},\"inLanguage\":\"de\",\"potentialAction\":[{\"@type\":\"ReadAction\",\"target\":[\"https:\\\/\\\/bien-etreiris.ch\\\/de\\\/produktpraesentation\\\/aromatherapie\\\/aetherische-oele\\\/menthes\\\/menthe-des-champs\\\/\"]}]},{\"@type\":\"ImageObject\",\"inLanguage\":\"de\",\"@id\":\"https:\\\/\\\/bien-etreiris.ch\\\/de\\\/produktpraesentation\\\/aromatherapie\\\/aetherische-oele\\\/menthes\\\/menthe-des-champs\\\/#primaryimage\",\"url\":\"https:\\\/\\\/bien-etreiris.ch\\\/wp-content\\\/uploads\\\/2024\\\/09\\\/Menthe-de-champs.png\",\"contentUrl\":\"https:\\\/\\\/bien-etreiris.ch\\\/wp-content\\\/uploads\\\/2024\\\/09\\\/Menthe-de-champs.png\",\"width\":500,\"height\":305},{\"@type\":\"BreadcrumbList\",\"@id\":\"https:\\\/\\\/bien-etreiris.ch\\\/de\\\/produktpraesentation\\\/aromatherapie\\\/aetherische-oele\\\/menthes\\\/menthe-des-champs\\\/#breadcrumb\",\"itemListElement\":[{\"@type\":\"ListItem\",\"position\":1,\"name\":\"Home\",\"item\":\"https:\\\/\\\/bien-etreiris.ch\\\/de\\\/\"},{\"@type\":\"ListItem\",\"position\":2,\"name\":\"PRODUKTPR\u00c4SENTATION\",\"item\":\"https:\\\/\\\/bien-etreiris.ch\\\/de\\\/produktpraesentation\\\/\"},{\"@type\":\"ListItem\",\"position\":3,\"name\":\"AROMATHERAPIE\",\"item\":\"https:\\\/\\\/bien-etreiris.ch\\\/de\\\/produktpraesentation\\\/aromatherapie\\\/\"},{\"@type\":\"ListItem\",\"position\":4,\"name\":\"\u00c4THERISCHE \u00d6LE\",\"item\":\"https:\\\/\\\/bien-etreiris.ch\\\/de\\\/produktpraesentation\\\/aromatherapie\\\/aetherische-oele\\\/\"},{\"@type\":\"ListItem\",\"position\":5,\"name\":\"MENTHES\",\"item\":\"https:\\\/\\\/bien-etreiris.ch\\\/de\\\/produktpraesentation\\\/aromatherapie\\\/aetherische-oele\\\/menthes\\\/\"},{\"@type\":\"ListItem\",\"position\":6,\"name\":\"MENTHE DES CHAMPS\"}]},{\"@type\":\"WebSite\",\"@id\":\"https:\\\/\\\/bien-etreiris.ch\\\/de\\\/#website\",\"url\":\"https:\\\/\\\/bien-etreiris.ch\\\/de\\\/\",\"name\":\"Bien-\u00eatre Iris\",\"description\":\"IHRE Gesundheit ist uns wichtig\",\"potentialAction\":[{\"@type\":\"SearchAction\",\"target\":{\"@type\":\"EntryPoint\",\"urlTemplate\":\"https:\\\/\\\/bien-etreiris.ch\\\/de\\\/?s={search_term_string}\"},\"query-input\":{\"@type\":\"PropertyValueSpecification\",\"valueRequired\":true,\"valueName\":\"search_term_string\"}}],\"inLanguage\":\"de\"}]}<\/script>\n<!-- \/ Yoast SEO plugin. -->","yoast_head_json":{"title":"MENTHE DES CHAMPS - WOHLBEFINDEN","robots":{"index":"index","follow":"follow","max-snippet":"max-snippet:-1","max-image-preview":"max-image-preview:large","max-video-preview":"max-video-preview:-1"},"canonical":"https:\/\/bien-etreiris.ch\/de\/produktpraesentation\/aromatherapie\/aetherische-oele\/menthes\/menthe-des-champs\/","og_locale":"de_DE","og_type":"article","og_title":"MENTHE DES CHAMPS - WOHLBEFINDEN","og_description":"Menthe des Champs - Mentha arvensis&nbsp;L. &nbsp; &nbsp; &nbsp; &nbsp; &nbsp; &nbsp; &nbsp; &nbsp; Compagnie de sens 5 ml CHF 6.00 &nbsp; &nbsp; &nbsp; &nbsp; &nbsp; Nom botanique : Mentha arvensis&nbsp;L. Famille botanique : lamiac\u00e9es M\u00e9thode d'extraction : lamiac\u00e9es Partie de la plante utilis\u00e9e : sommit\u00e9s fleuries Quantit\u00e9 v\u00e9g\u00e9tale : &nbsp; Origine g\u00e9ographique :&nbsp; Inde Culture qualit\u00e9&nbsp;: biologique Effet parfum\u00e9&nbsp;Weiter lesen","og_url":"https:\/\/bien-etreiris.ch\/de\/produktpraesentation\/aromatherapie\/aetherische-oele\/menthes\/menthe-des-champs\/","og_site_name":"WOHLBEFINDEN","article_publisher":"https:\/\/www.facebook.com\/bienetreiris\/","article_modified_time":"2024-09-28T14:32:40+00:00","og_image":[{"width":500,"height":305,"url":"https:\/\/bien-etreiris.ch\/wp-content\/uploads\/2024\/09\/Menthe-de-champs.png","type":"image\/png"}],"twitter_misc":{"Gesch\u00e4tzte Lesezeit":"5\u00a0Minuten"},"schema":{"@context":"https:\/\/schema.org","@graph":[{"@type":"WebPage","@id":"https:\/\/bien-etreiris.ch\/de\/produktpraesentation\/aromatherapie\/aetherische-oele\/menthes\/menthe-des-champs\/","url":"https:\/\/bien-etreiris.ch\/de\/produktpraesentation\/aromatherapie\/aetherische-oele\/menthes\/menthe-des-champs\/","name":"MENTHE DES CHAMPS - WOHLBEFINDEN","isPartOf":{"@id":"https:\/\/bien-etreiris.ch\/de\/#website"},"primaryImageOfPage":{"@id":"https:\/\/bien-etreiris.ch\/de\/produktpraesentation\/aromatherapie\/aetherische-oele\/menthes\/menthe-des-champs\/#primaryimage"},"image":{"@id":"https:\/\/bien-etreiris.ch\/de\/produktpraesentation\/aromatherapie\/aetherische-oele\/menthes\/menthe-des-champs\/#primaryimage"},"thumbnailUrl":"https:\/\/bien-etreiris.ch\/wp-content\/uploads\/2024\/09\/Menthe-de-champs.png","datePublished":"2024-09-28T13:02:49+00:00","dateModified":"2024-09-28T14:32:40+00:00","breadcrumb":{"@id":"https:\/\/bien-etreiris.ch\/de\/produktpraesentation\/aromatherapie\/aetherische-oele\/menthes\/menthe-des-champs\/#breadcrumb"},"inLanguage":"de","potentialAction":[{"@type":"ReadAction","target":["https:\/\/bien-etreiris.ch\/de\/produktpraesentation\/aromatherapie\/aetherische-oele\/menthes\/menthe-des-champs\/"]}]},{"@type":"ImageObject","inLanguage":"de","@id":"https:\/\/bien-etreiris.ch\/de\/produktpraesentation\/aromatherapie\/aetherische-oele\/menthes\/menthe-des-champs\/#primaryimage","url":"https:\/\/bien-etreiris.ch\/wp-content\/uploads\/2024\/09\/Menthe-de-champs.png","contentUrl":"https:\/\/bien-etreiris.ch\/wp-content\/uploads\/2024\/09\/Menthe-de-champs.png","width":500,"height":305},{"@type":"BreadcrumbList","@id":"https:\/\/bien-etreiris.ch\/de\/produktpraesentation\/aromatherapie\/aetherische-oele\/menthes\/menthe-des-champs\/#breadcrumb","itemListElement":[{"@type":"ListItem","position":1,"name":"Home","item":"https:\/\/bien-etreiris.ch\/de\/"},{"@type":"ListItem","position":2,"name":"PRODUKTPR\u00c4SENTATION","item":"https:\/\/bien-etreiris.ch\/de\/produktpraesentation\/"},{"@type":"ListItem","position":3,"name":"AROMATHERAPIE","item":"https:\/\/bien-etreiris.ch\/de\/produktpraesentation\/aromatherapie\/"},{"@type":"ListItem","position":4,"name":"\u00c4THERISCHE \u00d6LE","item":"https:\/\/bien-etreiris.ch\/de\/produktpraesentation\/aromatherapie\/aetherische-oele\/"},{"@type":"ListItem","position":5,"name":"MENTHES","item":"https:\/\/bien-etreiris.ch\/de\/produktpraesentation\/aromatherapie\/aetherische-oele\/menthes\/"},{"@type":"ListItem","position":6,"name":"MENTHE DES CHAMPS"}]},{"@type":"WebSite","@id":"https:\/\/bien-etreiris.ch\/de\/#website","url":"https:\/\/bien-etreiris.ch\/de\/","name":"Bien-\u00eatre Iris","description":"IHRE Gesundheit ist uns wichtig","potentialAction":[{"@type":"SearchAction","target":{"@type":"EntryPoint","urlTemplate":"https:\/\/bien-etreiris.ch\/de\/?s={search_term_string}"},"query-input":{"@type":"PropertyValueSpecification","valueRequired":true,"valueName":"search_term_string"}}],"inLanguage":"de"}]}},"_links":{"self":[{"href":"https:\/\/bien-etreiris.ch\/de\/wp-json\/wp\/v2\/pages\/89920","targetHints":{"allow":["GET"]}}],"collection":[{"href":"https:\/\/bien-etreiris.ch\/de\/wp-json\/wp\/v2\/pages"}],"about":[{"href":"https:\/\/bien-etreiris.ch\/de\/wp-json\/wp\/v2\/types\/page"}],"author":[{"embeddable":true,"href":"https:\/\/bien-etreiris.ch\/de\/wp-json\/wp\/v2\/users\/1"}],"replies":[{"embeddable":true,"href":"https:\/\/bien-etreiris.ch\/de\/wp-json\/wp\/v2\/comments?post=89920"}],"version-history":[{"count":7,"href":"https:\/\/bien-etreiris.ch\/de\/wp-json\/wp\/v2\/pages\/89920\/revisions"}],"predecessor-version":[{"id":89949,"href":"https:\/\/bien-etreiris.ch\/de\/wp-json\/wp\/v2\/pages\/89920\/revisions\/89949"}],"up":[{"embeddable":true,"href":"https:\/\/bien-etreiris.ch\/de\/wp-json\/wp\/v2\/pages\/89732"}],"wp:featuredmedia":[{"embeddable":true,"href":"https:\/\/bien-etreiris.ch\/de\/wp-json\/wp\/v2\/media\/89917"}],"wp:attachment":[{"href":"https:\/\/bien-etreiris.ch\/de\/wp-json\/wp\/v2\/media?parent=89920"}],"curies":[{"name":"wp","href":"https:\/\/api.w.org\/{rel}","templated":true}]}}