{"id":89839,"date":"2024-09-28T10:12:03","date_gmt":"2024-09-28T08:12:03","guid":{"rendered":"https:\/\/bien-etreiris.ch\/ratgeber-klarheit-beratung\/natuerliche-heilmittel\/pflanzenheilkunde\/aetherische-oele\/anwendungsleitfaden-fuer-aetherische-oele\/menthes\/89833-2\/"},"modified":"2024-09-28T14:36:30","modified_gmt":"2024-09-28T12:36:30","slug":"menthe-poivree","status":"publish","type":"page","link":"https:\/\/bien-etreiris.ch\/de\/produktpraesentation\/aromatherapie\/aetherische-oele\/menthes\/menthe-poivree\/","title":{"rendered":"MENTHE POIVREE"},"content":{"rendered":"\n<h2 class=\"h1 mb-1\">Menthe poivr\u00e9e - Mentha x piperita&nbsp;L.<\/h2>\n\n\n\n<h2><a href=\"https:\/\/bien-etreiris.ch\/guide-lumiere-conseil\/remedes-naturels\/phytotherapie\/huiles-essentielles\/guide-des-huiles-essentielles\/menthes\/menthe-poivree\/menthe-poivree-5\/\" rel=\"attachment wp-att-89854\"><img loading=\"lazy\" decoding=\"async\" class=\"wp-image-89854 alignleft\" src=\"https:\/\/bien-etreiris.ch\/wp-content\/uploads\/2024\/09\/Menthe-poivree.jpg\" alt=\"\" width=\"174\" height=\"431\" srcset=\"https:\/\/bien-etreiris.ch\/wp-content\/uploads\/2024\/09\/Menthe-poivree.jpg 281w, https:\/\/bien-etreiris.ch\/wp-content\/uploads\/2024\/09\/Menthe-poivree-121x300.jpg 121w\" sizes=\"auto, (max-width: 174px) 100vw, 174px\" \/><\/a><\/h2>\n<h2>&nbsp;<\/h2>\n<h2>&nbsp;<\/h2>\n<h2>&nbsp;<\/h2>\n<h2>&nbsp;<\/h2>\n<p>&nbsp;<\/p>\n<p><a href=\"https:\/\/bien-etreiris.ch\/de\/unsere-marken\/damascena\/\" target=\"_blank\" rel=\"noopener\"><strong><span style=\"color: #99cc00;\">DAMASCENA<\/span><\/strong><\/a><\/p>\n<p>Menthe poivr\u00e9e BIO<\/p>\n<p>10 ml <strong>CHF 10.50<\/strong><\/p>\n<p>&nbsp;<\/p>\n<p>&nbsp;<\/p>\n<p><a href=\"https:\/\/bien-etreiris.ch\/guide-lumiere-conseil\/remedes-naturels\/phytotherapie\/huiles-essentielles\/guide-des-huiles-essentielles\/menthes\/menthe-poivree\/menthe-poivree-de-inde\/\" rel=\"attachment wp-att-89857\"><img loading=\"lazy\" decoding=\"async\" class=\"wp-image-89857 alignleft\" src=\"https:\/\/bien-etreiris.ch\/wp-content\/uploads\/2024\/09\/Menthe-poivree-de-inde.jpg\" alt=\"\" width=\"170\" height=\"397\" srcset=\"https:\/\/bien-etreiris.ch\/wp-content\/uploads\/2024\/09\/Menthe-poivree-de-inde.jpg 275w, https:\/\/bien-etreiris.ch\/wp-content\/uploads\/2024\/09\/Menthe-poivree-de-inde-128x300.jpg 128w\" sizes=\"auto, (max-width: 170px) 100vw, 170px\" \/><\/a><\/p>\n<p>&nbsp;<\/p>\n<p>&nbsp;<\/p>\n<p>&nbsp;<\/p>\n<p>&nbsp;<\/p>\n<p>&nbsp;<\/p>\n<p><a href=\"https:\/\/bien-etreiris.ch\/de\/unsere-marken\/damascena\/\" target=\"_blank\" rel=\"noopener\"><strong><span style=\"color: #99cc00;\">DAMASCENA<\/span><\/strong><\/a><\/p>\n<p>Menthe poivr\u00e9e BIO<\/p>\n<p>10 ml <strong>CHF 9.00<\/strong><\/p>\n<p>&nbsp;<\/p>\n<p>&nbsp;<\/p>\n<p>&nbsp;<\/p>\n<table style=\"height: 375px; width: 100%;\">\n<tbody>\n<tr style=\"height: 23px;\">\n<td style=\"width: 35.5952%; height: 23px;\">\n<p><strong>Nom botanique :<\/strong><\/p>\n<\/td>\n<td style=\"width: 63.4524%; height: 23px;\"><em>Mentha x piperita<\/em>&nbsp;L.<\/td>\n<\/tr>\n<tr style=\"height: 23px;\">\n<td style=\"width: 35.5952%; height: 23px;\"><strong>Famille botanique :<\/strong><\/td>\n<td style=\"width: 63.4524%; height: 23px;\">lamiac\u00e9es<\/td>\n<\/tr>\n<tr style=\"height: 23px;\">\n<td style=\"width: 35.5952%; height: 23px;\"><strong>M\u00e9thode d'extraction :<\/strong><\/td>\n<td style=\"width: 63.4524%; height: 23px;\">distillation \u00e0 la vapeur d'eau<\/td>\n<\/tr>\n<tr style=\"height: 23px;\">\n<td style=\"width: 35.5952%; height: 23px;\"><strong>Partie de la plante utilis\u00e9e :<\/strong><\/td>\n<td style=\"width: 63.4524%; height: 23px;\">sommit\u00e9s fleuries<\/td>\n<\/tr>\n<tr style=\"height: 23px;\">\n<td style=\"width: 35.5952%; height: 23px;\"><strong>Quantit\u00e9 v\u00e9g\u00e9tale :<\/strong><\/td>\n<td style=\"width: 63.4524%; height: 23px;\">Pour obtenir 1 kg d'huile, il faut environ 100 kg d'herbes s\u00e9ch\u00e9es.<\/td>\n<\/tr>\n<tr style=\"height: 23px;\">\n<td style=\"width: 35.5952%; height: 23px;\"><strong>Origine g\u00e9ographique :<\/strong>&nbsp;<\/td>\n<td style=\"width: 63.4524%; height: 23px;\">Inde, Hongrie<\/td>\n<\/tr>\n<tr style=\"height: 23px;\">\n<td style=\"width: 35.5952%; height: 23px;\"><strong>Culture qualit\u00e9&nbsp;:<\/strong><\/td>\n<td style=\"width: 63.4524%; height: 23px;\">biologique<\/td>\n<\/tr>\n<tr style=\"height: 23px;\">\n<td style=\"width: 35.5952%; height: 23px;\"><strong>Effet parfum\u00e9 :<\/strong><\/td>\n<td style=\"width: 63.4524%; height: 23px;\">rafra\u00eechissant<\/td>\n<\/tr>\n<tr style=\"height: 23px;\">\n<td style=\"width: 35.5952%; height: 23px;\"><strong>Note parfum\u00e9e :<\/strong><\/td>\n<td style=\"width: 63.4524%; height: 23px;\">Note de t\u00eate<\/td>\n<\/tr>\n<tr style=\"height: 23px;\">\n<td style=\"width: 35.5952%; height: 23px;\"><strong>Profil de parfum :<\/strong><\/td>\n<td style=\"width: 63.4524%; height: 23px;\">fra\u00eeche, menthol\u00e9e, \u00e9clatante<\/td>\n<\/tr>\n<tr style=\"height: 23px;\">\n<td style=\"width: 35.5952%; height: 23px;\"><strong>Th\u00e8me du parfum :<\/strong><\/td>\n<td style=\"width: 63.4524%; height: 23px;\">rafra\u00eechissante, stimulante, donne de la clart\u00e9, favorise la concentration<\/td>\n<\/tr>\n<tr style=\"height: 23px;\">\n<td style=\"width: 35.5952%; height: 23px;\"><strong>Energ\u00e9tique :<\/strong><\/td>\n<td style=\"width: 63.4524%; height: 23px;\">indigo \/ 6e chakra<\/td>\n<\/tr>\n<tr style=\"height: 23px;\">\n<td style=\"width: 35.5952%; height: 23px;\"><strong>Psycho-\u00e9motionnel :<\/strong>&nbsp;<\/td>\n<td style=\"width: 63.4524%; height: 23px;\">apaise les temp\u00e9raments explosifs<\/td>\n<\/tr>\n<tr style=\"height: 328px;\">\n<td style=\"width: 35.5952%; height: 10px; vertical-align: top;\">\n<p><strong>Description :<\/strong><\/p>\n<\/td>\n<td style=\"width: 63.4524%; height: 10px; vertical-align: top;\">\n<ul style=\"list-style-type: disc;\">\n<li>L'huile essentielle de menthe poivr\u00e9e est utilis\u00e9e pour les soins buccaux et dans l'industrie alimentaire.<\/li>\n<li>Sur le plan physique, la menthe poivr\u00e9e favorise la digestion, d\u00e9tend les muscles, calme les douleurs et renforce le syst\u00e8me immunitaire.<\/li>\n<li>La menthe poivr\u00e9e aide en cas de risque d'\u00e9vanouissement et r\u00e9veille l'esprit. Elle refroidit les \u00e9motions fortes et apporte de la clart\u00e9 dans les situations confuses.<\/li>\n<li>En cas de troubles de la concentration et de surmenage intellectuel, elle apporte une nouvelle \u00e9nergie.<\/li>\n<\/ul>\n<\/td>\n<\/tr>\n<tr style=\"height: 361px;\">\n<td style=\"width: 35.5952%; height: 10px; vertical-align: top;\">\n<p><strong>Application :<\/strong><\/p>\n<\/td>\n<td style=\"width: 63.4524%; height: 10px; vertical-align: top;\">\n<ul style=\"list-style-type: disc;\">\n<li>La menthe poivr\u00e9e se m\u00e9lange bien avec la lavande, la marjolaine, le romarin, l'eucalyptus, le sapin blanc et le benjoin.<\/li>\n<li>Pour une ambiance de travail fra\u00eeche et propice \u00e0 la concentration, ajouter du citron et de la bergamote dans le diffuseur d'ar\u00f4mes ou, pour les d\u00e9placements, verser quelques gouttes dans le stick odorant Damascena.<\/li>\n<li>L'huile de menthe poivr\u00e9e ne doit pas \u00eatre utilis\u00e9e pour un bain complet ! Ne pas utiliser pour les enfants de moins de six ans !<\/li>\n<\/ul>\n<\/td>\n<\/tr>\n<tr style=\"height: 68px;\">\n<td style=\"width: 35.5952%; height: 10px; vertical-align: top;\">\n<p><strong>Principes actifs :<\/strong><\/p>\n<\/td>\n<td style=\"width: 63.4524%; height: 10px; vertical-align: top;\">\n<ul style=\"list-style-type: disc;\">\n<li>Menthol (de 30 \u00e0 55 %)<\/li>\n<li>Menthone (de 12 \u00e0 32 %)<\/li>\n<li>1,8-cin\u00e9ole (eucalyptol) (de 3 \u00e0 14 %)<\/li>\n<li>Isomenthone (de 1 \u00e0 10 %)<\/li>\n<li>Menthyl ac\u00e9tate (\u2264 10 %)<\/li>\n<li>N\u00e9omenthol (\u2264 10 %)<\/li>\n<\/ul>\n<\/td>\n<\/tr>\n<tr style=\"height: 23px;\">\n<td style=\"width: 35.5952%; height: 23px;\"><strong>Allerg\u00e8nes :<\/strong><\/td>\n<td style=\"width: 63.4524%; height: 23px;\">limon\u00e8ne, linalol<\/td>\n<\/tr>\n<tr style=\"height: 23px;\">\n<td style=\"width: 35.5952%; height: 23px;\"><strong>Pr\u00e9cautions :<\/strong><\/td>\n<td style=\"width: 63.4524%; height: 23px;\"><strong>neurotoxique et abortif&nbsp;&nbsp;&nbsp;&nbsp;&nbsp;&nbsp; \"A lire tout \u00e0 la fin\"<br><\/strong><\/td>\n<\/tr>\n<\/tbody>\n<\/table>\n<div class=\"users col-lg-12 col-xs-12\">\n<h4>&nbsp;<\/h4>\n<h4>&nbsp;<\/h4>\n<h4>&nbsp;<\/h4>\n<h4>&nbsp;<\/h4>\n<h4>Utilisateurs autoris\u00e9s<\/h4>\n<table style=\"border-collapse: collapse; width: 109.763%;\">\n<tbody>\n<tr>\n<td style=\"width: 24.6352%;\"><img decoding=\"async\" class=\"picto\" src=\"https:\/\/media.serge.academy\/public\/file\/20230216154933_adultes-autorise-picto-png\" alt=\"Adultes et Ados\">&nbsp; <br>\n<p>Adultes et Ados<\/p>\n<\/td>\n<td style=\"width: 24.668%;\"><img decoding=\"async\" class=\"picto\" src=\"https:\/\/media.serge.academy\/public\/file\/20230216154948_ados-enfants-interdit-picto-png\" alt=\"Enfants de moins de 6 ans\">&nbsp; <br>\n<p>&nbsp;<span class=\"neg\">Enfants de moins de 6 ans<\/span><\/p>\n<\/td>\n<td style=\"width: 28.0272%;\"><img decoding=\"async\" class=\"picto\" src=\"https:\/\/media.serge.academy\/public\/file\/20230216154959_femmes-enceintes-interdit-picto-png\" alt=\"Femmes enceintes &amp; allaitantes\">&nbsp; <br>\n<p><span class=\"neg\">Femmes enceintes &amp; allaitantes<\/span><\/p>\n<\/td>\n<td style=\"width: 32.1513%;\"><img decoding=\"async\" class=\"picto\" src=\"https:\/\/media.serge.academy\/public\/file\/20230216155030_bebe-3ans-interdit-picto-png\" alt=\"B\u00e9b\u00e9s de moins de 3 ans\">&nbsp; <br>\n<p>&nbsp;<span class=\"neg\">B\u00e9b\u00e9s de moins de 3 ans<\/span><\/p>\n<\/td>\n<\/tr>\n<\/tbody>\n<\/table>\n<div class=\"all_pictos_user col-xs-12 col-md-12\">\n<div class=\"content_picto col-lg-3 col-xs-4 col-md-3\">&nbsp;<\/div>\n<div class=\"content_picto col-lg-3 col-xs-4 col-md-3\">&nbsp;<\/div>\n<\/div>\n<\/div>\n<div class=\"way col-lg-12 col-md-12 col-xs-12\">\n<h4>Voies d'utilisation possibles<\/h4>\n<table style=\"border-collapse: collapse; width: 100%;\">\n<tbody>\n<tr>\n<td style=\"width: 25%;\"><img decoding=\"async\" class=\"picto\" src=\"https:\/\/media.serge.academy\/public\/file\/20230216154626_inhalation-autorise-picto-png\" alt=\"En inhalation\">&nbsp; <br>\n<p>&nbsp;<span class=\"col-md-12 col-xs-12\">En inhalation<\/span><\/p>\n<\/td>\n<td style=\"width: 25%;\"><img decoding=\"async\" class=\"picto\" src=\"https:\/\/media.serge.academy\/public\/file\/20230216154645_voie-cutanee-autorise-picto-png\" alt=\"Voie cutan\u00e9e\">&nbsp; <br>\n<p><span class=\"col-md-12 col-xs-12\">Voie cutan\u00e9e<\/span><\/p>\n<\/td>\n<td style=\"width: 25%;\"><img decoding=\"async\" class=\"picto\" src=\"https:\/\/media.serge.academy\/public\/file\/20230216154659_voie-orale-autorise-picto-png\" alt=\"Voie orale\">&nbsp; <br>\n<p><span class=\"col-md-12 col-xs-12\">Voie orale<\/span><\/p>\n<\/td>\n<td style=\"width: 25%;\"><img decoding=\"async\" class=\"picto\" src=\"https:\/\/media.serge.academy\/public\/file\/20230216154721_diffusion-autorise-picto-png\" alt=\"En diffusion\">&nbsp; <br>\n<p>&nbsp;<span class=\"col-md-12 col-xs-12\">En diffusion<\/span><\/p>\n<\/td>\n<\/tr>\n<\/tbody>\n<\/table>\n<div class=\"all_pictos_way col-xs-12 col-md-12\">\n<div class=\"content_picto col-lg-3 col-md-3 col-xs-4\">&nbsp;<\/div>\n<div class=\"content_picto col-lg-3 col-md-3 col-xs-4\">&nbsp;<\/div>\n<div class=\"content_picto col-lg-3 col-md-3 col-xs-4\">&nbsp;<\/div>\n<\/div>\n<\/div>\n<div class=\"risk col-lg-12 col-md-12 col-xs-12\">\n<h4>Risques d'utilisation<\/h4>\n<table style=\"border-collapse: collapse; width: 100%;\">\n<tbody>\n<tr>\n<td style=\"width: 24.1667%;\"><img decoding=\"async\" class=\"picto\" src=\"https:\/\/media.serge.academy\/public\/file\/20230216155517_irritante-interdit-picto-png\" alt=\"Irritante pour la peau\">&nbsp; <br>\n<p><span class=\"col-md-12 col-xs-12\">Irritante pour la peau<\/span><\/p>\n<\/td>\n<td style=\"width: 75.8333%;\"><img decoding=\"async\" class=\"picto\" src=\"https:\/\/media.serge.academy\/public\/file\/20230216155636_neurotoxique-interdit-picto-png\" alt=\"Neurotoxique\">&nbsp; <br>\n<p>&nbsp;<span class=\"col-md-12 col-xs-12\">Neurotoxique<\/span><\/p>\n<\/td>\n<\/tr>\n<\/tbody>\n<\/table>\n<\/div>\n<p>&nbsp;<\/p>\n<p>&nbsp;<\/p>\n<p>&nbsp;<\/p>\n<h4>MENTIONS D\u2019AVERTISSEMENT ET PRECAUTIONS<\/h4>\n<p><em><strong>Mention(s) de dangers - Phrases H :<\/strong><\/em><\/p>\n<p>H315, H317, H319, H412<\/p>\n<p><em><strong>Mention(s) de prudence \u2013 Phrases P :<\/strong><\/em><\/p>\n<p>P261, P264, P272,P 273, P302-352, P501<\/p>\n<p><strong><em>Pictogrammes :<\/em><br><\/strong><\/p>\n<p>&nbsp;<a href=\"https:\/\/bien-etreiris.ch\/presentations-des-produits\/aromatherapie\/huiles-essentielles\/romarin-cineole\/attention-2\/\" rel=\"attachment wp-att-79191\"><img loading=\"lazy\" decoding=\"async\" class=\"alignnone  wp-image-79191\" src=\"https:\/\/bien-etreiris.ch\/wp-content\/uploads\/2023\/11\/Attention.png\" sizes=\"auto, (max-width: 99px) 100vw, 99px\" srcset=\"https:\/\/bien-etreiris.ch\/wp-content\/uploads\/2023\/11\/Attention.png 280w, https:\/\/bien-etreiris.ch\/wp-content\/uploads\/2023\/11\/Attention-150x150.png 150w\" alt=\"\" width=\"99\" height=\"99\"><\/a><\/p>\n<p>&nbsp;<\/p>\n<p><a href=\"https:\/\/bien-etreiris.ch\/wp-content\/uploads\/2023\/11\/Mentions-de-danger.pdf\" target=\"_blank\" rel=\"https:\/\/bien-etreiris.ch\/wp-content\/uploads\/2023\/11\/Mentions-de-danger.pdf noopener\"><img loading=\"lazy\" decoding=\"async\" class=\"alignleft wp-image-79203\" title=\"Mentions de danger\" src=\"https:\/\/bien-etreiris.ch\/wp-content\/uploads\/2023\/11\/mentions-de-danger.jpg\" sizes=\"auto, (max-width: 211px) 100vw, 211px\" srcset=\"https:\/\/bien-etreiris.ch\/wp-content\/uploads\/2023\/11\/mentions-de-danger.jpg 273w, https:\/\/bien-etreiris.ch\/wp-content\/uploads\/2023\/11\/mentions-de-danger-218x300.jpg 218w\" alt=\"\" width=\"211\" height=\"290\"><\/a><\/p>\n<p>&nbsp;<\/p>\n<p>&nbsp;<\/p>\n<p>&nbsp;<\/p>\n<p>&nbsp;<\/p>\n<p><span style=\"color: #ff0000;\"><a style=\"color: #ff0000;\" href=\"https:\/\/bien-etreiris.ch\/wp-content\/uploads\/2023\/11\/Mentions-de-danger.pdf\" target=\"_blank\" rel=\"noopener\">T\u00e9l\u00e9charger la liste actuelle des mentions de danger. <\/a><\/span><\/p>\n<p>En vigueur \u00e0 compter du 17 octobre 2020.<\/p>\n<p>&nbsp;<\/p>\n<div class=\"clear\">&nbsp;<\/div>\n<div class=\"risk col-lg-12 col-md-12 col-xs-12\">\n<div class=\"all_pictos_risk col-xs-12 col-md-12\">\n<div class=\"content_picto col-lg-3 col-md-3 col-xs-4\">&nbsp;<\/div>\n<div class=\"content_picto col-lg-3 col-md-3 col-xs-4\">&nbsp;<\/div>\n<\/div>\n<\/div>\n<p>&nbsp;<\/p>\n<p>&nbsp;<\/p>\n","protected":false},"excerpt":{"rendered":"<p>Menthe poivr\u00e9e - Mentha x piperita&nbsp;L. &nbsp; &nbsp; &nbsp; &nbsp; &nbsp; DAMASCENA Menthe poivr\u00e9e BIO 10 ml CHF 10.50 &nbsp; &nbsp; &nbsp; &nbsp; &nbsp; &nbsp; &nbsp; DAMASCENA Menthe poivr\u00e9e BIO 10 ml CHF 9.00 &nbsp; &nbsp; &nbsp; Nom botanique : Mentha x piperita&nbsp;L. Famille botanique : lamiac\u00e9es M\u00e9thode d'extraction : distillation \u00e0 la vapeur d'eau Partie de la plante utilis\u00e9e&nbsp;<a href=\"https:\/\/bien-etreiris.ch\/de\/produktpraesentation\/aromatherapie\/aetherische-oele\/menthes\/menthe-poivree\/\" class=\"read-more\">Weiter lesen<\/a><\/p>\n","protected":false},"author":1,"featured_media":89836,"parent":89732,"menu_order":1274,"comment_status":"closed","ping_status":"closed","template":"page-with-child.php","meta":{"_acf_changed":false,"ngg_post_thumbnail":0,"footnotes":""},"class_list":["post-89839","page","type-page","status-publish","has-post-thumbnail","hentry"],"acf":[],"yoast_head":"<!-- This site is optimized with the Yoast SEO plugin v27.6 - https:\/\/yoast.com\/product\/yoast-seo-wordpress\/ -->\n<title>MENTHE POIVREE - WOHLBEFINDEN<\/title>\n<meta name=\"robots\" content=\"index, follow, max-snippet:-1, max-image-preview:large, max-video-preview:-1\" \/>\n<link rel=\"canonical\" href=\"https:\/\/bien-etreiris.ch\/de\/produktpraesentation\/aromatherapie\/aetherische-oele\/menthes\/menthe-poivree\/\" \/>\n<meta property=\"og:locale\" content=\"de_DE\" \/>\n<meta property=\"og:type\" content=\"article\" \/>\n<meta property=\"og:title\" content=\"MENTHE POIVREE - WOHLBEFINDEN\" \/>\n<meta property=\"og:description\" content=\"Menthe poivr\u00e9e - Mentha x piperita&nbsp;L. &nbsp; &nbsp; &nbsp; &nbsp; &nbsp; DAMASCENA Menthe poivr\u00e9e BIO 10 ml CHF 10.50 &nbsp; &nbsp; &nbsp; &nbsp; &nbsp; &nbsp; &nbsp; DAMASCENA Menthe poivr\u00e9e BIO 10 ml CHF 9.00 &nbsp; &nbsp; &nbsp; Nom botanique : Mentha x piperita&nbsp;L. Famille botanique : lamiac\u00e9es M\u00e9thode d&#039;extraction : distillation \u00e0 la vapeur d&#039;eau Partie de la plante utilis\u00e9e&nbsp;Weiter lesen\" \/>\n<meta property=\"og:url\" content=\"https:\/\/bien-etreiris.ch\/de\/produktpraesentation\/aromatherapie\/aetherische-oele\/menthes\/menthe-poivree\/\" \/>\n<meta property=\"og:site_name\" content=\"WOHLBEFINDEN\" \/>\n<meta property=\"article:publisher\" content=\"https:\/\/www.facebook.com\/bienetreiris\/\" \/>\n<meta property=\"article:modified_time\" content=\"2024-09-28T12:36:30+00:00\" \/>\n<meta property=\"og:image\" content=\"https:\/\/bien-etreiris.ch\/wp-content\/uploads\/2024\/09\/acceuil-Mentha-piperita.png\" \/>\n\t<meta property=\"og:image:width\" content=\"500\" \/>\n\t<meta property=\"og:image:height\" content=\"303\" \/>\n\t<meta property=\"og:image:type\" content=\"image\/png\" \/>\n<meta name=\"twitter:label1\" content=\"Gesch\u00e4tzte Lesezeit\" \/>\n\t<meta name=\"twitter:data1\" content=\"5\u00a0Minuten\" \/>\n<script type=\"application\/ld+json\" class=\"yoast-schema-graph\">{\"@context\":\"https:\\\/\\\/schema.org\",\"@graph\":[{\"@type\":\"WebPage\",\"@id\":\"https:\\\/\\\/bien-etreiris.ch\\\/de\\\/produktpraesentation\\\/aromatherapie\\\/aetherische-oele\\\/menthes\\\/menthe-poivree\\\/\",\"url\":\"https:\\\/\\\/bien-etreiris.ch\\\/de\\\/produktpraesentation\\\/aromatherapie\\\/aetherische-oele\\\/menthes\\\/menthe-poivree\\\/\",\"name\":\"MENTHE POIVREE - WOHLBEFINDEN\",\"isPartOf\":{\"@id\":\"https:\\\/\\\/bien-etreiris.ch\\\/de\\\/#website\"},\"primaryImageOfPage\":{\"@id\":\"https:\\\/\\\/bien-etreiris.ch\\\/de\\\/produktpraesentation\\\/aromatherapie\\\/aetherische-oele\\\/menthes\\\/menthe-poivree\\\/#primaryimage\"},\"image\":{\"@id\":\"https:\\\/\\\/bien-etreiris.ch\\\/de\\\/produktpraesentation\\\/aromatherapie\\\/aetherische-oele\\\/menthes\\\/menthe-poivree\\\/#primaryimage\"},\"thumbnailUrl\":\"https:\\\/\\\/bien-etreiris.ch\\\/wp-content\\\/uploads\\\/2024\\\/09\\\/acceuil-Mentha-piperita.png\",\"datePublished\":\"2024-09-28T08:12:03+00:00\",\"dateModified\":\"2024-09-28T12:36:30+00:00\",\"breadcrumb\":{\"@id\":\"https:\\\/\\\/bien-etreiris.ch\\\/de\\\/produktpraesentation\\\/aromatherapie\\\/aetherische-oele\\\/menthes\\\/menthe-poivree\\\/#breadcrumb\"},\"inLanguage\":\"de\",\"potentialAction\":[{\"@type\":\"ReadAction\",\"target\":[\"https:\\\/\\\/bien-etreiris.ch\\\/de\\\/produktpraesentation\\\/aromatherapie\\\/aetherische-oele\\\/menthes\\\/menthe-poivree\\\/\"]}]},{\"@type\":\"ImageObject\",\"inLanguage\":\"de\",\"@id\":\"https:\\\/\\\/bien-etreiris.ch\\\/de\\\/produktpraesentation\\\/aromatherapie\\\/aetherische-oele\\\/menthes\\\/menthe-poivree\\\/#primaryimage\",\"url\":\"https:\\\/\\\/bien-etreiris.ch\\\/wp-content\\\/uploads\\\/2024\\\/09\\\/acceuil-Mentha-piperita.png\",\"contentUrl\":\"https:\\\/\\\/bien-etreiris.ch\\\/wp-content\\\/uploads\\\/2024\\\/09\\\/acceuil-Mentha-piperita.png\",\"width\":500,\"height\":303},{\"@type\":\"BreadcrumbList\",\"@id\":\"https:\\\/\\\/bien-etreiris.ch\\\/de\\\/produktpraesentation\\\/aromatherapie\\\/aetherische-oele\\\/menthes\\\/menthe-poivree\\\/#breadcrumb\",\"itemListElement\":[{\"@type\":\"ListItem\",\"position\":1,\"name\":\"Home\",\"item\":\"https:\\\/\\\/bien-etreiris.ch\\\/de\\\/\"},{\"@type\":\"ListItem\",\"position\":2,\"name\":\"PRODUKTPR\u00c4SENTATION\",\"item\":\"https:\\\/\\\/bien-etreiris.ch\\\/de\\\/produktpraesentation\\\/\"},{\"@type\":\"ListItem\",\"position\":3,\"name\":\"AROMATHERAPIE\",\"item\":\"https:\\\/\\\/bien-etreiris.ch\\\/de\\\/produktpraesentation\\\/aromatherapie\\\/\"},{\"@type\":\"ListItem\",\"position\":4,\"name\":\"\u00c4THERISCHE \u00d6LE\",\"item\":\"https:\\\/\\\/bien-etreiris.ch\\\/de\\\/produktpraesentation\\\/aromatherapie\\\/aetherische-oele\\\/\"},{\"@type\":\"ListItem\",\"position\":5,\"name\":\"MENTHES\",\"item\":\"https:\\\/\\\/bien-etreiris.ch\\\/de\\\/produktpraesentation\\\/aromatherapie\\\/aetherische-oele\\\/menthes\\\/\"},{\"@type\":\"ListItem\",\"position\":6,\"name\":\"MENTHE POIVREE\"}]},{\"@type\":\"WebSite\",\"@id\":\"https:\\\/\\\/bien-etreiris.ch\\\/de\\\/#website\",\"url\":\"https:\\\/\\\/bien-etreiris.ch\\\/de\\\/\",\"name\":\"Bien-\u00eatre Iris\",\"description\":\"IHRE Gesundheit ist uns wichtig\",\"potentialAction\":[{\"@type\":\"SearchAction\",\"target\":{\"@type\":\"EntryPoint\",\"urlTemplate\":\"https:\\\/\\\/bien-etreiris.ch\\\/de\\\/?s={search_term_string}\"},\"query-input\":{\"@type\":\"PropertyValueSpecification\",\"valueRequired\":true,\"valueName\":\"search_term_string\"}}],\"inLanguage\":\"de\"}]}<\/script>\n<!-- \/ Yoast SEO plugin. -->","yoast_head_json":{"title":"MENTHE POIVREE - WOHLBEFINDEN","robots":{"index":"index","follow":"follow","max-snippet":"max-snippet:-1","max-image-preview":"max-image-preview:large","max-video-preview":"max-video-preview:-1"},"canonical":"https:\/\/bien-etreiris.ch\/de\/produktpraesentation\/aromatherapie\/aetherische-oele\/menthes\/menthe-poivree\/","og_locale":"de_DE","og_type":"article","og_title":"MENTHE POIVREE - WOHLBEFINDEN","og_description":"Menthe poivr\u00e9e - Mentha x piperita&nbsp;L. &nbsp; &nbsp; &nbsp; &nbsp; &nbsp; DAMASCENA Menthe poivr\u00e9e BIO 10 ml CHF 10.50 &nbsp; &nbsp; &nbsp; &nbsp; &nbsp; &nbsp; &nbsp; DAMASCENA Menthe poivr\u00e9e BIO 10 ml CHF 9.00 &nbsp; &nbsp; &nbsp; Nom botanique : Mentha x piperita&nbsp;L. Famille botanique : lamiac\u00e9es M\u00e9thode d'extraction : distillation \u00e0 la vapeur d'eau Partie de la plante utilis\u00e9e&nbsp;Weiter lesen","og_url":"https:\/\/bien-etreiris.ch\/de\/produktpraesentation\/aromatherapie\/aetherische-oele\/menthes\/menthe-poivree\/","og_site_name":"WOHLBEFINDEN","article_publisher":"https:\/\/www.facebook.com\/bienetreiris\/","article_modified_time":"2024-09-28T12:36:30+00:00","og_image":[{"width":500,"height":303,"url":"https:\/\/bien-etreiris.ch\/wp-content\/uploads\/2024\/09\/acceuil-Mentha-piperita.png","type":"image\/png"}],"twitter_misc":{"Gesch\u00e4tzte Lesezeit":"5\u00a0Minuten"},"schema":{"@context":"https:\/\/schema.org","@graph":[{"@type":"WebPage","@id":"https:\/\/bien-etreiris.ch\/de\/produktpraesentation\/aromatherapie\/aetherische-oele\/menthes\/menthe-poivree\/","url":"https:\/\/bien-etreiris.ch\/de\/produktpraesentation\/aromatherapie\/aetherische-oele\/menthes\/menthe-poivree\/","name":"MENTHE POIVREE - WOHLBEFINDEN","isPartOf":{"@id":"https:\/\/bien-etreiris.ch\/de\/#website"},"primaryImageOfPage":{"@id":"https:\/\/bien-etreiris.ch\/de\/produktpraesentation\/aromatherapie\/aetherische-oele\/menthes\/menthe-poivree\/#primaryimage"},"image":{"@id":"https:\/\/bien-etreiris.ch\/de\/produktpraesentation\/aromatherapie\/aetherische-oele\/menthes\/menthe-poivree\/#primaryimage"},"thumbnailUrl":"https:\/\/bien-etreiris.ch\/wp-content\/uploads\/2024\/09\/acceuil-Mentha-piperita.png","datePublished":"2024-09-28T08:12:03+00:00","dateModified":"2024-09-28T12:36:30+00:00","breadcrumb":{"@id":"https:\/\/bien-etreiris.ch\/de\/produktpraesentation\/aromatherapie\/aetherische-oele\/menthes\/menthe-poivree\/#breadcrumb"},"inLanguage":"de","potentialAction":[{"@type":"ReadAction","target":["https:\/\/bien-etreiris.ch\/de\/produktpraesentation\/aromatherapie\/aetherische-oele\/menthes\/menthe-poivree\/"]}]},{"@type":"ImageObject","inLanguage":"de","@id":"https:\/\/bien-etreiris.ch\/de\/produktpraesentation\/aromatherapie\/aetherische-oele\/menthes\/menthe-poivree\/#primaryimage","url":"https:\/\/bien-etreiris.ch\/wp-content\/uploads\/2024\/09\/acceuil-Mentha-piperita.png","contentUrl":"https:\/\/bien-etreiris.ch\/wp-content\/uploads\/2024\/09\/acceuil-Mentha-piperita.png","width":500,"height":303},{"@type":"BreadcrumbList","@id":"https:\/\/bien-etreiris.ch\/de\/produktpraesentation\/aromatherapie\/aetherische-oele\/menthes\/menthe-poivree\/#breadcrumb","itemListElement":[{"@type":"ListItem","position":1,"name":"Home","item":"https:\/\/bien-etreiris.ch\/de\/"},{"@type":"ListItem","position":2,"name":"PRODUKTPR\u00c4SENTATION","item":"https:\/\/bien-etreiris.ch\/de\/produktpraesentation\/"},{"@type":"ListItem","position":3,"name":"AROMATHERAPIE","item":"https:\/\/bien-etreiris.ch\/de\/produktpraesentation\/aromatherapie\/"},{"@type":"ListItem","position":4,"name":"\u00c4THERISCHE \u00d6LE","item":"https:\/\/bien-etreiris.ch\/de\/produktpraesentation\/aromatherapie\/aetherische-oele\/"},{"@type":"ListItem","position":5,"name":"MENTHES","item":"https:\/\/bien-etreiris.ch\/de\/produktpraesentation\/aromatherapie\/aetherische-oele\/menthes\/"},{"@type":"ListItem","position":6,"name":"MENTHE POIVREE"}]},{"@type":"WebSite","@id":"https:\/\/bien-etreiris.ch\/de\/#website","url":"https:\/\/bien-etreiris.ch\/de\/","name":"Bien-\u00eatre Iris","description":"IHRE Gesundheit ist uns wichtig","potentialAction":[{"@type":"SearchAction","target":{"@type":"EntryPoint","urlTemplate":"https:\/\/bien-etreiris.ch\/de\/?s={search_term_string}"},"query-input":{"@type":"PropertyValueSpecification","valueRequired":true,"valueName":"search_term_string"}}],"inLanguage":"de"}]}},"_links":{"self":[{"href":"https:\/\/bien-etreiris.ch\/de\/wp-json\/wp\/v2\/pages\/89839","targetHints":{"allow":["GET"]}}],"collection":[{"href":"https:\/\/bien-etreiris.ch\/de\/wp-json\/wp\/v2\/pages"}],"about":[{"href":"https:\/\/bien-etreiris.ch\/de\/wp-json\/wp\/v2\/types\/page"}],"author":[{"embeddable":true,"href":"https:\/\/bien-etreiris.ch\/de\/wp-json\/wp\/v2\/users\/1"}],"replies":[{"embeddable":true,"href":"https:\/\/bien-etreiris.ch\/de\/wp-json\/wp\/v2\/comments?post=89839"}],"version-history":[{"count":15,"href":"https:\/\/bien-etreiris.ch\/de\/wp-json\/wp\/v2\/pages\/89839\/revisions"}],"predecessor-version":[{"id":89900,"href":"https:\/\/bien-etreiris.ch\/de\/wp-json\/wp\/v2\/pages\/89839\/revisions\/89900"}],"up":[{"embeddable":true,"href":"https:\/\/bien-etreiris.ch\/de\/wp-json\/wp\/v2\/pages\/89732"}],"wp:featuredmedia":[{"embeddable":true,"href":"https:\/\/bien-etreiris.ch\/de\/wp-json\/wp\/v2\/media\/89836"}],"wp:attachment":[{"href":"https:\/\/bien-etreiris.ch\/de\/wp-json\/wp\/v2\/media?parent=89839"}],"curies":[{"name":"wp","href":"https:\/\/api.w.org\/{rel}","templated":true}]}}