{"id":89809,"date":"2024-09-28T09:02:48","date_gmt":"2024-09-28T07:02:48","guid":{"rendered":"https:\/\/bien-etreiris.ch\/produktpraesentation\/aromatherapie\/aetherische-oele\/menthes\/menthe-verte\/"},"modified":"2024-09-28T22:02:22","modified_gmt":"2024-09-28T20:02:22","slug":"menthe-verte","status":"publish","type":"page","link":"https:\/\/bien-etreiris.ch\/de\/produktpraesentation\/aromatherapie\/aetherische-oele\/menthes\/menthe-verte\/","title":{"rendered":"MENTHE VERTE"},"content":{"rendered":"<h2>Menthe verte - Mentha spicata L.<\/h2>\n<p><a href=\"https:\/\/bien-etreiris.ch\/de\/produktpraesentation\/aromatherapie\/aetherische-oele\/menthes\/menthe-verte\/menthe-verte-2\/\" rel=\"attachment wp-att-89975\"><img loading=\"lazy\" decoding=\"async\" class=\"wp-image-89975 alignleft\" src=\"https:\/\/bien-etreiris.ch\/wp-content\/uploads\/2024\/09\/Menthe-Verte.jpg\" alt=\"\" width=\"176\" height=\"385\" srcset=\"https:\/\/bien-etreiris.ch\/wp-content\/uploads\/2024\/09\/Menthe-Verte.jpg 363w, https:\/\/bien-etreiris.ch\/wp-content\/uploads\/2024\/09\/Menthe-Verte-137x300.jpg 137w\" sizes=\"auto, (max-width: 176px) 100vw, 176px\" \/><\/a><\/p>\n<p>&nbsp;<\/p>\n<p>&nbsp;<\/p>\n<p>&nbsp;<\/p>\n<p>&nbsp;<\/p>\n<p>&nbsp;<\/p>\n<p>&nbsp;<\/p>\n<p><a href=\"https:\/\/bien-etreiris.ch\/de\/unsere-marken\/compagnie-des-sens\/\" target=\"_blank\" rel=\"noopener\"><span style=\"color: #99cc00;\">Compagnie de Sens<\/span><\/a><\/p>\n<p>10 ml <strong>CHF 9.00<\/strong><\/p>\n<p>&nbsp;<\/p>\n<p>&nbsp;<\/p>\n<p>&nbsp;<\/p>\n<p>&nbsp;<\/p>\n<table style=\"width: 100%; height: 809px;\">\n<tbody>\n<tr style=\"height: 23px;\">\n<td style=\"width: 27.6191%; height: 23px;\"><strong>Nom botanique :<\/strong><\/td>\n<td style=\"width: 71.4286%; height: 23px;\">Mentha spicata L. ou Mentha viridis L.<\/td>\n<\/tr>\n<tr style=\"height: 23px;\">\n<td style=\"width: 27.6191%; height: 23px;\"><strong>Famille botanique :<\/strong><\/td>\n<td style=\"width: 71.4286%; height: 23px;\">lamiac\u00e9es<\/td>\n<\/tr>\n<tr style=\"height: 23px;\">\n<td style=\"width: 27.6191%; height: 23px;\"><strong>M\u00e9thode d'extraction :<\/strong><\/td>\n<td style=\"width: 71.4286%; height: 23px;\">distillation \u00e0 la vapeur d'eau<\/td>\n<\/tr>\n<tr style=\"height: 23px;\">\n<td style=\"width: 27.6191%; height: 23px;\"><strong>Partie de la plante utilis\u00e9e :<\/strong><\/td>\n<td style=\"width: 71.4286%; height: 23px;\">feuilles et sommit\u00e9s fleuries<\/td>\n<\/tr>\n<tr style=\"height: 23px;\">\n<td style=\"width: 27.6191%; height: 23px;\"><strong>Quantit\u00e9 v\u00e9g\u00e9tale :<\/strong><\/td>\n<td style=\"width: 71.4286%; height: 23px;\">&nbsp;<\/td>\n<\/tr>\n<tr style=\"height: 23px;\">\n<td style=\"width: 27.6191%; height: 23px;\"><strong>Origine g\u00e9ographique :<\/strong>&nbsp;<\/td>\n<td style=\"width: 71.4286%; height: 23px;\">Espagne, France m\u00e9tropolitaine, Italie, Maroc.<\/td>\n<\/tr>\n<tr style=\"height: 23px;\">\n<td style=\"width: 27.6191%; height: 23px;\"><strong>Culture qualit\u00e9&nbsp;:<\/strong><\/td>\n<td style=\"width: 71.4286%; height: 23px;\">biologique<\/td>\n<\/tr>\n<tr style=\"height: 23px;\">\n<td style=\"width: 27.6191%; height: 23px;\"><strong>Effet parfum\u00e9 :<\/strong><\/td>\n<td style=\"width: 71.4286%; height: 23px;\">&nbsp;<\/td>\n<\/tr>\n<tr style=\"height: 23px;\">\n<td style=\"width: 27.6191%; height: 23px;\"><strong>Note parfum\u00e9e :<\/strong><\/td>\n<td style=\"width: 71.4286%; height: 23px;\">&nbsp;<\/td>\n<\/tr>\n<tr style=\"height: 23px;\">\n<td style=\"width: 27.6191%; height: 23px;\"><strong>Profil de parfum :<\/strong><\/td>\n<td style=\"width: 71.4286%; height: 23px;\">&nbsp;<\/td>\n<\/tr>\n<tr style=\"height: 23px;\">\n<td style=\"width: 27.6191%; height: 23px;\"><strong>Th\u00e8me du parfum :<\/strong><\/td>\n<td style=\"width: 71.4286%; height: 23px;\">&nbsp;<\/td>\n<\/tr>\n<tr style=\"height: 23px;\">\n<td style=\"width: 27.6191%; height: 23px;\"><strong>Energ\u00e9tique :<\/strong><\/td>\n<td style=\"width: 71.4286%; height: 23px;\">&nbsp;<\/td>\n<\/tr>\n<tr style=\"height: 23px;\">\n<td style=\"width: 27.6191%; height: 23px;\"><strong>Psycho-\u00e9motionnel :<\/strong>&nbsp;<\/td>\n<td style=\"width: 71.4286%; height: 23px;\">&nbsp;<\/td>\n<\/tr>\n<tr style=\"height: 68px;\">\n<td style=\"width: 27.6191%; height: 68px;\"><strong>Description :<\/strong><\/td>\n<td style=\"width: 71.4286%; height: 68px;\" scope=\"row\">\n<ul style=\"list-style-type: disc;\">\n<li>Tr\u00e8s courante, la menthe verte est une plante herbac\u00e9e largement r\u00e9pandue et employ\u00e9e.<\/li>\n<li>Ses nombreuses vertus sont vant\u00e9es depuis des d\u00e9cennies et son usage remonterait m\u00eame au temps des \u00c9gyptiens.<\/li>\n<li>Plus douce que les autres vari\u00e9t\u00e9s, la menthe verte est principalement utilis\u00e9e en cuisine o\u00f9 elle aromatise parfaitement les plats et les boissons mais aussi en th\u00e9rapeutique pour ses bienfaits sur la sph\u00e8re digestive.<\/li>\n<\/ul>\n<\/td>\n<\/tr>\n<tr style=\"height: 68px;\">\n<td style=\"width: 27.6191%; height: 68px;\"><strong>Application :<\/strong><\/td>\n<td style=\"width: 71.4286%; height: 68px;\">\n<ul style=\"list-style-type: disc;\">\n<li>L'huile essentielle de Menthe Verte, aussi appel\u00e9e Menthe Nanah est principalement indiqu\u00e9e en cas d'infections des voies respiratoires et de troubles digestifs.<\/li>\n<li>Elle aide \u00e0 la cicatrisation des plaies et poss\u00e8de aussi des vertus calmantes qui en font une alli\u00e9e dans la gestion du stress.<\/li>\n<li>De toutes les huiles essentielles de menthe, c'est la plus douce en menthol. elle est par contre tr\u00e8s riche en carvone, ce qui fait qu'il faut l'utiliser avec pr\u00e9caution.<\/li>\n<\/ul>\n<\/td>\n<\/tr>\n<tr style=\"height: 152px;\">\n<td style=\"width: 27.6191%; height: 152px;\"><strong>Principes actifs :<\/strong><\/td>\n<td style=\"width: 71.4286%; height: 152px;\">\n<ul style=\"list-style-type: disc;\">\n<li>Carvone (de 55&nbsp;\u00e0 72&nbsp;%)<\/li>\n<li>D-Limon\u00e8ne (de 15&nbsp;\u00e0 20&nbsp;%)<\/li>\n<li>Linalol<\/li>\n<\/ul>\n<\/td>\n<\/tr>\n<tr style=\"height: 23px;\">\n<td style=\"width: 27.6191%; height: 23px;\"><strong>Allerg\u00e8nes :<\/strong><\/td>\n<td style=\"width: 71.4286%; height: 23px;\">L\u2019huile essentielle de Menthe Verte contient deux composants biochimiques allerg\u00e8nes :&nbsp;&nbsp;&nbsp;&nbsp;&nbsp;&nbsp;&nbsp;&nbsp;<\/p>\n<p>Note : Il est pr\u00e9f\u00e9rable de tester l\u2019huile essentielle avant de l\u2019utiliser (deux gouttes au creux du coude pendant au moins 24 heures afin de v\u00e9rifier qu\u2019il n\u2019y a pas de r\u00e9action).<\/td>\n<\/tr>\n<tr style=\"height: 199px;\">\n<td style=\"width: 27.6191%; height: 199px;\"><strong>Pr\u00e9cautions :<\/strong><\/td>\n<td style=\"width: 71.4286%; height: 199px;\">\n<ul style=\"list-style-type: disc;\">\n<li><strong>Neurotoxique et abortive<\/strong><\/li>\n<li><strong>Dermocaustique<\/strong><\/li>\n<li><strong>D\u00e9conseill\u00e9e chez la femme enceinte ou allaitante, les sujets \u00e9pileptiques et les enfants de moins de 3 ans<\/strong><\/li>\n<li><strong>Effet r\u00e9frig\u00e9rant puissant<\/strong><\/li>\n<\/ul>\n<\/td>\n<\/tr>\n<\/tbody>\n<\/table>\n<div class=\"users col-lg-12 col-xs-12\">\n<h4>&nbsp;<\/h4>\n<h4>Utilisateurs autoris\u00e9s<\/h4>\n<table style=\"border-collapse: collapse; width: 108.808%;\">\n<tbody>\n<tr>\n<td style=\"width: 23.585%;\"><img decoding=\"async\" class=\"picto\" src=\"https:\/\/media.serge.academy\/public\/file\/20230216154933_adultes-autorise-picto-png\" alt=\"Adultes et Ados\">&nbsp;&nbsp;&nbsp;&nbsp;&nbsp;&nbsp;&nbsp;&nbsp;<\/p>\n<p>Adultes et Ados<\/td>\n<td style=\"width: 25.5113%;\"><img decoding=\"async\" class=\"picto\" src=\"https:\/\/media.serge.academy\/public\/file\/20230216154948_ados-enfants-interdit-picto-png\" alt=\"Enfants de moins de 6 ans\">&nbsp;&nbsp;&nbsp;&nbsp;&nbsp;&nbsp;&nbsp;&nbsp;<\/p>\n<p><span class=\"neg\">Enfants de moins de 6 ans<\/span><\/td>\n<td style=\"width: 25.3177%;\"><img decoding=\"async\" class=\"picto\" src=\"https:\/\/media.serge.academy\/public\/file\/20230216154959_femmes-enceintes-interdit-picto-png\" alt=\"Femmes enceintes &amp; allaitantes\">&nbsp;&nbsp;&nbsp;&nbsp;&nbsp;&nbsp;&nbsp;&nbsp;<\/p>\n<p><span class=\"neg\">Femmes enceintes &amp; allaitantes<\/span><\/td>\n<td style=\"width: 34.3956%;\"><img decoding=\"async\" class=\"picto\" src=\"https:\/\/media.serge.academy\/public\/file\/20230216155030_bebe-3ans-interdit-picto-png\" alt=\"B\u00e9b\u00e9s de moins de 3 ans\">&nbsp;&nbsp;&nbsp;&nbsp;&nbsp;&nbsp;&nbsp;&nbsp;<\/p>\n<p><span class=\"neg\">B\u00e9b\u00e9s de moins de 3 ans<\/span><\/td>\n<\/tr>\n<\/tbody>\n<\/table>\n<div class=\"all_pictos_user col-xs-12 col-md-12\">\n<div class=\"content_picto col-lg-3 col-xs-4 col-md-3\">&nbsp;<\/div>\n<div class=\"content_picto col-lg-3 col-xs-4 col-md-3\">&nbsp;<\/div>\n<div class=\"content_picto col-lg-3 col-xs-4 col-md-3\">&nbsp;<\/div>\n<\/div>\n<\/div>\n<div class=\"way col-lg-12 col-md-12 col-xs-12\">\n<h4>Voies d'utilisation possibles<\/h4>\n<table style=\"border-collapse: collapse; width: 100%;\">\n<tbody>\n<tr>\n<td style=\"width: 25%;\"><img decoding=\"async\" class=\"picto\" src=\"https:\/\/media.serge.academy\/public\/file\/20230216154626_inhalation-autorise-picto-png\" alt=\"En inhalation\">&nbsp;&nbsp;&nbsp;&nbsp;&nbsp;&nbsp;&nbsp;&nbsp;<\/p>\n<p>&nbsp;<span class=\"col-md-12 col-xs-12\">En inhalation<\/span><\/td>\n<td style=\"width: 25%;\"><img decoding=\"async\" class=\"picto\" src=\"https:\/\/media.serge.academy\/public\/file\/20230216154645_voie-cutanee-autorise-picto-png\" alt=\"Voie cutan\u00e9e\">&nbsp;&nbsp;&nbsp;&nbsp;&nbsp;&nbsp;&nbsp;&nbsp;<\/p>\n<p><span class=\"col-md-12 col-xs-12\">Voie cutan\u00e9e<\/span><\/td>\n<td style=\"width: 25%;\"><img decoding=\"async\" class=\"picto\" src=\"https:\/\/media.serge.academy\/public\/file\/20230216154700_voie-orale-interdit-picto-png\" alt=\"Voie orale\">&nbsp;&nbsp;&nbsp;&nbsp;&nbsp;&nbsp;&nbsp;&nbsp;<\/p>\n<p>&nbsp;<span class=\"col-md-12 col-xs-12 \">Voie orale<\/span><\/td>\n<td style=\"width: 25%;\"><img decoding=\"async\" class=\"picto\" src=\"https:\/\/media.serge.academy\/public\/file\/20230216154721_diffusion-autorise-picto-png\" alt=\"En diffusion\">&nbsp;&nbsp;&nbsp;&nbsp;&nbsp;&nbsp;&nbsp;&nbsp;<\/p>\n<p><span class=\"col-md-12 col-xs-12\">En diffusion<\/span><\/td>\n<\/tr>\n<\/tbody>\n<\/table>\n<div class=\"all_pictos_way col-xs-12 col-md-12\">\n<div class=\"content_picto col-lg-3 col-md-3 col-xs-4\">&nbsp;<\/div>\n<div class=\"content_picto col-lg-3 col-md-3 col-xs-4\">&nbsp;<\/div>\n<div class=\"content_picto col-lg-3 col-md-3 col-xs-4\">&nbsp;<\/div>\n<\/div>\n<\/div>\n<div class=\"risk col-lg-12 col-md-12 col-xs-12\">\n<h4>Risques d'utilisation<\/h4>\n<table style=\"border-collapse: collapse; width: 100%;\">\n<tbody>\n<tr>\n<td style=\"width: 25%;\"><img decoding=\"async\" class=\"picto\" src=\"https:\/\/media.serge.academy\/public\/file\/20230216155503_cortison-homonlike-interdit-picto-png\" alt=\"Cortison-like\">&nbsp;&nbsp;&nbsp;&nbsp;&nbsp;&nbsp;&nbsp;&nbsp;<\/p>\n<p><span class=\"col-md-12 col-xs-12\">Cortison-like<\/span><\/td>\n<td style=\"width: 25%;\"><img decoding=\"async\" class=\"picto\" src=\"https:\/\/media.serge.academy\/public\/file\/20230216155517_irritante-interdit-picto-png\" alt=\"Irritante pour la peau\">&nbsp;&nbsp;&nbsp;&nbsp;&nbsp;&nbsp;&nbsp;&nbsp;<\/p>\n<p>&nbsp;<span class=\"col-md-12 col-xs-12\">Irritante pour la peau<\/span><\/td>\n<td style=\"width: 25%;\"><img decoding=\"async\" class=\"picto\" src=\"https:\/\/media.serge.academy\/public\/file\/20230216155636_neurotoxique-interdit-picto-png\" alt=\"Neurotoxique\">&nbsp;&nbsp;&nbsp;&nbsp;&nbsp;&nbsp;&nbsp;&nbsp;<\/p>\n<div class=\"content_picto col-lg-3 col-md-3 col-xs-4\"><span class=\"col-md-12 col-xs-12\">Neurotoxique<\/span><\/div>\n<div class=\"content_picto col-lg-3 col-md-3 col-xs-4\">&nbsp;<\/div>\n<\/td>\n<td style=\"width: 25%;\"><img decoding=\"async\" class=\"picto\" src=\"https:\/\/media.serge.academy\/public\/file\/20230216155654_oestrogene-interdit-picto-png\" alt=\"Oestrogen-like\">&nbsp;&nbsp;&nbsp;&nbsp;&nbsp;&nbsp;&nbsp;&nbsp;<\/p>\n<p><span class=\"col-md-12 col-xs-12\">Oestrogen-like<\/span><\/td>\n<\/tr>\n<\/tbody>\n<\/table>\n<div class=\"all_pictos_risk col-xs-12 col-md-12\">\n<div class=\"content_picto col-lg-3 col-md-3 col-xs-4\">&nbsp;<\/div>\n<div class=\"content_picto col-lg-3 col-md-3 col-xs-4\">&nbsp;<\/div>\n<div class=\"content_picto col-lg-3 col-md-3 col-xs-4\">&nbsp;<\/div>\n<\/div>\n<\/div>\n","protected":false},"excerpt":{"rendered":"<p>Menthe verte - Mentha spicata L. &nbsp; &nbsp; &nbsp; &nbsp; &nbsp; &nbsp; Compagnie de Sens 10 ml CHF 9.00 &nbsp; &nbsp; &nbsp; &nbsp; Nom botanique : Mentha spicata L. ou Mentha viridis L. Famille botanique : lamiac\u00e9es M\u00e9thode d'extraction : distillation \u00e0 la vapeur d'eau Partie de la plante utilis\u00e9e : feuilles et sommit\u00e9s fleuries Quantit\u00e9 v\u00e9g\u00e9tale : &nbsp; Origine&nbsp;<a href=\"https:\/\/bien-etreiris.ch\/de\/produktpraesentation\/aromatherapie\/aetherische-oele\/menthes\/menthe-verte\/\" class=\"read-more\">Weiter lesen<\/a><\/p>\n","protected":false},"author":1,"featured_media":89910,"parent":89732,"menu_order":1277,"comment_status":"closed","ping_status":"closed","template":"page-with-child.php","meta":{"_acf_changed":false,"ngg_post_thumbnail":0,"footnotes":""},"class_list":["post-89809","page","type-page","status-publish","has-post-thumbnail","hentry"],"acf":[],"yoast_head":"<!-- This site is optimized with the Yoast SEO plugin v27.6 - https:\/\/yoast.com\/product\/yoast-seo-wordpress\/ -->\n<title>MENTHE VERTE - WOHLBEFINDEN<\/title>\n<meta name=\"robots\" content=\"index, follow, max-snippet:-1, max-image-preview:large, max-video-preview:-1\" \/>\n<link rel=\"canonical\" href=\"https:\/\/bien-etreiris.ch\/de\/produktpraesentation\/aromatherapie\/aetherische-oele\/menthes\/menthe-verte\/\" \/>\n<meta property=\"og:locale\" content=\"de_DE\" \/>\n<meta property=\"og:type\" content=\"article\" \/>\n<meta property=\"og:title\" content=\"MENTHE VERTE - WOHLBEFINDEN\" \/>\n<meta property=\"og:description\" content=\"Menthe verte - Mentha spicata L. &nbsp; &nbsp; &nbsp; &nbsp; &nbsp; &nbsp; Compagnie de Sens 10 ml CHF 9.00 &nbsp; &nbsp; &nbsp; &nbsp; Nom botanique : Mentha spicata L. ou Mentha viridis L. Famille botanique : lamiac\u00e9es M\u00e9thode d&#039;extraction : distillation \u00e0 la vapeur d&#039;eau Partie de la plante utilis\u00e9e : feuilles et sommit\u00e9s fleuries Quantit\u00e9 v\u00e9g\u00e9tale : &nbsp; Origine&nbsp;Weiter lesen\" \/>\n<meta property=\"og:url\" content=\"https:\/\/bien-etreiris.ch\/de\/produktpraesentation\/aromatherapie\/aetherische-oele\/menthes\/menthe-verte\/\" \/>\n<meta property=\"og:site_name\" content=\"WOHLBEFINDEN\" \/>\n<meta property=\"article:publisher\" content=\"https:\/\/www.facebook.com\/bienetreiris\/\" \/>\n<meta property=\"article:modified_time\" content=\"2024-09-28T20:02:22+00:00\" \/>\n<meta property=\"og:image\" content=\"https:\/\/bien-etreiris.ch\/wp-content\/uploads\/2024\/09\/acceuil-menthe-vert-1.png\" \/>\n\t<meta property=\"og:image:width\" content=\"500\" \/>\n\t<meta property=\"og:image:height\" content=\"305\" \/>\n\t<meta property=\"og:image:type\" content=\"image\/png\" \/>\n<meta name=\"twitter:label1\" content=\"Gesch\u00e4tzte Lesezeit\" \/>\n\t<meta name=\"twitter:data1\" content=\"5\u00a0Minuten\" \/>\n<script type=\"application\/ld+json\" class=\"yoast-schema-graph\">{\"@context\":\"https:\\\/\\\/schema.org\",\"@graph\":[{\"@type\":\"WebPage\",\"@id\":\"https:\\\/\\\/bien-etreiris.ch\\\/de\\\/produktpraesentation\\\/aromatherapie\\\/aetherische-oele\\\/menthes\\\/menthe-verte\\\/\",\"url\":\"https:\\\/\\\/bien-etreiris.ch\\\/de\\\/produktpraesentation\\\/aromatherapie\\\/aetherische-oele\\\/menthes\\\/menthe-verte\\\/\",\"name\":\"MENTHE VERTE - WOHLBEFINDEN\",\"isPartOf\":{\"@id\":\"https:\\\/\\\/bien-etreiris.ch\\\/de\\\/#website\"},\"primaryImageOfPage\":{\"@id\":\"https:\\\/\\\/bien-etreiris.ch\\\/de\\\/produktpraesentation\\\/aromatherapie\\\/aetherische-oele\\\/menthes\\\/menthe-verte\\\/#primaryimage\"},\"image\":{\"@id\":\"https:\\\/\\\/bien-etreiris.ch\\\/de\\\/produktpraesentation\\\/aromatherapie\\\/aetherische-oele\\\/menthes\\\/menthe-verte\\\/#primaryimage\"},\"thumbnailUrl\":\"https:\\\/\\\/bien-etreiris.ch\\\/wp-content\\\/uploads\\\/2024\\\/09\\\/acceuil-menthe-vert-1.png\",\"datePublished\":\"2024-09-28T07:02:48+00:00\",\"dateModified\":\"2024-09-28T20:02:22+00:00\",\"breadcrumb\":{\"@id\":\"https:\\\/\\\/bien-etreiris.ch\\\/de\\\/produktpraesentation\\\/aromatherapie\\\/aetherische-oele\\\/menthes\\\/menthe-verte\\\/#breadcrumb\"},\"inLanguage\":\"de\",\"potentialAction\":[{\"@type\":\"ReadAction\",\"target\":[\"https:\\\/\\\/bien-etreiris.ch\\\/de\\\/produktpraesentation\\\/aromatherapie\\\/aetherische-oele\\\/menthes\\\/menthe-verte\\\/\"]}]},{\"@type\":\"ImageObject\",\"inLanguage\":\"de\",\"@id\":\"https:\\\/\\\/bien-etreiris.ch\\\/de\\\/produktpraesentation\\\/aromatherapie\\\/aetherische-oele\\\/menthes\\\/menthe-verte\\\/#primaryimage\",\"url\":\"https:\\\/\\\/bien-etreiris.ch\\\/wp-content\\\/uploads\\\/2024\\\/09\\\/acceuil-menthe-vert-1.png\",\"contentUrl\":\"https:\\\/\\\/bien-etreiris.ch\\\/wp-content\\\/uploads\\\/2024\\\/09\\\/acceuil-menthe-vert-1.png\",\"width\":500,\"height\":305},{\"@type\":\"BreadcrumbList\",\"@id\":\"https:\\\/\\\/bien-etreiris.ch\\\/de\\\/produktpraesentation\\\/aromatherapie\\\/aetherische-oele\\\/menthes\\\/menthe-verte\\\/#breadcrumb\",\"itemListElement\":[{\"@type\":\"ListItem\",\"position\":1,\"name\":\"Home\",\"item\":\"https:\\\/\\\/bien-etreiris.ch\\\/de\\\/\"},{\"@type\":\"ListItem\",\"position\":2,\"name\":\"PRODUKTPR\u00c4SENTATION\",\"item\":\"https:\\\/\\\/bien-etreiris.ch\\\/de\\\/produktpraesentation\\\/\"},{\"@type\":\"ListItem\",\"position\":3,\"name\":\"AROMATHERAPIE\",\"item\":\"https:\\\/\\\/bien-etreiris.ch\\\/de\\\/produktpraesentation\\\/aromatherapie\\\/\"},{\"@type\":\"ListItem\",\"position\":4,\"name\":\"\u00c4THERISCHE \u00d6LE\",\"item\":\"https:\\\/\\\/bien-etreiris.ch\\\/de\\\/produktpraesentation\\\/aromatherapie\\\/aetherische-oele\\\/\"},{\"@type\":\"ListItem\",\"position\":5,\"name\":\"MENTHES\",\"item\":\"https:\\\/\\\/bien-etreiris.ch\\\/de\\\/produktpraesentation\\\/aromatherapie\\\/aetherische-oele\\\/menthes\\\/\"},{\"@type\":\"ListItem\",\"position\":6,\"name\":\"MENTHE VERTE\"}]},{\"@type\":\"WebSite\",\"@id\":\"https:\\\/\\\/bien-etreiris.ch\\\/de\\\/#website\",\"url\":\"https:\\\/\\\/bien-etreiris.ch\\\/de\\\/\",\"name\":\"Bien-\u00eatre Iris\",\"description\":\"IHRE Gesundheit ist uns wichtig\",\"potentialAction\":[{\"@type\":\"SearchAction\",\"target\":{\"@type\":\"EntryPoint\",\"urlTemplate\":\"https:\\\/\\\/bien-etreiris.ch\\\/de\\\/?s={search_term_string}\"},\"query-input\":{\"@type\":\"PropertyValueSpecification\",\"valueRequired\":true,\"valueName\":\"search_term_string\"}}],\"inLanguage\":\"de\"}]}<\/script>\n<!-- \/ Yoast SEO plugin. -->","yoast_head_json":{"title":"MENTHE VERTE - WOHLBEFINDEN","robots":{"index":"index","follow":"follow","max-snippet":"max-snippet:-1","max-image-preview":"max-image-preview:large","max-video-preview":"max-video-preview:-1"},"canonical":"https:\/\/bien-etreiris.ch\/de\/produktpraesentation\/aromatherapie\/aetherische-oele\/menthes\/menthe-verte\/","og_locale":"de_DE","og_type":"article","og_title":"MENTHE VERTE - WOHLBEFINDEN","og_description":"Menthe verte - Mentha spicata L. &nbsp; &nbsp; &nbsp; &nbsp; &nbsp; &nbsp; Compagnie de Sens 10 ml CHF 9.00 &nbsp; &nbsp; &nbsp; &nbsp; Nom botanique : Mentha spicata L. ou Mentha viridis L. Famille botanique : lamiac\u00e9es M\u00e9thode d'extraction : distillation \u00e0 la vapeur d'eau Partie de la plante utilis\u00e9e : feuilles et sommit\u00e9s fleuries Quantit\u00e9 v\u00e9g\u00e9tale : &nbsp; Origine&nbsp;Weiter lesen","og_url":"https:\/\/bien-etreiris.ch\/de\/produktpraesentation\/aromatherapie\/aetherische-oele\/menthes\/menthe-verte\/","og_site_name":"WOHLBEFINDEN","article_publisher":"https:\/\/www.facebook.com\/bienetreiris\/","article_modified_time":"2024-09-28T20:02:22+00:00","og_image":[{"width":500,"height":305,"url":"https:\/\/bien-etreiris.ch\/wp-content\/uploads\/2024\/09\/acceuil-menthe-vert-1.png","type":"image\/png"}],"twitter_misc":{"Gesch\u00e4tzte Lesezeit":"5\u00a0Minuten"},"schema":{"@context":"https:\/\/schema.org","@graph":[{"@type":"WebPage","@id":"https:\/\/bien-etreiris.ch\/de\/produktpraesentation\/aromatherapie\/aetherische-oele\/menthes\/menthe-verte\/","url":"https:\/\/bien-etreiris.ch\/de\/produktpraesentation\/aromatherapie\/aetherische-oele\/menthes\/menthe-verte\/","name":"MENTHE VERTE - WOHLBEFINDEN","isPartOf":{"@id":"https:\/\/bien-etreiris.ch\/de\/#website"},"primaryImageOfPage":{"@id":"https:\/\/bien-etreiris.ch\/de\/produktpraesentation\/aromatherapie\/aetherische-oele\/menthes\/menthe-verte\/#primaryimage"},"image":{"@id":"https:\/\/bien-etreiris.ch\/de\/produktpraesentation\/aromatherapie\/aetherische-oele\/menthes\/menthe-verte\/#primaryimage"},"thumbnailUrl":"https:\/\/bien-etreiris.ch\/wp-content\/uploads\/2024\/09\/acceuil-menthe-vert-1.png","datePublished":"2024-09-28T07:02:48+00:00","dateModified":"2024-09-28T20:02:22+00:00","breadcrumb":{"@id":"https:\/\/bien-etreiris.ch\/de\/produktpraesentation\/aromatherapie\/aetherische-oele\/menthes\/menthe-verte\/#breadcrumb"},"inLanguage":"de","potentialAction":[{"@type":"ReadAction","target":["https:\/\/bien-etreiris.ch\/de\/produktpraesentation\/aromatherapie\/aetherische-oele\/menthes\/menthe-verte\/"]}]},{"@type":"ImageObject","inLanguage":"de","@id":"https:\/\/bien-etreiris.ch\/de\/produktpraesentation\/aromatherapie\/aetherische-oele\/menthes\/menthe-verte\/#primaryimage","url":"https:\/\/bien-etreiris.ch\/wp-content\/uploads\/2024\/09\/acceuil-menthe-vert-1.png","contentUrl":"https:\/\/bien-etreiris.ch\/wp-content\/uploads\/2024\/09\/acceuil-menthe-vert-1.png","width":500,"height":305},{"@type":"BreadcrumbList","@id":"https:\/\/bien-etreiris.ch\/de\/produktpraesentation\/aromatherapie\/aetherische-oele\/menthes\/menthe-verte\/#breadcrumb","itemListElement":[{"@type":"ListItem","position":1,"name":"Home","item":"https:\/\/bien-etreiris.ch\/de\/"},{"@type":"ListItem","position":2,"name":"PRODUKTPR\u00c4SENTATION","item":"https:\/\/bien-etreiris.ch\/de\/produktpraesentation\/"},{"@type":"ListItem","position":3,"name":"AROMATHERAPIE","item":"https:\/\/bien-etreiris.ch\/de\/produktpraesentation\/aromatherapie\/"},{"@type":"ListItem","position":4,"name":"\u00c4THERISCHE \u00d6LE","item":"https:\/\/bien-etreiris.ch\/de\/produktpraesentation\/aromatherapie\/aetherische-oele\/"},{"@type":"ListItem","position":5,"name":"MENTHES","item":"https:\/\/bien-etreiris.ch\/de\/produktpraesentation\/aromatherapie\/aetherische-oele\/menthes\/"},{"@type":"ListItem","position":6,"name":"MENTHE VERTE"}]},{"@type":"WebSite","@id":"https:\/\/bien-etreiris.ch\/de\/#website","url":"https:\/\/bien-etreiris.ch\/de\/","name":"Bien-\u00eatre Iris","description":"IHRE Gesundheit ist uns wichtig","potentialAction":[{"@type":"SearchAction","target":{"@type":"EntryPoint","urlTemplate":"https:\/\/bien-etreiris.ch\/de\/?s={search_term_string}"},"query-input":{"@type":"PropertyValueSpecification","valueRequired":true,"valueName":"search_term_string"}}],"inLanguage":"de"}]}},"_links":{"self":[{"href":"https:\/\/bien-etreiris.ch\/de\/wp-json\/wp\/v2\/pages\/89809","targetHints":{"allow":["GET"]}}],"collection":[{"href":"https:\/\/bien-etreiris.ch\/de\/wp-json\/wp\/v2\/pages"}],"about":[{"href":"https:\/\/bien-etreiris.ch\/de\/wp-json\/wp\/v2\/types\/page"}],"author":[{"embeddable":true,"href":"https:\/\/bien-etreiris.ch\/de\/wp-json\/wp\/v2\/users\/1"}],"replies":[{"embeddable":true,"href":"https:\/\/bien-etreiris.ch\/de\/wp-json\/wp\/v2\/comments?post=89809"}],"version-history":[{"count":11,"href":"https:\/\/bien-etreiris.ch\/de\/wp-json\/wp\/v2\/pages\/89809\/revisions"}],"predecessor-version":[{"id":89984,"href":"https:\/\/bien-etreiris.ch\/de\/wp-json\/wp\/v2\/pages\/89809\/revisions\/89984"}],"up":[{"embeddable":true,"href":"https:\/\/bien-etreiris.ch\/de\/wp-json\/wp\/v2\/pages\/89732"}],"wp:featuredmedia":[{"embeddable":true,"href":"https:\/\/bien-etreiris.ch\/de\/wp-json\/wp\/v2\/media\/89910"}],"wp:attachment":[{"href":"https:\/\/bien-etreiris.ch\/de\/wp-json\/wp\/v2\/media?parent=89809"}],"curies":[{"name":"wp","href":"https:\/\/api.w.org\/{rel}","templated":true}]}}