{"id":89764,"date":"2024-09-27T20:17:14","date_gmt":"2024-09-27T18:17:14","guid":{"rendered":"https:\/\/bien-etreiris.ch\/menthes\/"},"modified":"2024-09-27T20:26:54","modified_gmt":"2024-09-27T18:26:54","slug":"menthes","status":"publish","type":"page","link":"https:\/\/bien-etreiris.ch\/de\/ratgeber-klarheit-beratung\/natuerliche-heilmittel\/pflanzenheilkunde\/aetherische-oele\/anwendungsleitfaden-fuer-aetherische-oele\/menthes\/","title":{"rendered":"MENTHES"},"content":{"rendered":"<div class=\"history-all vc_row\">\n<h2 id=\"cms-history\" class=\"h2-collapsable\">Les diff\u00e9rentes huiles essentielles de Menthes<\/h2>\n<\/div>\n<p>Les Menthes font partie de la famille botanique des Lamiac\u00e9es, charmante famille dans laquelle on retrouve aussi les romarins, les sauges ou les thyms par exemple. L'une des caract\u00e9ristiques de la Menthe est son hybridation facile. Dans la plupart des cas, il suffit de planter deux vari\u00e9t\u00e9s de Menthe ensembles, pour qu'un croisement apparaisse. Certaines contiennent principalement du menthol, d'autres sont compos\u00e9es principalement de carvone. Dans les deux cas, la Menthe n'aura pas du tout les m\u00eames vertus en aromath\u00e9rapie. Mais c\u2019est \u00e0 peu pr\u00e8s tout ce qu\u2019elles ont en commun ! A part la Menthe Poivr\u00e9e et la Menthe des Champs, qui se ressemblent, les autres huiles essentielles de menthe n\u2019ont pas les m\u00eames propri\u00e9t\u00e9s.<\/p>\n<div class=\"vc_row\">\n<div class=\"content-history\">\n<div class=\"history_block\">\n<div class=\"block-content\">\n<p>Menthe Poivr\u00e9e, Menthe Verte, Menthe des Champs, Menthe Citronn\u00e9e, Menthe Pouliot, Menthe \u00e0 longues feuilles, Menthe suaveolens?<\/p>\n<h4>Quelle huile essentielle pour quelle utilisation ?<\/h4>\n<\/div>\n<h4>Comment diff\u00e9rencier les huiles essentielles de Menthes !<\/h4>\n<\/div>\n<\/div>\n<\/div>\n","protected":false},"excerpt":{"rendered":"<p>Les diff\u00e9rentes huiles essentielles de Menthes Les Menthes font partie de la famille botanique des Lamiac\u00e9es, charmante famille dans laquelle on retrouve aussi les romarins, les sauges ou les thyms par exemple. L'une des caract\u00e9ristiques de la Menthe est son hybridation facile. Dans la plupart des cas, il suffit de planter deux vari\u00e9t\u00e9s de Menthe ensembles, pour qu'un croisement apparaisse.&nbsp;<a href=\"https:\/\/bien-etreiris.ch\/de\/ratgeber-klarheit-beratung\/natuerliche-heilmittel\/pflanzenheilkunde\/aetherische-oele\/anwendungsleitfaden-fuer-aetherische-oele\/menthes\/\" class=\"read-more\">Weiter lesen<\/a><\/p>\n","protected":false},"author":1,"featured_media":55728,"parent":62834,"menu_order":1286,"comment_status":"closed","ping_status":"closed","template":"page-with-child.php","meta":{"_acf_changed":false,"ngg_post_thumbnail":0,"footnotes":""},"class_list":["post-89764","page","type-page","status-publish","has-post-thumbnail","hentry"],"acf":[],"yoast_head":"<!-- This site is optimized with the Yoast SEO plugin v27.5 - https:\/\/yoast.com\/product\/yoast-seo-wordpress\/ -->\n<title>MENTHES - WOHLBEFINDEN<\/title>\n<meta name=\"robots\" content=\"index, follow, max-snippet:-1, max-image-preview:large, max-video-preview:-1\" \/>\n<link rel=\"canonical\" href=\"https:\/\/bien-etreiris.ch\/de\/ratgeber-klarheit-beratung\/natuerliche-heilmittel\/pflanzenheilkunde\/aetherische-oele\/anwendungsleitfaden-fuer-aetherische-oele\/menthes\/\" \/>\n<meta property=\"og:locale\" content=\"de_DE\" \/>\n<meta property=\"og:type\" content=\"article\" \/>\n<meta property=\"og:title\" content=\"MENTHES - WOHLBEFINDEN\" \/>\n<meta property=\"og:description\" content=\"Les diff\u00e9rentes huiles essentielles de Menthes Les Menthes font partie de la famille botanique des Lamiac\u00e9es, charmante famille dans laquelle on retrouve aussi les romarins, les sauges ou les thyms par exemple. L&#039;une des caract\u00e9ristiques de la Menthe est son hybridation facile. Dans la plupart des cas, il suffit de planter deux vari\u00e9t\u00e9s de Menthe ensembles, pour qu&#039;un croisement apparaisse.&nbsp;Weiter lesen\" \/>\n<meta property=\"og:url\" content=\"https:\/\/bien-etreiris.ch\/de\/ratgeber-klarheit-beratung\/natuerliche-heilmittel\/pflanzenheilkunde\/aetherische-oele\/anwendungsleitfaden-fuer-aetherische-oele\/menthes\/\" \/>\n<meta property=\"og:site_name\" content=\"WOHLBEFINDEN\" \/>\n<meta property=\"article:publisher\" content=\"https:\/\/www.facebook.com\/bienetreiris\/\" \/>\n<meta property=\"article:modified_time\" content=\"2024-09-27T18:26:54+00:00\" \/>\n<meta property=\"og:image\" content=\"https:\/\/bien-etreiris.ch\/wp-content\/uploads\/2022\/05\/Acceuil.jpg\" \/>\n\t<meta property=\"og:image:width\" content=\"500\" \/>\n\t<meta property=\"og:image:height\" content=\"332\" \/>\n\t<meta property=\"og:image:type\" content=\"image\/jpeg\" \/>\n<meta name=\"twitter:label1\" content=\"Gesch\u00e4tzte Lesezeit\" \/>\n\t<meta name=\"twitter:data1\" content=\"1\u00a0Minute\" \/>\n<script type=\"application\/ld+json\" class=\"yoast-schema-graph\">{\"@context\":\"https:\\\/\\\/schema.org\",\"@graph\":[{\"@type\":\"WebPage\",\"@id\":\"https:\\\/\\\/bien-etreiris.ch\\\/de\\\/ratgeber-klarheit-beratung\\\/natuerliche-heilmittel\\\/pflanzenheilkunde\\\/aetherische-oele\\\/anwendungsleitfaden-fuer-aetherische-oele\\\/menthes\\\/\",\"url\":\"https:\\\/\\\/bien-etreiris.ch\\\/de\\\/ratgeber-klarheit-beratung\\\/natuerliche-heilmittel\\\/pflanzenheilkunde\\\/aetherische-oele\\\/anwendungsleitfaden-fuer-aetherische-oele\\\/menthes\\\/\",\"name\":\"MENTHES - WOHLBEFINDEN\",\"isPartOf\":{\"@id\":\"https:\\\/\\\/bien-etreiris.ch\\\/de\\\/#website\"},\"primaryImageOfPage\":{\"@id\":\"https:\\\/\\\/bien-etreiris.ch\\\/de\\\/ratgeber-klarheit-beratung\\\/natuerliche-heilmittel\\\/pflanzenheilkunde\\\/aetherische-oele\\\/anwendungsleitfaden-fuer-aetherische-oele\\\/menthes\\\/#primaryimage\"},\"image\":{\"@id\":\"https:\\\/\\\/bien-etreiris.ch\\\/de\\\/ratgeber-klarheit-beratung\\\/natuerliche-heilmittel\\\/pflanzenheilkunde\\\/aetherische-oele\\\/anwendungsleitfaden-fuer-aetherische-oele\\\/menthes\\\/#primaryimage\"},\"thumbnailUrl\":\"https:\\\/\\\/bien-etreiris.ch\\\/wp-content\\\/uploads\\\/2022\\\/05\\\/Acceuil.jpg\",\"datePublished\":\"2024-09-27T18:17:14+00:00\",\"dateModified\":\"2024-09-27T18:26:54+00:00\",\"breadcrumb\":{\"@id\":\"https:\\\/\\\/bien-etreiris.ch\\\/de\\\/ratgeber-klarheit-beratung\\\/natuerliche-heilmittel\\\/pflanzenheilkunde\\\/aetherische-oele\\\/anwendungsleitfaden-fuer-aetherische-oele\\\/menthes\\\/#breadcrumb\"},\"inLanguage\":\"de\",\"potentialAction\":[{\"@type\":\"ReadAction\",\"target\":[\"https:\\\/\\\/bien-etreiris.ch\\\/de\\\/ratgeber-klarheit-beratung\\\/natuerliche-heilmittel\\\/pflanzenheilkunde\\\/aetherische-oele\\\/anwendungsleitfaden-fuer-aetherische-oele\\\/menthes\\\/\"]}]},{\"@type\":\"ImageObject\",\"inLanguage\":\"de\",\"@id\":\"https:\\\/\\\/bien-etreiris.ch\\\/de\\\/ratgeber-klarheit-beratung\\\/natuerliche-heilmittel\\\/pflanzenheilkunde\\\/aetherische-oele\\\/anwendungsleitfaden-fuer-aetherische-oele\\\/menthes\\\/#primaryimage\",\"url\":\"https:\\\/\\\/bien-etreiris.ch\\\/wp-content\\\/uploads\\\/2022\\\/05\\\/Acceuil.jpg\",\"contentUrl\":\"https:\\\/\\\/bien-etreiris.ch\\\/wp-content\\\/uploads\\\/2022\\\/05\\\/Acceuil.jpg\",\"width\":500,\"height\":332},{\"@type\":\"BreadcrumbList\",\"@id\":\"https:\\\/\\\/bien-etreiris.ch\\\/de\\\/ratgeber-klarheit-beratung\\\/natuerliche-heilmittel\\\/pflanzenheilkunde\\\/aetherische-oele\\\/anwendungsleitfaden-fuer-aetherische-oele\\\/menthes\\\/#breadcrumb\",\"itemListElement\":[{\"@type\":\"ListItem\",\"position\":1,\"name\":\"Home\",\"item\":\"https:\\\/\\\/bien-etreiris.ch\\\/de\\\/\"},{\"@type\":\"ListItem\",\"position\":2,\"name\":\"RATGEBER &#038; KLARHEIT\",\"item\":\"https:\\\/\\\/bien-etreiris.ch\\\/de\\\/ratgeber-klarheit-beratung\\\/\"},{\"@type\":\"ListItem\",\"position\":3,\"name\":\"NAT\u00dcRLICHE SUBSTANZEN\",\"item\":\"https:\\\/\\\/bien-etreiris.ch\\\/de\\\/ratgeber-klarheit-beratung\\\/natuerliche-heilmittel\\\/\"},{\"@type\":\"ListItem\",\"position\":4,\"name\":\"PFLANZENHEILKUNDE\",\"item\":\"https:\\\/\\\/bien-etreiris.ch\\\/de\\\/ratgeber-klarheit-beratung\\\/pflanzenheilkunde\\\/\"},{\"@type\":\"ListItem\",\"position\":5,\"name\":\"\u00c4THERISCHE \u00d6LE\",\"item\":\"https:\\\/\\\/bien-etreiris.ch\\\/de\\\/ratgeber-klarheit-beratung\\\/pflanzenheilkunde\\\/aetherische-oele\\\/\"},{\"@type\":\"ListItem\",\"position\":6,\"name\":\"ANLEITUNGSLEITFADEN\",\"item\":\"https:\\\/\\\/bien-etreiris.ch\\\/de\\\/ratgeber-klarheit-beratung\\\/natuerliche-heilmittel\\\/pflanzenheilkunde\\\/aetherische-oele\\\/anwendungsleitfaden-fuer-aetherische-oele\\\/\"},{\"@type\":\"ListItem\",\"position\":7,\"name\":\"MENTHES\"}]},{\"@type\":\"WebSite\",\"@id\":\"https:\\\/\\\/bien-etreiris.ch\\\/de\\\/#website\",\"url\":\"https:\\\/\\\/bien-etreiris.ch\\\/de\\\/\",\"name\":\"Bien-\u00eatre Iris\",\"description\":\"IHRE Gesundheit ist uns wichtig\",\"potentialAction\":[{\"@type\":\"SearchAction\",\"target\":{\"@type\":\"EntryPoint\",\"urlTemplate\":\"https:\\\/\\\/bien-etreiris.ch\\\/de\\\/?s={search_term_string}\"},\"query-input\":{\"@type\":\"PropertyValueSpecification\",\"valueRequired\":true,\"valueName\":\"search_term_string\"}}],\"inLanguage\":\"de\"}]}<\/script>\n<!-- \/ Yoast SEO plugin. -->","yoast_head_json":{"title":"MENTHES - WOHLBEFINDEN","robots":{"index":"index","follow":"follow","max-snippet":"max-snippet:-1","max-image-preview":"max-image-preview:large","max-video-preview":"max-video-preview:-1"},"canonical":"https:\/\/bien-etreiris.ch\/de\/ratgeber-klarheit-beratung\/natuerliche-heilmittel\/pflanzenheilkunde\/aetherische-oele\/anwendungsleitfaden-fuer-aetherische-oele\/menthes\/","og_locale":"de_DE","og_type":"article","og_title":"MENTHES - WOHLBEFINDEN","og_description":"Les diff\u00e9rentes huiles essentielles de Menthes Les Menthes font partie de la famille botanique des Lamiac\u00e9es, charmante famille dans laquelle on retrouve aussi les romarins, les sauges ou les thyms par exemple. L'une des caract\u00e9ristiques de la Menthe est son hybridation facile. Dans la plupart des cas, il suffit de planter deux vari\u00e9t\u00e9s de Menthe ensembles, pour qu'un croisement apparaisse.&nbsp;Weiter lesen","og_url":"https:\/\/bien-etreiris.ch\/de\/ratgeber-klarheit-beratung\/natuerliche-heilmittel\/pflanzenheilkunde\/aetherische-oele\/anwendungsleitfaden-fuer-aetherische-oele\/menthes\/","og_site_name":"WOHLBEFINDEN","article_publisher":"https:\/\/www.facebook.com\/bienetreiris\/","article_modified_time":"2024-09-27T18:26:54+00:00","og_image":[{"width":500,"height":332,"url":"https:\/\/bien-etreiris.ch\/wp-content\/uploads\/2022\/05\/Acceuil.jpg","type":"image\/jpeg"}],"twitter_misc":{"Gesch\u00e4tzte Lesezeit":"1\u00a0Minute"},"schema":{"@context":"https:\/\/schema.org","@graph":[{"@type":"WebPage","@id":"https:\/\/bien-etreiris.ch\/de\/ratgeber-klarheit-beratung\/natuerliche-heilmittel\/pflanzenheilkunde\/aetherische-oele\/anwendungsleitfaden-fuer-aetherische-oele\/menthes\/","url":"https:\/\/bien-etreiris.ch\/de\/ratgeber-klarheit-beratung\/natuerliche-heilmittel\/pflanzenheilkunde\/aetherische-oele\/anwendungsleitfaden-fuer-aetherische-oele\/menthes\/","name":"MENTHES - WOHLBEFINDEN","isPartOf":{"@id":"https:\/\/bien-etreiris.ch\/de\/#website"},"primaryImageOfPage":{"@id":"https:\/\/bien-etreiris.ch\/de\/ratgeber-klarheit-beratung\/natuerliche-heilmittel\/pflanzenheilkunde\/aetherische-oele\/anwendungsleitfaden-fuer-aetherische-oele\/menthes\/#primaryimage"},"image":{"@id":"https:\/\/bien-etreiris.ch\/de\/ratgeber-klarheit-beratung\/natuerliche-heilmittel\/pflanzenheilkunde\/aetherische-oele\/anwendungsleitfaden-fuer-aetherische-oele\/menthes\/#primaryimage"},"thumbnailUrl":"https:\/\/bien-etreiris.ch\/wp-content\/uploads\/2022\/05\/Acceuil.jpg","datePublished":"2024-09-27T18:17:14+00:00","dateModified":"2024-09-27T18:26:54+00:00","breadcrumb":{"@id":"https:\/\/bien-etreiris.ch\/de\/ratgeber-klarheit-beratung\/natuerliche-heilmittel\/pflanzenheilkunde\/aetherische-oele\/anwendungsleitfaden-fuer-aetherische-oele\/menthes\/#breadcrumb"},"inLanguage":"de","potentialAction":[{"@type":"ReadAction","target":["https:\/\/bien-etreiris.ch\/de\/ratgeber-klarheit-beratung\/natuerliche-heilmittel\/pflanzenheilkunde\/aetherische-oele\/anwendungsleitfaden-fuer-aetherische-oele\/menthes\/"]}]},{"@type":"ImageObject","inLanguage":"de","@id":"https:\/\/bien-etreiris.ch\/de\/ratgeber-klarheit-beratung\/natuerliche-heilmittel\/pflanzenheilkunde\/aetherische-oele\/anwendungsleitfaden-fuer-aetherische-oele\/menthes\/#primaryimage","url":"https:\/\/bien-etreiris.ch\/wp-content\/uploads\/2022\/05\/Acceuil.jpg","contentUrl":"https:\/\/bien-etreiris.ch\/wp-content\/uploads\/2022\/05\/Acceuil.jpg","width":500,"height":332},{"@type":"BreadcrumbList","@id":"https:\/\/bien-etreiris.ch\/de\/ratgeber-klarheit-beratung\/natuerliche-heilmittel\/pflanzenheilkunde\/aetherische-oele\/anwendungsleitfaden-fuer-aetherische-oele\/menthes\/#breadcrumb","itemListElement":[{"@type":"ListItem","position":1,"name":"Home","item":"https:\/\/bien-etreiris.ch\/de\/"},{"@type":"ListItem","position":2,"name":"RATGEBER &#038; KLARHEIT","item":"https:\/\/bien-etreiris.ch\/de\/ratgeber-klarheit-beratung\/"},{"@type":"ListItem","position":3,"name":"NAT\u00dcRLICHE SUBSTANZEN","item":"https:\/\/bien-etreiris.ch\/de\/ratgeber-klarheit-beratung\/natuerliche-heilmittel\/"},{"@type":"ListItem","position":4,"name":"PFLANZENHEILKUNDE","item":"https:\/\/bien-etreiris.ch\/de\/ratgeber-klarheit-beratung\/pflanzenheilkunde\/"},{"@type":"ListItem","position":5,"name":"\u00c4THERISCHE \u00d6LE","item":"https:\/\/bien-etreiris.ch\/de\/ratgeber-klarheit-beratung\/pflanzenheilkunde\/aetherische-oele\/"},{"@type":"ListItem","position":6,"name":"ANLEITUNGSLEITFADEN","item":"https:\/\/bien-etreiris.ch\/de\/ratgeber-klarheit-beratung\/natuerliche-heilmittel\/pflanzenheilkunde\/aetherische-oele\/anwendungsleitfaden-fuer-aetherische-oele\/"},{"@type":"ListItem","position":7,"name":"MENTHES"}]},{"@type":"WebSite","@id":"https:\/\/bien-etreiris.ch\/de\/#website","url":"https:\/\/bien-etreiris.ch\/de\/","name":"Bien-\u00eatre Iris","description":"IHRE Gesundheit ist uns wichtig","potentialAction":[{"@type":"SearchAction","target":{"@type":"EntryPoint","urlTemplate":"https:\/\/bien-etreiris.ch\/de\/?s={search_term_string}"},"query-input":{"@type":"PropertyValueSpecification","valueRequired":true,"valueName":"search_term_string"}}],"inLanguage":"de"}]}},"_links":{"self":[{"href":"https:\/\/bien-etreiris.ch\/de\/wp-json\/wp\/v2\/pages\/89764","targetHints":{"allow":["GET"]}}],"collection":[{"href":"https:\/\/bien-etreiris.ch\/de\/wp-json\/wp\/v2\/pages"}],"about":[{"href":"https:\/\/bien-etreiris.ch\/de\/wp-json\/wp\/v2\/types\/page"}],"author":[{"embeddable":true,"href":"https:\/\/bien-etreiris.ch\/de\/wp-json\/wp\/v2\/users\/1"}],"replies":[{"embeddable":true,"href":"https:\/\/bien-etreiris.ch\/de\/wp-json\/wp\/v2\/comments?post=89764"}],"version-history":[{"count":1,"href":"https:\/\/bien-etreiris.ch\/de\/wp-json\/wp\/v2\/pages\/89764\/revisions"}],"predecessor-version":[{"id":89768,"href":"https:\/\/bien-etreiris.ch\/de\/wp-json\/wp\/v2\/pages\/89764\/revisions\/89768"}],"up":[{"embeddable":true,"href":"https:\/\/bien-etreiris.ch\/de\/wp-json\/wp\/v2\/pages\/62834"}],"wp:featuredmedia":[{"embeddable":true,"href":"https:\/\/bien-etreiris.ch\/de\/wp-json\/wp\/v2\/media\/55728"}],"wp:attachment":[{"href":"https:\/\/bien-etreiris.ch\/de\/wp-json\/wp\/v2\/media?parent=89764"}],"curies":[{"name":"wp","href":"https:\/\/api.w.org\/{rel}","templated":true}]}}