{"id":89523,"date":"2024-09-20T08:50:12","date_gmt":"2024-09-20T06:50:12","guid":{"rendered":"https:\/\/bien-etreiris.ch\/unsere-marken\/goliate\/"},"modified":"2024-09-20T08:51:26","modified_gmt":"2024-09-20T06:51:26","slug":"goliate","status":"publish","type":"page","link":"https:\/\/bien-etreiris.ch\/de\/unsere-marken\/goliate\/","title":{"rendered":"GOLIATE"},"content":{"rendered":"\n<h2>Goliate<\/h2>\n\n\n\n<p><a href=\"https:\/\/bien-etreiris.ch\/de\/unsere-marken\/goliate\/goliate-grand-feuille-2\/\" rel=\"attachment wp-att-89517\"><img loading=\"lazy\" decoding=\"async\" class=\"alignnone  wp-image-89517\" src=\"https:\/\/bien-etreiris.ch\/wp-content\/uploads\/2024\/09\/Goliate-grand-feuille-.jpg\" alt=\"\" width=\"916\" height=\"301\" srcset=\"https:\/\/bien-etreiris.ch\/wp-content\/uploads\/2024\/09\/Goliate-grand-feuille-.jpg 1826w, https:\/\/bien-etreiris.ch\/wp-content\/uploads\/2024\/09\/Goliate-grand-feuille--300x99.jpg 300w, https:\/\/bien-etreiris.ch\/wp-content\/uploads\/2024\/09\/Goliate-grand-feuille--1024x336.jpg 1024w, https:\/\/bien-etreiris.ch\/wp-content\/uploads\/2024\/09\/Goliate-grand-feuille--768x252.jpg 768w, https:\/\/bien-etreiris.ch\/wp-content\/uploads\/2024\/09\/Goliate-grand-feuille--1536x505.jpg 1536w\" sizes=\"auto, (max-width: 916px) 100vw, 916px\" \/><\/a><\/p>\n\n\n<div class=\"grid-content grid-content__column grid-content__column--template--19070045946202__1313be28-e39b-4542-9f19-8d37a95e64c7-16861273260ede2cc0-0\">\n<div class=\"rich-text__wrapper rich-text__wrapper--template--19070045946202__1313be28-e39b-4542-9f19-8d37a95e64c7-16861273260ede2cc0-0\">\n<div class=\"rich-text__content text-md\">\n<div class=\"wysiwyg\">\n<h3>&nbsp;<\/h3>\n<h3><strong>Better sex. Better life.<\/strong><\/h3>\n<p>Morgan, fondateur de Goliate:<br><em><strong>\"J'ai tard\u00e9 \u00e0 assumer ma sexualit\u00e9. Alors j'ai d\u00e9cid\u00e9 de cr\u00e9er les meilleurs produits pour aider les autres \u00e0 d\u00e9couvrir la leur. Avec Goliate, on r\u00e9volutionne ton intimit\u00e9 par les plantes\". <\/strong><\/em><\/p>\n<p><em><strong><br><\/strong><\/em>Chez Goliate nous sommes convaincus que <strong>le bonheur passe par l'\u00e9panouissement intime.<\/strong><\/p>\n<p>Et parce que la sexualit\u00e9 doit aussi \u00eatre engag\u00e9e, nous avons fait le choix du <strong>certifi\u00e9 bio<\/strong>, <strong>la meilleure qualit\u00e9 pour votre intimit\u00e9.<\/strong><\/p>\n<p>Notre d\u00e9marche cosm\u00e9tique t\u00e9moigne d\u2019une conception du bien-\u00eatre qui se rapproche de l' <strong>ayurv\u00e9dique<\/strong>. Le principe : n\u2019appliquez sur la peau que des mati\u00e8res que vous pourriez manger. Ainsi, nos gels et lubrifiants naturels sont v\u00e9gan, certifi\u00e9s bio et fabriqu\u00e9s en Occitanie par un laboratoire familial qui cultive ses propres plantes localement, de fa\u00e7on \u00e0 favoriser les circuits courts.<\/p>\n<p>Au-del\u00e0 de nos accessoires et produits intimes, c\u2019est un v\u00e9ritable accompagnement que nous proposons \u00e0 notre communaut\u00e9, avec des contenus exclusifs pour les <strong>accompagner dans la d\u00e9couverte de leur sexualit\u00e9.<\/strong><\/p>\n<\/div>\n<\/div>\n<\/div>\n<\/div>","protected":false},"excerpt":{"rendered":"<p>Goliate &nbsp; Better sex. Better life. Morgan, fondateur de Goliate:\"J'ai tard\u00e9 \u00e0 assumer ma sexualit\u00e9. Alors j'ai d\u00e9cid\u00e9 de cr\u00e9er les meilleurs produits pour aider les autres \u00e0 d\u00e9couvrir la leur. Avec Goliate, on r\u00e9volutionne ton intimit\u00e9 par les plantes\". Chez Goliate nous sommes convaincus que le bonheur passe par l'\u00e9panouissement intime. Et parce que la sexualit\u00e9 doit aussi \u00eatre&nbsp;<a href=\"https:\/\/bien-etreiris.ch\/de\/unsere-marken\/goliate\/\" class=\"read-more\">Weiter lesen<\/a><\/p>\n","protected":false},"author":1,"featured_media":89516,"parent":44406,"menu_order":1301,"comment_status":"closed","ping_status":"closed","template":"page-with-child.php","meta":{"_acf_changed":false,"ngg_post_thumbnail":0,"footnotes":""},"class_list":["post-89523","page","type-page","status-publish","has-post-thumbnail","hentry"],"acf":[],"yoast_head":"<!-- This site is optimized with the Yoast SEO plugin v27.4 - https:\/\/yoast.com\/product\/yoast-seo-wordpress\/ -->\n<title>GOLIATE - WOHLBEFINDEN<\/title>\n<meta name=\"robots\" content=\"index, follow, max-snippet:-1, max-image-preview:large, max-video-preview:-1\" \/>\n<link rel=\"canonical\" href=\"https:\/\/bien-etreiris.ch\/de\/unsere-marken\/goliate\/\" \/>\n<meta property=\"og:locale\" content=\"de_DE\" \/>\n<meta property=\"og:type\" content=\"article\" \/>\n<meta property=\"og:title\" content=\"GOLIATE - WOHLBEFINDEN\" \/>\n<meta property=\"og:description\" content=\"Goliate &nbsp; Better sex. Better life. Morgan, fondateur de Goliate:&quot;J&#039;ai tard\u00e9 \u00e0 assumer ma sexualit\u00e9. Alors j&#039;ai d\u00e9cid\u00e9 de cr\u00e9er les meilleurs produits pour aider les autres \u00e0 d\u00e9couvrir la leur. Avec Goliate, on r\u00e9volutionne ton intimit\u00e9 par les plantes&quot;. Chez Goliate nous sommes convaincus que le bonheur passe par l&#039;\u00e9panouissement intime. Et parce que la sexualit\u00e9 doit aussi \u00eatre&nbsp;Weiter lesen\" \/>\n<meta property=\"og:url\" content=\"https:\/\/bien-etreiris.ch\/de\/unsere-marken\/goliate\/\" \/>\n<meta property=\"og:site_name\" content=\"WOHLBEFINDEN\" \/>\n<meta property=\"article:publisher\" content=\"https:\/\/www.facebook.com\/bienetreiris\/\" \/>\n<meta property=\"article:modified_time\" content=\"2024-09-20T06:51:26+00:00\" \/>\n<meta property=\"og:image\" content=\"https:\/\/bien-etreiris.ch\/wp-content\/uploads\/2024\/09\/Goliate.jpg\" \/>\n\t<meta property=\"og:image:width\" content=\"500\" \/>\n\t<meta property=\"og:image:height\" content=\"333\" \/>\n\t<meta property=\"og:image:type\" content=\"image\/jpeg\" \/>\n<meta name=\"twitter:label1\" content=\"Gesch\u00e4tzte Lesezeit\" \/>\n\t<meta name=\"twitter:data1\" content=\"2\u00a0Minuten\" \/>\n<script type=\"application\/ld+json\" class=\"yoast-schema-graph\">{\"@context\":\"https:\\\/\\\/schema.org\",\"@graph\":[{\"@type\":\"WebPage\",\"@id\":\"https:\\\/\\\/bien-etreiris.ch\\\/de\\\/unsere-marken\\\/goliate\\\/\",\"url\":\"https:\\\/\\\/bien-etreiris.ch\\\/de\\\/unsere-marken\\\/goliate\\\/\",\"name\":\"GOLIATE - WOHLBEFINDEN\",\"isPartOf\":{\"@id\":\"https:\\\/\\\/bien-etreiris.ch\\\/de\\\/#website\"},\"primaryImageOfPage\":{\"@id\":\"https:\\\/\\\/bien-etreiris.ch\\\/de\\\/unsere-marken\\\/goliate\\\/#primaryimage\"},\"image\":{\"@id\":\"https:\\\/\\\/bien-etreiris.ch\\\/de\\\/unsere-marken\\\/goliate\\\/#primaryimage\"},\"thumbnailUrl\":\"https:\\\/\\\/bien-etreiris.ch\\\/wp-content\\\/uploads\\\/2024\\\/09\\\/Goliate.jpg\",\"datePublished\":\"2024-09-20T06:50:12+00:00\",\"dateModified\":\"2024-09-20T06:51:26+00:00\",\"breadcrumb\":{\"@id\":\"https:\\\/\\\/bien-etreiris.ch\\\/de\\\/unsere-marken\\\/goliate\\\/#breadcrumb\"},\"inLanguage\":\"de\",\"potentialAction\":[{\"@type\":\"ReadAction\",\"target\":[\"https:\\\/\\\/bien-etreiris.ch\\\/de\\\/unsere-marken\\\/goliate\\\/\"]}]},{\"@type\":\"ImageObject\",\"inLanguage\":\"de\",\"@id\":\"https:\\\/\\\/bien-etreiris.ch\\\/de\\\/unsere-marken\\\/goliate\\\/#primaryimage\",\"url\":\"https:\\\/\\\/bien-etreiris.ch\\\/wp-content\\\/uploads\\\/2024\\\/09\\\/Goliate.jpg\",\"contentUrl\":\"https:\\\/\\\/bien-etreiris.ch\\\/wp-content\\\/uploads\\\/2024\\\/09\\\/Goliate.jpg\",\"width\":500,\"height\":333},{\"@type\":\"BreadcrumbList\",\"@id\":\"https:\\\/\\\/bien-etreiris.ch\\\/de\\\/unsere-marken\\\/goliate\\\/#breadcrumb\",\"itemListElement\":[{\"@type\":\"ListItem\",\"position\":1,\"name\":\"Home\",\"item\":\"https:\\\/\\\/bien-etreiris.ch\\\/de\\\/\"},{\"@type\":\"ListItem\",\"position\":2,\"name\":\"UNSERE MARKEN\",\"item\":\"https:\\\/\\\/bien-etreiris.ch\\\/de\\\/unsere-marken\\\/\"},{\"@type\":\"ListItem\",\"position\":3,\"name\":\"GOLIATE\"}]},{\"@type\":\"WebSite\",\"@id\":\"https:\\\/\\\/bien-etreiris.ch\\\/de\\\/#website\",\"url\":\"https:\\\/\\\/bien-etreiris.ch\\\/de\\\/\",\"name\":\"Bien-\u00eatre Iris\",\"description\":\"IHRE Gesundheit ist uns wichtig\",\"potentialAction\":[{\"@type\":\"SearchAction\",\"target\":{\"@type\":\"EntryPoint\",\"urlTemplate\":\"https:\\\/\\\/bien-etreiris.ch\\\/de\\\/?s={search_term_string}\"},\"query-input\":{\"@type\":\"PropertyValueSpecification\",\"valueRequired\":true,\"valueName\":\"search_term_string\"}}],\"inLanguage\":\"de\"}]}<\/script>\n<!-- \/ Yoast SEO plugin. -->","yoast_head_json":{"title":"GOLIATE - WOHLBEFINDEN","robots":{"index":"index","follow":"follow","max-snippet":"max-snippet:-1","max-image-preview":"max-image-preview:large","max-video-preview":"max-video-preview:-1"},"canonical":"https:\/\/bien-etreiris.ch\/de\/unsere-marken\/goliate\/","og_locale":"de_DE","og_type":"article","og_title":"GOLIATE - WOHLBEFINDEN","og_description":"Goliate &nbsp; Better sex. Better life. Morgan, fondateur de Goliate:\"J'ai tard\u00e9 \u00e0 assumer ma sexualit\u00e9. Alors j'ai d\u00e9cid\u00e9 de cr\u00e9er les meilleurs produits pour aider les autres \u00e0 d\u00e9couvrir la leur. Avec Goliate, on r\u00e9volutionne ton intimit\u00e9 par les plantes\". Chez Goliate nous sommes convaincus que le bonheur passe par l'\u00e9panouissement intime. Et parce que la sexualit\u00e9 doit aussi \u00eatre&nbsp;Weiter lesen","og_url":"https:\/\/bien-etreiris.ch\/de\/unsere-marken\/goliate\/","og_site_name":"WOHLBEFINDEN","article_publisher":"https:\/\/www.facebook.com\/bienetreiris\/","article_modified_time":"2024-09-20T06:51:26+00:00","og_image":[{"width":500,"height":333,"url":"https:\/\/bien-etreiris.ch\/wp-content\/uploads\/2024\/09\/Goliate.jpg","type":"image\/jpeg"}],"twitter_misc":{"Gesch\u00e4tzte Lesezeit":"2\u00a0Minuten"},"schema":{"@context":"https:\/\/schema.org","@graph":[{"@type":"WebPage","@id":"https:\/\/bien-etreiris.ch\/de\/unsere-marken\/goliate\/","url":"https:\/\/bien-etreiris.ch\/de\/unsere-marken\/goliate\/","name":"GOLIATE - WOHLBEFINDEN","isPartOf":{"@id":"https:\/\/bien-etreiris.ch\/de\/#website"},"primaryImageOfPage":{"@id":"https:\/\/bien-etreiris.ch\/de\/unsere-marken\/goliate\/#primaryimage"},"image":{"@id":"https:\/\/bien-etreiris.ch\/de\/unsere-marken\/goliate\/#primaryimage"},"thumbnailUrl":"https:\/\/bien-etreiris.ch\/wp-content\/uploads\/2024\/09\/Goliate.jpg","datePublished":"2024-09-20T06:50:12+00:00","dateModified":"2024-09-20T06:51:26+00:00","breadcrumb":{"@id":"https:\/\/bien-etreiris.ch\/de\/unsere-marken\/goliate\/#breadcrumb"},"inLanguage":"de","potentialAction":[{"@type":"ReadAction","target":["https:\/\/bien-etreiris.ch\/de\/unsere-marken\/goliate\/"]}]},{"@type":"ImageObject","inLanguage":"de","@id":"https:\/\/bien-etreiris.ch\/de\/unsere-marken\/goliate\/#primaryimage","url":"https:\/\/bien-etreiris.ch\/wp-content\/uploads\/2024\/09\/Goliate.jpg","contentUrl":"https:\/\/bien-etreiris.ch\/wp-content\/uploads\/2024\/09\/Goliate.jpg","width":500,"height":333},{"@type":"BreadcrumbList","@id":"https:\/\/bien-etreiris.ch\/de\/unsere-marken\/goliate\/#breadcrumb","itemListElement":[{"@type":"ListItem","position":1,"name":"Home","item":"https:\/\/bien-etreiris.ch\/de\/"},{"@type":"ListItem","position":2,"name":"UNSERE MARKEN","item":"https:\/\/bien-etreiris.ch\/de\/unsere-marken\/"},{"@type":"ListItem","position":3,"name":"GOLIATE"}]},{"@type":"WebSite","@id":"https:\/\/bien-etreiris.ch\/de\/#website","url":"https:\/\/bien-etreiris.ch\/de\/","name":"Bien-\u00eatre Iris","description":"IHRE Gesundheit ist uns wichtig","potentialAction":[{"@type":"SearchAction","target":{"@type":"EntryPoint","urlTemplate":"https:\/\/bien-etreiris.ch\/de\/?s={search_term_string}"},"query-input":{"@type":"PropertyValueSpecification","valueRequired":true,"valueName":"search_term_string"}}],"inLanguage":"de"}]}},"_links":{"self":[{"href":"https:\/\/bien-etreiris.ch\/de\/wp-json\/wp\/v2\/pages\/89523","targetHints":{"allow":["GET"]}}],"collection":[{"href":"https:\/\/bien-etreiris.ch\/de\/wp-json\/wp\/v2\/pages"}],"about":[{"href":"https:\/\/bien-etreiris.ch\/de\/wp-json\/wp\/v2\/types\/page"}],"author":[{"embeddable":true,"href":"https:\/\/bien-etreiris.ch\/de\/wp-json\/wp\/v2\/users\/1"}],"replies":[{"embeddable":true,"href":"https:\/\/bien-etreiris.ch\/de\/wp-json\/wp\/v2\/comments?post=89523"}],"version-history":[{"count":1,"href":"https:\/\/bien-etreiris.ch\/de\/wp-json\/wp\/v2\/pages\/89523\/revisions"}],"predecessor-version":[{"id":89526,"href":"https:\/\/bien-etreiris.ch\/de\/wp-json\/wp\/v2\/pages\/89523\/revisions\/89526"}],"up":[{"embeddable":true,"href":"https:\/\/bien-etreiris.ch\/de\/wp-json\/wp\/v2\/pages\/44406"}],"wp:featuredmedia":[{"embeddable":true,"href":"https:\/\/bien-etreiris.ch\/de\/wp-json\/wp\/v2\/media\/89516"}],"wp:attachment":[{"href":"https:\/\/bien-etreiris.ch\/de\/wp-json\/wp\/v2\/media?parent=89523"}],"curies":[{"name":"wp","href":"https:\/\/api.w.org\/{rel}","templated":true}]}}