{"id":89502,"date":"2024-09-19T17:16:58","date_gmt":"2024-09-19T15:16:58","guid":{"rendered":"https:\/\/bien-etreiris.ch\/unsere-marken\/silicium\/"},"modified":"2024-09-19T17:22:52","modified_gmt":"2024-09-19T15:22:52","slug":"silicium","status":"publish","type":"page","link":"https:\/\/bien-etreiris.ch\/de\/unsere-marken\/silicium\/","title":{"rendered":"SILICIUM"},"content":{"rendered":"<h2>Silicium Laboratoires<\/h2>\n<p><a href=\"https:\/\/bien-etreiris.ch\/de\/unsere-marken\/silicium\/silicium-presentation-2\/\" rel=\"attachment wp-att-89493\"><img loading=\"lazy\" decoding=\"async\" class=\"alignnone size-full wp-image-89493\" src=\"https:\/\/bien-etreiris.ch\/wp-content\/uploads\/2024\/09\/Silicium-presentation-.jpg\" alt=\"\" width=\"1150\" height=\"200\" srcset=\"https:\/\/bien-etreiris.ch\/wp-content\/uploads\/2024\/09\/Silicium-presentation-.jpg 1150w, https:\/\/bien-etreiris.ch\/wp-content\/uploads\/2024\/09\/Silicium-presentation--300x52.jpg 300w, https:\/\/bien-etreiris.ch\/wp-content\/uploads\/2024\/09\/Silicium-presentation--1024x178.jpg 1024w, https:\/\/bien-etreiris.ch\/wp-content\/uploads\/2024\/09\/Silicium-presentation--768x134.jpg 768w\" sizes=\"auto, (max-width: 1150px) 100vw, 1150px\" \/><\/a><\/p>\n<div class=\"vc_row wpb_row vc_row-fluid\">\n<div class=\"vc_col-sm-12 wpb_column vc_column_container\">\n<div class=\"vc_column-inner \">\n<div class=\"wpb_wrapper\">\n<div class=\"wpb_text_column wpb_content_element \">\n<div class=\"wpb_wrapper\">\n<h2>Wer sind wir?<\/h2>\n<\/div>\n<\/div>\n<div class=\"wpb_text_column wpb_content_element \">\n<div class=\"wpb_wrapper\">\n<div>Silicium Laboratoires ist ein 2003 gegr\u00fcndetes spanisches Unternehmen, das sich der Produktion, Entwicklung und Forschung von nat\u00fcrlichen Nahrungserg\u00e4nzungsmitteln und Kosmetika auf der Basis von <strong>organischem Silizium<\/strong>nach der Formel Silicium G5 von <strong>Lo\u00efc Le Ribault <\/strong>widmet. Heute, sechzehn Jahre sp\u00e4ter, exportieren wir in mehr als 50 L\u00e4nder und sind auf f\u00fcnf Kontinenten vertreten.Dank des Vertrauens und der Loyalit\u00e4t, die unsere Kunden den Produkten, der Philosophie und den Grunds\u00e4tzen des Unternehmens und dem Erbe von Lo\u00efc Le Ribault entgegenbringen, sind wir ein Unternehmen in st\u00e4ndigem Wachstum.<\/p>\n<p>Wir exportieren nach Europa, Afrika, Asien-Pazifik, in die Vereinigten Staaten und nach Kanada. <strong>Mehr als 100.000 treue Kunden garantieren Produkteffizienz und hervorragenden Service. <\/strong>Die Hauptverwaltung und das Hauptlager befinden sich in Spanien. Wir verf\u00fcgen \u00fcber zwei Logistikzentren, eines in Tarragona, Spanien (Vila-Seca) und eines in Miami, USA. <strong>Wir sind das einzige Labor im Besitz des geistigen Eigentums von Dr. Lo\u00efc Le Ribault und damit das einzige Unternehmen<\/strong>, das seine Rechte, Marken und Patente besitzt.<\/p>\n<\/div>\n<\/div>\n<\/div>\n<\/div>\n<\/div>\n<\/div>\n<\/div>\n<p>&nbsp;<\/p>\n<p>&nbsp;<\/p>\n<h2>DIE GESCHICHTE<br \/>\nHINTER <b>SILICIUM<\/b><\/h2>\n<p>Die Inhaltsstoffe der Marke SILICIUM sind Ihre vertrauensw\u00fcrdige Quelle f\u00fcr sicheres, bew\u00e4hrtes, wirksames und bioverf\u00fcgbares Silizium (Si). Seit zwanzig Jahren kombinieren wir innovative Wissenschaft und hochentwickelte patentierte Technologie, um organische Siliziummolek\u00fcle zu schaffen, die vom menschlichen K\u00f6rper leicht absorbiert werden k\u00f6nnen, um Nahrungserg\u00e4nzungsmitteln und funktionellen Lebensmitteln hinzugef\u00fcgt zu werden.<\/p>\n<p>&nbsp;<\/p>\n","protected":false},"excerpt":{"rendered":"<p>Silicium Laboratoires Wer sind wir? Silicium Laboratoires ist ein 2003 gegr\u00fcndetes spanisches Unternehmen, das sich der Produktion, Entwicklung und Forschung von nat\u00fcrlichen Nahrungserg\u00e4nzungsmitteln und Kosmetika auf der Basis von organischem Siliziumnach der Formel Silicium G5 von Lo\u00efc Le Ribault widmet. Heute, sechzehn Jahre sp\u00e4ter, exportieren wir in mehr als 50 L\u00e4nder und sind auf f\u00fcnf Kontinenten vertreten.Dank des Vertrauens und&nbsp;<a href=\"https:\/\/bien-etreiris.ch\/de\/unsere-marken\/silicium\/\" class=\"read-more\">Weiter lesen<\/a><\/p>\n","protected":false},"author":1,"featured_media":89498,"parent":44406,"menu_order":1302,"comment_status":"closed","ping_status":"closed","template":"page-with-child.php","meta":{"_acf_changed":false,"ngg_post_thumbnail":0,"footnotes":""},"class_list":["post-89502","page","type-page","status-publish","has-post-thumbnail","hentry"],"acf":[],"yoast_head":"<!-- This site is optimized with the Yoast SEO plugin v27.4 - https:\/\/yoast.com\/product\/yoast-seo-wordpress\/ -->\n<title>SILICIUM - WOHLBEFINDEN<\/title>\n<meta name=\"robots\" content=\"index, follow, max-snippet:-1, max-image-preview:large, max-video-preview:-1\" \/>\n<link rel=\"canonical\" href=\"https:\/\/bien-etreiris.ch\/de\/unsere-marken\/silicium\/\" \/>\n<meta property=\"og:locale\" content=\"de_DE\" \/>\n<meta property=\"og:type\" content=\"article\" \/>\n<meta property=\"og:title\" content=\"SILICIUM - WOHLBEFINDEN\" \/>\n<meta property=\"og:description\" content=\"Silicium Laboratoires Wer sind wir? Silicium Laboratoires ist ein 2003 gegr\u00fcndetes spanisches Unternehmen, das sich der Produktion, Entwicklung und Forschung von nat\u00fcrlichen Nahrungserg\u00e4nzungsmitteln und Kosmetika auf der Basis von organischem Siliziumnach der Formel Silicium G5 von Lo\u00efc Le Ribault widmet. Heute, sechzehn Jahre sp\u00e4ter, exportieren wir in mehr als 50 L\u00e4nder und sind auf f\u00fcnf Kontinenten vertreten.Dank des Vertrauens und&nbsp;Weiter lesen\" \/>\n<meta property=\"og:url\" content=\"https:\/\/bien-etreiris.ch\/de\/unsere-marken\/silicium\/\" \/>\n<meta property=\"og:site_name\" content=\"WOHLBEFINDEN\" \/>\n<meta property=\"article:publisher\" content=\"https:\/\/www.facebook.com\/bienetreiris\/\" \/>\n<meta property=\"article:modified_time\" content=\"2024-09-19T15:22:52+00:00\" \/>\n<meta property=\"og:image\" content=\"https:\/\/bien-etreiris.ch\/wp-content\/uploads\/2024\/09\/Silicium.jpg\" \/>\n\t<meta property=\"og:image:width\" content=\"605\" \/>\n\t<meta property=\"og:image:height\" content=\"356\" \/>\n\t<meta property=\"og:image:type\" content=\"image\/jpeg\" \/>\n<meta name=\"twitter:label1\" content=\"Gesch\u00e4tzte Lesezeit\" \/>\n\t<meta name=\"twitter:data1\" content=\"2\u00a0Minuten\" \/>\n<script type=\"application\/ld+json\" class=\"yoast-schema-graph\">{\"@context\":\"https:\\\/\\\/schema.org\",\"@graph\":[{\"@type\":\"WebPage\",\"@id\":\"https:\\\/\\\/bien-etreiris.ch\\\/de\\\/unsere-marken\\\/silicium\\\/\",\"url\":\"https:\\\/\\\/bien-etreiris.ch\\\/de\\\/unsere-marken\\\/silicium\\\/\",\"name\":\"SILICIUM - WOHLBEFINDEN\",\"isPartOf\":{\"@id\":\"https:\\\/\\\/bien-etreiris.ch\\\/de\\\/#website\"},\"primaryImageOfPage\":{\"@id\":\"https:\\\/\\\/bien-etreiris.ch\\\/de\\\/unsere-marken\\\/silicium\\\/#primaryimage\"},\"image\":{\"@id\":\"https:\\\/\\\/bien-etreiris.ch\\\/de\\\/unsere-marken\\\/silicium\\\/#primaryimage\"},\"thumbnailUrl\":\"https:\\\/\\\/bien-etreiris.ch\\\/wp-content\\\/uploads\\\/2024\\\/09\\\/Silicium.jpg\",\"datePublished\":\"2024-09-19T15:16:58+00:00\",\"dateModified\":\"2024-09-19T15:22:52+00:00\",\"breadcrumb\":{\"@id\":\"https:\\\/\\\/bien-etreiris.ch\\\/de\\\/unsere-marken\\\/silicium\\\/#breadcrumb\"},\"inLanguage\":\"de\",\"potentialAction\":[{\"@type\":\"ReadAction\",\"target\":[\"https:\\\/\\\/bien-etreiris.ch\\\/de\\\/unsere-marken\\\/silicium\\\/\"]}]},{\"@type\":\"ImageObject\",\"inLanguage\":\"de\",\"@id\":\"https:\\\/\\\/bien-etreiris.ch\\\/de\\\/unsere-marken\\\/silicium\\\/#primaryimage\",\"url\":\"https:\\\/\\\/bien-etreiris.ch\\\/wp-content\\\/uploads\\\/2024\\\/09\\\/Silicium.jpg\",\"contentUrl\":\"https:\\\/\\\/bien-etreiris.ch\\\/wp-content\\\/uploads\\\/2024\\\/09\\\/Silicium.jpg\",\"width\":605,\"height\":356},{\"@type\":\"BreadcrumbList\",\"@id\":\"https:\\\/\\\/bien-etreiris.ch\\\/de\\\/unsere-marken\\\/silicium\\\/#breadcrumb\",\"itemListElement\":[{\"@type\":\"ListItem\",\"position\":1,\"name\":\"Home\",\"item\":\"https:\\\/\\\/bien-etreiris.ch\\\/de\\\/\"},{\"@type\":\"ListItem\",\"position\":2,\"name\":\"UNSERE MARKEN\",\"item\":\"https:\\\/\\\/bien-etreiris.ch\\\/de\\\/unsere-marken\\\/\"},{\"@type\":\"ListItem\",\"position\":3,\"name\":\"SILICIUM\"}]},{\"@type\":\"WebSite\",\"@id\":\"https:\\\/\\\/bien-etreiris.ch\\\/de\\\/#website\",\"url\":\"https:\\\/\\\/bien-etreiris.ch\\\/de\\\/\",\"name\":\"Bien-\u00eatre Iris\",\"description\":\"IHRE Gesundheit ist uns wichtig\",\"potentialAction\":[{\"@type\":\"SearchAction\",\"target\":{\"@type\":\"EntryPoint\",\"urlTemplate\":\"https:\\\/\\\/bien-etreiris.ch\\\/de\\\/?s={search_term_string}\"},\"query-input\":{\"@type\":\"PropertyValueSpecification\",\"valueRequired\":true,\"valueName\":\"search_term_string\"}}],\"inLanguage\":\"de\"}]}<\/script>\n<!-- \/ Yoast SEO plugin. -->","yoast_head_json":{"title":"SILICIUM - WOHLBEFINDEN","robots":{"index":"index","follow":"follow","max-snippet":"max-snippet:-1","max-image-preview":"max-image-preview:large","max-video-preview":"max-video-preview:-1"},"canonical":"https:\/\/bien-etreiris.ch\/de\/unsere-marken\/silicium\/","og_locale":"de_DE","og_type":"article","og_title":"SILICIUM - WOHLBEFINDEN","og_description":"Silicium Laboratoires Wer sind wir? Silicium Laboratoires ist ein 2003 gegr\u00fcndetes spanisches Unternehmen, das sich der Produktion, Entwicklung und Forschung von nat\u00fcrlichen Nahrungserg\u00e4nzungsmitteln und Kosmetika auf der Basis von organischem Siliziumnach der Formel Silicium G5 von Lo\u00efc Le Ribault widmet. Heute, sechzehn Jahre sp\u00e4ter, exportieren wir in mehr als 50 L\u00e4nder und sind auf f\u00fcnf Kontinenten vertreten.Dank des Vertrauens und&nbsp;Weiter lesen","og_url":"https:\/\/bien-etreiris.ch\/de\/unsere-marken\/silicium\/","og_site_name":"WOHLBEFINDEN","article_publisher":"https:\/\/www.facebook.com\/bienetreiris\/","article_modified_time":"2024-09-19T15:22:52+00:00","og_image":[{"width":605,"height":356,"url":"https:\/\/bien-etreiris.ch\/wp-content\/uploads\/2024\/09\/Silicium.jpg","type":"image\/jpeg"}],"twitter_misc":{"Gesch\u00e4tzte Lesezeit":"2\u00a0Minuten"},"schema":{"@context":"https:\/\/schema.org","@graph":[{"@type":"WebPage","@id":"https:\/\/bien-etreiris.ch\/de\/unsere-marken\/silicium\/","url":"https:\/\/bien-etreiris.ch\/de\/unsere-marken\/silicium\/","name":"SILICIUM - WOHLBEFINDEN","isPartOf":{"@id":"https:\/\/bien-etreiris.ch\/de\/#website"},"primaryImageOfPage":{"@id":"https:\/\/bien-etreiris.ch\/de\/unsere-marken\/silicium\/#primaryimage"},"image":{"@id":"https:\/\/bien-etreiris.ch\/de\/unsere-marken\/silicium\/#primaryimage"},"thumbnailUrl":"https:\/\/bien-etreiris.ch\/wp-content\/uploads\/2024\/09\/Silicium.jpg","datePublished":"2024-09-19T15:16:58+00:00","dateModified":"2024-09-19T15:22:52+00:00","breadcrumb":{"@id":"https:\/\/bien-etreiris.ch\/de\/unsere-marken\/silicium\/#breadcrumb"},"inLanguage":"de","potentialAction":[{"@type":"ReadAction","target":["https:\/\/bien-etreiris.ch\/de\/unsere-marken\/silicium\/"]}]},{"@type":"ImageObject","inLanguage":"de","@id":"https:\/\/bien-etreiris.ch\/de\/unsere-marken\/silicium\/#primaryimage","url":"https:\/\/bien-etreiris.ch\/wp-content\/uploads\/2024\/09\/Silicium.jpg","contentUrl":"https:\/\/bien-etreiris.ch\/wp-content\/uploads\/2024\/09\/Silicium.jpg","width":605,"height":356},{"@type":"BreadcrumbList","@id":"https:\/\/bien-etreiris.ch\/de\/unsere-marken\/silicium\/#breadcrumb","itemListElement":[{"@type":"ListItem","position":1,"name":"Home","item":"https:\/\/bien-etreiris.ch\/de\/"},{"@type":"ListItem","position":2,"name":"UNSERE MARKEN","item":"https:\/\/bien-etreiris.ch\/de\/unsere-marken\/"},{"@type":"ListItem","position":3,"name":"SILICIUM"}]},{"@type":"WebSite","@id":"https:\/\/bien-etreiris.ch\/de\/#website","url":"https:\/\/bien-etreiris.ch\/de\/","name":"Bien-\u00eatre Iris","description":"IHRE Gesundheit ist uns wichtig","potentialAction":[{"@type":"SearchAction","target":{"@type":"EntryPoint","urlTemplate":"https:\/\/bien-etreiris.ch\/de\/?s={search_term_string}"},"query-input":{"@type":"PropertyValueSpecification","valueRequired":true,"valueName":"search_term_string"}}],"inLanguage":"de"}]}},"_links":{"self":[{"href":"https:\/\/bien-etreiris.ch\/de\/wp-json\/wp\/v2\/pages\/89502","targetHints":{"allow":["GET"]}}],"collection":[{"href":"https:\/\/bien-etreiris.ch\/de\/wp-json\/wp\/v2\/pages"}],"about":[{"href":"https:\/\/bien-etreiris.ch\/de\/wp-json\/wp\/v2\/types\/page"}],"author":[{"embeddable":true,"href":"https:\/\/bien-etreiris.ch\/de\/wp-json\/wp\/v2\/users\/1"}],"replies":[{"embeddable":true,"href":"https:\/\/bien-etreiris.ch\/de\/wp-json\/wp\/v2\/comments?post=89502"}],"version-history":[{"count":3,"href":"https:\/\/bien-etreiris.ch\/de\/wp-json\/wp\/v2\/pages\/89502\/revisions"}],"predecessor-version":[{"id":89510,"href":"https:\/\/bien-etreiris.ch\/de\/wp-json\/wp\/v2\/pages\/89502\/revisions\/89510"}],"up":[{"embeddable":true,"href":"https:\/\/bien-etreiris.ch\/de\/wp-json\/wp\/v2\/pages\/44406"}],"wp:featuredmedia":[{"embeddable":true,"href":"https:\/\/bien-etreiris.ch\/de\/wp-json\/wp\/v2\/media\/89498"}],"wp:attachment":[{"href":"https:\/\/bien-etreiris.ch\/de\/wp-json\/wp\/v2\/media?parent=89502"}],"curies":[{"name":"wp","href":"https:\/\/api.w.org\/{rel}","templated":true}]}}