{"id":89476,"date":"2024-09-18T13:46:49","date_gmt":"2024-09-18T11:46:49","guid":{"rendered":"https:\/\/bien-etreiris.ch\/unsere-marken\/aimee-de-mars\/"},"modified":"2024-09-18T13:59:20","modified_gmt":"2024-09-18T11:59:20","slug":"aimee-de-mars","status":"publish","type":"page","link":"https:\/\/bien-etreiris.ch\/de\/unsere-marken\/aimee-de-mars\/","title":{"rendered":"AIMEE DE MARS"},"content":{"rendered":"<h2>Aim\u00e9e de mars<\/h2>\n<div class=\"page-width\">\n<div class=\"rich-text section--padding\">\n<div class=\"rich-text__blocks center mobile-center\">\n<h2><a href=\"https:\/\/bien-etreiris.ch\/de\/unsere-marken\/aimee-de-mars\/valerie-demars-2\/\" rel=\"attachment wp-att-89472\"><img loading=\"lazy\" decoding=\"async\" class=\"alignnone size-full wp-image-89472\" src=\"https:\/\/bien-etreiris.ch\/wp-content\/uploads\/2024\/09\/Valerie-Demars.jpg\" alt=\"\" width=\"1916\" height=\"748\" srcset=\"https:\/\/bien-etreiris.ch\/wp-content\/uploads\/2024\/09\/Valerie-Demars.jpg 1916w, https:\/\/bien-etreiris.ch\/wp-content\/uploads\/2024\/09\/Valerie-Demars-300x117.jpg 300w, https:\/\/bien-etreiris.ch\/wp-content\/uploads\/2024\/09\/Valerie-Demars-1024x400.jpg 1024w, https:\/\/bien-etreiris.ch\/wp-content\/uploads\/2024\/09\/Valerie-Demars-768x300.jpg 768w, https:\/\/bien-etreiris.ch\/wp-content\/uploads\/2024\/09\/Valerie-Demars-1536x600.jpg 1536w\" sizes=\"auto, (max-width: 1916px) 100vw, 1916px\" \/><\/a><\/h2>\n<h2 class=\"rich-text__heading h1\">Ma passion<\/h2>\n<div class=\"rich-text__text typeset2 rte\">\n<p>La premi\u00e8re r\u00e9v\u00e9lation aupr\u00e8s de la source et de ma grand-m\u00e8re&nbsp;: devenir parfumeur, a conduit ma vie professionnelle et \u00e9galement mon chemin de vie.<\/p>\n<p>J\u2019ai pass\u00e9 20 ann\u00e9es dans l\u2019industrie cosm\u00e9tique.<br \/>\nApr\u00e8s un long chemin vers l\u2019acceptation de mon originalit\u00e9, j\u2019ai le bonheur de r\u00e9aliser mon r\u00eave : \u00e9couter les messages de l'invisible et des plantes pour r\u00e9alis\u00e9e des parfums r\u00e9v\u00e9lateurs de notre personnalit\u00e9.<\/p>\n<\/div>\n<h2>&nbsp;<\/h2>\n<h2 class=\"rich-text__heading h1\">Ecouter son \u00e2me en son c\u0153ur. Ouvrir les bras \u00e0 la joie, \u00e0 la vie, \u00e0 l'amour.<\/h2>\n<div class=\"rich-text__text typeset2 rte\">\n<p>Je fais le v\u0153u que chaque \u00eatre humain sur Terre ait la joie de trouver sa mission de vie.<\/p>\n<\/div>\n<\/div>\n<\/div>\n<\/div>\n<p>&nbsp;<\/p>\n<p>&nbsp;<\/p>\n<p>&nbsp;<\/p>\n","protected":false},"excerpt":{"rendered":"<p>Aim\u00e9e de mars Ma passion La premi\u00e8re r\u00e9v\u00e9lation aupr\u00e8s de la source et de ma grand-m\u00e8re&nbsp;: devenir parfumeur, a conduit ma vie professionnelle et \u00e9galement mon chemin de vie. J\u2019ai pass\u00e9 20 ann\u00e9es dans l\u2019industrie cosm\u00e9tique. Apr\u00e8s un long chemin vers l\u2019acceptation de mon originalit\u00e9, j\u2019ai le bonheur de r\u00e9aliser mon r\u00eave : \u00e9couter les messages de l'invisible et des&nbsp;<a href=\"https:\/\/bien-etreiris.ch\/de\/unsere-marken\/aimee-de-mars\/\" class=\"read-more\">Weiter lesen<\/a><\/p>\n","protected":false},"author":1,"featured_media":89482,"parent":44406,"menu_order":1314,"comment_status":"closed","ping_status":"closed","template":"page-with-child.php","meta":{"_acf_changed":false,"ngg_post_thumbnail":0,"footnotes":""},"class_list":["post-89476","page","type-page","status-publish","has-post-thumbnail","hentry"],"acf":[],"yoast_head":"<!-- This site is optimized with the Yoast SEO plugin v27.6 - https:\/\/yoast.com\/product\/yoast-seo-wordpress\/ -->\n<title>AIMEE DE MARS - WOHLBEFINDEN<\/title>\n<meta name=\"robots\" content=\"index, follow, max-snippet:-1, max-image-preview:large, max-video-preview:-1\" \/>\n<link rel=\"canonical\" href=\"https:\/\/bien-etreiris.ch\/de\/unsere-marken\/aimee-de-mars\/\" \/>\n<meta property=\"og:locale\" content=\"de_DE\" \/>\n<meta property=\"og:type\" content=\"article\" \/>\n<meta property=\"og:title\" content=\"AIMEE DE MARS - WOHLBEFINDEN\" \/>\n<meta property=\"og:description\" content=\"Aim\u00e9e de mars Ma passion La premi\u00e8re r\u00e9v\u00e9lation aupr\u00e8s de la source et de ma grand-m\u00e8re&nbsp;: devenir parfumeur, a conduit ma vie professionnelle et \u00e9galement mon chemin de vie. J\u2019ai pass\u00e9 20 ann\u00e9es dans l\u2019industrie cosm\u00e9tique. Apr\u00e8s un long chemin vers l\u2019acceptation de mon originalit\u00e9, j\u2019ai le bonheur de r\u00e9aliser mon r\u00eave : \u00e9couter les messages de l&#039;invisible et des&nbsp;Weiter lesen\" \/>\n<meta property=\"og:url\" content=\"https:\/\/bien-etreiris.ch\/de\/unsere-marken\/aimee-de-mars\/\" \/>\n<meta property=\"og:site_name\" content=\"WOHLBEFINDEN\" \/>\n<meta property=\"article:publisher\" content=\"https:\/\/www.facebook.com\/bienetreiris\/\" \/>\n<meta property=\"article:modified_time\" content=\"2024-09-18T11:59:20+00:00\" \/>\n<meta property=\"og:image\" content=\"https:\/\/bien-etreiris.ch\/wp-content\/uploads\/2024\/09\/Aimee-de-mars.jpg\" \/>\n\t<meta property=\"og:image:width\" content=\"291\" \/>\n\t<meta property=\"og:image:height\" content=\"180\" \/>\n\t<meta property=\"og:image:type\" content=\"image\/jpeg\" \/>\n<meta name=\"twitter:label1\" content=\"Gesch\u00e4tzte Lesezeit\" \/>\n\t<meta name=\"twitter:data1\" content=\"1\u00a0Minute\" \/>\n<script type=\"application\/ld+json\" class=\"yoast-schema-graph\">{\"@context\":\"https:\\\/\\\/schema.org\",\"@graph\":[{\"@type\":\"WebPage\",\"@id\":\"https:\\\/\\\/bien-etreiris.ch\\\/de\\\/unsere-marken\\\/aimee-de-mars\\\/\",\"url\":\"https:\\\/\\\/bien-etreiris.ch\\\/de\\\/unsere-marken\\\/aimee-de-mars\\\/\",\"name\":\"AIMEE DE MARS - WOHLBEFINDEN\",\"isPartOf\":{\"@id\":\"https:\\\/\\\/bien-etreiris.ch\\\/de\\\/#website\"},\"primaryImageOfPage\":{\"@id\":\"https:\\\/\\\/bien-etreiris.ch\\\/de\\\/unsere-marken\\\/aimee-de-mars\\\/#primaryimage\"},\"image\":{\"@id\":\"https:\\\/\\\/bien-etreiris.ch\\\/de\\\/unsere-marken\\\/aimee-de-mars\\\/#primaryimage\"},\"thumbnailUrl\":\"https:\\\/\\\/bien-etreiris.ch\\\/wp-content\\\/uploads\\\/2024\\\/09\\\/Aimee-de-mars-1.jpg\",\"datePublished\":\"2024-09-18T11:46:49+00:00\",\"dateModified\":\"2024-09-18T11:59:20+00:00\",\"breadcrumb\":{\"@id\":\"https:\\\/\\\/bien-etreiris.ch\\\/de\\\/unsere-marken\\\/aimee-de-mars\\\/#breadcrumb\"},\"inLanguage\":\"de\",\"potentialAction\":[{\"@type\":\"ReadAction\",\"target\":[\"https:\\\/\\\/bien-etreiris.ch\\\/de\\\/unsere-marken\\\/aimee-de-mars\\\/\"]}]},{\"@type\":\"ImageObject\",\"inLanguage\":\"de\",\"@id\":\"https:\\\/\\\/bien-etreiris.ch\\\/de\\\/unsere-marken\\\/aimee-de-mars\\\/#primaryimage\",\"url\":\"https:\\\/\\\/bien-etreiris.ch\\\/wp-content\\\/uploads\\\/2024\\\/09\\\/Aimee-de-mars-1.jpg\",\"contentUrl\":\"https:\\\/\\\/bien-etreiris.ch\\\/wp-content\\\/uploads\\\/2024\\\/09\\\/Aimee-de-mars-1.jpg\",\"width\":500,\"height\":333},{\"@type\":\"BreadcrumbList\",\"@id\":\"https:\\\/\\\/bien-etreiris.ch\\\/de\\\/unsere-marken\\\/aimee-de-mars\\\/#breadcrumb\",\"itemListElement\":[{\"@type\":\"ListItem\",\"position\":1,\"name\":\"Home\",\"item\":\"https:\\\/\\\/bien-etreiris.ch\\\/de\\\/\"},{\"@type\":\"ListItem\",\"position\":2,\"name\":\"UNSERE MARKEN\",\"item\":\"https:\\\/\\\/bien-etreiris.ch\\\/de\\\/unsere-marken\\\/\"},{\"@type\":\"ListItem\",\"position\":3,\"name\":\"AIMEE DE MARS\"}]},{\"@type\":\"WebSite\",\"@id\":\"https:\\\/\\\/bien-etreiris.ch\\\/de\\\/#website\",\"url\":\"https:\\\/\\\/bien-etreiris.ch\\\/de\\\/\",\"name\":\"Bien-\u00eatre Iris\",\"description\":\"IHRE Gesundheit ist uns wichtig\",\"potentialAction\":[{\"@type\":\"SearchAction\",\"target\":{\"@type\":\"EntryPoint\",\"urlTemplate\":\"https:\\\/\\\/bien-etreiris.ch\\\/de\\\/?s={search_term_string}\"},\"query-input\":{\"@type\":\"PropertyValueSpecification\",\"valueRequired\":true,\"valueName\":\"search_term_string\"}}],\"inLanguage\":\"de\"}]}<\/script>\n<!-- \/ Yoast SEO plugin. -->","yoast_head_json":{"title":"AIMEE DE MARS - WOHLBEFINDEN","robots":{"index":"index","follow":"follow","max-snippet":"max-snippet:-1","max-image-preview":"max-image-preview:large","max-video-preview":"max-video-preview:-1"},"canonical":"https:\/\/bien-etreiris.ch\/de\/unsere-marken\/aimee-de-mars\/","og_locale":"de_DE","og_type":"article","og_title":"AIMEE DE MARS - WOHLBEFINDEN","og_description":"Aim\u00e9e de mars Ma passion La premi\u00e8re r\u00e9v\u00e9lation aupr\u00e8s de la source et de ma grand-m\u00e8re&nbsp;: devenir parfumeur, a conduit ma vie professionnelle et \u00e9galement mon chemin de vie. J\u2019ai pass\u00e9 20 ann\u00e9es dans l\u2019industrie cosm\u00e9tique. Apr\u00e8s un long chemin vers l\u2019acceptation de mon originalit\u00e9, j\u2019ai le bonheur de r\u00e9aliser mon r\u00eave : \u00e9couter les messages de l'invisible et des&nbsp;Weiter lesen","og_url":"https:\/\/bien-etreiris.ch\/de\/unsere-marken\/aimee-de-mars\/","og_site_name":"WOHLBEFINDEN","article_publisher":"https:\/\/www.facebook.com\/bienetreiris\/","article_modified_time":"2024-09-18T11:59:20+00:00","og_image":[{"width":291,"height":180,"url":"https:\/\/bien-etreiris.ch\/wp-content\/uploads\/2024\/09\/Aimee-de-mars.jpg","type":"image\/jpeg"}],"twitter_misc":{"Gesch\u00e4tzte Lesezeit":"1\u00a0Minute"},"schema":{"@context":"https:\/\/schema.org","@graph":[{"@type":"WebPage","@id":"https:\/\/bien-etreiris.ch\/de\/unsere-marken\/aimee-de-mars\/","url":"https:\/\/bien-etreiris.ch\/de\/unsere-marken\/aimee-de-mars\/","name":"AIMEE DE MARS - WOHLBEFINDEN","isPartOf":{"@id":"https:\/\/bien-etreiris.ch\/de\/#website"},"primaryImageOfPage":{"@id":"https:\/\/bien-etreiris.ch\/de\/unsere-marken\/aimee-de-mars\/#primaryimage"},"image":{"@id":"https:\/\/bien-etreiris.ch\/de\/unsere-marken\/aimee-de-mars\/#primaryimage"},"thumbnailUrl":"https:\/\/bien-etreiris.ch\/wp-content\/uploads\/2024\/09\/Aimee-de-mars-1.jpg","datePublished":"2024-09-18T11:46:49+00:00","dateModified":"2024-09-18T11:59:20+00:00","breadcrumb":{"@id":"https:\/\/bien-etreiris.ch\/de\/unsere-marken\/aimee-de-mars\/#breadcrumb"},"inLanguage":"de","potentialAction":[{"@type":"ReadAction","target":["https:\/\/bien-etreiris.ch\/de\/unsere-marken\/aimee-de-mars\/"]}]},{"@type":"ImageObject","inLanguage":"de","@id":"https:\/\/bien-etreiris.ch\/de\/unsere-marken\/aimee-de-mars\/#primaryimage","url":"https:\/\/bien-etreiris.ch\/wp-content\/uploads\/2024\/09\/Aimee-de-mars-1.jpg","contentUrl":"https:\/\/bien-etreiris.ch\/wp-content\/uploads\/2024\/09\/Aimee-de-mars-1.jpg","width":500,"height":333},{"@type":"BreadcrumbList","@id":"https:\/\/bien-etreiris.ch\/de\/unsere-marken\/aimee-de-mars\/#breadcrumb","itemListElement":[{"@type":"ListItem","position":1,"name":"Home","item":"https:\/\/bien-etreiris.ch\/de\/"},{"@type":"ListItem","position":2,"name":"UNSERE MARKEN","item":"https:\/\/bien-etreiris.ch\/de\/unsere-marken\/"},{"@type":"ListItem","position":3,"name":"AIMEE DE MARS"}]},{"@type":"WebSite","@id":"https:\/\/bien-etreiris.ch\/de\/#website","url":"https:\/\/bien-etreiris.ch\/de\/","name":"Bien-\u00eatre Iris","description":"IHRE Gesundheit ist uns wichtig","potentialAction":[{"@type":"SearchAction","target":{"@type":"EntryPoint","urlTemplate":"https:\/\/bien-etreiris.ch\/de\/?s={search_term_string}"},"query-input":{"@type":"PropertyValueSpecification","valueRequired":true,"valueName":"search_term_string"}}],"inLanguage":"de"}]}},"_links":{"self":[{"href":"https:\/\/bien-etreiris.ch\/de\/wp-json\/wp\/v2\/pages\/89476","targetHints":{"allow":["GET"]}}],"collection":[{"href":"https:\/\/bien-etreiris.ch\/de\/wp-json\/wp\/v2\/pages"}],"about":[{"href":"https:\/\/bien-etreiris.ch\/de\/wp-json\/wp\/v2\/types\/page"}],"author":[{"embeddable":true,"href":"https:\/\/bien-etreiris.ch\/de\/wp-json\/wp\/v2\/users\/1"}],"replies":[{"embeddable":true,"href":"https:\/\/bien-etreiris.ch\/de\/wp-json\/wp\/v2\/comments?post=89476"}],"version-history":[{"count":2,"href":"https:\/\/bien-etreiris.ch\/de\/wp-json\/wp\/v2\/pages\/89476\/revisions"}],"predecessor-version":[{"id":89485,"href":"https:\/\/bien-etreiris.ch\/de\/wp-json\/wp\/v2\/pages\/89476\/revisions\/89485"}],"up":[{"embeddable":true,"href":"https:\/\/bien-etreiris.ch\/de\/wp-json\/wp\/v2\/pages\/44406"}],"wp:featuredmedia":[{"embeddable":true,"href":"https:\/\/bien-etreiris.ch\/de\/wp-json\/wp\/v2\/media\/89482"}],"wp:attachment":[{"href":"https:\/\/bien-etreiris.ch\/de\/wp-json\/wp\/v2\/media?parent=89476"}],"curies":[{"name":"wp","href":"https:\/\/api.w.org\/{rel}","templated":true}]}}