{"id":89462,"date":"2024-09-18T13:00:15","date_gmt":"2024-09-18T11:00:15","guid":{"rendered":"https:\/\/bien-etreiris.ch\/unsere-marken\/graf-von\/"},"modified":"2024-11-04T12:34:24","modified_gmt":"2024-11-04T10:34:24","slug":"graf-von-kronenberg","status":"publish","type":"page","link":"https:\/\/bien-etreiris.ch\/de\/unsere-marken\/graf-von-kronenberg\/","title":{"rendered":"GRAF VON &#8230;"},"content":{"rendered":"<div class=\"elementor-element elementor-element-f461aaf ce-valign-center elementor-column elementor-col-66 elementor-top-column\" data-id=\"f461aaf\" data-element_type=\"column\">\n<div class=\"elementor-column-wrap elementor-element-populated\">\n<div class=\"elementor-widget-wrap\">\n<div class=\"elementor-element elementor-element-0c0ee5d elementor-widget elementor-widget-text-editor\" data-id=\"0c0ee5d\" data-element_type=\"widget\" data-widget_type=\"text-editor.default\">\n<div class=\"elementor-widget-container\">\n<div class=\"elementor-text-editor elementor-clearfix\">\n<h2>Graf von Kronenberg<\/h2>\n<\/div>\n<\/div>\n<\/div>\n<div class=\"elementor-element elementor-element-0c0ee5d elementor-widget elementor-widget-text-editor\" data-id=\"0c0ee5d\" data-element_type=\"widget\" data-widget_type=\"text-editor.default\">\n<div class=\"elementor-widget-container\">\n<div class=\"elementor-text-editor elementor-clearfix\">\n<div class=\"elementor-element elementor-element-30a5835 elementor-column elementor-col-66 elementor-top-column\" data-id=\"30a5835\" data-element_type=\"column\">\n<div class=\"elementor-column-wrap elementor-element-populated\">\n<div class=\"elementor-widget-wrap\">\n<div class=\"elementor-element elementor-element-b7db7a2 elementor-widget elementor-widget-text-editor\" data-id=\"b7db7a2\" data-element_type=\"widget\" data-widget_type=\"text-editor.default\">\n<div class=\"elementor-widget-container\">\n<div class=\"elementor-text-editor elementor-clearfix\">\n<h2><span style=\"color: #800000;\"><em>Ceux qui ont un embl\u00e8me,<\/em><\/span><br \/>\n<span style=\"color: #800000;\"><em>ils s'en occupent...\"<\/em><\/span><\/h2>\n<h2><span style=\"color: #800000;\"><em>\"La sant\u00e9 devrait \u00eatre<\/em><\/span><br \/>\n<span style=\"color: #800000;\"><em>\u00eatre abordable\"<\/em><\/span><\/h2>\n<p>L'histoire du groupe Graf von Kronenberg a commenc\u00e9 en 2012 \u00e0 Paderborn, lorsque l'entreprise a \u00e9t\u00e9 fond\u00e9e par Frank Graf von Kronenberg.<\/p>\n<p>Au d\u00e9but, l'\u00e9quipe ne comptait que deux collaborateurs, mais au fil des ann\u00e9es, le personnel n'a cess\u00e9 de cro\u00eetre et compte aujourd'hui fi\u00e8rement 15 collaborateurs engag\u00e9s.<\/p>\n<p>Ce qui a commenc\u00e9 sur 25 m\u00e8tres carr\u00e9s est pass\u00e9 en 2023 \u00e0 une surface de stockage impressionnante de 400 m\u00e8tres carr\u00e9s, avec un laboratoire interne et sa propre ligne de conditionnement - un signe de la croissance constante et de la pertinence croissante du groupe Graf von Kronenberg.<\/p>\n<p>Frank Graf von Kronenberg, le fondateur et directeur g\u00e9n\u00e9ral, a grandi dans une famille de m\u00e9decins dans laquelle la m\u00e9decine traditionnelle a toujours \u00e9t\u00e9 remise en question. Son p\u00e8re, professeur de chiropratique, de neurologie et de th\u00e9rapie neurale, a influenc\u00e9 sa fa\u00e7on de penser, tout comme un anesth\u00e9siste, une infirmi\u00e8re et un chirurgien qui, dans son entourage proche, ont jou\u00e9 un r\u00f4le d\u00e9cisif dans sa vie.<\/p>\n<p>Mais les racines du Groupe Graf von Kronenberg remontent encore plus loin, lorsque Frank Graf von Kronenberg a cr\u00e9\u00e9 le \u00ab New Chance Medical Club \u00bb au d\u00e9but des ann\u00e9es 2000. Cette plate-forme consacr\u00e9e aux produits naturels et aux m\u00e9thodes alternatives de gestion des maladies a encore renforc\u00e9 son int\u00e9r\u00eat pour le th\u00e8me de la sant\u00e9. L'intention principale du \u00ab New Chance Medical Club \u00bb \u00e9tait que la soci\u00e9t\u00e9 s'aide et se soutienne mutuellement dans les questions de sant\u00e9 et de m\u00e9decine - un credo qui est encore aujourd'hui au c\u0153ur du groupe Graf von Kronenberg.<\/p>\n<p>L'entreprise s'est fermement engag\u00e9e \u00e0 ramener la sant\u00e9 vers les gens.<\/p>\n<p>Cela se refl\u00e8te non seulement dans la ligne de produits de haute qualit\u00e9, mais aussi dans des slogans tels que <b>\u00ab La sant\u00e9 devrait \u00eatre abordable \u00bb<\/b> et l'affirmation <strong>\u00ab Ceux qui ont le blason, ils s'en occupent \u00bb.<\/strong><\/p>\n<p>Le groupe Graf von Kronenberg n'est pas seulement une entreprise, mais une histoire vivante, marqu\u00e9e par l'engagement, la tradition familiale et la recherche continue d'une compr\u00e9hension globale de la sant\u00e9.<\/p>\n<p>&nbsp;<\/p>\n<div class=\"elementor-element elementor-element-35f1081 elementor-widget elementor-widget-text-editor\" data-id=\"35f1081\" data-element_type=\"widget\" data-widget_type=\"text-editor.default\">\n<div class=\"elementor-widget-container\">\n<div class=\"elementor-text-editor elementor-clearfix\">\n<p><a href=\"https:\/\/bien-etreiris.ch\/nos-marques\/graf-von\/produkte-grafvon-kroenenberg\/\" rel=\"attachment wp-att-89456\"><img loading=\"lazy\" decoding=\"async\" class=\"alignnone  wp-image-89456\" src=\"https:\/\/bien-etreiris.ch\/wp-content\/uploads\/2024\/09\/Produkte-Grafvon-Kroenenberg.jpg\" alt=\"\" width=\"756\" height=\"498\" srcset=\"https:\/\/bien-etreiris.ch\/wp-content\/uploads\/2024\/09\/Produkte-Grafvon-Kroenenberg.jpg 600w, https:\/\/bien-etreiris.ch\/wp-content\/uploads\/2024\/09\/Produkte-Grafvon-Kroenenberg-300x198.jpg 300w\" sizes=\"auto, (max-width: 756px) 100vw, 756px\" \/><\/a><\/p>\n<h4><strong>Quelques-uns de nos produits<\/strong><\/h4>\n<p>&nbsp;<\/p>\n<\/div>\n<h2><a href=\"https:\/\/bien-etreiris.ch\/de\/produktpraesentation\/gesundes-leben\/nahrungsergaenzungsmittel\/vitamine\/vitamine-c\/camu-camu\/\" target=\"_blank\" rel=\"noopener\">VITAMINE C<\/a><\/h2>\n<\/div>\n<\/div>\n<\/div>\n<\/div>\n<\/div>\n<\/div>\n<\/div>\n<\/div>\n<\/div>\n<\/div>\n<\/div>\n<\/div>\n<\/div>\n<\/div>\n","protected":false},"excerpt":{"rendered":"<p>Graf von Kronenberg Ceux qui ont un embl\u00e8me, ils s'en occupent...\" \"La sant\u00e9 devrait \u00eatre \u00eatre abordable\" L'histoire du groupe Graf von Kronenberg a commenc\u00e9 en 2012 \u00e0 Paderborn, lorsque l'entreprise a \u00e9t\u00e9 fond\u00e9e par Frank Graf von Kronenberg. Au d\u00e9but, l'\u00e9quipe ne comptait que deux collaborateurs, mais au fil des ann\u00e9es, le personnel n'a cess\u00e9 de cro\u00eetre et compte&nbsp;<a href=\"https:\/\/bien-etreiris.ch\/de\/unsere-marken\/graf-von-kronenberg\/\" class=\"read-more\">Weiter lesen<\/a><\/p>\n","protected":false},"author":1,"featured_media":89455,"parent":44406,"menu_order":1306,"comment_status":"closed","ping_status":"closed","template":"page-with-child.php","meta":{"_acf_changed":false,"ngg_post_thumbnail":0,"footnotes":""},"class_list":["post-89462","page","type-page","status-publish","has-post-thumbnail","hentry"],"acf":[],"yoast_head":"<!-- This site is optimized with the Yoast SEO plugin v27.4 - https:\/\/yoast.com\/product\/yoast-seo-wordpress\/ -->\n<title>GRAF VON ... - WOHLBEFINDEN<\/title>\n<meta name=\"robots\" content=\"index, follow, max-snippet:-1, max-image-preview:large, max-video-preview:-1\" \/>\n<link rel=\"canonical\" href=\"https:\/\/bien-etreiris.ch\/de\/unsere-marken\/graf-von-kronenberg\/\" \/>\n<meta property=\"og:locale\" content=\"de_DE\" \/>\n<meta property=\"og:type\" content=\"article\" \/>\n<meta property=\"og:title\" content=\"GRAF VON ... - WOHLBEFINDEN\" \/>\n<meta property=\"og:description\" content=\"Graf von Kronenberg Ceux qui ont un embl\u00e8me, ils s&#039;en occupent...&quot; &quot;La sant\u00e9 devrait \u00eatre \u00eatre abordable&quot; L&#039;histoire du groupe Graf von Kronenberg a commenc\u00e9 en 2012 \u00e0 Paderborn, lorsque l&#039;entreprise a \u00e9t\u00e9 fond\u00e9e par Frank Graf von Kronenberg. Au d\u00e9but, l&#039;\u00e9quipe ne comptait que deux collaborateurs, mais au fil des ann\u00e9es, le personnel n&#039;a cess\u00e9 de cro\u00eetre et compte&nbsp;Weiter lesen\" \/>\n<meta property=\"og:url\" content=\"https:\/\/bien-etreiris.ch\/de\/unsere-marken\/graf-von-kronenberg\/\" \/>\n<meta property=\"og:site_name\" content=\"WOHLBEFINDEN\" \/>\n<meta property=\"article:publisher\" content=\"https:\/\/www.facebook.com\/bienetreiris\/\" \/>\n<meta property=\"article:modified_time\" content=\"2024-11-04T10:34:24+00:00\" \/>\n<meta property=\"og:image\" content=\"https:\/\/bien-etreiris.ch\/wp-content\/uploads\/2024\/09\/Grafvon-Kroenenberg.jpg\" \/>\n\t<meta property=\"og:image:width\" content=\"500\" \/>\n\t<meta property=\"og:image:height\" content=\"333\" \/>\n\t<meta property=\"og:image:type\" content=\"image\/jpeg\" \/>\n<meta name=\"twitter:label1\" content=\"Gesch\u00e4tzte Lesezeit\" \/>\n\t<meta name=\"twitter:data1\" content=\"3\u00a0Minuten\" \/>\n<script type=\"application\/ld+json\" class=\"yoast-schema-graph\">{\"@context\":\"https:\\\/\\\/schema.org\",\"@graph\":[{\"@type\":\"WebPage\",\"@id\":\"https:\\\/\\\/bien-etreiris.ch\\\/de\\\/unsere-marken\\\/graf-von-kronenberg\\\/\",\"url\":\"https:\\\/\\\/bien-etreiris.ch\\\/de\\\/unsere-marken\\\/graf-von-kronenberg\\\/\",\"name\":\"GRAF VON ... - WOHLBEFINDEN\",\"isPartOf\":{\"@id\":\"https:\\\/\\\/bien-etreiris.ch\\\/de\\\/#website\"},\"primaryImageOfPage\":{\"@id\":\"https:\\\/\\\/bien-etreiris.ch\\\/de\\\/unsere-marken\\\/graf-von-kronenberg\\\/#primaryimage\"},\"image\":{\"@id\":\"https:\\\/\\\/bien-etreiris.ch\\\/de\\\/unsere-marken\\\/graf-von-kronenberg\\\/#primaryimage\"},\"thumbnailUrl\":\"https:\\\/\\\/bien-etreiris.ch\\\/wp-content\\\/uploads\\\/2024\\\/09\\\/Grafvon-Kroenenberg.jpg\",\"datePublished\":\"2024-09-18T11:00:15+00:00\",\"dateModified\":\"2024-11-04T10:34:24+00:00\",\"breadcrumb\":{\"@id\":\"https:\\\/\\\/bien-etreiris.ch\\\/de\\\/unsere-marken\\\/graf-von-kronenberg\\\/#breadcrumb\"},\"inLanguage\":\"de\",\"potentialAction\":[{\"@type\":\"ReadAction\",\"target\":[\"https:\\\/\\\/bien-etreiris.ch\\\/de\\\/unsere-marken\\\/graf-von-kronenberg\\\/\"]}]},{\"@type\":\"ImageObject\",\"inLanguage\":\"de\",\"@id\":\"https:\\\/\\\/bien-etreiris.ch\\\/de\\\/unsere-marken\\\/graf-von-kronenberg\\\/#primaryimage\",\"url\":\"https:\\\/\\\/bien-etreiris.ch\\\/wp-content\\\/uploads\\\/2024\\\/09\\\/Grafvon-Kroenenberg.jpg\",\"contentUrl\":\"https:\\\/\\\/bien-etreiris.ch\\\/wp-content\\\/uploads\\\/2024\\\/09\\\/Grafvon-Kroenenberg.jpg\",\"width\":500,\"height\":333},{\"@type\":\"BreadcrumbList\",\"@id\":\"https:\\\/\\\/bien-etreiris.ch\\\/de\\\/unsere-marken\\\/graf-von-kronenberg\\\/#breadcrumb\",\"itemListElement\":[{\"@type\":\"ListItem\",\"position\":1,\"name\":\"Home\",\"item\":\"https:\\\/\\\/bien-etreiris.ch\\\/de\\\/\"},{\"@type\":\"ListItem\",\"position\":2,\"name\":\"UNSERE MARKEN\",\"item\":\"https:\\\/\\\/bien-etreiris.ch\\\/de\\\/unsere-marken\\\/\"},{\"@type\":\"ListItem\",\"position\":3,\"name\":\"GRAF VON &#8230;\"}]},{\"@type\":\"WebSite\",\"@id\":\"https:\\\/\\\/bien-etreiris.ch\\\/de\\\/#website\",\"url\":\"https:\\\/\\\/bien-etreiris.ch\\\/de\\\/\",\"name\":\"Bien-\u00eatre Iris\",\"description\":\"IHRE Gesundheit ist uns wichtig\",\"potentialAction\":[{\"@type\":\"SearchAction\",\"target\":{\"@type\":\"EntryPoint\",\"urlTemplate\":\"https:\\\/\\\/bien-etreiris.ch\\\/de\\\/?s={search_term_string}\"},\"query-input\":{\"@type\":\"PropertyValueSpecification\",\"valueRequired\":true,\"valueName\":\"search_term_string\"}}],\"inLanguage\":\"de\"}]}<\/script>\n<!-- \/ Yoast SEO plugin. -->","yoast_head_json":{"title":"GRAF VON ... - WOHLBEFINDEN","robots":{"index":"index","follow":"follow","max-snippet":"max-snippet:-1","max-image-preview":"max-image-preview:large","max-video-preview":"max-video-preview:-1"},"canonical":"https:\/\/bien-etreiris.ch\/de\/unsere-marken\/graf-von-kronenberg\/","og_locale":"de_DE","og_type":"article","og_title":"GRAF VON ... - WOHLBEFINDEN","og_description":"Graf von Kronenberg Ceux qui ont un embl\u00e8me, ils s'en occupent...\" \"La sant\u00e9 devrait \u00eatre \u00eatre abordable\" L'histoire du groupe Graf von Kronenberg a commenc\u00e9 en 2012 \u00e0 Paderborn, lorsque l'entreprise a \u00e9t\u00e9 fond\u00e9e par Frank Graf von Kronenberg. Au d\u00e9but, l'\u00e9quipe ne comptait que deux collaborateurs, mais au fil des ann\u00e9es, le personnel n'a cess\u00e9 de cro\u00eetre et compte&nbsp;Weiter lesen","og_url":"https:\/\/bien-etreiris.ch\/de\/unsere-marken\/graf-von-kronenberg\/","og_site_name":"WOHLBEFINDEN","article_publisher":"https:\/\/www.facebook.com\/bienetreiris\/","article_modified_time":"2024-11-04T10:34:24+00:00","og_image":[{"width":500,"height":333,"url":"https:\/\/bien-etreiris.ch\/wp-content\/uploads\/2024\/09\/Grafvon-Kroenenberg.jpg","type":"image\/jpeg"}],"twitter_misc":{"Gesch\u00e4tzte Lesezeit":"3\u00a0Minuten"},"schema":{"@context":"https:\/\/schema.org","@graph":[{"@type":"WebPage","@id":"https:\/\/bien-etreiris.ch\/de\/unsere-marken\/graf-von-kronenberg\/","url":"https:\/\/bien-etreiris.ch\/de\/unsere-marken\/graf-von-kronenberg\/","name":"GRAF VON ... - WOHLBEFINDEN","isPartOf":{"@id":"https:\/\/bien-etreiris.ch\/de\/#website"},"primaryImageOfPage":{"@id":"https:\/\/bien-etreiris.ch\/de\/unsere-marken\/graf-von-kronenberg\/#primaryimage"},"image":{"@id":"https:\/\/bien-etreiris.ch\/de\/unsere-marken\/graf-von-kronenberg\/#primaryimage"},"thumbnailUrl":"https:\/\/bien-etreiris.ch\/wp-content\/uploads\/2024\/09\/Grafvon-Kroenenberg.jpg","datePublished":"2024-09-18T11:00:15+00:00","dateModified":"2024-11-04T10:34:24+00:00","breadcrumb":{"@id":"https:\/\/bien-etreiris.ch\/de\/unsere-marken\/graf-von-kronenberg\/#breadcrumb"},"inLanguage":"de","potentialAction":[{"@type":"ReadAction","target":["https:\/\/bien-etreiris.ch\/de\/unsere-marken\/graf-von-kronenberg\/"]}]},{"@type":"ImageObject","inLanguage":"de","@id":"https:\/\/bien-etreiris.ch\/de\/unsere-marken\/graf-von-kronenberg\/#primaryimage","url":"https:\/\/bien-etreiris.ch\/wp-content\/uploads\/2024\/09\/Grafvon-Kroenenberg.jpg","contentUrl":"https:\/\/bien-etreiris.ch\/wp-content\/uploads\/2024\/09\/Grafvon-Kroenenberg.jpg","width":500,"height":333},{"@type":"BreadcrumbList","@id":"https:\/\/bien-etreiris.ch\/de\/unsere-marken\/graf-von-kronenberg\/#breadcrumb","itemListElement":[{"@type":"ListItem","position":1,"name":"Home","item":"https:\/\/bien-etreiris.ch\/de\/"},{"@type":"ListItem","position":2,"name":"UNSERE MARKEN","item":"https:\/\/bien-etreiris.ch\/de\/unsere-marken\/"},{"@type":"ListItem","position":3,"name":"GRAF VON &#8230;"}]},{"@type":"WebSite","@id":"https:\/\/bien-etreiris.ch\/de\/#website","url":"https:\/\/bien-etreiris.ch\/de\/","name":"Bien-\u00eatre Iris","description":"IHRE Gesundheit ist uns wichtig","potentialAction":[{"@type":"SearchAction","target":{"@type":"EntryPoint","urlTemplate":"https:\/\/bien-etreiris.ch\/de\/?s={search_term_string}"},"query-input":{"@type":"PropertyValueSpecification","valueRequired":true,"valueName":"search_term_string"}}],"inLanguage":"de"}]}},"_links":{"self":[{"href":"https:\/\/bien-etreiris.ch\/de\/wp-json\/wp\/v2\/pages\/89462","targetHints":{"allow":["GET"]}}],"collection":[{"href":"https:\/\/bien-etreiris.ch\/de\/wp-json\/wp\/v2\/pages"}],"about":[{"href":"https:\/\/bien-etreiris.ch\/de\/wp-json\/wp\/v2\/types\/page"}],"author":[{"embeddable":true,"href":"https:\/\/bien-etreiris.ch\/de\/wp-json\/wp\/v2\/users\/1"}],"replies":[{"embeddable":true,"href":"https:\/\/bien-etreiris.ch\/de\/wp-json\/wp\/v2\/comments?post=89462"}],"version-history":[{"count":2,"href":"https:\/\/bien-etreiris.ch\/de\/wp-json\/wp\/v2\/pages\/89462\/revisions"}],"predecessor-version":[{"id":92188,"href":"https:\/\/bien-etreiris.ch\/de\/wp-json\/wp\/v2\/pages\/89462\/revisions\/92188"}],"up":[{"embeddable":true,"href":"https:\/\/bien-etreiris.ch\/de\/wp-json\/wp\/v2\/pages\/44406"}],"wp:featuredmedia":[{"embeddable":true,"href":"https:\/\/bien-etreiris.ch\/de\/wp-json\/wp\/v2\/media\/89455"}],"wp:attachment":[{"href":"https:\/\/bien-etreiris.ch\/de\/wp-json\/wp\/v2\/media?parent=89462"}],"curies":[{"name":"wp","href":"https:\/\/api.w.org\/{rel}","templated":true}]}}