{"id":89445,"date":"2024-09-17T17:48:44","date_gmt":"2024-09-17T15:48:44","guid":{"rendered":"https:\/\/bien-etreiris.ch\/unsere-marken\/mountaindrop\/"},"modified":"2024-09-17T17:49:16","modified_gmt":"2024-09-17T15:49:16","slug":"mountaindrop","status":"publish","type":"page","link":"https:\/\/bien-etreiris.ch\/de\/unsere-marken\/mountaindrop\/","title":{"rendered":"MOUNTAINDROP"},"content":{"rendered":"<h2>Mountaindrop<\/h2>\n<p><a href=\"https:\/\/bien-etreiris.ch\/de\/unsere-marken\/mountaindrop\/mountaindrop-2\/\" rel=\"attachment wp-att-89436\"><img loading=\"lazy\" decoding=\"async\" class=\"alignnone  wp-image-89436\" src=\"https:\/\/bien-etreiris.ch\/wp-content\/uploads\/2024\/09\/Mountaindrop.jpg\" alt=\"\" width=\"916\" height=\"326\" srcset=\"https:\/\/bien-etreiris.ch\/wp-content\/uploads\/2024\/09\/Mountaindrop.jpg 1771w, https:\/\/bien-etreiris.ch\/wp-content\/uploads\/2024\/09\/Mountaindrop-300x107.jpg 300w, https:\/\/bien-etreiris.ch\/wp-content\/uploads\/2024\/09\/Mountaindrop-1024x365.jpg 1024w, https:\/\/bien-etreiris.ch\/wp-content\/uploads\/2024\/09\/Mountaindrop-768x274.jpg 768w, https:\/\/bien-etreiris.ch\/wp-content\/uploads\/2024\/09\/Mountaindrop-1536x547.jpg 1536w\" sizes=\"auto, (max-width: 916px) 100vw, 916px\" \/><\/a><\/p>\n<p>&nbsp;<\/p>\n<p>&nbsp;<\/p>\n<p>&nbsp;<\/p>\n<h2 class=\"bde-heading-2339-127 bde-heading\">Bienvenue \u00e0 Mountaindrop<\/h2>\n<div class=\"bde-text-2339-128 bde-text\">La perfection de la nature peut nous permettre de d\u00e9velopper nos plus hauts potentiels dans de nombreux domaines. De nombreuses personnes ont vu leur vie changer radicalement gr\u00e2ce \u00e0 la d\u00e9couverte de cette poix de montagne noire. Elle a rendu de nombreuses personnes tr\u00e8s heureuses sur le chemin d'une vie plus saine et plus \u00e9panouie et a largement d\u00e9pass\u00e9 nos propres attentes. Nous sommes fiers de partager avec vous ce cadeau de la nature dans sa forme la plus pure.<\/div>\n","protected":false},"excerpt":{"rendered":"<p>Mountaindrop &nbsp; &nbsp; &nbsp; Bienvenue \u00e0 Mountaindrop La perfection de la nature peut nous permettre de d\u00e9velopper nos plus hauts potentiels dans de nombreux domaines. De nombreuses personnes ont vu leur vie changer radicalement gr\u00e2ce \u00e0 la d\u00e9couverte de cette poix de montagne noire. Elle a rendu de nombreuses personnes tr\u00e8s heureuses sur le chemin d'une vie plus saine et&nbsp;<a href=\"https:\/\/bien-etreiris.ch\/de\/unsere-marken\/mountaindrop\/\" class=\"read-more\">Weiter lesen<\/a><\/p>\n","protected":false},"author":1,"featured_media":89441,"parent":44406,"menu_order":1310,"comment_status":"closed","ping_status":"closed","template":"page-with-child.php","meta":{"_acf_changed":false,"ngg_post_thumbnail":0,"footnotes":""},"class_list":["post-89445","page","type-page","status-publish","has-post-thumbnail","hentry"],"acf":[],"yoast_head":"<!-- This site is optimized with the Yoast SEO plugin v27.4 - https:\/\/yoast.com\/product\/yoast-seo-wordpress\/ -->\n<title>MOUNTAINDROP - WOHLBEFINDEN<\/title>\n<meta name=\"robots\" content=\"index, follow, max-snippet:-1, max-image-preview:large, max-video-preview:-1\" \/>\n<link rel=\"canonical\" href=\"https:\/\/bien-etreiris.ch\/de\/unsere-marken\/mountaindrop\/\" \/>\n<meta property=\"og:locale\" content=\"de_DE\" \/>\n<meta property=\"og:type\" content=\"article\" \/>\n<meta property=\"og:title\" content=\"MOUNTAINDROP - WOHLBEFINDEN\" \/>\n<meta property=\"og:description\" content=\"Mountaindrop &nbsp; &nbsp; &nbsp; Bienvenue \u00e0 Mountaindrop La perfection de la nature peut nous permettre de d\u00e9velopper nos plus hauts potentiels dans de nombreux domaines. De nombreuses personnes ont vu leur vie changer radicalement gr\u00e2ce \u00e0 la d\u00e9couverte de cette poix de montagne noire. Elle a rendu de nombreuses personnes tr\u00e8s heureuses sur le chemin d&#039;une vie plus saine et&nbsp;Weiter lesen\" \/>\n<meta property=\"og:url\" content=\"https:\/\/bien-etreiris.ch\/de\/unsere-marken\/mountaindrop\/\" \/>\n<meta property=\"og:site_name\" content=\"WOHLBEFINDEN\" \/>\n<meta property=\"article:publisher\" content=\"https:\/\/www.facebook.com\/bienetreiris\/\" \/>\n<meta property=\"article:modified_time\" content=\"2024-09-17T15:49:16+00:00\" \/>\n<meta property=\"og:image\" content=\"https:\/\/bien-etreiris.ch\/wp-content\/uploads\/2024\/09\/Mountaindrop-logo.jpg\" \/>\n\t<meta property=\"og:image:width\" content=\"500\" \/>\n\t<meta property=\"og:image:height\" content=\"333\" \/>\n\t<meta property=\"og:image:type\" content=\"image\/jpeg\" \/>\n<meta name=\"twitter:label1\" content=\"Gesch\u00e4tzte Lesezeit\" \/>\n\t<meta name=\"twitter:data1\" content=\"1\u00a0Minute\" \/>\n<script type=\"application\/ld+json\" class=\"yoast-schema-graph\">{\"@context\":\"https:\\\/\\\/schema.org\",\"@graph\":[{\"@type\":\"WebPage\",\"@id\":\"https:\\\/\\\/bien-etreiris.ch\\\/de\\\/unsere-marken\\\/mountaindrop\\\/\",\"url\":\"https:\\\/\\\/bien-etreiris.ch\\\/de\\\/unsere-marken\\\/mountaindrop\\\/\",\"name\":\"MOUNTAINDROP - WOHLBEFINDEN\",\"isPartOf\":{\"@id\":\"https:\\\/\\\/bien-etreiris.ch\\\/de\\\/#website\"},\"primaryImageOfPage\":{\"@id\":\"https:\\\/\\\/bien-etreiris.ch\\\/de\\\/unsere-marken\\\/mountaindrop\\\/#primaryimage\"},\"image\":{\"@id\":\"https:\\\/\\\/bien-etreiris.ch\\\/de\\\/unsere-marken\\\/mountaindrop\\\/#primaryimage\"},\"thumbnailUrl\":\"https:\\\/\\\/bien-etreiris.ch\\\/wp-content\\\/uploads\\\/2024\\\/09\\\/Mountaindrop-logo.jpg\",\"datePublished\":\"2024-09-17T15:48:44+00:00\",\"dateModified\":\"2024-09-17T15:49:16+00:00\",\"breadcrumb\":{\"@id\":\"https:\\\/\\\/bien-etreiris.ch\\\/de\\\/unsere-marken\\\/mountaindrop\\\/#breadcrumb\"},\"inLanguage\":\"de\",\"potentialAction\":[{\"@type\":\"ReadAction\",\"target\":[\"https:\\\/\\\/bien-etreiris.ch\\\/de\\\/unsere-marken\\\/mountaindrop\\\/\"]}]},{\"@type\":\"ImageObject\",\"inLanguage\":\"de\",\"@id\":\"https:\\\/\\\/bien-etreiris.ch\\\/de\\\/unsere-marken\\\/mountaindrop\\\/#primaryimage\",\"url\":\"https:\\\/\\\/bien-etreiris.ch\\\/wp-content\\\/uploads\\\/2024\\\/09\\\/Mountaindrop-logo.jpg\",\"contentUrl\":\"https:\\\/\\\/bien-etreiris.ch\\\/wp-content\\\/uploads\\\/2024\\\/09\\\/Mountaindrop-logo.jpg\",\"width\":500,\"height\":333},{\"@type\":\"BreadcrumbList\",\"@id\":\"https:\\\/\\\/bien-etreiris.ch\\\/de\\\/unsere-marken\\\/mountaindrop\\\/#breadcrumb\",\"itemListElement\":[{\"@type\":\"ListItem\",\"position\":1,\"name\":\"Home\",\"item\":\"https:\\\/\\\/bien-etreiris.ch\\\/de\\\/\"},{\"@type\":\"ListItem\",\"position\":2,\"name\":\"UNSERE MARKEN\",\"item\":\"https:\\\/\\\/bien-etreiris.ch\\\/de\\\/unsere-marken\\\/\"},{\"@type\":\"ListItem\",\"position\":3,\"name\":\"MOUNTAINDROP\"}]},{\"@type\":\"WebSite\",\"@id\":\"https:\\\/\\\/bien-etreiris.ch\\\/de\\\/#website\",\"url\":\"https:\\\/\\\/bien-etreiris.ch\\\/de\\\/\",\"name\":\"Bien-\u00eatre Iris\",\"description\":\"IHRE Gesundheit ist uns wichtig\",\"potentialAction\":[{\"@type\":\"SearchAction\",\"target\":{\"@type\":\"EntryPoint\",\"urlTemplate\":\"https:\\\/\\\/bien-etreiris.ch\\\/de\\\/?s={search_term_string}\"},\"query-input\":{\"@type\":\"PropertyValueSpecification\",\"valueRequired\":true,\"valueName\":\"search_term_string\"}}],\"inLanguage\":\"de\"}]}<\/script>\n<!-- \/ Yoast SEO plugin. -->","yoast_head_json":{"title":"MOUNTAINDROP - WOHLBEFINDEN","robots":{"index":"index","follow":"follow","max-snippet":"max-snippet:-1","max-image-preview":"max-image-preview:large","max-video-preview":"max-video-preview:-1"},"canonical":"https:\/\/bien-etreiris.ch\/de\/unsere-marken\/mountaindrop\/","og_locale":"de_DE","og_type":"article","og_title":"MOUNTAINDROP - WOHLBEFINDEN","og_description":"Mountaindrop &nbsp; &nbsp; &nbsp; Bienvenue \u00e0 Mountaindrop La perfection de la nature peut nous permettre de d\u00e9velopper nos plus hauts potentiels dans de nombreux domaines. De nombreuses personnes ont vu leur vie changer radicalement gr\u00e2ce \u00e0 la d\u00e9couverte de cette poix de montagne noire. Elle a rendu de nombreuses personnes tr\u00e8s heureuses sur le chemin d'une vie plus saine et&nbsp;Weiter lesen","og_url":"https:\/\/bien-etreiris.ch\/de\/unsere-marken\/mountaindrop\/","og_site_name":"WOHLBEFINDEN","article_publisher":"https:\/\/www.facebook.com\/bienetreiris\/","article_modified_time":"2024-09-17T15:49:16+00:00","og_image":[{"width":500,"height":333,"url":"https:\/\/bien-etreiris.ch\/wp-content\/uploads\/2024\/09\/Mountaindrop-logo.jpg","type":"image\/jpeg"}],"twitter_misc":{"Gesch\u00e4tzte Lesezeit":"1\u00a0Minute"},"schema":{"@context":"https:\/\/schema.org","@graph":[{"@type":"WebPage","@id":"https:\/\/bien-etreiris.ch\/de\/unsere-marken\/mountaindrop\/","url":"https:\/\/bien-etreiris.ch\/de\/unsere-marken\/mountaindrop\/","name":"MOUNTAINDROP - WOHLBEFINDEN","isPartOf":{"@id":"https:\/\/bien-etreiris.ch\/de\/#website"},"primaryImageOfPage":{"@id":"https:\/\/bien-etreiris.ch\/de\/unsere-marken\/mountaindrop\/#primaryimage"},"image":{"@id":"https:\/\/bien-etreiris.ch\/de\/unsere-marken\/mountaindrop\/#primaryimage"},"thumbnailUrl":"https:\/\/bien-etreiris.ch\/wp-content\/uploads\/2024\/09\/Mountaindrop-logo.jpg","datePublished":"2024-09-17T15:48:44+00:00","dateModified":"2024-09-17T15:49:16+00:00","breadcrumb":{"@id":"https:\/\/bien-etreiris.ch\/de\/unsere-marken\/mountaindrop\/#breadcrumb"},"inLanguage":"de","potentialAction":[{"@type":"ReadAction","target":["https:\/\/bien-etreiris.ch\/de\/unsere-marken\/mountaindrop\/"]}]},{"@type":"ImageObject","inLanguage":"de","@id":"https:\/\/bien-etreiris.ch\/de\/unsere-marken\/mountaindrop\/#primaryimage","url":"https:\/\/bien-etreiris.ch\/wp-content\/uploads\/2024\/09\/Mountaindrop-logo.jpg","contentUrl":"https:\/\/bien-etreiris.ch\/wp-content\/uploads\/2024\/09\/Mountaindrop-logo.jpg","width":500,"height":333},{"@type":"BreadcrumbList","@id":"https:\/\/bien-etreiris.ch\/de\/unsere-marken\/mountaindrop\/#breadcrumb","itemListElement":[{"@type":"ListItem","position":1,"name":"Home","item":"https:\/\/bien-etreiris.ch\/de\/"},{"@type":"ListItem","position":2,"name":"UNSERE MARKEN","item":"https:\/\/bien-etreiris.ch\/de\/unsere-marken\/"},{"@type":"ListItem","position":3,"name":"MOUNTAINDROP"}]},{"@type":"WebSite","@id":"https:\/\/bien-etreiris.ch\/de\/#website","url":"https:\/\/bien-etreiris.ch\/de\/","name":"Bien-\u00eatre Iris","description":"IHRE Gesundheit ist uns wichtig","potentialAction":[{"@type":"SearchAction","target":{"@type":"EntryPoint","urlTemplate":"https:\/\/bien-etreiris.ch\/de\/?s={search_term_string}"},"query-input":{"@type":"PropertyValueSpecification","valueRequired":true,"valueName":"search_term_string"}}],"inLanguage":"de"}]}},"_links":{"self":[{"href":"https:\/\/bien-etreiris.ch\/de\/wp-json\/wp\/v2\/pages\/89445","targetHints":{"allow":["GET"]}}],"collection":[{"href":"https:\/\/bien-etreiris.ch\/de\/wp-json\/wp\/v2\/pages"}],"about":[{"href":"https:\/\/bien-etreiris.ch\/de\/wp-json\/wp\/v2\/types\/page"}],"author":[{"embeddable":true,"href":"https:\/\/bien-etreiris.ch\/de\/wp-json\/wp\/v2\/users\/1"}],"replies":[{"embeddable":true,"href":"https:\/\/bien-etreiris.ch\/de\/wp-json\/wp\/v2\/comments?post=89445"}],"version-history":[{"count":2,"href":"https:\/\/bien-etreiris.ch\/de\/wp-json\/wp\/v2\/pages\/89445\/revisions"}],"predecessor-version":[{"id":89451,"href":"https:\/\/bien-etreiris.ch\/de\/wp-json\/wp\/v2\/pages\/89445\/revisions\/89451"}],"up":[{"embeddable":true,"href":"https:\/\/bien-etreiris.ch\/de\/wp-json\/wp\/v2\/pages\/44406"}],"wp:featuredmedia":[{"embeddable":true,"href":"https:\/\/bien-etreiris.ch\/de\/wp-json\/wp\/v2\/media\/89441"}],"wp:attachment":[{"href":"https:\/\/bien-etreiris.ch\/de\/wp-json\/wp\/v2\/media?parent=89445"}],"curies":[{"name":"wp","href":"https:\/\/api.w.org\/{rel}","templated":true}]}}