{"id":89214,"date":"2024-09-12T10:18:26","date_gmt":"2024-09-12T08:18:26","guid":{"rendered":"https:\/\/bien-etreiris.ch\/ratgeber-klarheit-beratung\/gesunder-lebensstil\/naehrstoffe\/lebensmittel\/gewuerze\/epices-du-maroc\/"},"modified":"2024-09-12T11:49:53","modified_gmt":"2024-09-12T09:49:53","slug":"gewurze-aus-marokko","status":"publish","type":"page","link":"https:\/\/bien-etreiris.ch\/de\/produktpraesentation\/gesundes-leben\/gesunde-lebensmittel\/zutaten-wohlbefinden\/gewuerze\/gewurze-aus-marokko\/","title":{"rendered":"&#8211;GEW\u00dcRZE AUS MAROKKO&#8211;"},"content":{"rendered":"\n<h2>Gew\u00fcrze aus Marokko<\/h2>\n<p>&nbsp;<\/p>\n<p>&nbsp;<\/p>\n<h4>EL MROZIA<\/h4>\n<p><a href=\"https:\/\/bien-etreiris.ch\/guide-lumiere-conseil\/mode-de-vie-sain\/nutrition\/alimentation\/epices\/epices-du-maroc\/el-mrosia\/\" rel=\"attachment wp-att-89202\"><img loading=\"lazy\" decoding=\"async\" class=\"wp-image-89202 alignleft\" src=\"https:\/\/bien-etreiris.ch\/wp-content\/uploads\/2024\/09\/El-Mrosia.png\" alt=\"\" width=\"147\" height=\"147\" srcset=\"https:\/\/bien-etreiris.ch\/wp-content\/uploads\/2024\/09\/El-Mrosia.png 175w, https:\/\/bien-etreiris.ch\/wp-content\/uploads\/2024\/09\/El-Mrosia-150x150.png 150w\" sizes=\"auto, (max-width: 147px) 100vw, 147px\" \/><\/a><\/p>\n<p>&nbsp;<\/p>\n<p>Le m\u00e9lange El mrouzia est un tr\u00e9sor de la cuisine marocaine, import\u00e9 directement du pays des mille et une nuits. Ce m\u00e9lange d\u2019\u00e9pices parfum\u00e9es et savoureuses vous fera voyager \u00e0 travers les saveurs du monde, en sublimant vos plats de viande, de l\u00e9gumes ou de poisson. Que ce soit pour un couscous, un tajine ou une pastilla, le m\u00e9lange El mrouzia apportera une touche d\u2019originalit\u00e9 \u00e0 votre table.<\/p>\n<p>50 g&nbsp; <strong>CHF 3.50&nbsp;<\/strong> 100 g<strong> CHF 6.00<\/strong><\/p>\n<hr>\n<h4><strong>RAS EL HANOUT<\/strong><\/h4>\n<p><a href=\"https:\/\/bien-etreiris.ch\/?attachment_id=89205\" rel=\"attachment wp-att-89202\"><img loading=\"lazy\" decoding=\"async\" class=\"wp-image-89205  alignleft\" src=\"https:\/\/bien-etreiris.ch\/wp-content\/uploads\/2024\/09\/Ras-el-hanout.png\" alt=\"\" width=\"155\" height=\"155\"><\/a><\/p>\n<h4><strong>&nbsp;<\/strong><\/h4>\n<p>Le Ras el Hanout est un m\u00e9lange d'\u00e9pices originaire d'Afrique du Nord, compos\u00e9 d'un m\u00e9lange relativement variable de 10 \u00e0 30 \u00e9pices individuelles selon les r\u00e9gions. La traduction 'Ras el Hanout' signifie la t\u00eate ou le chef de la boutique. Comme son nom l'indique, la pr\u00e9paration du Ras el Hanout est une affaire de chef ! Devenez-vous aussi le chef en pr\u00e9parant ce mets de choix.<\/p>\n<p>50 g&nbsp; <strong>CHF 3.50&nbsp;<\/strong> 100 g<strong> CHF 6.00<\/strong><\/p>\n<p>&nbsp;<\/p>\n<p>Pr\u00e9paration par une famille marocain dans la r\u00e9gion Essaouira est importe direct.<\/p>\n\n\n\n<p>&nbsp;Les \u00e9pices que nous importons du Maroc sont certifi\u00e9es biologiques, vous garantissant une option naturelle et respectueuse de l'environnement pour vos choix culinaires.<\/p>\n","protected":false},"excerpt":{"rendered":"<p>Gew\u00fcrze aus Marokko &nbsp; &nbsp; EL MROZIA &nbsp; Le m\u00e9lange El mrouzia est un tr\u00e9sor de la cuisine marocaine, import\u00e9 directement du pays des mille et une nuits. Ce m\u00e9lange d\u2019\u00e9pices parfum\u00e9es et savoureuses vous fera voyager \u00e0 travers les saveurs du monde, en sublimant vos plats de viande, de l\u00e9gumes ou de poisson. Que ce soit pour un couscous,&nbsp;<a href=\"https:\/\/bien-etreiris.ch\/de\/produktpraesentation\/gesundes-leben\/gesunde-lebensmittel\/zutaten-wohlbefinden\/gewuerze\/gewurze-aus-marokko\/\" class=\"read-more\">Weiter lesen<\/a><\/p>\n","protected":false},"author":1,"featured_media":98154,"parent":39525,"menu_order":1340,"comment_status":"closed","ping_status":"closed","template":"page-with-child.php","meta":{"_acf_changed":false,"ngg_post_thumbnail":0,"footnotes":""},"class_list":["post-89214","page","type-page","status-publish","has-post-thumbnail","hentry"],"acf":[],"yoast_head":"<!-- This site is optimized with the Yoast SEO plugin v27.6 - https:\/\/yoast.com\/product\/yoast-seo-wordpress\/ -->\n<title>-GEW\u00dcRZE AUS MAROKKO- WOHLBEFINDEN<\/title>\n<meta name=\"robots\" content=\"index, follow, max-snippet:-1, max-image-preview:large, max-video-preview:-1\" \/>\n<link rel=\"canonical\" href=\"https:\/\/bien-etreiris.ch\/de\/produktpraesentation\/gesundes-leben\/gesunde-lebensmittel\/zutaten-wohlbefinden\/gewuerze\/gewurze-aus-marokko\/\" \/>\n<meta property=\"og:locale\" content=\"de_DE\" \/>\n<meta property=\"og:type\" content=\"article\" \/>\n<meta property=\"og:title\" content=\"-GEW\u00dcRZE AUS MAROKKO- WOHLBEFINDEN\" \/>\n<meta property=\"og:description\" content=\"Gew\u00fcrze aus Marokko &nbsp; &nbsp; EL MROZIA &nbsp; Le m\u00e9lange El mrouzia est un tr\u00e9sor de la cuisine marocaine, import\u00e9 directement du pays des mille et une nuits. Ce m\u00e9lange d\u2019\u00e9pices parfum\u00e9es et savoureuses vous fera voyager \u00e0 travers les saveurs du monde, en sublimant vos plats de viande, de l\u00e9gumes ou de poisson. Que ce soit pour un couscous,&nbsp;Weiter lesen\" \/>\n<meta property=\"og:url\" content=\"https:\/\/bien-etreiris.ch\/de\/produktpraesentation\/gesundes-leben\/gesunde-lebensmittel\/zutaten-wohlbefinden\/gewuerze\/gewurze-aus-marokko\/\" \/>\n<meta property=\"og:site_name\" content=\"WOHLBEFINDEN\" \/>\n<meta property=\"article:publisher\" content=\"https:\/\/www.facebook.com\/bienetreiris\/\" \/>\n<meta property=\"article:modified_time\" content=\"2024-09-12T09:49:53+00:00\" \/>\n<meta property=\"og:image\" content=\"https:\/\/bien-etreiris.ch\/wp-content\/uploads\/2024\/09\/acceuil-epices-du-Maroc.jpg\" \/>\n\t<meta property=\"og:image:width\" content=\"500\" \/>\n\t<meta property=\"og:image:height\" content=\"333\" \/>\n\t<meta property=\"og:image:type\" content=\"image\/jpeg\" \/>\n<meta name=\"twitter:label1\" content=\"Gesch\u00e4tzte Lesezeit\" \/>\n\t<meta name=\"twitter:data1\" content=\"2\u00a0Minuten\" \/>\n<script type=\"application\/ld+json\" class=\"yoast-schema-graph\">{\"@context\":\"https:\\\/\\\/schema.org\",\"@graph\":[{\"@type\":\"WebPage\",\"@id\":\"https:\\\/\\\/bien-etreiris.ch\\\/de\\\/produktpraesentation\\\/gesundes-leben\\\/gesunde-lebensmittel\\\/zutaten-wohlbefinden\\\/gewuerze\\\/gewurze-aus-marokko\\\/\",\"url\":\"https:\\\/\\\/bien-etreiris.ch\\\/de\\\/produktpraesentation\\\/gesundes-leben\\\/gesunde-lebensmittel\\\/zutaten-wohlbefinden\\\/gewuerze\\\/gewurze-aus-marokko\\\/\",\"name\":\"-GEW\u00dcRZE AUS MAROKKO- WOHLBEFINDEN\",\"isPartOf\":{\"@id\":\"https:\\\/\\\/bien-etreiris.ch\\\/de\\\/#website\"},\"primaryImageOfPage\":{\"@id\":\"https:\\\/\\\/bien-etreiris.ch\\\/de\\\/produktpraesentation\\\/gesundes-leben\\\/gesunde-lebensmittel\\\/zutaten-wohlbefinden\\\/gewuerze\\\/gewurze-aus-marokko\\\/#primaryimage\"},\"image\":{\"@id\":\"https:\\\/\\\/bien-etreiris.ch\\\/de\\\/produktpraesentation\\\/gesundes-leben\\\/gesunde-lebensmittel\\\/zutaten-wohlbefinden\\\/gewuerze\\\/gewurze-aus-marokko\\\/#primaryimage\"},\"thumbnailUrl\":\"https:\\\/\\\/bien-etreiris.ch\\\/wp-content\\\/uploads\\\/2026\\\/03\\\/acceuil-epices-melangees.jpg\",\"datePublished\":\"2024-09-12T08:18:26+00:00\",\"dateModified\":\"2024-09-12T09:49:53+00:00\",\"breadcrumb\":{\"@id\":\"https:\\\/\\\/bien-etreiris.ch\\\/de\\\/produktpraesentation\\\/gesundes-leben\\\/gesunde-lebensmittel\\\/zutaten-wohlbefinden\\\/gewuerze\\\/gewurze-aus-marokko\\\/#breadcrumb\"},\"inLanguage\":\"de\",\"potentialAction\":[{\"@type\":\"ReadAction\",\"target\":[\"https:\\\/\\\/bien-etreiris.ch\\\/de\\\/produktpraesentation\\\/gesundes-leben\\\/gesunde-lebensmittel\\\/zutaten-wohlbefinden\\\/gewuerze\\\/gewurze-aus-marokko\\\/\"]}]},{\"@type\":\"ImageObject\",\"inLanguage\":\"de\",\"@id\":\"https:\\\/\\\/bien-etreiris.ch\\\/de\\\/produktpraesentation\\\/gesundes-leben\\\/gesunde-lebensmittel\\\/zutaten-wohlbefinden\\\/gewuerze\\\/gewurze-aus-marokko\\\/#primaryimage\",\"url\":\"https:\\\/\\\/bien-etreiris.ch\\\/wp-content\\\/uploads\\\/2026\\\/03\\\/acceuil-epices-melangees.jpg\",\"contentUrl\":\"https:\\\/\\\/bien-etreiris.ch\\\/wp-content\\\/uploads\\\/2026\\\/03\\\/acceuil-epices-melangees.jpg\",\"width\":500,\"height\":333},{\"@type\":\"BreadcrumbList\",\"@id\":\"https:\\\/\\\/bien-etreiris.ch\\\/de\\\/produktpraesentation\\\/gesundes-leben\\\/gesunde-lebensmittel\\\/zutaten-wohlbefinden\\\/gewuerze\\\/gewurze-aus-marokko\\\/#breadcrumb\",\"itemListElement\":[{\"@type\":\"ListItem\",\"position\":1,\"name\":\"Home\",\"item\":\"https:\\\/\\\/bien-etreiris.ch\\\/de\\\/\"},{\"@type\":\"ListItem\",\"position\":2,\"name\":\"PRODUKTPR\u00c4SENTATION\",\"item\":\"https:\\\/\\\/bien-etreiris.ch\\\/de\\\/produktpraesentation\\\/\"},{\"@type\":\"ListItem\",\"position\":3,\"name\":\"GESUNDES LEBEN\",\"item\":\"https:\\\/\\\/bien-etreiris.ch\\\/de\\\/produktpraesentation\\\/gesundes-leben\\\/\"},{\"@type\":\"ListItem\",\"position\":4,\"name\":\"GESUNDE LEBENSMITTEL\",\"item\":\"https:\\\/\\\/bien-etreiris.ch\\\/de\\\/produktpraesentation\\\/gesundes-leben\\\/gesunde-lebensmittel\\\/\"},{\"@type\":\"ListItem\",\"position\":5,\"name\":\"ZUTATEN\",\"item\":\"https:\\\/\\\/bien-etreiris.ch\\\/de\\\/produktpraesentation\\\/gesundes-leben\\\/gesunde-lebensmittel\\\/zutaten-wohlbefinden\\\/\"},{\"@type\":\"ListItem\",\"position\":6,\"name\":\"GEW\u00dcRZE\",\"item\":\"https:\\\/\\\/bien-etreiris.ch\\\/de\\\/produktpraesentation\\\/gesundes-leben\\\/gesunde-lebensmittel\\\/zutaten-wohlbefinden\\\/gewuerze\\\/\"},{\"@type\":\"ListItem\",\"position\":7,\"name\":\"&#8211;GEW\u00dcRZE AUS MAROKKO&#8211;\"}]},{\"@type\":\"WebSite\",\"@id\":\"https:\\\/\\\/bien-etreiris.ch\\\/de\\\/#website\",\"url\":\"https:\\\/\\\/bien-etreiris.ch\\\/de\\\/\",\"name\":\"Bien-\u00eatre Iris\",\"description\":\"IHRE Gesundheit ist uns wichtig\",\"potentialAction\":[{\"@type\":\"SearchAction\",\"target\":{\"@type\":\"EntryPoint\",\"urlTemplate\":\"https:\\\/\\\/bien-etreiris.ch\\\/de\\\/?s={search_term_string}\"},\"query-input\":{\"@type\":\"PropertyValueSpecification\",\"valueRequired\":true,\"valueName\":\"search_term_string\"}}],\"inLanguage\":\"de\"}]}<\/script>\n<!-- \/ Yoast SEO plugin. -->","yoast_head_json":{"title":"-GEW\u00dcRZE AUS MAROKKO- WOHLBEFINDEN","robots":{"index":"index","follow":"follow","max-snippet":"max-snippet:-1","max-image-preview":"max-image-preview:large","max-video-preview":"max-video-preview:-1"},"canonical":"https:\/\/bien-etreiris.ch\/de\/produktpraesentation\/gesundes-leben\/gesunde-lebensmittel\/zutaten-wohlbefinden\/gewuerze\/gewurze-aus-marokko\/","og_locale":"de_DE","og_type":"article","og_title":"-GEW\u00dcRZE AUS MAROKKO- WOHLBEFINDEN","og_description":"Gew\u00fcrze aus Marokko &nbsp; &nbsp; EL MROZIA &nbsp; Le m\u00e9lange El mrouzia est un tr\u00e9sor de la cuisine marocaine, import\u00e9 directement du pays des mille et une nuits. Ce m\u00e9lange d\u2019\u00e9pices parfum\u00e9es et savoureuses vous fera voyager \u00e0 travers les saveurs du monde, en sublimant vos plats de viande, de l\u00e9gumes ou de poisson. Que ce soit pour un couscous,&nbsp;Weiter lesen","og_url":"https:\/\/bien-etreiris.ch\/de\/produktpraesentation\/gesundes-leben\/gesunde-lebensmittel\/zutaten-wohlbefinden\/gewuerze\/gewurze-aus-marokko\/","og_site_name":"WOHLBEFINDEN","article_publisher":"https:\/\/www.facebook.com\/bienetreiris\/","article_modified_time":"2024-09-12T09:49:53+00:00","og_image":[{"width":500,"height":333,"url":"https:\/\/bien-etreiris.ch\/wp-content\/uploads\/2024\/09\/acceuil-epices-du-Maroc.jpg","type":"image\/jpeg"}],"twitter_misc":{"Gesch\u00e4tzte Lesezeit":"2\u00a0Minuten"},"schema":{"@context":"https:\/\/schema.org","@graph":[{"@type":"WebPage","@id":"https:\/\/bien-etreiris.ch\/de\/produktpraesentation\/gesundes-leben\/gesunde-lebensmittel\/zutaten-wohlbefinden\/gewuerze\/gewurze-aus-marokko\/","url":"https:\/\/bien-etreiris.ch\/de\/produktpraesentation\/gesundes-leben\/gesunde-lebensmittel\/zutaten-wohlbefinden\/gewuerze\/gewurze-aus-marokko\/","name":"-GEW\u00dcRZE AUS MAROKKO- WOHLBEFINDEN","isPartOf":{"@id":"https:\/\/bien-etreiris.ch\/de\/#website"},"primaryImageOfPage":{"@id":"https:\/\/bien-etreiris.ch\/de\/produktpraesentation\/gesundes-leben\/gesunde-lebensmittel\/zutaten-wohlbefinden\/gewuerze\/gewurze-aus-marokko\/#primaryimage"},"image":{"@id":"https:\/\/bien-etreiris.ch\/de\/produktpraesentation\/gesundes-leben\/gesunde-lebensmittel\/zutaten-wohlbefinden\/gewuerze\/gewurze-aus-marokko\/#primaryimage"},"thumbnailUrl":"https:\/\/bien-etreiris.ch\/wp-content\/uploads\/2026\/03\/acceuil-epices-melangees.jpg","datePublished":"2024-09-12T08:18:26+00:00","dateModified":"2024-09-12T09:49:53+00:00","breadcrumb":{"@id":"https:\/\/bien-etreiris.ch\/de\/produktpraesentation\/gesundes-leben\/gesunde-lebensmittel\/zutaten-wohlbefinden\/gewuerze\/gewurze-aus-marokko\/#breadcrumb"},"inLanguage":"de","potentialAction":[{"@type":"ReadAction","target":["https:\/\/bien-etreiris.ch\/de\/produktpraesentation\/gesundes-leben\/gesunde-lebensmittel\/zutaten-wohlbefinden\/gewuerze\/gewurze-aus-marokko\/"]}]},{"@type":"ImageObject","inLanguage":"de","@id":"https:\/\/bien-etreiris.ch\/de\/produktpraesentation\/gesundes-leben\/gesunde-lebensmittel\/zutaten-wohlbefinden\/gewuerze\/gewurze-aus-marokko\/#primaryimage","url":"https:\/\/bien-etreiris.ch\/wp-content\/uploads\/2026\/03\/acceuil-epices-melangees.jpg","contentUrl":"https:\/\/bien-etreiris.ch\/wp-content\/uploads\/2026\/03\/acceuil-epices-melangees.jpg","width":500,"height":333},{"@type":"BreadcrumbList","@id":"https:\/\/bien-etreiris.ch\/de\/produktpraesentation\/gesundes-leben\/gesunde-lebensmittel\/zutaten-wohlbefinden\/gewuerze\/gewurze-aus-marokko\/#breadcrumb","itemListElement":[{"@type":"ListItem","position":1,"name":"Home","item":"https:\/\/bien-etreiris.ch\/de\/"},{"@type":"ListItem","position":2,"name":"PRODUKTPR\u00c4SENTATION","item":"https:\/\/bien-etreiris.ch\/de\/produktpraesentation\/"},{"@type":"ListItem","position":3,"name":"GESUNDES LEBEN","item":"https:\/\/bien-etreiris.ch\/de\/produktpraesentation\/gesundes-leben\/"},{"@type":"ListItem","position":4,"name":"GESUNDE LEBENSMITTEL","item":"https:\/\/bien-etreiris.ch\/de\/produktpraesentation\/gesundes-leben\/gesunde-lebensmittel\/"},{"@type":"ListItem","position":5,"name":"ZUTATEN","item":"https:\/\/bien-etreiris.ch\/de\/produktpraesentation\/gesundes-leben\/gesunde-lebensmittel\/zutaten-wohlbefinden\/"},{"@type":"ListItem","position":6,"name":"GEW\u00dcRZE","item":"https:\/\/bien-etreiris.ch\/de\/produktpraesentation\/gesundes-leben\/gesunde-lebensmittel\/zutaten-wohlbefinden\/gewuerze\/"},{"@type":"ListItem","position":7,"name":"&#8211;GEW\u00dcRZE AUS MAROKKO&#8211;"}]},{"@type":"WebSite","@id":"https:\/\/bien-etreiris.ch\/de\/#website","url":"https:\/\/bien-etreiris.ch\/de\/","name":"Bien-\u00eatre Iris","description":"IHRE Gesundheit ist uns wichtig","potentialAction":[{"@type":"SearchAction","target":{"@type":"EntryPoint","urlTemplate":"https:\/\/bien-etreiris.ch\/de\/?s={search_term_string}"},"query-input":{"@type":"PropertyValueSpecification","valueRequired":true,"valueName":"search_term_string"}}],"inLanguage":"de"}]}},"_links":{"self":[{"href":"https:\/\/bien-etreiris.ch\/de\/wp-json\/wp\/v2\/pages\/89214","targetHints":{"allow":["GET"]}}],"collection":[{"href":"https:\/\/bien-etreiris.ch\/de\/wp-json\/wp\/v2\/pages"}],"about":[{"href":"https:\/\/bien-etreiris.ch\/de\/wp-json\/wp\/v2\/types\/page"}],"author":[{"embeddable":true,"href":"https:\/\/bien-etreiris.ch\/de\/wp-json\/wp\/v2\/users\/1"}],"replies":[{"embeddable":true,"href":"https:\/\/bien-etreiris.ch\/de\/wp-json\/wp\/v2\/comments?post=89214"}],"version-history":[{"count":7,"href":"https:\/\/bien-etreiris.ch\/de\/wp-json\/wp\/v2\/pages\/89214\/revisions"}],"predecessor-version":[{"id":89312,"href":"https:\/\/bien-etreiris.ch\/de\/wp-json\/wp\/v2\/pages\/89214\/revisions\/89312"}],"up":[{"embeddable":true,"href":"https:\/\/bien-etreiris.ch\/de\/wp-json\/wp\/v2\/pages\/39525"}],"wp:featuredmedia":[{"embeddable":true,"href":"https:\/\/bien-etreiris.ch\/de\/wp-json\/wp\/v2\/media\/98154"}],"wp:attachment":[{"href":"https:\/\/bien-etreiris.ch\/de\/wp-json\/wp\/v2\/media?parent=89214"}],"curies":[{"name":"wp","href":"https:\/\/api.w.org\/{rel}","templated":true}]}}