{"id":89194,"date":"2024-09-11T09:41:32","date_gmt":"2024-09-11T07:41:32","guid":{"rendered":"https:\/\/bien-etreiris.ch\/unsere-marken\/effective-nature\/"},"modified":"2024-09-11T09:50:10","modified_gmt":"2024-09-11T07:50:10","slug":"effective-nature","status":"publish","type":"page","link":"https:\/\/bien-etreiris.ch\/de\/unsere-marken\/effective-nature\/","title":{"rendered":"EFFECTIVE NATURE"},"content":{"rendered":"<h2>Effective nature<\/h2>\n<p>&nbsp;<\/p>\n<p>Die Marke effective nature steht f\u00fcr hochwertige <span style=\"color: #99cc00;\">Nahrungserg\u00e4nzungsmittel <\/span>und n\u00e4hrstoffreiches <span style=\"color: #99cc00;\">Superfood<\/span>. Der Name verr\u00e4t: effective nature steht f\u00fcr wirkungsvolle Naturprodukte, die so genau so effektiv sind wie die Natur.<\/p>\n<p>K\u00fcnstliche Farbstoffe, Aromen oder \u00e4hnliches kommen deshalb nicht zum Einsatz. Alle Zutaten werden nach hohen Qualit\u00e4tsanspr\u00fcchen ausgesucht und regelm\u00e4ssig gepr\u00fcft. Nat\u00fcrliche Rohstoffe, die in Produkten der Marke effective nature zum Einsatz kommen, werden \u00fcberwiegend kontrolliert biologisch und nachhaltig angebaut oder stammen aus Wildsammlung. Die Verarbeitung erfolgt schonend, sodass alle bioaktiven Inhaltsstoffe erhalten bleiben. Dies merkt man sowohl am Geschmack als auch am N\u00e4hrstoffprofil des jeweiligen Produkts.<\/p>\n<p>Die Produktion erfolgt nach hohen Qualit\u00e4tsstandards in Deutschland (die wenigem Ausnahmen sind gekennzeichnet) und alle Produkte werden regelm\u00e4ssig von externen Labors gepr\u00fcft. Um Ihnen hoch qualitative Produkte in Bio-Qualit\u00e4t anbieten zu k\u00f6nnen, ist unser Unternehmen durch die \u00d6ko-Kontrollstelle CH-BIO-006 (bio.inspecta AG) BIO zertifiziert.<\/p>\n<p>Tun Sie Ihrem K\u00f6rper etwas Gutes und \u00fcberzeugen Sie sich selbst von den Naturprodukten der Marke effective nature!<\/p>\n<p>&nbsp;<\/p>\n<h2>effective nature verspricht: Drin ist, was drauf steht<\/h2>\n","protected":false},"excerpt":{"rendered":"<p>Effective nature &nbsp; Die Marke effective nature steht f\u00fcr hochwertige Nahrungserg\u00e4nzungsmittel und n\u00e4hrstoffreiches Superfood. Der Name verr\u00e4t: effective nature steht f\u00fcr wirkungsvolle Naturprodukte, die so genau so effektiv sind wie die Natur. K\u00fcnstliche Farbstoffe, Aromen oder \u00e4hnliches kommen deshalb nicht zum Einsatz. Alle Zutaten werden nach hohen Qualit\u00e4tsanspr\u00fcchen ausgesucht und regelm\u00e4ssig gepr\u00fcft. Nat\u00fcrliche Rohstoffe, die in Produkten der Marke effective&nbsp;<a href=\"https:\/\/bien-etreiris.ch\/de\/unsere-marken\/effective-nature\/\" class=\"read-more\">Weiter lesen<\/a><\/p>\n","protected":false},"author":1,"featured_media":89191,"parent":44406,"menu_order":1343,"comment_status":"closed","ping_status":"closed","template":"page-with-child.php","meta":{"_acf_changed":false,"ngg_post_thumbnail":0,"footnotes":""},"class_list":["post-89194","page","type-page","status-publish","has-post-thumbnail","hentry"],"acf":[],"yoast_head":"<!-- This site is optimized with the Yoast SEO plugin v27.5 - https:\/\/yoast.com\/product\/yoast-seo-wordpress\/ -->\n<title>EFFECTIVE NATURE - WOHLBEFINDEN<\/title>\n<meta name=\"robots\" content=\"index, follow, max-snippet:-1, max-image-preview:large, max-video-preview:-1\" \/>\n<link rel=\"canonical\" href=\"https:\/\/bien-etreiris.ch\/de\/unsere-marken\/effective-nature\/\" \/>\n<meta property=\"og:locale\" content=\"de_DE\" \/>\n<meta property=\"og:type\" content=\"article\" \/>\n<meta property=\"og:title\" content=\"EFFECTIVE NATURE - WOHLBEFINDEN\" \/>\n<meta property=\"og:description\" content=\"Effective nature &nbsp; Die Marke effective nature steht f\u00fcr hochwertige Nahrungserg\u00e4nzungsmittel und n\u00e4hrstoffreiches Superfood. Der Name verr\u00e4t: effective nature steht f\u00fcr wirkungsvolle Naturprodukte, die so genau so effektiv sind wie die Natur. K\u00fcnstliche Farbstoffe, Aromen oder \u00e4hnliches kommen deshalb nicht zum Einsatz. Alle Zutaten werden nach hohen Qualit\u00e4tsanspr\u00fcchen ausgesucht und regelm\u00e4ssig gepr\u00fcft. Nat\u00fcrliche Rohstoffe, die in Produkten der Marke effective&nbsp;Weiter lesen\" \/>\n<meta property=\"og:url\" content=\"https:\/\/bien-etreiris.ch\/de\/unsere-marken\/effective-nature\/\" \/>\n<meta property=\"og:site_name\" content=\"WOHLBEFINDEN\" \/>\n<meta property=\"article:publisher\" content=\"https:\/\/www.facebook.com\/bienetreiris\/\" \/>\n<meta property=\"article:modified_time\" content=\"2024-09-11T07:50:10+00:00\" \/>\n<meta property=\"og:image\" content=\"https:\/\/bien-etreiris.ch\/wp-content\/uploads\/2024\/09\/effective-natur.jpg\" \/>\n\t<meta property=\"og:image:width\" content=\"500\" \/>\n\t<meta property=\"og:image:height\" content=\"333\" \/>\n\t<meta property=\"og:image:type\" content=\"image\/jpeg\" \/>\n<meta name=\"twitter:label1\" content=\"Gesch\u00e4tzte Lesezeit\" \/>\n\t<meta name=\"twitter:data1\" content=\"2\u00a0Minuten\" \/>\n<script type=\"application\/ld+json\" class=\"yoast-schema-graph\">{\"@context\":\"https:\\\/\\\/schema.org\",\"@graph\":[{\"@type\":\"WebPage\",\"@id\":\"https:\\\/\\\/bien-etreiris.ch\\\/de\\\/unsere-marken\\\/effective-nature\\\/\",\"url\":\"https:\\\/\\\/bien-etreiris.ch\\\/de\\\/unsere-marken\\\/effective-nature\\\/\",\"name\":\"EFFECTIVE NATURE - WOHLBEFINDEN\",\"isPartOf\":{\"@id\":\"https:\\\/\\\/bien-etreiris.ch\\\/de\\\/#website\"},\"primaryImageOfPage\":{\"@id\":\"https:\\\/\\\/bien-etreiris.ch\\\/de\\\/unsere-marken\\\/effective-nature\\\/#primaryimage\"},\"image\":{\"@id\":\"https:\\\/\\\/bien-etreiris.ch\\\/de\\\/unsere-marken\\\/effective-nature\\\/#primaryimage\"},\"thumbnailUrl\":\"https:\\\/\\\/bien-etreiris.ch\\\/wp-content\\\/uploads\\\/2024\\\/09\\\/effective-natur.jpg\",\"datePublished\":\"2024-09-11T07:41:32+00:00\",\"dateModified\":\"2024-09-11T07:50:10+00:00\",\"breadcrumb\":{\"@id\":\"https:\\\/\\\/bien-etreiris.ch\\\/de\\\/unsere-marken\\\/effective-nature\\\/#breadcrumb\"},\"inLanguage\":\"de\",\"potentialAction\":[{\"@type\":\"ReadAction\",\"target\":[\"https:\\\/\\\/bien-etreiris.ch\\\/de\\\/unsere-marken\\\/effective-nature\\\/\"]}]},{\"@type\":\"ImageObject\",\"inLanguage\":\"de\",\"@id\":\"https:\\\/\\\/bien-etreiris.ch\\\/de\\\/unsere-marken\\\/effective-nature\\\/#primaryimage\",\"url\":\"https:\\\/\\\/bien-etreiris.ch\\\/wp-content\\\/uploads\\\/2024\\\/09\\\/effective-natur.jpg\",\"contentUrl\":\"https:\\\/\\\/bien-etreiris.ch\\\/wp-content\\\/uploads\\\/2024\\\/09\\\/effective-natur.jpg\",\"width\":500,\"height\":333},{\"@type\":\"BreadcrumbList\",\"@id\":\"https:\\\/\\\/bien-etreiris.ch\\\/de\\\/unsere-marken\\\/effective-nature\\\/#breadcrumb\",\"itemListElement\":[{\"@type\":\"ListItem\",\"position\":1,\"name\":\"Home\",\"item\":\"https:\\\/\\\/bien-etreiris.ch\\\/de\\\/\"},{\"@type\":\"ListItem\",\"position\":2,\"name\":\"UNSERE MARKEN\",\"item\":\"https:\\\/\\\/bien-etreiris.ch\\\/de\\\/unsere-marken\\\/\"},{\"@type\":\"ListItem\",\"position\":3,\"name\":\"EFFECTIVE NATURE\"}]},{\"@type\":\"WebSite\",\"@id\":\"https:\\\/\\\/bien-etreiris.ch\\\/de\\\/#website\",\"url\":\"https:\\\/\\\/bien-etreiris.ch\\\/de\\\/\",\"name\":\"Bien-\u00eatre Iris\",\"description\":\"IHRE Gesundheit ist uns wichtig\",\"potentialAction\":[{\"@type\":\"SearchAction\",\"target\":{\"@type\":\"EntryPoint\",\"urlTemplate\":\"https:\\\/\\\/bien-etreiris.ch\\\/de\\\/?s={search_term_string}\"},\"query-input\":{\"@type\":\"PropertyValueSpecification\",\"valueRequired\":true,\"valueName\":\"search_term_string\"}}],\"inLanguage\":\"de\"}]}<\/script>\n<!-- \/ Yoast SEO plugin. -->","yoast_head_json":{"title":"EFFECTIVE NATURE - WOHLBEFINDEN","robots":{"index":"index","follow":"follow","max-snippet":"max-snippet:-1","max-image-preview":"max-image-preview:large","max-video-preview":"max-video-preview:-1"},"canonical":"https:\/\/bien-etreiris.ch\/de\/unsere-marken\/effective-nature\/","og_locale":"de_DE","og_type":"article","og_title":"EFFECTIVE NATURE - WOHLBEFINDEN","og_description":"Effective nature &nbsp; Die Marke effective nature steht f\u00fcr hochwertige Nahrungserg\u00e4nzungsmittel und n\u00e4hrstoffreiches Superfood. Der Name verr\u00e4t: effective nature steht f\u00fcr wirkungsvolle Naturprodukte, die so genau so effektiv sind wie die Natur. K\u00fcnstliche Farbstoffe, Aromen oder \u00e4hnliches kommen deshalb nicht zum Einsatz. Alle Zutaten werden nach hohen Qualit\u00e4tsanspr\u00fcchen ausgesucht und regelm\u00e4ssig gepr\u00fcft. Nat\u00fcrliche Rohstoffe, die in Produkten der Marke effective&nbsp;Weiter lesen","og_url":"https:\/\/bien-etreiris.ch\/de\/unsere-marken\/effective-nature\/","og_site_name":"WOHLBEFINDEN","article_publisher":"https:\/\/www.facebook.com\/bienetreiris\/","article_modified_time":"2024-09-11T07:50:10+00:00","og_image":[{"width":500,"height":333,"url":"https:\/\/bien-etreiris.ch\/wp-content\/uploads\/2024\/09\/effective-natur.jpg","type":"image\/jpeg"}],"twitter_misc":{"Gesch\u00e4tzte Lesezeit":"2\u00a0Minuten"},"schema":{"@context":"https:\/\/schema.org","@graph":[{"@type":"WebPage","@id":"https:\/\/bien-etreiris.ch\/de\/unsere-marken\/effective-nature\/","url":"https:\/\/bien-etreiris.ch\/de\/unsere-marken\/effective-nature\/","name":"EFFECTIVE NATURE - WOHLBEFINDEN","isPartOf":{"@id":"https:\/\/bien-etreiris.ch\/de\/#website"},"primaryImageOfPage":{"@id":"https:\/\/bien-etreiris.ch\/de\/unsere-marken\/effective-nature\/#primaryimage"},"image":{"@id":"https:\/\/bien-etreiris.ch\/de\/unsere-marken\/effective-nature\/#primaryimage"},"thumbnailUrl":"https:\/\/bien-etreiris.ch\/wp-content\/uploads\/2024\/09\/effective-natur.jpg","datePublished":"2024-09-11T07:41:32+00:00","dateModified":"2024-09-11T07:50:10+00:00","breadcrumb":{"@id":"https:\/\/bien-etreiris.ch\/de\/unsere-marken\/effective-nature\/#breadcrumb"},"inLanguage":"de","potentialAction":[{"@type":"ReadAction","target":["https:\/\/bien-etreiris.ch\/de\/unsere-marken\/effective-nature\/"]}]},{"@type":"ImageObject","inLanguage":"de","@id":"https:\/\/bien-etreiris.ch\/de\/unsere-marken\/effective-nature\/#primaryimage","url":"https:\/\/bien-etreiris.ch\/wp-content\/uploads\/2024\/09\/effective-natur.jpg","contentUrl":"https:\/\/bien-etreiris.ch\/wp-content\/uploads\/2024\/09\/effective-natur.jpg","width":500,"height":333},{"@type":"BreadcrumbList","@id":"https:\/\/bien-etreiris.ch\/de\/unsere-marken\/effective-nature\/#breadcrumb","itemListElement":[{"@type":"ListItem","position":1,"name":"Home","item":"https:\/\/bien-etreiris.ch\/de\/"},{"@type":"ListItem","position":2,"name":"UNSERE MARKEN","item":"https:\/\/bien-etreiris.ch\/de\/unsere-marken\/"},{"@type":"ListItem","position":3,"name":"EFFECTIVE NATURE"}]},{"@type":"WebSite","@id":"https:\/\/bien-etreiris.ch\/de\/#website","url":"https:\/\/bien-etreiris.ch\/de\/","name":"Bien-\u00eatre Iris","description":"IHRE Gesundheit ist uns wichtig","potentialAction":[{"@type":"SearchAction","target":{"@type":"EntryPoint","urlTemplate":"https:\/\/bien-etreiris.ch\/de\/?s={search_term_string}"},"query-input":{"@type":"PropertyValueSpecification","valueRequired":true,"valueName":"search_term_string"}}],"inLanguage":"de"}]}},"_links":{"self":[{"href":"https:\/\/bien-etreiris.ch\/de\/wp-json\/wp\/v2\/pages\/89194","targetHints":{"allow":["GET"]}}],"collection":[{"href":"https:\/\/bien-etreiris.ch\/de\/wp-json\/wp\/v2\/pages"}],"about":[{"href":"https:\/\/bien-etreiris.ch\/de\/wp-json\/wp\/v2\/types\/page"}],"author":[{"embeddable":true,"href":"https:\/\/bien-etreiris.ch\/de\/wp-json\/wp\/v2\/users\/1"}],"replies":[{"embeddable":true,"href":"https:\/\/bien-etreiris.ch\/de\/wp-json\/wp\/v2\/comments?post=89194"}],"version-history":[{"count":3,"href":"https:\/\/bien-etreiris.ch\/de\/wp-json\/wp\/v2\/pages\/89194\/revisions"}],"predecessor-version":[{"id":89198,"href":"https:\/\/bien-etreiris.ch\/de\/wp-json\/wp\/v2\/pages\/89194\/revisions\/89198"}],"up":[{"embeddable":true,"href":"https:\/\/bien-etreiris.ch\/de\/wp-json\/wp\/v2\/pages\/44406"}],"wp:featuredmedia":[{"embeddable":true,"href":"https:\/\/bien-etreiris.ch\/de\/wp-json\/wp\/v2\/media\/89191"}],"wp:attachment":[{"href":"https:\/\/bien-etreiris.ch\/de\/wp-json\/wp\/v2\/media?parent=89194"}],"curies":[{"name":"wp","href":"https:\/\/api.w.org\/{rel}","templated":true}]}}