{"id":88526,"date":"2024-09-04T10:54:19","date_gmt":"2024-09-04T08:54:19","guid":{"rendered":"https:\/\/bien-etreiris.ch\/ratgeber-klarheit-beratung\/gesunder-lebensstil\/naehrstoffe\/nahrungsergaenzungmittel\/autres-complements\/"},"modified":"2024-09-04T11:12:45","modified_gmt":"2024-09-04T09:12:45","slug":"zusaetzliche-nahrungsergaenzungsmittel","status":"publish","type":"page","link":"https:\/\/bien-etreiris.ch\/de\/ratgeber-klarheit-beratung\/gesunder-lebensstil\/naehrstoffe\/nahrungsergaenzungmittel\/zusaetzliche-nahrungsergaenzungsmittel\/","title":{"rendered":"ZUSATZ-ERG\u00c4NZUNGS"},"content":{"rendered":"<h2>Sonstige Nahrungserg\u00e4nzungsmittel<\/h2>\n<p>Nahrungserg\u00e4nzungsmittel k\u00f6nnen helfen, N\u00e4hrstoffl\u00fccken zu schliessen und den K\u00f6rper mit essenziellen Vitaminen, Mineralien und Antioxidantien zu versorgen. In unserer modernen Welt, in der Stress, Umweltbelastungen und ungesunde Ern\u00e4hrung die Norm sind, k\u00f6nnen Nahrungserg\u00e4nzungsmittel dazu beitragen, den optimalen Gesundheitszustand aufrechtzuerhalten.<\/p>\n<p>&nbsp;<\/p>\n<p>&nbsp;<\/p>\n","protected":false},"excerpt":{"rendered":"<p>Sonstige Nahrungserg\u00e4nzungsmittel Nahrungserg\u00e4nzungsmittel k\u00f6nnen helfen, N\u00e4hrstoffl\u00fccken zu schliessen und den K\u00f6rper mit essenziellen Vitaminen, Mineralien und Antioxidantien zu versorgen. In unserer modernen Welt, in der Stress, Umweltbelastungen und ungesunde Ern\u00e4hrung die Norm sind, k\u00f6nnen Nahrungserg\u00e4nzungsmittel dazu beitragen, den optimalen Gesundheitszustand aufrechtzuerhalten. &nbsp; &nbsp;<\/p>\n","protected":false},"author":1,"featured_media":88529,"parent":83466,"menu_order":1472,"comment_status":"closed","ping_status":"closed","template":"page-with-child.php","meta":{"_acf_changed":false,"ngg_post_thumbnail":0,"footnotes":""},"class_list":["post-88526","page","type-page","status-publish","has-post-thumbnail","hentry"],"acf":[],"yoast_head":"<!-- This site is optimized with the Yoast SEO plugin v27.5 - https:\/\/yoast.com\/product\/yoast-seo-wordpress\/ -->\n<title>ZUSATZ-ERG\u00c4NZUNGS - WOHLBEFINDEN<\/title>\n<meta name=\"robots\" content=\"index, follow, max-snippet:-1, max-image-preview:large, max-video-preview:-1\" \/>\n<link rel=\"canonical\" href=\"https:\/\/bien-etreiris.ch\/de\/ratgeber-klarheit-beratung\/gesunder-lebensstil\/naehrstoffe\/nahrungsergaenzungmittel\/zusaetzliche-nahrungsergaenzungsmittel\/\" \/>\n<meta property=\"og:locale\" content=\"de_DE\" \/>\n<meta property=\"og:type\" content=\"article\" \/>\n<meta property=\"og:title\" content=\"ZUSATZ-ERG\u00c4NZUNGS - WOHLBEFINDEN\" \/>\n<meta property=\"og:description\" content=\"Sonstige Nahrungserg\u00e4nzungsmittel Nahrungserg\u00e4nzungsmittel k\u00f6nnen helfen, N\u00e4hrstoffl\u00fccken zu schliessen und den K\u00f6rper mit essenziellen Vitaminen, Mineralien und Antioxidantien zu versorgen. In unserer modernen Welt, in der Stress, Umweltbelastungen und ungesunde Ern\u00e4hrung die Norm sind, k\u00f6nnen Nahrungserg\u00e4nzungsmittel dazu beitragen, den optimalen Gesundheitszustand aufrechtzuerhalten. &nbsp; &nbsp;\" \/>\n<meta property=\"og:url\" content=\"https:\/\/bien-etreiris.ch\/de\/ratgeber-klarheit-beratung\/gesunder-lebensstil\/naehrstoffe\/nahrungsergaenzungmittel\/zusaetzliche-nahrungsergaenzungsmittel\/\" \/>\n<meta property=\"og:site_name\" content=\"WOHLBEFINDEN\" \/>\n<meta property=\"article:publisher\" content=\"https:\/\/www.facebook.com\/bienetreiris\/\" \/>\n<meta property=\"article:modified_time\" content=\"2024-09-04T09:12:45+00:00\" \/>\n<meta property=\"og:image\" content=\"https:\/\/bien-etreiris.ch\/wp-content\/uploads\/2024\/09\/Acceuil-autres-Complements.jpg\" \/>\n\t<meta property=\"og:image:width\" content=\"500\" \/>\n\t<meta property=\"og:image:height\" content=\"333\" \/>\n\t<meta property=\"og:image:type\" content=\"image\/jpeg\" \/>\n<meta name=\"twitter:label1\" content=\"Gesch\u00e4tzte Lesezeit\" \/>\n\t<meta name=\"twitter:data1\" content=\"1\u00a0Minute\" \/>\n<script type=\"application\/ld+json\" class=\"yoast-schema-graph\">{\"@context\":\"https:\\\/\\\/schema.org\",\"@graph\":[{\"@type\":\"WebPage\",\"@id\":\"https:\\\/\\\/bien-etreiris.ch\\\/de\\\/ratgeber-klarheit-beratung\\\/gesunder-lebensstil\\\/naehrstoffe\\\/nahrungsergaenzungmittel\\\/zusaetzliche-nahrungsergaenzungsmittel\\\/\",\"url\":\"https:\\\/\\\/bien-etreiris.ch\\\/de\\\/ratgeber-klarheit-beratung\\\/gesunder-lebensstil\\\/naehrstoffe\\\/nahrungsergaenzungmittel\\\/zusaetzliche-nahrungsergaenzungsmittel\\\/\",\"name\":\"ZUSATZ-ERG\u00c4NZUNGS - WOHLBEFINDEN\",\"isPartOf\":{\"@id\":\"https:\\\/\\\/bien-etreiris.ch\\\/de\\\/#website\"},\"primaryImageOfPage\":{\"@id\":\"https:\\\/\\\/bien-etreiris.ch\\\/de\\\/ratgeber-klarheit-beratung\\\/gesunder-lebensstil\\\/naehrstoffe\\\/nahrungsergaenzungmittel\\\/zusaetzliche-nahrungsergaenzungsmittel\\\/#primaryimage\"},\"image\":{\"@id\":\"https:\\\/\\\/bien-etreiris.ch\\\/de\\\/ratgeber-klarheit-beratung\\\/gesunder-lebensstil\\\/naehrstoffe\\\/nahrungsergaenzungmittel\\\/zusaetzliche-nahrungsergaenzungsmittel\\\/#primaryimage\"},\"thumbnailUrl\":\"https:\\\/\\\/bien-etreiris.ch\\\/wp-content\\\/uploads\\\/2024\\\/09\\\/Acceuil-autres-Complements.jpg\",\"datePublished\":\"2024-09-04T08:54:19+00:00\",\"dateModified\":\"2024-09-04T09:12:45+00:00\",\"breadcrumb\":{\"@id\":\"https:\\\/\\\/bien-etreiris.ch\\\/de\\\/ratgeber-klarheit-beratung\\\/gesunder-lebensstil\\\/naehrstoffe\\\/nahrungsergaenzungmittel\\\/zusaetzliche-nahrungsergaenzungsmittel\\\/#breadcrumb\"},\"inLanguage\":\"de\",\"potentialAction\":[{\"@type\":\"ReadAction\",\"target\":[\"https:\\\/\\\/bien-etreiris.ch\\\/de\\\/ratgeber-klarheit-beratung\\\/gesunder-lebensstil\\\/naehrstoffe\\\/nahrungsergaenzungmittel\\\/zusaetzliche-nahrungsergaenzungsmittel\\\/\"]}]},{\"@type\":\"ImageObject\",\"inLanguage\":\"de\",\"@id\":\"https:\\\/\\\/bien-etreiris.ch\\\/de\\\/ratgeber-klarheit-beratung\\\/gesunder-lebensstil\\\/naehrstoffe\\\/nahrungsergaenzungmittel\\\/zusaetzliche-nahrungsergaenzungsmittel\\\/#primaryimage\",\"url\":\"https:\\\/\\\/bien-etreiris.ch\\\/wp-content\\\/uploads\\\/2024\\\/09\\\/Acceuil-autres-Complements.jpg\",\"contentUrl\":\"https:\\\/\\\/bien-etreiris.ch\\\/wp-content\\\/uploads\\\/2024\\\/09\\\/Acceuil-autres-Complements.jpg\",\"width\":500,\"height\":333},{\"@type\":\"BreadcrumbList\",\"@id\":\"https:\\\/\\\/bien-etreiris.ch\\\/de\\\/ratgeber-klarheit-beratung\\\/gesunder-lebensstil\\\/naehrstoffe\\\/nahrungsergaenzungmittel\\\/zusaetzliche-nahrungsergaenzungsmittel\\\/#breadcrumb\",\"itemListElement\":[{\"@type\":\"ListItem\",\"position\":1,\"name\":\"Home\",\"item\":\"https:\\\/\\\/bien-etreiris.ch\\\/de\\\/\"},{\"@type\":\"ListItem\",\"position\":2,\"name\":\"RATGEBER &#038; KLARHEIT\",\"item\":\"https:\\\/\\\/bien-etreiris.ch\\\/de\\\/ratgeber-klarheit-beratung\\\/\"},{\"@type\":\"ListItem\",\"position\":3,\"name\":\"GESUNDER LEBENSSTIL\",\"item\":\"https:\\\/\\\/bien-etreiris.ch\\\/de\\\/ratgeber-klarheit-beratung\\\/gesunder-lebensstil\\\/\"},{\"@type\":\"ListItem\",\"position\":4,\"name\":\"N\u00c4HRSTOFFE\",\"item\":\"https:\\\/\\\/bien-etreiris.ch\\\/de\\\/ratgeber-klarheit-beratung\\\/naehrstoffe\\\/\"},{\"@type\":\"ListItem\",\"position\":5,\"name\":\"NAHRUNGSERG\u00c4NZUNG\",\"item\":\"https:\\\/\\\/bien-etreiris.ch\\\/de\\\/ratgeber-klarheit-beratung\\\/gesunder-lebensstil\\\/naehrstoffe\\\/nahrungsergaenzungmittel\\\/\"},{\"@type\":\"ListItem\",\"position\":6,\"name\":\"ZUSATZ-ERG\u00c4NZUNGS\"}]},{\"@type\":\"WebSite\",\"@id\":\"https:\\\/\\\/bien-etreiris.ch\\\/de\\\/#website\",\"url\":\"https:\\\/\\\/bien-etreiris.ch\\\/de\\\/\",\"name\":\"Bien-\u00eatre Iris\",\"description\":\"IHRE Gesundheit ist uns wichtig\",\"potentialAction\":[{\"@type\":\"SearchAction\",\"target\":{\"@type\":\"EntryPoint\",\"urlTemplate\":\"https:\\\/\\\/bien-etreiris.ch\\\/de\\\/?s={search_term_string}\"},\"query-input\":{\"@type\":\"PropertyValueSpecification\",\"valueRequired\":true,\"valueName\":\"search_term_string\"}}],\"inLanguage\":\"de\"}]}<\/script>\n<!-- \/ Yoast SEO plugin. -->","yoast_head_json":{"title":"ZUSATZ-ERG\u00c4NZUNGS - WOHLBEFINDEN","robots":{"index":"index","follow":"follow","max-snippet":"max-snippet:-1","max-image-preview":"max-image-preview:large","max-video-preview":"max-video-preview:-1"},"canonical":"https:\/\/bien-etreiris.ch\/de\/ratgeber-klarheit-beratung\/gesunder-lebensstil\/naehrstoffe\/nahrungsergaenzungmittel\/zusaetzliche-nahrungsergaenzungsmittel\/","og_locale":"de_DE","og_type":"article","og_title":"ZUSATZ-ERG\u00c4NZUNGS - WOHLBEFINDEN","og_description":"Sonstige Nahrungserg\u00e4nzungsmittel Nahrungserg\u00e4nzungsmittel k\u00f6nnen helfen, N\u00e4hrstoffl\u00fccken zu schliessen und den K\u00f6rper mit essenziellen Vitaminen, Mineralien und Antioxidantien zu versorgen. In unserer modernen Welt, in der Stress, Umweltbelastungen und ungesunde Ern\u00e4hrung die Norm sind, k\u00f6nnen Nahrungserg\u00e4nzungsmittel dazu beitragen, den optimalen Gesundheitszustand aufrechtzuerhalten. &nbsp; &nbsp;","og_url":"https:\/\/bien-etreiris.ch\/de\/ratgeber-klarheit-beratung\/gesunder-lebensstil\/naehrstoffe\/nahrungsergaenzungmittel\/zusaetzliche-nahrungsergaenzungsmittel\/","og_site_name":"WOHLBEFINDEN","article_publisher":"https:\/\/www.facebook.com\/bienetreiris\/","article_modified_time":"2024-09-04T09:12:45+00:00","og_image":[{"width":500,"height":333,"url":"https:\/\/bien-etreiris.ch\/wp-content\/uploads\/2024\/09\/Acceuil-autres-Complements.jpg","type":"image\/jpeg"}],"twitter_misc":{"Gesch\u00e4tzte Lesezeit":"1\u00a0Minute"},"schema":{"@context":"https:\/\/schema.org","@graph":[{"@type":"WebPage","@id":"https:\/\/bien-etreiris.ch\/de\/ratgeber-klarheit-beratung\/gesunder-lebensstil\/naehrstoffe\/nahrungsergaenzungmittel\/zusaetzliche-nahrungsergaenzungsmittel\/","url":"https:\/\/bien-etreiris.ch\/de\/ratgeber-klarheit-beratung\/gesunder-lebensstil\/naehrstoffe\/nahrungsergaenzungmittel\/zusaetzliche-nahrungsergaenzungsmittel\/","name":"ZUSATZ-ERG\u00c4NZUNGS - WOHLBEFINDEN","isPartOf":{"@id":"https:\/\/bien-etreiris.ch\/de\/#website"},"primaryImageOfPage":{"@id":"https:\/\/bien-etreiris.ch\/de\/ratgeber-klarheit-beratung\/gesunder-lebensstil\/naehrstoffe\/nahrungsergaenzungmittel\/zusaetzliche-nahrungsergaenzungsmittel\/#primaryimage"},"image":{"@id":"https:\/\/bien-etreiris.ch\/de\/ratgeber-klarheit-beratung\/gesunder-lebensstil\/naehrstoffe\/nahrungsergaenzungmittel\/zusaetzliche-nahrungsergaenzungsmittel\/#primaryimage"},"thumbnailUrl":"https:\/\/bien-etreiris.ch\/wp-content\/uploads\/2024\/09\/Acceuil-autres-Complements.jpg","datePublished":"2024-09-04T08:54:19+00:00","dateModified":"2024-09-04T09:12:45+00:00","breadcrumb":{"@id":"https:\/\/bien-etreiris.ch\/de\/ratgeber-klarheit-beratung\/gesunder-lebensstil\/naehrstoffe\/nahrungsergaenzungmittel\/zusaetzliche-nahrungsergaenzungsmittel\/#breadcrumb"},"inLanguage":"de","potentialAction":[{"@type":"ReadAction","target":["https:\/\/bien-etreiris.ch\/de\/ratgeber-klarheit-beratung\/gesunder-lebensstil\/naehrstoffe\/nahrungsergaenzungmittel\/zusaetzliche-nahrungsergaenzungsmittel\/"]}]},{"@type":"ImageObject","inLanguage":"de","@id":"https:\/\/bien-etreiris.ch\/de\/ratgeber-klarheit-beratung\/gesunder-lebensstil\/naehrstoffe\/nahrungsergaenzungmittel\/zusaetzliche-nahrungsergaenzungsmittel\/#primaryimage","url":"https:\/\/bien-etreiris.ch\/wp-content\/uploads\/2024\/09\/Acceuil-autres-Complements.jpg","contentUrl":"https:\/\/bien-etreiris.ch\/wp-content\/uploads\/2024\/09\/Acceuil-autres-Complements.jpg","width":500,"height":333},{"@type":"BreadcrumbList","@id":"https:\/\/bien-etreiris.ch\/de\/ratgeber-klarheit-beratung\/gesunder-lebensstil\/naehrstoffe\/nahrungsergaenzungmittel\/zusaetzliche-nahrungsergaenzungsmittel\/#breadcrumb","itemListElement":[{"@type":"ListItem","position":1,"name":"Home","item":"https:\/\/bien-etreiris.ch\/de\/"},{"@type":"ListItem","position":2,"name":"RATGEBER &#038; KLARHEIT","item":"https:\/\/bien-etreiris.ch\/de\/ratgeber-klarheit-beratung\/"},{"@type":"ListItem","position":3,"name":"GESUNDER LEBENSSTIL","item":"https:\/\/bien-etreiris.ch\/de\/ratgeber-klarheit-beratung\/gesunder-lebensstil\/"},{"@type":"ListItem","position":4,"name":"N\u00c4HRSTOFFE","item":"https:\/\/bien-etreiris.ch\/de\/ratgeber-klarheit-beratung\/naehrstoffe\/"},{"@type":"ListItem","position":5,"name":"NAHRUNGSERG\u00c4NZUNG","item":"https:\/\/bien-etreiris.ch\/de\/ratgeber-klarheit-beratung\/gesunder-lebensstil\/naehrstoffe\/nahrungsergaenzungmittel\/"},{"@type":"ListItem","position":6,"name":"ZUSATZ-ERG\u00c4NZUNGS"}]},{"@type":"WebSite","@id":"https:\/\/bien-etreiris.ch\/de\/#website","url":"https:\/\/bien-etreiris.ch\/de\/","name":"Bien-\u00eatre Iris","description":"IHRE Gesundheit ist uns wichtig","potentialAction":[{"@type":"SearchAction","target":{"@type":"EntryPoint","urlTemplate":"https:\/\/bien-etreiris.ch\/de\/?s={search_term_string}"},"query-input":{"@type":"PropertyValueSpecification","valueRequired":true,"valueName":"search_term_string"}}],"inLanguage":"de"}]}},"_links":{"self":[{"href":"https:\/\/bien-etreiris.ch\/de\/wp-json\/wp\/v2\/pages\/88526","targetHints":{"allow":["GET"]}}],"collection":[{"href":"https:\/\/bien-etreiris.ch\/de\/wp-json\/wp\/v2\/pages"}],"about":[{"href":"https:\/\/bien-etreiris.ch\/de\/wp-json\/wp\/v2\/types\/page"}],"author":[{"embeddable":true,"href":"https:\/\/bien-etreiris.ch\/de\/wp-json\/wp\/v2\/users\/1"}],"replies":[{"embeddable":true,"href":"https:\/\/bien-etreiris.ch\/de\/wp-json\/wp\/v2\/comments?post=88526"}],"version-history":[{"count":4,"href":"https:\/\/bien-etreiris.ch\/de\/wp-json\/wp\/v2\/pages\/88526\/revisions"}],"predecessor-version":[{"id":88545,"href":"https:\/\/bien-etreiris.ch\/de\/wp-json\/wp\/v2\/pages\/88526\/revisions\/88545"}],"up":[{"embeddable":true,"href":"https:\/\/bien-etreiris.ch\/de\/wp-json\/wp\/v2\/pages\/83466"}],"wp:featuredmedia":[{"embeddable":true,"href":"https:\/\/bien-etreiris.ch\/de\/wp-json\/wp\/v2\/media\/88529"}],"wp:attachment":[{"href":"https:\/\/bien-etreiris.ch\/de\/wp-json\/wp\/v2\/media?parent=88526"}],"curies":[{"name":"wp","href":"https:\/\/api.w.org\/{rel}","templated":true}]}}