{"id":88481,"date":"2024-09-02T16:40:29","date_gmt":"2024-09-02T14:40:29","guid":{"rendered":"https:\/\/bien-etreiris.ch\/produktpraesentation\/natuerliche-heilmittel\/dysfonctionnement-de-la-commande\/"},"modified":"2024-09-02T16:44:46","modified_gmt":"2024-09-02T14:44:46","slug":"fehlfunktion-der-steuerung","status":"publish","type":"page","link":"https:\/\/bien-etreiris.ch\/de\/ratgeber-klarheit-beratung\/natuerliche-heilmittel\/fehlfunktion-der-steuerung\/","title":{"rendered":"FEHLFUNKTIONEN"},"content":{"rendered":"\n<h2>Fehlfunktion der Steuerung<\/h2>\n<p>Sowohl Allergien als auch Autoimmunerkrankungen werden durch eine Fehlfunktion der Steuerung verursacht. Bei Allergien reagiert unser K\u00f6rper \u00fcberm\u00e4ssig auf fremde Substanzen, die eigentlich nicht sch\u00e4dlich sind. Bei Autoimmunerkrankungen werden sogar k\u00f6rpereigene Zellen und Strukturen von den eigenen Immunzellen angegriffen.<\/p>\n","protected":false},"excerpt":{"rendered":"<p>Fehlfunktion der Steuerung Sowohl Allergien als auch Autoimmunerkrankungen werden durch eine Fehlfunktion der Steuerung verursacht. Bei Allergien reagiert unser K\u00f6rper \u00fcberm\u00e4ssig auf fremde Substanzen, die eigentlich nicht sch\u00e4dlich sind. Bei Autoimmunerkrankungen werden sogar k\u00f6rpereigene Zellen und Strukturen von den eigenen Immunzellen angegriffen.<\/p>\n","protected":false},"author":1,"featured_media":88478,"parent":62337,"menu_order":1479,"comment_status":"closed","ping_status":"closed","template":"page-with-child.php","meta":{"_acf_changed":false,"ngg_post_thumbnail":0,"footnotes":""},"class_list":["post-88481","page","type-page","status-publish","has-post-thumbnail","hentry"],"acf":[],"yoast_head":"<!-- This site is optimized with the Yoast SEO plugin v27.6 - https:\/\/yoast.com\/product\/yoast-seo-wordpress\/ -->\n<title>FEHLFUNKTIONEN - WOHLBEFINDEN<\/title>\n<meta name=\"robots\" content=\"index, follow, max-snippet:-1, max-image-preview:large, max-video-preview:-1\" \/>\n<link rel=\"canonical\" href=\"https:\/\/bien-etreiris.ch\/de\/ratgeber-klarheit-beratung\/natuerliche-heilmittel\/fehlfunktion-der-steuerung\/\" \/>\n<meta property=\"og:locale\" content=\"de_DE\" \/>\n<meta property=\"og:type\" content=\"article\" \/>\n<meta property=\"og:title\" content=\"FEHLFUNKTIONEN - WOHLBEFINDEN\" \/>\n<meta property=\"og:description\" content=\"Fehlfunktion der Steuerung Sowohl Allergien als auch Autoimmunerkrankungen werden durch eine Fehlfunktion der Steuerung verursacht. Bei Allergien reagiert unser K\u00f6rper \u00fcberm\u00e4ssig auf fremde Substanzen, die eigentlich nicht sch\u00e4dlich sind. Bei Autoimmunerkrankungen werden sogar k\u00f6rpereigene Zellen und Strukturen von den eigenen Immunzellen angegriffen.\" \/>\n<meta property=\"og:url\" content=\"https:\/\/bien-etreiris.ch\/de\/ratgeber-klarheit-beratung\/natuerliche-heilmittel\/fehlfunktion-der-steuerung\/\" \/>\n<meta property=\"og:site_name\" content=\"WOHLBEFINDEN\" \/>\n<meta property=\"article:publisher\" content=\"https:\/\/www.facebook.com\/bienetreiris\/\" \/>\n<meta property=\"article:modified_time\" content=\"2024-09-02T14:44:46+00:00\" \/>\n<meta property=\"og:image\" content=\"https:\/\/bien-etreiris.ch\/wp-content\/uploads\/2024\/09\/acceuil-dysfonctionnement.jpg\" \/>\n\t<meta property=\"og:image:width\" content=\"500\" \/>\n\t<meta property=\"og:image:height\" content=\"333\" \/>\n\t<meta property=\"og:image:type\" content=\"image\/jpeg\" \/>\n<meta name=\"twitter:label1\" content=\"Gesch\u00e4tzte Lesezeit\" \/>\n\t<meta name=\"twitter:data1\" content=\"1\u00a0Minute\" \/>\n<script type=\"application\/ld+json\" class=\"yoast-schema-graph\">{\"@context\":\"https:\\\/\\\/schema.org\",\"@graph\":[{\"@type\":\"WebPage\",\"@id\":\"https:\\\/\\\/bien-etreiris.ch\\\/de\\\/ratgeber-klarheit-beratung\\\/natuerliche-heilmittel\\\/fehlfunktion-der-steuerung\\\/\",\"url\":\"https:\\\/\\\/bien-etreiris.ch\\\/de\\\/ratgeber-klarheit-beratung\\\/natuerliche-heilmittel\\\/fehlfunktion-der-steuerung\\\/\",\"name\":\"FEHLFUNKTIONEN - WOHLBEFINDEN\",\"isPartOf\":{\"@id\":\"https:\\\/\\\/bien-etreiris.ch\\\/de\\\/#website\"},\"primaryImageOfPage\":{\"@id\":\"https:\\\/\\\/bien-etreiris.ch\\\/de\\\/ratgeber-klarheit-beratung\\\/natuerliche-heilmittel\\\/fehlfunktion-der-steuerung\\\/#primaryimage\"},\"image\":{\"@id\":\"https:\\\/\\\/bien-etreiris.ch\\\/de\\\/ratgeber-klarheit-beratung\\\/natuerliche-heilmittel\\\/fehlfunktion-der-steuerung\\\/#primaryimage\"},\"thumbnailUrl\":\"https:\\\/\\\/bien-etreiris.ch\\\/wp-content\\\/uploads\\\/2024\\\/09\\\/acceuil-dysfonctionnement.jpg\",\"datePublished\":\"2024-09-02T14:40:29+00:00\",\"dateModified\":\"2024-09-02T14:44:46+00:00\",\"breadcrumb\":{\"@id\":\"https:\\\/\\\/bien-etreiris.ch\\\/de\\\/ratgeber-klarheit-beratung\\\/natuerliche-heilmittel\\\/fehlfunktion-der-steuerung\\\/#breadcrumb\"},\"inLanguage\":\"de\",\"potentialAction\":[{\"@type\":\"ReadAction\",\"target\":[\"https:\\\/\\\/bien-etreiris.ch\\\/de\\\/ratgeber-klarheit-beratung\\\/natuerliche-heilmittel\\\/fehlfunktion-der-steuerung\\\/\"]}]},{\"@type\":\"ImageObject\",\"inLanguage\":\"de\",\"@id\":\"https:\\\/\\\/bien-etreiris.ch\\\/de\\\/ratgeber-klarheit-beratung\\\/natuerliche-heilmittel\\\/fehlfunktion-der-steuerung\\\/#primaryimage\",\"url\":\"https:\\\/\\\/bien-etreiris.ch\\\/wp-content\\\/uploads\\\/2024\\\/09\\\/acceuil-dysfonctionnement.jpg\",\"contentUrl\":\"https:\\\/\\\/bien-etreiris.ch\\\/wp-content\\\/uploads\\\/2024\\\/09\\\/acceuil-dysfonctionnement.jpg\",\"width\":500,\"height\":333},{\"@type\":\"BreadcrumbList\",\"@id\":\"https:\\\/\\\/bien-etreiris.ch\\\/de\\\/ratgeber-klarheit-beratung\\\/natuerliche-heilmittel\\\/fehlfunktion-der-steuerung\\\/#breadcrumb\",\"itemListElement\":[{\"@type\":\"ListItem\",\"position\":1,\"name\":\"Home\",\"item\":\"https:\\\/\\\/bien-etreiris.ch\\\/de\\\/\"},{\"@type\":\"ListItem\",\"position\":2,\"name\":\"RATGEBER &#038; KLARHEIT\",\"item\":\"https:\\\/\\\/bien-etreiris.ch\\\/de\\\/ratgeber-klarheit-beratung\\\/\"},{\"@type\":\"ListItem\",\"position\":3,\"name\":\"NAT\u00dcRLICHE SUBSTANZEN\",\"item\":\"https:\\\/\\\/bien-etreiris.ch\\\/de\\\/ratgeber-klarheit-beratung\\\/natuerliche-heilmittel\\\/\"},{\"@type\":\"ListItem\",\"position\":4,\"name\":\"FEHLFUNKTIONEN\"}]},{\"@type\":\"WebSite\",\"@id\":\"https:\\\/\\\/bien-etreiris.ch\\\/de\\\/#website\",\"url\":\"https:\\\/\\\/bien-etreiris.ch\\\/de\\\/\",\"name\":\"Bien-\u00eatre Iris\",\"description\":\"IHRE Gesundheit ist uns wichtig\",\"potentialAction\":[{\"@type\":\"SearchAction\",\"target\":{\"@type\":\"EntryPoint\",\"urlTemplate\":\"https:\\\/\\\/bien-etreiris.ch\\\/de\\\/?s={search_term_string}\"},\"query-input\":{\"@type\":\"PropertyValueSpecification\",\"valueRequired\":true,\"valueName\":\"search_term_string\"}}],\"inLanguage\":\"de\"}]}<\/script>\n<!-- \/ Yoast SEO plugin. -->","yoast_head_json":{"title":"FEHLFUNKTIONEN - WOHLBEFINDEN","robots":{"index":"index","follow":"follow","max-snippet":"max-snippet:-1","max-image-preview":"max-image-preview:large","max-video-preview":"max-video-preview:-1"},"canonical":"https:\/\/bien-etreiris.ch\/de\/ratgeber-klarheit-beratung\/natuerliche-heilmittel\/fehlfunktion-der-steuerung\/","og_locale":"de_DE","og_type":"article","og_title":"FEHLFUNKTIONEN - WOHLBEFINDEN","og_description":"Fehlfunktion der Steuerung Sowohl Allergien als auch Autoimmunerkrankungen werden durch eine Fehlfunktion der Steuerung verursacht. Bei Allergien reagiert unser K\u00f6rper \u00fcberm\u00e4ssig auf fremde Substanzen, die eigentlich nicht sch\u00e4dlich sind. Bei Autoimmunerkrankungen werden sogar k\u00f6rpereigene Zellen und Strukturen von den eigenen Immunzellen angegriffen.","og_url":"https:\/\/bien-etreiris.ch\/de\/ratgeber-klarheit-beratung\/natuerliche-heilmittel\/fehlfunktion-der-steuerung\/","og_site_name":"WOHLBEFINDEN","article_publisher":"https:\/\/www.facebook.com\/bienetreiris\/","article_modified_time":"2024-09-02T14:44:46+00:00","og_image":[{"width":500,"height":333,"url":"https:\/\/bien-etreiris.ch\/wp-content\/uploads\/2024\/09\/acceuil-dysfonctionnement.jpg","type":"image\/jpeg"}],"twitter_misc":{"Gesch\u00e4tzte Lesezeit":"1\u00a0Minute"},"schema":{"@context":"https:\/\/schema.org","@graph":[{"@type":"WebPage","@id":"https:\/\/bien-etreiris.ch\/de\/ratgeber-klarheit-beratung\/natuerliche-heilmittel\/fehlfunktion-der-steuerung\/","url":"https:\/\/bien-etreiris.ch\/de\/ratgeber-klarheit-beratung\/natuerliche-heilmittel\/fehlfunktion-der-steuerung\/","name":"FEHLFUNKTIONEN - WOHLBEFINDEN","isPartOf":{"@id":"https:\/\/bien-etreiris.ch\/de\/#website"},"primaryImageOfPage":{"@id":"https:\/\/bien-etreiris.ch\/de\/ratgeber-klarheit-beratung\/natuerliche-heilmittel\/fehlfunktion-der-steuerung\/#primaryimage"},"image":{"@id":"https:\/\/bien-etreiris.ch\/de\/ratgeber-klarheit-beratung\/natuerliche-heilmittel\/fehlfunktion-der-steuerung\/#primaryimage"},"thumbnailUrl":"https:\/\/bien-etreiris.ch\/wp-content\/uploads\/2024\/09\/acceuil-dysfonctionnement.jpg","datePublished":"2024-09-02T14:40:29+00:00","dateModified":"2024-09-02T14:44:46+00:00","breadcrumb":{"@id":"https:\/\/bien-etreiris.ch\/de\/ratgeber-klarheit-beratung\/natuerliche-heilmittel\/fehlfunktion-der-steuerung\/#breadcrumb"},"inLanguage":"de","potentialAction":[{"@type":"ReadAction","target":["https:\/\/bien-etreiris.ch\/de\/ratgeber-klarheit-beratung\/natuerliche-heilmittel\/fehlfunktion-der-steuerung\/"]}]},{"@type":"ImageObject","inLanguage":"de","@id":"https:\/\/bien-etreiris.ch\/de\/ratgeber-klarheit-beratung\/natuerliche-heilmittel\/fehlfunktion-der-steuerung\/#primaryimage","url":"https:\/\/bien-etreiris.ch\/wp-content\/uploads\/2024\/09\/acceuil-dysfonctionnement.jpg","contentUrl":"https:\/\/bien-etreiris.ch\/wp-content\/uploads\/2024\/09\/acceuil-dysfonctionnement.jpg","width":500,"height":333},{"@type":"BreadcrumbList","@id":"https:\/\/bien-etreiris.ch\/de\/ratgeber-klarheit-beratung\/natuerliche-heilmittel\/fehlfunktion-der-steuerung\/#breadcrumb","itemListElement":[{"@type":"ListItem","position":1,"name":"Home","item":"https:\/\/bien-etreiris.ch\/de\/"},{"@type":"ListItem","position":2,"name":"RATGEBER &#038; KLARHEIT","item":"https:\/\/bien-etreiris.ch\/de\/ratgeber-klarheit-beratung\/"},{"@type":"ListItem","position":3,"name":"NAT\u00dcRLICHE SUBSTANZEN","item":"https:\/\/bien-etreiris.ch\/de\/ratgeber-klarheit-beratung\/natuerliche-heilmittel\/"},{"@type":"ListItem","position":4,"name":"FEHLFUNKTIONEN"}]},{"@type":"WebSite","@id":"https:\/\/bien-etreiris.ch\/de\/#website","url":"https:\/\/bien-etreiris.ch\/de\/","name":"Bien-\u00eatre Iris","description":"IHRE Gesundheit ist uns wichtig","potentialAction":[{"@type":"SearchAction","target":{"@type":"EntryPoint","urlTemplate":"https:\/\/bien-etreiris.ch\/de\/?s={search_term_string}"},"query-input":{"@type":"PropertyValueSpecification","valueRequired":true,"valueName":"search_term_string"}}],"inLanguage":"de"}]}},"_links":{"self":[{"href":"https:\/\/bien-etreiris.ch\/de\/wp-json\/wp\/v2\/pages\/88481","targetHints":{"allow":["GET"]}}],"collection":[{"href":"https:\/\/bien-etreiris.ch\/de\/wp-json\/wp\/v2\/pages"}],"about":[{"href":"https:\/\/bien-etreiris.ch\/de\/wp-json\/wp\/v2\/types\/page"}],"author":[{"embeddable":true,"href":"https:\/\/bien-etreiris.ch\/de\/wp-json\/wp\/v2\/users\/1"}],"replies":[{"embeddable":true,"href":"https:\/\/bien-etreiris.ch\/de\/wp-json\/wp\/v2\/comments?post=88481"}],"version-history":[{"count":3,"href":"https:\/\/bien-etreiris.ch\/de\/wp-json\/wp\/v2\/pages\/88481\/revisions"}],"predecessor-version":[{"id":88485,"href":"https:\/\/bien-etreiris.ch\/de\/wp-json\/wp\/v2\/pages\/88481\/revisions\/88485"}],"up":[{"embeddable":true,"href":"https:\/\/bien-etreiris.ch\/de\/wp-json\/wp\/v2\/pages\/62337"}],"wp:featuredmedia":[{"embeddable":true,"href":"https:\/\/bien-etreiris.ch\/de\/wp-json\/wp\/v2\/media\/88478"}],"wp:attachment":[{"href":"https:\/\/bien-etreiris.ch\/de\/wp-json\/wp\/v2\/media?parent=88481"}],"curies":[{"name":"wp","href":"https:\/\/api.w.org\/{rel}","templated":true}]}}