{"id":88022,"date":"2024-08-21T09:04:54","date_gmt":"2024-08-21T07:04:54","guid":{"rendered":"https:\/\/bien-etreiris.ch\/ratgeber-klarheit-beratung\/lebensberatung\/sucht\/sucre\/"},"modified":"2024-08-21T09:06:49","modified_gmt":"2024-08-21T07:06:49","slug":"zuckersucht","status":"publish","type":"page","link":"https:\/\/bien-etreiris.ch\/de\/ratgeber-klarheit-beratung\/lebensberatung\/sucht\/zuckersucht\/","title":{"rendered":"ZUCKERSUCHT"},"content":{"rendered":"<h2>Zuckersucht<\/h2>\n<p>Hier erfahren Sie zum einen alles \u00fcber die weitreichenden gesundheitlichen Auswirkungen von \u00fcberm\u00e4ssigem Zuckerkonsum, und zum anderen auch \u00fcber gesunde Alternativen, mit denen Sie den s\u00fcssen Heisshunger stillen und oder sogar vermeiden k\u00f6nnen. Nehmen Sie den Kampf gegen die Zuckersucht noch heute auf!<\/p>\n","protected":false},"excerpt":{"rendered":"<p>Zuckersucht Hier erfahren Sie zum einen alles \u00fcber die weitreichenden gesundheitlichen Auswirkungen von \u00fcberm\u00e4ssigem Zuckerkonsum, und zum anderen auch \u00fcber gesunde Alternativen, mit denen Sie den s\u00fcssen Heisshunger stillen und oder sogar vermeiden k\u00f6nnen. Nehmen Sie den Kampf gegen die Zuckersucht noch heute auf!<\/p>\n","protected":false},"author":1,"featured_media":88019,"parent":87362,"menu_order":1563,"comment_status":"closed","ping_status":"closed","template":"page-with-child.php","meta":{"_acf_changed":false,"ngg_post_thumbnail":0,"footnotes":""},"class_list":["post-88022","page","type-page","status-publish","has-post-thumbnail","hentry"],"acf":[],"yoast_head":"<!-- This site is optimized with the Yoast SEO plugin v27.5 - https:\/\/yoast.com\/product\/yoast-seo-wordpress\/ -->\n<title>ZUCKERSUCHT - WOHLBEFINDEN<\/title>\n<meta name=\"robots\" content=\"index, follow, max-snippet:-1, max-image-preview:large, max-video-preview:-1\" \/>\n<link rel=\"canonical\" href=\"https:\/\/bien-etreiris.ch\/de\/ratgeber-klarheit-beratung\/lebensberatung\/sucht\/zuckersucht\/\" \/>\n<meta property=\"og:locale\" content=\"de_DE\" \/>\n<meta property=\"og:type\" content=\"article\" \/>\n<meta property=\"og:title\" content=\"ZUCKERSUCHT - WOHLBEFINDEN\" \/>\n<meta property=\"og:description\" content=\"Zuckersucht Hier erfahren Sie zum einen alles \u00fcber die weitreichenden gesundheitlichen Auswirkungen von \u00fcberm\u00e4ssigem Zuckerkonsum, und zum anderen auch \u00fcber gesunde Alternativen, mit denen Sie den s\u00fcssen Heisshunger stillen und oder sogar vermeiden k\u00f6nnen. Nehmen Sie den Kampf gegen die Zuckersucht noch heute auf!\" \/>\n<meta property=\"og:url\" content=\"https:\/\/bien-etreiris.ch\/de\/ratgeber-klarheit-beratung\/lebensberatung\/sucht\/zuckersucht\/\" \/>\n<meta property=\"og:site_name\" content=\"WOHLBEFINDEN\" \/>\n<meta property=\"article:publisher\" content=\"https:\/\/www.facebook.com\/bienetreiris\/\" \/>\n<meta property=\"article:modified_time\" content=\"2024-08-21T07:06:49+00:00\" \/>\n<meta property=\"og:image\" content=\"https:\/\/bien-etreiris.ch\/wp-content\/uploads\/2024\/08\/acceuil-sucres.jpg\" \/>\n\t<meta property=\"og:image:width\" content=\"500\" \/>\n\t<meta property=\"og:image:height\" content=\"333\" \/>\n\t<meta property=\"og:image:type\" content=\"image\/jpeg\" \/>\n<meta name=\"twitter:label1\" content=\"Gesch\u00e4tzte Lesezeit\" \/>\n\t<meta name=\"twitter:data1\" content=\"1\u00a0Minute\" \/>\n<script type=\"application\/ld+json\" class=\"yoast-schema-graph\">{\"@context\":\"https:\\\/\\\/schema.org\",\"@graph\":[{\"@type\":\"WebPage\",\"@id\":\"https:\\\/\\\/bien-etreiris.ch\\\/de\\\/ratgeber-klarheit-beratung\\\/lebensberatung\\\/sucht\\\/zuckersucht\\\/\",\"url\":\"https:\\\/\\\/bien-etreiris.ch\\\/de\\\/ratgeber-klarheit-beratung\\\/lebensberatung\\\/sucht\\\/zuckersucht\\\/\",\"name\":\"ZUCKERSUCHT - WOHLBEFINDEN\",\"isPartOf\":{\"@id\":\"https:\\\/\\\/bien-etreiris.ch\\\/de\\\/#website\"},\"primaryImageOfPage\":{\"@id\":\"https:\\\/\\\/bien-etreiris.ch\\\/de\\\/ratgeber-klarheit-beratung\\\/lebensberatung\\\/sucht\\\/zuckersucht\\\/#primaryimage\"},\"image\":{\"@id\":\"https:\\\/\\\/bien-etreiris.ch\\\/de\\\/ratgeber-klarheit-beratung\\\/lebensberatung\\\/sucht\\\/zuckersucht\\\/#primaryimage\"},\"thumbnailUrl\":\"https:\\\/\\\/bien-etreiris.ch\\\/wp-content\\\/uploads\\\/2024\\\/08\\\/acceuil-sucres.jpg\",\"datePublished\":\"2024-08-21T07:04:54+00:00\",\"dateModified\":\"2024-08-21T07:06:49+00:00\",\"breadcrumb\":{\"@id\":\"https:\\\/\\\/bien-etreiris.ch\\\/de\\\/ratgeber-klarheit-beratung\\\/lebensberatung\\\/sucht\\\/zuckersucht\\\/#breadcrumb\"},\"inLanguage\":\"de\",\"potentialAction\":[{\"@type\":\"ReadAction\",\"target\":[\"https:\\\/\\\/bien-etreiris.ch\\\/de\\\/ratgeber-klarheit-beratung\\\/lebensberatung\\\/sucht\\\/zuckersucht\\\/\"]}]},{\"@type\":\"ImageObject\",\"inLanguage\":\"de\",\"@id\":\"https:\\\/\\\/bien-etreiris.ch\\\/de\\\/ratgeber-klarheit-beratung\\\/lebensberatung\\\/sucht\\\/zuckersucht\\\/#primaryimage\",\"url\":\"https:\\\/\\\/bien-etreiris.ch\\\/wp-content\\\/uploads\\\/2024\\\/08\\\/acceuil-sucres.jpg\",\"contentUrl\":\"https:\\\/\\\/bien-etreiris.ch\\\/wp-content\\\/uploads\\\/2024\\\/08\\\/acceuil-sucres.jpg\",\"width\":500,\"height\":333},{\"@type\":\"BreadcrumbList\",\"@id\":\"https:\\\/\\\/bien-etreiris.ch\\\/de\\\/ratgeber-klarheit-beratung\\\/lebensberatung\\\/sucht\\\/zuckersucht\\\/#breadcrumb\",\"itemListElement\":[{\"@type\":\"ListItem\",\"position\":1,\"name\":\"Home\",\"item\":\"https:\\\/\\\/bien-etreiris.ch\\\/de\\\/\"},{\"@type\":\"ListItem\",\"position\":2,\"name\":\"RATGEBER &#038; KLARHEIT\",\"item\":\"https:\\\/\\\/bien-etreiris.ch\\\/de\\\/ratgeber-klarheit-beratung\\\/\"},{\"@type\":\"ListItem\",\"position\":3,\"name\":\"LEBENSBERATUNG\",\"item\":\"https:\\\/\\\/bien-etreiris.ch\\\/de\\\/ratgeber-klarheit-beratung\\\/lebensberatung\\\/\"},{\"@type\":\"ListItem\",\"position\":4,\"name\":\"SUCHT\",\"item\":\"https:\\\/\\\/bien-etreiris.ch\\\/de\\\/ratgeber-klarheit-beratung\\\/lebensberatung\\\/sucht\\\/\"},{\"@type\":\"ListItem\",\"position\":5,\"name\":\"ZUCKERSUCHT\"}]},{\"@type\":\"WebSite\",\"@id\":\"https:\\\/\\\/bien-etreiris.ch\\\/de\\\/#website\",\"url\":\"https:\\\/\\\/bien-etreiris.ch\\\/de\\\/\",\"name\":\"Bien-\u00eatre Iris\",\"description\":\"IHRE Gesundheit ist uns wichtig\",\"potentialAction\":[{\"@type\":\"SearchAction\",\"target\":{\"@type\":\"EntryPoint\",\"urlTemplate\":\"https:\\\/\\\/bien-etreiris.ch\\\/de\\\/?s={search_term_string}\"},\"query-input\":{\"@type\":\"PropertyValueSpecification\",\"valueRequired\":true,\"valueName\":\"search_term_string\"}}],\"inLanguage\":\"de\"}]}<\/script>\n<!-- \/ Yoast SEO plugin. -->","yoast_head_json":{"title":"ZUCKERSUCHT - WOHLBEFINDEN","robots":{"index":"index","follow":"follow","max-snippet":"max-snippet:-1","max-image-preview":"max-image-preview:large","max-video-preview":"max-video-preview:-1"},"canonical":"https:\/\/bien-etreiris.ch\/de\/ratgeber-klarheit-beratung\/lebensberatung\/sucht\/zuckersucht\/","og_locale":"de_DE","og_type":"article","og_title":"ZUCKERSUCHT - WOHLBEFINDEN","og_description":"Zuckersucht Hier erfahren Sie zum einen alles \u00fcber die weitreichenden gesundheitlichen Auswirkungen von \u00fcberm\u00e4ssigem Zuckerkonsum, und zum anderen auch \u00fcber gesunde Alternativen, mit denen Sie den s\u00fcssen Heisshunger stillen und oder sogar vermeiden k\u00f6nnen. Nehmen Sie den Kampf gegen die Zuckersucht noch heute auf!","og_url":"https:\/\/bien-etreiris.ch\/de\/ratgeber-klarheit-beratung\/lebensberatung\/sucht\/zuckersucht\/","og_site_name":"WOHLBEFINDEN","article_publisher":"https:\/\/www.facebook.com\/bienetreiris\/","article_modified_time":"2024-08-21T07:06:49+00:00","og_image":[{"width":500,"height":333,"url":"https:\/\/bien-etreiris.ch\/wp-content\/uploads\/2024\/08\/acceuil-sucres.jpg","type":"image\/jpeg"}],"twitter_misc":{"Gesch\u00e4tzte Lesezeit":"1\u00a0Minute"},"schema":{"@context":"https:\/\/schema.org","@graph":[{"@type":"WebPage","@id":"https:\/\/bien-etreiris.ch\/de\/ratgeber-klarheit-beratung\/lebensberatung\/sucht\/zuckersucht\/","url":"https:\/\/bien-etreiris.ch\/de\/ratgeber-klarheit-beratung\/lebensberatung\/sucht\/zuckersucht\/","name":"ZUCKERSUCHT - WOHLBEFINDEN","isPartOf":{"@id":"https:\/\/bien-etreiris.ch\/de\/#website"},"primaryImageOfPage":{"@id":"https:\/\/bien-etreiris.ch\/de\/ratgeber-klarheit-beratung\/lebensberatung\/sucht\/zuckersucht\/#primaryimage"},"image":{"@id":"https:\/\/bien-etreiris.ch\/de\/ratgeber-klarheit-beratung\/lebensberatung\/sucht\/zuckersucht\/#primaryimage"},"thumbnailUrl":"https:\/\/bien-etreiris.ch\/wp-content\/uploads\/2024\/08\/acceuil-sucres.jpg","datePublished":"2024-08-21T07:04:54+00:00","dateModified":"2024-08-21T07:06:49+00:00","breadcrumb":{"@id":"https:\/\/bien-etreiris.ch\/de\/ratgeber-klarheit-beratung\/lebensberatung\/sucht\/zuckersucht\/#breadcrumb"},"inLanguage":"de","potentialAction":[{"@type":"ReadAction","target":["https:\/\/bien-etreiris.ch\/de\/ratgeber-klarheit-beratung\/lebensberatung\/sucht\/zuckersucht\/"]}]},{"@type":"ImageObject","inLanguage":"de","@id":"https:\/\/bien-etreiris.ch\/de\/ratgeber-klarheit-beratung\/lebensberatung\/sucht\/zuckersucht\/#primaryimage","url":"https:\/\/bien-etreiris.ch\/wp-content\/uploads\/2024\/08\/acceuil-sucres.jpg","contentUrl":"https:\/\/bien-etreiris.ch\/wp-content\/uploads\/2024\/08\/acceuil-sucres.jpg","width":500,"height":333},{"@type":"BreadcrumbList","@id":"https:\/\/bien-etreiris.ch\/de\/ratgeber-klarheit-beratung\/lebensberatung\/sucht\/zuckersucht\/#breadcrumb","itemListElement":[{"@type":"ListItem","position":1,"name":"Home","item":"https:\/\/bien-etreiris.ch\/de\/"},{"@type":"ListItem","position":2,"name":"RATGEBER &#038; KLARHEIT","item":"https:\/\/bien-etreiris.ch\/de\/ratgeber-klarheit-beratung\/"},{"@type":"ListItem","position":3,"name":"LEBENSBERATUNG","item":"https:\/\/bien-etreiris.ch\/de\/ratgeber-klarheit-beratung\/lebensberatung\/"},{"@type":"ListItem","position":4,"name":"SUCHT","item":"https:\/\/bien-etreiris.ch\/de\/ratgeber-klarheit-beratung\/lebensberatung\/sucht\/"},{"@type":"ListItem","position":5,"name":"ZUCKERSUCHT"}]},{"@type":"WebSite","@id":"https:\/\/bien-etreiris.ch\/de\/#website","url":"https:\/\/bien-etreiris.ch\/de\/","name":"Bien-\u00eatre Iris","description":"IHRE Gesundheit ist uns wichtig","potentialAction":[{"@type":"SearchAction","target":{"@type":"EntryPoint","urlTemplate":"https:\/\/bien-etreiris.ch\/de\/?s={search_term_string}"},"query-input":{"@type":"PropertyValueSpecification","valueRequired":true,"valueName":"search_term_string"}}],"inLanguage":"de"}]}},"_links":{"self":[{"href":"https:\/\/bien-etreiris.ch\/de\/wp-json\/wp\/v2\/pages\/88022","targetHints":{"allow":["GET"]}}],"collection":[{"href":"https:\/\/bien-etreiris.ch\/de\/wp-json\/wp\/v2\/pages"}],"about":[{"href":"https:\/\/bien-etreiris.ch\/de\/wp-json\/wp\/v2\/types\/page"}],"author":[{"embeddable":true,"href":"https:\/\/bien-etreiris.ch\/de\/wp-json\/wp\/v2\/users\/1"}],"replies":[{"embeddable":true,"href":"https:\/\/bien-etreiris.ch\/de\/wp-json\/wp\/v2\/comments?post=88022"}],"version-history":[{"count":2,"href":"https:\/\/bien-etreiris.ch\/de\/wp-json\/wp\/v2\/pages\/88022\/revisions"}],"predecessor-version":[{"id":88026,"href":"https:\/\/bien-etreiris.ch\/de\/wp-json\/wp\/v2\/pages\/88022\/revisions\/88026"}],"up":[{"embeddable":true,"href":"https:\/\/bien-etreiris.ch\/de\/wp-json\/wp\/v2\/pages\/87362"}],"wp:featuredmedia":[{"embeddable":true,"href":"https:\/\/bien-etreiris.ch\/de\/wp-json\/wp\/v2\/media\/88019"}],"wp:attachment":[{"href":"https:\/\/bien-etreiris.ch\/de\/wp-json\/wp\/v2\/media?parent=88022"}],"curies":[{"name":"wp","href":"https:\/\/api.w.org\/{rel}","templated":true}]}}