{"id":87978,"date":"2024-08-21T05:59:01","date_gmt":"2024-08-21T03:59:01","guid":{"rendered":"https:\/\/bien-etreiris.ch\/ratgeber-klarheit-beratung\/lebensberatung\/sucht\/nikotin\/e-cigarettes\/"},"modified":"2024-08-21T06:03:13","modified_gmt":"2024-08-21T04:03:13","slug":"e-zigarette","status":"publish","type":"page","link":"https:\/\/bien-etreiris.ch\/de\/ratgeber-klarheit-beratung\/lebensberatung\/sucht\/nikotin\/e-zigarette\/","title":{"rendered":"E-ZIGARETTE"},"content":{"rendered":"<h2>E-Zigarette<\/h2>\n<p>Die <b>elektrische Zigarette<\/b>, <b>E-Zigarette<\/b>, <b>elektronische Zigarette<\/b> oder <b>Vaporiser<\/b>\/<b>Vaporizer<\/b> (AE; daher kurz auch <b>Vape<\/b> oder <b>E-Vape<\/b>) genannt, ist ein Ger\u00e4t, das in den meisten F\u00e4llen durch eine elektrisch beheizte Wendel (<i>Coil<\/i> genannt) eine Fl\u00fcssigkeit (das sogenannte <i>Liquid<\/i>) zum Verdampfen bringt. Der dabei entstehende Nassdampf wird vom Konsumenten inhaliert oder gepafft. Im Unterschied zum Rauchen einer herk\u00f6mmlichen Zigarette findet kein Verbrennungsprozess statt.<\/p>\n<p>Das will aber nicht heissen das diese E Zigaretten gesund sind. in den angehefteten Artikel erkl\u00e4ren wir Ihnen warum.<\/p>\n","protected":false},"excerpt":{"rendered":"<p>E-Zigarette Die elektrische Zigarette, E-Zigarette, elektronische Zigarette oder Vaporiser\/Vaporizer (AE; daher kurz auch Vape oder E-Vape) genannt, ist ein Ger\u00e4t, das in den meisten F\u00e4llen durch eine elektrisch beheizte Wendel (Coil genannt) eine Fl\u00fcssigkeit (das sogenannte Liquid) zum Verdampfen bringt. Der dabei entstehende Nassdampf wird vom Konsumenten inhaliert oder gepafft. Im Unterschied zum Rauchen einer herk\u00f6mmlichen Zigarette findet kein Verbrennungsprozess&nbsp;<a href=\"https:\/\/bien-etreiris.ch\/de\/ratgeber-klarheit-beratung\/lebensberatung\/sucht\/nikotin\/e-zigarette\/\" class=\"read-more\">Weiter lesen<\/a><\/p>\n","protected":false},"author":1,"featured_media":55728,"parent":87373,"menu_order":1573,"comment_status":"closed","ping_status":"closed","template":"page-with-child.php","meta":{"_acf_changed":false,"ngg_post_thumbnail":0,"footnotes":""},"class_list":["post-87978","page","type-page","status-publish","has-post-thumbnail","hentry"],"acf":[],"yoast_head":"<!-- This site is optimized with the Yoast SEO plugin v27.5 - https:\/\/yoast.com\/product\/yoast-seo-wordpress\/ -->\n<title>E-ZIGARETTE - WOHLBEFINDEN<\/title>\n<meta name=\"robots\" content=\"index, follow, max-snippet:-1, max-image-preview:large, max-video-preview:-1\" \/>\n<link rel=\"canonical\" href=\"https:\/\/bien-etreiris.ch\/de\/ratgeber-klarheit-beratung\/lebensberatung\/sucht\/nikotin\/e-zigarette\/\" \/>\n<meta property=\"og:locale\" content=\"de_DE\" \/>\n<meta property=\"og:type\" content=\"article\" \/>\n<meta property=\"og:title\" content=\"E-ZIGARETTE - WOHLBEFINDEN\" \/>\n<meta property=\"og:description\" content=\"E-Zigarette Die elektrische Zigarette, E-Zigarette, elektronische Zigarette oder Vaporiser\/Vaporizer (AE; daher kurz auch Vape oder E-Vape) genannt, ist ein Ger\u00e4t, das in den meisten F\u00e4llen durch eine elektrisch beheizte Wendel (Coil genannt) eine Fl\u00fcssigkeit (das sogenannte Liquid) zum Verdampfen bringt. Der dabei entstehende Nassdampf wird vom Konsumenten inhaliert oder gepafft. Im Unterschied zum Rauchen einer herk\u00f6mmlichen Zigarette findet kein Verbrennungsprozess&nbsp;Weiter lesen\" \/>\n<meta property=\"og:url\" content=\"https:\/\/bien-etreiris.ch\/de\/ratgeber-klarheit-beratung\/lebensberatung\/sucht\/nikotin\/e-zigarette\/\" \/>\n<meta property=\"og:site_name\" content=\"WOHLBEFINDEN\" \/>\n<meta property=\"article:publisher\" content=\"https:\/\/www.facebook.com\/bienetreiris\/\" \/>\n<meta property=\"article:modified_time\" content=\"2024-08-21T04:03:13+00:00\" \/>\n<meta property=\"og:image\" content=\"https:\/\/bien-etreiris.ch\/wp-content\/uploads\/2022\/05\/Acceuil.jpg\" \/>\n\t<meta property=\"og:image:width\" content=\"500\" \/>\n\t<meta property=\"og:image:height\" content=\"332\" \/>\n\t<meta property=\"og:image:type\" content=\"image\/jpeg\" \/>\n<meta name=\"twitter:label1\" content=\"Gesch\u00e4tzte Lesezeit\" \/>\n\t<meta name=\"twitter:data1\" content=\"1\u00a0Minute\" \/>\n<script type=\"application\/ld+json\" class=\"yoast-schema-graph\">{\"@context\":\"https:\\\/\\\/schema.org\",\"@graph\":[{\"@type\":\"WebPage\",\"@id\":\"https:\\\/\\\/bien-etreiris.ch\\\/de\\\/ratgeber-klarheit-beratung\\\/lebensberatung\\\/sucht\\\/nikotin\\\/e-zigarette\\\/\",\"url\":\"https:\\\/\\\/bien-etreiris.ch\\\/de\\\/ratgeber-klarheit-beratung\\\/lebensberatung\\\/sucht\\\/nikotin\\\/e-zigarette\\\/\",\"name\":\"E-ZIGARETTE - WOHLBEFINDEN\",\"isPartOf\":{\"@id\":\"https:\\\/\\\/bien-etreiris.ch\\\/de\\\/#website\"},\"primaryImageOfPage\":{\"@id\":\"https:\\\/\\\/bien-etreiris.ch\\\/de\\\/ratgeber-klarheit-beratung\\\/lebensberatung\\\/sucht\\\/nikotin\\\/e-zigarette\\\/#primaryimage\"},\"image\":{\"@id\":\"https:\\\/\\\/bien-etreiris.ch\\\/de\\\/ratgeber-klarheit-beratung\\\/lebensberatung\\\/sucht\\\/nikotin\\\/e-zigarette\\\/#primaryimage\"},\"thumbnailUrl\":\"https:\\\/\\\/bien-etreiris.ch\\\/wp-content\\\/uploads\\\/2022\\\/05\\\/Acceuil.jpg\",\"datePublished\":\"2024-08-21T03:59:01+00:00\",\"dateModified\":\"2024-08-21T04:03:13+00:00\",\"breadcrumb\":{\"@id\":\"https:\\\/\\\/bien-etreiris.ch\\\/de\\\/ratgeber-klarheit-beratung\\\/lebensberatung\\\/sucht\\\/nikotin\\\/e-zigarette\\\/#breadcrumb\"},\"inLanguage\":\"de\",\"potentialAction\":[{\"@type\":\"ReadAction\",\"target\":[\"https:\\\/\\\/bien-etreiris.ch\\\/de\\\/ratgeber-klarheit-beratung\\\/lebensberatung\\\/sucht\\\/nikotin\\\/e-zigarette\\\/\"]}]},{\"@type\":\"ImageObject\",\"inLanguage\":\"de\",\"@id\":\"https:\\\/\\\/bien-etreiris.ch\\\/de\\\/ratgeber-klarheit-beratung\\\/lebensberatung\\\/sucht\\\/nikotin\\\/e-zigarette\\\/#primaryimage\",\"url\":\"https:\\\/\\\/bien-etreiris.ch\\\/wp-content\\\/uploads\\\/2022\\\/05\\\/Acceuil.jpg\",\"contentUrl\":\"https:\\\/\\\/bien-etreiris.ch\\\/wp-content\\\/uploads\\\/2022\\\/05\\\/Acceuil.jpg\",\"width\":500,\"height\":332},{\"@type\":\"BreadcrumbList\",\"@id\":\"https:\\\/\\\/bien-etreiris.ch\\\/de\\\/ratgeber-klarheit-beratung\\\/lebensberatung\\\/sucht\\\/nikotin\\\/e-zigarette\\\/#breadcrumb\",\"itemListElement\":[{\"@type\":\"ListItem\",\"position\":1,\"name\":\"Home\",\"item\":\"https:\\\/\\\/bien-etreiris.ch\\\/de\\\/\"},{\"@type\":\"ListItem\",\"position\":2,\"name\":\"RATGEBER &#038; KLARHEIT\",\"item\":\"https:\\\/\\\/bien-etreiris.ch\\\/de\\\/ratgeber-klarheit-beratung\\\/\"},{\"@type\":\"ListItem\",\"position\":3,\"name\":\"LEBENSBERATUNG\",\"item\":\"https:\\\/\\\/bien-etreiris.ch\\\/de\\\/ratgeber-klarheit-beratung\\\/lebensberatung\\\/\"},{\"@type\":\"ListItem\",\"position\":4,\"name\":\"SUCHT\",\"item\":\"https:\\\/\\\/bien-etreiris.ch\\\/de\\\/ratgeber-klarheit-beratung\\\/lebensberatung\\\/sucht\\\/\"},{\"@type\":\"ListItem\",\"position\":5,\"name\":\"NIKOTIN\",\"item\":\"https:\\\/\\\/bien-etreiris.ch\\\/de\\\/ratgeber-klarheit-beratung\\\/lebensberatung\\\/sucht\\\/nikotin\\\/\"},{\"@type\":\"ListItem\",\"position\":6,\"name\":\"E-ZIGARETTE\"}]},{\"@type\":\"WebSite\",\"@id\":\"https:\\\/\\\/bien-etreiris.ch\\\/de\\\/#website\",\"url\":\"https:\\\/\\\/bien-etreiris.ch\\\/de\\\/\",\"name\":\"Bien-\u00eatre Iris\",\"description\":\"IHRE Gesundheit ist uns wichtig\",\"potentialAction\":[{\"@type\":\"SearchAction\",\"target\":{\"@type\":\"EntryPoint\",\"urlTemplate\":\"https:\\\/\\\/bien-etreiris.ch\\\/de\\\/?s={search_term_string}\"},\"query-input\":{\"@type\":\"PropertyValueSpecification\",\"valueRequired\":true,\"valueName\":\"search_term_string\"}}],\"inLanguage\":\"de\"}]}<\/script>\n<!-- \/ Yoast SEO plugin. -->","yoast_head_json":{"title":"E-ZIGARETTE - WOHLBEFINDEN","robots":{"index":"index","follow":"follow","max-snippet":"max-snippet:-1","max-image-preview":"max-image-preview:large","max-video-preview":"max-video-preview:-1"},"canonical":"https:\/\/bien-etreiris.ch\/de\/ratgeber-klarheit-beratung\/lebensberatung\/sucht\/nikotin\/e-zigarette\/","og_locale":"de_DE","og_type":"article","og_title":"E-ZIGARETTE - WOHLBEFINDEN","og_description":"E-Zigarette Die elektrische Zigarette, E-Zigarette, elektronische Zigarette oder Vaporiser\/Vaporizer (AE; daher kurz auch Vape oder E-Vape) genannt, ist ein Ger\u00e4t, das in den meisten F\u00e4llen durch eine elektrisch beheizte Wendel (Coil genannt) eine Fl\u00fcssigkeit (das sogenannte Liquid) zum Verdampfen bringt. Der dabei entstehende Nassdampf wird vom Konsumenten inhaliert oder gepafft. Im Unterschied zum Rauchen einer herk\u00f6mmlichen Zigarette findet kein Verbrennungsprozess&nbsp;Weiter lesen","og_url":"https:\/\/bien-etreiris.ch\/de\/ratgeber-klarheit-beratung\/lebensberatung\/sucht\/nikotin\/e-zigarette\/","og_site_name":"WOHLBEFINDEN","article_publisher":"https:\/\/www.facebook.com\/bienetreiris\/","article_modified_time":"2024-08-21T04:03:13+00:00","og_image":[{"width":500,"height":332,"url":"https:\/\/bien-etreiris.ch\/wp-content\/uploads\/2022\/05\/Acceuil.jpg","type":"image\/jpeg"}],"twitter_misc":{"Gesch\u00e4tzte Lesezeit":"1\u00a0Minute"},"schema":{"@context":"https:\/\/schema.org","@graph":[{"@type":"WebPage","@id":"https:\/\/bien-etreiris.ch\/de\/ratgeber-klarheit-beratung\/lebensberatung\/sucht\/nikotin\/e-zigarette\/","url":"https:\/\/bien-etreiris.ch\/de\/ratgeber-klarheit-beratung\/lebensberatung\/sucht\/nikotin\/e-zigarette\/","name":"E-ZIGARETTE - WOHLBEFINDEN","isPartOf":{"@id":"https:\/\/bien-etreiris.ch\/de\/#website"},"primaryImageOfPage":{"@id":"https:\/\/bien-etreiris.ch\/de\/ratgeber-klarheit-beratung\/lebensberatung\/sucht\/nikotin\/e-zigarette\/#primaryimage"},"image":{"@id":"https:\/\/bien-etreiris.ch\/de\/ratgeber-klarheit-beratung\/lebensberatung\/sucht\/nikotin\/e-zigarette\/#primaryimage"},"thumbnailUrl":"https:\/\/bien-etreiris.ch\/wp-content\/uploads\/2022\/05\/Acceuil.jpg","datePublished":"2024-08-21T03:59:01+00:00","dateModified":"2024-08-21T04:03:13+00:00","breadcrumb":{"@id":"https:\/\/bien-etreiris.ch\/de\/ratgeber-klarheit-beratung\/lebensberatung\/sucht\/nikotin\/e-zigarette\/#breadcrumb"},"inLanguage":"de","potentialAction":[{"@type":"ReadAction","target":["https:\/\/bien-etreiris.ch\/de\/ratgeber-klarheit-beratung\/lebensberatung\/sucht\/nikotin\/e-zigarette\/"]}]},{"@type":"ImageObject","inLanguage":"de","@id":"https:\/\/bien-etreiris.ch\/de\/ratgeber-klarheit-beratung\/lebensberatung\/sucht\/nikotin\/e-zigarette\/#primaryimage","url":"https:\/\/bien-etreiris.ch\/wp-content\/uploads\/2022\/05\/Acceuil.jpg","contentUrl":"https:\/\/bien-etreiris.ch\/wp-content\/uploads\/2022\/05\/Acceuil.jpg","width":500,"height":332},{"@type":"BreadcrumbList","@id":"https:\/\/bien-etreiris.ch\/de\/ratgeber-klarheit-beratung\/lebensberatung\/sucht\/nikotin\/e-zigarette\/#breadcrumb","itemListElement":[{"@type":"ListItem","position":1,"name":"Home","item":"https:\/\/bien-etreiris.ch\/de\/"},{"@type":"ListItem","position":2,"name":"RATGEBER &#038; KLARHEIT","item":"https:\/\/bien-etreiris.ch\/de\/ratgeber-klarheit-beratung\/"},{"@type":"ListItem","position":3,"name":"LEBENSBERATUNG","item":"https:\/\/bien-etreiris.ch\/de\/ratgeber-klarheit-beratung\/lebensberatung\/"},{"@type":"ListItem","position":4,"name":"SUCHT","item":"https:\/\/bien-etreiris.ch\/de\/ratgeber-klarheit-beratung\/lebensberatung\/sucht\/"},{"@type":"ListItem","position":5,"name":"NIKOTIN","item":"https:\/\/bien-etreiris.ch\/de\/ratgeber-klarheit-beratung\/lebensberatung\/sucht\/nikotin\/"},{"@type":"ListItem","position":6,"name":"E-ZIGARETTE"}]},{"@type":"WebSite","@id":"https:\/\/bien-etreiris.ch\/de\/#website","url":"https:\/\/bien-etreiris.ch\/de\/","name":"Bien-\u00eatre Iris","description":"IHRE Gesundheit ist uns wichtig","potentialAction":[{"@type":"SearchAction","target":{"@type":"EntryPoint","urlTemplate":"https:\/\/bien-etreiris.ch\/de\/?s={search_term_string}"},"query-input":{"@type":"PropertyValueSpecification","valueRequired":true,"valueName":"search_term_string"}}],"inLanguage":"de"}]}},"_links":{"self":[{"href":"https:\/\/bien-etreiris.ch\/de\/wp-json\/wp\/v2\/pages\/87978","targetHints":{"allow":["GET"]}}],"collection":[{"href":"https:\/\/bien-etreiris.ch\/de\/wp-json\/wp\/v2\/pages"}],"about":[{"href":"https:\/\/bien-etreiris.ch\/de\/wp-json\/wp\/v2\/types\/page"}],"author":[{"embeddable":true,"href":"https:\/\/bien-etreiris.ch\/de\/wp-json\/wp\/v2\/users\/1"}],"replies":[{"embeddable":true,"href":"https:\/\/bien-etreiris.ch\/de\/wp-json\/wp\/v2\/comments?post=87978"}],"version-history":[{"count":3,"href":"https:\/\/bien-etreiris.ch\/de\/wp-json\/wp\/v2\/pages\/87978\/revisions"}],"predecessor-version":[{"id":87983,"href":"https:\/\/bien-etreiris.ch\/de\/wp-json\/wp\/v2\/pages\/87978\/revisions\/87983"}],"up":[{"embeddable":true,"href":"https:\/\/bien-etreiris.ch\/de\/wp-json\/wp\/v2\/pages\/87373"}],"wp:featuredmedia":[{"embeddable":true,"href":"https:\/\/bien-etreiris.ch\/de\/wp-json\/wp\/v2\/media\/55728"}],"wp:attachment":[{"href":"https:\/\/bien-etreiris.ch\/de\/wp-json\/wp\/v2\/media?parent=87978"}],"curies":[{"name":"wp","href":"https:\/\/api.w.org\/{rel}","templated":true}]}}