{"id":87962,"date":"2024-08-21T05:28:33","date_gmt":"2024-08-21T03:28:33","guid":{"rendered":"https:\/\/bien-etreiris.ch\/produktpraesentation\/hygiene\/koerperpflege\/mundhygiene\/zahnbuersten\/miswak-siwak\/"},"modified":"2024-08-21T05:29:03","modified_gmt":"2024-08-21T03:29:03","slug":"miswak-siwak","status":"publish","type":"page","link":"https:\/\/bien-etreiris.ch\/de\/produktpraesentation\/hygiene\/koerperpflege\/mundhygiene\/zahnbuersten\/miswak-siwak\/","title":{"rendered":"MISWAK"},"content":{"rendered":"<p>Le Siwak (ou Miswak) est une brosse \u00e0 dents naturelle provenant de l'arbre appel\u00e9 Arak (Salvadora persica).<\/p>\n<p>&nbsp;<\/p>\n<p><a href=\"https:\/\/bien-etreiris.ch\/de\/produktpraesentation\/hygiene\/koerperpflege\/mundhygiene\/zahnbuersten\/miswak-siwak\/acceuil-siwak-2\/\" rel=\"attachment wp-att-87956\"><img loading=\"lazy\" decoding=\"async\" class=\"size-full wp-image-87956 alignleft\" src=\"https:\/\/bien-etreiris.ch\/wp-content\/uploads\/2024\/08\/acceuil-Siwak.jpg\" alt=\"\" width=\"500\" height=\"333\" srcset=\"https:\/\/bien-etreiris.ch\/wp-content\/uploads\/2024\/08\/acceuil-Siwak.jpg 500w, https:\/\/bien-etreiris.ch\/wp-content\/uploads\/2024\/08\/acceuil-Siwak-300x200.jpg 300w\" sizes=\"auto, (max-width: 500px) 100vw, 500px\" \/><\/a><\/p>\n<p>&nbsp;<\/p>\n<p>&nbsp;<\/p>\n<p>&nbsp;<\/p>\n<p>&nbsp;<\/p>\n<p>Origine Pakistan.<\/p>\n<p>Vendue avec \u00e9tui.<\/p>\n<p>Lot de 4 x 20g. <strong>CHF 5.30<\/strong><\/p>\n<p>&nbsp;<\/p>\n<p>&nbsp;<\/p>\n<p>Recommand\u00e9 par l'<em>Organisation Mondiale de la Sant\u00e9<\/em> (OMS), ce petit b\u00e2tonnet simple et naturel remplace avantageusement les brosses \u00e0 dents synth\u00e9tiques du commerce et le dentifrice.<\/p>\n<p>En effet, il \u00e9limine la plaque dentaire sans agresser vos dents et gencives, contrairement aux fibres de nylon pr\u00e9sentes dans les brosses \u00e0 dent classiques. Son secret r\u00e9side dans le fait qu'il contient des substances naturelles actives qui le destinent tout particuli\u00e8rement \u00e0 l'hygi\u00e8ne bucco-dentaire, dont voici les actions :<\/p>\n<ul style=\"list-style-type: disc;\">\n<li>Renforcement de la gencive<\/li>\n<li>Aide \u00e0 l'\u00e9limination de la plaque dentaire<\/li>\n<li>Protection de l'\u00e9mail et effet pr\u00e9ventif sur la formation de la plaque et des caries<\/li>\n<\/ul>\n<p>&nbsp;<\/p>\n<p>&nbsp;<\/p>\n<h4>Comment utiliser la brosse \u00e0 dents naturelle Miswak ?<\/h4>\n<p>Pour plus de facilit\u00e9, lors de la premi\u00e8re utilisation, vous pouvez retirer la fine \u00e9corce \u00e0 une extr\u00e9mit\u00e9 sur une longueur d\u20191 cm. Vous pouvez aussi tremper cette extr\u00e9mit\u00e9 quelques heures dans de l\u2019eau douce si le bois est sec.<\/p>\n<p>Avec le miswak, tu nettoies et soignes tes dents <strong>sans dentifrice ni eau<\/strong>:<\/p>\n<ol>\n<li>La tige mesure environ 15 centim\u00e8tres de long et n'a pas encore de poils. Tu dois d'abord les \u00ab m\u00e2cher \u00bb en coupant un morceau de la partie avant de la branche ou en la rongeant. Tu peux soit recracher le bois rong\u00e9, soit l'avaler.<\/li>\n<li>Maintenant, travaille la partie arrach\u00e9e avec les dents jusqu'\u00e0 ce qu'elle devienne fibreuse et rappelle les poils d'une brosse \u00e0 dents.<\/li>\n<li>La partie des poils ne doit pas d\u00e9passer trois millim\u00e8tres de long.<\/li>\n<li>Passe le pinceau sur tes dents et masse tes gencives - ne pas oublier les surfaces de mastication.<\/li>\n<li>Apr\u00e8s le brossage, laisse s\u00e9cher la branche.<\/li>\n<\/ol>\n<p>&nbsp;<\/p>\n<p>Tu peux utiliser la branche de miswak pendant environ<strong> quatre semaines <\/strong>, en fonction de la fr\u00e9quence \u00e0 laquelle tu la coupes.<\/p>\n<p><strong>Conseil<\/strong>: pour garder la branche fra\u00eeche plus longtemps, tu peux conserver le miswak au r\u00e9frig\u00e9rateur. Pour obtenir un go\u00fbt frais de menthe apr\u00e8s le brossage des dents, tu peux m\u00e2cher une feuille de menthe ou laisser fondre sur ta langue une petite goutte d'<strong>huile<\/strong> <strong>de menthe poivr\u00e9e<\/strong> bio et naturelle.<\/p>\n<p>&nbsp;<\/p>\n<h4><strong>Ingr\u00e9dients :<\/strong><\/h4>\n<p>Salvadora persica<\/p>\n","protected":false},"excerpt":{"rendered":"<p>Le Siwak (ou Miswak) est une brosse \u00e0 dents naturelle provenant de l'arbre appel\u00e9 Arak (Salvadora persica). &nbsp; &nbsp; &nbsp; &nbsp; &nbsp; Origine Pakistan. Vendue avec \u00e9tui. Lot de 4 x 20g. CHF 5.30 &nbsp; &nbsp; Recommand\u00e9 par l'Organisation Mondiale de la Sant\u00e9 (OMS), ce petit b\u00e2tonnet simple et naturel remplace avantageusement les brosses \u00e0 dents synth\u00e9tiques du commerce et&nbsp;<a href=\"https:\/\/bien-etreiris.ch\/de\/produktpraesentation\/hygiene\/koerperpflege\/mundhygiene\/zahnbuersten\/miswak-siwak\/\" class=\"read-more\">Weiter lesen<\/a><\/p>\n","protected":false},"author":1,"featured_media":87958,"parent":32618,"menu_order":1576,"comment_status":"closed","ping_status":"closed","template":"page-with-child.php","meta":{"_acf_changed":false,"ngg_post_thumbnail":0,"footnotes":""},"class_list":["post-87962","page","type-page","status-publish","has-post-thumbnail","hentry"],"acf":[],"yoast_head":"<!-- This site is optimized with the Yoast SEO plugin v27.5 - https:\/\/yoast.com\/product\/yoast-seo-wordpress\/ -->\n<title>MISWAK - WOHLBEFINDEN<\/title>\n<meta name=\"robots\" content=\"index, follow, max-snippet:-1, max-image-preview:large, max-video-preview:-1\" \/>\n<link rel=\"canonical\" href=\"https:\/\/bien-etreiris.ch\/de\/produktpraesentation\/hygiene\/koerperpflege\/mundhygiene\/zahnbuersten\/miswak-siwak\/\" \/>\n<meta property=\"og:locale\" content=\"de_DE\" \/>\n<meta property=\"og:type\" content=\"article\" \/>\n<meta property=\"og:title\" content=\"MISWAK - WOHLBEFINDEN\" \/>\n<meta property=\"og:description\" content=\"Le Siwak (ou Miswak) est une brosse \u00e0 dents naturelle provenant de l&#039;arbre appel\u00e9 Arak (Salvadora persica). &nbsp; &nbsp; &nbsp; &nbsp; &nbsp; Origine Pakistan. Vendue avec \u00e9tui. Lot de 4 x 20g. CHF 5.30 &nbsp; &nbsp; Recommand\u00e9 par l&#039;Organisation Mondiale de la Sant\u00e9 (OMS), ce petit b\u00e2tonnet simple et naturel remplace avantageusement les brosses \u00e0 dents synth\u00e9tiques du commerce et&nbsp;Weiter lesen\" \/>\n<meta property=\"og:url\" content=\"https:\/\/bien-etreiris.ch\/de\/produktpraesentation\/hygiene\/koerperpflege\/mundhygiene\/zahnbuersten\/miswak-siwak\/\" \/>\n<meta property=\"og:site_name\" content=\"WOHLBEFINDEN\" \/>\n<meta property=\"article:publisher\" content=\"https:\/\/www.facebook.com\/bienetreiris\/\" \/>\n<meta property=\"article:modified_time\" content=\"2024-08-21T03:29:03+00:00\" \/>\n<meta property=\"og:image\" content=\"https:\/\/bien-etreiris.ch\/wp-content\/uploads\/2024\/08\/acceuil-Siwak.jpg\" \/>\n\t<meta property=\"og:image:width\" content=\"500\" \/>\n\t<meta property=\"og:image:height\" content=\"333\" \/>\n\t<meta property=\"og:image:type\" content=\"image\/jpeg\" \/>\n<meta name=\"twitter:label1\" content=\"Gesch\u00e4tzte Lesezeit\" \/>\n\t<meta name=\"twitter:data1\" content=\"3\u00a0Minuten\" \/>\n<script type=\"application\/ld+json\" class=\"yoast-schema-graph\">{\"@context\":\"https:\\\/\\\/schema.org\",\"@graph\":[{\"@type\":\"WebPage\",\"@id\":\"https:\\\/\\\/bien-etreiris.ch\\\/de\\\/produktpraesentation\\\/hygiene\\\/koerperpflege\\\/mundhygiene\\\/zahnbuersten\\\/miswak-siwak\\\/\",\"url\":\"https:\\\/\\\/bien-etreiris.ch\\\/de\\\/produktpraesentation\\\/hygiene\\\/koerperpflege\\\/mundhygiene\\\/zahnbuersten\\\/miswak-siwak\\\/\",\"name\":\"MISWAK - WOHLBEFINDEN\",\"isPartOf\":{\"@id\":\"https:\\\/\\\/bien-etreiris.ch\\\/de\\\/#website\"},\"primaryImageOfPage\":{\"@id\":\"https:\\\/\\\/bien-etreiris.ch\\\/de\\\/produktpraesentation\\\/hygiene\\\/koerperpflege\\\/mundhygiene\\\/zahnbuersten\\\/miswak-siwak\\\/#primaryimage\"},\"image\":{\"@id\":\"https:\\\/\\\/bien-etreiris.ch\\\/de\\\/produktpraesentation\\\/hygiene\\\/koerperpflege\\\/mundhygiene\\\/zahnbuersten\\\/miswak-siwak\\\/#primaryimage\"},\"thumbnailUrl\":\"https:\\\/\\\/bien-etreiris.ch\\\/wp-content\\\/uploads\\\/2024\\\/08\\\/acceuil-Siwak.jpg\",\"datePublished\":\"2024-08-21T03:28:33+00:00\",\"dateModified\":\"2024-08-21T03:29:03+00:00\",\"breadcrumb\":{\"@id\":\"https:\\\/\\\/bien-etreiris.ch\\\/de\\\/produktpraesentation\\\/hygiene\\\/koerperpflege\\\/mundhygiene\\\/zahnbuersten\\\/miswak-siwak\\\/#breadcrumb\"},\"inLanguage\":\"de\",\"potentialAction\":[{\"@type\":\"ReadAction\",\"target\":[\"https:\\\/\\\/bien-etreiris.ch\\\/de\\\/produktpraesentation\\\/hygiene\\\/koerperpflege\\\/mundhygiene\\\/zahnbuersten\\\/miswak-siwak\\\/\"]}]},{\"@type\":\"ImageObject\",\"inLanguage\":\"de\",\"@id\":\"https:\\\/\\\/bien-etreiris.ch\\\/de\\\/produktpraesentation\\\/hygiene\\\/koerperpflege\\\/mundhygiene\\\/zahnbuersten\\\/miswak-siwak\\\/#primaryimage\",\"url\":\"https:\\\/\\\/bien-etreiris.ch\\\/wp-content\\\/uploads\\\/2024\\\/08\\\/acceuil-Siwak.jpg\",\"contentUrl\":\"https:\\\/\\\/bien-etreiris.ch\\\/wp-content\\\/uploads\\\/2024\\\/08\\\/acceuil-Siwak.jpg\",\"width\":500,\"height\":333},{\"@type\":\"BreadcrumbList\",\"@id\":\"https:\\\/\\\/bien-etreiris.ch\\\/de\\\/produktpraesentation\\\/hygiene\\\/koerperpflege\\\/mundhygiene\\\/zahnbuersten\\\/miswak-siwak\\\/#breadcrumb\",\"itemListElement\":[{\"@type\":\"ListItem\",\"position\":1,\"name\":\"Home\",\"item\":\"https:\\\/\\\/bien-etreiris.ch\\\/de\\\/\"},{\"@type\":\"ListItem\",\"position\":2,\"name\":\"PRODUKTPR\u00c4SENTATION\",\"item\":\"https:\\\/\\\/bien-etreiris.ch\\\/de\\\/produktpraesentation\\\/\"},{\"@type\":\"ListItem\",\"position\":3,\"name\":\"HYGIENE\",\"item\":\"https:\\\/\\\/bien-etreiris.ch\\\/de\\\/produktpraesentation\\\/hygiene\\\/\"},{\"@type\":\"ListItem\",\"position\":4,\"name\":\"K\u00d6RPERPFLEGE\",\"item\":\"https:\\\/\\\/bien-etreiris.ch\\\/de\\\/produktpraesentation\\\/hygiene\\\/koerperpflege\\\/\"},{\"@type\":\"ListItem\",\"position\":5,\"name\":\"MUNDHYGIENE\",\"item\":\"https:\\\/\\\/bien-etreiris.ch\\\/de\\\/produktpraesentation\\\/hygiene\\\/koerperpflege\\\/mundhygiene\\\/\"},{\"@type\":\"ListItem\",\"position\":6,\"name\":\"ZAHNB\u00dcRSTEN\",\"item\":\"https:\\\/\\\/bien-etreiris.ch\\\/de\\\/produktpraesentation\\\/hygiene\\\/koerperpflege\\\/mundhygiene\\\/zahnbuersten\\\/\"},{\"@type\":\"ListItem\",\"position\":7,\"name\":\"MISWAK\"}]},{\"@type\":\"WebSite\",\"@id\":\"https:\\\/\\\/bien-etreiris.ch\\\/de\\\/#website\",\"url\":\"https:\\\/\\\/bien-etreiris.ch\\\/de\\\/\",\"name\":\"Bien-\u00eatre Iris\",\"description\":\"IHRE Gesundheit ist uns wichtig\",\"potentialAction\":[{\"@type\":\"SearchAction\",\"target\":{\"@type\":\"EntryPoint\",\"urlTemplate\":\"https:\\\/\\\/bien-etreiris.ch\\\/de\\\/?s={search_term_string}\"},\"query-input\":{\"@type\":\"PropertyValueSpecification\",\"valueRequired\":true,\"valueName\":\"search_term_string\"}}],\"inLanguage\":\"de\"}]}<\/script>\n<!-- \/ Yoast SEO plugin. -->","yoast_head_json":{"title":"MISWAK - WOHLBEFINDEN","robots":{"index":"index","follow":"follow","max-snippet":"max-snippet:-1","max-image-preview":"max-image-preview:large","max-video-preview":"max-video-preview:-1"},"canonical":"https:\/\/bien-etreiris.ch\/de\/produktpraesentation\/hygiene\/koerperpflege\/mundhygiene\/zahnbuersten\/miswak-siwak\/","og_locale":"de_DE","og_type":"article","og_title":"MISWAK - WOHLBEFINDEN","og_description":"Le Siwak (ou Miswak) est une brosse \u00e0 dents naturelle provenant de l'arbre appel\u00e9 Arak (Salvadora persica). &nbsp; &nbsp; &nbsp; &nbsp; &nbsp; Origine Pakistan. Vendue avec \u00e9tui. Lot de 4 x 20g. CHF 5.30 &nbsp; &nbsp; Recommand\u00e9 par l'Organisation Mondiale de la Sant\u00e9 (OMS), ce petit b\u00e2tonnet simple et naturel remplace avantageusement les brosses \u00e0 dents synth\u00e9tiques du commerce et&nbsp;Weiter lesen","og_url":"https:\/\/bien-etreiris.ch\/de\/produktpraesentation\/hygiene\/koerperpflege\/mundhygiene\/zahnbuersten\/miswak-siwak\/","og_site_name":"WOHLBEFINDEN","article_publisher":"https:\/\/www.facebook.com\/bienetreiris\/","article_modified_time":"2024-08-21T03:29:03+00:00","og_image":[{"width":500,"height":333,"url":"https:\/\/bien-etreiris.ch\/wp-content\/uploads\/2024\/08\/acceuil-Siwak.jpg","type":"image\/jpeg"}],"twitter_misc":{"Gesch\u00e4tzte Lesezeit":"3\u00a0Minuten"},"schema":{"@context":"https:\/\/schema.org","@graph":[{"@type":"WebPage","@id":"https:\/\/bien-etreiris.ch\/de\/produktpraesentation\/hygiene\/koerperpflege\/mundhygiene\/zahnbuersten\/miswak-siwak\/","url":"https:\/\/bien-etreiris.ch\/de\/produktpraesentation\/hygiene\/koerperpflege\/mundhygiene\/zahnbuersten\/miswak-siwak\/","name":"MISWAK - WOHLBEFINDEN","isPartOf":{"@id":"https:\/\/bien-etreiris.ch\/de\/#website"},"primaryImageOfPage":{"@id":"https:\/\/bien-etreiris.ch\/de\/produktpraesentation\/hygiene\/koerperpflege\/mundhygiene\/zahnbuersten\/miswak-siwak\/#primaryimage"},"image":{"@id":"https:\/\/bien-etreiris.ch\/de\/produktpraesentation\/hygiene\/koerperpflege\/mundhygiene\/zahnbuersten\/miswak-siwak\/#primaryimage"},"thumbnailUrl":"https:\/\/bien-etreiris.ch\/wp-content\/uploads\/2024\/08\/acceuil-Siwak.jpg","datePublished":"2024-08-21T03:28:33+00:00","dateModified":"2024-08-21T03:29:03+00:00","breadcrumb":{"@id":"https:\/\/bien-etreiris.ch\/de\/produktpraesentation\/hygiene\/koerperpflege\/mundhygiene\/zahnbuersten\/miswak-siwak\/#breadcrumb"},"inLanguage":"de","potentialAction":[{"@type":"ReadAction","target":["https:\/\/bien-etreiris.ch\/de\/produktpraesentation\/hygiene\/koerperpflege\/mundhygiene\/zahnbuersten\/miswak-siwak\/"]}]},{"@type":"ImageObject","inLanguage":"de","@id":"https:\/\/bien-etreiris.ch\/de\/produktpraesentation\/hygiene\/koerperpflege\/mundhygiene\/zahnbuersten\/miswak-siwak\/#primaryimage","url":"https:\/\/bien-etreiris.ch\/wp-content\/uploads\/2024\/08\/acceuil-Siwak.jpg","contentUrl":"https:\/\/bien-etreiris.ch\/wp-content\/uploads\/2024\/08\/acceuil-Siwak.jpg","width":500,"height":333},{"@type":"BreadcrumbList","@id":"https:\/\/bien-etreiris.ch\/de\/produktpraesentation\/hygiene\/koerperpflege\/mundhygiene\/zahnbuersten\/miswak-siwak\/#breadcrumb","itemListElement":[{"@type":"ListItem","position":1,"name":"Home","item":"https:\/\/bien-etreiris.ch\/de\/"},{"@type":"ListItem","position":2,"name":"PRODUKTPR\u00c4SENTATION","item":"https:\/\/bien-etreiris.ch\/de\/produktpraesentation\/"},{"@type":"ListItem","position":3,"name":"HYGIENE","item":"https:\/\/bien-etreiris.ch\/de\/produktpraesentation\/hygiene\/"},{"@type":"ListItem","position":4,"name":"K\u00d6RPERPFLEGE","item":"https:\/\/bien-etreiris.ch\/de\/produktpraesentation\/hygiene\/koerperpflege\/"},{"@type":"ListItem","position":5,"name":"MUNDHYGIENE","item":"https:\/\/bien-etreiris.ch\/de\/produktpraesentation\/hygiene\/koerperpflege\/mundhygiene\/"},{"@type":"ListItem","position":6,"name":"ZAHNB\u00dcRSTEN","item":"https:\/\/bien-etreiris.ch\/de\/produktpraesentation\/hygiene\/koerperpflege\/mundhygiene\/zahnbuersten\/"},{"@type":"ListItem","position":7,"name":"MISWAK"}]},{"@type":"WebSite","@id":"https:\/\/bien-etreiris.ch\/de\/#website","url":"https:\/\/bien-etreiris.ch\/de\/","name":"Bien-\u00eatre Iris","description":"IHRE Gesundheit ist uns wichtig","potentialAction":[{"@type":"SearchAction","target":{"@type":"EntryPoint","urlTemplate":"https:\/\/bien-etreiris.ch\/de\/?s={search_term_string}"},"query-input":{"@type":"PropertyValueSpecification","valueRequired":true,"valueName":"search_term_string"}}],"inLanguage":"de"}]}},"_links":{"self":[{"href":"https:\/\/bien-etreiris.ch\/de\/wp-json\/wp\/v2\/pages\/87962","targetHints":{"allow":["GET"]}}],"collection":[{"href":"https:\/\/bien-etreiris.ch\/de\/wp-json\/wp\/v2\/pages"}],"about":[{"href":"https:\/\/bien-etreiris.ch\/de\/wp-json\/wp\/v2\/types\/page"}],"author":[{"embeddable":true,"href":"https:\/\/bien-etreiris.ch\/de\/wp-json\/wp\/v2\/users\/1"}],"replies":[{"embeddable":true,"href":"https:\/\/bien-etreiris.ch\/de\/wp-json\/wp\/v2\/comments?post=87962"}],"version-history":[{"count":2,"href":"https:\/\/bien-etreiris.ch\/de\/wp-json\/wp\/v2\/pages\/87962\/revisions"}],"predecessor-version":[{"id":87968,"href":"https:\/\/bien-etreiris.ch\/de\/wp-json\/wp\/v2\/pages\/87962\/revisions\/87968"}],"up":[{"embeddable":true,"href":"https:\/\/bien-etreiris.ch\/de\/wp-json\/wp\/v2\/pages\/32618"}],"wp:featuredmedia":[{"embeddable":true,"href":"https:\/\/bien-etreiris.ch\/de\/wp-json\/wp\/v2\/media\/87958"}],"wp:attachment":[{"href":"https:\/\/bien-etreiris.ch\/de\/wp-json\/wp\/v2\/media?parent=87962"}],"curies":[{"name":"wp","href":"https:\/\/api.w.org\/{rel}","templated":true}]}}