{"id":87762,"date":"2024-08-20T12:25:33","date_gmt":"2024-08-20T10:25:33","guid":{"rendered":"https:\/\/bien-etreiris.ch\/ratgeber-klarheit-beratung\/gesunder-lebensstil\/naehrstoffe\/lebensmittel\/gesunde-getraenke\/eau\/"},"modified":"2024-08-23T04:02:40","modified_gmt":"2024-08-23T02:02:40","slug":"ausscheidung-und-reinigung-mit-reinem-zell-verfuegbaren-wasser","status":"publish","type":"page","link":"https:\/\/bien-etreiris.ch\/de\/ratgeber-klarheit-beratung\/gesunder-lebensstil\/naehrstoffe\/ausscheidung-und-reinigung-mit-reinem-zell-verfuegbaren-wasser\/","title":{"rendered":"AUSSCHEIDUNG &#038;&#8230;."},"content":{"rendered":"<h2>Ausscheidung und Reinigung des K\u00f6rperinneren mit reinem Wasser.<\/h2>\n<p>Reines zellverf\u00fcgbares Trinkwasser ist ein so wichtiger Bestandteil, um in Topform zu bleiben. Wenn Sie nicht genug trinken, dehydriert Ihr K\u00f6rper. Dies kann zu Kopfschmerzen und anderen Problemen f\u00fchren. Erfahren Sie mehr dar\u00fcber, warum es wichtig ist, viel Wasser zu trinken, und was dabei passiert.<\/p>\n<p>Auf dieser Ebene muss gesagt werden, dass Wasser kein Nahrungsmittel ist, sondern ein Reinigungs- und Transportmittel f\u00fcr die Instandhaltung unseres K\u00f6rpers. Mineralien kann der K\u00f6rper mit der Nahrung aufnehmen.<\/p>\n<p>Ausreichend z<b>ellverf\u00fcgbares <\/b><strong>Wasser zu trinken<\/strong> beschleunigt den Abtransport der gebundenen Giftstoffe und erleichtert ihre Ausscheidung.<\/p>\n<p>&nbsp;<\/p>\n","protected":false},"excerpt":{"rendered":"<p>Ausscheidung und Reinigung des K\u00f6rperinneren mit reinem Wasser. Reines zellverf\u00fcgbares Trinkwasser ist ein so wichtiger Bestandteil, um in Topform zu bleiben. Wenn Sie nicht genug trinken, dehydriert Ihr K\u00f6rper. Dies kann zu Kopfschmerzen und anderen Problemen f\u00fchren. Erfahren Sie mehr dar\u00fcber, warum es wichtig ist, viel Wasser zu trinken, und was dabei passiert. Auf dieser Ebene muss gesagt werden, dass&nbsp;<a href=\"https:\/\/bien-etreiris.ch\/de\/ratgeber-klarheit-beratung\/gesunder-lebensstil\/naehrstoffe\/ausscheidung-und-reinigung-mit-reinem-zell-verfuegbaren-wasser\/\" class=\"read-more\">Weiter lesen<\/a><\/p>\n","protected":false},"author":1,"featured_media":87767,"parent":50951,"menu_order":1620,"comment_status":"closed","ping_status":"closed","template":"page-with-child.php","meta":{"_acf_changed":false,"ngg_post_thumbnail":0,"footnotes":""},"class_list":["post-87762","page","type-page","status-publish","has-post-thumbnail","hentry"],"acf":[],"yoast_head":"<!-- This site is optimized with the Yoast SEO plugin v27.5 - https:\/\/yoast.com\/product\/yoast-seo-wordpress\/ -->\n<title>AUSSCHEIDUNG &amp;.... - WOHLBEFINDEN<\/title>\n<meta name=\"robots\" content=\"index, follow, max-snippet:-1, max-image-preview:large, max-video-preview:-1\" \/>\n<link rel=\"canonical\" href=\"https:\/\/bien-etreiris.ch\/de\/ratgeber-klarheit-beratung\/gesunder-lebensstil\/naehrstoffe\/ausscheidung-und-reinigung-mit-reinem-zell-verfuegbaren-wasser\/\" \/>\n<meta property=\"og:locale\" content=\"de_DE\" \/>\n<meta property=\"og:type\" content=\"article\" \/>\n<meta property=\"og:title\" content=\"AUSSCHEIDUNG &amp;.... - WOHLBEFINDEN\" \/>\n<meta property=\"og:description\" content=\"Ausscheidung und Reinigung des K\u00f6rperinneren mit reinem Wasser. Reines zellverf\u00fcgbares Trinkwasser ist ein so wichtiger Bestandteil, um in Topform zu bleiben. Wenn Sie nicht genug trinken, dehydriert Ihr K\u00f6rper. Dies kann zu Kopfschmerzen und anderen Problemen f\u00fchren. Erfahren Sie mehr dar\u00fcber, warum es wichtig ist, viel Wasser zu trinken, und was dabei passiert. Auf dieser Ebene muss gesagt werden, dass&nbsp;Weiter lesen\" \/>\n<meta property=\"og:url\" content=\"https:\/\/bien-etreiris.ch\/de\/ratgeber-klarheit-beratung\/gesunder-lebensstil\/naehrstoffe\/ausscheidung-und-reinigung-mit-reinem-zell-verfuegbaren-wasser\/\" \/>\n<meta property=\"og:site_name\" content=\"WOHLBEFINDEN\" \/>\n<meta property=\"article:publisher\" content=\"https:\/\/www.facebook.com\/bienetreiris\/\" \/>\n<meta property=\"article:modified_time\" content=\"2024-08-23T02:02:40+00:00\" \/>\n<meta property=\"og:image\" content=\"https:\/\/bien-etreiris.ch\/wp-content\/uploads\/2024\/08\/acceuil-eau.jpg\" \/>\n\t<meta property=\"og:image:width\" content=\"500\" \/>\n\t<meta property=\"og:image:height\" content=\"333\" \/>\n\t<meta property=\"og:image:type\" content=\"image\/jpeg\" \/>\n<meta name=\"twitter:label1\" content=\"Gesch\u00e4tzte Lesezeit\" \/>\n\t<meta name=\"twitter:data1\" content=\"1\u00a0Minute\" \/>\n<script type=\"application\/ld+json\" class=\"yoast-schema-graph\">{\"@context\":\"https:\\\/\\\/schema.org\",\"@graph\":[{\"@type\":\"WebPage\",\"@id\":\"https:\\\/\\\/bien-etreiris.ch\\\/de\\\/ratgeber-klarheit-beratung\\\/gesunder-lebensstil\\\/naehrstoffe\\\/ausscheidung-und-reinigung-mit-reinem-zell-verfuegbaren-wasser\\\/\",\"url\":\"https:\\\/\\\/bien-etreiris.ch\\\/de\\\/ratgeber-klarheit-beratung\\\/gesunder-lebensstil\\\/naehrstoffe\\\/ausscheidung-und-reinigung-mit-reinem-zell-verfuegbaren-wasser\\\/\",\"name\":\"AUSSCHEIDUNG &.... - WOHLBEFINDEN\",\"isPartOf\":{\"@id\":\"https:\\\/\\\/bien-etreiris.ch\\\/de\\\/#website\"},\"primaryImageOfPage\":{\"@id\":\"https:\\\/\\\/bien-etreiris.ch\\\/de\\\/ratgeber-klarheit-beratung\\\/gesunder-lebensstil\\\/naehrstoffe\\\/ausscheidung-und-reinigung-mit-reinem-zell-verfuegbaren-wasser\\\/#primaryimage\"},\"image\":{\"@id\":\"https:\\\/\\\/bien-etreiris.ch\\\/de\\\/ratgeber-klarheit-beratung\\\/gesunder-lebensstil\\\/naehrstoffe\\\/ausscheidung-und-reinigung-mit-reinem-zell-verfuegbaren-wasser\\\/#primaryimage\"},\"thumbnailUrl\":\"https:\\\/\\\/bien-etreiris.ch\\\/wp-content\\\/uploads\\\/2024\\\/08\\\/acceuil-eau.jpg\",\"datePublished\":\"2024-08-20T10:25:33+00:00\",\"dateModified\":\"2024-08-23T02:02:40+00:00\",\"breadcrumb\":{\"@id\":\"https:\\\/\\\/bien-etreiris.ch\\\/de\\\/ratgeber-klarheit-beratung\\\/gesunder-lebensstil\\\/naehrstoffe\\\/ausscheidung-und-reinigung-mit-reinem-zell-verfuegbaren-wasser\\\/#breadcrumb\"},\"inLanguage\":\"de\",\"potentialAction\":[{\"@type\":\"ReadAction\",\"target\":[\"https:\\\/\\\/bien-etreiris.ch\\\/de\\\/ratgeber-klarheit-beratung\\\/gesunder-lebensstil\\\/naehrstoffe\\\/ausscheidung-und-reinigung-mit-reinem-zell-verfuegbaren-wasser\\\/\"]}]},{\"@type\":\"ImageObject\",\"inLanguage\":\"de\",\"@id\":\"https:\\\/\\\/bien-etreiris.ch\\\/de\\\/ratgeber-klarheit-beratung\\\/gesunder-lebensstil\\\/naehrstoffe\\\/ausscheidung-und-reinigung-mit-reinem-zell-verfuegbaren-wasser\\\/#primaryimage\",\"url\":\"https:\\\/\\\/bien-etreiris.ch\\\/wp-content\\\/uploads\\\/2024\\\/08\\\/acceuil-eau.jpg\",\"contentUrl\":\"https:\\\/\\\/bien-etreiris.ch\\\/wp-content\\\/uploads\\\/2024\\\/08\\\/acceuil-eau.jpg\",\"width\":500,\"height\":333},{\"@type\":\"BreadcrumbList\",\"@id\":\"https:\\\/\\\/bien-etreiris.ch\\\/de\\\/ratgeber-klarheit-beratung\\\/gesunder-lebensstil\\\/naehrstoffe\\\/ausscheidung-und-reinigung-mit-reinem-zell-verfuegbaren-wasser\\\/#breadcrumb\",\"itemListElement\":[{\"@type\":\"ListItem\",\"position\":1,\"name\":\"Home\",\"item\":\"https:\\\/\\\/bien-etreiris.ch\\\/de\\\/\"},{\"@type\":\"ListItem\",\"position\":2,\"name\":\"RATGEBER &#038; KLARHEIT\",\"item\":\"https:\\\/\\\/bien-etreiris.ch\\\/de\\\/ratgeber-klarheit-beratung\\\/\"},{\"@type\":\"ListItem\",\"position\":3,\"name\":\"GESUNDER LEBENSSTIL\",\"item\":\"https:\\\/\\\/bien-etreiris.ch\\\/de\\\/ratgeber-klarheit-beratung\\\/gesunder-lebensstil\\\/\"},{\"@type\":\"ListItem\",\"position\":4,\"name\":\"N\u00c4HRSTOFFE\",\"item\":\"https:\\\/\\\/bien-etreiris.ch\\\/de\\\/ratgeber-klarheit-beratung\\\/naehrstoffe\\\/\"},{\"@type\":\"ListItem\",\"position\":5,\"name\":\"AUSSCHEIDUNG &#038;&#8230;.\"}]},{\"@type\":\"WebSite\",\"@id\":\"https:\\\/\\\/bien-etreiris.ch\\\/de\\\/#website\",\"url\":\"https:\\\/\\\/bien-etreiris.ch\\\/de\\\/\",\"name\":\"Bien-\u00eatre Iris\",\"description\":\"IHRE Gesundheit ist uns wichtig\",\"potentialAction\":[{\"@type\":\"SearchAction\",\"target\":{\"@type\":\"EntryPoint\",\"urlTemplate\":\"https:\\\/\\\/bien-etreiris.ch\\\/de\\\/?s={search_term_string}\"},\"query-input\":{\"@type\":\"PropertyValueSpecification\",\"valueRequired\":true,\"valueName\":\"search_term_string\"}}],\"inLanguage\":\"de\"}]}<\/script>\n<!-- \/ Yoast SEO plugin. -->","yoast_head_json":{"title":"AUSSCHEIDUNG &.... - WOHLBEFINDEN","robots":{"index":"index","follow":"follow","max-snippet":"max-snippet:-1","max-image-preview":"max-image-preview:large","max-video-preview":"max-video-preview:-1"},"canonical":"https:\/\/bien-etreiris.ch\/de\/ratgeber-klarheit-beratung\/gesunder-lebensstil\/naehrstoffe\/ausscheidung-und-reinigung-mit-reinem-zell-verfuegbaren-wasser\/","og_locale":"de_DE","og_type":"article","og_title":"AUSSCHEIDUNG &.... - WOHLBEFINDEN","og_description":"Ausscheidung und Reinigung des K\u00f6rperinneren mit reinem Wasser. Reines zellverf\u00fcgbares Trinkwasser ist ein so wichtiger Bestandteil, um in Topform zu bleiben. Wenn Sie nicht genug trinken, dehydriert Ihr K\u00f6rper. Dies kann zu Kopfschmerzen und anderen Problemen f\u00fchren. Erfahren Sie mehr dar\u00fcber, warum es wichtig ist, viel Wasser zu trinken, und was dabei passiert. Auf dieser Ebene muss gesagt werden, dass&nbsp;Weiter lesen","og_url":"https:\/\/bien-etreiris.ch\/de\/ratgeber-klarheit-beratung\/gesunder-lebensstil\/naehrstoffe\/ausscheidung-und-reinigung-mit-reinem-zell-verfuegbaren-wasser\/","og_site_name":"WOHLBEFINDEN","article_publisher":"https:\/\/www.facebook.com\/bienetreiris\/","article_modified_time":"2024-08-23T02:02:40+00:00","og_image":[{"width":500,"height":333,"url":"https:\/\/bien-etreiris.ch\/wp-content\/uploads\/2024\/08\/acceuil-eau.jpg","type":"image\/jpeg"}],"twitter_misc":{"Gesch\u00e4tzte Lesezeit":"1\u00a0Minute"},"schema":{"@context":"https:\/\/schema.org","@graph":[{"@type":"WebPage","@id":"https:\/\/bien-etreiris.ch\/de\/ratgeber-klarheit-beratung\/gesunder-lebensstil\/naehrstoffe\/ausscheidung-und-reinigung-mit-reinem-zell-verfuegbaren-wasser\/","url":"https:\/\/bien-etreiris.ch\/de\/ratgeber-klarheit-beratung\/gesunder-lebensstil\/naehrstoffe\/ausscheidung-und-reinigung-mit-reinem-zell-verfuegbaren-wasser\/","name":"AUSSCHEIDUNG &.... - WOHLBEFINDEN","isPartOf":{"@id":"https:\/\/bien-etreiris.ch\/de\/#website"},"primaryImageOfPage":{"@id":"https:\/\/bien-etreiris.ch\/de\/ratgeber-klarheit-beratung\/gesunder-lebensstil\/naehrstoffe\/ausscheidung-und-reinigung-mit-reinem-zell-verfuegbaren-wasser\/#primaryimage"},"image":{"@id":"https:\/\/bien-etreiris.ch\/de\/ratgeber-klarheit-beratung\/gesunder-lebensstil\/naehrstoffe\/ausscheidung-und-reinigung-mit-reinem-zell-verfuegbaren-wasser\/#primaryimage"},"thumbnailUrl":"https:\/\/bien-etreiris.ch\/wp-content\/uploads\/2024\/08\/acceuil-eau.jpg","datePublished":"2024-08-20T10:25:33+00:00","dateModified":"2024-08-23T02:02:40+00:00","breadcrumb":{"@id":"https:\/\/bien-etreiris.ch\/de\/ratgeber-klarheit-beratung\/gesunder-lebensstil\/naehrstoffe\/ausscheidung-und-reinigung-mit-reinem-zell-verfuegbaren-wasser\/#breadcrumb"},"inLanguage":"de","potentialAction":[{"@type":"ReadAction","target":["https:\/\/bien-etreiris.ch\/de\/ratgeber-klarheit-beratung\/gesunder-lebensstil\/naehrstoffe\/ausscheidung-und-reinigung-mit-reinem-zell-verfuegbaren-wasser\/"]}]},{"@type":"ImageObject","inLanguage":"de","@id":"https:\/\/bien-etreiris.ch\/de\/ratgeber-klarheit-beratung\/gesunder-lebensstil\/naehrstoffe\/ausscheidung-und-reinigung-mit-reinem-zell-verfuegbaren-wasser\/#primaryimage","url":"https:\/\/bien-etreiris.ch\/wp-content\/uploads\/2024\/08\/acceuil-eau.jpg","contentUrl":"https:\/\/bien-etreiris.ch\/wp-content\/uploads\/2024\/08\/acceuil-eau.jpg","width":500,"height":333},{"@type":"BreadcrumbList","@id":"https:\/\/bien-etreiris.ch\/de\/ratgeber-klarheit-beratung\/gesunder-lebensstil\/naehrstoffe\/ausscheidung-und-reinigung-mit-reinem-zell-verfuegbaren-wasser\/#breadcrumb","itemListElement":[{"@type":"ListItem","position":1,"name":"Home","item":"https:\/\/bien-etreiris.ch\/de\/"},{"@type":"ListItem","position":2,"name":"RATGEBER &#038; KLARHEIT","item":"https:\/\/bien-etreiris.ch\/de\/ratgeber-klarheit-beratung\/"},{"@type":"ListItem","position":3,"name":"GESUNDER LEBENSSTIL","item":"https:\/\/bien-etreiris.ch\/de\/ratgeber-klarheit-beratung\/gesunder-lebensstil\/"},{"@type":"ListItem","position":4,"name":"N\u00c4HRSTOFFE","item":"https:\/\/bien-etreiris.ch\/de\/ratgeber-klarheit-beratung\/naehrstoffe\/"},{"@type":"ListItem","position":5,"name":"AUSSCHEIDUNG &#038;&#8230;."}]},{"@type":"WebSite","@id":"https:\/\/bien-etreiris.ch\/de\/#website","url":"https:\/\/bien-etreiris.ch\/de\/","name":"Bien-\u00eatre Iris","description":"IHRE Gesundheit ist uns wichtig","potentialAction":[{"@type":"SearchAction","target":{"@type":"EntryPoint","urlTemplate":"https:\/\/bien-etreiris.ch\/de\/?s={search_term_string}"},"query-input":{"@type":"PropertyValueSpecification","valueRequired":true,"valueName":"search_term_string"}}],"inLanguage":"de"}]}},"_links":{"self":[{"href":"https:\/\/bien-etreiris.ch\/de\/wp-json\/wp\/v2\/pages\/87762","targetHints":{"allow":["GET"]}}],"collection":[{"href":"https:\/\/bien-etreiris.ch\/de\/wp-json\/wp\/v2\/pages"}],"about":[{"href":"https:\/\/bien-etreiris.ch\/de\/wp-json\/wp\/v2\/types\/page"}],"author":[{"embeddable":true,"href":"https:\/\/bien-etreiris.ch\/de\/wp-json\/wp\/v2\/users\/1"}],"replies":[{"embeddable":true,"href":"https:\/\/bien-etreiris.ch\/de\/wp-json\/wp\/v2\/comments?post=87762"}],"version-history":[{"count":10,"href":"https:\/\/bien-etreiris.ch\/de\/wp-json\/wp\/v2\/pages\/87762\/revisions"}],"predecessor-version":[{"id":88059,"href":"https:\/\/bien-etreiris.ch\/de\/wp-json\/wp\/v2\/pages\/87762\/revisions\/88059"}],"up":[{"embeddable":true,"href":"https:\/\/bien-etreiris.ch\/de\/wp-json\/wp\/v2\/pages\/50951"}],"wp:featuredmedia":[{"embeddable":true,"href":"https:\/\/bien-etreiris.ch\/de\/wp-json\/wp\/v2\/media\/87767"}],"wp:attachment":[{"href":"https:\/\/bien-etreiris.ch\/de\/wp-json\/wp\/v2\/media?parent=87762"}],"curies":[{"name":"wp","href":"https:\/\/api.w.org\/{rel}","templated":true}]}}