{"id":87454,"date":"2024-08-19T13:32:17","date_gmt":"2024-08-19T11:32:17","guid":{"rendered":"https:\/\/bien-etreiris.ch\/citron-vert\/"},"modified":"2024-08-19T13:53:10","modified_gmt":"2024-08-19T11:53:10","slug":"citron-vert","status":"publish","type":"page","link":"https:\/\/bien-etreiris.ch\/de\/produktpraesentation\/aromatherapie\/aetherische-oele\/les-agrumes\/citron-vert\/","title":{"rendered":"CITRON VERT"},"content":{"rendered":"\n<h2>Citron vert - Citrus aurantiifolia<\/h2>\n<p><a href=\"https:\/\/bien-etreiris.ch\/de\/produktpraesentation\/aromatherapie\/aetherische-oele\/les-agrumes\/citron-vert\/citron-vert-2-2\/\" rel=\"attachment wp-att-87448\"><img loading=\"lazy\" decoding=\"async\" class=\"alignnone  wp-image-87448 alignleft\" src=\"https:\/\/bien-etreiris.ch\/wp-content\/uploads\/2024\/08\/citron-vert-1.jpg\" alt=\"\" width=\"220\" height=\"361\" srcset=\"https:\/\/bien-etreiris.ch\/wp-content\/uploads\/2024\/08\/citron-vert-1.jpg 427w, https:\/\/bien-etreiris.ch\/wp-content\/uploads\/2024\/08\/citron-vert-1-183x300.jpg 183w\" sizes=\"auto, (max-width: 220px) 100vw, 220px\" \/><\/a><\/p>\n\n\n<p>&nbsp;<\/p>\n<p>&nbsp;<\/p>\n<p>&nbsp;<\/p>\n<p>&nbsp;<\/p>\n<p>&nbsp;<\/p>\n<p>&nbsp;<\/p>\n<p>Garantie de qualit\u00e9 biologique sup\u00e9rieure CH-BIO 006<\/p>\n<p>Contenu: 5 ml <strong>CHF 9.00<\/strong><\/p>\n<p>&nbsp;<\/p>\n<p>&nbsp;<\/p>\n<p>&nbsp;<\/p>\n<p>&nbsp;<\/p>\n<p>&nbsp;<\/p>\n<p>IMPORTANT : cette huile essentielle est obtenue par distillation \u00e0 la vapeur d'eau.<\/p>\n<table>\n<tbody>\n<tr>\n<td><strong>Nom botanique :<\/strong><\/td>\n<td>Citrus aurantiifolia<\/td>\n<\/tr>\n<tr>\n<td><strong>Famille botanique :<\/strong><\/td>\n<td>Rutac\u00e9es<\/td>\n<\/tr>\n<tr>\n<td><strong>M\u00e9thode d'extraction :<\/strong><\/td>\n<td>distillation \u00e0 la vapeur d'eau<\/td>\n<\/tr>\n<tr>\n<td><strong>Partie de la plante utilis\u00e9e :<\/strong><\/td>\n<td>p\u00e9ricarpe frais du fruit<\/td>\n<\/tr>\n<tr>\n<td><strong>Quantit\u00e9 v\u00e9g\u00e9tale :<\/strong><\/td>\n<td>Pour 1 kg d'huile, il faut environ 200 kg de zestes.<\/td>\n<\/tr>\n<tr>\n<td><strong>Origine g\u00e9ographique :<\/strong>&nbsp;<\/td>\n<td>Italie<\/td>\n<\/tr>\n<tr>\n<td><strong>Culture qualit\u00e9&nbsp;:<\/strong><\/td>\n<td>biologique<\/td>\n<\/tr>\n<tr>\n<td><strong>Effet parfum\u00e9 :<\/strong><\/td>\n<td>rafra\u00eechissant<\/td>\n<\/tr>\n<tr>\n<td><strong>Note parfum\u00e9e :<\/strong><\/td>\n<td>Note de t\u00eate<\/td>\n<\/tr>\n<tr>\n<td><strong>Profil de parfum :<\/strong><\/td>\n<td>fruit\u00e9, citronn\u00e9, frais, p\u00e9tillant<\/td>\n<\/tr>\n<tr>\n<td><strong>Th\u00e8me du parfum :<\/strong><\/td>\n<td>fra\u00eechissant, stimulant, favorise la concentration<\/td>\n<\/tr>\n<tr>\n<td><strong>\u00c9nerg\u00e9tique :<\/strong><\/td>\n<td>jaune \/ 3e chakra<\/td>\n<\/tr>\n<tr>\n<td><strong>Psycho-\u00e9motionnel :<\/strong>&nbsp;<\/td>\n<td>\n<ul>\n<li>stimulateur<\/li>\n<li>aide \u00e0 la concentration<\/li>\n<li>am\u00e9liore le travail d'analyse<\/li>\n<li>permet de faire des choix sans \u00e9motions.<\/li>\n<\/ul>\n<\/td>\n<\/tr>\n<tr>\n<td><strong>Description :<\/strong>&nbsp;&nbsp;&nbsp;&nbsp;&nbsp;&nbsp;\n<p>&nbsp;<\/p>\n<p>&nbsp;<\/p>\n<p>&nbsp;<\/p>\n<p>&nbsp;<\/p>\n<p>&nbsp;<\/p>\n<p>&nbsp;<\/p>\n<p>&nbsp;<\/p>\n<\/td>\n<td scope=\"row\">\n<ul>\n<li>Les fruits du citron vert poussent en Am\u00e9rique centrale.<\/li>\n<li>Le parfum frais et p\u00e9tillant des \u00e9corces de fruits invite \u00e0 une promenade sous les palmiers, le long d'une plage de sable blanc, le regard tourn\u00e9 vers la mer turquoise. Il n'est donc pas \u00e9tonnant que l'ar\u00f4me doux et amer du citron vert fasse partie de nombreuses boissons mixtes.<\/li>\n<li>Le citron vert a un effet fortement d\u00e9sodorisant et est utilis\u00e9 dans l'industrie cosm\u00e9tique. Ses propri\u00e9t\u00e9s stimulantes pour l'app\u00e9tit et la digestion sont utilis\u00e9es en cas de troubles alimentaires et contre le manque d'app\u00e9tit.<\/li>\n<li>Etant probablement la plus fra\u00eeche de toutes les huiles d'agrumes, elle est une huile de bonne humeur de premier choix. Son influence stimulante sur la production de noradr\u00e9naline et de dopamine entra\u00eene une activation.<\/li>\n<li>L'huile de citron vert BIO am\u00e9liore l'humeur, la confiance en soi augmente et la joie de vivre s'accro\u00eet.<\/li>\n<\/ul>\n<\/td>\n<\/tr>\n<tr>\n<td><strong>Application :<\/strong><\/td>\n<td>\n<ul>\n<li>La limette se m\u00e9lange bien avec le pamplemousse, la menthe poivr\u00e9e, la vanille, la racine d'ang\u00e9lique, le g\u00e9ranium rosat, le ciste et le tonka.<\/li>\n<li>Pour un d\u00e9but de journ\u00e9e rafra\u00eechissant, ajouter du pamplemousse et de l'orange dans le gel douche Base Parfum Neutre.<\/li>\n<li>Pour un spray corporel rafra\u00eechissant et vivifiant, m\u00e9langer de l'hydrolat de menthe poivr\u00e9e, de l'alcool bio et du pamplemousse dans un flacon vide avec diffuseur.<\/li>\n<li>L'huile de citron vert augmente la sensibilit\u00e9 de la peau \u00e0 la lumi\u00e8re.<br>Apr\u00e8s l'application, la peau ne doit pas \u00eatre directement expos\u00e9e au soleil !<\/li>\n<\/ul>\n<p>&nbsp;<\/p>\n<\/td>\n<\/tr>\n<tr>\n<td><strong>Allerg\u00e8nes<br><\/strong><\/td>\n<td>\n<ul>\n<li>Citral (Geranial + Neral)<\/li>\n<li>Geraniol<\/li>\n<li>Limonene<\/li>\n<\/ul>\n<p>&nbsp;<\/p>\n<\/td>\n<\/tr>\n<tr>\n<td><strong>Pr\u00e9cautions !<br><\/strong><\/td>\n<td>\n<ul>\n<li>L'huile de citron augmente la sensibilit\u00e9 de la peau \u00e0 la lumi\u00e8re. Apr\u00e8s un massage ou une friction \u00e0 l'huile de citron, la peau ne devrait pas \u00eatre expos\u00e9e directement au soleil !<\/li>\n<li><strong>&nbsp;= dermocaustique<\/strong><\/li>\n<\/ul>\n<p>&nbsp;<\/p>\n<\/td>\n<\/tr>\n<tr>\n<td><strong>Principes actifs :<\/strong><\/td>\n<td>\n<ul>\n<li>D-Limon\u00e8ne (de 62 \u00e0 70 %)<\/li>\n<li>B\u00e9ta pin\u00e8ne (de 8 \u00e0 16 %)<\/li>\n<li>Gamma terpin\u00e8ne (de 7 \u00e0 12 %)<\/li>\n<\/ul>\n<\/td>\n<\/tr>\n<tr>\n<td><strong>&nbsp;<\/strong><\/td>\n<td>&nbsp;<\/td>\n<\/tr>\n<tr>\n<td><strong>Pictogrammes :<\/strong><\/td>\n<td>&nbsp;<\/td>\n<\/tr>\n<tr>\n<td colspan=\"2\"><strong><br><\/strong><strong>Des sp\u00e9cialistes qualifi\u00e9s vous donneront volontiers de plus amples informations sur les possibilit\u00e9s d'utilisation m\u00e9dicale et cosm\u00e9tique.<\/strong><\/td>\n<\/tr>\n<\/tbody>\n<\/table>\n<p>&nbsp;&nbsp;&nbsp;&nbsp;&nbsp;&nbsp;&nbsp;&nbsp;&nbsp;<\/p>","protected":false},"excerpt":{"rendered":"<p>Citron vert - Citrus aurantiifolia &nbsp; &nbsp; &nbsp; &nbsp; &nbsp; &nbsp; Garantie de qualit\u00e9 biologique sup\u00e9rieure CH-BIO 006 Contenu: 5 ml CHF 9.00 &nbsp; &nbsp; &nbsp; &nbsp; &nbsp; IMPORTANT : cette huile essentielle est obtenue par distillation \u00e0 la vapeur d'eau. Nom botanique : Citrus aurantiifolia Famille botanique : Rutac\u00e9es M\u00e9thode d'extraction : distillation \u00e0 la vapeur d'eau Partie de&nbsp;<a href=\"https:\/\/bien-etreiris.ch\/de\/produktpraesentation\/aromatherapie\/aetherische-oele\/les-agrumes\/citron-vert\/\" class=\"read-more\">Weiter lesen<\/a><\/p>\n","protected":false},"author":1,"featured_media":87447,"parent":80268,"menu_order":1703,"comment_status":"closed","ping_status":"closed","template":"page-with-child.php","meta":{"_acf_changed":false,"ngg_post_thumbnail":0,"footnotes":""},"class_list":["post-87454","page","type-page","status-publish","has-post-thumbnail","hentry"],"acf":[],"yoast_head":"<!-- This site is optimized with the Yoast SEO plugin v27.6 - https:\/\/yoast.com\/product\/yoast-seo-wordpress\/ -->\n<title>CITRON VERT - WOHLBEFINDEN<\/title>\n<meta name=\"robots\" content=\"index, follow, max-snippet:-1, max-image-preview:large, max-video-preview:-1\" \/>\n<link rel=\"canonical\" href=\"https:\/\/bien-etreiris.ch\/de\/produktpraesentation\/aromatherapie\/aetherische-oele\/les-agrumes\/citron-vert\/\" \/>\n<meta property=\"og:locale\" content=\"de_DE\" \/>\n<meta property=\"og:type\" content=\"article\" \/>\n<meta property=\"og:title\" content=\"CITRON VERT - WOHLBEFINDEN\" \/>\n<meta property=\"og:description\" content=\"Citron vert - Citrus aurantiifolia &nbsp; &nbsp; &nbsp; &nbsp; &nbsp; &nbsp; Garantie de qualit\u00e9 biologique sup\u00e9rieure CH-BIO 006 Contenu: 5 ml CHF 9.00 &nbsp; &nbsp; &nbsp; &nbsp; &nbsp; IMPORTANT : cette huile essentielle est obtenue par distillation \u00e0 la vapeur d&#039;eau. Nom botanique : Citrus aurantiifolia Famille botanique : Rutac\u00e9es M\u00e9thode d&#039;extraction : distillation \u00e0 la vapeur d&#039;eau Partie de&nbsp;Weiter lesen\" \/>\n<meta property=\"og:url\" content=\"https:\/\/bien-etreiris.ch\/de\/produktpraesentation\/aromatherapie\/aetherische-oele\/les-agrumes\/citron-vert\/\" \/>\n<meta property=\"og:site_name\" content=\"WOHLBEFINDEN\" \/>\n<meta property=\"article:publisher\" content=\"https:\/\/www.facebook.com\/bienetreiris\/\" \/>\n<meta property=\"article:modified_time\" content=\"2024-08-19T11:53:10+00:00\" \/>\n<meta property=\"og:image\" content=\"https:\/\/bien-etreiris.ch\/wp-content\/uploads\/2024\/08\/acceuil-citron-vert-1.png\" \/>\n\t<meta property=\"og:image:width\" content=\"370\" \/>\n\t<meta property=\"og:image:height\" content=\"226\" \/>\n\t<meta property=\"og:image:type\" content=\"image\/png\" \/>\n<meta name=\"twitter:label1\" content=\"Gesch\u00e4tzte Lesezeit\" \/>\n\t<meta name=\"twitter:data1\" content=\"1\u00a0Minute\" \/>\n<script type=\"application\/ld+json\" class=\"yoast-schema-graph\">{\"@context\":\"https:\\\/\\\/schema.org\",\"@graph\":[{\"@type\":\"WebPage\",\"@id\":\"https:\\\/\\\/bien-etreiris.ch\\\/de\\\/produktpraesentation\\\/aromatherapie\\\/aetherische-oele\\\/les-agrumes\\\/citron-vert\\\/\",\"url\":\"https:\\\/\\\/bien-etreiris.ch\\\/de\\\/produktpraesentation\\\/aromatherapie\\\/aetherische-oele\\\/les-agrumes\\\/citron-vert\\\/\",\"name\":\"CITRON VERT - WOHLBEFINDEN\",\"isPartOf\":{\"@id\":\"https:\\\/\\\/bien-etreiris.ch\\\/de\\\/#website\"},\"primaryImageOfPage\":{\"@id\":\"https:\\\/\\\/bien-etreiris.ch\\\/de\\\/produktpraesentation\\\/aromatherapie\\\/aetherische-oele\\\/les-agrumes\\\/citron-vert\\\/#primaryimage\"},\"image\":{\"@id\":\"https:\\\/\\\/bien-etreiris.ch\\\/de\\\/produktpraesentation\\\/aromatherapie\\\/aetherische-oele\\\/les-agrumes\\\/citron-vert\\\/#primaryimage\"},\"thumbnailUrl\":\"https:\\\/\\\/bien-etreiris.ch\\\/wp-content\\\/uploads\\\/2024\\\/08\\\/acceuil-citron-vert-1.png\",\"datePublished\":\"2024-08-19T11:32:17+00:00\",\"dateModified\":\"2024-08-19T11:53:10+00:00\",\"breadcrumb\":{\"@id\":\"https:\\\/\\\/bien-etreiris.ch\\\/de\\\/produktpraesentation\\\/aromatherapie\\\/aetherische-oele\\\/les-agrumes\\\/citron-vert\\\/#breadcrumb\"},\"inLanguage\":\"de\",\"potentialAction\":[{\"@type\":\"ReadAction\",\"target\":[\"https:\\\/\\\/bien-etreiris.ch\\\/de\\\/produktpraesentation\\\/aromatherapie\\\/aetherische-oele\\\/les-agrumes\\\/citron-vert\\\/\"]}]},{\"@type\":\"ImageObject\",\"inLanguage\":\"de\",\"@id\":\"https:\\\/\\\/bien-etreiris.ch\\\/de\\\/produktpraesentation\\\/aromatherapie\\\/aetherische-oele\\\/les-agrumes\\\/citron-vert\\\/#primaryimage\",\"url\":\"https:\\\/\\\/bien-etreiris.ch\\\/wp-content\\\/uploads\\\/2024\\\/08\\\/acceuil-citron-vert-1.png\",\"contentUrl\":\"https:\\\/\\\/bien-etreiris.ch\\\/wp-content\\\/uploads\\\/2024\\\/08\\\/acceuil-citron-vert-1.png\",\"width\":370,\"height\":226},{\"@type\":\"BreadcrumbList\",\"@id\":\"https:\\\/\\\/bien-etreiris.ch\\\/de\\\/produktpraesentation\\\/aromatherapie\\\/aetherische-oele\\\/les-agrumes\\\/citron-vert\\\/#breadcrumb\",\"itemListElement\":[{\"@type\":\"ListItem\",\"position\":1,\"name\":\"Home\",\"item\":\"https:\\\/\\\/bien-etreiris.ch\\\/de\\\/\"},{\"@type\":\"ListItem\",\"position\":2,\"name\":\"PRODUKTPR\u00c4SENTATION\",\"item\":\"https:\\\/\\\/bien-etreiris.ch\\\/de\\\/produktpraesentation\\\/\"},{\"@type\":\"ListItem\",\"position\":3,\"name\":\"AROMATHERAPIE\",\"item\":\"https:\\\/\\\/bien-etreiris.ch\\\/de\\\/produktpraesentation\\\/aromatherapie\\\/\"},{\"@type\":\"ListItem\",\"position\":4,\"name\":\"\u00c4THERISCHE \u00d6LE\",\"item\":\"https:\\\/\\\/bien-etreiris.ch\\\/de\\\/produktpraesentation\\\/aromatherapie\\\/aetherische-oele\\\/\"},{\"@type\":\"ListItem\",\"position\":5,\"name\":\"AGRUMES\",\"item\":\"https:\\\/\\\/bien-etreiris.ch\\\/de\\\/produktpraesentation\\\/aromatherapie\\\/aetherische-oele\\\/les-agrumes\\\/\"},{\"@type\":\"ListItem\",\"position\":6,\"name\":\"CITRON VERT\"}]},{\"@type\":\"WebSite\",\"@id\":\"https:\\\/\\\/bien-etreiris.ch\\\/de\\\/#website\",\"url\":\"https:\\\/\\\/bien-etreiris.ch\\\/de\\\/\",\"name\":\"Bien-\u00eatre Iris\",\"description\":\"IHRE Gesundheit ist uns wichtig\",\"potentialAction\":[{\"@type\":\"SearchAction\",\"target\":{\"@type\":\"EntryPoint\",\"urlTemplate\":\"https:\\\/\\\/bien-etreiris.ch\\\/de\\\/?s={search_term_string}\"},\"query-input\":{\"@type\":\"PropertyValueSpecification\",\"valueRequired\":true,\"valueName\":\"search_term_string\"}}],\"inLanguage\":\"de\"}]}<\/script>\n<!-- \/ Yoast SEO plugin. -->","yoast_head_json":{"title":"CITRON VERT - WOHLBEFINDEN","robots":{"index":"index","follow":"follow","max-snippet":"max-snippet:-1","max-image-preview":"max-image-preview:large","max-video-preview":"max-video-preview:-1"},"canonical":"https:\/\/bien-etreiris.ch\/de\/produktpraesentation\/aromatherapie\/aetherische-oele\/les-agrumes\/citron-vert\/","og_locale":"de_DE","og_type":"article","og_title":"CITRON VERT - WOHLBEFINDEN","og_description":"Citron vert - Citrus aurantiifolia &nbsp; &nbsp; &nbsp; &nbsp; &nbsp; &nbsp; Garantie de qualit\u00e9 biologique sup\u00e9rieure CH-BIO 006 Contenu: 5 ml CHF 9.00 &nbsp; &nbsp; &nbsp; &nbsp; &nbsp; IMPORTANT : cette huile essentielle est obtenue par distillation \u00e0 la vapeur d'eau. Nom botanique : Citrus aurantiifolia Famille botanique : Rutac\u00e9es M\u00e9thode d'extraction : distillation \u00e0 la vapeur d'eau Partie de&nbsp;Weiter lesen","og_url":"https:\/\/bien-etreiris.ch\/de\/produktpraesentation\/aromatherapie\/aetherische-oele\/les-agrumes\/citron-vert\/","og_site_name":"WOHLBEFINDEN","article_publisher":"https:\/\/www.facebook.com\/bienetreiris\/","article_modified_time":"2024-08-19T11:53:10+00:00","og_image":[{"width":370,"height":226,"url":"https:\/\/bien-etreiris.ch\/wp-content\/uploads\/2024\/08\/acceuil-citron-vert-1.png","type":"image\/png"}],"twitter_misc":{"Gesch\u00e4tzte Lesezeit":"1\u00a0Minute"},"schema":{"@context":"https:\/\/schema.org","@graph":[{"@type":"WebPage","@id":"https:\/\/bien-etreiris.ch\/de\/produktpraesentation\/aromatherapie\/aetherische-oele\/les-agrumes\/citron-vert\/","url":"https:\/\/bien-etreiris.ch\/de\/produktpraesentation\/aromatherapie\/aetherische-oele\/les-agrumes\/citron-vert\/","name":"CITRON VERT - WOHLBEFINDEN","isPartOf":{"@id":"https:\/\/bien-etreiris.ch\/de\/#website"},"primaryImageOfPage":{"@id":"https:\/\/bien-etreiris.ch\/de\/produktpraesentation\/aromatherapie\/aetherische-oele\/les-agrumes\/citron-vert\/#primaryimage"},"image":{"@id":"https:\/\/bien-etreiris.ch\/de\/produktpraesentation\/aromatherapie\/aetherische-oele\/les-agrumes\/citron-vert\/#primaryimage"},"thumbnailUrl":"https:\/\/bien-etreiris.ch\/wp-content\/uploads\/2024\/08\/acceuil-citron-vert-1.png","datePublished":"2024-08-19T11:32:17+00:00","dateModified":"2024-08-19T11:53:10+00:00","breadcrumb":{"@id":"https:\/\/bien-etreiris.ch\/de\/produktpraesentation\/aromatherapie\/aetherische-oele\/les-agrumes\/citron-vert\/#breadcrumb"},"inLanguage":"de","potentialAction":[{"@type":"ReadAction","target":["https:\/\/bien-etreiris.ch\/de\/produktpraesentation\/aromatherapie\/aetherische-oele\/les-agrumes\/citron-vert\/"]}]},{"@type":"ImageObject","inLanguage":"de","@id":"https:\/\/bien-etreiris.ch\/de\/produktpraesentation\/aromatherapie\/aetherische-oele\/les-agrumes\/citron-vert\/#primaryimage","url":"https:\/\/bien-etreiris.ch\/wp-content\/uploads\/2024\/08\/acceuil-citron-vert-1.png","contentUrl":"https:\/\/bien-etreiris.ch\/wp-content\/uploads\/2024\/08\/acceuil-citron-vert-1.png","width":370,"height":226},{"@type":"BreadcrumbList","@id":"https:\/\/bien-etreiris.ch\/de\/produktpraesentation\/aromatherapie\/aetherische-oele\/les-agrumes\/citron-vert\/#breadcrumb","itemListElement":[{"@type":"ListItem","position":1,"name":"Home","item":"https:\/\/bien-etreiris.ch\/de\/"},{"@type":"ListItem","position":2,"name":"PRODUKTPR\u00c4SENTATION","item":"https:\/\/bien-etreiris.ch\/de\/produktpraesentation\/"},{"@type":"ListItem","position":3,"name":"AROMATHERAPIE","item":"https:\/\/bien-etreiris.ch\/de\/produktpraesentation\/aromatherapie\/"},{"@type":"ListItem","position":4,"name":"\u00c4THERISCHE \u00d6LE","item":"https:\/\/bien-etreiris.ch\/de\/produktpraesentation\/aromatherapie\/aetherische-oele\/"},{"@type":"ListItem","position":5,"name":"AGRUMES","item":"https:\/\/bien-etreiris.ch\/de\/produktpraesentation\/aromatherapie\/aetherische-oele\/les-agrumes\/"},{"@type":"ListItem","position":6,"name":"CITRON VERT"}]},{"@type":"WebSite","@id":"https:\/\/bien-etreiris.ch\/de\/#website","url":"https:\/\/bien-etreiris.ch\/de\/","name":"Bien-\u00eatre Iris","description":"IHRE Gesundheit ist uns wichtig","potentialAction":[{"@type":"SearchAction","target":{"@type":"EntryPoint","urlTemplate":"https:\/\/bien-etreiris.ch\/de\/?s={search_term_string}"},"query-input":{"@type":"PropertyValueSpecification","valueRequired":true,"valueName":"search_term_string"}}],"inLanguage":"de"}]}},"_links":{"self":[{"href":"https:\/\/bien-etreiris.ch\/de\/wp-json\/wp\/v2\/pages\/87454","targetHints":{"allow":["GET"]}}],"collection":[{"href":"https:\/\/bien-etreiris.ch\/de\/wp-json\/wp\/v2\/pages"}],"about":[{"href":"https:\/\/bien-etreiris.ch\/de\/wp-json\/wp\/v2\/types\/page"}],"author":[{"embeddable":true,"href":"https:\/\/bien-etreiris.ch\/de\/wp-json\/wp\/v2\/users\/1"}],"replies":[{"embeddable":true,"href":"https:\/\/bien-etreiris.ch\/de\/wp-json\/wp\/v2\/comments?post=87454"}],"version-history":[{"count":4,"href":"https:\/\/bien-etreiris.ch\/de\/wp-json\/wp\/v2\/pages\/87454\/revisions"}],"predecessor-version":[{"id":87468,"href":"https:\/\/bien-etreiris.ch\/de\/wp-json\/wp\/v2\/pages\/87454\/revisions\/87468"}],"up":[{"embeddable":true,"href":"https:\/\/bien-etreiris.ch\/de\/wp-json\/wp\/v2\/pages\/80268"}],"wp:featuredmedia":[{"embeddable":true,"href":"https:\/\/bien-etreiris.ch\/de\/wp-json\/wp\/v2\/media\/87447"}],"wp:attachment":[{"href":"https:\/\/bien-etreiris.ch\/de\/wp-json\/wp\/v2\/media?parent=87454"}],"curies":[{"name":"wp","href":"https:\/\/api.w.org\/{rel}","templated":true}]}}