{"id":87238,"date":"2024-08-11T23:48:19","date_gmt":"2024-08-11T21:48:19","guid":{"rendered":"https:\/\/bien-etreiris.ch\/ratgeber-klarheit-beratung\/natuerliche-heilmittel\/kranheiten-a-z\/rhumatismes\/osteoporose\/"},"modified":"2024-08-11T23:48:38","modified_gmt":"2024-08-11T21:48:38","slug":"osteoporose","status":"publish","type":"page","link":"https:\/\/bien-etreiris.ch\/de\/ratgeber-klarheit-beratung\/natuerliche-heilmittel\/kranheiten-a-z\/rheuma-knochen-und-gelenke\/osteoporose\/","title":{"rendered":"OSTEOPOROSE"},"content":{"rendered":"<h2>Ost\u00e9oporose<\/h2>\n<p>L'ost\u00e9oporose est une maladie qui entra\u00eene une diminution de la masse osseuse et une plus grande vuln\u00e9rabilit\u00e9 aux fractures. D\u00e9couvrez comment une alimentation saine, une activit\u00e9 physique r\u00e9guli\u00e8re et l'utilisation cibl\u00e9e de m\u00e9dicaments peuvent contribuer \u00e0 renforcer les os. D\u00e9couvrez des mesures pr\u00e9ventives et des changements de style de vie importants pour r\u00e9duire le risque de fractures et promouvoir la sant\u00e9 des os.<\/p>\n","protected":false},"excerpt":{"rendered":"<p>Ost\u00e9oporose L'ost\u00e9oporose est une maladie qui entra\u00eene une diminution de la masse osseuse et une plus grande vuln\u00e9rabilit\u00e9 aux fractures. D\u00e9couvrez comment une alimentation saine, une activit\u00e9 physique r\u00e9guli\u00e8re et l'utilisation cibl\u00e9e de m\u00e9dicaments peuvent contribuer \u00e0 renforcer les os. D\u00e9couvrez des mesures pr\u00e9ventives et des changements de style de vie importants pour r\u00e9duire le risque de fractures et promouvoir&nbsp;<a href=\"https:\/\/bien-etreiris.ch\/de\/ratgeber-klarheit-beratung\/natuerliche-heilmittel\/kranheiten-a-z\/rheuma-knochen-und-gelenke\/osteoporose\/\" class=\"read-more\">Weiter lesen<\/a><\/p>\n","protected":false},"author":1,"featured_media":87235,"parent":84619,"menu_order":1750,"comment_status":"closed","ping_status":"closed","template":"page-with-child.php","meta":{"_acf_changed":false,"ngg_post_thumbnail":0,"footnotes":""},"class_list":["post-87238","page","type-page","status-publish","has-post-thumbnail","hentry"],"acf":[],"yoast_head":"<!-- This site is optimized with the Yoast SEO plugin v27.5 - https:\/\/yoast.com\/product\/yoast-seo-wordpress\/ -->\n<title>OSTEOPOROSE - WOHLBEFINDEN<\/title>\n<meta name=\"robots\" content=\"index, follow, max-snippet:-1, max-image-preview:large, max-video-preview:-1\" \/>\n<link rel=\"canonical\" href=\"https:\/\/bien-etreiris.ch\/de\/ratgeber-klarheit-beratung\/natuerliche-heilmittel\/kranheiten-a-z\/rheuma-knochen-und-gelenke\/osteoporose\/\" \/>\n<meta property=\"og:locale\" content=\"de_DE\" \/>\n<meta property=\"og:type\" content=\"article\" \/>\n<meta property=\"og:title\" content=\"OSTEOPOROSE - WOHLBEFINDEN\" \/>\n<meta property=\"og:description\" content=\"Ost\u00e9oporose L&#039;ost\u00e9oporose est une maladie qui entra\u00eene une diminution de la masse osseuse et une plus grande vuln\u00e9rabilit\u00e9 aux fractures. D\u00e9couvrez comment une alimentation saine, une activit\u00e9 physique r\u00e9guli\u00e8re et l&#039;utilisation cibl\u00e9e de m\u00e9dicaments peuvent contribuer \u00e0 renforcer les os. D\u00e9couvrez des mesures pr\u00e9ventives et des changements de style de vie importants pour r\u00e9duire le risque de fractures et promouvoir&nbsp;Weiter lesen\" \/>\n<meta property=\"og:url\" content=\"https:\/\/bien-etreiris.ch\/de\/ratgeber-klarheit-beratung\/natuerliche-heilmittel\/kranheiten-a-z\/rheuma-knochen-und-gelenke\/osteoporose\/\" \/>\n<meta property=\"og:site_name\" content=\"WOHLBEFINDEN\" \/>\n<meta property=\"article:publisher\" content=\"https:\/\/www.facebook.com\/bienetreiris\/\" \/>\n<meta property=\"article:modified_time\" content=\"2024-08-11T21:48:38+00:00\" \/>\n<meta property=\"og:image\" content=\"https:\/\/bien-etreiris.ch\/wp-content\/uploads\/2024\/08\/acceuil-Osteoporose.jpg\" \/>\n\t<meta property=\"og:image:width\" content=\"500\" \/>\n\t<meta property=\"og:image:height\" content=\"333\" \/>\n\t<meta property=\"og:image:type\" content=\"image\/jpeg\" \/>\n<meta name=\"twitter:label1\" content=\"Gesch\u00e4tzte Lesezeit\" \/>\n\t<meta name=\"twitter:data1\" content=\"1\u00a0Minute\" \/>\n<script type=\"application\/ld+json\" class=\"yoast-schema-graph\">{\"@context\":\"https:\\\/\\\/schema.org\",\"@graph\":[{\"@type\":\"WebPage\",\"@id\":\"https:\\\/\\\/bien-etreiris.ch\\\/de\\\/ratgeber-klarheit-beratung\\\/natuerliche-heilmittel\\\/kranheiten-a-z\\\/rheuma-knochen-und-gelenke\\\/osteoporose\\\/\",\"url\":\"https:\\\/\\\/bien-etreiris.ch\\\/de\\\/ratgeber-klarheit-beratung\\\/natuerliche-heilmittel\\\/kranheiten-a-z\\\/rheuma-knochen-und-gelenke\\\/osteoporose\\\/\",\"name\":\"OSTEOPOROSE - WOHLBEFINDEN\",\"isPartOf\":{\"@id\":\"https:\\\/\\\/bien-etreiris.ch\\\/de\\\/#website\"},\"primaryImageOfPage\":{\"@id\":\"https:\\\/\\\/bien-etreiris.ch\\\/de\\\/ratgeber-klarheit-beratung\\\/natuerliche-heilmittel\\\/kranheiten-a-z\\\/rheuma-knochen-und-gelenke\\\/osteoporose\\\/#primaryimage\"},\"image\":{\"@id\":\"https:\\\/\\\/bien-etreiris.ch\\\/de\\\/ratgeber-klarheit-beratung\\\/natuerliche-heilmittel\\\/kranheiten-a-z\\\/rheuma-knochen-und-gelenke\\\/osteoporose\\\/#primaryimage\"},\"thumbnailUrl\":\"https:\\\/\\\/bien-etreiris.ch\\\/wp-content\\\/uploads\\\/2024\\\/08\\\/acceuil-Osteoporose.jpg\",\"datePublished\":\"2024-08-11T21:48:19+00:00\",\"dateModified\":\"2024-08-11T21:48:38+00:00\",\"breadcrumb\":{\"@id\":\"https:\\\/\\\/bien-etreiris.ch\\\/de\\\/ratgeber-klarheit-beratung\\\/natuerliche-heilmittel\\\/kranheiten-a-z\\\/rheuma-knochen-und-gelenke\\\/osteoporose\\\/#breadcrumb\"},\"inLanguage\":\"de\",\"potentialAction\":[{\"@type\":\"ReadAction\",\"target\":[\"https:\\\/\\\/bien-etreiris.ch\\\/de\\\/ratgeber-klarheit-beratung\\\/natuerliche-heilmittel\\\/kranheiten-a-z\\\/rheuma-knochen-und-gelenke\\\/osteoporose\\\/\"]}]},{\"@type\":\"ImageObject\",\"inLanguage\":\"de\",\"@id\":\"https:\\\/\\\/bien-etreiris.ch\\\/de\\\/ratgeber-klarheit-beratung\\\/natuerliche-heilmittel\\\/kranheiten-a-z\\\/rheuma-knochen-und-gelenke\\\/osteoporose\\\/#primaryimage\",\"url\":\"https:\\\/\\\/bien-etreiris.ch\\\/wp-content\\\/uploads\\\/2024\\\/08\\\/acceuil-Osteoporose.jpg\",\"contentUrl\":\"https:\\\/\\\/bien-etreiris.ch\\\/wp-content\\\/uploads\\\/2024\\\/08\\\/acceuil-Osteoporose.jpg\",\"width\":500,\"height\":333},{\"@type\":\"BreadcrumbList\",\"@id\":\"https:\\\/\\\/bien-etreiris.ch\\\/de\\\/ratgeber-klarheit-beratung\\\/natuerliche-heilmittel\\\/kranheiten-a-z\\\/rheuma-knochen-und-gelenke\\\/osteoporose\\\/#breadcrumb\",\"itemListElement\":[{\"@type\":\"ListItem\",\"position\":1,\"name\":\"Home\",\"item\":\"https:\\\/\\\/bien-etreiris.ch\\\/de\\\/\"},{\"@type\":\"ListItem\",\"position\":2,\"name\":\"RATGEBER &#038; KLARHEIT\",\"item\":\"https:\\\/\\\/bien-etreiris.ch\\\/de\\\/ratgeber-klarheit-beratung\\\/\"},{\"@type\":\"ListItem\",\"position\":3,\"name\":\"NAT\u00dcRLICHE SUBSTANZEN\",\"item\":\"https:\\\/\\\/bien-etreiris.ch\\\/de\\\/ratgeber-klarheit-beratung\\\/natuerliche-heilmittel\\\/\"},{\"@type\":\"ListItem\",\"position\":4,\"name\":\"KRANKHEITEN A &#8211; Z\",\"item\":\"https:\\\/\\\/bien-etreiris.ch\\\/de\\\/ratgeber-klarheit-beratung\\\/natuerliche-heilmittel\\\/kranheiten-a-z\\\/\"},{\"@type\":\"ListItem\",\"position\":5,\"name\":\"KNOCHEN &#038; GELENKE\",\"item\":\"https:\\\/\\\/bien-etreiris.ch\\\/de\\\/ratgeber-klarheit-beratung\\\/natuerliche-heilmittel\\\/kranheiten-a-z\\\/rheuma-knochen-und-gelenke\\\/\"},{\"@type\":\"ListItem\",\"position\":6,\"name\":\"OSTEOPOROSE\"}]},{\"@type\":\"WebSite\",\"@id\":\"https:\\\/\\\/bien-etreiris.ch\\\/de\\\/#website\",\"url\":\"https:\\\/\\\/bien-etreiris.ch\\\/de\\\/\",\"name\":\"Bien-\u00eatre Iris\",\"description\":\"IHRE Gesundheit ist uns wichtig\",\"potentialAction\":[{\"@type\":\"SearchAction\",\"target\":{\"@type\":\"EntryPoint\",\"urlTemplate\":\"https:\\\/\\\/bien-etreiris.ch\\\/de\\\/?s={search_term_string}\"},\"query-input\":{\"@type\":\"PropertyValueSpecification\",\"valueRequired\":true,\"valueName\":\"search_term_string\"}}],\"inLanguage\":\"de\"}]}<\/script>\n<!-- \/ Yoast SEO plugin. -->","yoast_head_json":{"title":"OSTEOPOROSE - WOHLBEFINDEN","robots":{"index":"index","follow":"follow","max-snippet":"max-snippet:-1","max-image-preview":"max-image-preview:large","max-video-preview":"max-video-preview:-1"},"canonical":"https:\/\/bien-etreiris.ch\/de\/ratgeber-klarheit-beratung\/natuerliche-heilmittel\/kranheiten-a-z\/rheuma-knochen-und-gelenke\/osteoporose\/","og_locale":"de_DE","og_type":"article","og_title":"OSTEOPOROSE - WOHLBEFINDEN","og_description":"Ost\u00e9oporose L'ost\u00e9oporose est une maladie qui entra\u00eene une diminution de la masse osseuse et une plus grande vuln\u00e9rabilit\u00e9 aux fractures. D\u00e9couvrez comment une alimentation saine, une activit\u00e9 physique r\u00e9guli\u00e8re et l'utilisation cibl\u00e9e de m\u00e9dicaments peuvent contribuer \u00e0 renforcer les os. D\u00e9couvrez des mesures pr\u00e9ventives et des changements de style de vie importants pour r\u00e9duire le risque de fractures et promouvoir&nbsp;Weiter lesen","og_url":"https:\/\/bien-etreiris.ch\/de\/ratgeber-klarheit-beratung\/natuerliche-heilmittel\/kranheiten-a-z\/rheuma-knochen-und-gelenke\/osteoporose\/","og_site_name":"WOHLBEFINDEN","article_publisher":"https:\/\/www.facebook.com\/bienetreiris\/","article_modified_time":"2024-08-11T21:48:38+00:00","og_image":[{"width":500,"height":333,"url":"https:\/\/bien-etreiris.ch\/wp-content\/uploads\/2024\/08\/acceuil-Osteoporose.jpg","type":"image\/jpeg"}],"twitter_misc":{"Gesch\u00e4tzte Lesezeit":"1\u00a0Minute"},"schema":{"@context":"https:\/\/schema.org","@graph":[{"@type":"WebPage","@id":"https:\/\/bien-etreiris.ch\/de\/ratgeber-klarheit-beratung\/natuerliche-heilmittel\/kranheiten-a-z\/rheuma-knochen-und-gelenke\/osteoporose\/","url":"https:\/\/bien-etreiris.ch\/de\/ratgeber-klarheit-beratung\/natuerliche-heilmittel\/kranheiten-a-z\/rheuma-knochen-und-gelenke\/osteoporose\/","name":"OSTEOPOROSE - WOHLBEFINDEN","isPartOf":{"@id":"https:\/\/bien-etreiris.ch\/de\/#website"},"primaryImageOfPage":{"@id":"https:\/\/bien-etreiris.ch\/de\/ratgeber-klarheit-beratung\/natuerliche-heilmittel\/kranheiten-a-z\/rheuma-knochen-und-gelenke\/osteoporose\/#primaryimage"},"image":{"@id":"https:\/\/bien-etreiris.ch\/de\/ratgeber-klarheit-beratung\/natuerliche-heilmittel\/kranheiten-a-z\/rheuma-knochen-und-gelenke\/osteoporose\/#primaryimage"},"thumbnailUrl":"https:\/\/bien-etreiris.ch\/wp-content\/uploads\/2024\/08\/acceuil-Osteoporose.jpg","datePublished":"2024-08-11T21:48:19+00:00","dateModified":"2024-08-11T21:48:38+00:00","breadcrumb":{"@id":"https:\/\/bien-etreiris.ch\/de\/ratgeber-klarheit-beratung\/natuerliche-heilmittel\/kranheiten-a-z\/rheuma-knochen-und-gelenke\/osteoporose\/#breadcrumb"},"inLanguage":"de","potentialAction":[{"@type":"ReadAction","target":["https:\/\/bien-etreiris.ch\/de\/ratgeber-klarheit-beratung\/natuerliche-heilmittel\/kranheiten-a-z\/rheuma-knochen-und-gelenke\/osteoporose\/"]}]},{"@type":"ImageObject","inLanguage":"de","@id":"https:\/\/bien-etreiris.ch\/de\/ratgeber-klarheit-beratung\/natuerliche-heilmittel\/kranheiten-a-z\/rheuma-knochen-und-gelenke\/osteoporose\/#primaryimage","url":"https:\/\/bien-etreiris.ch\/wp-content\/uploads\/2024\/08\/acceuil-Osteoporose.jpg","contentUrl":"https:\/\/bien-etreiris.ch\/wp-content\/uploads\/2024\/08\/acceuil-Osteoporose.jpg","width":500,"height":333},{"@type":"BreadcrumbList","@id":"https:\/\/bien-etreiris.ch\/de\/ratgeber-klarheit-beratung\/natuerliche-heilmittel\/kranheiten-a-z\/rheuma-knochen-und-gelenke\/osteoporose\/#breadcrumb","itemListElement":[{"@type":"ListItem","position":1,"name":"Home","item":"https:\/\/bien-etreiris.ch\/de\/"},{"@type":"ListItem","position":2,"name":"RATGEBER &#038; KLARHEIT","item":"https:\/\/bien-etreiris.ch\/de\/ratgeber-klarheit-beratung\/"},{"@type":"ListItem","position":3,"name":"NAT\u00dcRLICHE SUBSTANZEN","item":"https:\/\/bien-etreiris.ch\/de\/ratgeber-klarheit-beratung\/natuerliche-heilmittel\/"},{"@type":"ListItem","position":4,"name":"KRANKHEITEN A &#8211; Z","item":"https:\/\/bien-etreiris.ch\/de\/ratgeber-klarheit-beratung\/natuerliche-heilmittel\/kranheiten-a-z\/"},{"@type":"ListItem","position":5,"name":"KNOCHEN &#038; GELENKE","item":"https:\/\/bien-etreiris.ch\/de\/ratgeber-klarheit-beratung\/natuerliche-heilmittel\/kranheiten-a-z\/rheuma-knochen-und-gelenke\/"},{"@type":"ListItem","position":6,"name":"OSTEOPOROSE"}]},{"@type":"WebSite","@id":"https:\/\/bien-etreiris.ch\/de\/#website","url":"https:\/\/bien-etreiris.ch\/de\/","name":"Bien-\u00eatre Iris","description":"IHRE Gesundheit ist uns wichtig","potentialAction":[{"@type":"SearchAction","target":{"@type":"EntryPoint","urlTemplate":"https:\/\/bien-etreiris.ch\/de\/?s={search_term_string}"},"query-input":{"@type":"PropertyValueSpecification","valueRequired":true,"valueName":"search_term_string"}}],"inLanguage":"de"}]}},"_links":{"self":[{"href":"https:\/\/bien-etreiris.ch\/de\/wp-json\/wp\/v2\/pages\/87238","targetHints":{"allow":["GET"]}}],"collection":[{"href":"https:\/\/bien-etreiris.ch\/de\/wp-json\/wp\/v2\/pages"}],"about":[{"href":"https:\/\/bien-etreiris.ch\/de\/wp-json\/wp\/v2\/types\/page"}],"author":[{"embeddable":true,"href":"https:\/\/bien-etreiris.ch\/de\/wp-json\/wp\/v2\/users\/1"}],"replies":[{"embeddable":true,"href":"https:\/\/bien-etreiris.ch\/de\/wp-json\/wp\/v2\/comments?post=87238"}],"version-history":[{"count":1,"href":"https:\/\/bien-etreiris.ch\/de\/wp-json\/wp\/v2\/pages\/87238\/revisions"}],"predecessor-version":[{"id":87240,"href":"https:\/\/bien-etreiris.ch\/de\/wp-json\/wp\/v2\/pages\/87238\/revisions\/87240"}],"up":[{"embeddable":true,"href":"https:\/\/bien-etreiris.ch\/de\/wp-json\/wp\/v2\/pages\/84619"}],"wp:featuredmedia":[{"embeddable":true,"href":"https:\/\/bien-etreiris.ch\/de\/wp-json\/wp\/v2\/media\/87235"}],"wp:attachment":[{"href":"https:\/\/bien-etreiris.ch\/de\/wp-json\/wp\/v2\/media?parent=87238"}],"curies":[{"name":"wp","href":"https:\/\/api.w.org\/{rel}","templated":true}]}}