{"id":87052,"date":"2024-08-10T08:22:04","date_gmt":"2024-08-10T06:22:04","guid":{"rendered":"https:\/\/bien-etreiris.ch\/rhumatismes-os-et-articulations\/"},"modified":"2024-08-10T08:22:04","modified_gmt":"2024-08-10T06:22:04","slug":"rhumatismes-os-et-articulations","status":"publish","type":"page","link":"https:\/\/bien-etreiris.ch\/de\/rhumatismes-os-et-articulations\/","title":{"rendered":"OS &#038; ARTICULATION"},"content":{"rendered":"\n<h2>Rhumatismes, os et articulations<\/h2>\n<p>Les rhumatismes peuvent avoir un impact important sur les os et les articulations. Cette maladie affecte souvent la mobilit\u00e9 et la qualit\u00e9 de vie. Un diagnostic et un traitement pr\u00e9coces permettent d'am\u00e9liorer le pronostic. Les rhumatismes englobent plus de 100 maladies qui touchent les os, les articulations et les muscles, y compris l'arthrite et l'ost\u00e9oporose. Les traitements actuels se concentrent sur la lutte contre l'inflammation, l'alimentation, l'exercice et l'am\u00e9lioration du mode de vie.<\/p>\n","protected":false},"excerpt":{"rendered":"<p>Rhumatismes, os et articulations Les rhumatismes peuvent avoir un impact important sur les os et les articulations. Cette maladie affecte souvent la mobilit\u00e9 et la qualit\u00e9 de vie. Un diagnostic et un traitement pr\u00e9coces permettent d'am\u00e9liorer le pronostic. Les rhumatismes englobent plus de 100 maladies qui touchent les os, les articulations et les muscles, y compris l'arthrite et l'ost\u00e9oporose. Les&nbsp;<a href=\"https:\/\/bien-etreiris.ch\/de\/rhumatismes-os-et-articulations\/\" class=\"read-more\">Weiter lesen<\/a><\/p>\n","protected":false},"author":1,"featured_media":87049,"parent":0,"menu_order":1778,"comment_status":"closed","ping_status":"closed","template":"page-with-child.php","meta":{"_acf_changed":false,"ngg_post_thumbnail":0,"footnotes":""},"class_list":["post-87052","page","type-page","status-publish","has-post-thumbnail","hentry"],"acf":[],"yoast_head":"<!-- This site is optimized with the Yoast SEO plugin v27.5 - https:\/\/yoast.com\/product\/yoast-seo-wordpress\/ -->\n<title>OS &amp; ARTICULATION - WOHLBEFINDEN<\/title>\n<meta name=\"robots\" content=\"index, follow, max-snippet:-1, max-image-preview:large, max-video-preview:-1\" \/>\n<link rel=\"canonical\" href=\"https:\/\/bien-etreiris.ch\/de\/rhumatismes-os-et-articulations\/\" \/>\n<meta property=\"og:locale\" content=\"de_DE\" \/>\n<meta property=\"og:type\" content=\"article\" \/>\n<meta property=\"og:title\" content=\"OS &amp; ARTICULATION - WOHLBEFINDEN\" \/>\n<meta property=\"og:description\" content=\"Rhumatismes, os et articulations Les rhumatismes peuvent avoir un impact important sur les os et les articulations. Cette maladie affecte souvent la mobilit\u00e9 et la qualit\u00e9 de vie. Un diagnostic et un traitement pr\u00e9coces permettent d&#039;am\u00e9liorer le pronostic. Les rhumatismes englobent plus de 100 maladies qui touchent les os, les articulations et les muscles, y compris l&#039;arthrite et l&#039;ost\u00e9oporose. Les&nbsp;Weiter lesen\" \/>\n<meta property=\"og:url\" content=\"https:\/\/bien-etreiris.ch\/de\/rhumatismes-os-et-articulations\/\" \/>\n<meta property=\"og:site_name\" content=\"WOHLBEFINDEN\" \/>\n<meta property=\"article:publisher\" content=\"https:\/\/www.facebook.com\/bienetreiris\/\" \/>\n<script type=\"application\/ld+json\" class=\"yoast-schema-graph\">{\"@context\":\"https:\\\/\\\/schema.org\",\"@graph\":[{\"@type\":\"WebPage\",\"@id\":\"https:\\\/\\\/bien-etreiris.ch\\\/de\\\/rhumatismes-os-et-articulations\\\/\",\"url\":\"https:\\\/\\\/bien-etreiris.ch\\\/de\\\/rhumatismes-os-et-articulations\\\/\",\"name\":\"OS & ARTICULATION - WOHLBEFINDEN\",\"isPartOf\":{\"@id\":\"https:\\\/\\\/bien-etreiris.ch\\\/de\\\/#website\"},\"primaryImageOfPage\":{\"@id\":\"https:\\\/\\\/bien-etreiris.ch\\\/de\\\/rhumatismes-os-et-articulations\\\/#primaryimage\"},\"image\":{\"@id\":\"https:\\\/\\\/bien-etreiris.ch\\\/de\\\/rhumatismes-os-et-articulations\\\/#primaryimage\"},\"thumbnailUrl\":\"https:\\\/\\\/bien-etreiris.ch\\\/wp-content\\\/uploads\\\/2024\\\/08\\\/acceuil-Rhumatismes-os-et-articulations-2.jpg\",\"datePublished\":\"2024-08-10T06:22:04+00:00\",\"breadcrumb\":{\"@id\":\"https:\\\/\\\/bien-etreiris.ch\\\/de\\\/rhumatismes-os-et-articulations\\\/#breadcrumb\"},\"inLanguage\":\"de\",\"potentialAction\":[{\"@type\":\"ReadAction\",\"target\":[\"https:\\\/\\\/bien-etreiris.ch\\\/de\\\/rhumatismes-os-et-articulations\\\/\"]}]},{\"@type\":\"ImageObject\",\"inLanguage\":\"de\",\"@id\":\"https:\\\/\\\/bien-etreiris.ch\\\/de\\\/rhumatismes-os-et-articulations\\\/#primaryimage\",\"url\":\"https:\\\/\\\/bien-etreiris.ch\\\/wp-content\\\/uploads\\\/2024\\\/08\\\/acceuil-Rhumatismes-os-et-articulations-2.jpg\",\"contentUrl\":\"https:\\\/\\\/bien-etreiris.ch\\\/wp-content\\\/uploads\\\/2024\\\/08\\\/acceuil-Rhumatismes-os-et-articulations-2.jpg\",\"width\":500,\"height\":333},{\"@type\":\"BreadcrumbList\",\"@id\":\"https:\\\/\\\/bien-etreiris.ch\\\/de\\\/rhumatismes-os-et-articulations\\\/#breadcrumb\",\"itemListElement\":[{\"@type\":\"ListItem\",\"position\":1,\"name\":\"Home\",\"item\":\"https:\\\/\\\/bien-etreiris.ch\\\/de\\\/\"},{\"@type\":\"ListItem\",\"position\":2,\"name\":\"OS &#038; ARTICULATION\"}]},{\"@type\":\"WebSite\",\"@id\":\"https:\\\/\\\/bien-etreiris.ch\\\/de\\\/#website\",\"url\":\"https:\\\/\\\/bien-etreiris.ch\\\/de\\\/\",\"name\":\"Bien-\u00eatre Iris\",\"description\":\"IHRE Gesundheit ist uns wichtig\",\"potentialAction\":[{\"@type\":\"SearchAction\",\"target\":{\"@type\":\"EntryPoint\",\"urlTemplate\":\"https:\\\/\\\/bien-etreiris.ch\\\/de\\\/?s={search_term_string}\"},\"query-input\":{\"@type\":\"PropertyValueSpecification\",\"valueRequired\":true,\"valueName\":\"search_term_string\"}}],\"inLanguage\":\"de\"}]}<\/script>\n<!-- \/ Yoast SEO plugin. -->","yoast_head_json":{"title":"OS & ARTICULATION - WOHLBEFINDEN","robots":{"index":"index","follow":"follow","max-snippet":"max-snippet:-1","max-image-preview":"max-image-preview:large","max-video-preview":"max-video-preview:-1"},"canonical":"https:\/\/bien-etreiris.ch\/de\/rhumatismes-os-et-articulations\/","og_locale":"de_DE","og_type":"article","og_title":"OS & ARTICULATION - WOHLBEFINDEN","og_description":"Rhumatismes, os et articulations Les rhumatismes peuvent avoir un impact important sur les os et les articulations. Cette maladie affecte souvent la mobilit\u00e9 et la qualit\u00e9 de vie. Un diagnostic et un traitement pr\u00e9coces permettent d'am\u00e9liorer le pronostic. Les rhumatismes englobent plus de 100 maladies qui touchent les os, les articulations et les muscles, y compris l'arthrite et l'ost\u00e9oporose. Les&nbsp;Weiter lesen","og_url":"https:\/\/bien-etreiris.ch\/de\/rhumatismes-os-et-articulations\/","og_site_name":"WOHLBEFINDEN","article_publisher":"https:\/\/www.facebook.com\/bienetreiris\/","schema":{"@context":"https:\/\/schema.org","@graph":[{"@type":"WebPage","@id":"https:\/\/bien-etreiris.ch\/de\/rhumatismes-os-et-articulations\/","url":"https:\/\/bien-etreiris.ch\/de\/rhumatismes-os-et-articulations\/","name":"OS & ARTICULATION - WOHLBEFINDEN","isPartOf":{"@id":"https:\/\/bien-etreiris.ch\/de\/#website"},"primaryImageOfPage":{"@id":"https:\/\/bien-etreiris.ch\/de\/rhumatismes-os-et-articulations\/#primaryimage"},"image":{"@id":"https:\/\/bien-etreiris.ch\/de\/rhumatismes-os-et-articulations\/#primaryimage"},"thumbnailUrl":"https:\/\/bien-etreiris.ch\/wp-content\/uploads\/2024\/08\/acceuil-Rhumatismes-os-et-articulations-2.jpg","datePublished":"2024-08-10T06:22:04+00:00","breadcrumb":{"@id":"https:\/\/bien-etreiris.ch\/de\/rhumatismes-os-et-articulations\/#breadcrumb"},"inLanguage":"de","potentialAction":[{"@type":"ReadAction","target":["https:\/\/bien-etreiris.ch\/de\/rhumatismes-os-et-articulations\/"]}]},{"@type":"ImageObject","inLanguage":"de","@id":"https:\/\/bien-etreiris.ch\/de\/rhumatismes-os-et-articulations\/#primaryimage","url":"https:\/\/bien-etreiris.ch\/wp-content\/uploads\/2024\/08\/acceuil-Rhumatismes-os-et-articulations-2.jpg","contentUrl":"https:\/\/bien-etreiris.ch\/wp-content\/uploads\/2024\/08\/acceuil-Rhumatismes-os-et-articulations-2.jpg","width":500,"height":333},{"@type":"BreadcrumbList","@id":"https:\/\/bien-etreiris.ch\/de\/rhumatismes-os-et-articulations\/#breadcrumb","itemListElement":[{"@type":"ListItem","position":1,"name":"Home","item":"https:\/\/bien-etreiris.ch\/de\/"},{"@type":"ListItem","position":2,"name":"OS &#038; ARTICULATION"}]},{"@type":"WebSite","@id":"https:\/\/bien-etreiris.ch\/de\/#website","url":"https:\/\/bien-etreiris.ch\/de\/","name":"Bien-\u00eatre Iris","description":"IHRE Gesundheit ist uns wichtig","potentialAction":[{"@type":"SearchAction","target":{"@type":"EntryPoint","urlTemplate":"https:\/\/bien-etreiris.ch\/de\/?s={search_term_string}"},"query-input":{"@type":"PropertyValueSpecification","valueRequired":true,"valueName":"search_term_string"}}],"inLanguage":"de"}]}},"_links":{"self":[{"href":"https:\/\/bien-etreiris.ch\/de\/wp-json\/wp\/v2\/pages\/87052","targetHints":{"allow":["GET"]}}],"collection":[{"href":"https:\/\/bien-etreiris.ch\/de\/wp-json\/wp\/v2\/pages"}],"about":[{"href":"https:\/\/bien-etreiris.ch\/de\/wp-json\/wp\/v2\/types\/page"}],"author":[{"embeddable":true,"href":"https:\/\/bien-etreiris.ch\/de\/wp-json\/wp\/v2\/users\/1"}],"replies":[{"embeddable":true,"href":"https:\/\/bien-etreiris.ch\/de\/wp-json\/wp\/v2\/comments?post=87052"}],"version-history":[{"count":0,"href":"https:\/\/bien-etreiris.ch\/de\/wp-json\/wp\/v2\/pages\/87052\/revisions"}],"wp:featuredmedia":[{"embeddable":true,"href":"https:\/\/bien-etreiris.ch\/de\/wp-json\/wp\/v2\/media\/87049"}],"wp:attachment":[{"href":"https:\/\/bien-etreiris.ch\/de\/wp-json\/wp\/v2\/media?parent=87052"}],"curies":[{"name":"wp","href":"https:\/\/api.w.org\/{rel}","templated":true}]}}