{"id":86927,"date":"2024-08-09T22:08:11","date_gmt":"2024-08-09T20:08:11","guid":{"rendered":"https:\/\/bien-etreiris.ch\/produktpraesentation\/gesundes-leben\/gesunde-lebensmittel\/getreide-2\/teff\/"},"modified":"2026-02-27T18:24:06","modified_gmt":"2026-02-27T16:24:06","slug":"teff","status":"publish","type":"page","link":"https:\/\/bien-etreiris.ch\/de\/produktpraesentation\/gesundes-leben\/gesunde-lebensmittel\/getreide-2\/teff\/","title":{"rendered":"TEFF"},"content":{"rendered":"\n<p>C'est la plus petite c\u00e9r\u00e9ale du monde et elle est \u00e9galement appel\u00e9e \"millet nain\" dans notre langue. Le teff est cultiv\u00e9 depuis plus de cinq milles ans dans le nord-est de l'Afrique et constitue l'un des principaux aliments en Afrique.<\/p>\n<p>&nbsp;<\/p>\n<h4>TEFF FARINE<\/h4>\n<p><a href=\"https:\/\/bien-etreiris.ch\/de\/produktpraesentation\/gesundes-leben\/gesunde-lebensmittel\/getreide-2\/teff\/teff-farine-2\/\" rel=\"attachment wp-att-86917\"><img loading=\"lazy\" decoding=\"async\" class=\"wp-image-86917 alignleft\" src=\"https:\/\/bien-etreiris.ch\/wp-content\/uploads\/2024\/08\/teff-farine.jpg\" alt=\"\" width=\"416\" height=\"624\" srcset=\"https:\/\/bien-etreiris.ch\/wp-content\/uploads\/2024\/08\/teff-farine.jpg 763w, https:\/\/bien-etreiris.ch\/wp-content\/uploads\/2024\/08\/teff-farine-200x300.jpg 200w, https:\/\/bien-etreiris.ch\/wp-content\/uploads\/2024\/08\/teff-farine-683x1024.jpg 683w\" sizes=\"auto, (max-width: 416px) 100vw, 416px\" \/><\/a><\/p>\n<p>&nbsp;<\/p>\n<p>&nbsp;<\/p>\n<p>&nbsp;<\/p>\n<p>&nbsp;<\/p>\n<p>&nbsp;<\/p>\n<p>&nbsp;<\/p>\n<p>&nbsp;<\/p>\n<p>&nbsp;<\/p>\n<p>&nbsp;<\/p>\n<p>&nbsp;<\/p>\n<p>&nbsp;<\/p>\n<p>&nbsp;<\/p>\n<p><strong>Quantit\u00e9 de remplissage :<\/strong> 450 g<\/p>\n<p><strong>Prix : CHF 8.20<\/strong><\/p>\n<p>&nbsp;<\/p>\n<p>&nbsp;<\/p>\n<p><strong>Source de fibres et de prot\u00e9ines sans gluten.<\/strong><br><br>Nous pensons que : C'est la meilleure farine sans gluten pour la cuisine et la p\u00e2tisserie, des petits pains l\u00e9gers et a\u00e9r\u00e9s du petit-d\u00e9jeuner aux crackers croustillants au Teff, en passant par les traditionnelles galettes de Teff \u00e9thiopiennes Injera : la farine de Teff est consid\u00e9r\u00e9e comme un \"must-have\" pour la cuisine sans gluten. Elle est naturellement exempte de gluten, mais contrairement \u00e0 d'autres farines sans gluten, elle a tout de m\u00eame suffisamment de pouvoir liant pour toutes sortes de p\u00e2tes.<\/p>\n<p>Attention : comme le Teff ne contient pas de prot\u00e9ines collantes, on ne peux, donc, pas l'utiliser comme \u00e9l\u00e9ment pur pour la p\u00e2tisserie sans gluten.<br><br><strong>D'ailleurs :<\/strong> notre farine de Teff bio est fi\u00e8re de poss\u00e9der le symbole \"sans gluten\" valable dans toute l'Europe, ce qui signifie que notre farine de Teff est r\u00e9guli\u00e8rement contr\u00f4l\u00e9e et certifi\u00e9e par la Deutsche Z\u00f6liakie Gesellschaft e.V. (association allemande de la maladie c\u0153liaque).<\/p>\n<p><strong>Go\u00fbt :<\/strong> fin go\u00fbt de noisette, l\u00e9g\u00e8rement sucr\u00e9<br><strong>Suggestions d'utilisation :<\/strong> pour la p\u00e2tisserie<\/p>\n<p>&nbsp;<\/p>\n<p>&nbsp;<\/p>\n<p>&nbsp;<\/p>\n<h2>Id\u00e9e de recette Injera<br><br><\/h2>\n<p>Il est meilleur avec des plats riches en sauce, comme les rago\u00fbts, les currys ou les soupes. Si tu veux vraiment avoir l'impression d'\u00eatre en Afrique, places les plats que tu as choisis sur une injera et pr\u00e9pare-en d'autres. D\u00e9chires, ensuite, toujours de petits morceaux et utilises l'injera comme substitut des couverts, car traditionnellement, on mange l'injera avec les mains.<\/p>\n<h4>Pr\u00e9paration<\/h4>\n<ol>\n<li>Dissolvez la levure dans l'eau et ajoutez la farine de Teff et le sel.<\/li>\n<li>M\u00e9langez le tout pour obtenir une p\u00e2te lisse et couvrez-la dans un endroit chaud.<\/li>\n<li>Laissez la p\u00e2te lever et fermenter pendant au moins <strong>un jour,<\/strong> mais id\u00e9alement pendant <strong>deux jours<\/strong>. Remuez-la de temps en temps.<\/li>\n<li>Apr\u00e8s le temps de fermentation, chauffez fortement une po\u00eale antiadh\u00e9sive sans utiliser d'huile et r\u00e9partissez-y environ 0,5 cm de p\u00e2te.<\/li>\n<li>Recouvrez la po\u00eale d'un couvercle et laissez la p\u00e2te prendre. <br><br><strong>L'injera<\/strong> n'est cuit que d'un c\u00f4t\u00e9, c'est pourquoi il faut attendre 2 \u00e0 3 minutes. Lorsque des trous se forment, retirez-les sans les retourner et d\u00e9gustez-les avec de d\u00e9licieux rago\u00fbts, soupes, sauces et currys.<br><br><\/li>\n<\/ol>\n<h4>Ingr\u00e9dients<\/h4>\n<ul style=\"list-style-type: disc;\">\n<li>400 g <a href=\"https:\/\/www.govinda-natur.de\/produkte\/backen\/mehl-co\/630\/teff-mehl\">de farine de Teff<\/a><\/li>\n<li>800 ml d'eau ti\u00e8de<\/li>\n<li>1 pinc\u00e9e de sel<\/li>\n<li>\n<p>1 cube de levure<\/p>\n<\/li>\n<\/ul>\n<hr>\n<h4>TEFF GRAINES<\/h4>\n<p><a href=\"https:\/\/bien-etreiris.ch\/de\/produktpraesentation\/gesundes-leben\/gesunde-lebensmittel\/getreide-2\/teff\/graines-2\/\" rel=\"attachment wp-att-86988\"><img loading=\"lazy\" decoding=\"async\" class=\"size-full wp-image-86988 alignleft\" src=\"https:\/\/bien-etreiris.ch\/wp-content\/uploads\/2024\/08\/graines.jpg\" alt=\"\" width=\"331\" height=\"590\" srcset=\"https:\/\/bien-etreiris.ch\/wp-content\/uploads\/2024\/08\/graines.jpg 331w, https:\/\/bien-etreiris.ch\/wp-content\/uploads\/2024\/08\/graines-168x300.jpg 168w\" sizes=\"auto, (max-width: 331px) 100vw, 331px\" \/><\/a><\/p>\n<p>&nbsp;<\/p>\n<p>&nbsp;<\/p>\n<p>&nbsp;<\/p>\n<p>&nbsp;<\/p>\n<p>&nbsp;<\/p>\n<p>&nbsp;<\/p>\n<p>&nbsp;<\/p>\n<p>&nbsp;<\/p>\n<p>&nbsp;<\/p>\n<p>&nbsp;<\/p>\n<p>&nbsp;<\/p>\n<p>&nbsp;<\/p>\n<p><strong>Quantit\u00e9 de remplissage :<\/strong> 350 g<\/p>\n<p><strong>Prix : CHF 7.40<\/strong><\/p>\n<p>&nbsp;<\/p>\n<p>&nbsp;<\/p>\n<p>&nbsp;<\/p>\n<p><strong>Pr\u00e9paration : <\/strong>faire cuire le teff dans une casserole avec 2 \u00e0 3 fois son volume d'eau (sel ou bouillon) pendant 10 \u00e0 15 minutes \u00e0 feu doux.<\/p>\n<p>&nbsp;<\/p>\n<p>&nbsp;<\/p>\n<hr>\n<h4>TEFF FLOCONS<\/h4>\n<p><a href=\"https:\/\/bien-etreiris.ch\/de\/produktpraesentation\/gesundes-leben\/gesunde-lebensmittel\/getreide-2\/teff\/teff-flocons-2\/\" rel=\"attachment wp-att-86920\"><img loading=\"lazy\" decoding=\"async\" class=\"wp-image-86920 alignleft\" src=\"https:\/\/bien-etreiris.ch\/wp-content\/uploads\/2024\/08\/teff-flocons.jpg\" alt=\"\" width=\"425\" height=\"567\" srcset=\"https:\/\/bien-etreiris.ch\/wp-content\/uploads\/2024\/08\/teff-flocons.jpg 567w, https:\/\/bien-etreiris.ch\/wp-content\/uploads\/2024\/08\/teff-flocons-225x300.jpg 225w\" sizes=\"auto, (max-width: 425px) 100vw, 425px\" \/><\/a><\/p>\n<p>&nbsp;<\/p>\n<p>&nbsp;<\/p>\n<p>&nbsp;<\/p>\n<p>&nbsp;<\/p>\n<p>&nbsp;<\/p>\n<p>&nbsp;<\/p>\n<p>&nbsp;<\/p>\n<p>&nbsp;<\/p>\n<p>&nbsp;<\/p>\n<p>&nbsp;<\/p>\n<p>&nbsp;<\/p>\n<p>&nbsp;<\/p>\n<p>&nbsp;<\/p>\n<p><strong>Quantit\u00e9 de remplissage :<\/strong> 500 g<\/p>\n<p><strong>Prix : CHF 5.90<\/strong><\/p>\n<p>&nbsp;<\/p>\n<p>&nbsp;<\/p>\n<p>&nbsp;<\/p>\n<p><strong>Source de fibres et de prot\u00e9ines sans gluten.<\/strong><\/p>\n<p>Le millet nain pour le muesli est un v\u00e9ritable atout dans la cuisine, car il a, non seulement, un d\u00e9licieux go\u00fbt de noix, mais il est aussi une source v\u00e9g\u00e9tale id\u00e9ale de fibres et de prot\u00e9ines. Tu peux \u00e9galement utiliser nos flocons de teff pour la pr\u00e9paration, sans gluten, de pains, petits pains, p\u00e2te \u00e0 pizza, g\u00e2teaux, biscuits &amp; muffins.<\/p>\n<p><strong>Go\u00fbt :<\/strong> fin go\u00fbt de noix, l\u00e9g\u00e8rement sucr\u00e9.<br><strong>Suggestions d'utilisation :<\/strong> pour le muesli, en r\u00f4ti, pour \u00e9paissir les sauces.<\/p>\n<p>&nbsp;<\/p>\n<h2>Id\u00e9e recette:<\/h2>\n<p><strong>Soupe de patates douces aux flocons de teff<\/strong><br><br><\/p>\n<h4>Ingr\u00e9dients<\/h4>\n<ul>\n<li>50 g <strong>de flocons de teff<\/strong><\/li>\n<li>200 ml d'eau<\/li>\n<li>1 cuill\u00e8re \u00e0 soupe d'huile de colza<\/li>\n<li>1 oignon<\/li>\n<li>1 gousse d'ail<\/li>\n<li>350 g de patates douces<\/li>\n<li>200 g de tomates hach\u00e9es en bo\u00eete<\/li>\n<li>600 ml de bouillon de l\u00e9gumes<\/li>\n<li>50 g de pur\u00e9e de cacahu\u00e8tes<\/li>\n<li>Sel, poivre, cumin &amp; flocons de piment<\/li>\n<li>Un peu de yaourt alternatif non sucr\u00e9<\/li>\n<li>Pain pour servir<\/li>\n<\/ul>\n<p>&nbsp;<\/p>\n<h4>Pr\u00e9paration<\/h4>\n<ol>\n<li>Portez 200 ml d'eau \u00e0 \u00e9bullition dans une petite casserole et ajoutez les flocons de teff. Laissez mijoter les flocons pendant environ 5 minutes, jusqu'\u00e0 ce qu'ils aient absorb\u00e9 toute l'eau, puis mettez de c\u00f4t\u00e9.<\/li>\n<li>Epluchez et coupez l'oignon, l'ail et la patate douce en cubes.<\/li>\n<li>Chauffez l'huile dans une grande casserole, faites-y revenir l'oignon et l'ail, puis ajoutez les tomates hach\u00e9es et le bouillon de l\u00e9gumes.<\/li>\n<li>Ajoutez les patates douces et laisser mijoter le tout \u00e0 feu doux pendant environ 30 minutes \u00e0 couvert.<\/li>\n<li>Retirez la casserole du feu d\u00e8s que les patates douces sont cuites et mixez le tout jusqu'\u00e0 obtenir une soupe \u00e9paisse.<\/li>\n<li>A la fin, incorporez soigneusement la bouillie de teff et la noix de cacahu\u00e8te et assaisonnez la soupe de patates douces \u00e0 votre go\u00fbt. Si elle est trop \u00e9paisse, ajoutez encore un peu d'eau.<\/li>\n<li>Servez la soupe dans un bol et d\u00e9corer-la avec 1-2 cuill\u00e8res \u00e0 soupe de ton yaourt alternatif pr\u00e9f\u00e9r\u00e9 et quelques flocons de teff.<\/li>\n<\/ol>\n<p>&nbsp;<\/p>\n","protected":false},"excerpt":{"rendered":"<p>C'est la plus petite c\u00e9r\u00e9ale du monde et elle est \u00e9galement appel\u00e9e \"millet nain\" dans notre langue. Le teff est cultiv\u00e9 depuis plus de cinq milles ans dans le nord-est de l'Afrique et constitue l'un des principaux aliments en Afrique. &nbsp; TEFF FARINE &nbsp; &nbsp; &nbsp; &nbsp; &nbsp; &nbsp; &nbsp; &nbsp; &nbsp; &nbsp; &nbsp; &nbsp; Quantit\u00e9 de remplissage : 450&nbsp;<a href=\"https:\/\/bien-etreiris.ch\/de\/produktpraesentation\/gesundes-leben\/gesunde-lebensmittel\/getreide-2\/teff\/\" class=\"read-more\">Weiter lesen<\/a><\/p>\n","protected":false},"author":1,"featured_media":86916,"parent":60142,"menu_order":1786,"comment_status":"closed","ping_status":"closed","template":"page-with-child.php","meta":{"_acf_changed":false,"ngg_post_thumbnail":0,"footnotes":""},"class_list":["post-86927","page","type-page","status-publish","has-post-thumbnail","hentry"],"acf":[],"yoast_head":"<!-- This site is optimized with the Yoast SEO plugin v27.4 - https:\/\/yoast.com\/product\/yoast-seo-wordpress\/ -->\n<title>TEFF - WOHLBEFINDEN<\/title>\n<meta name=\"robots\" content=\"index, follow, max-snippet:-1, max-image-preview:large, max-video-preview:-1\" \/>\n<link rel=\"canonical\" href=\"https:\/\/bien-etreiris.ch\/de\/produktpraesentation\/gesundes-leben\/gesunde-lebensmittel\/getreide-2\/teff\/\" \/>\n<meta property=\"og:locale\" content=\"de_DE\" \/>\n<meta property=\"og:type\" content=\"article\" \/>\n<meta property=\"og:title\" content=\"TEFF - WOHLBEFINDEN\" \/>\n<meta property=\"og:description\" content=\"C&#039;est la plus petite c\u00e9r\u00e9ale du monde et elle est \u00e9galement appel\u00e9e &quot;millet nain&quot; dans notre langue. Le teff est cultiv\u00e9 depuis plus de cinq milles ans dans le nord-est de l&#039;Afrique et constitue l&#039;un des principaux aliments en Afrique. &nbsp; TEFF FARINE &nbsp; &nbsp; &nbsp; &nbsp; &nbsp; &nbsp; &nbsp; &nbsp; &nbsp; &nbsp; &nbsp; &nbsp; Quantit\u00e9 de remplissage : 450&nbsp;Weiter lesen\" \/>\n<meta property=\"og:url\" content=\"https:\/\/bien-etreiris.ch\/de\/produktpraesentation\/gesundes-leben\/gesunde-lebensmittel\/getreide-2\/teff\/\" \/>\n<meta property=\"og:site_name\" content=\"WOHLBEFINDEN\" \/>\n<meta property=\"article:publisher\" content=\"https:\/\/www.facebook.com\/bienetreiris\/\" \/>\n<meta property=\"article:modified_time\" content=\"2026-02-27T16:24:06+00:00\" \/>\n<meta property=\"og:image\" content=\"https:\/\/bien-etreiris.ch\/wp-content\/uploads\/2024\/08\/acceuil-Teff.jpg\" \/>\n\t<meta property=\"og:image:width\" content=\"500\" \/>\n\t<meta property=\"og:image:height\" content=\"333\" \/>\n\t<meta property=\"og:image:type\" content=\"image\/jpeg\" \/>\n<meta name=\"twitter:label1\" content=\"Gesch\u00e4tzte Lesezeit\" \/>\n\t<meta name=\"twitter:data1\" content=\"5\u00a0Minuten\" \/>\n<script type=\"application\/ld+json\" class=\"yoast-schema-graph\">{\"@context\":\"https:\\\/\\\/schema.org\",\"@graph\":[{\"@type\":\"WebPage\",\"@id\":\"https:\\\/\\\/bien-etreiris.ch\\\/de\\\/produktpraesentation\\\/gesundes-leben\\\/gesunde-lebensmittel\\\/getreide-2\\\/teff\\\/\",\"url\":\"https:\\\/\\\/bien-etreiris.ch\\\/de\\\/produktpraesentation\\\/gesundes-leben\\\/gesunde-lebensmittel\\\/getreide-2\\\/teff\\\/\",\"name\":\"TEFF - WOHLBEFINDEN\",\"isPartOf\":{\"@id\":\"https:\\\/\\\/bien-etreiris.ch\\\/de\\\/#website\"},\"primaryImageOfPage\":{\"@id\":\"https:\\\/\\\/bien-etreiris.ch\\\/de\\\/produktpraesentation\\\/gesundes-leben\\\/gesunde-lebensmittel\\\/getreide-2\\\/teff\\\/#primaryimage\"},\"image\":{\"@id\":\"https:\\\/\\\/bien-etreiris.ch\\\/de\\\/produktpraesentation\\\/gesundes-leben\\\/gesunde-lebensmittel\\\/getreide-2\\\/teff\\\/#primaryimage\"},\"thumbnailUrl\":\"https:\\\/\\\/bien-etreiris.ch\\\/wp-content\\\/uploads\\\/2024\\\/08\\\/acceuil-Teff.jpg\",\"datePublished\":\"2024-08-09T20:08:11+00:00\",\"dateModified\":\"2026-02-27T16:24:06+00:00\",\"breadcrumb\":{\"@id\":\"https:\\\/\\\/bien-etreiris.ch\\\/de\\\/produktpraesentation\\\/gesundes-leben\\\/gesunde-lebensmittel\\\/getreide-2\\\/teff\\\/#breadcrumb\"},\"inLanguage\":\"de\",\"potentialAction\":[{\"@type\":\"ReadAction\",\"target\":[\"https:\\\/\\\/bien-etreiris.ch\\\/de\\\/produktpraesentation\\\/gesundes-leben\\\/gesunde-lebensmittel\\\/getreide-2\\\/teff\\\/\"]}]},{\"@type\":\"ImageObject\",\"inLanguage\":\"de\",\"@id\":\"https:\\\/\\\/bien-etreiris.ch\\\/de\\\/produktpraesentation\\\/gesundes-leben\\\/gesunde-lebensmittel\\\/getreide-2\\\/teff\\\/#primaryimage\",\"url\":\"https:\\\/\\\/bien-etreiris.ch\\\/wp-content\\\/uploads\\\/2024\\\/08\\\/acceuil-Teff.jpg\",\"contentUrl\":\"https:\\\/\\\/bien-etreiris.ch\\\/wp-content\\\/uploads\\\/2024\\\/08\\\/acceuil-Teff.jpg\",\"width\":500,\"height\":333},{\"@type\":\"BreadcrumbList\",\"@id\":\"https:\\\/\\\/bien-etreiris.ch\\\/de\\\/produktpraesentation\\\/gesundes-leben\\\/gesunde-lebensmittel\\\/getreide-2\\\/teff\\\/#breadcrumb\",\"itemListElement\":[{\"@type\":\"ListItem\",\"position\":1,\"name\":\"Home\",\"item\":\"https:\\\/\\\/bien-etreiris.ch\\\/de\\\/\"},{\"@type\":\"ListItem\",\"position\":2,\"name\":\"PRODUKTPR\u00c4SENTATION\",\"item\":\"https:\\\/\\\/bien-etreiris.ch\\\/de\\\/produktpraesentation\\\/\"},{\"@type\":\"ListItem\",\"position\":3,\"name\":\"GESUNDES LEBEN\",\"item\":\"https:\\\/\\\/bien-etreiris.ch\\\/de\\\/produktpraesentation\\\/gesundes-leben\\\/\"},{\"@type\":\"ListItem\",\"position\":4,\"name\":\"GESUNDE LEBENSMITTEL\",\"item\":\"https:\\\/\\\/bien-etreiris.ch\\\/de\\\/produktpraesentation\\\/gesundes-leben\\\/gesunde-lebensmittel\\\/\"},{\"@type\":\"ListItem\",\"position\":5,\"name\":\"GETREIDE\",\"item\":\"https:\\\/\\\/bien-etreiris.ch\\\/de\\\/produktpraesentation\\\/gesundes-leben\\\/gesunde-lebensmittel\\\/getreide-2\\\/\"},{\"@type\":\"ListItem\",\"position\":6,\"name\":\"TEFF\"}]},{\"@type\":\"WebSite\",\"@id\":\"https:\\\/\\\/bien-etreiris.ch\\\/de\\\/#website\",\"url\":\"https:\\\/\\\/bien-etreiris.ch\\\/de\\\/\",\"name\":\"Bien-\u00eatre Iris\",\"description\":\"IHRE Gesundheit ist uns wichtig\",\"potentialAction\":[{\"@type\":\"SearchAction\",\"target\":{\"@type\":\"EntryPoint\",\"urlTemplate\":\"https:\\\/\\\/bien-etreiris.ch\\\/de\\\/?s={search_term_string}\"},\"query-input\":{\"@type\":\"PropertyValueSpecification\",\"valueRequired\":true,\"valueName\":\"search_term_string\"}}],\"inLanguage\":\"de\"}]}<\/script>\n<!-- \/ Yoast SEO plugin. -->","yoast_head_json":{"title":"TEFF - WOHLBEFINDEN","robots":{"index":"index","follow":"follow","max-snippet":"max-snippet:-1","max-image-preview":"max-image-preview:large","max-video-preview":"max-video-preview:-1"},"canonical":"https:\/\/bien-etreiris.ch\/de\/produktpraesentation\/gesundes-leben\/gesunde-lebensmittel\/getreide-2\/teff\/","og_locale":"de_DE","og_type":"article","og_title":"TEFF - WOHLBEFINDEN","og_description":"C'est la plus petite c\u00e9r\u00e9ale du monde et elle est \u00e9galement appel\u00e9e \"millet nain\" dans notre langue. Le teff est cultiv\u00e9 depuis plus de cinq milles ans dans le nord-est de l'Afrique et constitue l'un des principaux aliments en Afrique. &nbsp; TEFF FARINE &nbsp; &nbsp; &nbsp; &nbsp; &nbsp; &nbsp; &nbsp; &nbsp; &nbsp; &nbsp; &nbsp; &nbsp; Quantit\u00e9 de remplissage : 450&nbsp;Weiter lesen","og_url":"https:\/\/bien-etreiris.ch\/de\/produktpraesentation\/gesundes-leben\/gesunde-lebensmittel\/getreide-2\/teff\/","og_site_name":"WOHLBEFINDEN","article_publisher":"https:\/\/www.facebook.com\/bienetreiris\/","article_modified_time":"2026-02-27T16:24:06+00:00","og_image":[{"width":500,"height":333,"url":"https:\/\/bien-etreiris.ch\/wp-content\/uploads\/2024\/08\/acceuil-Teff.jpg","type":"image\/jpeg"}],"twitter_misc":{"Gesch\u00e4tzte Lesezeit":"5\u00a0Minuten"},"schema":{"@context":"https:\/\/schema.org","@graph":[{"@type":"WebPage","@id":"https:\/\/bien-etreiris.ch\/de\/produktpraesentation\/gesundes-leben\/gesunde-lebensmittel\/getreide-2\/teff\/","url":"https:\/\/bien-etreiris.ch\/de\/produktpraesentation\/gesundes-leben\/gesunde-lebensmittel\/getreide-2\/teff\/","name":"TEFF - WOHLBEFINDEN","isPartOf":{"@id":"https:\/\/bien-etreiris.ch\/de\/#website"},"primaryImageOfPage":{"@id":"https:\/\/bien-etreiris.ch\/de\/produktpraesentation\/gesundes-leben\/gesunde-lebensmittel\/getreide-2\/teff\/#primaryimage"},"image":{"@id":"https:\/\/bien-etreiris.ch\/de\/produktpraesentation\/gesundes-leben\/gesunde-lebensmittel\/getreide-2\/teff\/#primaryimage"},"thumbnailUrl":"https:\/\/bien-etreiris.ch\/wp-content\/uploads\/2024\/08\/acceuil-Teff.jpg","datePublished":"2024-08-09T20:08:11+00:00","dateModified":"2026-02-27T16:24:06+00:00","breadcrumb":{"@id":"https:\/\/bien-etreiris.ch\/de\/produktpraesentation\/gesundes-leben\/gesunde-lebensmittel\/getreide-2\/teff\/#breadcrumb"},"inLanguage":"de","potentialAction":[{"@type":"ReadAction","target":["https:\/\/bien-etreiris.ch\/de\/produktpraesentation\/gesundes-leben\/gesunde-lebensmittel\/getreide-2\/teff\/"]}]},{"@type":"ImageObject","inLanguage":"de","@id":"https:\/\/bien-etreiris.ch\/de\/produktpraesentation\/gesundes-leben\/gesunde-lebensmittel\/getreide-2\/teff\/#primaryimage","url":"https:\/\/bien-etreiris.ch\/wp-content\/uploads\/2024\/08\/acceuil-Teff.jpg","contentUrl":"https:\/\/bien-etreiris.ch\/wp-content\/uploads\/2024\/08\/acceuil-Teff.jpg","width":500,"height":333},{"@type":"BreadcrumbList","@id":"https:\/\/bien-etreiris.ch\/de\/produktpraesentation\/gesundes-leben\/gesunde-lebensmittel\/getreide-2\/teff\/#breadcrumb","itemListElement":[{"@type":"ListItem","position":1,"name":"Home","item":"https:\/\/bien-etreiris.ch\/de\/"},{"@type":"ListItem","position":2,"name":"PRODUKTPR\u00c4SENTATION","item":"https:\/\/bien-etreiris.ch\/de\/produktpraesentation\/"},{"@type":"ListItem","position":3,"name":"GESUNDES LEBEN","item":"https:\/\/bien-etreiris.ch\/de\/produktpraesentation\/gesundes-leben\/"},{"@type":"ListItem","position":4,"name":"GESUNDE LEBENSMITTEL","item":"https:\/\/bien-etreiris.ch\/de\/produktpraesentation\/gesundes-leben\/gesunde-lebensmittel\/"},{"@type":"ListItem","position":5,"name":"GETREIDE","item":"https:\/\/bien-etreiris.ch\/de\/produktpraesentation\/gesundes-leben\/gesunde-lebensmittel\/getreide-2\/"},{"@type":"ListItem","position":6,"name":"TEFF"}]},{"@type":"WebSite","@id":"https:\/\/bien-etreiris.ch\/de\/#website","url":"https:\/\/bien-etreiris.ch\/de\/","name":"Bien-\u00eatre Iris","description":"IHRE Gesundheit ist uns wichtig","potentialAction":[{"@type":"SearchAction","target":{"@type":"EntryPoint","urlTemplate":"https:\/\/bien-etreiris.ch\/de\/?s={search_term_string}"},"query-input":{"@type":"PropertyValueSpecification","valueRequired":true,"valueName":"search_term_string"}}],"inLanguage":"de"}]}},"_links":{"self":[{"href":"https:\/\/bien-etreiris.ch\/de\/wp-json\/wp\/v2\/pages\/86927","targetHints":{"allow":["GET"]}}],"collection":[{"href":"https:\/\/bien-etreiris.ch\/de\/wp-json\/wp\/v2\/pages"}],"about":[{"href":"https:\/\/bien-etreiris.ch\/de\/wp-json\/wp\/v2\/types\/page"}],"author":[{"embeddable":true,"href":"https:\/\/bien-etreiris.ch\/de\/wp-json\/wp\/v2\/users\/1"}],"replies":[{"embeddable":true,"href":"https:\/\/bien-etreiris.ch\/de\/wp-json\/wp\/v2\/comments?post=86927"}],"version-history":[{"count":8,"href":"https:\/\/bien-etreiris.ch\/de\/wp-json\/wp\/v2\/pages\/86927\/revisions"}],"predecessor-version":[{"id":97565,"href":"https:\/\/bien-etreiris.ch\/de\/wp-json\/wp\/v2\/pages\/86927\/revisions\/97565"}],"up":[{"embeddable":true,"href":"https:\/\/bien-etreiris.ch\/de\/wp-json\/wp\/v2\/pages\/60142"}],"wp:featuredmedia":[{"embeddable":true,"href":"https:\/\/bien-etreiris.ch\/de\/wp-json\/wp\/v2\/media\/86916"}],"wp:attachment":[{"href":"https:\/\/bien-etreiris.ch\/de\/wp-json\/wp\/v2\/media?parent=86927"}],"curies":[{"name":"wp","href":"https:\/\/api.w.org\/{rel}","templated":true}]}}