{"id":86750,"date":"2024-08-05T18:08:48","date_gmt":"2024-08-05T16:08:48","guid":{"rendered":"https:\/\/bien-etreiris.ch\/ratgeber-klarheit-beratung\/natuerliche-heilmittel\/vorbeugen-ankurbeln\/entsaeuerung\/lequilibre-acido-basique\/ortho-cell\/"},"modified":"2025-01-14T07:42:46","modified_gmt":"2025-01-14T05:42:46","slug":"purifier","status":"publish","type":"page","link":"https:\/\/bien-etreiris.ch\/de\/produktpraesentation\/zoom-die-welt-der-tiere\/gesundheit-der-tiere\/nahrungsergaenzungsmittel-fuer-tiere\/purifier\/","title":{"rendered":"PURIFIER"},"content":{"rendered":"\n<h2>Purifier avec OrthoCell balance H+<\/h2>\n\n\n<p><a href=\"https:\/\/bien-etreiris.ch\/ratgeber-klarheit-beratung\/natuerliche-heilmittel\/vorbeugen-ankurbeln\/entsaeuerung\/lequilibre-acido-basique\/ortho-cell\/orthocell-balance-h-loesung-1l\/\" rel=\"attachment wp-att-86738\"><img loading=\"lazy\" decoding=\"async\" class=\"wp-image-86738 alignleft\" src=\"https:\/\/bien-etreiris.ch\/wp-content\/uploads\/2024\/08\/OrthoCell-balance-H-\u2014-Loesung-1l.jpg\" alt=\"\" width=\"305\" height=\"460\" srcset=\"https:\/\/bien-etreiris.ch\/wp-content\/uploads\/2024\/08\/OrthoCell-balance-H-\u2014-Loesung-1l.jpg 582w, https:\/\/bien-etreiris.ch\/wp-content\/uploads\/2024\/08\/OrthoCell-balance-H-\u2014-Loesung-1l-199x300.jpg 199w\" sizes=\"auto, (max-width: 305px) 100vw, 305px\" \/><\/a><\/p>\n<p>&nbsp;<\/p>\n<p>&nbsp;<\/p>\n<p>&nbsp;<\/p>\n<p>&nbsp;<\/p>\n<p>&nbsp;<\/p>\n<p>&nbsp;<\/p>\n<ul style=\"list-style-type: disc;\">\n<li>Substance naturelle<\/li>\n<\/ul>\n<ul style=\"list-style-type: disc;\">\n<li>Solution OrthoCell balance OH+ en SET.<\/li>\n<li>OH + eau \u00e0 la structure inimitable.<\/li>\n<li>Inalt\u00e9r\u00e9 uniquement par SanaQuant\u00ae.<\/li>\n<li>Structure hexagonale.<\/li>\n<li>Dur\u00e9e de conservation : 2 ans<\/li>\n<\/ul>\n<h4>1 lt <strong>CHF 21.90<\/strong><\/h4>\n<p>&nbsp;<\/p>\n<p>&nbsp;<\/p>\n<h4>OrthoCell balance H+ - Solution 1l<\/h4>\n<p>La solution OrthoCell balance H+ est une eau active acide (solution antimicrobienne) compos\u00e9e d'eau et de sel halite, avec un pH bas (acide), une forte concentration d'ions H (ions hydrog\u00e8ne) charg\u00e9s positivement et une structure hexagonale.<\/p>\n<p>Utilisez la solution H+ comme \u00e9nergisant pour votre environnement. Ajoutez par exemple une structure hexagonale \u00e0 votre eau et placez-la dans votre environnement imm\u00e9diat. Vous donnerez ainsi un effet \u00e9nerg\u00e9tique \u00e0 votre environnement. Ou vaporisez le m\u00e9lange dans votre environnement \u00e0 l'aide d'un humidificateur d'air pour obtenir un environnement harmonieux.<\/p>\n<hr>\n<h2 class=\"product--title\">OrthoCell balance OH - L\u00f6sung<\/h2>\n<p><a href=\"https:\/\/bien-etreiris.ch\/ratgeber-klarheit-beratung\/natuerliche-heilmittel\/vorbeugen-ankurbeln\/entsaeuerung\/lequilibre-acido-basique\/ortho-cell\/orthocell-balance-oh-loesung-1l\/\" rel=\"attachment wp-att-86741\"><img loading=\"lazy\" decoding=\"async\" class=\"wp-image-86741 alignleft\" src=\"https:\/\/bien-etreiris.ch\/wp-content\/uploads\/2024\/08\/OrthoCell-balance-OH-Loesung-1l.jpg\" alt=\"\" width=\"310\" height=\"469\" srcset=\"https:\/\/bien-etreiris.ch\/wp-content\/uploads\/2024\/08\/OrthoCell-balance-OH-Loesung-1l.jpg 563w, https:\/\/bien-etreiris.ch\/wp-content\/uploads\/2024\/08\/OrthoCell-balance-OH-Loesung-1l-198x300.jpg 198w\" sizes=\"auto, (max-width: 310px) 100vw, 310px\" \/><\/a><\/p>\n<p>&nbsp;<\/p>\n<p>&nbsp;<\/p>\n<p>&nbsp;<\/p>\n<p>&nbsp;<\/p>\n<p>&nbsp;<\/p>\n<p>&nbsp;<\/p>\n<ul style=\"list-style-type: disc;\">\n<li>Substance naturelle<\/li>\n<\/ul>\n<ul style=\"list-style-type: disc;\">\n<li>Solution d'OH OrthoCell balance<\/li>\n<li>Eau OH \u00e0 la structure inimitable.<\/li>\n<li>Inalt\u00e9r\u00e9e uniquement par SanaQuant\u00ae.<\/li>\n<li>Structure hexagonale.<\/li>\n<li>Dur\u00e9e de conservation : 2 ans<\/li>\n<\/ul>\n<h4>1 lt <strong>CHF 39.90<\/strong><\/h4>\n<p>&nbsp;<\/p>\n<p>&nbsp;<\/p>\n<p>&nbsp;<\/p>\n<h2>Description<\/h2>\n<h2>OrthoCell balance OH- solution 1l<\/h2>\n<p>La solution OrthoCell balance OH- est une eau active basique (concentr\u00e9 basique) compos\u00e9e d'eau et de sel d'halite avec un pH \u00e9lev\u00e9 (basique), une forte concentration d'ions OH charg\u00e9s n\u00e9gativement (ions hydroxyde) et une structure hexagonale.<\/p>\n<p>Utilisez la solution OH- comme \u00e9nergisant pour votre environnement. Ajoutez par exemple une structure hexagonale \u00e0 votre eau et placez-la dans votre environnement imm\u00e9diat. Vous donnerez ainsi un effet \u00e9nerg\u00e9tique \u00e0 votre environnement. Ou vaporisez le m\u00e9lange dans votre environnement \u00e0 l'aide d'un humidificateur d'air pour obtenir un environnement harmonieux.<\/p>\n<p>Moins il y a de min\u00e9raux, plus l'effet tampon est faible.<br>Gr\u00e2ce \u00e0 ce savoir, aucun min\u00e9ral suppl\u00e9mentaire, comme par exemple le zinc, le s\u00e9l\u00e9nium, le magn\u00e9sium ou le calcium, n'est ajout\u00e9 lors de la fabrication.<\/p>\n<hr>\n<h2>Solution OrthoCell balance OH- &amp; solution balance H+ en set<\/h2>\n<p><a href=\"https:\/\/bien-etreiris.ch\/ratgeber-klarheit-beratung\/natuerliche-heilmittel\/vorbeugen-ankurbeln\/entsaeuerung\/lequilibre-acido-basique\/ortho-cell\/orthocell-balance-h-loesung-1l\/\" rel=\"attachment wp-att-86738\"><img loading=\"lazy\" decoding=\"async\" class=\"wp-image-86738 alignleft\" src=\"https:\/\/bien-etreiris.ch\/wp-content\/uploads\/2024\/08\/OrthoCell-balance-H-\u2014-Loesung-1l.jpg\" alt=\"\" width=\"188\" height=\"284\" srcset=\"https:\/\/bien-etreiris.ch\/wp-content\/uploads\/2024\/08\/OrthoCell-balance-H-\u2014-Loesung-1l.jpg 582w, https:\/\/bien-etreiris.ch\/wp-content\/uploads\/2024\/08\/OrthoCell-balance-H-\u2014-Loesung-1l-199x300.jpg 199w\" sizes=\"auto, (max-width: 188px) 100vw, 188px\" \/><\/a><a href=\"https:\/\/bien-etreiris.ch\/ratgeber-klarheit-beratung\/natuerliche-heilmittel\/vorbeugen-ankurbeln\/entsaeuerung\/lequilibre-acido-basique\/ortho-cell\/orthocell-balance-oh-loesung-1l\/\" rel=\"attachment wp-att-86741\"><img loading=\"lazy\" decoding=\"async\" class=\"wp-image-86741 alignleft\" src=\"https:\/\/bien-etreiris.ch\/wp-content\/uploads\/2024\/08\/OrthoCell-balance-OH-Loesung-1l.jpg\" alt=\"\" width=\"188\" height=\"285\" srcset=\"https:\/\/bien-etreiris.ch\/wp-content\/uploads\/2024\/08\/OrthoCell-balance-OH-Loesung-1l.jpg 563w, https:\/\/bien-etreiris.ch\/wp-content\/uploads\/2024\/08\/OrthoCell-balance-OH-Loesung-1l-198x300.jpg 198w\" sizes=\"auto, (max-width: 188px) 100vw, 188px\" \/><\/a><\/p>\n<p>&nbsp;<\/p>\n<p>&nbsp;<\/p>\n<p>&nbsp;<\/p>\n<ul>\n<li>Substance naturelle<\/li>\n<\/ul>\n<ul>\n<li>Solution OH- OrthoCell balance &amp; solution OH+ en SET.<\/li>\n<li>Eau OH \u00e0 la structure inimitable.<\/li>\n<li>Inalt\u00e9r\u00e9e uniquement par SanaQuant\u00ae.<\/li>\n<li>Structure hexagonale.<\/li>\n<li>Dur\u00e9e de conservation : 2 ans<\/li>\n<\/ul>\n<h4>1 lt en set <strong>CHF 58.80<\/strong><\/h4>\n<p>&nbsp;<\/p>\n<p>&nbsp;<\/p>\n<h2>Description<\/h2>\n<h4>OrthoCell balance OH- solution 1l<\/h4>\n<p>La solution OrthoCell balance OH- est une eau active basique (concentr\u00e9 basique) compos\u00e9e d'eau et de sel d'halite avec un pH \u00e9lev\u00e9 (basique), une forte concentration d'ions OH charg\u00e9s n\u00e9gativement (ions hydroxyde) et une structure hexagonale.<\/p>\n<p>Utilisez la solution OH- comme \u00e9nergisant pour votre environnement. Ajoutez par exemple une structure hexagonale \u00e0 votre eau et placez-la dans votre environnement imm\u00e9diat. Vous donnerez ainsi un effet \u00e9nerg\u00e9tique \u00e0 votre environnement. Ou vaporisez le m\u00e9lange dans votre environnement \u00e0 l'aide d'un humidificateur d'air pour obtenir un environnement harmonieux..<\/p>\n<p>Moins il y a de min\u00e9raux, plus l'effet tampon est faible.<br>Gr\u00e2ce \u00e0 ce savoir, aucun min\u00e9ral suppl\u00e9mentaire tel que le zinc, le s\u00e9l\u00e9nium, le magn\u00e9sium ou le calcium n'est ajout\u00e9 lors de la fabrication.<\/p>\n<h2><strong>OrthoCell balance H+ - Solution 1l<\/strong><\/h2>\n<p>La solution OrthoCell balance H+ est une eau active acide (solution antimicrobienne) compos\u00e9e d'eau et de sel halite, avec un pH bas (acide), une forte concentration d'ions H (ions hydrog\u00e8ne) charg\u00e9s positivement et une structure hexagonale.<\/p>\n<p>Utilisez la solution H+ comme \u00e9nergisant pour votre environnement. Ajoutez par exemple une structure hexagonale \u00e0 votre eau et placez-la dans votre environnement imm\u00e9diat. Vous donnerez ainsi un effet \u00e9nerg\u00e9tique \u00e0 votre environnement. Ou vaporisez le m\u00e9lange dans votre environnement \u00e0 l'aide d'un humidificateur d'air pour obtenir un environnement harmonieux.<\/p>\n<p>&nbsp;<\/p>\n<p>&nbsp;<\/p>\n<p>&nbsp;<\/p>\n<p>&nbsp;<\/p>","protected":false},"excerpt":{"rendered":"<p>Purifier avec OrthoCell balance H+ &nbsp; &nbsp; &nbsp; &nbsp; &nbsp; &nbsp; Substance naturelle Solution OrthoCell balance OH+ en SET. OH + eau \u00e0 la structure inimitable. Inalt\u00e9r\u00e9 uniquement par SanaQuant\u00ae. Structure hexagonale. Dur\u00e9e de conservation : 2 ans 1 lt CHF 21.90 &nbsp; &nbsp; OrthoCell balance H+ - Solution 1l La solution OrthoCell balance H+ est une eau active acide&nbsp;<a href=\"https:\/\/bien-etreiris.ch\/de\/produktpraesentation\/zoom-die-welt-der-tiere\/gesundheit-der-tiere\/nahrungsergaenzungsmittel-fuer-tiere\/purifier\/\" class=\"read-more\">Weiter lesen<\/a><\/p>\n","protected":false},"author":1,"featured_media":86744,"parent":74194,"menu_order":1810,"comment_status":"closed","ping_status":"closed","template":"page-with-child.php","meta":{"_acf_changed":false,"ngg_post_thumbnail":0,"footnotes":""},"class_list":["post-86750","page","type-page","status-publish","has-post-thumbnail","hentry"],"acf":[],"yoast_head":"<!-- This site is optimized with the Yoast SEO plugin v27.5 - https:\/\/yoast.com\/product\/yoast-seo-wordpress\/ -->\n<title>PURIFIER - WOHLBEFINDEN<\/title>\n<meta name=\"robots\" content=\"index, follow, max-snippet:-1, max-image-preview:large, max-video-preview:-1\" \/>\n<link rel=\"canonical\" href=\"https:\/\/bien-etreiris.ch\/de\/produktpraesentation\/zoom-die-welt-der-tiere\/gesundheit-der-tiere\/nahrungsergaenzungsmittel-fuer-tiere\/purifier\/\" \/>\n<meta property=\"og:locale\" content=\"de_DE\" \/>\n<meta property=\"og:type\" content=\"article\" \/>\n<meta property=\"og:title\" content=\"PURIFIER - WOHLBEFINDEN\" \/>\n<meta property=\"og:description\" content=\"Purifier avec OrthoCell balance H+ &nbsp; &nbsp; &nbsp; &nbsp; &nbsp; &nbsp; Substance naturelle Solution OrthoCell balance OH+ en SET. OH + eau \u00e0 la structure inimitable. Inalt\u00e9r\u00e9 uniquement par SanaQuant\u00ae. Structure hexagonale. Dur\u00e9e de conservation : 2 ans 1 lt CHF 21.90 &nbsp; &nbsp; OrthoCell balance H+ - Solution 1l La solution OrthoCell balance H+ est une eau active acide&nbsp;Weiter lesen\" \/>\n<meta property=\"og:url\" content=\"https:\/\/bien-etreiris.ch\/de\/produktpraesentation\/zoom-die-welt-der-tiere\/gesundheit-der-tiere\/nahrungsergaenzungsmittel-fuer-tiere\/purifier\/\" \/>\n<meta property=\"og:site_name\" content=\"WOHLBEFINDEN\" \/>\n<meta property=\"article:publisher\" content=\"https:\/\/www.facebook.com\/bienetreiris\/\" \/>\n<meta property=\"article:modified_time\" content=\"2025-01-14T05:42:46+00:00\" \/>\n<meta property=\"og:image\" content=\"https:\/\/bien-etreiris.ch\/wp-content\/uploads\/2024\/08\/acceuil-ORTHOcell.jpg\" \/>\n\t<meta property=\"og:image:width\" content=\"500\" \/>\n\t<meta property=\"og:image:height\" content=\"333\" \/>\n\t<meta property=\"og:image:type\" content=\"image\/jpeg\" \/>\n<meta name=\"twitter:label1\" content=\"Gesch\u00e4tzte Lesezeit\" \/>\n\t<meta name=\"twitter:data1\" content=\"4\u00a0Minuten\" \/>\n<script type=\"application\/ld+json\" class=\"yoast-schema-graph\">{\"@context\":\"https:\\\/\\\/schema.org\",\"@graph\":[{\"@type\":\"WebPage\",\"@id\":\"https:\\\/\\\/bien-etreiris.ch\\\/de\\\/produktpraesentation\\\/zoom-die-welt-der-tiere\\\/gesundheit-der-tiere\\\/nahrungsergaenzungsmittel-fuer-tiere\\\/purifier\\\/\",\"url\":\"https:\\\/\\\/bien-etreiris.ch\\\/de\\\/produktpraesentation\\\/zoom-die-welt-der-tiere\\\/gesundheit-der-tiere\\\/nahrungsergaenzungsmittel-fuer-tiere\\\/purifier\\\/\",\"name\":\"PURIFIER - WOHLBEFINDEN\",\"isPartOf\":{\"@id\":\"https:\\\/\\\/bien-etreiris.ch\\\/de\\\/#website\"},\"primaryImageOfPage\":{\"@id\":\"https:\\\/\\\/bien-etreiris.ch\\\/de\\\/produktpraesentation\\\/zoom-die-welt-der-tiere\\\/gesundheit-der-tiere\\\/nahrungsergaenzungsmittel-fuer-tiere\\\/purifier\\\/#primaryimage\"},\"image\":{\"@id\":\"https:\\\/\\\/bien-etreiris.ch\\\/de\\\/produktpraesentation\\\/zoom-die-welt-der-tiere\\\/gesundheit-der-tiere\\\/nahrungsergaenzungsmittel-fuer-tiere\\\/purifier\\\/#primaryimage\"},\"thumbnailUrl\":\"https:\\\/\\\/bien-etreiris.ch\\\/wp-content\\\/uploads\\\/2024\\\/08\\\/acceuil-ORTHOcell.jpg\",\"datePublished\":\"2024-08-05T16:08:48+00:00\",\"dateModified\":\"2025-01-14T05:42:46+00:00\",\"breadcrumb\":{\"@id\":\"https:\\\/\\\/bien-etreiris.ch\\\/de\\\/produktpraesentation\\\/zoom-die-welt-der-tiere\\\/gesundheit-der-tiere\\\/nahrungsergaenzungsmittel-fuer-tiere\\\/purifier\\\/#breadcrumb\"},\"inLanguage\":\"de\",\"potentialAction\":[{\"@type\":\"ReadAction\",\"target\":[\"https:\\\/\\\/bien-etreiris.ch\\\/de\\\/produktpraesentation\\\/zoom-die-welt-der-tiere\\\/gesundheit-der-tiere\\\/nahrungsergaenzungsmittel-fuer-tiere\\\/purifier\\\/\"]}]},{\"@type\":\"ImageObject\",\"inLanguage\":\"de\",\"@id\":\"https:\\\/\\\/bien-etreiris.ch\\\/de\\\/produktpraesentation\\\/zoom-die-welt-der-tiere\\\/gesundheit-der-tiere\\\/nahrungsergaenzungsmittel-fuer-tiere\\\/purifier\\\/#primaryimage\",\"url\":\"https:\\\/\\\/bien-etreiris.ch\\\/wp-content\\\/uploads\\\/2024\\\/08\\\/acceuil-ORTHOcell.jpg\",\"contentUrl\":\"https:\\\/\\\/bien-etreiris.ch\\\/wp-content\\\/uploads\\\/2024\\\/08\\\/acceuil-ORTHOcell.jpg\",\"width\":500,\"height\":333},{\"@type\":\"BreadcrumbList\",\"@id\":\"https:\\\/\\\/bien-etreiris.ch\\\/de\\\/produktpraesentation\\\/zoom-die-welt-der-tiere\\\/gesundheit-der-tiere\\\/nahrungsergaenzungsmittel-fuer-tiere\\\/purifier\\\/#breadcrumb\",\"itemListElement\":[{\"@type\":\"ListItem\",\"position\":1,\"name\":\"Home\",\"item\":\"https:\\\/\\\/bien-etreiris.ch\\\/de\\\/\"},{\"@type\":\"ListItem\",\"position\":2,\"name\":\"PRODUKTPR\u00c4SENTATION\",\"item\":\"https:\\\/\\\/bien-etreiris.ch\\\/de\\\/produktpraesentation\\\/\"},{\"@type\":\"ListItem\",\"position\":3,\"name\":\"ZOOM \u2013 DIE WELT DER TIERE\",\"item\":\"https:\\\/\\\/bien-etreiris.ch\\\/de\\\/produktpraesentation\\\/zoom-die-welt-der-tiere\\\/\"},{\"@type\":\"ListItem\",\"position\":4,\"name\":\"GESUNDHEIT DER TIERE\",\"item\":\"https:\\\/\\\/bien-etreiris.ch\\\/de\\\/produktpraesentation\\\/zoom-die-welt-der-tiere\\\/gesundheit-der-tiere\\\/\"},{\"@type\":\"ListItem\",\"position\":5,\"name\":\"ERG\u00c4NZUNGSMITTEL\",\"item\":\"https:\\\/\\\/bien-etreiris.ch\\\/de\\\/produktpraesentation\\\/zoom-die-welt-der-tiere\\\/gesundheit-der-tiere\\\/nahrungsergaenzungsmittel-fuer-tiere\\\/\"},{\"@type\":\"ListItem\",\"position\":6,\"name\":\"PURIFIER\"}]},{\"@type\":\"WebSite\",\"@id\":\"https:\\\/\\\/bien-etreiris.ch\\\/de\\\/#website\",\"url\":\"https:\\\/\\\/bien-etreiris.ch\\\/de\\\/\",\"name\":\"Bien-\u00eatre Iris\",\"description\":\"IHRE Gesundheit ist uns wichtig\",\"potentialAction\":[{\"@type\":\"SearchAction\",\"target\":{\"@type\":\"EntryPoint\",\"urlTemplate\":\"https:\\\/\\\/bien-etreiris.ch\\\/de\\\/?s={search_term_string}\"},\"query-input\":{\"@type\":\"PropertyValueSpecification\",\"valueRequired\":true,\"valueName\":\"search_term_string\"}}],\"inLanguage\":\"de\"}]}<\/script>\n<!-- \/ Yoast SEO plugin. -->","yoast_head_json":{"title":"PURIFIER - WOHLBEFINDEN","robots":{"index":"index","follow":"follow","max-snippet":"max-snippet:-1","max-image-preview":"max-image-preview:large","max-video-preview":"max-video-preview:-1"},"canonical":"https:\/\/bien-etreiris.ch\/de\/produktpraesentation\/zoom-die-welt-der-tiere\/gesundheit-der-tiere\/nahrungsergaenzungsmittel-fuer-tiere\/purifier\/","og_locale":"de_DE","og_type":"article","og_title":"PURIFIER - WOHLBEFINDEN","og_description":"Purifier avec OrthoCell balance H+ &nbsp; &nbsp; &nbsp; &nbsp; &nbsp; &nbsp; Substance naturelle Solution OrthoCell balance OH+ en SET. OH + eau \u00e0 la structure inimitable. Inalt\u00e9r\u00e9 uniquement par SanaQuant\u00ae. Structure hexagonale. Dur\u00e9e de conservation : 2 ans 1 lt CHF 21.90 &nbsp; &nbsp; OrthoCell balance H+ - Solution 1l La solution OrthoCell balance H+ est une eau active acide&nbsp;Weiter lesen","og_url":"https:\/\/bien-etreiris.ch\/de\/produktpraesentation\/zoom-die-welt-der-tiere\/gesundheit-der-tiere\/nahrungsergaenzungsmittel-fuer-tiere\/purifier\/","og_site_name":"WOHLBEFINDEN","article_publisher":"https:\/\/www.facebook.com\/bienetreiris\/","article_modified_time":"2025-01-14T05:42:46+00:00","og_image":[{"width":500,"height":333,"url":"https:\/\/bien-etreiris.ch\/wp-content\/uploads\/2024\/08\/acceuil-ORTHOcell.jpg","type":"image\/jpeg"}],"twitter_misc":{"Gesch\u00e4tzte Lesezeit":"4\u00a0Minuten"},"schema":{"@context":"https:\/\/schema.org","@graph":[{"@type":"WebPage","@id":"https:\/\/bien-etreiris.ch\/de\/produktpraesentation\/zoom-die-welt-der-tiere\/gesundheit-der-tiere\/nahrungsergaenzungsmittel-fuer-tiere\/purifier\/","url":"https:\/\/bien-etreiris.ch\/de\/produktpraesentation\/zoom-die-welt-der-tiere\/gesundheit-der-tiere\/nahrungsergaenzungsmittel-fuer-tiere\/purifier\/","name":"PURIFIER - WOHLBEFINDEN","isPartOf":{"@id":"https:\/\/bien-etreiris.ch\/de\/#website"},"primaryImageOfPage":{"@id":"https:\/\/bien-etreiris.ch\/de\/produktpraesentation\/zoom-die-welt-der-tiere\/gesundheit-der-tiere\/nahrungsergaenzungsmittel-fuer-tiere\/purifier\/#primaryimage"},"image":{"@id":"https:\/\/bien-etreiris.ch\/de\/produktpraesentation\/zoom-die-welt-der-tiere\/gesundheit-der-tiere\/nahrungsergaenzungsmittel-fuer-tiere\/purifier\/#primaryimage"},"thumbnailUrl":"https:\/\/bien-etreiris.ch\/wp-content\/uploads\/2024\/08\/acceuil-ORTHOcell.jpg","datePublished":"2024-08-05T16:08:48+00:00","dateModified":"2025-01-14T05:42:46+00:00","breadcrumb":{"@id":"https:\/\/bien-etreiris.ch\/de\/produktpraesentation\/zoom-die-welt-der-tiere\/gesundheit-der-tiere\/nahrungsergaenzungsmittel-fuer-tiere\/purifier\/#breadcrumb"},"inLanguage":"de","potentialAction":[{"@type":"ReadAction","target":["https:\/\/bien-etreiris.ch\/de\/produktpraesentation\/zoom-die-welt-der-tiere\/gesundheit-der-tiere\/nahrungsergaenzungsmittel-fuer-tiere\/purifier\/"]}]},{"@type":"ImageObject","inLanguage":"de","@id":"https:\/\/bien-etreiris.ch\/de\/produktpraesentation\/zoom-die-welt-der-tiere\/gesundheit-der-tiere\/nahrungsergaenzungsmittel-fuer-tiere\/purifier\/#primaryimage","url":"https:\/\/bien-etreiris.ch\/wp-content\/uploads\/2024\/08\/acceuil-ORTHOcell.jpg","contentUrl":"https:\/\/bien-etreiris.ch\/wp-content\/uploads\/2024\/08\/acceuil-ORTHOcell.jpg","width":500,"height":333},{"@type":"BreadcrumbList","@id":"https:\/\/bien-etreiris.ch\/de\/produktpraesentation\/zoom-die-welt-der-tiere\/gesundheit-der-tiere\/nahrungsergaenzungsmittel-fuer-tiere\/purifier\/#breadcrumb","itemListElement":[{"@type":"ListItem","position":1,"name":"Home","item":"https:\/\/bien-etreiris.ch\/de\/"},{"@type":"ListItem","position":2,"name":"PRODUKTPR\u00c4SENTATION","item":"https:\/\/bien-etreiris.ch\/de\/produktpraesentation\/"},{"@type":"ListItem","position":3,"name":"ZOOM \u2013 DIE WELT DER TIERE","item":"https:\/\/bien-etreiris.ch\/de\/produktpraesentation\/zoom-die-welt-der-tiere\/"},{"@type":"ListItem","position":4,"name":"GESUNDHEIT DER TIERE","item":"https:\/\/bien-etreiris.ch\/de\/produktpraesentation\/zoom-die-welt-der-tiere\/gesundheit-der-tiere\/"},{"@type":"ListItem","position":5,"name":"ERG\u00c4NZUNGSMITTEL","item":"https:\/\/bien-etreiris.ch\/de\/produktpraesentation\/zoom-die-welt-der-tiere\/gesundheit-der-tiere\/nahrungsergaenzungsmittel-fuer-tiere\/"},{"@type":"ListItem","position":6,"name":"PURIFIER"}]},{"@type":"WebSite","@id":"https:\/\/bien-etreiris.ch\/de\/#website","url":"https:\/\/bien-etreiris.ch\/de\/","name":"Bien-\u00eatre Iris","description":"IHRE Gesundheit ist uns wichtig","potentialAction":[{"@type":"SearchAction","target":{"@type":"EntryPoint","urlTemplate":"https:\/\/bien-etreiris.ch\/de\/?s={search_term_string}"},"query-input":{"@type":"PropertyValueSpecification","valueRequired":true,"valueName":"search_term_string"}}],"inLanguage":"de"}]}},"_links":{"self":[{"href":"https:\/\/bien-etreiris.ch\/de\/wp-json\/wp\/v2\/pages\/86750","targetHints":{"allow":["GET"]}}],"collection":[{"href":"https:\/\/bien-etreiris.ch\/de\/wp-json\/wp\/v2\/pages"}],"about":[{"href":"https:\/\/bien-etreiris.ch\/de\/wp-json\/wp\/v2\/types\/page"}],"author":[{"embeddable":true,"href":"https:\/\/bien-etreiris.ch\/de\/wp-json\/wp\/v2\/users\/1"}],"replies":[{"embeddable":true,"href":"https:\/\/bien-etreiris.ch\/de\/wp-json\/wp\/v2\/comments?post=86750"}],"version-history":[{"count":8,"href":"https:\/\/bien-etreiris.ch\/de\/wp-json\/wp\/v2\/pages\/86750\/revisions"}],"predecessor-version":[{"id":87303,"href":"https:\/\/bien-etreiris.ch\/de\/wp-json\/wp\/v2\/pages\/86750\/revisions\/87303"}],"up":[{"embeddable":true,"href":"https:\/\/bien-etreiris.ch\/de\/wp-json\/wp\/v2\/pages\/74194"}],"wp:featuredmedia":[{"embeddable":true,"href":"https:\/\/bien-etreiris.ch\/de\/wp-json\/wp\/v2\/media\/86744"}],"wp:attachment":[{"href":"https:\/\/bien-etreiris.ch\/de\/wp-json\/wp\/v2\/media?parent=86750"}],"curies":[{"name":"wp","href":"https:\/\/api.w.org\/{rel}","templated":true}]}}