{"id":86712,"date":"2024-08-05T10:45:20","date_gmt":"2024-08-05T08:45:20","guid":{"rendered":"https:\/\/bien-etreiris.ch\/ratgeber-klarheit-beratung\/natuerliche-heilmittel\/vorbeugen-ankurbeln\/entsaeuerung\/la-cure-alcaline-p-jentschura\/"},"modified":"2024-08-05T12:30:17","modified_gmt":"2024-08-05T10:30:17","slug":"basen-kur","status":"publish","type":"page","link":"https:\/\/bien-etreiris.ch\/de\/ratgeber-klarheit-beratung\/natuerliche-heilmittel\/vorbeugen-ankurbeln\/entsaeuerung\/basen-kur\/","title":{"rendered":"BASEN KUR"},"content":{"rendered":"<div class=\"span12\" data-motopress-wrapper-file=\"page-fullwidth.php\" data-motopress-wrapper-type=\"content\">\n<div id=\"content\" class=\"row\">\n<div class=\"span12\" data-motopress-type=\"loop\" data-motopress-loop-file=\"loop\/loop-page.php\">\n<div id=\"post-62971\" class=\"page post-62971 type-page status-publish has-post-thumbnail hentry\">\n<div class=\"container centered-at\">\n<h2><strong>Jentschuras BasenKur<\/strong><\/h2>\n<h4><strong>F\u00fcr Gesundheit, Sch\u00f6nheit und Leistungsf\u00e4higkeit<\/strong><\/h4>\n<p>Ein ausbalancierter S\u00e4ure-Basen-Haushalt stellt die Grundlage f\u00fcr dauerhafte Gesundheit, Attraktivit\u00e4t und Vitalit\u00e4t dar. Das \u201eBeauty &amp; Healthcare\u201c-Konzept \u201eJentschuras BasenKur\u201c ist der Schl\u00fcssel zu Ihrer <strong>S\u00e4ure-Basen-Balance<\/strong> und der Wegweiser zur innerlichen und \u00e4usserlichen Zufriedenheit.<\/p>\n<\/div>\n<section class=\"container themenwelt-one-column\">\n<div class=\"image sm:hidden lazyloaded\" data-bgset=\"\/site\/assets\/files\/1643\/basenkur_basisch_in_balance.220x0.webp 220w, \/site\/assets\/files\/1643\/basenkur_basisch_in_balance.768x0.webp 768w, \/site\/assets\/files\/1643\/basenkur_basisch_in_balance.1200x0.webp 1200w\">&nbsp;<\/div>\n<h4><strong><a href=\"https:\/\/bien-etreiris.ch\/wp-content\/uploads\/2022\/12\/Basisch-in-Balance.jpg\"><img loading=\"lazy\" decoding=\"async\" class=\" wp-image-62994 alignleft\" src=\"https:\/\/bien-etreiris.ch\/wp-content\/uploads\/2022\/12\/Basisch-in-Balance.jpg\" alt=\"\" width=\"445\" height=\"553\" srcset=\"https:\/\/bien-etreiris.ch\/wp-content\/uploads\/2022\/12\/Basisch-in-Balance.jpg 517w, https:\/\/bien-etreiris.ch\/wp-content\/uploads\/2022\/12\/Basisch-in-Balance-241x300.jpg 241w\" sizes=\"auto, (max-width: 445px) 100vw, 445px\" \/><\/a><\/strong><\/h4>\n<h4>&nbsp;<\/h4>\n<h4>&nbsp;<\/h4>\n<h4>&nbsp;<\/h4>\n<h4>&nbsp;<\/h4>\n<h4>&nbsp;<\/h4>\n<h4><strong>Basisch in Balance<\/strong><\/h4>\n<p>Es ist der Wunsch von uns allen, Gesundheit, Sch\u00f6nheit sowie k\u00f6rperliche und geistige Leistungsf\u00e4higkeit ein Leben lang zu bewahren. Die heutigen Ern\u00e4hrungs- und Lebensgewohnheiten, gepaart mit Stress und Umwelteinfl\u00fcssen, lassen uns aber zunehmend in die \u00dcbers\u00e4uerung geraten. Ein ausbalancierter S\u00e4ure-Basen-Haushalt stellt jedoch die Grundlage f\u00fcr dauerhafte Gesundheit, Attraktivit\u00e4t und Vitalit\u00e4t dar.<\/p>\n<p>Jentschuras BasenKur setzt sich aus der gezielten Kombination der Produkte&nbsp;<strong>7x7Kr\u00e4uterTee, WurzelKraft<\/strong>&nbsp;und&nbsp;<strong>MeineBase&nbsp;<\/strong>zusammen und ist mit seinem Dreisprung der Entschlackung ein seit Langem bew\u00e4hrtes Kurkonzept f\u00fcr mehr Vitalit\u00e4t und Wohlbefinden. Durch die gezielte Anwendung der drei Produkte \u00fcber die Dauer von vier Wochen gelingt es jedem, seine pers\u00f6nlichen Ziele ganz nat\u00fcrlich zu erreichen.<\/p>\n<\/section>\n<p>&nbsp;<\/p>\n<p>&nbsp;<\/p>\n<h4><strong>Der 4-Wochen-Erfolgsplan<\/strong><\/h4>\n<h4><strong>Mit P.&nbsp;Jentschura basisch leicht an Ihr Ziel<\/strong><\/h4>\n<p>&nbsp;<\/p>\n<table>\n<thead>\n<tr>\n<td><strong>Tag<\/strong><\/td>\n<td><strong>Sport<\/strong><\/td>\n<td><strong>7x7 Kr\u00e4uterTee<\/strong><\/td>\n<td><strong>WurzelKraft<\/strong><\/td>\n<td><strong>MeineBase&nbsp;(Basische Anwendungen)<\/strong><\/td>\n<\/tr>\n<\/thead>\n<tbody>\n<tr>\n<td>1<\/td>\n<td>&nbsp;<\/td>\n<td>\u00bc Liter<\/td>\n<td>3 x 1 TL<\/td>\n<td>basische Dusche\/basisches Peeling<br \/>\nVollbad<\/td>\n<\/tr>\n<tr>\n<td>2<\/td>\n<td>&nbsp;<\/td>\n<td>\u00bc Liter<\/td>\n<td>3 x 1 TL<\/td>\n<td>basische Dusche\/basisches Peeling<br \/>\nFussbad<\/td>\n<\/tr>\n<tr>\n<td>3<\/td>\n<td>X<\/td>\n<td>\u00bc Liter<\/td>\n<td>3 x 1 TL<\/td>\n<td>basische Dusche\/basisches Peeling<br \/>\nVollbad<\/td>\n<\/tr>\n<tr>\n<td>4<\/td>\n<td>&nbsp;<\/td>\n<td>\u00bd Liter<\/td>\n<td>3 x 2 TL<\/td>\n<td>basische Dusche\/basisches Peeling<br \/>\nFussbad<\/td>\n<\/tr>\n<tr>\n<td>5<\/td>\n<td>&nbsp;<\/td>\n<td>\u00bd Liter<\/td>\n<td>3 x 2 TL<\/td>\n<td>basische Dusche\/basisches Peeling<br \/>\nFussbad<\/td>\n<\/tr>\n<tr>\n<td>6<\/td>\n<td>X<\/td>\n<td>\u00bd Liter<\/td>\n<td>3 x 2 TL<\/td>\n<td>basische Dusche\/basisches Peeling<br \/>\nVollbad<\/td>\n<\/tr>\n<tr>\n<td>7<\/td>\n<td>&nbsp;<\/td>\n<td>\u00bd \u2013 1 Liter<br \/>\noder mehr<\/td>\n<td>3 x 2 TL<br \/>\noder mehr<\/td>\n<td>basische Dusche\/basisches Peeling<br \/>\nFussbad<\/td>\n<\/tr>\n<tr>\n<td>folgende Wochen<\/td>\n<td>mind.<br \/>\n3 x<br \/>\nw\u00f6chentl.<\/td>\n<td>tgl. 1 Liter<br \/>\noder mehr<br \/>\nvon Anfang an<br \/>\ntgl. 1 \u2013 1 \u00bd Liter<br \/>\nStilles Wasser trinken<\/td>\n<td>tgl. 3 x 2 TL<br \/>\noder mehr<br \/>\nje mehr Tee,<br \/>\ndesto mehr<br \/>\n<strong>WurzelKraft<\/strong><br \/>\nund basische<br \/>\nK\u00f6rperpflege<\/td>\n<td>tgl. basische Dusche\/basisches Peeling und Fuss- oder Vollbad<br \/>\n(an Trainingstagen Vollb\u00e4der)<br \/>\nKeine Vollb\u00e4der m\u00f6glich?<br \/>\nMehr Fussb\u00e4der, basische Duschen, <strong>BasischeStr\u00fcmpfe<\/strong>&nbsp;und&nbsp;<strong>BasischeStulpen<\/strong>&nbsp;usw. anwenden<br \/>\nFuss- und Vollb\u00e4der bei 37 \u2013 38 \u00b0C<br \/>\nf\u00fcr mindestens 30 Minuten<br \/>\n\u2013 je l\u00e4nger, desto besser<\/td>\n<\/tr>\n<\/tbody>\n<\/table>\n<h4>&nbsp;<\/h4>\n<h4><strong>F\u00fcr 4 Wochen wird ben\u00f6tigt<\/strong><\/h4>\n<p>Lebensmittel je nach den gew\u00fcnschten Rezepten<\/p>\n<p>&nbsp;<\/p>\n<ul>\n<li>100 g <a href=\"https:\/\/bien-etreiris.ch\/presentations-des-produits\/remedes-naturels\/equilibre-acido-basique\/7-x-7-alca-plantes\/\"><strong><span style=\"color: #ff9900;\">7x7 oder 50 Beutel AlcaPflanzen<\/span><\/strong><\/a><\/li>\n<li>660 g <a href=\"https:\/\/bien-etreiris.ch\/presentations-des-produits\/remedes-naturels\/equilibre-acido-basique\/alcavie\/\"><strong><span style=\"color: #ff9900;\">AlcaVie<\/span><\/strong><\/a><\/li>\n<li>750 g <a href=\"https:\/\/bien-etreiris.ch\/presentations-des-produits\/remedes-naturels\/equilibre-acido-basique\/alca-bain\/\"><strong><span style=\"color: #ff9900;\">AlcaBad<\/span><\/strong><\/a><\/li>\n<li>250 ml <a href=\"https:\/\/bien-etreiris.ch\/presentations-des-produits\/remedes-naturels\/equilibre-acido-basique\/alca-douche\/\"><strong><span style=\"color: #ff9900;\">AlcaDusche<\/span><\/strong><\/a><\/li>\n<li>1000 g <a href=\"https:\/\/bien-etreiris.ch\/presentations-des-produits\/remedes-naturels\/equilibre-acido-basique\/alca-matin\/\"><span style=\"color: #ff9900;\">AlcaMatin<\/span><\/a><\/li>\n<li>800 g <span style=\"color: #ff9900;\"><a style=\"color: #ff9900;\" href=\"https:\/\/bien-etreiris.ch\/presentations-des-produits\/remedes-naturels\/equilibre-acido-basique\/alca-menu\/\"><strong>AlcaMenu<\/strong><\/a><\/span><\/li>\n<\/ul>\n<p>&nbsp;<\/p>\n<section class=\"container themenwelt-one-column\">\n<h4><strong>F\u00fcr den besonderen Erfolg<\/strong><\/h4>\n<ul>\n<li><strong>MiraVera<\/strong>&nbsp;\u2013 Hautwasser mit Sauerstoff und \u00e4therischen \u00d6len<\/li>\n<li>P.&nbsp;Jentschura B\u00fcrsten:&nbsp;<strong>EnergieB\u00fcrste&nbsp;f<\/strong>\u00fcr die Trockenb\u00fcrstung,&nbsp;<strong>Badeb\u00fcrste&nbsp;<\/strong>f\u00fcr die basischen B\u00e4der,&nbsp;<strong>K\u00f6rperb\u00fcrste<\/strong>&nbsp;f\u00fcr die basische Dusche<\/li>\n<li><strong>Einlaufger\u00e4t <\/strong>(1 \u2013 2 x pro Monat, in einer Kur auch einmal pro Woche)<\/li>\n<\/ul>\n<p>&nbsp;<\/p>\n<p><strong>Die 3 Kurvarianten<\/strong><\/p>\n<p><strong>Zum Formen, zum Kr\u00e4ftigen &amp; zum Fasten<\/strong><\/p>\n<p>Jentschuras BasenKur bringt Sie wieder in die Balance und kann jederzeit durchgef\u00fchrt werden. Je nach pers\u00f6nlicher Zielsetzung ist es besonders effektiv und nachhaltig, wenn diese mit gezielter Bewegung und Ern\u00e4hrung kombiniert wird. Sie k\u00f6nnen die Leber und die Nieren zus\u00e4tzlich entlasten, indem Sie gezielt den Basischen LeibWickel, unsere <strong>BasischenStr\u00fcmpfe<\/strong>&nbsp;sowie unsere Trocken- und Nassb\u00fcrsten verwenden.<\/p>\n<h4><strong>Die Kur zum Formen<\/strong><\/h4>\n<p>Die Ern\u00e4hrung zum Formen, bringt die gute Figur zum Vorschein! Das Gewebe wird entlastet, gest\u00e4rkt und gestrafft. Basisch bestens versorgt, werden Konturen sichtbar und die Leistungsf\u00e4higkeit gesteigert.<\/p>\n<h4><strong>Ihre Vorteile auf einen Blick<\/strong><\/h4>\n<ul>\n<li>Wunschfigur erreichen und erhalten<\/li>\n<li>genussvoll satt essen, ohne Kalorien zu z\u00e4hlen<\/li>\n<li>beugt dem Jo-Jo-Effekt vor<\/li>\n<li>strafft und st\u00e4rkt das Gewebe<\/li>\n<\/ul>\n<p>&nbsp;<\/p>\n<h4><strong>Die Kur zum Kr\u00e4ftigen<\/strong><\/h4>\n<p>Die Ern\u00e4hrung zum Kr\u00e4ftigen entlastet den Organismus! Hierbei werden die k\u00f6rpereigenen Mineralstoffspeicher wieder aufgef\u00fcllt und Zellen, Gewebe und Organe gest\u00e4rkt. Gleichzeitig wird das Immunsystem gest\u00e4rkt.<\/p>\n<p><strong>Ihre Vorteile auf einen Blick<\/strong><\/p>\n<ul>\n<li>entlastend<\/li>\n<li>vitalisierend und kr\u00e4ftigend<\/li>\n<li>schafft Ausgleich von s\u00e4urelastigen Ern\u00e4hrungsgewohnheiten, Stress etc.<\/li>\n<li>vor oder auch anstelle einer Fastenkur, z. B. bei vorliegenden Zivilisationserkrankungen<\/li>\n<li>verbessert die Verdauung, entstaut und sorgt f\u00fcr mehr Beweglichkeit<\/li>\n<\/ul>\n<p>&nbsp;<\/p>\n<h4><strong>Die Fastenkur<\/strong><\/h4>\n<p>Gewinn durch Verzicht! Fasten ist die intensivste Form der inneren Reinigung und Entlastung. Fasten bietet die M\u00f6glichkeit, bewusst zur Ruhe zu kommen und zu \u201eEntschleunigen\u201c, die Gedanken zu kl\u00e4ren, alte Gewohnheiten zu \u00fcberdenken und sich neue Ziele zu setzen.<\/p>\n<h4><strong>Ihre Vorteile auf einen Blick<\/strong><\/h4>\n<ul>\n<li>bewusst vom Alltag abschalten<\/li>\n<li>sich von s\u00e4urehaltigen Ern\u00e4hrungs- und Lebensgewohnheiten befreien<\/li>\n<li>den K\u00f6rper und den Darm entlasten<\/li>\n<li>einige Pfunde purzeln lassen<\/li>\n<li>neue Leichtigkeit und Vitalit\u00e4t erlangen<\/li>\n<\/ul>\n<p>&nbsp;<\/p>\n<h4><strong>Die 80:20-Regel<\/strong><\/h4>\n<p>W\u00e4hrend Jentschuras BasenKur empfehlen wir eine Ern\u00e4hrung nach der 80:20-Regel (siehe dazu unsere Themenwelt <strong>Basische Ern\u00e4hrung<\/strong>). Zudem sind ausreichend Bewegung und Entspannungsmomente wichtige Bestandteile in dieser Zeit.<\/p>\n<h4><strong>Lese-Tipp:<\/strong><\/h4>\n<p><iframe loading=\"lazy\" title=\"Gesundheitsproblem \u201e\u00dcbers\u00e4uerung\u201c \u2013 was ist das und was kannst Du dagegen tun?\" width=\"604\" height=\"340\" src=\"https:\/\/www.youtube.com\/embed\/9aTYkSPfWo4?feature=oembed\" frameborder=\"0\" allow=\"accelerometer; autoplay; clipboard-write; encrypted-media; gyroscope; picture-in-picture; web-share\" referrerpolicy=\"strict-origin-when-cross-origin\" allowfullscreen><\/iframe><\/p>\n<\/section>\n<\/div>\n<div class=\"row\">&nbsp;<\/div>\n<\/div>\n<\/div>\n<\/div>\n","protected":false},"excerpt":{"rendered":"<p>Jentschuras BasenKur F\u00fcr Gesundheit, Sch\u00f6nheit und Leistungsf\u00e4higkeit Ein ausbalancierter S\u00e4ure-Basen-Haushalt stellt die Grundlage f\u00fcr dauerhafte Gesundheit, Attraktivit\u00e4t und Vitalit\u00e4t dar. Das \u201eBeauty &amp; Healthcare\u201c-Konzept \u201eJentschuras BasenKur\u201c ist der Schl\u00fcssel zu Ihrer S\u00e4ure-Basen-Balance und der Wegweiser zur innerlichen und \u00e4usserlichen Zufriedenheit. &nbsp; &nbsp; &nbsp; &nbsp; &nbsp; &nbsp; Basisch in Balance Es ist der Wunsch von uns allen, Gesundheit, Sch\u00f6nheit sowie k\u00f6rperliche&nbsp;<a href=\"https:\/\/bien-etreiris.ch\/de\/ratgeber-klarheit-beratung\/natuerliche-heilmittel\/vorbeugen-ankurbeln\/entsaeuerung\/basen-kur\/\" class=\"read-more\">Weiter lesen<\/a><\/p>\n","protected":false},"author":1,"featured_media":55728,"parent":86677,"menu_order":1819,"comment_status":"closed","ping_status":"closed","template":"page-with-child.php","meta":{"_acf_changed":false,"ngg_post_thumbnail":0,"footnotes":""},"class_list":["post-86712","page","type-page","status-publish","has-post-thumbnail","hentry"],"acf":[],"yoast_head":"<!-- This site is optimized with the Yoast SEO plugin v27.5 - https:\/\/yoast.com\/product\/yoast-seo-wordpress\/ -->\n<title>BASEN KUR - WOHLBEFINDEN<\/title>\n<meta name=\"robots\" content=\"index, follow, max-snippet:-1, max-image-preview:large, max-video-preview:-1\" \/>\n<link rel=\"canonical\" href=\"https:\/\/bien-etreiris.ch\/de\/ratgeber-klarheit-beratung\/natuerliche-heilmittel\/vorbeugen-ankurbeln\/entsaeuerung\/basen-kur\/\" \/>\n<meta property=\"og:locale\" content=\"de_DE\" \/>\n<meta property=\"og:type\" content=\"article\" \/>\n<meta property=\"og:title\" content=\"BASEN KUR - WOHLBEFINDEN\" \/>\n<meta property=\"og:description\" content=\"Jentschuras BasenKur F\u00fcr Gesundheit, Sch\u00f6nheit und Leistungsf\u00e4higkeit Ein ausbalancierter S\u00e4ure-Basen-Haushalt stellt die Grundlage f\u00fcr dauerhafte Gesundheit, Attraktivit\u00e4t und Vitalit\u00e4t dar. Das \u201eBeauty &amp; Healthcare\u201c-Konzept \u201eJentschuras BasenKur\u201c ist der Schl\u00fcssel zu Ihrer S\u00e4ure-Basen-Balance und der Wegweiser zur innerlichen und \u00e4usserlichen Zufriedenheit. &nbsp; &nbsp; &nbsp; &nbsp; &nbsp; &nbsp; Basisch in Balance Es ist der Wunsch von uns allen, Gesundheit, Sch\u00f6nheit sowie k\u00f6rperliche&nbsp;Weiter lesen\" \/>\n<meta property=\"og:url\" content=\"https:\/\/bien-etreiris.ch\/de\/ratgeber-klarheit-beratung\/natuerliche-heilmittel\/vorbeugen-ankurbeln\/entsaeuerung\/basen-kur\/\" \/>\n<meta property=\"og:site_name\" content=\"WOHLBEFINDEN\" \/>\n<meta property=\"article:publisher\" content=\"https:\/\/www.facebook.com\/bienetreiris\/\" \/>\n<meta property=\"article:modified_time\" content=\"2024-08-05T10:30:17+00:00\" \/>\n<meta property=\"og:image\" content=\"https:\/\/bien-etreiris.ch\/wp-content\/uploads\/2022\/05\/Acceuil.jpg\" \/>\n\t<meta property=\"og:image:width\" content=\"500\" \/>\n\t<meta property=\"og:image:height\" content=\"332\" \/>\n\t<meta property=\"og:image:type\" content=\"image\/jpeg\" \/>\n<meta name=\"twitter:label1\" content=\"Gesch\u00e4tzte Lesezeit\" \/>\n\t<meta name=\"twitter:data1\" content=\"5\u00a0Minuten\" \/>\n<script type=\"application\/ld+json\" class=\"yoast-schema-graph\">{\"@context\":\"https:\\\/\\\/schema.org\",\"@graph\":[{\"@type\":\"WebPage\",\"@id\":\"https:\\\/\\\/bien-etreiris.ch\\\/de\\\/ratgeber-klarheit-beratung\\\/natuerliche-heilmittel\\\/vorbeugen-ankurbeln\\\/entsaeuerung\\\/basen-kur\\\/\",\"url\":\"https:\\\/\\\/bien-etreiris.ch\\\/de\\\/ratgeber-klarheit-beratung\\\/natuerliche-heilmittel\\\/vorbeugen-ankurbeln\\\/entsaeuerung\\\/basen-kur\\\/\",\"name\":\"BASEN KUR - WOHLBEFINDEN\",\"isPartOf\":{\"@id\":\"https:\\\/\\\/bien-etreiris.ch\\\/de\\\/#website\"},\"primaryImageOfPage\":{\"@id\":\"https:\\\/\\\/bien-etreiris.ch\\\/de\\\/ratgeber-klarheit-beratung\\\/natuerliche-heilmittel\\\/vorbeugen-ankurbeln\\\/entsaeuerung\\\/basen-kur\\\/#primaryimage\"},\"image\":{\"@id\":\"https:\\\/\\\/bien-etreiris.ch\\\/de\\\/ratgeber-klarheit-beratung\\\/natuerliche-heilmittel\\\/vorbeugen-ankurbeln\\\/entsaeuerung\\\/basen-kur\\\/#primaryimage\"},\"thumbnailUrl\":\"https:\\\/\\\/bien-etreiris.ch\\\/wp-content\\\/uploads\\\/2022\\\/05\\\/Acceuil.jpg\",\"datePublished\":\"2024-08-05T08:45:20+00:00\",\"dateModified\":\"2024-08-05T10:30:17+00:00\",\"breadcrumb\":{\"@id\":\"https:\\\/\\\/bien-etreiris.ch\\\/de\\\/ratgeber-klarheit-beratung\\\/natuerliche-heilmittel\\\/vorbeugen-ankurbeln\\\/entsaeuerung\\\/basen-kur\\\/#breadcrumb\"},\"inLanguage\":\"de\",\"potentialAction\":[{\"@type\":\"ReadAction\",\"target\":[\"https:\\\/\\\/bien-etreiris.ch\\\/de\\\/ratgeber-klarheit-beratung\\\/natuerliche-heilmittel\\\/vorbeugen-ankurbeln\\\/entsaeuerung\\\/basen-kur\\\/\"]}]},{\"@type\":\"ImageObject\",\"inLanguage\":\"de\",\"@id\":\"https:\\\/\\\/bien-etreiris.ch\\\/de\\\/ratgeber-klarheit-beratung\\\/natuerliche-heilmittel\\\/vorbeugen-ankurbeln\\\/entsaeuerung\\\/basen-kur\\\/#primaryimage\",\"url\":\"https:\\\/\\\/bien-etreiris.ch\\\/wp-content\\\/uploads\\\/2022\\\/05\\\/Acceuil.jpg\",\"contentUrl\":\"https:\\\/\\\/bien-etreiris.ch\\\/wp-content\\\/uploads\\\/2022\\\/05\\\/Acceuil.jpg\",\"width\":500,\"height\":332},{\"@type\":\"BreadcrumbList\",\"@id\":\"https:\\\/\\\/bien-etreiris.ch\\\/de\\\/ratgeber-klarheit-beratung\\\/natuerliche-heilmittel\\\/vorbeugen-ankurbeln\\\/entsaeuerung\\\/basen-kur\\\/#breadcrumb\",\"itemListElement\":[{\"@type\":\"ListItem\",\"position\":1,\"name\":\"Home\",\"item\":\"https:\\\/\\\/bien-etreiris.ch\\\/de\\\/\"},{\"@type\":\"ListItem\",\"position\":2,\"name\":\"RATGEBER &#038; KLARHEIT\",\"item\":\"https:\\\/\\\/bien-etreiris.ch\\\/de\\\/ratgeber-klarheit-beratung\\\/\"},{\"@type\":\"ListItem\",\"position\":3,\"name\":\"NAT\u00dcRLICHE SUBSTANZEN\",\"item\":\"https:\\\/\\\/bien-etreiris.ch\\\/de\\\/ratgeber-klarheit-beratung\\\/natuerliche-heilmittel\\\/\"},{\"@type\":\"ListItem\",\"position\":4,\"name\":\"VORBEUGEN &#8211; ANKURBELN\",\"item\":\"https:\\\/\\\/bien-etreiris.ch\\\/de\\\/ratgeber-klarheit-beratung\\\/natuerliche-heilmittel\\\/vorbeugen-ankurbeln\\\/\"},{\"@type\":\"ListItem\",\"position\":5,\"name\":\"ENTS\u00c4UERUNG\",\"item\":\"https:\\\/\\\/bien-etreiris.ch\\\/de\\\/ratgeber-klarheit-beratung\\\/natuerliche-heilmittel\\\/vorbeugen-ankurbeln\\\/entsaeuerung\\\/\"},{\"@type\":\"ListItem\",\"position\":6,\"name\":\"BASEN KUR\"}]},{\"@type\":\"WebSite\",\"@id\":\"https:\\\/\\\/bien-etreiris.ch\\\/de\\\/#website\",\"url\":\"https:\\\/\\\/bien-etreiris.ch\\\/de\\\/\",\"name\":\"Bien-\u00eatre Iris\",\"description\":\"IHRE Gesundheit ist uns wichtig\",\"potentialAction\":[{\"@type\":\"SearchAction\",\"target\":{\"@type\":\"EntryPoint\",\"urlTemplate\":\"https:\\\/\\\/bien-etreiris.ch\\\/de\\\/?s={search_term_string}\"},\"query-input\":{\"@type\":\"PropertyValueSpecification\",\"valueRequired\":true,\"valueName\":\"search_term_string\"}}],\"inLanguage\":\"de\"}]}<\/script>\n<!-- \/ Yoast SEO plugin. -->","yoast_head_json":{"title":"BASEN KUR - WOHLBEFINDEN","robots":{"index":"index","follow":"follow","max-snippet":"max-snippet:-1","max-image-preview":"max-image-preview:large","max-video-preview":"max-video-preview:-1"},"canonical":"https:\/\/bien-etreiris.ch\/de\/ratgeber-klarheit-beratung\/natuerliche-heilmittel\/vorbeugen-ankurbeln\/entsaeuerung\/basen-kur\/","og_locale":"de_DE","og_type":"article","og_title":"BASEN KUR - WOHLBEFINDEN","og_description":"Jentschuras BasenKur F\u00fcr Gesundheit, Sch\u00f6nheit und Leistungsf\u00e4higkeit Ein ausbalancierter S\u00e4ure-Basen-Haushalt stellt die Grundlage f\u00fcr dauerhafte Gesundheit, Attraktivit\u00e4t und Vitalit\u00e4t dar. Das \u201eBeauty &amp; Healthcare\u201c-Konzept \u201eJentschuras BasenKur\u201c ist der Schl\u00fcssel zu Ihrer S\u00e4ure-Basen-Balance und der Wegweiser zur innerlichen und \u00e4usserlichen Zufriedenheit. &nbsp; &nbsp; &nbsp; &nbsp; &nbsp; &nbsp; Basisch in Balance Es ist der Wunsch von uns allen, Gesundheit, Sch\u00f6nheit sowie k\u00f6rperliche&nbsp;Weiter lesen","og_url":"https:\/\/bien-etreiris.ch\/de\/ratgeber-klarheit-beratung\/natuerliche-heilmittel\/vorbeugen-ankurbeln\/entsaeuerung\/basen-kur\/","og_site_name":"WOHLBEFINDEN","article_publisher":"https:\/\/www.facebook.com\/bienetreiris\/","article_modified_time":"2024-08-05T10:30:17+00:00","og_image":[{"width":500,"height":332,"url":"https:\/\/bien-etreiris.ch\/wp-content\/uploads\/2022\/05\/Acceuil.jpg","type":"image\/jpeg"}],"twitter_misc":{"Gesch\u00e4tzte Lesezeit":"5\u00a0Minuten"},"schema":{"@context":"https:\/\/schema.org","@graph":[{"@type":"WebPage","@id":"https:\/\/bien-etreiris.ch\/de\/ratgeber-klarheit-beratung\/natuerliche-heilmittel\/vorbeugen-ankurbeln\/entsaeuerung\/basen-kur\/","url":"https:\/\/bien-etreiris.ch\/de\/ratgeber-klarheit-beratung\/natuerliche-heilmittel\/vorbeugen-ankurbeln\/entsaeuerung\/basen-kur\/","name":"BASEN KUR - WOHLBEFINDEN","isPartOf":{"@id":"https:\/\/bien-etreiris.ch\/de\/#website"},"primaryImageOfPage":{"@id":"https:\/\/bien-etreiris.ch\/de\/ratgeber-klarheit-beratung\/natuerliche-heilmittel\/vorbeugen-ankurbeln\/entsaeuerung\/basen-kur\/#primaryimage"},"image":{"@id":"https:\/\/bien-etreiris.ch\/de\/ratgeber-klarheit-beratung\/natuerliche-heilmittel\/vorbeugen-ankurbeln\/entsaeuerung\/basen-kur\/#primaryimage"},"thumbnailUrl":"https:\/\/bien-etreiris.ch\/wp-content\/uploads\/2022\/05\/Acceuil.jpg","datePublished":"2024-08-05T08:45:20+00:00","dateModified":"2024-08-05T10:30:17+00:00","breadcrumb":{"@id":"https:\/\/bien-etreiris.ch\/de\/ratgeber-klarheit-beratung\/natuerliche-heilmittel\/vorbeugen-ankurbeln\/entsaeuerung\/basen-kur\/#breadcrumb"},"inLanguage":"de","potentialAction":[{"@type":"ReadAction","target":["https:\/\/bien-etreiris.ch\/de\/ratgeber-klarheit-beratung\/natuerliche-heilmittel\/vorbeugen-ankurbeln\/entsaeuerung\/basen-kur\/"]}]},{"@type":"ImageObject","inLanguage":"de","@id":"https:\/\/bien-etreiris.ch\/de\/ratgeber-klarheit-beratung\/natuerliche-heilmittel\/vorbeugen-ankurbeln\/entsaeuerung\/basen-kur\/#primaryimage","url":"https:\/\/bien-etreiris.ch\/wp-content\/uploads\/2022\/05\/Acceuil.jpg","contentUrl":"https:\/\/bien-etreiris.ch\/wp-content\/uploads\/2022\/05\/Acceuil.jpg","width":500,"height":332},{"@type":"BreadcrumbList","@id":"https:\/\/bien-etreiris.ch\/de\/ratgeber-klarheit-beratung\/natuerliche-heilmittel\/vorbeugen-ankurbeln\/entsaeuerung\/basen-kur\/#breadcrumb","itemListElement":[{"@type":"ListItem","position":1,"name":"Home","item":"https:\/\/bien-etreiris.ch\/de\/"},{"@type":"ListItem","position":2,"name":"RATGEBER &#038; KLARHEIT","item":"https:\/\/bien-etreiris.ch\/de\/ratgeber-klarheit-beratung\/"},{"@type":"ListItem","position":3,"name":"NAT\u00dcRLICHE SUBSTANZEN","item":"https:\/\/bien-etreiris.ch\/de\/ratgeber-klarheit-beratung\/natuerliche-heilmittel\/"},{"@type":"ListItem","position":4,"name":"VORBEUGEN &#8211; ANKURBELN","item":"https:\/\/bien-etreiris.ch\/de\/ratgeber-klarheit-beratung\/natuerliche-heilmittel\/vorbeugen-ankurbeln\/"},{"@type":"ListItem","position":5,"name":"ENTS\u00c4UERUNG","item":"https:\/\/bien-etreiris.ch\/de\/ratgeber-klarheit-beratung\/natuerliche-heilmittel\/vorbeugen-ankurbeln\/entsaeuerung\/"},{"@type":"ListItem","position":6,"name":"BASEN KUR"}]},{"@type":"WebSite","@id":"https:\/\/bien-etreiris.ch\/de\/#website","url":"https:\/\/bien-etreiris.ch\/de\/","name":"Bien-\u00eatre Iris","description":"IHRE Gesundheit ist uns wichtig","potentialAction":[{"@type":"SearchAction","target":{"@type":"EntryPoint","urlTemplate":"https:\/\/bien-etreiris.ch\/de\/?s={search_term_string}"},"query-input":{"@type":"PropertyValueSpecification","valueRequired":true,"valueName":"search_term_string"}}],"inLanguage":"de"}]}},"_links":{"self":[{"href":"https:\/\/bien-etreiris.ch\/de\/wp-json\/wp\/v2\/pages\/86712","targetHints":{"allow":["GET"]}}],"collection":[{"href":"https:\/\/bien-etreiris.ch\/de\/wp-json\/wp\/v2\/pages"}],"about":[{"href":"https:\/\/bien-etreiris.ch\/de\/wp-json\/wp\/v2\/types\/page"}],"author":[{"embeddable":true,"href":"https:\/\/bien-etreiris.ch\/de\/wp-json\/wp\/v2\/users\/1"}],"replies":[{"embeddable":true,"href":"https:\/\/bien-etreiris.ch\/de\/wp-json\/wp\/v2\/comments?post=86712"}],"version-history":[{"count":3,"href":"https:\/\/bien-etreiris.ch\/de\/wp-json\/wp\/v2\/pages\/86712\/revisions"}],"predecessor-version":[{"id":86722,"href":"https:\/\/bien-etreiris.ch\/de\/wp-json\/wp\/v2\/pages\/86712\/revisions\/86722"}],"up":[{"embeddable":true,"href":"https:\/\/bien-etreiris.ch\/de\/wp-json\/wp\/v2\/pages\/86677"}],"wp:featuredmedia":[{"embeddable":true,"href":"https:\/\/bien-etreiris.ch\/de\/wp-json\/wp\/v2\/media\/55728"}],"wp:attachment":[{"href":"https:\/\/bien-etreiris.ch\/de\/wp-json\/wp\/v2\/media?parent=86712"}],"curies":[{"name":"wp","href":"https:\/\/api.w.org\/{rel}","templated":true}]}}