{"id":86677,"date":"2024-08-05T03:31:07","date_gmt":"2024-08-05T01:31:07","guid":{"rendered":"https:\/\/bien-etreiris.ch\/desacidification\/"},"modified":"2024-08-05T10:31:15","modified_gmt":"2024-08-05T08:31:15","slug":"entsaeuerung","status":"publish","type":"page","link":"https:\/\/bien-etreiris.ch\/de\/ratgeber-klarheit-beratung\/natuerliche-heilmittel\/vorbeugen-ankurbeln\/entsaeuerung\/","title":{"rendered":"ENTS\u00c4UERUNG"},"content":{"rendered":"\n<h2 class=\"font-semibold\">Ents\u00e4uerung<\/h2>\n<div class=\"mt-2 category-teaser\">\n<h4>S\u00e4uregrad - \u00dcbers\u00e4uerung - S\u00e4uregehalt<\/h4>\n<p>Hier finden Sie Informationen zur Ents\u00e4uerung des K\u00f6rpers. Fehlern\u00e4hrung, Stress und Toxine k\u00f6nnen zu einer \u00dcbers\u00e4uerung f\u00fchren, was auf l\u00e4ngere Sicht zu chronischen Krankheiten f\u00fchren kann. Eine Ents\u00e4uerung mit basischer Ern\u00e4hrung kann Ihnen helfen, den K\u00f6rper zu entgiften und seine nat\u00fcrliche Balance wiederherzustellen. Hier finden Sie n\u00fctzliche Informationen zum Thema.<\/p>\n<\/div>\n<p>&nbsp;<\/p>\n","protected":false},"excerpt":{"rendered":"<p>Ents\u00e4uerung S\u00e4uregrad - \u00dcbers\u00e4uerung - S\u00e4uregehalt Hier finden Sie Informationen zur Ents\u00e4uerung des K\u00f6rpers. Fehlern\u00e4hrung, Stress und Toxine k\u00f6nnen zu einer \u00dcbers\u00e4uerung f\u00fchren, was auf l\u00e4ngere Sicht zu chronischen Krankheiten f\u00fchren kann. Eine Ents\u00e4uerung mit basischer Ern\u00e4hrung kann Ihnen helfen, den K\u00f6rper zu entgiften und seine nat\u00fcrliche Balance wiederherzustellen. Hier finden Sie n\u00fctzliche Informationen zum Thema. &nbsp;<\/p>\n","protected":false},"author":1,"featured_media":86674,"parent":64613,"menu_order":1826,"comment_status":"closed","ping_status":"closed","template":"page-with-child.php","meta":{"_acf_changed":false,"ngg_post_thumbnail":0,"footnotes":""},"class_list":["post-86677","page","type-page","status-publish","has-post-thumbnail","hentry"],"acf":[],"yoast_head":"<!-- This site is optimized with the Yoast SEO plugin v27.5 - https:\/\/yoast.com\/product\/yoast-seo-wordpress\/ -->\n<title>ENTS\u00c4UERUNG - WOHLBEFINDEN<\/title>\n<meta name=\"robots\" content=\"index, follow, max-snippet:-1, max-image-preview:large, max-video-preview:-1\" \/>\n<link rel=\"canonical\" href=\"https:\/\/bien-etreiris.ch\/de\/ratgeber-klarheit-beratung\/natuerliche-heilmittel\/vorbeugen-ankurbeln\/entsaeuerung\/\" \/>\n<meta property=\"og:locale\" content=\"de_DE\" \/>\n<meta property=\"og:type\" content=\"article\" \/>\n<meta property=\"og:title\" content=\"ENTS\u00c4UERUNG - WOHLBEFINDEN\" \/>\n<meta property=\"og:description\" content=\"Ents\u00e4uerung S\u00e4uregrad - \u00dcbers\u00e4uerung - S\u00e4uregehalt Hier finden Sie Informationen zur Ents\u00e4uerung des K\u00f6rpers. Fehlern\u00e4hrung, Stress und Toxine k\u00f6nnen zu einer \u00dcbers\u00e4uerung f\u00fchren, was auf l\u00e4ngere Sicht zu chronischen Krankheiten f\u00fchren kann. Eine Ents\u00e4uerung mit basischer Ern\u00e4hrung kann Ihnen helfen, den K\u00f6rper zu entgiften und seine nat\u00fcrliche Balance wiederherzustellen. Hier finden Sie n\u00fctzliche Informationen zum Thema. &nbsp;\" \/>\n<meta property=\"og:url\" content=\"https:\/\/bien-etreiris.ch\/de\/ratgeber-klarheit-beratung\/natuerliche-heilmittel\/vorbeugen-ankurbeln\/entsaeuerung\/\" \/>\n<meta property=\"og:site_name\" content=\"WOHLBEFINDEN\" \/>\n<meta property=\"article:publisher\" content=\"https:\/\/www.facebook.com\/bienetreiris\/\" \/>\n<meta property=\"article:modified_time\" content=\"2024-08-05T08:31:15+00:00\" \/>\n<meta property=\"og:image\" content=\"https:\/\/bien-etreiris.ch\/wp-content\/uploads\/2024\/08\/acceuil-acitide.jpg\" \/>\n\t<meta property=\"og:image:width\" content=\"500\" \/>\n\t<meta property=\"og:image:height\" content=\"333\" \/>\n\t<meta property=\"og:image:type\" content=\"image\/jpeg\" \/>\n<meta name=\"twitter:label1\" content=\"Gesch\u00e4tzte Lesezeit\" \/>\n\t<meta name=\"twitter:data1\" content=\"1\u00a0Minute\" \/>\n<script type=\"application\/ld+json\" class=\"yoast-schema-graph\">{\"@context\":\"https:\\\/\\\/schema.org\",\"@graph\":[{\"@type\":\"WebPage\",\"@id\":\"https:\\\/\\\/bien-etreiris.ch\\\/de\\\/ratgeber-klarheit-beratung\\\/natuerliche-heilmittel\\\/vorbeugen-ankurbeln\\\/entsaeuerung\\\/\",\"url\":\"https:\\\/\\\/bien-etreiris.ch\\\/de\\\/ratgeber-klarheit-beratung\\\/natuerliche-heilmittel\\\/vorbeugen-ankurbeln\\\/entsaeuerung\\\/\",\"name\":\"ENTS\u00c4UERUNG - WOHLBEFINDEN\",\"isPartOf\":{\"@id\":\"https:\\\/\\\/bien-etreiris.ch\\\/de\\\/#website\"},\"primaryImageOfPage\":{\"@id\":\"https:\\\/\\\/bien-etreiris.ch\\\/de\\\/ratgeber-klarheit-beratung\\\/natuerliche-heilmittel\\\/vorbeugen-ankurbeln\\\/entsaeuerung\\\/#primaryimage\"},\"image\":{\"@id\":\"https:\\\/\\\/bien-etreiris.ch\\\/de\\\/ratgeber-klarheit-beratung\\\/natuerliche-heilmittel\\\/vorbeugen-ankurbeln\\\/entsaeuerung\\\/#primaryimage\"},\"thumbnailUrl\":\"https:\\\/\\\/bien-etreiris.ch\\\/wp-content\\\/uploads\\\/2024\\\/08\\\/acceuil-acitide.jpg\",\"datePublished\":\"2024-08-05T01:31:07+00:00\",\"dateModified\":\"2024-08-05T08:31:15+00:00\",\"breadcrumb\":{\"@id\":\"https:\\\/\\\/bien-etreiris.ch\\\/de\\\/ratgeber-klarheit-beratung\\\/natuerliche-heilmittel\\\/vorbeugen-ankurbeln\\\/entsaeuerung\\\/#breadcrumb\"},\"inLanguage\":\"de\",\"potentialAction\":[{\"@type\":\"ReadAction\",\"target\":[\"https:\\\/\\\/bien-etreiris.ch\\\/de\\\/ratgeber-klarheit-beratung\\\/natuerliche-heilmittel\\\/vorbeugen-ankurbeln\\\/entsaeuerung\\\/\"]}]},{\"@type\":\"ImageObject\",\"inLanguage\":\"de\",\"@id\":\"https:\\\/\\\/bien-etreiris.ch\\\/de\\\/ratgeber-klarheit-beratung\\\/natuerliche-heilmittel\\\/vorbeugen-ankurbeln\\\/entsaeuerung\\\/#primaryimage\",\"url\":\"https:\\\/\\\/bien-etreiris.ch\\\/wp-content\\\/uploads\\\/2024\\\/08\\\/acceuil-acitide.jpg\",\"contentUrl\":\"https:\\\/\\\/bien-etreiris.ch\\\/wp-content\\\/uploads\\\/2024\\\/08\\\/acceuil-acitide.jpg\",\"width\":500,\"height\":333},{\"@type\":\"BreadcrumbList\",\"@id\":\"https:\\\/\\\/bien-etreiris.ch\\\/de\\\/ratgeber-klarheit-beratung\\\/natuerliche-heilmittel\\\/vorbeugen-ankurbeln\\\/entsaeuerung\\\/#breadcrumb\",\"itemListElement\":[{\"@type\":\"ListItem\",\"position\":1,\"name\":\"Home\",\"item\":\"https:\\\/\\\/bien-etreiris.ch\\\/de\\\/\"},{\"@type\":\"ListItem\",\"position\":2,\"name\":\"RATGEBER &#038; KLARHEIT\",\"item\":\"https:\\\/\\\/bien-etreiris.ch\\\/de\\\/ratgeber-klarheit-beratung\\\/\"},{\"@type\":\"ListItem\",\"position\":3,\"name\":\"NAT\u00dcRLICHE SUBSTANZEN\",\"item\":\"https:\\\/\\\/bien-etreiris.ch\\\/de\\\/ratgeber-klarheit-beratung\\\/natuerliche-heilmittel\\\/\"},{\"@type\":\"ListItem\",\"position\":4,\"name\":\"VORBEUGEN &#8211; ANKURBELN\",\"item\":\"https:\\\/\\\/bien-etreiris.ch\\\/de\\\/ratgeber-klarheit-beratung\\\/natuerliche-heilmittel\\\/vorbeugen-ankurbeln\\\/\"},{\"@type\":\"ListItem\",\"position\":5,\"name\":\"ENTS\u00c4UERUNG\"}]},{\"@type\":\"WebSite\",\"@id\":\"https:\\\/\\\/bien-etreiris.ch\\\/de\\\/#website\",\"url\":\"https:\\\/\\\/bien-etreiris.ch\\\/de\\\/\",\"name\":\"Bien-\u00eatre Iris\",\"description\":\"IHRE Gesundheit ist uns wichtig\",\"potentialAction\":[{\"@type\":\"SearchAction\",\"target\":{\"@type\":\"EntryPoint\",\"urlTemplate\":\"https:\\\/\\\/bien-etreiris.ch\\\/de\\\/?s={search_term_string}\"},\"query-input\":{\"@type\":\"PropertyValueSpecification\",\"valueRequired\":true,\"valueName\":\"search_term_string\"}}],\"inLanguage\":\"de\"}]}<\/script>\n<!-- \/ Yoast SEO plugin. -->","yoast_head_json":{"title":"ENTS\u00c4UERUNG - WOHLBEFINDEN","robots":{"index":"index","follow":"follow","max-snippet":"max-snippet:-1","max-image-preview":"max-image-preview:large","max-video-preview":"max-video-preview:-1"},"canonical":"https:\/\/bien-etreiris.ch\/de\/ratgeber-klarheit-beratung\/natuerliche-heilmittel\/vorbeugen-ankurbeln\/entsaeuerung\/","og_locale":"de_DE","og_type":"article","og_title":"ENTS\u00c4UERUNG - WOHLBEFINDEN","og_description":"Ents\u00e4uerung S\u00e4uregrad - \u00dcbers\u00e4uerung - S\u00e4uregehalt Hier finden Sie Informationen zur Ents\u00e4uerung des K\u00f6rpers. Fehlern\u00e4hrung, Stress und Toxine k\u00f6nnen zu einer \u00dcbers\u00e4uerung f\u00fchren, was auf l\u00e4ngere Sicht zu chronischen Krankheiten f\u00fchren kann. Eine Ents\u00e4uerung mit basischer Ern\u00e4hrung kann Ihnen helfen, den K\u00f6rper zu entgiften und seine nat\u00fcrliche Balance wiederherzustellen. Hier finden Sie n\u00fctzliche Informationen zum Thema. &nbsp;","og_url":"https:\/\/bien-etreiris.ch\/de\/ratgeber-klarheit-beratung\/natuerliche-heilmittel\/vorbeugen-ankurbeln\/entsaeuerung\/","og_site_name":"WOHLBEFINDEN","article_publisher":"https:\/\/www.facebook.com\/bienetreiris\/","article_modified_time":"2024-08-05T08:31:15+00:00","og_image":[{"width":500,"height":333,"url":"https:\/\/bien-etreiris.ch\/wp-content\/uploads\/2024\/08\/acceuil-acitide.jpg","type":"image\/jpeg"}],"twitter_misc":{"Gesch\u00e4tzte Lesezeit":"1\u00a0Minute"},"schema":{"@context":"https:\/\/schema.org","@graph":[{"@type":"WebPage","@id":"https:\/\/bien-etreiris.ch\/de\/ratgeber-klarheit-beratung\/natuerliche-heilmittel\/vorbeugen-ankurbeln\/entsaeuerung\/","url":"https:\/\/bien-etreiris.ch\/de\/ratgeber-klarheit-beratung\/natuerliche-heilmittel\/vorbeugen-ankurbeln\/entsaeuerung\/","name":"ENTS\u00c4UERUNG - WOHLBEFINDEN","isPartOf":{"@id":"https:\/\/bien-etreiris.ch\/de\/#website"},"primaryImageOfPage":{"@id":"https:\/\/bien-etreiris.ch\/de\/ratgeber-klarheit-beratung\/natuerliche-heilmittel\/vorbeugen-ankurbeln\/entsaeuerung\/#primaryimage"},"image":{"@id":"https:\/\/bien-etreiris.ch\/de\/ratgeber-klarheit-beratung\/natuerliche-heilmittel\/vorbeugen-ankurbeln\/entsaeuerung\/#primaryimage"},"thumbnailUrl":"https:\/\/bien-etreiris.ch\/wp-content\/uploads\/2024\/08\/acceuil-acitide.jpg","datePublished":"2024-08-05T01:31:07+00:00","dateModified":"2024-08-05T08:31:15+00:00","breadcrumb":{"@id":"https:\/\/bien-etreiris.ch\/de\/ratgeber-klarheit-beratung\/natuerliche-heilmittel\/vorbeugen-ankurbeln\/entsaeuerung\/#breadcrumb"},"inLanguage":"de","potentialAction":[{"@type":"ReadAction","target":["https:\/\/bien-etreiris.ch\/de\/ratgeber-klarheit-beratung\/natuerliche-heilmittel\/vorbeugen-ankurbeln\/entsaeuerung\/"]}]},{"@type":"ImageObject","inLanguage":"de","@id":"https:\/\/bien-etreiris.ch\/de\/ratgeber-klarheit-beratung\/natuerliche-heilmittel\/vorbeugen-ankurbeln\/entsaeuerung\/#primaryimage","url":"https:\/\/bien-etreiris.ch\/wp-content\/uploads\/2024\/08\/acceuil-acitide.jpg","contentUrl":"https:\/\/bien-etreiris.ch\/wp-content\/uploads\/2024\/08\/acceuil-acitide.jpg","width":500,"height":333},{"@type":"BreadcrumbList","@id":"https:\/\/bien-etreiris.ch\/de\/ratgeber-klarheit-beratung\/natuerliche-heilmittel\/vorbeugen-ankurbeln\/entsaeuerung\/#breadcrumb","itemListElement":[{"@type":"ListItem","position":1,"name":"Home","item":"https:\/\/bien-etreiris.ch\/de\/"},{"@type":"ListItem","position":2,"name":"RATGEBER &#038; KLARHEIT","item":"https:\/\/bien-etreiris.ch\/de\/ratgeber-klarheit-beratung\/"},{"@type":"ListItem","position":3,"name":"NAT\u00dcRLICHE SUBSTANZEN","item":"https:\/\/bien-etreiris.ch\/de\/ratgeber-klarheit-beratung\/natuerliche-heilmittel\/"},{"@type":"ListItem","position":4,"name":"VORBEUGEN &#8211; ANKURBELN","item":"https:\/\/bien-etreiris.ch\/de\/ratgeber-klarheit-beratung\/natuerliche-heilmittel\/vorbeugen-ankurbeln\/"},{"@type":"ListItem","position":5,"name":"ENTS\u00c4UERUNG"}]},{"@type":"WebSite","@id":"https:\/\/bien-etreiris.ch\/de\/#website","url":"https:\/\/bien-etreiris.ch\/de\/","name":"Bien-\u00eatre Iris","description":"IHRE Gesundheit ist uns wichtig","potentialAction":[{"@type":"SearchAction","target":{"@type":"EntryPoint","urlTemplate":"https:\/\/bien-etreiris.ch\/de\/?s={search_term_string}"},"query-input":{"@type":"PropertyValueSpecification","valueRequired":true,"valueName":"search_term_string"}}],"inLanguage":"de"}]}},"_links":{"self":[{"href":"https:\/\/bien-etreiris.ch\/de\/wp-json\/wp\/v2\/pages\/86677","targetHints":{"allow":["GET"]}}],"collection":[{"href":"https:\/\/bien-etreiris.ch\/de\/wp-json\/wp\/v2\/pages"}],"about":[{"href":"https:\/\/bien-etreiris.ch\/de\/wp-json\/wp\/v2\/types\/page"}],"author":[{"embeddable":true,"href":"https:\/\/bien-etreiris.ch\/de\/wp-json\/wp\/v2\/users\/1"}],"replies":[{"embeddable":true,"href":"https:\/\/bien-etreiris.ch\/de\/wp-json\/wp\/v2\/comments?post=86677"}],"version-history":[{"count":5,"href":"https:\/\/bien-etreiris.ch\/de\/wp-json\/wp\/v2\/pages\/86677\/revisions"}],"predecessor-version":[{"id":86706,"href":"https:\/\/bien-etreiris.ch\/de\/wp-json\/wp\/v2\/pages\/86677\/revisions\/86706"}],"up":[{"embeddable":true,"href":"https:\/\/bien-etreiris.ch\/de\/wp-json\/wp\/v2\/pages\/64613"}],"wp:featuredmedia":[{"embeddable":true,"href":"https:\/\/bien-etreiris.ch\/de\/wp-json\/wp\/v2\/media\/86674"}],"wp:attachment":[{"href":"https:\/\/bien-etreiris.ch\/de\/wp-json\/wp\/v2\/media?parent=86677"}],"curies":[{"name":"wp","href":"https:\/\/api.w.org\/{rel}","templated":true}]}}