{"id":86628,"date":"2024-08-03T10:34:19","date_gmt":"2024-08-03T08:34:19","guid":{"rendered":"https:\/\/bien-etreiris.ch\/ratgeber-klarheit-beratung\/gesunder-lebensstil\/naehrstoffe\/nahrungsergaenzungmittel\/pulver-aus-pflanzen\/grenade\/"},"modified":"2024-08-05T01:48:05","modified_gmt":"2024-08-04T23:48:05","slug":"grenade","status":"publish","type":"page","link":"https:\/\/bien-etreiris.ch\/de\/produktpraesentation\/gesundes-leben\/nahrungsergaenzungsmittel\/pflanzenheilkunde-gleichgewicht-durch-heilpflanzen\/kapseln-und-pulver-auf-pflanzlicher-basis\/grenade\/","title":{"rendered":"GRENADE"},"content":{"rendered":"<h2>Extrait de Grenade Bio Vita&nbsp;<\/h2>\n<p><a href=\"https:\/\/bien-etreiris.ch\/guide-lumiere-conseil\/mode-de-vie-sain\/nutrition\/supplements\/poudres-de-plantes\/grenade\/acceuil-extrait-de-grenade\/\" rel=\"attachment wp-att-86621\"><img loading=\"lazy\" decoding=\"async\" class=\"wp-image-86621 alignleft\" src=\"https:\/\/bien-etreiris.ch\/wp-content\/uploads\/2024\/08\/acceuil-extrait-de-grenade.jpg\" alt=\"\" width=\"388\" height=\"388\" srcset=\"https:\/\/bien-etreiris.ch\/wp-content\/uploads\/2024\/08\/acceuil-extrait-de-grenade.jpg 1159w, https:\/\/bien-etreiris.ch\/wp-content\/uploads\/2024\/08\/acceuil-extrait-de-grenade-300x300.jpg 300w, https:\/\/bien-etreiris.ch\/wp-content\/uploads\/2024\/08\/acceuil-extrait-de-grenade-1024x1024.jpg 1024w, https:\/\/bien-etreiris.ch\/wp-content\/uploads\/2024\/08\/acceuil-extrait-de-grenade-150x150.jpg 150w, https:\/\/bien-etreiris.ch\/wp-content\/uploads\/2024\/08\/acceuil-extrait-de-grenade-768x769.jpg 768w\" sizes=\"auto, (max-width: 388px) 100vw, 388px\" \/><\/a><\/p>\n<h4>Contenue:<\/h4>\n<h4>150 g\u00e9lules - 75 jours d'approvisionnement<\/h4>\n<p><strong>CHF 23.90<\/strong><\/p>\n<p>&nbsp;<\/p>\n<ul>\n<li>Compl\u00e9ment alimentaire<\/li>\n<\/ul>\n<ul>\n<li><strong>Antioxydant :<\/strong> Contient des substances v\u00e9g\u00e9tales secondaires telles que les polyph\u00e9nols et les flavono\u00efdes, qui ont un effet antioxydant.<\/li>\n<li><strong>Riche en vitamines :<\/strong> Riche en vitamines C et B ainsi qu'en acide folique.<\/li>\n<li><strong>Min\u00e9raux :<\/strong> Haute teneur en potassium et en plus en calcium, fer et phosphore.<\/li>\n<li><strong>Signification culturelle :<\/strong> symbolise la fertilit\u00e9, la beaut\u00e9 et la vie \u00e9ternelle dans diff\u00e9rentes cultures et mythes.<\/li>\n<li><strong>Appr\u00e9ci\u00e9 des sportifs :<\/strong> l'extrait de grenade est un suppl\u00e9ment naturel particuli\u00e8rement appr\u00e9ci\u00e9 des sportifs.<\/li>\n<li><strong>Facile \u00e0 utiliser :<\/strong> Prise pratique gr\u00e2ce aux g\u00e9lules d'extrait de grenade, seulement deux g\u00e9lules par jour pour obtenir toute la puissance de la grenade.<\/li>\n<li><strong>Certifi\u00e9 bio<\/strong> selon la norme DE-\u00d6KO-006.<\/li>\n<li><strong>Fabriqu\u00e9 en Allemagne<\/strong>.<\/li>\n<\/ul>\n<ul>\n<li>Veuillez comparer le prix au gramme \/ au millilitre avec nos plus grands contenants.<\/li>\n<\/ul>\n<h1>&nbsp;<\/h1>\n<p>&nbsp;<\/p>\n<h4>Description<\/h4>\n<h4>Extrait de grenade Vita - un tr\u00e9sor de la nature<\/h4>\n<p>Vous \u00eates-vous d\u00e9j\u00e0 demand\u00e9 pourquoi les grenades sont actuellement tr\u00e8s \u00e0 la mode ? Il y a de nombreuses bonnes raisons \u00e0 cela. La pomme exotique contient des substances v\u00e9g\u00e9tales secondaires, comme les polyph\u00e9nols et les flavono\u00efdes, qui ont un effet antioxydant. Les grenades peuvent \u00e9galement \u00eatre utiles pour l'absorption de la vitamine C et du min\u00e9ral potassium.<\/p>\n<p>&nbsp;<\/p>\n<h4>Une composition riche en ingr\u00e9dients<\/h4>\n<p>Regardons de plus pr\u00e8s les ingr\u00e9dients : Outre les min\u00e9raux potassium, calcium, fer et phosphore, les vitamines C et B ainsi que l'acide folique en font partie. Avec 290 milligrammes de potassium pour 100 grammes, la grenade est l'un des meilleurs fournisseurs de potassium. Ce min\u00e9ral est particuli\u00e8rement important pour le corps, car il r\u00e9gule, avec le sodium, l'\u00e9quilibre hydrique et donc aussi votre tension art\u00e9rielle. De m\u00eame, la transmission des stimuli entre les nerfs ne fonctionne qu'avec suffisamment de potassium.<\/p>\n<p>&nbsp;<\/p>\n<h4>Importance culturelle et valeur historique<\/h4>\n<p>Le nom botanique de la grenade est \"Punica granatum\", ce qui r\u00e9v\u00e8le \u00e9galement l'origine du fruit : la Punie romaine, aujourd'hui la Tunisie. Dans la mythologie grecque et persane, la grenade symbolise <em><strong>la fertilit\u00e9<\/strong><\/em>, la <em><strong>beaut\u00e9<\/strong><\/em> et <em><strong>la vie \u00e9ternelle<\/strong><\/em>. Dans le bouddhisme, elle fait partie des trois \"fruits b\u00e9nis\" avec la p\u00eache et le citron.<\/p>\n<p>&nbsp;<\/p>\n<h4>Grande acceptation parmi les sportifs<\/h4>\n<p>L'extrait de grenade est un compl\u00e9ment alimentaire qui devrait en principe int\u00e9resser tous ceux qui souhaitent un suppl\u00e9ment naturel. Cet extrait est notamment tr\u00e8s appr\u00e9ci\u00e9 des sportifs.<\/p>\n<p>&nbsp;<\/p>\n<p>&nbsp;<\/p>\n\n","protected":false},"excerpt":{"rendered":"<p>Extrait de Grenade Bio Vita&nbsp; Contenue: 150 g\u00e9lules - 75 jours d'approvisionnement CHF 23.90 &nbsp; Compl\u00e9ment alimentaire Antioxydant : Contient des substances v\u00e9g\u00e9tales secondaires telles que les polyph\u00e9nols et les flavono\u00efdes, qui ont un effet antioxydant. Riche en vitamines : Riche en vitamines C et B ainsi qu'en acide folique. Min\u00e9raux : Haute teneur en potassium et en plus en&nbsp;<a href=\"https:\/\/bien-etreiris.ch\/de\/produktpraesentation\/gesundes-leben\/nahrungsergaenzungsmittel\/pflanzenheilkunde-gleichgewicht-durch-heilpflanzen\/kapseln-und-pulver-auf-pflanzlicher-basis\/grenade\/\" class=\"read-more\">Weiter lesen<\/a><\/p>\n","protected":false},"author":1,"featured_media":71252,"parent":60901,"menu_order":1829,"comment_status":"closed","ping_status":"closed","template":"page-with-child.php","meta":{"_acf_changed":false,"ngg_post_thumbnail":0,"footnotes":""},"class_list":["post-86628","page","type-page","status-publish","has-post-thumbnail","hentry"],"acf":[],"yoast_head":"<!-- This site is optimized with the Yoast SEO plugin v27.6 - https:\/\/yoast.com\/product\/yoast-seo-wordpress\/ -->\n<title>GRENADE - WOHLBEFINDEN<\/title>\n<meta name=\"robots\" content=\"index, follow, max-snippet:-1, max-image-preview:large, max-video-preview:-1\" \/>\n<link rel=\"canonical\" href=\"https:\/\/bien-etreiris.ch\/de\/produktpraesentation\/gesundes-leben\/nahrungsergaenzungsmittel\/pflanzenheilkunde-gleichgewicht-durch-heilpflanzen\/kapseln-und-pulver-auf-pflanzlicher-basis\/grenade\/\" \/>\n<meta property=\"og:locale\" content=\"de_DE\" \/>\n<meta property=\"og:type\" content=\"article\" \/>\n<meta property=\"og:title\" content=\"GRENADE - WOHLBEFINDEN\" \/>\n<meta property=\"og:description\" content=\"Extrait de Grenade Bio Vita&nbsp; Contenue: 150 g\u00e9lules - 75 jours d&#039;approvisionnement CHF 23.90 &nbsp; Compl\u00e9ment alimentaire Antioxydant : Contient des substances v\u00e9g\u00e9tales secondaires telles que les polyph\u00e9nols et les flavono\u00efdes, qui ont un effet antioxydant. Riche en vitamines : Riche en vitamines C et B ainsi qu&#039;en acide folique. Min\u00e9raux : Haute teneur en potassium et en plus en&nbsp;Weiter lesen\" \/>\n<meta property=\"og:url\" content=\"https:\/\/bien-etreiris.ch\/de\/produktpraesentation\/gesundes-leben\/nahrungsergaenzungsmittel\/pflanzenheilkunde-gleichgewicht-durch-heilpflanzen\/kapseln-und-pulver-auf-pflanzlicher-basis\/grenade\/\" \/>\n<meta property=\"og:site_name\" content=\"WOHLBEFINDEN\" \/>\n<meta property=\"article:publisher\" content=\"https:\/\/www.facebook.com\/bienetreiris\/\" \/>\n<meta property=\"article:modified_time\" content=\"2024-08-04T23:48:05+00:00\" \/>\n<meta property=\"og:image\" content=\"https:\/\/bien-etreiris.ch\/wp-content\/uploads\/2023\/06\/acceuil-grenade.jpg\" \/>\n\t<meta property=\"og:image:width\" content=\"500\" \/>\n\t<meta property=\"og:image:height\" content=\"333\" \/>\n\t<meta property=\"og:image:type\" content=\"image\/jpeg\" \/>\n<meta name=\"twitter:label1\" content=\"Gesch\u00e4tzte Lesezeit\" \/>\n\t<meta name=\"twitter:data1\" content=\"3\u00a0Minuten\" \/>\n<script type=\"application\/ld+json\" class=\"yoast-schema-graph\">{\"@context\":\"https:\\\/\\\/schema.org\",\"@graph\":[{\"@type\":\"WebPage\",\"@id\":\"https:\\\/\\\/bien-etreiris.ch\\\/de\\\/produktpraesentation\\\/gesundes-leben\\\/nahrungsergaenzungsmittel\\\/pflanzenheilkunde-gleichgewicht-durch-heilpflanzen\\\/kapseln-und-pulver-auf-pflanzlicher-basis\\\/grenade\\\/\",\"url\":\"https:\\\/\\\/bien-etreiris.ch\\\/de\\\/produktpraesentation\\\/gesundes-leben\\\/nahrungsergaenzungsmittel\\\/pflanzenheilkunde-gleichgewicht-durch-heilpflanzen\\\/kapseln-und-pulver-auf-pflanzlicher-basis\\\/grenade\\\/\",\"name\":\"GRENADE - WOHLBEFINDEN\",\"isPartOf\":{\"@id\":\"https:\\\/\\\/bien-etreiris.ch\\\/de\\\/#website\"},\"primaryImageOfPage\":{\"@id\":\"https:\\\/\\\/bien-etreiris.ch\\\/de\\\/produktpraesentation\\\/gesundes-leben\\\/nahrungsergaenzungsmittel\\\/pflanzenheilkunde-gleichgewicht-durch-heilpflanzen\\\/kapseln-und-pulver-auf-pflanzlicher-basis\\\/grenade\\\/#primaryimage\"},\"image\":{\"@id\":\"https:\\\/\\\/bien-etreiris.ch\\\/de\\\/produktpraesentation\\\/gesundes-leben\\\/nahrungsergaenzungsmittel\\\/pflanzenheilkunde-gleichgewicht-durch-heilpflanzen\\\/kapseln-und-pulver-auf-pflanzlicher-basis\\\/grenade\\\/#primaryimage\"},\"thumbnailUrl\":\"https:\\\/\\\/bien-etreiris.ch\\\/wp-content\\\/uploads\\\/2023\\\/06\\\/acceuil-grenade.jpg\",\"datePublished\":\"2024-08-03T08:34:19+00:00\",\"dateModified\":\"2024-08-04T23:48:05+00:00\",\"breadcrumb\":{\"@id\":\"https:\\\/\\\/bien-etreiris.ch\\\/de\\\/produktpraesentation\\\/gesundes-leben\\\/nahrungsergaenzungsmittel\\\/pflanzenheilkunde-gleichgewicht-durch-heilpflanzen\\\/kapseln-und-pulver-auf-pflanzlicher-basis\\\/grenade\\\/#breadcrumb\"},\"inLanguage\":\"de\",\"potentialAction\":[{\"@type\":\"ReadAction\",\"target\":[\"https:\\\/\\\/bien-etreiris.ch\\\/de\\\/produktpraesentation\\\/gesundes-leben\\\/nahrungsergaenzungsmittel\\\/pflanzenheilkunde-gleichgewicht-durch-heilpflanzen\\\/kapseln-und-pulver-auf-pflanzlicher-basis\\\/grenade\\\/\"]}]},{\"@type\":\"ImageObject\",\"inLanguage\":\"de\",\"@id\":\"https:\\\/\\\/bien-etreiris.ch\\\/de\\\/produktpraesentation\\\/gesundes-leben\\\/nahrungsergaenzungsmittel\\\/pflanzenheilkunde-gleichgewicht-durch-heilpflanzen\\\/kapseln-und-pulver-auf-pflanzlicher-basis\\\/grenade\\\/#primaryimage\",\"url\":\"https:\\\/\\\/bien-etreiris.ch\\\/wp-content\\\/uploads\\\/2023\\\/06\\\/acceuil-grenade.jpg\",\"contentUrl\":\"https:\\\/\\\/bien-etreiris.ch\\\/wp-content\\\/uploads\\\/2023\\\/06\\\/acceuil-grenade.jpg\",\"width\":500,\"height\":333},{\"@type\":\"BreadcrumbList\",\"@id\":\"https:\\\/\\\/bien-etreiris.ch\\\/de\\\/produktpraesentation\\\/gesundes-leben\\\/nahrungsergaenzungsmittel\\\/pflanzenheilkunde-gleichgewicht-durch-heilpflanzen\\\/kapseln-und-pulver-auf-pflanzlicher-basis\\\/grenade\\\/#breadcrumb\",\"itemListElement\":[{\"@type\":\"ListItem\",\"position\":1,\"name\":\"Home\",\"item\":\"https:\\\/\\\/bien-etreiris.ch\\\/de\\\/\"},{\"@type\":\"ListItem\",\"position\":2,\"name\":\"PRODUKTPR\u00c4SENTATION\",\"item\":\"https:\\\/\\\/bien-etreiris.ch\\\/de\\\/produktpraesentation\\\/\"},{\"@type\":\"ListItem\",\"position\":3,\"name\":\"GESUNDES LEBEN\",\"item\":\"https:\\\/\\\/bien-etreiris.ch\\\/de\\\/produktpraesentation\\\/gesundes-leben\\\/\"},{\"@type\":\"ListItem\",\"position\":4,\"name\":\"NAHRUNGSERG\u00c4NZUNG\",\"item\":\"https:\\\/\\\/bien-etreiris.ch\\\/de\\\/produktpraesentation\\\/gesundes-leben\\\/nahrungsergaenzungsmittel\\\/\"},{\"@type\":\"ListItem\",\"position\":5,\"name\":\"PFLANZENHEILKUNDE\",\"item\":\"https:\\\/\\\/bien-etreiris.ch\\\/de\\\/produktpraesentation\\\/gesundes-leben\\\/nahrungsergaenzungsmittel\\\/pflanzenheilkunde-gleichgewicht-durch-heilpflanzen\\\/\"},{\"@type\":\"ListItem\",\"position\":6,\"name\":\"KAPSELN &#038; PULVER\",\"item\":\"https:\\\/\\\/bien-etreiris.ch\\\/de\\\/produktpraesentation\\\/gesundes-leben\\\/nahrungsergaenzungsmittel\\\/pflanzenheilkunde-gleichgewicht-durch-heilpflanzen\\\/kapseln-und-pulver-auf-pflanzlicher-basis\\\/\"},{\"@type\":\"ListItem\",\"position\":7,\"name\":\"GRENADE\"}]},{\"@type\":\"WebSite\",\"@id\":\"https:\\\/\\\/bien-etreiris.ch\\\/de\\\/#website\",\"url\":\"https:\\\/\\\/bien-etreiris.ch\\\/de\\\/\",\"name\":\"Bien-\u00eatre Iris\",\"description\":\"IHRE Gesundheit ist uns wichtig\",\"potentialAction\":[{\"@type\":\"SearchAction\",\"target\":{\"@type\":\"EntryPoint\",\"urlTemplate\":\"https:\\\/\\\/bien-etreiris.ch\\\/de\\\/?s={search_term_string}\"},\"query-input\":{\"@type\":\"PropertyValueSpecification\",\"valueRequired\":true,\"valueName\":\"search_term_string\"}}],\"inLanguage\":\"de\"}]}<\/script>\n<!-- \/ Yoast SEO plugin. -->","yoast_head_json":{"title":"GRENADE - WOHLBEFINDEN","robots":{"index":"index","follow":"follow","max-snippet":"max-snippet:-1","max-image-preview":"max-image-preview:large","max-video-preview":"max-video-preview:-1"},"canonical":"https:\/\/bien-etreiris.ch\/de\/produktpraesentation\/gesundes-leben\/nahrungsergaenzungsmittel\/pflanzenheilkunde-gleichgewicht-durch-heilpflanzen\/kapseln-und-pulver-auf-pflanzlicher-basis\/grenade\/","og_locale":"de_DE","og_type":"article","og_title":"GRENADE - WOHLBEFINDEN","og_description":"Extrait de Grenade Bio Vita&nbsp; Contenue: 150 g\u00e9lules - 75 jours d'approvisionnement CHF 23.90 &nbsp; Compl\u00e9ment alimentaire Antioxydant : Contient des substances v\u00e9g\u00e9tales secondaires telles que les polyph\u00e9nols et les flavono\u00efdes, qui ont un effet antioxydant. Riche en vitamines : Riche en vitamines C et B ainsi qu'en acide folique. Min\u00e9raux : Haute teneur en potassium et en plus en&nbsp;Weiter lesen","og_url":"https:\/\/bien-etreiris.ch\/de\/produktpraesentation\/gesundes-leben\/nahrungsergaenzungsmittel\/pflanzenheilkunde-gleichgewicht-durch-heilpflanzen\/kapseln-und-pulver-auf-pflanzlicher-basis\/grenade\/","og_site_name":"WOHLBEFINDEN","article_publisher":"https:\/\/www.facebook.com\/bienetreiris\/","article_modified_time":"2024-08-04T23:48:05+00:00","og_image":[{"width":500,"height":333,"url":"https:\/\/bien-etreiris.ch\/wp-content\/uploads\/2023\/06\/acceuil-grenade.jpg","type":"image\/jpeg"}],"twitter_misc":{"Gesch\u00e4tzte Lesezeit":"3\u00a0Minuten"},"schema":{"@context":"https:\/\/schema.org","@graph":[{"@type":"WebPage","@id":"https:\/\/bien-etreiris.ch\/de\/produktpraesentation\/gesundes-leben\/nahrungsergaenzungsmittel\/pflanzenheilkunde-gleichgewicht-durch-heilpflanzen\/kapseln-und-pulver-auf-pflanzlicher-basis\/grenade\/","url":"https:\/\/bien-etreiris.ch\/de\/produktpraesentation\/gesundes-leben\/nahrungsergaenzungsmittel\/pflanzenheilkunde-gleichgewicht-durch-heilpflanzen\/kapseln-und-pulver-auf-pflanzlicher-basis\/grenade\/","name":"GRENADE - WOHLBEFINDEN","isPartOf":{"@id":"https:\/\/bien-etreiris.ch\/de\/#website"},"primaryImageOfPage":{"@id":"https:\/\/bien-etreiris.ch\/de\/produktpraesentation\/gesundes-leben\/nahrungsergaenzungsmittel\/pflanzenheilkunde-gleichgewicht-durch-heilpflanzen\/kapseln-und-pulver-auf-pflanzlicher-basis\/grenade\/#primaryimage"},"image":{"@id":"https:\/\/bien-etreiris.ch\/de\/produktpraesentation\/gesundes-leben\/nahrungsergaenzungsmittel\/pflanzenheilkunde-gleichgewicht-durch-heilpflanzen\/kapseln-und-pulver-auf-pflanzlicher-basis\/grenade\/#primaryimage"},"thumbnailUrl":"https:\/\/bien-etreiris.ch\/wp-content\/uploads\/2023\/06\/acceuil-grenade.jpg","datePublished":"2024-08-03T08:34:19+00:00","dateModified":"2024-08-04T23:48:05+00:00","breadcrumb":{"@id":"https:\/\/bien-etreiris.ch\/de\/produktpraesentation\/gesundes-leben\/nahrungsergaenzungsmittel\/pflanzenheilkunde-gleichgewicht-durch-heilpflanzen\/kapseln-und-pulver-auf-pflanzlicher-basis\/grenade\/#breadcrumb"},"inLanguage":"de","potentialAction":[{"@type":"ReadAction","target":["https:\/\/bien-etreiris.ch\/de\/produktpraesentation\/gesundes-leben\/nahrungsergaenzungsmittel\/pflanzenheilkunde-gleichgewicht-durch-heilpflanzen\/kapseln-und-pulver-auf-pflanzlicher-basis\/grenade\/"]}]},{"@type":"ImageObject","inLanguage":"de","@id":"https:\/\/bien-etreiris.ch\/de\/produktpraesentation\/gesundes-leben\/nahrungsergaenzungsmittel\/pflanzenheilkunde-gleichgewicht-durch-heilpflanzen\/kapseln-und-pulver-auf-pflanzlicher-basis\/grenade\/#primaryimage","url":"https:\/\/bien-etreiris.ch\/wp-content\/uploads\/2023\/06\/acceuil-grenade.jpg","contentUrl":"https:\/\/bien-etreiris.ch\/wp-content\/uploads\/2023\/06\/acceuil-grenade.jpg","width":500,"height":333},{"@type":"BreadcrumbList","@id":"https:\/\/bien-etreiris.ch\/de\/produktpraesentation\/gesundes-leben\/nahrungsergaenzungsmittel\/pflanzenheilkunde-gleichgewicht-durch-heilpflanzen\/kapseln-und-pulver-auf-pflanzlicher-basis\/grenade\/#breadcrumb","itemListElement":[{"@type":"ListItem","position":1,"name":"Home","item":"https:\/\/bien-etreiris.ch\/de\/"},{"@type":"ListItem","position":2,"name":"PRODUKTPR\u00c4SENTATION","item":"https:\/\/bien-etreiris.ch\/de\/produktpraesentation\/"},{"@type":"ListItem","position":3,"name":"GESUNDES LEBEN","item":"https:\/\/bien-etreiris.ch\/de\/produktpraesentation\/gesundes-leben\/"},{"@type":"ListItem","position":4,"name":"NAHRUNGSERG\u00c4NZUNG","item":"https:\/\/bien-etreiris.ch\/de\/produktpraesentation\/gesundes-leben\/nahrungsergaenzungsmittel\/"},{"@type":"ListItem","position":5,"name":"PFLANZENHEILKUNDE","item":"https:\/\/bien-etreiris.ch\/de\/produktpraesentation\/gesundes-leben\/nahrungsergaenzungsmittel\/pflanzenheilkunde-gleichgewicht-durch-heilpflanzen\/"},{"@type":"ListItem","position":6,"name":"KAPSELN &#038; PULVER","item":"https:\/\/bien-etreiris.ch\/de\/produktpraesentation\/gesundes-leben\/nahrungsergaenzungsmittel\/pflanzenheilkunde-gleichgewicht-durch-heilpflanzen\/kapseln-und-pulver-auf-pflanzlicher-basis\/"},{"@type":"ListItem","position":7,"name":"GRENADE"}]},{"@type":"WebSite","@id":"https:\/\/bien-etreiris.ch\/de\/#website","url":"https:\/\/bien-etreiris.ch\/de\/","name":"Bien-\u00eatre Iris","description":"IHRE Gesundheit ist uns wichtig","potentialAction":[{"@type":"SearchAction","target":{"@type":"EntryPoint","urlTemplate":"https:\/\/bien-etreiris.ch\/de\/?s={search_term_string}"},"query-input":{"@type":"PropertyValueSpecification","valueRequired":true,"valueName":"search_term_string"}}],"inLanguage":"de"}]}},"_links":{"self":[{"href":"https:\/\/bien-etreiris.ch\/de\/wp-json\/wp\/v2\/pages\/86628","targetHints":{"allow":["GET"]}}],"collection":[{"href":"https:\/\/bien-etreiris.ch\/de\/wp-json\/wp\/v2\/pages"}],"about":[{"href":"https:\/\/bien-etreiris.ch\/de\/wp-json\/wp\/v2\/types\/page"}],"author":[{"embeddable":true,"href":"https:\/\/bien-etreiris.ch\/de\/wp-json\/wp\/v2\/users\/1"}],"replies":[{"embeddable":true,"href":"https:\/\/bien-etreiris.ch\/de\/wp-json\/wp\/v2\/comments?post=86628"}],"version-history":[{"count":3,"href":"https:\/\/bien-etreiris.ch\/de\/wp-json\/wp\/v2\/pages\/86628\/revisions"}],"predecessor-version":[{"id":86640,"href":"https:\/\/bien-etreiris.ch\/de\/wp-json\/wp\/v2\/pages\/86628\/revisions\/86640"}],"up":[{"embeddable":true,"href":"https:\/\/bien-etreiris.ch\/de\/wp-json\/wp\/v2\/pages\/60901"}],"wp:featuredmedia":[{"embeddable":true,"href":"https:\/\/bien-etreiris.ch\/de\/wp-json\/wp\/v2\/media\/71252"}],"wp:attachment":[{"href":"https:\/\/bien-etreiris.ch\/de\/wp-json\/wp\/v2\/media?parent=86628"}],"curies":[{"name":"wp","href":"https:\/\/api.w.org\/{rel}","templated":true}]}}