{"id":86481,"date":"2024-08-01T16:43:37","date_gmt":"2024-08-01T14:43:37","guid":{"rendered":"https:\/\/bien-etreiris.ch\/ratgeber-klarheit-beratung\/natuerliche-heilmittel\/kranheiten-a-z\/infektionskrankheiten\/mykosen\/origine-de-la-maladie-dalzheimer\/"},"modified":"2024-08-09T20:10:10","modified_gmt":"2024-08-09T18:10:10","slug":"origine-de-la-maladie-dalzheimer-question","status":"publish","type":"page","link":"https:\/\/bien-etreiris.ch\/de\/ratgeber-klarheit-beratung\/natuerliche-heilmittel\/kranheiten-a-z\/infektionskrankheiten\/mykosen\/origine-de-la-maladie-dalzheimer-question\/","title":{"rendered":"ALZHEIMER ?"},"content":{"rendered":"<div class=\"relative sm:rounded-md sm:overflow-hidden\">\n<div class=\"relative bg-white rounded-t-2xl sm:rounded-none print:rounded-none p-6 space-y-4 break-word\">\n<h2>Pilzinfektion als Ursache f\u00fcr Alzheimer?<\/h2>\n<p class=\"content\">Bisher kennt man einige Faktoren, die zur Entstehung von Alzheimer f\u00fchren k\u00f6nnen. Dazu geh\u00f6ren insbesondere eine ungesunde Ern\u00e4hrung, ein Antioxidantien- und Vitalstoffmangel sowie eine Belastung mit Schwermetallen. Nun entdeckten spanische Forscher Pilzinfektionen im Gehirn von Alzheimerpatienten. Eine Entdeckung, die derzeit viele Fragen zur tats\u00e4chlichen Ursache und den daraus folgenden Therapiem\u00f6glichkeiten von Alzheimer aufwirft.<\/p>\n<div class=\"flex flex-col sm:flex-row justify-between text\">\n<div>&nbsp;<\/div>\n<div>\n<div class=\"mt-1\">&nbsp;<\/div>\n<\/div>\n<\/div>\n<\/div>\n<\/div>\n<div class=\"content\">\n<h4 id=\"Ist eine Pilzinfektion die Ursache von Alzheimer?\">Ist eine Pilzinfektion die Ursache von Alzheimer ?<\/h4>\n<p>K\u00f6nnte eine Pilzinfektion die Ursache von Alzheimer sein? Im Jahr 2015 machte das Forscherteam um Diana Pisa aus Spanien eine grosse Entdeckung bei bereits verstorbenen Alzheimerpatienten.<\/p>\n<div class=\"noprint\" data-index=\"\" data-slot=\"incontent-1\">&nbsp;<\/div>\n<p>Das Gewebe des Zentralnervensystems dieser Patienten enthielt Pilzzellen und Pilzzellf\u00e4den. Gleich in mehreren Hirnregionen wurde das Pilzmaterial gefunden. Auch in den Blutgef\u00e4ssen wurden Pilzinfektionen nachgewiesen, was die vaskul\u00e4re Demenz erkl\u00e4ren k\u00f6nnte, die h\u00e4ufig bei Alzheimerpatienten festgestellt wird. Als vaskul\u00e4re Demenz bezeichnet man eine Demenz, die sich auf Grund von Durchblutungsst\u00f6rungen im Gehirn entwickelt.<\/p>\n<p>Bei der Analyse der Pilz-DNA konnten mehrere verschiedene Pilzarten identifiziert werden. Zus\u00e4tzlich zeigte sich das Immunsystem offenbar alarmiert, da sich verst\u00e4rkt antimikrobielle Peptide mit gleichzeitiger Wirkung gegen den Hefepilz Candida albicans gebildet hatten. (Antimikrobielle Peptide sind k\u00f6rpereigene Eiweisse und Mitglieder des Immunsystems.)<\/p>\n<h4>&nbsp;<\/h4>\n<h4 id=\"Die Auswirkungen von Alzheimer\">Die Auswirkungen von Alzheimer<\/h4>\n<p>Alzheimer ist eine Demenzerkrankung des Gehirns. Kennzeichnend daf\u00fcr ist der langsam fortschreitende Untergang von Nervenzellen. Im Gehirn von Alzheimerpatienten befinden sich die typischen Amyloid-Plaques (Eiweissablagerungen).<\/p>\n<p>Durch diese Ablagerungen kommt es zu Ged\u00e4chtnis- und Orientierungsst\u00f6rungen sowie St\u00f6rungen des Denk- und Urteilsverm\u00f6gen. Zus\u00e4tzlich werden Substanzen, welche die Informationen zwischen den Nervenzellen \u00fcbermitteln, die sogenannten Neurotransmitter, nicht mehr ausreichend gebildet, was zu einer allgemeinen Leistungsschw\u00e4che des Gehirns beitr\u00e4gt.<\/p>\n<p>Die Mehrheit der Patienten weist auch klare <strong>Anzeichen<\/strong> von Entz\u00fcndungen des zentralen Nervensystems und Sch\u00e4digungen der Blutgef\u00e4sse auf.<\/p>\n<p>&nbsp;<\/p>\n<h4 id=\"Eine andere Ursache f\u00fcr Alzheimer?\">Eine andere Ursache f\u00fcr Alzheimer ?<\/h4>\n<p>Wissenschaftler r\u00e4tseln nun, ob sich die Entz\u00fcndungen und die daraus folgende Aktivierung des Immunsystems auf Grund dieser neu entdeckten Pilzinfektionen entwickeln.<\/p>\n<p>Andere Wissenschaftler wiederum meinen, Alzheimer sei eine Infektionskrankheit, denn es wurden auch <strong>Herpes<\/strong>-Simplex-Viren und Bakterien, die Lungenentz\u00fcndungen ausl\u00f6sen k\u00f6nnen, im Gehirn der Alzheimerpatienten gefunden. Also k\u00f6nnten auch diese Erreger eine Mitursache f\u00fcr Alzheimer sein.<\/p>\n<h2 id=\"Neue Therapie gegen Alzheimer?\">Neue Therapie gegen Alzheimer?<\/h2>\n<p>Gegenw\u00e4rtig gibt es in der Schulmedizin leider keine Heilung bei Alzheimer. Man versucht lediglich die Symptome zu mindern und den Verlauf der Krankheit hinauszuz\u00f6gern.<\/p>\n<div class=\"noprint\" data-index=\"\" data-slot=\"incontent-2\">\n<div class=\"svelte-17j0soo\">&nbsp;<\/div>\n<\/div>\n<\/div>\n<div class=\"content\">\n<p>Dass eine Pilzinfektion die Ursache f\u00fcr die Entstehung von Alzheimer darstellen k\u00f6nnte, er\u00f6ffnet nun v\u00f6llig neue Perspektiven f\u00fcr eine effektive Therapie von Alzheimerpatienten und nat\u00fcrlich auch f\u00fcr eine effektive Alzheimer-Pr\u00e4vention.<\/p>\n<p>So k\u00f6nnte beispielsweise eine pilzfeindliche Ern\u00e4hrung praktiziert werden.<\/p>\n<p>&nbsp;<\/p>\n<h4 id=\"Pilzinfektionen nat\u00fcrlich behandeln\">Pilzinfektionen nat\u00fcrlich behandeln<\/h4>\n<p>Die richtige Auswahl an Lebensmitteln spielt eine wichtige Rolle bei der nat\u00fcrlichen Behandlung bzw. Vorbeugung einer Pilzinfektion. Integrieren Sie beispielsweise die folgenden pilzfeindlichen Lebensmittel in Ihren Speiseplan:<\/p>\n<ol>\n<li data-list=\"bullet\">Biologisches Kokos\u00f6l<\/li>\n<li data-list=\"bullet\">Knoblauch<\/li>\n<li data-list=\"bullet\">Meerrettich und Kresse<\/li>\n<li data-list=\"bullet\">Chili<\/li>\n<li data-list=\"bullet\">Mandeln<\/li>\n<li data-list=\"bullet\"><span style=\"color: #99cc00;\"><a style=\"color: #99cc00;\" href=\"https:\/\/bien-etreiris.ch\/de\/ratgeber-klarheit-beratung\/gesunder-lebensstil\/naehrstoffe\/lebensmittel\/gewuerze\/oregano\/\" target=\"_blank\" rel=\"noopener\"><strong>Oregano<\/strong><\/a><\/span><\/li>\n<\/ol>\n<p>&nbsp;<\/p>\n<p>Eine detaillierte Beschreibung, wie sie eine <strong>Pilzinfektion nat\u00fcrlich behandeln<\/strong>, lesen Sie im vorhergehenden Link! Kokos\u00f6l wirkt \u00fcberdies nicht nur pilzfeindlich, sondern kann auch noch auf andere Weise bei Alzheimer n\u00fctzlich sein:<\/p>\n<p>&nbsp;<\/p>\n<h4 id=\"Kokos\u00f6l gegen Alzheimer\">Kokos\u00f6l gegen Alzheimer<\/h4>\n<p>Das Gehirn von Alzheimerpatienten kann meist schon im Fr\u00fchstadium nur noch unzureichend Glucose nutzen, was zu einer Energieunterversorgung des Gehirns und zum Absterben von Gehirnzellen f\u00fchrt. Kokos\u00f6l jedoch kann dem Gehirn das Baumaterial f\u00fcr eine alternative Energiequelle zur Verf\u00fcgung stellen: Mittelkettige Fetts\u00e4uren.<\/p>\n<p>Aus diesen Fetts\u00e4uren stellt der K\u00f6rper <strong>die sogenannten Ketone her<\/strong>, die jetzt von den Gehirnzellen als Energiequelle genutzt werden k\u00f6nnen. Dem Absterben von Gehirnzellen wird vorgebeugt und der Verlauf einer Demenz wird gemildert.<\/p>\n<p>&nbsp;<\/p>\n<h4 id=\"Weitere Massnahmen gegen Alzheimer:\">Weitere Massnahmen gegen Alzheimer:<\/h4>\n<p>Da Pilzinfektionen nat\u00fcrlich nicht die einzige Ursache f\u00fcr Alzheimer darstellen, gibt es noch viele weitere ganzheitliche Massnahmen, die der Krankheit vorbeugen oder sie bessern k\u00f6nnen:<\/p>\n<ol>\n<li data-list=\"bullet\">sauberes Trinkwasser<\/li>\n<li data-list=\"bullet\">ausreichend Kalzium und Magnesium<\/li>\n<li data-list=\"bullet\"><strong>Silizium<\/strong><\/li>\n<li data-list=\"bullet\">aluminiumfrei leben<\/li>\n<li data-list=\"bullet\">Antioxidantien<\/li>\n<li data-list=\"bullet\">Kurkuma<\/li>\n<li data-list=\"bullet\">Omega-3-Fetts\u00e4uren<\/li>\n<li data-list=\"bullet\">Oliven\u00f6l<\/li>\n<li data-list=\"bullet\">Vitamin B12<\/li>\n<\/ol>\n<p>&nbsp;<\/p>\n<p>Eine detaillierte Beschreibung, wie Sie diese Massnahmen umsetzen k\u00f6nnen, lesen Sie unter: <strong>Neun Tipps zur Alzheimer-Pr\u00e4vention<\/strong> und: <strong>Vitamin B12 gegen Alzheimer<\/strong>.<\/p>\n<p>&nbsp;<\/p>\n<\/div>\n<div class=\"mt-6 noprint\">\n<h4>Hinweis :<\/h4>\n<p>Dieser Artikel wurde auf Grundlage (zur Zeit der Ver\u00f6ffentlichung) aktueller Studien verfasst und von MedizinerInnen gepr\u00fcft, darf aber nicht zur Selbstdiagnose oder Selbstbehandlung genutzt werden, ersetzt also nicht den Besuch bei Ihrem Arzt. Besprechen Sie daher jede Massnahme (ob aus diesem oder einem anderen unserer Artikel) immer zuerst mit Ihrem Arzt<\/p>\n<\/div>\n<p>&nbsp;<\/p>\n<h4>Quellen:<\/h4>\n<div>\n<div>\n<div class=\"accordion__content svelte-a6bnok\">\n<div class=\"px-2 sources\">\n<ul>\n<li><a href=\"https:\/\/www.zentrum-der-gesundheit.de\/krankheiten\/infektionskrankheiten\/pilzinfektionen-uebersicht\/alzheimer-pilzinfektion-ia\" target=\"_blank\" rel=\"noopener\">Zentrum der Gesundheit<\/a> - Autor: <a class=\"font-semibold mr-1 after:content-[','] last:after:hidden\" href=\"https:\/\/www.zentrum-der-gesundheit.de\/autoren\/1493\" data-auto-event-observed=\"true\">Carina Rehberg - <\/a>Fach\u00e4rztliche Pr\u00fcfung: <a class=\"font-semibold\" href=\"https:\/\/www.zentrum-der-gesundheit.de\/aerztliche-pruefung\" data-auto-event-observed=\"true\">Gert Dorschner - <\/a>Aktualisiert: 15 Juli 2024<\/li>\n<li>Pisa, D. et al. \"Different Brain Regions are Infected with Fungi in Alzheimer`s Disease.\" Sci. Rep. 5, 15015; doi: 10.1038\/srep15015 (2015). (Verschiedene Hirnregionen weisen bei Alzheimerpatienten eine Pilzinfektion auf.)<\/li>\n<li>Pisa D. et al., \"Direct visualization of fungal infection in brains from patients with Alzheimer`s disease.\" J Alzheimers Dis. 2015; 43(2):613-24. doi: 10.3233\/JAD-141386. (Entdeckung von Pilzinfektionen im Hirn bei Alzheimerpatienten)<\/li>\n<li>Alonso R. et al., \"Fungal infection in patients with Alzheimer`s disease.\" J Alzheimers Dis. 2014; 41(1):301-11. doi: 10.3233\/JAD-132681. (Pilzinfektionen bei Alzheimerpatienten)<\/li>\n<li>Blog des Kokos\u00f6lversuchs:&nbsp; Rutj Alonso et. al., \"Evidence for Fungal Infection in Cerebrospinal Fluid and Brain Tissue from Patients with Amyotrophic Lateral Sclerosis\" Int J Biol Sci 2015; 11(5):546-558. doi:10.7150\/ijbs.11084 (Beweis f\u00fcr Pilzinfektion im Gehirn bei Patienten mit Amyotrophe Lateralsklerose)<\/li>\n<\/ul>\n<\/div>\n<\/div>\n<\/div>\n<\/div>\n<div class=\"text-gray-900 text-lg\">&nbsp;<\/div>\n<div class=\"mt-4\">&nbsp;<\/div>\n","protected":false},"excerpt":{"rendered":"<p>Pilzinfektion als Ursache f\u00fcr Alzheimer? Bisher kennt man einige Faktoren, die zur Entstehung von Alzheimer f\u00fchren k\u00f6nnen. Dazu geh\u00f6ren insbesondere eine ungesunde Ern\u00e4hrung, ein Antioxidantien- und Vitalstoffmangel sowie eine Belastung mit Schwermetallen. Nun entdeckten spanische Forscher Pilzinfektionen im Gehirn von Alzheimerpatienten. Eine Entdeckung, die derzeit viele Fragen zur tats\u00e4chlichen Ursache und den daraus folgenden Therapiem\u00f6glichkeiten von Alzheimer aufwirft. &nbsp; &nbsp;&nbsp;<a href=\"https:\/\/bien-etreiris.ch\/de\/ratgeber-klarheit-beratung\/natuerliche-heilmittel\/kranheiten-a-z\/infektionskrankheiten\/mykosen\/origine-de-la-maladie-dalzheimer-question\/\" class=\"read-more\">Weiter lesen<\/a><\/p>\n","protected":false},"author":1,"featured_media":86478,"parent":67394,"menu_order":1833,"comment_status":"closed","ping_status":"closed","template":"page-with-child.php","meta":{"_acf_changed":false,"ngg_post_thumbnail":0,"footnotes":""},"class_list":["post-86481","page","type-page","status-publish","has-post-thumbnail","hentry"],"acf":[],"yoast_head":"<!-- This site is optimized with the Yoast SEO plugin v27.6 - https:\/\/yoast.com\/product\/yoast-seo-wordpress\/ -->\n<title>ALZHEIMER ? - WOHLBEFINDEN<\/title>\n<meta name=\"robots\" content=\"index, follow, max-snippet:-1, max-image-preview:large, max-video-preview:-1\" \/>\n<link rel=\"canonical\" href=\"https:\/\/bien-etreiris.ch\/de\/ratgeber-klarheit-beratung\/natuerliche-heilmittel\/kranheiten-a-z\/infektionskrankheiten\/mykosen\/origine-de-la-maladie-dalzheimer-question\/\" \/>\n<meta property=\"og:locale\" content=\"de_DE\" \/>\n<meta property=\"og:type\" content=\"article\" \/>\n<meta property=\"og:title\" content=\"ALZHEIMER ? - WOHLBEFINDEN\" \/>\n<meta property=\"og:description\" content=\"Pilzinfektion als Ursache f\u00fcr Alzheimer? Bisher kennt man einige Faktoren, die zur Entstehung von Alzheimer f\u00fchren k\u00f6nnen. Dazu geh\u00f6ren insbesondere eine ungesunde Ern\u00e4hrung, ein Antioxidantien- und Vitalstoffmangel sowie eine Belastung mit Schwermetallen. Nun entdeckten spanische Forscher Pilzinfektionen im Gehirn von Alzheimerpatienten. Eine Entdeckung, die derzeit viele Fragen zur tats\u00e4chlichen Ursache und den daraus folgenden Therapiem\u00f6glichkeiten von Alzheimer aufwirft. &nbsp; &nbsp;&nbsp;Weiter lesen\" \/>\n<meta property=\"og:url\" content=\"https:\/\/bien-etreiris.ch\/de\/ratgeber-klarheit-beratung\/natuerliche-heilmittel\/kranheiten-a-z\/infektionskrankheiten\/mykosen\/origine-de-la-maladie-dalzheimer-question\/\" \/>\n<meta property=\"og:site_name\" content=\"WOHLBEFINDEN\" \/>\n<meta property=\"article:publisher\" content=\"https:\/\/www.facebook.com\/bienetreiris\/\" \/>\n<meta property=\"article:modified_time\" content=\"2024-08-09T18:10:10+00:00\" \/>\n<meta property=\"og:image\" content=\"https:\/\/bien-etreiris.ch\/wp-content\/uploads\/2024\/08\/cause-alzheimer.jpg\" \/>\n\t<meta property=\"og:image:width\" content=\"500\" \/>\n\t<meta property=\"og:image:height\" content=\"333\" \/>\n\t<meta property=\"og:image:type\" content=\"image\/jpeg\" \/>\n<meta name=\"twitter:label1\" content=\"Gesch\u00e4tzte Lesezeit\" \/>\n\t<meta name=\"twitter:data1\" content=\"5\u00a0Minuten\" \/>\n<script type=\"application\/ld+json\" class=\"yoast-schema-graph\">{\"@context\":\"https:\\\/\\\/schema.org\",\"@graph\":[{\"@type\":\"WebPage\",\"@id\":\"https:\\\/\\\/bien-etreiris.ch\\\/de\\\/ratgeber-klarheit-beratung\\\/natuerliche-heilmittel\\\/kranheiten-a-z\\\/infektionskrankheiten\\\/mykosen\\\/origine-de-la-maladie-dalzheimer-question\\\/\",\"url\":\"https:\\\/\\\/bien-etreiris.ch\\\/de\\\/ratgeber-klarheit-beratung\\\/natuerliche-heilmittel\\\/kranheiten-a-z\\\/infektionskrankheiten\\\/mykosen\\\/origine-de-la-maladie-dalzheimer-question\\\/\",\"name\":\"ALZHEIMER ? - WOHLBEFINDEN\",\"isPartOf\":{\"@id\":\"https:\\\/\\\/bien-etreiris.ch\\\/de\\\/#website\"},\"primaryImageOfPage\":{\"@id\":\"https:\\\/\\\/bien-etreiris.ch\\\/de\\\/ratgeber-klarheit-beratung\\\/natuerliche-heilmittel\\\/kranheiten-a-z\\\/infektionskrankheiten\\\/mykosen\\\/origine-de-la-maladie-dalzheimer-question\\\/#primaryimage\"},\"image\":{\"@id\":\"https:\\\/\\\/bien-etreiris.ch\\\/de\\\/ratgeber-klarheit-beratung\\\/natuerliche-heilmittel\\\/kranheiten-a-z\\\/infektionskrankheiten\\\/mykosen\\\/origine-de-la-maladie-dalzheimer-question\\\/#primaryimage\"},\"thumbnailUrl\":\"https:\\\/\\\/bien-etreiris.ch\\\/wp-content\\\/uploads\\\/2024\\\/08\\\/cause-alzheimer.jpg\",\"datePublished\":\"2024-08-01T14:43:37+00:00\",\"dateModified\":\"2024-08-09T18:10:10+00:00\",\"breadcrumb\":{\"@id\":\"https:\\\/\\\/bien-etreiris.ch\\\/de\\\/ratgeber-klarheit-beratung\\\/natuerliche-heilmittel\\\/kranheiten-a-z\\\/infektionskrankheiten\\\/mykosen\\\/origine-de-la-maladie-dalzheimer-question\\\/#breadcrumb\"},\"inLanguage\":\"de\",\"potentialAction\":[{\"@type\":\"ReadAction\",\"target\":[\"https:\\\/\\\/bien-etreiris.ch\\\/de\\\/ratgeber-klarheit-beratung\\\/natuerliche-heilmittel\\\/kranheiten-a-z\\\/infektionskrankheiten\\\/mykosen\\\/origine-de-la-maladie-dalzheimer-question\\\/\"]}]},{\"@type\":\"ImageObject\",\"inLanguage\":\"de\",\"@id\":\"https:\\\/\\\/bien-etreiris.ch\\\/de\\\/ratgeber-klarheit-beratung\\\/natuerliche-heilmittel\\\/kranheiten-a-z\\\/infektionskrankheiten\\\/mykosen\\\/origine-de-la-maladie-dalzheimer-question\\\/#primaryimage\",\"url\":\"https:\\\/\\\/bien-etreiris.ch\\\/wp-content\\\/uploads\\\/2024\\\/08\\\/cause-alzheimer.jpg\",\"contentUrl\":\"https:\\\/\\\/bien-etreiris.ch\\\/wp-content\\\/uploads\\\/2024\\\/08\\\/cause-alzheimer.jpg\",\"width\":500,\"height\":333},{\"@type\":\"BreadcrumbList\",\"@id\":\"https:\\\/\\\/bien-etreiris.ch\\\/de\\\/ratgeber-klarheit-beratung\\\/natuerliche-heilmittel\\\/kranheiten-a-z\\\/infektionskrankheiten\\\/mykosen\\\/origine-de-la-maladie-dalzheimer-question\\\/#breadcrumb\",\"itemListElement\":[{\"@type\":\"ListItem\",\"position\":1,\"name\":\"Home\",\"item\":\"https:\\\/\\\/bien-etreiris.ch\\\/de\\\/\"},{\"@type\":\"ListItem\",\"position\":2,\"name\":\"RATGEBER &#038; KLARHEIT\",\"item\":\"https:\\\/\\\/bien-etreiris.ch\\\/de\\\/ratgeber-klarheit-beratung\\\/\"},{\"@type\":\"ListItem\",\"position\":3,\"name\":\"NAT\u00dcRLICHE SUBSTANZEN\",\"item\":\"https:\\\/\\\/bien-etreiris.ch\\\/de\\\/ratgeber-klarheit-beratung\\\/natuerliche-heilmittel\\\/\"},{\"@type\":\"ListItem\",\"position\":4,\"name\":\"KRANKHEITEN A &#8211; Z\",\"item\":\"https:\\\/\\\/bien-etreiris.ch\\\/de\\\/ratgeber-klarheit-beratung\\\/natuerliche-heilmittel\\\/kranheiten-a-z\\\/\"},{\"@type\":\"ListItem\",\"position\":5,\"name\":\"INFEKTIONSKRANKHEITEN\",\"item\":\"https:\\\/\\\/bien-etreiris.ch\\\/de\\\/ratgeber-klarheit-beratung\\\/natuerliche-heilmittel\\\/kranheiten-a-z\\\/infektionskrankheiten\\\/\"},{\"@type\":\"ListItem\",\"position\":6,\"name\":\"MYKOSEN\",\"item\":\"https:\\\/\\\/bien-etreiris.ch\\\/de\\\/ratgeber-klarheit-beratung\\\/natuerliche-heilmittel\\\/kranheiten-a-z\\\/infektionskrankheiten\\\/mykosen\\\/\"},{\"@type\":\"ListItem\",\"position\":7,\"name\":\"ALZHEIMER ?\"}]},{\"@type\":\"WebSite\",\"@id\":\"https:\\\/\\\/bien-etreiris.ch\\\/de\\\/#website\",\"url\":\"https:\\\/\\\/bien-etreiris.ch\\\/de\\\/\",\"name\":\"Bien-\u00eatre Iris\",\"description\":\"IHRE Gesundheit ist uns wichtig\",\"potentialAction\":[{\"@type\":\"SearchAction\",\"target\":{\"@type\":\"EntryPoint\",\"urlTemplate\":\"https:\\\/\\\/bien-etreiris.ch\\\/de\\\/?s={search_term_string}\"},\"query-input\":{\"@type\":\"PropertyValueSpecification\",\"valueRequired\":true,\"valueName\":\"search_term_string\"}}],\"inLanguage\":\"de\"}]}<\/script>\n<!-- \/ Yoast SEO plugin. -->","yoast_head_json":{"title":"ALZHEIMER ? - WOHLBEFINDEN","robots":{"index":"index","follow":"follow","max-snippet":"max-snippet:-1","max-image-preview":"max-image-preview:large","max-video-preview":"max-video-preview:-1"},"canonical":"https:\/\/bien-etreiris.ch\/de\/ratgeber-klarheit-beratung\/natuerliche-heilmittel\/kranheiten-a-z\/infektionskrankheiten\/mykosen\/origine-de-la-maladie-dalzheimer-question\/","og_locale":"de_DE","og_type":"article","og_title":"ALZHEIMER ? - WOHLBEFINDEN","og_description":"Pilzinfektion als Ursache f\u00fcr Alzheimer? Bisher kennt man einige Faktoren, die zur Entstehung von Alzheimer f\u00fchren k\u00f6nnen. Dazu geh\u00f6ren insbesondere eine ungesunde Ern\u00e4hrung, ein Antioxidantien- und Vitalstoffmangel sowie eine Belastung mit Schwermetallen. Nun entdeckten spanische Forscher Pilzinfektionen im Gehirn von Alzheimerpatienten. Eine Entdeckung, die derzeit viele Fragen zur tats\u00e4chlichen Ursache und den daraus folgenden Therapiem\u00f6glichkeiten von Alzheimer aufwirft. &nbsp; &nbsp;&nbsp;Weiter lesen","og_url":"https:\/\/bien-etreiris.ch\/de\/ratgeber-klarheit-beratung\/natuerliche-heilmittel\/kranheiten-a-z\/infektionskrankheiten\/mykosen\/origine-de-la-maladie-dalzheimer-question\/","og_site_name":"WOHLBEFINDEN","article_publisher":"https:\/\/www.facebook.com\/bienetreiris\/","article_modified_time":"2024-08-09T18:10:10+00:00","og_image":[{"width":500,"height":333,"url":"https:\/\/bien-etreiris.ch\/wp-content\/uploads\/2024\/08\/cause-alzheimer.jpg","type":"image\/jpeg"}],"twitter_misc":{"Gesch\u00e4tzte Lesezeit":"5\u00a0Minuten"},"schema":{"@context":"https:\/\/schema.org","@graph":[{"@type":"WebPage","@id":"https:\/\/bien-etreiris.ch\/de\/ratgeber-klarheit-beratung\/natuerliche-heilmittel\/kranheiten-a-z\/infektionskrankheiten\/mykosen\/origine-de-la-maladie-dalzheimer-question\/","url":"https:\/\/bien-etreiris.ch\/de\/ratgeber-klarheit-beratung\/natuerliche-heilmittel\/kranheiten-a-z\/infektionskrankheiten\/mykosen\/origine-de-la-maladie-dalzheimer-question\/","name":"ALZHEIMER ? - WOHLBEFINDEN","isPartOf":{"@id":"https:\/\/bien-etreiris.ch\/de\/#website"},"primaryImageOfPage":{"@id":"https:\/\/bien-etreiris.ch\/de\/ratgeber-klarheit-beratung\/natuerliche-heilmittel\/kranheiten-a-z\/infektionskrankheiten\/mykosen\/origine-de-la-maladie-dalzheimer-question\/#primaryimage"},"image":{"@id":"https:\/\/bien-etreiris.ch\/de\/ratgeber-klarheit-beratung\/natuerliche-heilmittel\/kranheiten-a-z\/infektionskrankheiten\/mykosen\/origine-de-la-maladie-dalzheimer-question\/#primaryimage"},"thumbnailUrl":"https:\/\/bien-etreiris.ch\/wp-content\/uploads\/2024\/08\/cause-alzheimer.jpg","datePublished":"2024-08-01T14:43:37+00:00","dateModified":"2024-08-09T18:10:10+00:00","breadcrumb":{"@id":"https:\/\/bien-etreiris.ch\/de\/ratgeber-klarheit-beratung\/natuerliche-heilmittel\/kranheiten-a-z\/infektionskrankheiten\/mykosen\/origine-de-la-maladie-dalzheimer-question\/#breadcrumb"},"inLanguage":"de","potentialAction":[{"@type":"ReadAction","target":["https:\/\/bien-etreiris.ch\/de\/ratgeber-klarheit-beratung\/natuerliche-heilmittel\/kranheiten-a-z\/infektionskrankheiten\/mykosen\/origine-de-la-maladie-dalzheimer-question\/"]}]},{"@type":"ImageObject","inLanguage":"de","@id":"https:\/\/bien-etreiris.ch\/de\/ratgeber-klarheit-beratung\/natuerliche-heilmittel\/kranheiten-a-z\/infektionskrankheiten\/mykosen\/origine-de-la-maladie-dalzheimer-question\/#primaryimage","url":"https:\/\/bien-etreiris.ch\/wp-content\/uploads\/2024\/08\/cause-alzheimer.jpg","contentUrl":"https:\/\/bien-etreiris.ch\/wp-content\/uploads\/2024\/08\/cause-alzheimer.jpg","width":500,"height":333},{"@type":"BreadcrumbList","@id":"https:\/\/bien-etreiris.ch\/de\/ratgeber-klarheit-beratung\/natuerliche-heilmittel\/kranheiten-a-z\/infektionskrankheiten\/mykosen\/origine-de-la-maladie-dalzheimer-question\/#breadcrumb","itemListElement":[{"@type":"ListItem","position":1,"name":"Home","item":"https:\/\/bien-etreiris.ch\/de\/"},{"@type":"ListItem","position":2,"name":"RATGEBER &#038; KLARHEIT","item":"https:\/\/bien-etreiris.ch\/de\/ratgeber-klarheit-beratung\/"},{"@type":"ListItem","position":3,"name":"NAT\u00dcRLICHE SUBSTANZEN","item":"https:\/\/bien-etreiris.ch\/de\/ratgeber-klarheit-beratung\/natuerliche-heilmittel\/"},{"@type":"ListItem","position":4,"name":"KRANKHEITEN A &#8211; Z","item":"https:\/\/bien-etreiris.ch\/de\/ratgeber-klarheit-beratung\/natuerliche-heilmittel\/kranheiten-a-z\/"},{"@type":"ListItem","position":5,"name":"INFEKTIONSKRANKHEITEN","item":"https:\/\/bien-etreiris.ch\/de\/ratgeber-klarheit-beratung\/natuerliche-heilmittel\/kranheiten-a-z\/infektionskrankheiten\/"},{"@type":"ListItem","position":6,"name":"MYKOSEN","item":"https:\/\/bien-etreiris.ch\/de\/ratgeber-klarheit-beratung\/natuerliche-heilmittel\/kranheiten-a-z\/infektionskrankheiten\/mykosen\/"},{"@type":"ListItem","position":7,"name":"ALZHEIMER ?"}]},{"@type":"WebSite","@id":"https:\/\/bien-etreiris.ch\/de\/#website","url":"https:\/\/bien-etreiris.ch\/de\/","name":"Bien-\u00eatre Iris","description":"IHRE Gesundheit ist uns wichtig","potentialAction":[{"@type":"SearchAction","target":{"@type":"EntryPoint","urlTemplate":"https:\/\/bien-etreiris.ch\/de\/?s={search_term_string}"},"query-input":{"@type":"PropertyValueSpecification","valueRequired":true,"valueName":"search_term_string"}}],"inLanguage":"de"}]}},"_links":{"self":[{"href":"https:\/\/bien-etreiris.ch\/de\/wp-json\/wp\/v2\/pages\/86481","targetHints":{"allow":["GET"]}}],"collection":[{"href":"https:\/\/bien-etreiris.ch\/de\/wp-json\/wp\/v2\/pages"}],"about":[{"href":"https:\/\/bien-etreiris.ch\/de\/wp-json\/wp\/v2\/types\/page"}],"author":[{"embeddable":true,"href":"https:\/\/bien-etreiris.ch\/de\/wp-json\/wp\/v2\/users\/1"}],"replies":[{"embeddable":true,"href":"https:\/\/bien-etreiris.ch\/de\/wp-json\/wp\/v2\/comments?post=86481"}],"version-history":[{"count":5,"href":"https:\/\/bien-etreiris.ch\/de\/wp-json\/wp\/v2\/pages\/86481\/revisions"}],"predecessor-version":[{"id":86879,"href":"https:\/\/bien-etreiris.ch\/de\/wp-json\/wp\/v2\/pages\/86481\/revisions\/86879"}],"up":[{"embeddable":true,"href":"https:\/\/bien-etreiris.ch\/de\/wp-json\/wp\/v2\/pages\/67394"}],"wp:featuredmedia":[{"embeddable":true,"href":"https:\/\/bien-etreiris.ch\/de\/wp-json\/wp\/v2\/media\/86478"}],"wp:attachment":[{"href":"https:\/\/bien-etreiris.ch\/de\/wp-json\/wp\/v2\/media?parent=86481"}],"curies":[{"name":"wp","href":"https:\/\/api.w.org\/{rel}","templated":true}]}}