{"id":86416,"date":"2024-08-01T10:32:34","date_gmt":"2024-08-01T08:32:34","guid":{"rendered":"https:\/\/bien-etreiris.ch\/neem\/"},"modified":"2024-08-01T10:35:45","modified_gmt":"2024-08-01T08:35:45","slug":"neem","status":"publish","type":"page","link":"https:\/\/bien-etreiris.ch\/de\/neem\/","title":{"rendered":"NEEM"},"content":{"rendered":"\n<h2 class=\"h1 mb-1\">Soin poudre bio Neem<\/h2>\n\n\n<p>Soin des cheveux naturel et bio - D\u00e9toxifie et purifie le cuir chevelu<\/p>\n<p>&nbsp;<\/p>\n<h4>DESCRIPTION<\/h4>\n<p>Le Neem est un des piliers de la pharmacop\u00e9e indienne. Il b\u00e9n\u00e9ficie d\u2019une aura quasi sacr\u00e9e en Inde, o\u00f9 l\u2019on tire profit de toutes ses parties (\u00e9corce, fruits, graines, feuilles et bois). En Ayurv\u00e9da, il est consid\u00e9r\u00e9 comme la plante qui \u00ab gu\u00e9rit tous les maux \u00bb.<\/p>\n<p>Ce soin vous apportera une d\u00e9tox du cuir chevelu en \u00e9liminant les toxines de tous les jours, il sera votre alli\u00e9 anti-pelliculaire.<\/p>\n<p>Fini les d\u00e9mangeaisons, se soin vous soulagera en prenant soin de votre cuir chevelu sensible et irrit\u00e9.<\/p>\n<p>&nbsp;<\/p>\n<p>&nbsp;<\/p>\n<h4>COMPOSITION<\/h4>\n<p>Le Neem est issu d\u2019un arbre tropical nomm\u00e9 Margousier. On utilise ses feuilles s\u00e9ch\u00e9es et r\u00e9duites en poudre, pour obtenir un soin capillaire d\u00e9toxifiant et purifiant.<\/p>\n<p>&nbsp;<\/p>\n<p>Azadirachta indica (Neem Leaf Powder)<\/p>\n<p>&nbsp;<\/p>\n<h4>UTILISATION<\/h4>\n<ul>\n<li>Le Neem est LA poudre des cuirs chevelus \u00e0 probl\u00e8mes.<\/li>\n<li>Elle convient parfaitement aux <strong>cuirs chevelus r\u00e9actifs<\/strong>&nbsp;et sujets aux d\u00e9mangeaisons<\/li>\n<li>Id\u00e9ale pour les <strong>cuirs chevelus sujets aux pellicules<\/strong>.<\/li>\n<\/ul>\n<p>&nbsp;<\/p>\n<p>RADICO COLOUR ME ORGANIC en quelques mots<\/p>\n<p>C\u2019est au c\u0153ur de l\u2019Inde et au plus proche des recettes de beaut\u00e9 locales, que Radico est n\u00e9e. Experte en ayurv\u00e9da et en phytoth\u00e9rapie, Radico r\u00e9v\u00e8le une approche diff\u00e9rente de la coloration capillaire, b\u00e9n\u00e9fique \u00e0 la sant\u00e9 du cheveu. La coloration se m\u00eale au soin, pour apporter \u00e0 la fois \u00e9quilibre, couleur intense, couverture des cheveux blancs et soin profond des cheveux.<\/p>\n<p>&nbsp;<\/p>\n<p>Fid\u00e8le \u00e0 une cosm\u00e9tique saine, Radico est aujourd'hui la seule marque de coloration capillaire 100% naturelle et certifi\u00e9e bio (Cosmos Organic). Anim\u00e9s par une volont\u00e9 de garantir le meilleur, assure l\u2019ensemble du processus de production et cultive ses ingr\u00e9dients avec le plus grand soin. Les produits Radico sont \u00e9labor\u00e9s \u00e0 partir de poudre de fleurs, de plantes et fruits, issus de l'agriculture biologique et r\u00e9colt\u00e9s de fa\u00e7on artisanale.<\/p>\n<p>&nbsp;<\/p>\n<p>Au travers de formulations saines et \u00e9quilibr\u00e9es, Radico offre une r\u00e9ponse aux consommatrices en recherche de colorations efficaces, pratiques et surtout totalement sans danger. Une promesse forte, \u00e0 laquelle Radico est fid\u00e8le depuis 25 ans.<\/p>\n<p>&nbsp;<\/p>\n<p>Radico contiennent 100% d\u2019ingr\u00e9dients d\u2019origine<br>v\u00e9g\u00e9tale et biologiques. Un savoir-faire reconnu et mis \u00e0 l\u2019honneur par des certifications exigeantes.<\/p>","protected":false},"excerpt":{"rendered":"<p>Soin poudre bio Neem Soin des cheveux naturel et bio - D\u00e9toxifie et purifie le cuir chevelu &nbsp; DESCRIPTION Le Neem est un des piliers de la pharmacop\u00e9e indienne. Il b\u00e9n\u00e9ficie d\u2019une aura quasi sacr\u00e9e en Inde, o\u00f9 l\u2019on tire profit de toutes ses parties (\u00e9corce, fruits, graines, feuilles et bois). En Ayurv\u00e9da, il est consid\u00e9r\u00e9 comme la plante qui&nbsp;<a href=\"https:\/\/bien-etreiris.ch\/de\/neem\/\" class=\"read-more\">Weiter lesen<\/a><\/p>\n","protected":false},"author":1,"featured_media":86412,"parent":0,"menu_order":1846,"comment_status":"closed","ping_status":"closed","template":"page-with-child.php","meta":{"_acf_changed":false,"ngg_post_thumbnail":0,"footnotes":""},"class_list":["post-86416","page","type-page","status-publish","has-post-thumbnail","hentry"],"acf":[],"yoast_head":"<!-- This site is optimized with the Yoast SEO plugin v27.5 - https:\/\/yoast.com\/product\/yoast-seo-wordpress\/ -->\n<title>NEEM - WOHLBEFINDEN<\/title>\n<meta name=\"robots\" content=\"index, follow, max-snippet:-1, max-image-preview:large, max-video-preview:-1\" \/>\n<link rel=\"canonical\" href=\"https:\/\/bien-etreiris.ch\/de\/neem\/\" \/>\n<meta property=\"og:locale\" content=\"de_DE\" \/>\n<meta property=\"og:type\" content=\"article\" \/>\n<meta property=\"og:title\" content=\"NEEM - WOHLBEFINDEN\" \/>\n<meta property=\"og:description\" content=\"Soin poudre bio Neem Soin des cheveux naturel et bio - D\u00e9toxifie et purifie le cuir chevelu &nbsp; DESCRIPTION Le Neem est un des piliers de la pharmacop\u00e9e indienne. Il b\u00e9n\u00e9ficie d\u2019une aura quasi sacr\u00e9e en Inde, o\u00f9 l\u2019on tire profit de toutes ses parties (\u00e9corce, fruits, graines, feuilles et bois). En Ayurv\u00e9da, il est consid\u00e9r\u00e9 comme la plante qui&nbsp;Weiter lesen\" \/>\n<meta property=\"og:url\" content=\"https:\/\/bien-etreiris.ch\/de\/neem\/\" \/>\n<meta property=\"og:site_name\" content=\"WOHLBEFINDEN\" \/>\n<meta property=\"article:publisher\" content=\"https:\/\/www.facebook.com\/bienetreiris\/\" \/>\n<meta property=\"article:modified_time\" content=\"2024-08-01T08:35:45+00:00\" \/>\n<meta property=\"og:image\" content=\"https:\/\/bien-etreiris.ch\/wp-content\/uploads\/2024\/08\/neem-poudre.jpg\" \/>\n\t<meta property=\"og:image:width\" content=\"500\" \/>\n\t<meta property=\"og:image:height\" content=\"333\" \/>\n\t<meta property=\"og:image:type\" content=\"image\/jpeg\" \/>\n<meta name=\"twitter:label1\" content=\"Gesch\u00e4tzte Lesezeit\" \/>\n\t<meta name=\"twitter:data1\" content=\"1\u00a0Minute\" \/>\n<script type=\"application\/ld+json\" class=\"yoast-schema-graph\">{\"@context\":\"https:\\\/\\\/schema.org\",\"@graph\":[{\"@type\":\"WebPage\",\"@id\":\"https:\\\/\\\/bien-etreiris.ch\\\/de\\\/neem\\\/\",\"url\":\"https:\\\/\\\/bien-etreiris.ch\\\/de\\\/neem\\\/\",\"name\":\"NEEM - WOHLBEFINDEN\",\"isPartOf\":{\"@id\":\"https:\\\/\\\/bien-etreiris.ch\\\/de\\\/#website\"},\"primaryImageOfPage\":{\"@id\":\"https:\\\/\\\/bien-etreiris.ch\\\/de\\\/neem\\\/#primaryimage\"},\"image\":{\"@id\":\"https:\\\/\\\/bien-etreiris.ch\\\/de\\\/neem\\\/#primaryimage\"},\"thumbnailUrl\":\"https:\\\/\\\/bien-etreiris.ch\\\/wp-content\\\/uploads\\\/2024\\\/08\\\/neem-poudre.jpg\",\"datePublished\":\"2024-08-01T08:32:34+00:00\",\"dateModified\":\"2024-08-01T08:35:45+00:00\",\"breadcrumb\":{\"@id\":\"https:\\\/\\\/bien-etreiris.ch\\\/de\\\/neem\\\/#breadcrumb\"},\"inLanguage\":\"de\",\"potentialAction\":[{\"@type\":\"ReadAction\",\"target\":[\"https:\\\/\\\/bien-etreiris.ch\\\/de\\\/neem\\\/\"]}]},{\"@type\":\"ImageObject\",\"inLanguage\":\"de\",\"@id\":\"https:\\\/\\\/bien-etreiris.ch\\\/de\\\/neem\\\/#primaryimage\",\"url\":\"https:\\\/\\\/bien-etreiris.ch\\\/wp-content\\\/uploads\\\/2024\\\/08\\\/neem-poudre.jpg\",\"contentUrl\":\"https:\\\/\\\/bien-etreiris.ch\\\/wp-content\\\/uploads\\\/2024\\\/08\\\/neem-poudre.jpg\",\"width\":500,\"height\":333},{\"@type\":\"BreadcrumbList\",\"@id\":\"https:\\\/\\\/bien-etreiris.ch\\\/de\\\/neem\\\/#breadcrumb\",\"itemListElement\":[{\"@type\":\"ListItem\",\"position\":1,\"name\":\"Home\",\"item\":\"https:\\\/\\\/bien-etreiris.ch\\\/de\\\/\"},{\"@type\":\"ListItem\",\"position\":2,\"name\":\"NEEM\"}]},{\"@type\":\"WebSite\",\"@id\":\"https:\\\/\\\/bien-etreiris.ch\\\/de\\\/#website\",\"url\":\"https:\\\/\\\/bien-etreiris.ch\\\/de\\\/\",\"name\":\"Bien-\u00eatre Iris\",\"description\":\"IHRE Gesundheit ist uns wichtig\",\"potentialAction\":[{\"@type\":\"SearchAction\",\"target\":{\"@type\":\"EntryPoint\",\"urlTemplate\":\"https:\\\/\\\/bien-etreiris.ch\\\/de\\\/?s={search_term_string}\"},\"query-input\":{\"@type\":\"PropertyValueSpecification\",\"valueRequired\":true,\"valueName\":\"search_term_string\"}}],\"inLanguage\":\"de\"}]}<\/script>\n<!-- \/ Yoast SEO plugin. -->","yoast_head_json":{"title":"NEEM - WOHLBEFINDEN","robots":{"index":"index","follow":"follow","max-snippet":"max-snippet:-1","max-image-preview":"max-image-preview:large","max-video-preview":"max-video-preview:-1"},"canonical":"https:\/\/bien-etreiris.ch\/de\/neem\/","og_locale":"de_DE","og_type":"article","og_title":"NEEM - WOHLBEFINDEN","og_description":"Soin poudre bio Neem Soin des cheveux naturel et bio - D\u00e9toxifie et purifie le cuir chevelu &nbsp; DESCRIPTION Le Neem est un des piliers de la pharmacop\u00e9e indienne. Il b\u00e9n\u00e9ficie d\u2019une aura quasi sacr\u00e9e en Inde, o\u00f9 l\u2019on tire profit de toutes ses parties (\u00e9corce, fruits, graines, feuilles et bois). En Ayurv\u00e9da, il est consid\u00e9r\u00e9 comme la plante qui&nbsp;Weiter lesen","og_url":"https:\/\/bien-etreiris.ch\/de\/neem\/","og_site_name":"WOHLBEFINDEN","article_publisher":"https:\/\/www.facebook.com\/bienetreiris\/","article_modified_time":"2024-08-01T08:35:45+00:00","og_image":[{"width":500,"height":333,"url":"https:\/\/bien-etreiris.ch\/wp-content\/uploads\/2024\/08\/neem-poudre.jpg","type":"image\/jpeg"}],"twitter_misc":{"Gesch\u00e4tzte Lesezeit":"1\u00a0Minute"},"schema":{"@context":"https:\/\/schema.org","@graph":[{"@type":"WebPage","@id":"https:\/\/bien-etreiris.ch\/de\/neem\/","url":"https:\/\/bien-etreiris.ch\/de\/neem\/","name":"NEEM - WOHLBEFINDEN","isPartOf":{"@id":"https:\/\/bien-etreiris.ch\/de\/#website"},"primaryImageOfPage":{"@id":"https:\/\/bien-etreiris.ch\/de\/neem\/#primaryimage"},"image":{"@id":"https:\/\/bien-etreiris.ch\/de\/neem\/#primaryimage"},"thumbnailUrl":"https:\/\/bien-etreiris.ch\/wp-content\/uploads\/2024\/08\/neem-poudre.jpg","datePublished":"2024-08-01T08:32:34+00:00","dateModified":"2024-08-01T08:35:45+00:00","breadcrumb":{"@id":"https:\/\/bien-etreiris.ch\/de\/neem\/#breadcrumb"},"inLanguage":"de","potentialAction":[{"@type":"ReadAction","target":["https:\/\/bien-etreiris.ch\/de\/neem\/"]}]},{"@type":"ImageObject","inLanguage":"de","@id":"https:\/\/bien-etreiris.ch\/de\/neem\/#primaryimage","url":"https:\/\/bien-etreiris.ch\/wp-content\/uploads\/2024\/08\/neem-poudre.jpg","contentUrl":"https:\/\/bien-etreiris.ch\/wp-content\/uploads\/2024\/08\/neem-poudre.jpg","width":500,"height":333},{"@type":"BreadcrumbList","@id":"https:\/\/bien-etreiris.ch\/de\/neem\/#breadcrumb","itemListElement":[{"@type":"ListItem","position":1,"name":"Home","item":"https:\/\/bien-etreiris.ch\/de\/"},{"@type":"ListItem","position":2,"name":"NEEM"}]},{"@type":"WebSite","@id":"https:\/\/bien-etreiris.ch\/de\/#website","url":"https:\/\/bien-etreiris.ch\/de\/","name":"Bien-\u00eatre Iris","description":"IHRE Gesundheit ist uns wichtig","potentialAction":[{"@type":"SearchAction","target":{"@type":"EntryPoint","urlTemplate":"https:\/\/bien-etreiris.ch\/de\/?s={search_term_string}"},"query-input":{"@type":"PropertyValueSpecification","valueRequired":true,"valueName":"search_term_string"}}],"inLanguage":"de"}]}},"_links":{"self":[{"href":"https:\/\/bien-etreiris.ch\/de\/wp-json\/wp\/v2\/pages\/86416","targetHints":{"allow":["GET"]}}],"collection":[{"href":"https:\/\/bien-etreiris.ch\/de\/wp-json\/wp\/v2\/pages"}],"about":[{"href":"https:\/\/bien-etreiris.ch\/de\/wp-json\/wp\/v2\/types\/page"}],"author":[{"embeddable":true,"href":"https:\/\/bien-etreiris.ch\/de\/wp-json\/wp\/v2\/users\/1"}],"replies":[{"embeddable":true,"href":"https:\/\/bien-etreiris.ch\/de\/wp-json\/wp\/v2\/comments?post=86416"}],"version-history":[{"count":1,"href":"https:\/\/bien-etreiris.ch\/de\/wp-json\/wp\/v2\/pages\/86416\/revisions"}],"predecessor-version":[{"id":86419,"href":"https:\/\/bien-etreiris.ch\/de\/wp-json\/wp\/v2\/pages\/86416\/revisions\/86419"}],"wp:featuredmedia":[{"embeddable":true,"href":"https:\/\/bien-etreiris.ch\/de\/wp-json\/wp\/v2\/media\/86412"}],"wp:attachment":[{"href":"https:\/\/bien-etreiris.ch\/de\/wp-json\/wp\/v2\/media?parent=86416"}],"curies":[{"name":"wp","href":"https:\/\/api.w.org\/{rel}","templated":true}]}}