{"id":86041,"date":"2023-04-29T07:53:09","date_gmt":"2023-04-29T05:53:09","guid":{"rendered":"https:\/\/bien-etreiris.ch\/ratgeber-klarheit-beratung\/natuerliche-heilmittel\/kranheiten-a-z\/weitere-erkrankungen\/maladies-vessie\/"},"modified":"2024-09-02T10:49:29","modified_gmt":"2024-09-02T08:49:29","slug":"blasenerkrankung","status":"publish","type":"page","link":"https:\/\/bien-etreiris.ch\/de\/ratgeber-klarheit-beratung\/natuerliche-heilmittel\/kranheiten-a-z\/weitere-erkrankungen\/blasenerkrankung\/","title":{"rendered":"BLASENERKRANKUNG"},"content":{"rendered":"<h2 class=\"font-semibold\">Blasenerkrankungen<\/h2>\n<div class=\"mt-2 category-teaser\">Blasenerkrankungen sind eine l\u00e4stige Erkrankung. Es wird normalerweise durch eine Infektion, oder Pilze, Bakterien oder Viren in den Harnwegen verursacht. Wir zeigen Ihnen, wie Sie eine<strong><span style=\"color: #99cc00;\"><a style=\"color: #99cc00;\" href=\"https:\/\/bien-etreiris.ch\/de\/ratgeber-klarheit-beratung\/natuerliche-heilmittel\/kranheiten-a-z\/entzuendungen\/blasenentzuendung-und-harnwegsinfektionen\/bekaempft-zystitis\/\" target=\"_blank\" rel=\"noopener\"> Blasenentz\u00fcndung<\/a><\/span><\/strong> mit ganzheitlichen Ans\u00e4tzen behandeln k\u00f6nnen.<\/div>\n<p>&nbsp;<\/p>\n<p>&nbsp;<\/p>\n","protected":false},"excerpt":{"rendered":"<p>Blasenerkrankungen Blasenerkrankungen sind eine l\u00e4stige Erkrankung. Es wird normalerweise durch eine Infektion, oder Pilze, Bakterien oder Viren in den Harnwegen verursacht. Wir zeigen Ihnen, wie Sie eine Blasenentz\u00fcndung mit ganzheitlichen Ans\u00e4tzen behandeln k\u00f6nnen. &nbsp; &nbsp;<\/p>\n","protected":false},"author":1,"featured_media":68844,"parent":68797,"menu_order":3673,"comment_status":"closed","ping_status":"closed","template":"page-with-child.php","meta":{"_acf_changed":false,"ngg_post_thumbnail":0,"footnotes":""},"class_list":["post-86041","page","type-page","status-publish","has-post-thumbnail","hentry"],"acf":[],"yoast_head":"<!-- This site is optimized with the Yoast SEO plugin v27.5 - https:\/\/yoast.com\/product\/yoast-seo-wordpress\/ -->\n<title>BLASENERKRANKUNG - WOHLBEFINDEN<\/title>\n<meta name=\"robots\" content=\"index, follow, max-snippet:-1, max-image-preview:large, max-video-preview:-1\" \/>\n<link rel=\"canonical\" href=\"https:\/\/bien-etreiris.ch\/de\/ratgeber-klarheit-beratung\/natuerliche-heilmittel\/kranheiten-a-z\/weitere-erkrankungen\/blasenerkrankung\/\" \/>\n<meta property=\"og:locale\" content=\"de_DE\" \/>\n<meta property=\"og:type\" content=\"article\" \/>\n<meta property=\"og:title\" content=\"BLASENERKRANKUNG - WOHLBEFINDEN\" \/>\n<meta property=\"og:description\" content=\"Blasenerkrankungen Blasenerkrankungen sind eine l\u00e4stige Erkrankung. Es wird normalerweise durch eine Infektion, oder Pilze, Bakterien oder Viren in den Harnwegen verursacht. Wir zeigen Ihnen, wie Sie eine Blasenentz\u00fcndung mit ganzheitlichen Ans\u00e4tzen behandeln k\u00f6nnen. &nbsp; &nbsp;\" \/>\n<meta property=\"og:url\" content=\"https:\/\/bien-etreiris.ch\/de\/ratgeber-klarheit-beratung\/natuerliche-heilmittel\/kranheiten-a-z\/weitere-erkrankungen\/blasenerkrankung\/\" \/>\n<meta property=\"og:site_name\" content=\"WOHLBEFINDEN\" \/>\n<meta property=\"article:publisher\" content=\"https:\/\/www.facebook.com\/bienetreiris\/\" \/>\n<meta property=\"article:modified_time\" content=\"2024-09-02T08:49:29+00:00\" \/>\n<meta property=\"og:image\" content=\"https:\/\/bien-etreiris.ch\/wp-content\/uploads\/2023\/04\/acceuil-maladies-de-la-vessie.jpg\" \/>\n\t<meta property=\"og:image:width\" content=\"500\" \/>\n\t<meta property=\"og:image:height\" content=\"333\" \/>\n\t<meta property=\"og:image:type\" content=\"image\/jpeg\" \/>\n<meta name=\"twitter:label1\" content=\"Gesch\u00e4tzte Lesezeit\" \/>\n\t<meta name=\"twitter:data1\" content=\"1\u00a0Minute\" \/>\n<script type=\"application\/ld+json\" class=\"yoast-schema-graph\">{\"@context\":\"https:\\\/\\\/schema.org\",\"@graph\":[{\"@type\":\"WebPage\",\"@id\":\"https:\\\/\\\/bien-etreiris.ch\\\/de\\\/ratgeber-klarheit-beratung\\\/natuerliche-heilmittel\\\/kranheiten-a-z\\\/weitere-erkrankungen\\\/blasenerkrankung\\\/\",\"url\":\"https:\\\/\\\/bien-etreiris.ch\\\/de\\\/ratgeber-klarheit-beratung\\\/natuerliche-heilmittel\\\/kranheiten-a-z\\\/weitere-erkrankungen\\\/blasenerkrankung\\\/\",\"name\":\"BLASENERKRANKUNG - WOHLBEFINDEN\",\"isPartOf\":{\"@id\":\"https:\\\/\\\/bien-etreiris.ch\\\/de\\\/#website\"},\"primaryImageOfPage\":{\"@id\":\"https:\\\/\\\/bien-etreiris.ch\\\/de\\\/ratgeber-klarheit-beratung\\\/natuerliche-heilmittel\\\/kranheiten-a-z\\\/weitere-erkrankungen\\\/blasenerkrankung\\\/#primaryimage\"},\"image\":{\"@id\":\"https:\\\/\\\/bien-etreiris.ch\\\/de\\\/ratgeber-klarheit-beratung\\\/natuerliche-heilmittel\\\/kranheiten-a-z\\\/weitere-erkrankungen\\\/blasenerkrankung\\\/#primaryimage\"},\"thumbnailUrl\":\"https:\\\/\\\/bien-etreiris.ch\\\/wp-content\\\/uploads\\\/2023\\\/04\\\/acceuil-maladies-de-la-vessie.jpg\",\"datePublished\":\"2023-04-29T05:53:09+00:00\",\"dateModified\":\"2024-09-02T08:49:29+00:00\",\"breadcrumb\":{\"@id\":\"https:\\\/\\\/bien-etreiris.ch\\\/de\\\/ratgeber-klarheit-beratung\\\/natuerliche-heilmittel\\\/kranheiten-a-z\\\/weitere-erkrankungen\\\/blasenerkrankung\\\/#breadcrumb\"},\"inLanguage\":\"de\",\"potentialAction\":[{\"@type\":\"ReadAction\",\"target\":[\"https:\\\/\\\/bien-etreiris.ch\\\/de\\\/ratgeber-klarheit-beratung\\\/natuerliche-heilmittel\\\/kranheiten-a-z\\\/weitere-erkrankungen\\\/blasenerkrankung\\\/\"]}]},{\"@type\":\"ImageObject\",\"inLanguage\":\"de\",\"@id\":\"https:\\\/\\\/bien-etreiris.ch\\\/de\\\/ratgeber-klarheit-beratung\\\/natuerliche-heilmittel\\\/kranheiten-a-z\\\/weitere-erkrankungen\\\/blasenerkrankung\\\/#primaryimage\",\"url\":\"https:\\\/\\\/bien-etreiris.ch\\\/wp-content\\\/uploads\\\/2023\\\/04\\\/acceuil-maladies-de-la-vessie.jpg\",\"contentUrl\":\"https:\\\/\\\/bien-etreiris.ch\\\/wp-content\\\/uploads\\\/2023\\\/04\\\/acceuil-maladies-de-la-vessie.jpg\",\"width\":500,\"height\":333},{\"@type\":\"BreadcrumbList\",\"@id\":\"https:\\\/\\\/bien-etreiris.ch\\\/de\\\/ratgeber-klarheit-beratung\\\/natuerliche-heilmittel\\\/kranheiten-a-z\\\/weitere-erkrankungen\\\/blasenerkrankung\\\/#breadcrumb\",\"itemListElement\":[{\"@type\":\"ListItem\",\"position\":1,\"name\":\"Home\",\"item\":\"https:\\\/\\\/bien-etreiris.ch\\\/de\\\/\"},{\"@type\":\"ListItem\",\"position\":2,\"name\":\"RATGEBER &#038; KLARHEIT\",\"item\":\"https:\\\/\\\/bien-etreiris.ch\\\/de\\\/ratgeber-klarheit-beratung\\\/\"},{\"@type\":\"ListItem\",\"position\":3,\"name\":\"NAT\u00dcRLICHE SUBSTANZEN\",\"item\":\"https:\\\/\\\/bien-etreiris.ch\\\/de\\\/ratgeber-klarheit-beratung\\\/natuerliche-heilmittel\\\/\"},{\"@type\":\"ListItem\",\"position\":4,\"name\":\"KRANKHEITEN A &#8211; Z\",\"item\":\"https:\\\/\\\/bien-etreiris.ch\\\/de\\\/ratgeber-klarheit-beratung\\\/natuerliche-heilmittel\\\/kranheiten-a-z\\\/\"},{\"@type\":\"ListItem\",\"position\":5,\"name\":\"WEITERE ERKRANKUNGEN\",\"item\":\"https:\\\/\\\/bien-etreiris.ch\\\/de\\\/ratgeber-klarheit-beratung\\\/natuerliche-heilmittel\\\/kranheiten-a-z\\\/weitere-erkrankungen\\\/\"},{\"@type\":\"ListItem\",\"position\":6,\"name\":\"BLASENERKRANKUNG\"}]},{\"@type\":\"WebSite\",\"@id\":\"https:\\\/\\\/bien-etreiris.ch\\\/de\\\/#website\",\"url\":\"https:\\\/\\\/bien-etreiris.ch\\\/de\\\/\",\"name\":\"Bien-\u00eatre Iris\",\"description\":\"IHRE Gesundheit ist uns wichtig\",\"potentialAction\":[{\"@type\":\"SearchAction\",\"target\":{\"@type\":\"EntryPoint\",\"urlTemplate\":\"https:\\\/\\\/bien-etreiris.ch\\\/de\\\/?s={search_term_string}\"},\"query-input\":{\"@type\":\"PropertyValueSpecification\",\"valueRequired\":true,\"valueName\":\"search_term_string\"}}],\"inLanguage\":\"de\"}]}<\/script>\n<!-- \/ Yoast SEO plugin. -->","yoast_head_json":{"title":"BLASENERKRANKUNG - WOHLBEFINDEN","robots":{"index":"index","follow":"follow","max-snippet":"max-snippet:-1","max-image-preview":"max-image-preview:large","max-video-preview":"max-video-preview:-1"},"canonical":"https:\/\/bien-etreiris.ch\/de\/ratgeber-klarheit-beratung\/natuerliche-heilmittel\/kranheiten-a-z\/weitere-erkrankungen\/blasenerkrankung\/","og_locale":"de_DE","og_type":"article","og_title":"BLASENERKRANKUNG - WOHLBEFINDEN","og_description":"Blasenerkrankungen Blasenerkrankungen sind eine l\u00e4stige Erkrankung. Es wird normalerweise durch eine Infektion, oder Pilze, Bakterien oder Viren in den Harnwegen verursacht. Wir zeigen Ihnen, wie Sie eine Blasenentz\u00fcndung mit ganzheitlichen Ans\u00e4tzen behandeln k\u00f6nnen. &nbsp; &nbsp;","og_url":"https:\/\/bien-etreiris.ch\/de\/ratgeber-klarheit-beratung\/natuerliche-heilmittel\/kranheiten-a-z\/weitere-erkrankungen\/blasenerkrankung\/","og_site_name":"WOHLBEFINDEN","article_publisher":"https:\/\/www.facebook.com\/bienetreiris\/","article_modified_time":"2024-09-02T08:49:29+00:00","og_image":[{"width":500,"height":333,"url":"https:\/\/bien-etreiris.ch\/wp-content\/uploads\/2023\/04\/acceuil-maladies-de-la-vessie.jpg","type":"image\/jpeg"}],"twitter_misc":{"Gesch\u00e4tzte Lesezeit":"1\u00a0Minute"},"schema":{"@context":"https:\/\/schema.org","@graph":[{"@type":"WebPage","@id":"https:\/\/bien-etreiris.ch\/de\/ratgeber-klarheit-beratung\/natuerliche-heilmittel\/kranheiten-a-z\/weitere-erkrankungen\/blasenerkrankung\/","url":"https:\/\/bien-etreiris.ch\/de\/ratgeber-klarheit-beratung\/natuerliche-heilmittel\/kranheiten-a-z\/weitere-erkrankungen\/blasenerkrankung\/","name":"BLASENERKRANKUNG - WOHLBEFINDEN","isPartOf":{"@id":"https:\/\/bien-etreiris.ch\/de\/#website"},"primaryImageOfPage":{"@id":"https:\/\/bien-etreiris.ch\/de\/ratgeber-klarheit-beratung\/natuerliche-heilmittel\/kranheiten-a-z\/weitere-erkrankungen\/blasenerkrankung\/#primaryimage"},"image":{"@id":"https:\/\/bien-etreiris.ch\/de\/ratgeber-klarheit-beratung\/natuerliche-heilmittel\/kranheiten-a-z\/weitere-erkrankungen\/blasenerkrankung\/#primaryimage"},"thumbnailUrl":"https:\/\/bien-etreiris.ch\/wp-content\/uploads\/2023\/04\/acceuil-maladies-de-la-vessie.jpg","datePublished":"2023-04-29T05:53:09+00:00","dateModified":"2024-09-02T08:49:29+00:00","breadcrumb":{"@id":"https:\/\/bien-etreiris.ch\/de\/ratgeber-klarheit-beratung\/natuerliche-heilmittel\/kranheiten-a-z\/weitere-erkrankungen\/blasenerkrankung\/#breadcrumb"},"inLanguage":"de","potentialAction":[{"@type":"ReadAction","target":["https:\/\/bien-etreiris.ch\/de\/ratgeber-klarheit-beratung\/natuerliche-heilmittel\/kranheiten-a-z\/weitere-erkrankungen\/blasenerkrankung\/"]}]},{"@type":"ImageObject","inLanguage":"de","@id":"https:\/\/bien-etreiris.ch\/de\/ratgeber-klarheit-beratung\/natuerliche-heilmittel\/kranheiten-a-z\/weitere-erkrankungen\/blasenerkrankung\/#primaryimage","url":"https:\/\/bien-etreiris.ch\/wp-content\/uploads\/2023\/04\/acceuil-maladies-de-la-vessie.jpg","contentUrl":"https:\/\/bien-etreiris.ch\/wp-content\/uploads\/2023\/04\/acceuil-maladies-de-la-vessie.jpg","width":500,"height":333},{"@type":"BreadcrumbList","@id":"https:\/\/bien-etreiris.ch\/de\/ratgeber-klarheit-beratung\/natuerliche-heilmittel\/kranheiten-a-z\/weitere-erkrankungen\/blasenerkrankung\/#breadcrumb","itemListElement":[{"@type":"ListItem","position":1,"name":"Home","item":"https:\/\/bien-etreiris.ch\/de\/"},{"@type":"ListItem","position":2,"name":"RATGEBER &#038; KLARHEIT","item":"https:\/\/bien-etreiris.ch\/de\/ratgeber-klarheit-beratung\/"},{"@type":"ListItem","position":3,"name":"NAT\u00dcRLICHE SUBSTANZEN","item":"https:\/\/bien-etreiris.ch\/de\/ratgeber-klarheit-beratung\/natuerliche-heilmittel\/"},{"@type":"ListItem","position":4,"name":"KRANKHEITEN A &#8211; Z","item":"https:\/\/bien-etreiris.ch\/de\/ratgeber-klarheit-beratung\/natuerliche-heilmittel\/kranheiten-a-z\/"},{"@type":"ListItem","position":5,"name":"WEITERE ERKRANKUNGEN","item":"https:\/\/bien-etreiris.ch\/de\/ratgeber-klarheit-beratung\/natuerliche-heilmittel\/kranheiten-a-z\/weitere-erkrankungen\/"},{"@type":"ListItem","position":6,"name":"BLASENERKRANKUNG"}]},{"@type":"WebSite","@id":"https:\/\/bien-etreiris.ch\/de\/#website","url":"https:\/\/bien-etreiris.ch\/de\/","name":"Bien-\u00eatre Iris","description":"IHRE Gesundheit ist uns wichtig","potentialAction":[{"@type":"SearchAction","target":{"@type":"EntryPoint","urlTemplate":"https:\/\/bien-etreiris.ch\/de\/?s={search_term_string}"},"query-input":{"@type":"PropertyValueSpecification","valueRequired":true,"valueName":"search_term_string"}}],"inLanguage":"de"}]}},"_links":{"self":[{"href":"https:\/\/bien-etreiris.ch\/de\/wp-json\/wp\/v2\/pages\/86041","targetHints":{"allow":["GET"]}}],"collection":[{"href":"https:\/\/bien-etreiris.ch\/de\/wp-json\/wp\/v2\/pages"}],"about":[{"href":"https:\/\/bien-etreiris.ch\/de\/wp-json\/wp\/v2\/types\/page"}],"author":[{"embeddable":true,"href":"https:\/\/bien-etreiris.ch\/de\/wp-json\/wp\/v2\/users\/1"}],"replies":[{"embeddable":true,"href":"https:\/\/bien-etreiris.ch\/de\/wp-json\/wp\/v2\/comments?post=86041"}],"version-history":[{"count":2,"href":"https:\/\/bien-etreiris.ch\/de\/wp-json\/wp\/v2\/pages\/86041\/revisions"}],"predecessor-version":[{"id":88392,"href":"https:\/\/bien-etreiris.ch\/de\/wp-json\/wp\/v2\/pages\/86041\/revisions\/88392"}],"up":[{"embeddable":true,"href":"https:\/\/bien-etreiris.ch\/de\/wp-json\/wp\/v2\/pages\/68797"}],"wp:featuredmedia":[{"embeddable":true,"href":"https:\/\/bien-etreiris.ch\/de\/wp-json\/wp\/v2\/media\/68844"}],"wp:attachment":[{"href":"https:\/\/bien-etreiris.ch\/de\/wp-json\/wp\/v2\/media?parent=86041"}],"curies":[{"name":"wp","href":"https:\/\/api.w.org\/{rel}","templated":true}]}}