{"id":85977,"date":"2024-05-28T10:44:53","date_gmt":"2024-05-28T08:44:53","guid":{"rendered":"https:\/\/bien-etreiris.ch\/ratgeber-klarheit-beratung\/gesunder-lebensstil\/naehrstoffe\/substances\/acides-gras\/"},"modified":"2024-12-13T08:53:31","modified_gmt":"2024-12-13T06:53:31","slug":"fettsaeuren","status":"publish","type":"page","link":"https:\/\/bien-etreiris.ch\/de\/ratgeber-klarheit-beratung\/gesunder-lebensstil\/naehrstoffe\/substanzen\/fettsaeuren\/","title":{"rendered":"FETTS\u00e4UREN"},"content":{"rendered":"<h2>Fetts\u00e4uren<\/h2>\n<p>Wir stellen Ihnen die bekanntesten Fette vor und erl\u00e4utern ihre gesundheitlichen Vor- und Nachteile.<\/p>\n<h4>Welche Fetts\u00e4ure ist gesund?<\/h4>\n<p>Gesunde Fette sind zum Beispiel die unges\u00e4ttigten Fetts\u00e4uren. Sie kommen in grossen Mengen in \u00d6len und pflanzlichen Lebensmitteln vor.<\/p>\n<p>Einfach unges\u00e4ttigte Fetts\u00e4uren kommen vor allem in N\u00fcssen, Avocados und pflanzlichen \u00d6len wie Oliven\u00f6l vor (z. B. Omega-9) und sind wichtig f\u00fcr die Aufnahme von Vitaminen durch den K\u00f6rper. Ausserdem k\u00f6nnen sie den Cholesterinspiegel senken.<\/p>\n<h4>\u201eDa der K\u00f6rper sie nicht selbst herstellen kann, m\u00fcssen mehrfach unges\u00e4ttigte Fetts\u00e4uren mit der Nahrung zugef\u00fchrt werden.\u201c<\/h4>\n<p>Sie sind wichtig f\u00fcr gesunde Zellw\u00e4nde, das Gehirn oder einen gesunden Blutdruck. Man unterscheidet hier zwischen Omega-6-Fetts\u00e4uren (in Sonnenblumen\u00f6l, Milchprodukten, Fleisch) und Omega-3-Fetts\u00e4uren (Leindotter\u00f6l, fetter Fisch wie Makrele).<\/p>\n<p>Ges\u00e4ttigte Fetts\u00e4uren sind dagegen weniger gut f\u00fcr die Gesundheit.<\/p>\n<h4><b>Ges\u00e4ttigte Fetts\u00e4uren<\/b> sind sch\u00e4dlich, welche Lebensmittel sollte ich meiden?<\/h4>\n<p>Ges\u00e4ttigte Fetts\u00e4uren sind in tierischen Produkten enthalten: Innereien, Wurstwaren (ausser entschwartetem Schinken), rotem Fleisch (insbesondere Lamm und Ente), Butter, K\u00e4se, Sahne, Vollmilch, Ei.<\/p>\n<p>Ges\u00e4ttigte Fetts\u00e4uren werden oft als \u201eschlechte Fette\u201c bezeichnet, da sie im \u00dcbermass den Cholesterinspiegel erh\u00f6hen k\u00f6nnen - und damit auch das Risiko f\u00fcr Herz-Kreislauf-Erkrankungen und Diabetes.<\/p>\n<p>Allerdings erf\u00fcllen sie auch wichtige Funktionen im K\u00f6rper, z. B. als Botenstoffe f\u00fcr das Nervensystem. Daher ist es sinnvoll, ges\u00e4ttigte Fetts\u00e4uren zu konsumieren, allerdings in Massen.<\/p>\n<h4>\u201eDa der K\u00f6rper sie selbst produziert, m\u00fcssen Veganer keine Angst vor Mangelerscheinungen haben\u201c<\/h4>\n<p>&nbsp;<\/p>\n","protected":false},"excerpt":{"rendered":"<p>Fetts\u00e4uren Wir stellen Ihnen die bekanntesten Fette vor und erl\u00e4utern ihre gesundheitlichen Vor- und Nachteile. Welche Fetts\u00e4ure ist gesund? Gesunde Fette sind zum Beispiel die unges\u00e4ttigten Fetts\u00e4uren. Sie kommen in grossen Mengen in \u00d6len und pflanzlichen Lebensmitteln vor. Einfach unges\u00e4ttigte Fetts\u00e4uren kommen vor allem in N\u00fcssen, Avocados und pflanzlichen \u00d6len wie Oliven\u00f6l vor (z. B. Omega-9) und sind wichtig f\u00fcr&nbsp;<a href=\"https:\/\/bien-etreiris.ch\/de\/ratgeber-klarheit-beratung\/gesunder-lebensstil\/naehrstoffe\/substanzen\/fettsaeuren\/\" class=\"read-more\">Weiter lesen<\/a><\/p>\n","protected":false},"author":1,"featured_media":55728,"parent":85902,"menu_order":1922,"comment_status":"closed","ping_status":"closed","template":"page-with-child.php","meta":{"_acf_changed":false,"ngg_post_thumbnail":0,"footnotes":""},"class_list":["post-85977","page","type-page","status-publish","has-post-thumbnail","hentry"],"acf":[],"yoast_head":"<!-- This site is optimized with the Yoast SEO plugin v27.5 - https:\/\/yoast.com\/product\/yoast-seo-wordpress\/ -->\n<title>FETTS\u00e4UREN - WOHLBEFINDEN<\/title>\n<meta name=\"robots\" content=\"index, follow, max-snippet:-1, max-image-preview:large, max-video-preview:-1\" \/>\n<link rel=\"canonical\" href=\"https:\/\/bien-etreiris.ch\/de\/ratgeber-klarheit-beratung\/gesunder-lebensstil\/naehrstoffe\/substanzen\/fettsaeuren\/\" \/>\n<meta property=\"og:locale\" content=\"de_DE\" \/>\n<meta property=\"og:type\" content=\"article\" \/>\n<meta property=\"og:title\" content=\"FETTS\u00e4UREN - WOHLBEFINDEN\" \/>\n<meta property=\"og:description\" content=\"Fetts\u00e4uren Wir stellen Ihnen die bekanntesten Fette vor und erl\u00e4utern ihre gesundheitlichen Vor- und Nachteile. Welche Fetts\u00e4ure ist gesund? Gesunde Fette sind zum Beispiel die unges\u00e4ttigten Fetts\u00e4uren. Sie kommen in grossen Mengen in \u00d6len und pflanzlichen Lebensmitteln vor. Einfach unges\u00e4ttigte Fetts\u00e4uren kommen vor allem in N\u00fcssen, Avocados und pflanzlichen \u00d6len wie Oliven\u00f6l vor (z. B. Omega-9) und sind wichtig f\u00fcr&nbsp;Weiter lesen\" \/>\n<meta property=\"og:url\" content=\"https:\/\/bien-etreiris.ch\/de\/ratgeber-klarheit-beratung\/gesunder-lebensstil\/naehrstoffe\/substanzen\/fettsaeuren\/\" \/>\n<meta property=\"og:site_name\" content=\"WOHLBEFINDEN\" \/>\n<meta property=\"article:publisher\" content=\"https:\/\/www.facebook.com\/bienetreiris\/\" \/>\n<meta property=\"article:modified_time\" content=\"2024-12-13T06:53:31+00:00\" \/>\n<meta property=\"og:image\" content=\"https:\/\/bien-etreiris.ch\/wp-content\/uploads\/2022\/05\/Acceuil.jpg\" \/>\n\t<meta property=\"og:image:width\" content=\"500\" \/>\n\t<meta property=\"og:image:height\" content=\"332\" \/>\n\t<meta property=\"og:image:type\" content=\"image\/jpeg\" \/>\n<meta name=\"twitter:label1\" content=\"Gesch\u00e4tzte Lesezeit\" \/>\n\t<meta name=\"twitter:data1\" content=\"2\u00a0Minuten\" \/>\n<script type=\"application\/ld+json\" class=\"yoast-schema-graph\">{\"@context\":\"https:\\\/\\\/schema.org\",\"@graph\":[{\"@type\":\"WebPage\",\"@id\":\"https:\\\/\\\/bien-etreiris.ch\\\/de\\\/ratgeber-klarheit-beratung\\\/gesunder-lebensstil\\\/naehrstoffe\\\/substanzen\\\/fettsaeuren\\\/\",\"url\":\"https:\\\/\\\/bien-etreiris.ch\\\/de\\\/ratgeber-klarheit-beratung\\\/gesunder-lebensstil\\\/naehrstoffe\\\/substanzen\\\/fettsaeuren\\\/\",\"name\":\"FETTS\u00e4UREN - WOHLBEFINDEN\",\"isPartOf\":{\"@id\":\"https:\\\/\\\/bien-etreiris.ch\\\/de\\\/#website\"},\"primaryImageOfPage\":{\"@id\":\"https:\\\/\\\/bien-etreiris.ch\\\/de\\\/ratgeber-klarheit-beratung\\\/gesunder-lebensstil\\\/naehrstoffe\\\/substanzen\\\/fettsaeuren\\\/#primaryimage\"},\"image\":{\"@id\":\"https:\\\/\\\/bien-etreiris.ch\\\/de\\\/ratgeber-klarheit-beratung\\\/gesunder-lebensstil\\\/naehrstoffe\\\/substanzen\\\/fettsaeuren\\\/#primaryimage\"},\"thumbnailUrl\":\"https:\\\/\\\/bien-etreiris.ch\\\/wp-content\\\/uploads\\\/2022\\\/05\\\/Acceuil.jpg\",\"datePublished\":\"2024-05-28T08:44:53+00:00\",\"dateModified\":\"2024-12-13T06:53:31+00:00\",\"breadcrumb\":{\"@id\":\"https:\\\/\\\/bien-etreiris.ch\\\/de\\\/ratgeber-klarheit-beratung\\\/gesunder-lebensstil\\\/naehrstoffe\\\/substanzen\\\/fettsaeuren\\\/#breadcrumb\"},\"inLanguage\":\"de\",\"potentialAction\":[{\"@type\":\"ReadAction\",\"target\":[\"https:\\\/\\\/bien-etreiris.ch\\\/de\\\/ratgeber-klarheit-beratung\\\/gesunder-lebensstil\\\/naehrstoffe\\\/substanzen\\\/fettsaeuren\\\/\"]}]},{\"@type\":\"ImageObject\",\"inLanguage\":\"de\",\"@id\":\"https:\\\/\\\/bien-etreiris.ch\\\/de\\\/ratgeber-klarheit-beratung\\\/gesunder-lebensstil\\\/naehrstoffe\\\/substanzen\\\/fettsaeuren\\\/#primaryimage\",\"url\":\"https:\\\/\\\/bien-etreiris.ch\\\/wp-content\\\/uploads\\\/2022\\\/05\\\/Acceuil.jpg\",\"contentUrl\":\"https:\\\/\\\/bien-etreiris.ch\\\/wp-content\\\/uploads\\\/2022\\\/05\\\/Acceuil.jpg\",\"width\":500,\"height\":332},{\"@type\":\"BreadcrumbList\",\"@id\":\"https:\\\/\\\/bien-etreiris.ch\\\/de\\\/ratgeber-klarheit-beratung\\\/gesunder-lebensstil\\\/naehrstoffe\\\/substanzen\\\/fettsaeuren\\\/#breadcrumb\",\"itemListElement\":[{\"@type\":\"ListItem\",\"position\":1,\"name\":\"Home\",\"item\":\"https:\\\/\\\/bien-etreiris.ch\\\/de\\\/\"},{\"@type\":\"ListItem\",\"position\":2,\"name\":\"RATGEBER &#038; KLARHEIT\",\"item\":\"https:\\\/\\\/bien-etreiris.ch\\\/de\\\/ratgeber-klarheit-beratung\\\/\"},{\"@type\":\"ListItem\",\"position\":3,\"name\":\"GESUNDER LEBENSSTIL\",\"item\":\"https:\\\/\\\/bien-etreiris.ch\\\/de\\\/ratgeber-klarheit-beratung\\\/gesunder-lebensstil\\\/\"},{\"@type\":\"ListItem\",\"position\":4,\"name\":\"N\u00c4HRSTOFFE\",\"item\":\"https:\\\/\\\/bien-etreiris.ch\\\/de\\\/ratgeber-klarheit-beratung\\\/naehrstoffe\\\/\"},{\"@type\":\"ListItem\",\"position\":5,\"name\":\"SUBSTANZEN\",\"item\":\"https:\\\/\\\/bien-etreiris.ch\\\/de\\\/ratgeber-klarheit-beratung\\\/gesunder-lebensstil\\\/naehrstoffe\\\/substanzen\\\/\"},{\"@type\":\"ListItem\",\"position\":6,\"name\":\"FETTS\u00e4UREN\"}]},{\"@type\":\"WebSite\",\"@id\":\"https:\\\/\\\/bien-etreiris.ch\\\/de\\\/#website\",\"url\":\"https:\\\/\\\/bien-etreiris.ch\\\/de\\\/\",\"name\":\"Bien-\u00eatre Iris\",\"description\":\"IHRE Gesundheit ist uns wichtig\",\"potentialAction\":[{\"@type\":\"SearchAction\",\"target\":{\"@type\":\"EntryPoint\",\"urlTemplate\":\"https:\\\/\\\/bien-etreiris.ch\\\/de\\\/?s={search_term_string}\"},\"query-input\":{\"@type\":\"PropertyValueSpecification\",\"valueRequired\":true,\"valueName\":\"search_term_string\"}}],\"inLanguage\":\"de\"}]}<\/script>\n<!-- \/ Yoast SEO plugin. -->","yoast_head_json":{"title":"FETTS\u00e4UREN - WOHLBEFINDEN","robots":{"index":"index","follow":"follow","max-snippet":"max-snippet:-1","max-image-preview":"max-image-preview:large","max-video-preview":"max-video-preview:-1"},"canonical":"https:\/\/bien-etreiris.ch\/de\/ratgeber-klarheit-beratung\/gesunder-lebensstil\/naehrstoffe\/substanzen\/fettsaeuren\/","og_locale":"de_DE","og_type":"article","og_title":"FETTS\u00e4UREN - WOHLBEFINDEN","og_description":"Fetts\u00e4uren Wir stellen Ihnen die bekanntesten Fette vor und erl\u00e4utern ihre gesundheitlichen Vor- und Nachteile. Welche Fetts\u00e4ure ist gesund? Gesunde Fette sind zum Beispiel die unges\u00e4ttigten Fetts\u00e4uren. Sie kommen in grossen Mengen in \u00d6len und pflanzlichen Lebensmitteln vor. Einfach unges\u00e4ttigte Fetts\u00e4uren kommen vor allem in N\u00fcssen, Avocados und pflanzlichen \u00d6len wie Oliven\u00f6l vor (z. B. Omega-9) und sind wichtig f\u00fcr&nbsp;Weiter lesen","og_url":"https:\/\/bien-etreiris.ch\/de\/ratgeber-klarheit-beratung\/gesunder-lebensstil\/naehrstoffe\/substanzen\/fettsaeuren\/","og_site_name":"WOHLBEFINDEN","article_publisher":"https:\/\/www.facebook.com\/bienetreiris\/","article_modified_time":"2024-12-13T06:53:31+00:00","og_image":[{"width":500,"height":332,"url":"https:\/\/bien-etreiris.ch\/wp-content\/uploads\/2022\/05\/Acceuil.jpg","type":"image\/jpeg"}],"twitter_misc":{"Gesch\u00e4tzte Lesezeit":"2\u00a0Minuten"},"schema":{"@context":"https:\/\/schema.org","@graph":[{"@type":"WebPage","@id":"https:\/\/bien-etreiris.ch\/de\/ratgeber-klarheit-beratung\/gesunder-lebensstil\/naehrstoffe\/substanzen\/fettsaeuren\/","url":"https:\/\/bien-etreiris.ch\/de\/ratgeber-klarheit-beratung\/gesunder-lebensstil\/naehrstoffe\/substanzen\/fettsaeuren\/","name":"FETTS\u00e4UREN - WOHLBEFINDEN","isPartOf":{"@id":"https:\/\/bien-etreiris.ch\/de\/#website"},"primaryImageOfPage":{"@id":"https:\/\/bien-etreiris.ch\/de\/ratgeber-klarheit-beratung\/gesunder-lebensstil\/naehrstoffe\/substanzen\/fettsaeuren\/#primaryimage"},"image":{"@id":"https:\/\/bien-etreiris.ch\/de\/ratgeber-klarheit-beratung\/gesunder-lebensstil\/naehrstoffe\/substanzen\/fettsaeuren\/#primaryimage"},"thumbnailUrl":"https:\/\/bien-etreiris.ch\/wp-content\/uploads\/2022\/05\/Acceuil.jpg","datePublished":"2024-05-28T08:44:53+00:00","dateModified":"2024-12-13T06:53:31+00:00","breadcrumb":{"@id":"https:\/\/bien-etreiris.ch\/de\/ratgeber-klarheit-beratung\/gesunder-lebensstil\/naehrstoffe\/substanzen\/fettsaeuren\/#breadcrumb"},"inLanguage":"de","potentialAction":[{"@type":"ReadAction","target":["https:\/\/bien-etreiris.ch\/de\/ratgeber-klarheit-beratung\/gesunder-lebensstil\/naehrstoffe\/substanzen\/fettsaeuren\/"]}]},{"@type":"ImageObject","inLanguage":"de","@id":"https:\/\/bien-etreiris.ch\/de\/ratgeber-klarheit-beratung\/gesunder-lebensstil\/naehrstoffe\/substanzen\/fettsaeuren\/#primaryimage","url":"https:\/\/bien-etreiris.ch\/wp-content\/uploads\/2022\/05\/Acceuil.jpg","contentUrl":"https:\/\/bien-etreiris.ch\/wp-content\/uploads\/2022\/05\/Acceuil.jpg","width":500,"height":332},{"@type":"BreadcrumbList","@id":"https:\/\/bien-etreiris.ch\/de\/ratgeber-klarheit-beratung\/gesunder-lebensstil\/naehrstoffe\/substanzen\/fettsaeuren\/#breadcrumb","itemListElement":[{"@type":"ListItem","position":1,"name":"Home","item":"https:\/\/bien-etreiris.ch\/de\/"},{"@type":"ListItem","position":2,"name":"RATGEBER &#038; KLARHEIT","item":"https:\/\/bien-etreiris.ch\/de\/ratgeber-klarheit-beratung\/"},{"@type":"ListItem","position":3,"name":"GESUNDER LEBENSSTIL","item":"https:\/\/bien-etreiris.ch\/de\/ratgeber-klarheit-beratung\/gesunder-lebensstil\/"},{"@type":"ListItem","position":4,"name":"N\u00c4HRSTOFFE","item":"https:\/\/bien-etreiris.ch\/de\/ratgeber-klarheit-beratung\/naehrstoffe\/"},{"@type":"ListItem","position":5,"name":"SUBSTANZEN","item":"https:\/\/bien-etreiris.ch\/de\/ratgeber-klarheit-beratung\/gesunder-lebensstil\/naehrstoffe\/substanzen\/"},{"@type":"ListItem","position":6,"name":"FETTS\u00e4UREN"}]},{"@type":"WebSite","@id":"https:\/\/bien-etreiris.ch\/de\/#website","url":"https:\/\/bien-etreiris.ch\/de\/","name":"Bien-\u00eatre Iris","description":"IHRE Gesundheit ist uns wichtig","potentialAction":[{"@type":"SearchAction","target":{"@type":"EntryPoint","urlTemplate":"https:\/\/bien-etreiris.ch\/de\/?s={search_term_string}"},"query-input":{"@type":"PropertyValueSpecification","valueRequired":true,"valueName":"search_term_string"}}],"inLanguage":"de"}]}},"_links":{"self":[{"href":"https:\/\/bien-etreiris.ch\/de\/wp-json\/wp\/v2\/pages\/85977","targetHints":{"allow":["GET"]}}],"collection":[{"href":"https:\/\/bien-etreiris.ch\/de\/wp-json\/wp\/v2\/pages"}],"about":[{"href":"https:\/\/bien-etreiris.ch\/de\/wp-json\/wp\/v2\/types\/page"}],"author":[{"embeddable":true,"href":"https:\/\/bien-etreiris.ch\/de\/wp-json\/wp\/v2\/users\/1"}],"replies":[{"embeddable":true,"href":"https:\/\/bien-etreiris.ch\/de\/wp-json\/wp\/v2\/comments?post=85977"}],"version-history":[{"count":5,"href":"https:\/\/bien-etreiris.ch\/de\/wp-json\/wp\/v2\/pages\/85977\/revisions"}],"predecessor-version":[{"id":94032,"href":"https:\/\/bien-etreiris.ch\/de\/wp-json\/wp\/v2\/pages\/85977\/revisions\/94032"}],"up":[{"embeddable":true,"href":"https:\/\/bien-etreiris.ch\/de\/wp-json\/wp\/v2\/pages\/85902"}],"wp:featuredmedia":[{"embeddable":true,"href":"https:\/\/bien-etreiris.ch\/de\/wp-json\/wp\/v2\/media\/55728"}],"wp:attachment":[{"href":"https:\/\/bien-etreiris.ch\/de\/wp-json\/wp\/v2\/media?parent=85977"}],"curies":[{"name":"wp","href":"https:\/\/api.w.org\/{rel}","templated":true}]}}