{"id":85255,"date":"2024-04-12T17:42:54","date_gmt":"2024-04-12T15:42:54","guid":{"rendered":"https:\/\/bien-etreiris.ch\/ratgeber-klarheit-beratung\/gesunder-lebensstil\/behandlungsmethoden\/mtc\/"},"modified":"2024-04-25T08:16:05","modified_gmt":"2024-04-25T06:16:05","slug":"tcm","status":"publish","type":"page","link":"https:\/\/bien-etreiris.ch\/de\/ratgeber-klarheit-beratung\/gesunder-lebensstil\/alternativen-mittel\/tcm\/","title":{"rendered":"TCM"},"content":{"rendered":"<div class=\"relative sm:rounded-md sm:overflow-hidden\">\n<div class=\"relative bg-white rounded-t-2xl sm:rounded-none print:rounded-none p-6 space-y-4 break-word\">\n<h2>Traditionelle chinesische Medizin<\/h2>\n<p class=\"content\">Die Traditionelle Chinesische Medizin nimmt an, dass der menschliche K\u00f6rper Krankheiten bew\u00e4ltigen und sich wieder erholen kann, wenn er sich im Gleichgewicht befindet.<\/p>\n<div class=\"flex flex-col sm:flex-row justify-between text\">\n<div>&nbsp;<\/div>\n<div>\n<div class=\"mt-1\">&nbsp;<\/div>\n<\/div>\n<\/div>\n<\/div>\n<\/div>\n<div class=\"bg-lime-50 border border-lime-100 p-6 sm:rounded-md noprint\">&nbsp;<\/div>\n<div class=\"content\">\n<h2 id=\"TCM - Der Mensch als Ganzes\">TCM - Der Mensch als Ganzes<\/h2>\n<p>Die traditionelle chinesische Medizin (kurz: TCM) sieht die Medizin nicht als eine rein auf den K\u00f6rper bezogene Wissenschaft. Der Mensch ist vielmehr eine Art energetisches Gef\u00fcge, das in der TCM auch als ein solches behandelt wird. Die philosophischen Eckpfeiler der chinesischen Medizin sind der Taoismus (geht von der N\u00e4he des Menschen zur Natur aus und wertet empirisch aus) und der Konfuzianismus (hier steht das Finden von Strukturen, Systemen und formalistischen L\u00f6sungen im Mittelpunkt).<\/p>\n<div class=\"noprint\" data-index=\"\" data-slot=\"incontent-1\">&nbsp;<\/div>\n<p>Grundbegriffe der TCM sind Yin und Yang. Dieses Wertpaar stellt zwei Gegenpole dar, die in rhythmischer Rivalit\u00e4t einander bedingen und erg\u00e4nzen.<\/p>\n<p>&nbsp;<\/p>\n<table>\n<tbody>\n<tr>\n<td><strong>Yang<\/strong><\/td>\n<td><strong>Yin<\/strong><\/td>\n<\/tr>\n<tr>\n<td>Himmel<\/td>\n<td>Erde<\/td>\n<\/tr>\n<tr>\n<td>Sonne<\/td>\n<td>Mond<\/td>\n<\/tr>\n<tr>\n<td>Tag<\/td>\n<td>Nacht<\/td>\n<\/tr>\n<tr>\n<td>Sommer<\/td>\n<td>Winter<\/td>\n<\/tr>\n<tr>\n<td>warm<\/td>\n<td>kalt<\/td>\n<\/tr>\n<tr>\n<td>aussen<\/td>\n<td>innen<\/td>\n<\/tr>\n<tr>\n<td>hell<\/td>\n<td>dunkel<\/td>\n<\/tr>\n<tr>\n<td>bewegt<\/td>\n<td>ruhend<\/td>\n<\/tr>\n<tr>\n<td>hart<\/td>\n<td>weich<\/td>\n<\/tr>\n<tr>\n<td>ungradz\u00e4hlig<\/td>\n<td>gradz\u00e4hlig<\/td>\n<\/tr>\n<tr>\n<td>expandierend<\/td>\n<td>aufnehmend<\/td>\n<\/tr>\n<tr>\n<td>aktives<\/td>\n<td>stoffliches<\/td>\n<\/tr>\n<\/tbody>\n<\/table>\n<\/div>\n<p>&nbsp;<\/p>\n<p>&nbsp;<\/p>\n<div class=\"content\">\n<p>Ein weiterer Grundbegriff ist Qi und Xue. Qi ist der Begriff f\u00fcr die aktive Lebensenergie und beinhaltet alle energetischen \u00c4usserungen des Lebens. Das Qi hat die Aufgabe, das Xue zu bewegen. Xue (die S\u00e4fte, das Blut, stoffliche Energietr\u00e4ger) ist der stoffliche Gegenpol zum Qi. Ohne S\u00e4fte entsteht keine Energie, ohne die Energie werden die S\u00e4fte nicht bewegt, sie fliessen nicht, es kommt zu Stockungen, Verdichtungen. Diese beiden Energietr\u00e4ger befinden sich in einem aus Leitbahnen bestehenden Fliesssystem - diese Leitbahnen sind der Akupunktur zug\u00e4nglich.<\/p>\n<p>Schliesslich kennen wir noch Jing und Shen. Jing ist die angeborene Konstitution, unser \"Lebenskonto\". Shen ist die aktive Kraft, aber auch ein Teil der universellen Kraft (fliesst nach dem Tod wieder ins Universum).<\/p>\n<p>Auch die Wandlungsphasen sind Grundbegriffe der TCM. Es sind f\u00fcnf Phasen die beschreiben die zeitlichen, rhythmischen Abl\u00e4ufe, die sich zyklisch gegenseitig bedingen und abl\u00f6sen. Der Verlauf entspricht der Position der Erde in Bezug auf den Sonnenlauf.<\/p>\n<p>&nbsp;<\/p>\n<h4 id=\"Der Mensch als Teil des Ganzen\">Der Mensch als Teil des Ganzen<\/h4>\n<p>Im chinesischen Denken ist der Mensch ein Teil des Kosmos zwischen Himmel und Erde. Er ist den Umwelteinfl\u00fcssen ausgesetzt und hat wiederum ganz individuelle M\u00f6glichkeiten, darauf zu reagieren. Alle menschlichen Ph\u00e4nomene, die einer Wandlungsphase entsprechen, bilden einen so genannten Funktionskreis. Es gibt f\u00fcnf Funktionskreise, die die wesentlichen gesunden und krankhaften klinischen Zust\u00e4nde des Menschen erfassen.<\/p>\n<p>Die chinesische Medizin besch\u00e4ftigt sich bei der Behandlung nicht mit der Vergangenheit, da diese nicht mehr zu ver\u00e4ndern ist. Sie konzentriert sich auf die aktuellen Zust\u00e4nde und auf aktuell m\u00f6gliche Ver\u00e4nderungen. Die Therapieverfahren der TCM sind <strong>Akupunktur, Moxibustion<\/strong>, chinesische Arzneimittel, die chinesische Di\u00e4tetik, die <strong>Bewegungstherapie<\/strong>, Qi-Gong und <strong>Tai Chi<\/strong>.<\/p>\n<\/div>\n<div class=\"mt-6 noprint p-8 rounded-lg shadow-md text-lg\">\n<p class=\"text-gray-800 mb-4\">&nbsp;<\/p>\n<\/div>\n<div class=\"mt-6 noprint\">\n<h4>Wichtiger Hinweis<\/h4>\n<p>Dieser Artikel wurde auf Grundlage (zur Zeit der Ver\u00f6ffentlichung) aktueller Studien verfasst und von MedizinerInnen gepr\u00fcft, darf aber nicht zur Selbstdiagnose oder Selbstbehandlung genutzt werden, ersetzt also nicht den Besuch bei Ihrem Arzt. Besprechen Sie daher jede Massnahme (ob aus diesem oder einem anderen unserer Artikel) immer zuerst mit Ihrem Arzt.<\/p>\n<\/div>\n<div>\n<div class=\"mt-1\">Zentrum der Gesundheit - Autor: <a class=\"font-semibold mr-1 after:content-[','] last:after:hidden\" href=\"https:\/\/www.zentrum-der-gesundheit.de\/autoren\" data-auto-event-observed=\"true\">Susanne Meier - <\/a>Aktualisiert: 03 April 2024<\/div>\n<\/div>\n","protected":false},"excerpt":{"rendered":"<p>Traditionelle chinesische Medizin Die Traditionelle Chinesische Medizin nimmt an, dass der menschliche K\u00f6rper Krankheiten bew\u00e4ltigen und sich wieder erholen kann, wenn er sich im Gleichgewicht befindet. &nbsp; &nbsp; &nbsp; TCM - Der Mensch als Ganzes Die traditionelle chinesische Medizin (kurz: TCM) sieht die Medizin nicht als eine rein auf den K\u00f6rper bezogene Wissenschaft. Der Mensch ist vielmehr eine Art energetisches&nbsp;<a href=\"https:\/\/bien-etreiris.ch\/de\/ratgeber-klarheit-beratung\/gesunder-lebensstil\/alternativen-mittel\/tcm\/\" class=\"read-more\">Weiter lesen<\/a><\/p>\n","protected":false},"author":1,"featured_media":85258,"parent":93423,"menu_order":2029,"comment_status":"closed","ping_status":"closed","template":"page-with-child.php","meta":{"_acf_changed":false,"ngg_post_thumbnail":0,"footnotes":""},"class_list":["post-85255","page","type-page","status-publish","has-post-thumbnail","hentry"],"acf":[],"yoast_head":"<!-- This site is optimized with the Yoast SEO plugin v27.5 - https:\/\/yoast.com\/product\/yoast-seo-wordpress\/ -->\n<title>TCM - WOHLBEFINDEN<\/title>\n<meta name=\"robots\" content=\"index, follow, max-snippet:-1, max-image-preview:large, max-video-preview:-1\" \/>\n<link rel=\"canonical\" href=\"https:\/\/bien-etreiris.ch\/de\/ratgeber-klarheit-beratung\/gesunder-lebensstil\/behandlungsformen\/tcm\/\" \/>\n<meta property=\"og:locale\" content=\"de_DE\" \/>\n<meta property=\"og:type\" content=\"article\" \/>\n<meta property=\"og:title\" content=\"TCM - WOHLBEFINDEN\" \/>\n<meta property=\"og:description\" content=\"Traditionelle chinesische Medizin Die Traditionelle Chinesische Medizin nimmt an, dass der menschliche K\u00f6rper Krankheiten bew\u00e4ltigen und sich wieder erholen kann, wenn er sich im Gleichgewicht befindet. &nbsp; &nbsp; &nbsp; TCM - Der Mensch als Ganzes Die traditionelle chinesische Medizin (kurz: TCM) sieht die Medizin nicht als eine rein auf den K\u00f6rper bezogene Wissenschaft. Der Mensch ist vielmehr eine Art energetisches&nbsp;Weiter lesen\" \/>\n<meta property=\"og:url\" content=\"https:\/\/bien-etreiris.ch\/de\/ratgeber-klarheit-beratung\/gesunder-lebensstil\/behandlungsformen\/tcm\/\" \/>\n<meta property=\"og:site_name\" content=\"WOHLBEFINDEN\" \/>\n<meta property=\"article:publisher\" content=\"https:\/\/www.facebook.com\/bienetreiris\/\" \/>\n<meta property=\"article:modified_time\" content=\"2024-04-25T06:16:05+00:00\" \/>\n<meta property=\"og:image\" content=\"https:\/\/bien-etreiris.ch\/wp-content\/uploads\/2024\/04\/Acceuil-TCM-MTC.jpg\" \/>\n\t<meta property=\"og:image:width\" content=\"500\" \/>\n\t<meta property=\"og:image:height\" content=\"333\" \/>\n\t<meta property=\"og:image:type\" content=\"image\/jpeg\" \/>\n<meta name=\"twitter:label1\" content=\"Gesch\u00e4tzte Lesezeit\" \/>\n\t<meta name=\"twitter:data1\" content=\"3\u00a0Minuten\" \/>\n<script type=\"application\/ld+json\" class=\"yoast-schema-graph\">{\"@context\":\"https:\\\/\\\/schema.org\",\"@graph\":[{\"@type\":\"WebPage\",\"@id\":\"https:\\\/\\\/bien-etreiris.ch\\\/de\\\/ratgeber-klarheit-beratung\\\/gesunder-lebensstil\\\/behandlungsformen\\\/tcm\\\/\",\"url\":\"https:\\\/\\\/bien-etreiris.ch\\\/de\\\/ratgeber-klarheit-beratung\\\/gesunder-lebensstil\\\/behandlungsformen\\\/tcm\\\/\",\"name\":\"TCM - WOHLBEFINDEN\",\"isPartOf\":{\"@id\":\"https:\\\/\\\/bien-etreiris.ch\\\/de\\\/#website\"},\"primaryImageOfPage\":{\"@id\":\"https:\\\/\\\/bien-etreiris.ch\\\/de\\\/ratgeber-klarheit-beratung\\\/gesunder-lebensstil\\\/behandlungsformen\\\/tcm\\\/#primaryimage\"},\"image\":{\"@id\":\"https:\\\/\\\/bien-etreiris.ch\\\/de\\\/ratgeber-klarheit-beratung\\\/gesunder-lebensstil\\\/behandlungsformen\\\/tcm\\\/#primaryimage\"},\"thumbnailUrl\":\"https:\\\/\\\/bien-etreiris.ch\\\/wp-content\\\/uploads\\\/2024\\\/04\\\/Acceuil-TCM-MTC.jpg\",\"datePublished\":\"2024-04-12T15:42:54+00:00\",\"dateModified\":\"2024-04-25T06:16:05+00:00\",\"breadcrumb\":{\"@id\":\"https:\\\/\\\/bien-etreiris.ch\\\/de\\\/ratgeber-klarheit-beratung\\\/gesunder-lebensstil\\\/behandlungsformen\\\/tcm\\\/#breadcrumb\"},\"inLanguage\":\"de\",\"potentialAction\":[{\"@type\":\"ReadAction\",\"target\":[\"https:\\\/\\\/bien-etreiris.ch\\\/de\\\/ratgeber-klarheit-beratung\\\/gesunder-lebensstil\\\/behandlungsformen\\\/tcm\\\/\"]}]},{\"@type\":\"ImageObject\",\"inLanguage\":\"de\",\"@id\":\"https:\\\/\\\/bien-etreiris.ch\\\/de\\\/ratgeber-klarheit-beratung\\\/gesunder-lebensstil\\\/behandlungsformen\\\/tcm\\\/#primaryimage\",\"url\":\"https:\\\/\\\/bien-etreiris.ch\\\/wp-content\\\/uploads\\\/2024\\\/04\\\/Acceuil-TCM-MTC.jpg\",\"contentUrl\":\"https:\\\/\\\/bien-etreiris.ch\\\/wp-content\\\/uploads\\\/2024\\\/04\\\/Acceuil-TCM-MTC.jpg\",\"width\":500,\"height\":333},{\"@type\":\"BreadcrumbList\",\"@id\":\"https:\\\/\\\/bien-etreiris.ch\\\/de\\\/ratgeber-klarheit-beratung\\\/gesunder-lebensstil\\\/behandlungsformen\\\/tcm\\\/#breadcrumb\",\"itemListElement\":[{\"@type\":\"ListItem\",\"position\":1,\"name\":\"Home\",\"item\":\"https:\\\/\\\/bien-etreiris.ch\\\/de\\\/\"},{\"@type\":\"ListItem\",\"position\":2,\"name\":\"RATGEBER &#038; KLARHEIT\",\"item\":\"https:\\\/\\\/bien-etreiris.ch\\\/de\\\/ratgeber-klarheit-beratung\\\/\"},{\"@type\":\"ListItem\",\"position\":3,\"name\":\"GESUNDER LEBENSSTIL\",\"item\":\"https:\\\/\\\/bien-etreiris.ch\\\/de\\\/ratgeber-klarheit-beratung\\\/gesunder-lebensstil\\\/\"},{\"@type\":\"ListItem\",\"position\":4,\"name\":\"BEHANDLUNGSFORMEN\",\"item\":\"https:\\\/\\\/bien-etreiris.ch\\\/de\\\/ratgeber-klarheit-beratung\\\/gesunder-lebensstil\\\/behandlungsformen\\\/\"},{\"@type\":\"ListItem\",\"position\":5,\"name\":\"TCM\"}]},{\"@type\":\"WebSite\",\"@id\":\"https:\\\/\\\/bien-etreiris.ch\\\/de\\\/#website\",\"url\":\"https:\\\/\\\/bien-etreiris.ch\\\/de\\\/\",\"name\":\"Bien-\u00eatre Iris\",\"description\":\"IHRE Gesundheit ist uns wichtig\",\"potentialAction\":[{\"@type\":\"SearchAction\",\"target\":{\"@type\":\"EntryPoint\",\"urlTemplate\":\"https:\\\/\\\/bien-etreiris.ch\\\/de\\\/?s={search_term_string}\"},\"query-input\":{\"@type\":\"PropertyValueSpecification\",\"valueRequired\":true,\"valueName\":\"search_term_string\"}}],\"inLanguage\":\"de\"}]}<\/script>\n<!-- \/ Yoast SEO plugin. -->","yoast_head_json":{"title":"TCM - WOHLBEFINDEN","robots":{"index":"index","follow":"follow","max-snippet":"max-snippet:-1","max-image-preview":"max-image-preview:large","max-video-preview":"max-video-preview:-1"},"canonical":"https:\/\/bien-etreiris.ch\/de\/ratgeber-klarheit-beratung\/gesunder-lebensstil\/behandlungsformen\/tcm\/","og_locale":"de_DE","og_type":"article","og_title":"TCM - WOHLBEFINDEN","og_description":"Traditionelle chinesische Medizin Die Traditionelle Chinesische Medizin nimmt an, dass der menschliche K\u00f6rper Krankheiten bew\u00e4ltigen und sich wieder erholen kann, wenn er sich im Gleichgewicht befindet. &nbsp; &nbsp; &nbsp; TCM - Der Mensch als Ganzes Die traditionelle chinesische Medizin (kurz: TCM) sieht die Medizin nicht als eine rein auf den K\u00f6rper bezogene Wissenschaft. Der Mensch ist vielmehr eine Art energetisches&nbsp;Weiter lesen","og_url":"https:\/\/bien-etreiris.ch\/de\/ratgeber-klarheit-beratung\/gesunder-lebensstil\/behandlungsformen\/tcm\/","og_site_name":"WOHLBEFINDEN","article_publisher":"https:\/\/www.facebook.com\/bienetreiris\/","article_modified_time":"2024-04-25T06:16:05+00:00","og_image":[{"width":500,"height":333,"url":"https:\/\/bien-etreiris.ch\/wp-content\/uploads\/2024\/04\/Acceuil-TCM-MTC.jpg","type":"image\/jpeg"}],"twitter_misc":{"Gesch\u00e4tzte Lesezeit":"3\u00a0Minuten"},"schema":{"@context":"https:\/\/schema.org","@graph":[{"@type":"WebPage","@id":"https:\/\/bien-etreiris.ch\/de\/ratgeber-klarheit-beratung\/gesunder-lebensstil\/behandlungsformen\/tcm\/","url":"https:\/\/bien-etreiris.ch\/de\/ratgeber-klarheit-beratung\/gesunder-lebensstil\/behandlungsformen\/tcm\/","name":"TCM - WOHLBEFINDEN","isPartOf":{"@id":"https:\/\/bien-etreiris.ch\/de\/#website"},"primaryImageOfPage":{"@id":"https:\/\/bien-etreiris.ch\/de\/ratgeber-klarheit-beratung\/gesunder-lebensstil\/behandlungsformen\/tcm\/#primaryimage"},"image":{"@id":"https:\/\/bien-etreiris.ch\/de\/ratgeber-klarheit-beratung\/gesunder-lebensstil\/behandlungsformen\/tcm\/#primaryimage"},"thumbnailUrl":"https:\/\/bien-etreiris.ch\/wp-content\/uploads\/2024\/04\/Acceuil-TCM-MTC.jpg","datePublished":"2024-04-12T15:42:54+00:00","dateModified":"2024-04-25T06:16:05+00:00","breadcrumb":{"@id":"https:\/\/bien-etreiris.ch\/de\/ratgeber-klarheit-beratung\/gesunder-lebensstil\/behandlungsformen\/tcm\/#breadcrumb"},"inLanguage":"de","potentialAction":[{"@type":"ReadAction","target":["https:\/\/bien-etreiris.ch\/de\/ratgeber-klarheit-beratung\/gesunder-lebensstil\/behandlungsformen\/tcm\/"]}]},{"@type":"ImageObject","inLanguage":"de","@id":"https:\/\/bien-etreiris.ch\/de\/ratgeber-klarheit-beratung\/gesunder-lebensstil\/behandlungsformen\/tcm\/#primaryimage","url":"https:\/\/bien-etreiris.ch\/wp-content\/uploads\/2024\/04\/Acceuil-TCM-MTC.jpg","contentUrl":"https:\/\/bien-etreiris.ch\/wp-content\/uploads\/2024\/04\/Acceuil-TCM-MTC.jpg","width":500,"height":333},{"@type":"BreadcrumbList","@id":"https:\/\/bien-etreiris.ch\/de\/ratgeber-klarheit-beratung\/gesunder-lebensstil\/behandlungsformen\/tcm\/#breadcrumb","itemListElement":[{"@type":"ListItem","position":1,"name":"Home","item":"https:\/\/bien-etreiris.ch\/de\/"},{"@type":"ListItem","position":2,"name":"RATGEBER &#038; KLARHEIT","item":"https:\/\/bien-etreiris.ch\/de\/ratgeber-klarheit-beratung\/"},{"@type":"ListItem","position":3,"name":"GESUNDER LEBENSSTIL","item":"https:\/\/bien-etreiris.ch\/de\/ratgeber-klarheit-beratung\/gesunder-lebensstil\/"},{"@type":"ListItem","position":4,"name":"BEHANDLUNGSFORMEN","item":"https:\/\/bien-etreiris.ch\/de\/ratgeber-klarheit-beratung\/gesunder-lebensstil\/behandlungsformen\/"},{"@type":"ListItem","position":5,"name":"TCM"}]},{"@type":"WebSite","@id":"https:\/\/bien-etreiris.ch\/de\/#website","url":"https:\/\/bien-etreiris.ch\/de\/","name":"Bien-\u00eatre Iris","description":"IHRE Gesundheit ist uns wichtig","potentialAction":[{"@type":"SearchAction","target":{"@type":"EntryPoint","urlTemplate":"https:\/\/bien-etreiris.ch\/de\/?s={search_term_string}"},"query-input":{"@type":"PropertyValueSpecification","valueRequired":true,"valueName":"search_term_string"}}],"inLanguage":"de"}]}},"_links":{"self":[{"href":"https:\/\/bien-etreiris.ch\/de\/wp-json\/wp\/v2\/pages\/85255","targetHints":{"allow":["GET"]}}],"collection":[{"href":"https:\/\/bien-etreiris.ch\/de\/wp-json\/wp\/v2\/pages"}],"about":[{"href":"https:\/\/bien-etreiris.ch\/de\/wp-json\/wp\/v2\/types\/page"}],"author":[{"embeddable":true,"href":"https:\/\/bien-etreiris.ch\/de\/wp-json\/wp\/v2\/users\/1"}],"replies":[{"embeddable":true,"href":"https:\/\/bien-etreiris.ch\/de\/wp-json\/wp\/v2\/comments?post=85255"}],"version-history":[{"count":3,"href":"https:\/\/bien-etreiris.ch\/de\/wp-json\/wp\/v2\/pages\/85255\/revisions"}],"predecessor-version":[{"id":85538,"href":"https:\/\/bien-etreiris.ch\/de\/wp-json\/wp\/v2\/pages\/85255\/revisions\/85538"}],"up":[{"embeddable":true,"href":"https:\/\/bien-etreiris.ch\/de\/wp-json\/wp\/v2\/pages\/93423"}],"wp:featuredmedia":[{"embeddable":true,"href":"https:\/\/bien-etreiris.ch\/de\/wp-json\/wp\/v2\/media\/85258"}],"wp:attachment":[{"href":"https:\/\/bien-etreiris.ch\/de\/wp-json\/wp\/v2\/media?parent=85255"}],"curies":[{"name":"wp","href":"https:\/\/api.w.org\/{rel}","templated":true}]}}