{"id":85141,"date":"2024-04-09T09:48:52","date_gmt":"2024-04-09T07:48:52","guid":{"rendered":"https:\/\/bien-etreiris.ch\/communication\/"},"modified":"2024-04-09T10:10:08","modified_gmt":"2024-04-09T08:10:08","slug":"kommunikation","status":"publish","type":"page","link":"https:\/\/bien-etreiris.ch\/de\/ratgeber-klarheit-beratung\/lebensberatung\/partnerschaft-und-familie\/kommunikation\/","title":{"rendered":"KOMMUNIKATION"},"content":{"rendered":"<h2>Kommunikation<\/h2>\n<p>Durch den Austausch von Informationen und Emotionen k\u00f6nnen wir Beziehungen aufbauen und unterst\u00fctzen. Eine offene und effektive Kommunikation f\u00f6rdert das Verst\u00e4ndnis, hilft bei der Bew\u00e4ltigung von Konflikten und reduziert Stress. Ob in pers\u00f6nlichen Beziehungen oder im professionellen Umfeld, klare und respektvolle Kommunikation schafft eine positive Umgebung, die zu einer besseren geistigen und k\u00f6rperlichen Gesundheit f\u00fchrt.<\/p>\n","protected":false},"excerpt":{"rendered":"<p>Kommunikation Durch den Austausch von Informationen und Emotionen k\u00f6nnen wir Beziehungen aufbauen und unterst\u00fctzen. Eine offene und effektive Kommunikation f\u00f6rdert das Verst\u00e4ndnis, hilft bei der Bew\u00e4ltigung von Konflikten und reduziert Stress. Ob in pers\u00f6nlichen Beziehungen oder im professionellen Umfeld, klare und respektvolle Kommunikation schafft eine positive Umgebung, die zu einer besseren geistigen und k\u00f6rperlichen Gesundheit f\u00fchrt.<\/p>\n","protected":false},"author":1,"featured_media":85138,"parent":72351,"menu_order":2038,"comment_status":"closed","ping_status":"closed","template":"page-with-child.php","meta":{"_acf_changed":false,"ngg_post_thumbnail":0,"footnotes":""},"class_list":["post-85141","page","type-page","status-publish","has-post-thumbnail","hentry"],"acf":[],"yoast_head":"<!-- This site is optimized with the Yoast SEO plugin v27.5 - https:\/\/yoast.com\/product\/yoast-seo-wordpress\/ -->\n<title>KOMMUNIKATION - WOHLBEFINDEN<\/title>\n<meta name=\"robots\" content=\"index, follow, max-snippet:-1, max-image-preview:large, max-video-preview:-1\" \/>\n<link rel=\"canonical\" href=\"https:\/\/bien-etreiris.ch\/de\/ratgeber-klarheit-beratung\/lebensberatung\/partnerschaft-und-familie\/kommunikation\/\" \/>\n<meta property=\"og:locale\" content=\"de_DE\" \/>\n<meta property=\"og:type\" content=\"article\" \/>\n<meta property=\"og:title\" content=\"KOMMUNIKATION - WOHLBEFINDEN\" \/>\n<meta property=\"og:description\" content=\"Kommunikation Durch den Austausch von Informationen und Emotionen k\u00f6nnen wir Beziehungen aufbauen und unterst\u00fctzen. Eine offene und effektive Kommunikation f\u00f6rdert das Verst\u00e4ndnis, hilft bei der Bew\u00e4ltigung von Konflikten und reduziert Stress. Ob in pers\u00f6nlichen Beziehungen oder im professionellen Umfeld, klare und respektvolle Kommunikation schafft eine positive Umgebung, die zu einer besseren geistigen und k\u00f6rperlichen Gesundheit f\u00fchrt.\" \/>\n<meta property=\"og:url\" content=\"https:\/\/bien-etreiris.ch\/de\/ratgeber-klarheit-beratung\/lebensberatung\/partnerschaft-und-familie\/kommunikation\/\" \/>\n<meta property=\"og:site_name\" content=\"WOHLBEFINDEN\" \/>\n<meta property=\"article:publisher\" content=\"https:\/\/www.facebook.com\/bienetreiris\/\" \/>\n<meta property=\"article:modified_time\" content=\"2024-04-09T08:10:08+00:00\" \/>\n<meta property=\"og:image\" content=\"https:\/\/bien-etreiris.ch\/wp-content\/uploads\/2024\/04\/acceuil-communication.jpg\" \/>\n\t<meta property=\"og:image:width\" content=\"500\" \/>\n\t<meta property=\"og:image:height\" content=\"333\" \/>\n\t<meta property=\"og:image:type\" content=\"image\/jpeg\" \/>\n<meta name=\"twitter:label1\" content=\"Gesch\u00e4tzte Lesezeit\" \/>\n\t<meta name=\"twitter:data1\" content=\"1\u00a0Minute\" \/>\n<script type=\"application\/ld+json\" class=\"yoast-schema-graph\">{\"@context\":\"https:\\\/\\\/schema.org\",\"@graph\":[{\"@type\":\"WebPage\",\"@id\":\"https:\\\/\\\/bien-etreiris.ch\\\/de\\\/ratgeber-klarheit-beratung\\\/lebensberatung\\\/partnerschaft-und-familie\\\/kommunikation\\\/\",\"url\":\"https:\\\/\\\/bien-etreiris.ch\\\/de\\\/ratgeber-klarheit-beratung\\\/lebensberatung\\\/partnerschaft-und-familie\\\/kommunikation\\\/\",\"name\":\"KOMMUNIKATION - WOHLBEFINDEN\",\"isPartOf\":{\"@id\":\"https:\\\/\\\/bien-etreiris.ch\\\/de\\\/#website\"},\"primaryImageOfPage\":{\"@id\":\"https:\\\/\\\/bien-etreiris.ch\\\/de\\\/ratgeber-klarheit-beratung\\\/lebensberatung\\\/partnerschaft-und-familie\\\/kommunikation\\\/#primaryimage\"},\"image\":{\"@id\":\"https:\\\/\\\/bien-etreiris.ch\\\/de\\\/ratgeber-klarheit-beratung\\\/lebensberatung\\\/partnerschaft-und-familie\\\/kommunikation\\\/#primaryimage\"},\"thumbnailUrl\":\"https:\\\/\\\/bien-etreiris.ch\\\/wp-content\\\/uploads\\\/2024\\\/04\\\/acceuil-communication.jpg\",\"datePublished\":\"2024-04-09T07:48:52+00:00\",\"dateModified\":\"2024-04-09T08:10:08+00:00\",\"breadcrumb\":{\"@id\":\"https:\\\/\\\/bien-etreiris.ch\\\/de\\\/ratgeber-klarheit-beratung\\\/lebensberatung\\\/partnerschaft-und-familie\\\/kommunikation\\\/#breadcrumb\"},\"inLanguage\":\"de\",\"potentialAction\":[{\"@type\":\"ReadAction\",\"target\":[\"https:\\\/\\\/bien-etreiris.ch\\\/de\\\/ratgeber-klarheit-beratung\\\/lebensberatung\\\/partnerschaft-und-familie\\\/kommunikation\\\/\"]}]},{\"@type\":\"ImageObject\",\"inLanguage\":\"de\",\"@id\":\"https:\\\/\\\/bien-etreiris.ch\\\/de\\\/ratgeber-klarheit-beratung\\\/lebensberatung\\\/partnerschaft-und-familie\\\/kommunikation\\\/#primaryimage\",\"url\":\"https:\\\/\\\/bien-etreiris.ch\\\/wp-content\\\/uploads\\\/2024\\\/04\\\/acceuil-communication.jpg\",\"contentUrl\":\"https:\\\/\\\/bien-etreiris.ch\\\/wp-content\\\/uploads\\\/2024\\\/04\\\/acceuil-communication.jpg\",\"width\":500,\"height\":333},{\"@type\":\"BreadcrumbList\",\"@id\":\"https:\\\/\\\/bien-etreiris.ch\\\/de\\\/ratgeber-klarheit-beratung\\\/lebensberatung\\\/partnerschaft-und-familie\\\/kommunikation\\\/#breadcrumb\",\"itemListElement\":[{\"@type\":\"ListItem\",\"position\":1,\"name\":\"Home\",\"item\":\"https:\\\/\\\/bien-etreiris.ch\\\/de\\\/\"},{\"@type\":\"ListItem\",\"position\":2,\"name\":\"RATGEBER &#038; KLARHEIT\",\"item\":\"https:\\\/\\\/bien-etreiris.ch\\\/de\\\/ratgeber-klarheit-beratung\\\/\"},{\"@type\":\"ListItem\",\"position\":3,\"name\":\"LEBENSBERATUNG\",\"item\":\"https:\\\/\\\/bien-etreiris.ch\\\/de\\\/ratgeber-klarheit-beratung\\\/lebensberatung\\\/\"},{\"@type\":\"ListItem\",\"position\":4,\"name\":\"FAMILIE\",\"item\":\"https:\\\/\\\/bien-etreiris.ch\\\/de\\\/ratgeber-klarheit-beratung\\\/natuerliche-heilmittel\\\/partnerschaft-und-familie\\\/\"},{\"@type\":\"ListItem\",\"position\":5,\"name\":\"KOMMUNIKATION\"}]},{\"@type\":\"WebSite\",\"@id\":\"https:\\\/\\\/bien-etreiris.ch\\\/de\\\/#website\",\"url\":\"https:\\\/\\\/bien-etreiris.ch\\\/de\\\/\",\"name\":\"Bien-\u00eatre Iris\",\"description\":\"IHRE Gesundheit ist uns wichtig\",\"potentialAction\":[{\"@type\":\"SearchAction\",\"target\":{\"@type\":\"EntryPoint\",\"urlTemplate\":\"https:\\\/\\\/bien-etreiris.ch\\\/de\\\/?s={search_term_string}\"},\"query-input\":{\"@type\":\"PropertyValueSpecification\",\"valueRequired\":true,\"valueName\":\"search_term_string\"}}],\"inLanguage\":\"de\"}]}<\/script>\n<!-- \/ Yoast SEO plugin. -->","yoast_head_json":{"title":"KOMMUNIKATION - WOHLBEFINDEN","robots":{"index":"index","follow":"follow","max-snippet":"max-snippet:-1","max-image-preview":"max-image-preview:large","max-video-preview":"max-video-preview:-1"},"canonical":"https:\/\/bien-etreiris.ch\/de\/ratgeber-klarheit-beratung\/lebensberatung\/partnerschaft-und-familie\/kommunikation\/","og_locale":"de_DE","og_type":"article","og_title":"KOMMUNIKATION - WOHLBEFINDEN","og_description":"Kommunikation Durch den Austausch von Informationen und Emotionen k\u00f6nnen wir Beziehungen aufbauen und unterst\u00fctzen. Eine offene und effektive Kommunikation f\u00f6rdert das Verst\u00e4ndnis, hilft bei der Bew\u00e4ltigung von Konflikten und reduziert Stress. Ob in pers\u00f6nlichen Beziehungen oder im professionellen Umfeld, klare und respektvolle Kommunikation schafft eine positive Umgebung, die zu einer besseren geistigen und k\u00f6rperlichen Gesundheit f\u00fchrt.","og_url":"https:\/\/bien-etreiris.ch\/de\/ratgeber-klarheit-beratung\/lebensberatung\/partnerschaft-und-familie\/kommunikation\/","og_site_name":"WOHLBEFINDEN","article_publisher":"https:\/\/www.facebook.com\/bienetreiris\/","article_modified_time":"2024-04-09T08:10:08+00:00","og_image":[{"width":500,"height":333,"url":"https:\/\/bien-etreiris.ch\/wp-content\/uploads\/2024\/04\/acceuil-communication.jpg","type":"image\/jpeg"}],"twitter_misc":{"Gesch\u00e4tzte Lesezeit":"1\u00a0Minute"},"schema":{"@context":"https:\/\/schema.org","@graph":[{"@type":"WebPage","@id":"https:\/\/bien-etreiris.ch\/de\/ratgeber-klarheit-beratung\/lebensberatung\/partnerschaft-und-familie\/kommunikation\/","url":"https:\/\/bien-etreiris.ch\/de\/ratgeber-klarheit-beratung\/lebensberatung\/partnerschaft-und-familie\/kommunikation\/","name":"KOMMUNIKATION - WOHLBEFINDEN","isPartOf":{"@id":"https:\/\/bien-etreiris.ch\/de\/#website"},"primaryImageOfPage":{"@id":"https:\/\/bien-etreiris.ch\/de\/ratgeber-klarheit-beratung\/lebensberatung\/partnerschaft-und-familie\/kommunikation\/#primaryimage"},"image":{"@id":"https:\/\/bien-etreiris.ch\/de\/ratgeber-klarheit-beratung\/lebensberatung\/partnerschaft-und-familie\/kommunikation\/#primaryimage"},"thumbnailUrl":"https:\/\/bien-etreiris.ch\/wp-content\/uploads\/2024\/04\/acceuil-communication.jpg","datePublished":"2024-04-09T07:48:52+00:00","dateModified":"2024-04-09T08:10:08+00:00","breadcrumb":{"@id":"https:\/\/bien-etreiris.ch\/de\/ratgeber-klarheit-beratung\/lebensberatung\/partnerschaft-und-familie\/kommunikation\/#breadcrumb"},"inLanguage":"de","potentialAction":[{"@type":"ReadAction","target":["https:\/\/bien-etreiris.ch\/de\/ratgeber-klarheit-beratung\/lebensberatung\/partnerschaft-und-familie\/kommunikation\/"]}]},{"@type":"ImageObject","inLanguage":"de","@id":"https:\/\/bien-etreiris.ch\/de\/ratgeber-klarheit-beratung\/lebensberatung\/partnerschaft-und-familie\/kommunikation\/#primaryimage","url":"https:\/\/bien-etreiris.ch\/wp-content\/uploads\/2024\/04\/acceuil-communication.jpg","contentUrl":"https:\/\/bien-etreiris.ch\/wp-content\/uploads\/2024\/04\/acceuil-communication.jpg","width":500,"height":333},{"@type":"BreadcrumbList","@id":"https:\/\/bien-etreiris.ch\/de\/ratgeber-klarheit-beratung\/lebensberatung\/partnerschaft-und-familie\/kommunikation\/#breadcrumb","itemListElement":[{"@type":"ListItem","position":1,"name":"Home","item":"https:\/\/bien-etreiris.ch\/de\/"},{"@type":"ListItem","position":2,"name":"RATGEBER &#038; KLARHEIT","item":"https:\/\/bien-etreiris.ch\/de\/ratgeber-klarheit-beratung\/"},{"@type":"ListItem","position":3,"name":"LEBENSBERATUNG","item":"https:\/\/bien-etreiris.ch\/de\/ratgeber-klarheit-beratung\/lebensberatung\/"},{"@type":"ListItem","position":4,"name":"FAMILIE","item":"https:\/\/bien-etreiris.ch\/de\/ratgeber-klarheit-beratung\/natuerliche-heilmittel\/partnerschaft-und-familie\/"},{"@type":"ListItem","position":5,"name":"KOMMUNIKATION"}]},{"@type":"WebSite","@id":"https:\/\/bien-etreiris.ch\/de\/#website","url":"https:\/\/bien-etreiris.ch\/de\/","name":"Bien-\u00eatre Iris","description":"IHRE Gesundheit ist uns wichtig","potentialAction":[{"@type":"SearchAction","target":{"@type":"EntryPoint","urlTemplate":"https:\/\/bien-etreiris.ch\/de\/?s={search_term_string}"},"query-input":{"@type":"PropertyValueSpecification","valueRequired":true,"valueName":"search_term_string"}}],"inLanguage":"de"}]}},"_links":{"self":[{"href":"https:\/\/bien-etreiris.ch\/de\/wp-json\/wp\/v2\/pages\/85141","targetHints":{"allow":["GET"]}}],"collection":[{"href":"https:\/\/bien-etreiris.ch\/de\/wp-json\/wp\/v2\/pages"}],"about":[{"href":"https:\/\/bien-etreiris.ch\/de\/wp-json\/wp\/v2\/types\/page"}],"author":[{"embeddable":true,"href":"https:\/\/bien-etreiris.ch\/de\/wp-json\/wp\/v2\/users\/1"}],"replies":[{"embeddable":true,"href":"https:\/\/bien-etreiris.ch\/de\/wp-json\/wp\/v2\/comments?post=85141"}],"version-history":[{"count":2,"href":"https:\/\/bien-etreiris.ch\/de\/wp-json\/wp\/v2\/pages\/85141\/revisions"}],"predecessor-version":[{"id":85154,"href":"https:\/\/bien-etreiris.ch\/de\/wp-json\/wp\/v2\/pages\/85141\/revisions\/85154"}],"up":[{"embeddable":true,"href":"https:\/\/bien-etreiris.ch\/de\/wp-json\/wp\/v2\/pages\/72351"}],"wp:featuredmedia":[{"embeddable":true,"href":"https:\/\/bien-etreiris.ch\/de\/wp-json\/wp\/v2\/media\/85138"}],"wp:attachment":[{"href":"https:\/\/bien-etreiris.ch\/de\/wp-json\/wp\/v2\/media?parent=85141"}],"curies":[{"name":"wp","href":"https:\/\/api.w.org\/{rel}","templated":true}]}}