{"id":83566,"date":"2023-02-06T00:07:31","date_gmt":"2023-02-05T22:07:31","guid":{"rendered":"https:\/\/bien-etreiris.ch\/produktpraesentation\/gesundes-leben\/nahrungsergaenzungsmittel\/pflanzenheilkunde-gleichgewicht-durch-heilpflanzen\/kapseln-und-pulver-auf-pflanzlicher-basis\/flohsamenschalen\/coquilles-de-psyllium\/"},"modified":"2024-03-18T10:26:11","modified_gmt":"2024-03-18T08:26:11","slug":"flohsamenschalen-gemahlen","status":"publish","type":"page","link":"https:\/\/bien-etreiris.ch\/de\/produktpraesentation\/gesundes-leben\/nahrungsergaenzungsmittel\/pflanzenheilkunde-gleichgewicht-durch-heilpflanzen\/kapseln-und-pulver-auf-pflanzlicher-basis\/flohsamenschalen-gemahlen\/","title":{"rendered":"FLOHSAMENSCHALEN"},"content":{"rendered":"\n<h2>Flohsamenschalen BIO gemahlen<\/h2>\n<p><br><a href=\"https:\/\/bien-etreiris.ch\/wp-content\/uploads\/2023\/02\/titre-Psyllium.jpg\"><img loading=\"lazy\" decoding=\"async\" class=\"wp-image-66065 alignleft\" src=\"https:\/\/bien-etreiris.ch\/wp-content\/uploads\/2023\/02\/titre-Psyllium.jpg\" alt=\"\" width=\"272\" height=\"460\" srcset=\"https:\/\/bien-etreiris.ch\/wp-content\/uploads\/2023\/02\/titre-Psyllium.jpg 683w, https:\/\/bien-etreiris.ch\/wp-content\/uploads\/2023\/02\/titre-Psyllium-177x300.jpg 177w, https:\/\/bien-etreiris.ch\/wp-content\/uploads\/2023\/02\/titre-Psyllium-606x1024.jpg 606w\" sizes=\"auto, (max-width: 272px) 100vw, 272px\" \/><\/a><\/p>\n<p>&nbsp;<\/p>\n<p>&nbsp;<\/p>\n<p>&nbsp;<\/p>\n<p>&nbsp;<\/p>\n<p>&nbsp;<\/p>\n<ul style=\"list-style-type: disc;\">\n<li>\n<p>Nat\u00fcrliche Substanz<\/p>\n<\/li>\n<li>\n<p>Gemahlene Bio-Flohsamenschalen (Pulver)<br>Vegan<\/p>\n<\/li>\n<li>\n<p>Reich an hochwertigen Ballaststoffen<\/p>\n<\/li>\n<li>\n<p>Mit hohem Quellverm\u00f6gen<\/p>\n<p>150g im Glas CHF 9.00<br>Nachf\u00fcllung pro 10g CHF 0.40<\/p>\n<\/li>\n<\/ul>\n<p>&nbsp;<\/p>\n<p>&nbsp;<\/p>\n<p>&nbsp;<a href=\"https:\/\/bien-etreiris.ch\/de\/produktpraesentation\/gesundes-leben\/nahrungsergaenzungsmittel\/pflanzenheilkunde-gleichgewicht-durch-heilpflanzen\/kapseln-und-pulver-auf-pflanzlicher-basis\/flohsamenschalen-gemahlen\/edikette-de\/\"><img loading=\"lazy\" decoding=\"async\" class=\"alignnone wp-image-83637 \" src=\"https:\/\/bien-etreiris.ch\/wp-content\/uploads\/2024\/03\/edikette-DE.jpg\" alt=\"\" width=\"595\" height=\"275\" srcset=\"https:\/\/bien-etreiris.ch\/wp-content\/uploads\/2024\/03\/edikette-DE.jpg 1535w, https:\/\/bien-etreiris.ch\/wp-content\/uploads\/2024\/03\/edikette-DE-300x139.jpg 300w, https:\/\/bien-etreiris.ch\/wp-content\/uploads\/2024\/03\/edikette-DE-1024x473.jpg 1024w, https:\/\/bien-etreiris.ch\/wp-content\/uploads\/2024\/03\/edikette-DE-768x355.jpg 768w\" sizes=\"auto, (max-width: 595px) 100vw, 595px\" \/><\/a><\/p>\n<p>&nbsp;<\/p>\n<p>&nbsp;<\/p>\n<h4>Beschreibung<\/h4>\n<p>Flohsamenschalen, darunter versteht man die floh\u00e4hnlichen Samenschalen des Wegerichs, der haupts\u00e4chlich in Indien oder Pakistan angebaut wird. Die Samenschalen enthalten haupts\u00e4chlich l\u00f6sliche Ballaststoffe (\"Schleimstoffe\") und \u00d6l.<\/p>\n<p>Im Originaltext der Physica spricht Hildegard von Bingen vom Flohkraut, das in der modernen wissenschaftlichen Terminologie mit Plantago afra (= P. psyllium) bezeichnet wird. Flohsamen geh\u00f6ren zur Familie der Wegerichgew\u00e4chse (Plantaginaceae) und sind eng mit dem Spitz- und Breitwegerich verwandt.<\/p>\n<p>&nbsp;<\/p>\n<h4>Verzehrempfehlung<\/h4>\n<p>2 Mal t\u00e4glich einen Messl\u00f6ffel (Dosierl\u00f6ffel liegt bei) in einer grossen Menge Fl\u00fcssigkeit (mindestens 200 ml) wie Wasser oder Saft aufl\u00f6sen und sofort trinken. Danach weitere 1 bis 2 Gl\u00e4ser Fl\u00fcssigkeit (Wasser) trinken. Ein Messl\u00f6ffel entspricht 3 g.<\/p>\n<p>&nbsp;<\/p>\n<p>&nbsp;<\/p>\n<p><span style=\"color: #ff0000;\">Personen, die bereits einen Darmverschluss hatten oder an einer Verengung der Speiser\u00f6hre leiden, sollten dieses pflanzliche Abf\u00fchrmittel nicht verwenden.<\/span><\/p>\n<p>Quelle : <a href=\"https:\/\/de.wikipedia.org\/wiki\/Flohsamenschalen\" target=\"_blank\" rel=\"noopener\">https:\/\/de.wikipedia.org\/wiki\/Flohsamenschalen<\/a><\/p>\n<p>&nbsp;<\/p>\n<h2><a href=\"https:\/\/bien-etreiris.ch\/de\/produktpraesentation\/gesundes-leben\/nahrungsergaenzungsmittel\/pflanzenheilkunde-gleichgewicht-durch-heilpflanzen\/koerner-und-samen\/flohsamen\/\" target=\"_blank\" rel=\"noopener\"><span style=\"color: #ff9900;\">M\u00f6chten Sie lieber Flohsamen ganz (Samen) kaufen dann klicken Sie hier<\/span><\/a><\/h2>\n<p>&nbsp;<\/p>\n<h2><span style=\"color: #99cc00;\"><a style=\"color: #99cc00;\" href=\"https:\/\/bien-etreiris.ch\/de\/ratgeber-klarheit-beratung\/gesunder-lebensstil\/naehrstoffe\/nahrungsergaenzungmittel\/pulver-aus-pflanzen\/flohsamenschalen\/\" target=\"_blank\" rel=\"noopener\">Wenn Sie mehr \u00fcber Flohsamenschalenpulver erfahren m\u00f6chten, klicken Sie hier<\/a><\/span><\/h2>\n<hr>\n<p>&nbsp;<\/p>\n<p><strong><a href=\"https:\/\/bien-etreiris.ch\/presentations-des-produits\/vie-saine\/complements-alimentaires\/phytotherapie\/poudres-des-plantes\/psyllium\/coquilles-de-psyllium\/psylium-moulu-sonnentor\/\" rel=\"attachment wp-att-83574\"><img loading=\"lazy\" decoding=\"async\" class=\"wp-image-83574 alignleft\" src=\"https:\/\/bien-etreiris.ch\/wp-content\/uploads\/2024\/03\/Psylium-moulu-sonnentor.jpg\" alt=\"\" width=\"394\" height=\"634\" srcset=\"https:\/\/bien-etreiris.ch\/wp-content\/uploads\/2024\/03\/Psylium-moulu-sonnentor.jpg 602w, https:\/\/bien-etreiris.ch\/wp-content\/uploads\/2024\/03\/Psylium-moulu-sonnentor-187x300.jpg 187w\" sizes=\"auto, (max-width: 394px) 100vw, 394px\" \/><\/a><\/strong><\/p>\n<p>&nbsp;<\/p>\n<p>&nbsp;<\/p>\n<p>&nbsp;<\/p>\n<p>&nbsp;<\/p>\n<p>&nbsp;<\/p>\n<p>&nbsp;<\/p>\n<p>&nbsp;<\/p>\n<p>&nbsp;<\/p>\n<p>&nbsp;<\/p>\n<p>&nbsp;<\/p>\n<p>&nbsp;<\/p>\n<p><strong>Sonnentor<\/strong><\/p>\n<p>50 g <strong>CHF 2.90<\/strong><\/p>\n<p>&nbsp;<\/p>\n<p>&nbsp;<\/p>\n<p>&nbsp;<\/p>\n<p><br>Klein, aber oho! Die Flohsamenschalen k\u00f6nnen das 40-fache ihres Gewichts an Wasser aufnehmen. Lass 1\/2 bis 2 Teel\u00f6ffel Flohsamenschalen ca. 30 Minuten in Wasser quellen und trinke sie mit viel Fl\u00fcssigkeit. Tipp: Mische die Samenschalen in M\u00fcsli, Smoothies oder Joghurt.<\/p>\n<p>&nbsp;<\/p>\n","protected":false},"excerpt":{"rendered":"<p>Flohsamenschalen BIO gemahlen &nbsp; &nbsp; &nbsp; &nbsp; &nbsp; Nat\u00fcrliche Substanz Gemahlene Bio-Flohsamenschalen (Pulver)Vegan Reich an hochwertigen Ballaststoffen Mit hohem Quellverm\u00f6gen 150g im Glas CHF 9.00Nachf\u00fcllung pro 10g CHF 0.40 &nbsp; &nbsp; &nbsp; &nbsp; &nbsp; Beschreibung Flohsamenschalen, darunter versteht man die floh\u00e4hnlichen Samenschalen des Wegerichs, der haupts\u00e4chlich in Indien oder Pakistan angebaut wird. Die Samenschalen enthalten haupts\u00e4chlich l\u00f6sliche Ballaststoffe (\"Schleimstoffe\") und&nbsp;<a href=\"https:\/\/bien-etreiris.ch\/de\/produktpraesentation\/gesundes-leben\/nahrungsergaenzungsmittel\/pflanzenheilkunde-gleichgewicht-durch-heilpflanzen\/kapseln-und-pulver-auf-pflanzlicher-basis\/flohsamenschalen-gemahlen\/\" class=\"read-more\">Weiter lesen<\/a><\/p>\n","protected":false},"author":1,"featured_media":66070,"parent":60901,"menu_order":3933,"comment_status":"closed","ping_status":"closed","template":"page-with-child.php","meta":{"_acf_changed":false,"ngg_post_thumbnail":0,"footnotes":""},"class_list":["post-83566","page","type-page","status-publish","has-post-thumbnail","hentry"],"acf":[],"yoast_head":"<!-- This site is optimized with the Yoast SEO plugin v27.6 - https:\/\/yoast.com\/product\/yoast-seo-wordpress\/ -->\n<title>FLOHSAMENSCHALEN - WOHLBEFINDEN<\/title>\n<meta name=\"robots\" content=\"index, follow, max-snippet:-1, max-image-preview:large, max-video-preview:-1\" \/>\n<link rel=\"canonical\" href=\"https:\/\/bien-etreiris.ch\/de\/produktpraesentation\/gesundes-leben\/nahrungsergaenzungsmittel\/pflanzenheilkunde-gleichgewicht-durch-heilpflanzen\/kapseln-und-pulver-auf-pflanzlicher-basis\/flohsamenschalen-gemahlen\/\" \/>\n<meta property=\"og:locale\" content=\"de_DE\" \/>\n<meta property=\"og:type\" content=\"article\" \/>\n<meta property=\"og:title\" content=\"FLOHSAMENSCHALEN - WOHLBEFINDEN\" \/>\n<meta property=\"og:description\" content=\"Flohsamenschalen BIO gemahlen &nbsp; &nbsp; &nbsp; &nbsp; &nbsp; Nat\u00fcrliche Substanz Gemahlene Bio-Flohsamenschalen (Pulver)Vegan Reich an hochwertigen Ballaststoffen Mit hohem Quellverm\u00f6gen 150g im Glas CHF 9.00Nachf\u00fcllung pro 10g CHF 0.40 &nbsp; &nbsp; &nbsp; &nbsp; &nbsp; Beschreibung Flohsamenschalen, darunter versteht man die floh\u00e4hnlichen Samenschalen des Wegerichs, der haupts\u00e4chlich in Indien oder Pakistan angebaut wird. Die Samenschalen enthalten haupts\u00e4chlich l\u00f6sliche Ballaststoffe (&quot;Schleimstoffe&quot;) und&nbsp;Weiter lesen\" \/>\n<meta property=\"og:url\" content=\"https:\/\/bien-etreiris.ch\/de\/produktpraesentation\/gesundes-leben\/nahrungsergaenzungsmittel\/pflanzenheilkunde-gleichgewicht-durch-heilpflanzen\/kapseln-und-pulver-auf-pflanzlicher-basis\/flohsamenschalen-gemahlen\/\" \/>\n<meta property=\"og:site_name\" content=\"WOHLBEFINDEN\" \/>\n<meta property=\"article:publisher\" content=\"https:\/\/www.facebook.com\/bienetreiris\/\" \/>\n<meta property=\"article:modified_time\" content=\"2024-03-18T08:26:11+00:00\" \/>\n<meta property=\"og:image\" content=\"https:\/\/bien-etreiris.ch\/wp-content\/uploads\/2023\/02\/acceuil-Psylliium.jpg\" \/>\n\t<meta property=\"og:image:width\" content=\"500\" \/>\n\t<meta property=\"og:image:height\" content=\"333\" \/>\n\t<meta property=\"og:image:type\" content=\"image\/jpeg\" \/>\n<meta name=\"twitter:label1\" content=\"Gesch\u00e4tzte Lesezeit\" \/>\n\t<meta name=\"twitter:data1\" content=\"3\u00a0Minuten\" \/>\n<script type=\"application\/ld+json\" class=\"yoast-schema-graph\">{\"@context\":\"https:\\\/\\\/schema.org\",\"@graph\":[{\"@type\":\"WebPage\",\"@id\":\"https:\\\/\\\/bien-etreiris.ch\\\/de\\\/produktpraesentation\\\/gesundes-leben\\\/nahrungsergaenzungsmittel\\\/pflanzenheilkunde-gleichgewicht-durch-heilpflanzen\\\/kapseln-und-pulver-auf-pflanzlicher-basis\\\/flohsamenschalen-gemahlen\\\/\",\"url\":\"https:\\\/\\\/bien-etreiris.ch\\\/de\\\/produktpraesentation\\\/gesundes-leben\\\/nahrungsergaenzungsmittel\\\/pflanzenheilkunde-gleichgewicht-durch-heilpflanzen\\\/kapseln-und-pulver-auf-pflanzlicher-basis\\\/flohsamenschalen-gemahlen\\\/\",\"name\":\"FLOHSAMENSCHALEN - WOHLBEFINDEN\",\"isPartOf\":{\"@id\":\"https:\\\/\\\/bien-etreiris.ch\\\/de\\\/#website\"},\"primaryImageOfPage\":{\"@id\":\"https:\\\/\\\/bien-etreiris.ch\\\/de\\\/produktpraesentation\\\/gesundes-leben\\\/nahrungsergaenzungsmittel\\\/pflanzenheilkunde-gleichgewicht-durch-heilpflanzen\\\/kapseln-und-pulver-auf-pflanzlicher-basis\\\/flohsamenschalen-gemahlen\\\/#primaryimage\"},\"image\":{\"@id\":\"https:\\\/\\\/bien-etreiris.ch\\\/de\\\/produktpraesentation\\\/gesundes-leben\\\/nahrungsergaenzungsmittel\\\/pflanzenheilkunde-gleichgewicht-durch-heilpflanzen\\\/kapseln-und-pulver-auf-pflanzlicher-basis\\\/flohsamenschalen-gemahlen\\\/#primaryimage\"},\"thumbnailUrl\":\"https:\\\/\\\/bien-etreiris.ch\\\/wp-content\\\/uploads\\\/2023\\\/02\\\/acceuil-Psylliium.jpg\",\"datePublished\":\"2023-02-05T22:07:31+00:00\",\"dateModified\":\"2024-03-18T08:26:11+00:00\",\"breadcrumb\":{\"@id\":\"https:\\\/\\\/bien-etreiris.ch\\\/de\\\/produktpraesentation\\\/gesundes-leben\\\/nahrungsergaenzungsmittel\\\/pflanzenheilkunde-gleichgewicht-durch-heilpflanzen\\\/kapseln-und-pulver-auf-pflanzlicher-basis\\\/flohsamenschalen-gemahlen\\\/#breadcrumb\"},\"inLanguage\":\"de\",\"potentialAction\":[{\"@type\":\"ReadAction\",\"target\":[\"https:\\\/\\\/bien-etreiris.ch\\\/de\\\/produktpraesentation\\\/gesundes-leben\\\/nahrungsergaenzungsmittel\\\/pflanzenheilkunde-gleichgewicht-durch-heilpflanzen\\\/kapseln-und-pulver-auf-pflanzlicher-basis\\\/flohsamenschalen-gemahlen\\\/\"]}]},{\"@type\":\"ImageObject\",\"inLanguage\":\"de\",\"@id\":\"https:\\\/\\\/bien-etreiris.ch\\\/de\\\/produktpraesentation\\\/gesundes-leben\\\/nahrungsergaenzungsmittel\\\/pflanzenheilkunde-gleichgewicht-durch-heilpflanzen\\\/kapseln-und-pulver-auf-pflanzlicher-basis\\\/flohsamenschalen-gemahlen\\\/#primaryimage\",\"url\":\"https:\\\/\\\/bien-etreiris.ch\\\/wp-content\\\/uploads\\\/2023\\\/02\\\/acceuil-Psylliium.jpg\",\"contentUrl\":\"https:\\\/\\\/bien-etreiris.ch\\\/wp-content\\\/uploads\\\/2023\\\/02\\\/acceuil-Psylliium.jpg\",\"width\":500,\"height\":333},{\"@type\":\"BreadcrumbList\",\"@id\":\"https:\\\/\\\/bien-etreiris.ch\\\/de\\\/produktpraesentation\\\/gesundes-leben\\\/nahrungsergaenzungsmittel\\\/pflanzenheilkunde-gleichgewicht-durch-heilpflanzen\\\/kapseln-und-pulver-auf-pflanzlicher-basis\\\/flohsamenschalen-gemahlen\\\/#breadcrumb\",\"itemListElement\":[{\"@type\":\"ListItem\",\"position\":1,\"name\":\"Home\",\"item\":\"https:\\\/\\\/bien-etreiris.ch\\\/de\\\/\"},{\"@type\":\"ListItem\",\"position\":2,\"name\":\"PRODUKTPR\u00c4SENTATION\",\"item\":\"https:\\\/\\\/bien-etreiris.ch\\\/de\\\/produktpraesentation\\\/\"},{\"@type\":\"ListItem\",\"position\":3,\"name\":\"GESUNDES LEBEN\",\"item\":\"https:\\\/\\\/bien-etreiris.ch\\\/de\\\/produktpraesentation\\\/gesundes-leben\\\/\"},{\"@type\":\"ListItem\",\"position\":4,\"name\":\"NAHRUNGSERG\u00c4NZUNG\",\"item\":\"https:\\\/\\\/bien-etreiris.ch\\\/de\\\/produktpraesentation\\\/gesundes-leben\\\/nahrungsergaenzungsmittel\\\/\"},{\"@type\":\"ListItem\",\"position\":5,\"name\":\"PFLANZENHEILKUNDE\",\"item\":\"https:\\\/\\\/bien-etreiris.ch\\\/de\\\/produktpraesentation\\\/gesundes-leben\\\/nahrungsergaenzungsmittel\\\/pflanzenheilkunde-gleichgewicht-durch-heilpflanzen\\\/\"},{\"@type\":\"ListItem\",\"position\":6,\"name\":\"KAPSELN &#038; PULVER\",\"item\":\"https:\\\/\\\/bien-etreiris.ch\\\/de\\\/produktpraesentation\\\/gesundes-leben\\\/nahrungsergaenzungsmittel\\\/pflanzenheilkunde-gleichgewicht-durch-heilpflanzen\\\/kapseln-und-pulver-auf-pflanzlicher-basis\\\/\"},{\"@type\":\"ListItem\",\"position\":7,\"name\":\"FLOHSAMENSCHALEN\"}]},{\"@type\":\"WebSite\",\"@id\":\"https:\\\/\\\/bien-etreiris.ch\\\/de\\\/#website\",\"url\":\"https:\\\/\\\/bien-etreiris.ch\\\/de\\\/\",\"name\":\"Bien-\u00eatre Iris\",\"description\":\"IHRE Gesundheit ist uns wichtig\",\"potentialAction\":[{\"@type\":\"SearchAction\",\"target\":{\"@type\":\"EntryPoint\",\"urlTemplate\":\"https:\\\/\\\/bien-etreiris.ch\\\/de\\\/?s={search_term_string}\"},\"query-input\":{\"@type\":\"PropertyValueSpecification\",\"valueRequired\":true,\"valueName\":\"search_term_string\"}}],\"inLanguage\":\"de\"}]}<\/script>\n<!-- \/ Yoast SEO plugin. -->","yoast_head_json":{"title":"FLOHSAMENSCHALEN - WOHLBEFINDEN","robots":{"index":"index","follow":"follow","max-snippet":"max-snippet:-1","max-image-preview":"max-image-preview:large","max-video-preview":"max-video-preview:-1"},"canonical":"https:\/\/bien-etreiris.ch\/de\/produktpraesentation\/gesundes-leben\/nahrungsergaenzungsmittel\/pflanzenheilkunde-gleichgewicht-durch-heilpflanzen\/kapseln-und-pulver-auf-pflanzlicher-basis\/flohsamenschalen-gemahlen\/","og_locale":"de_DE","og_type":"article","og_title":"FLOHSAMENSCHALEN - WOHLBEFINDEN","og_description":"Flohsamenschalen BIO gemahlen &nbsp; &nbsp; &nbsp; &nbsp; &nbsp; Nat\u00fcrliche Substanz Gemahlene Bio-Flohsamenschalen (Pulver)Vegan Reich an hochwertigen Ballaststoffen Mit hohem Quellverm\u00f6gen 150g im Glas CHF 9.00Nachf\u00fcllung pro 10g CHF 0.40 &nbsp; &nbsp; &nbsp; &nbsp; &nbsp; Beschreibung Flohsamenschalen, darunter versteht man die floh\u00e4hnlichen Samenschalen des Wegerichs, der haupts\u00e4chlich in Indien oder Pakistan angebaut wird. Die Samenschalen enthalten haupts\u00e4chlich l\u00f6sliche Ballaststoffe (\"Schleimstoffe\") und&nbsp;Weiter lesen","og_url":"https:\/\/bien-etreiris.ch\/de\/produktpraesentation\/gesundes-leben\/nahrungsergaenzungsmittel\/pflanzenheilkunde-gleichgewicht-durch-heilpflanzen\/kapseln-und-pulver-auf-pflanzlicher-basis\/flohsamenschalen-gemahlen\/","og_site_name":"WOHLBEFINDEN","article_publisher":"https:\/\/www.facebook.com\/bienetreiris\/","article_modified_time":"2024-03-18T08:26:11+00:00","og_image":[{"width":500,"height":333,"url":"https:\/\/bien-etreiris.ch\/wp-content\/uploads\/2023\/02\/acceuil-Psylliium.jpg","type":"image\/jpeg"}],"twitter_misc":{"Gesch\u00e4tzte Lesezeit":"3\u00a0Minuten"},"schema":{"@context":"https:\/\/schema.org","@graph":[{"@type":"WebPage","@id":"https:\/\/bien-etreiris.ch\/de\/produktpraesentation\/gesundes-leben\/nahrungsergaenzungsmittel\/pflanzenheilkunde-gleichgewicht-durch-heilpflanzen\/kapseln-und-pulver-auf-pflanzlicher-basis\/flohsamenschalen-gemahlen\/","url":"https:\/\/bien-etreiris.ch\/de\/produktpraesentation\/gesundes-leben\/nahrungsergaenzungsmittel\/pflanzenheilkunde-gleichgewicht-durch-heilpflanzen\/kapseln-und-pulver-auf-pflanzlicher-basis\/flohsamenschalen-gemahlen\/","name":"FLOHSAMENSCHALEN - WOHLBEFINDEN","isPartOf":{"@id":"https:\/\/bien-etreiris.ch\/de\/#website"},"primaryImageOfPage":{"@id":"https:\/\/bien-etreiris.ch\/de\/produktpraesentation\/gesundes-leben\/nahrungsergaenzungsmittel\/pflanzenheilkunde-gleichgewicht-durch-heilpflanzen\/kapseln-und-pulver-auf-pflanzlicher-basis\/flohsamenschalen-gemahlen\/#primaryimage"},"image":{"@id":"https:\/\/bien-etreiris.ch\/de\/produktpraesentation\/gesundes-leben\/nahrungsergaenzungsmittel\/pflanzenheilkunde-gleichgewicht-durch-heilpflanzen\/kapseln-und-pulver-auf-pflanzlicher-basis\/flohsamenschalen-gemahlen\/#primaryimage"},"thumbnailUrl":"https:\/\/bien-etreiris.ch\/wp-content\/uploads\/2023\/02\/acceuil-Psylliium.jpg","datePublished":"2023-02-05T22:07:31+00:00","dateModified":"2024-03-18T08:26:11+00:00","breadcrumb":{"@id":"https:\/\/bien-etreiris.ch\/de\/produktpraesentation\/gesundes-leben\/nahrungsergaenzungsmittel\/pflanzenheilkunde-gleichgewicht-durch-heilpflanzen\/kapseln-und-pulver-auf-pflanzlicher-basis\/flohsamenschalen-gemahlen\/#breadcrumb"},"inLanguage":"de","potentialAction":[{"@type":"ReadAction","target":["https:\/\/bien-etreiris.ch\/de\/produktpraesentation\/gesundes-leben\/nahrungsergaenzungsmittel\/pflanzenheilkunde-gleichgewicht-durch-heilpflanzen\/kapseln-und-pulver-auf-pflanzlicher-basis\/flohsamenschalen-gemahlen\/"]}]},{"@type":"ImageObject","inLanguage":"de","@id":"https:\/\/bien-etreiris.ch\/de\/produktpraesentation\/gesundes-leben\/nahrungsergaenzungsmittel\/pflanzenheilkunde-gleichgewicht-durch-heilpflanzen\/kapseln-und-pulver-auf-pflanzlicher-basis\/flohsamenschalen-gemahlen\/#primaryimage","url":"https:\/\/bien-etreiris.ch\/wp-content\/uploads\/2023\/02\/acceuil-Psylliium.jpg","contentUrl":"https:\/\/bien-etreiris.ch\/wp-content\/uploads\/2023\/02\/acceuil-Psylliium.jpg","width":500,"height":333},{"@type":"BreadcrumbList","@id":"https:\/\/bien-etreiris.ch\/de\/produktpraesentation\/gesundes-leben\/nahrungsergaenzungsmittel\/pflanzenheilkunde-gleichgewicht-durch-heilpflanzen\/kapseln-und-pulver-auf-pflanzlicher-basis\/flohsamenschalen-gemahlen\/#breadcrumb","itemListElement":[{"@type":"ListItem","position":1,"name":"Home","item":"https:\/\/bien-etreiris.ch\/de\/"},{"@type":"ListItem","position":2,"name":"PRODUKTPR\u00c4SENTATION","item":"https:\/\/bien-etreiris.ch\/de\/produktpraesentation\/"},{"@type":"ListItem","position":3,"name":"GESUNDES LEBEN","item":"https:\/\/bien-etreiris.ch\/de\/produktpraesentation\/gesundes-leben\/"},{"@type":"ListItem","position":4,"name":"NAHRUNGSERG\u00c4NZUNG","item":"https:\/\/bien-etreiris.ch\/de\/produktpraesentation\/gesundes-leben\/nahrungsergaenzungsmittel\/"},{"@type":"ListItem","position":5,"name":"PFLANZENHEILKUNDE","item":"https:\/\/bien-etreiris.ch\/de\/produktpraesentation\/gesundes-leben\/nahrungsergaenzungsmittel\/pflanzenheilkunde-gleichgewicht-durch-heilpflanzen\/"},{"@type":"ListItem","position":6,"name":"KAPSELN &#038; PULVER","item":"https:\/\/bien-etreiris.ch\/de\/produktpraesentation\/gesundes-leben\/nahrungsergaenzungsmittel\/pflanzenheilkunde-gleichgewicht-durch-heilpflanzen\/kapseln-und-pulver-auf-pflanzlicher-basis\/"},{"@type":"ListItem","position":7,"name":"FLOHSAMENSCHALEN"}]},{"@type":"WebSite","@id":"https:\/\/bien-etreiris.ch\/de\/#website","url":"https:\/\/bien-etreiris.ch\/de\/","name":"Bien-\u00eatre Iris","description":"IHRE Gesundheit ist uns wichtig","potentialAction":[{"@type":"SearchAction","target":{"@type":"EntryPoint","urlTemplate":"https:\/\/bien-etreiris.ch\/de\/?s={search_term_string}"},"query-input":{"@type":"PropertyValueSpecification","valueRequired":true,"valueName":"search_term_string"}}],"inLanguage":"de"}]}},"_links":{"self":[{"href":"https:\/\/bien-etreiris.ch\/de\/wp-json\/wp\/v2\/pages\/83566","targetHints":{"allow":["GET"]}}],"collection":[{"href":"https:\/\/bien-etreiris.ch\/de\/wp-json\/wp\/v2\/pages"}],"about":[{"href":"https:\/\/bien-etreiris.ch\/de\/wp-json\/wp\/v2\/types\/page"}],"author":[{"embeddable":true,"href":"https:\/\/bien-etreiris.ch\/de\/wp-json\/wp\/v2\/users\/1"}],"replies":[{"embeddable":true,"href":"https:\/\/bien-etreiris.ch\/de\/wp-json\/wp\/v2\/comments?post=83566"}],"version-history":[{"count":10,"href":"https:\/\/bien-etreiris.ch\/de\/wp-json\/wp\/v2\/pages\/83566\/revisions"}],"predecessor-version":[{"id":83643,"href":"https:\/\/bien-etreiris.ch\/de\/wp-json\/wp\/v2\/pages\/83566\/revisions\/83643"}],"up":[{"embeddable":true,"href":"https:\/\/bien-etreiris.ch\/de\/wp-json\/wp\/v2\/pages\/60901"}],"wp:featuredmedia":[{"embeddable":true,"href":"https:\/\/bien-etreiris.ch\/de\/wp-json\/wp\/v2\/media\/66070"}],"wp:attachment":[{"href":"https:\/\/bien-etreiris.ch\/de\/wp-json\/wp\/v2\/media?parent=83566"}],"curies":[{"name":"wp","href":"https:\/\/api.w.org\/{rel}","templated":true}]}}