{"id":83028,"date":"2024-01-12T19:09:37","date_gmt":"2024-01-12T17:09:37","guid":{"rendered":"https:\/\/bien-etreiris.ch\/ratgeber-klarheit-beratung\/gesunder-lebensstil\/wasser-geheimnisse\/lebenwichtige-flussigkeit\/"},"modified":"2024-01-12T22:41:38","modified_gmt":"2024-01-12T20:41:38","slug":"lebenwichtige-fluessigkeit","status":"publish","type":"page","link":"https:\/\/bien-etreiris.ch\/de\/ratgeber-klarheit-beratung\/gesunder-lebensstil\/wasser-geheimnisse\/lebenwichtige-fluessigkeit\/","title":{"rendered":"LEBENSWICHTIGE&#8230;"},"content":{"rendered":"<h2>Wasser - mehr als eine chemische Formel<\/h2>\n<p>Ohne diese lebenwichtige Fl\u00fcssigkeit kann nichts entstehen, nichts wachsen, nichts gedeihen. Die Erde w\u00e4re eine trockene W\u00fcste, ohne Pflanzen, ohne Tiere, ohne Menschen. Ohne Wasser g\u00e4be es auch keine St\u00e4dte, keine Flugzeuge, keine Computer. Und vor allem keine Gesundheit.<\/p>\n<p>&nbsp;<\/p>\n<h4>Wasser ist mehr als eine chemische Formel<\/h4>\n<p>Es ist die treibende Kraft nicht nur ausserhalb, sondern auch innerhalb unseres K\u00f6rpers. Deswegen wird man dem Element nicht gerecht, wenn es nur auf die chemische Formel H2O reduziert wird. Denn: Die Zahl der Aufgaben, die das belebende Nass erf\u00fcllt, ist unendlich, und so ist es der Treibstoff des Lebens.<\/p>\n<p>&nbsp;<\/p>\n<h4>Ein aussergew\u00f6hnliches Element<\/h4>\n<p>Physikalisch betrachtet ist Wasser ein h\u00f6chst eigenartiger Stoff, weil es sich in einigen Punkten nicht so verh\u00e4lt, wie es die Forscher im Vergleich zu \u00e4hnlichen chemischen Verbindungen erwarten w\u00fcrden. Wenn es gefriert, also in einen festen Zustand \u00fcbergeht, dehnt es sich aus, statt sein Volumen zu verringern, wie das bei anderen Verbindungen der Fall ist. Chemisch betrachtet besteht es zu zwei Teilen aus positiv geladenem Wasserstoff und zu einem Teil aus negativ geladenem Sauerstoff: H2O.<\/p>\n<p>Positiv und negativ geladene Teilchen ziehen sich an, es bilden sich Wasserstoffbr\u00fccken, die so genannten Cluster. Aufgrund der Wasserstoffbr\u00fccke k\u00f6nnte es auch ein Festk\u00f6rper sein. Nachdem sich aber ein Teil der Wasserstoffbr\u00fccken immer wieder l\u00f6st, um sich gleich wieder neu zu binden, bleibt das Wasser fl\u00fcssig, obwohl es v\u00f6llig vernetzt ist. Es kann deshalb als ein fl\u00fcssiger Kristall bezeichnet werden.<\/p>\n<p>&nbsp;<\/p>\n<h4>Die Informationskraft<\/h4>\n<p>Dieses vertraute und doch so r\u00e4tselhafte Element kann aber noch viel mehr. Durch seine ganz besondere physikalische Struktur als fl\u00fcssiges Kristall kann es Frequenzmuster anderer Stoffe aufnehmen, speichern und weitergeben. Verantwortlich daf\u00fcr werden die Wasserstoffbr\u00fccken gemacht. Mit diesen revolution\u00e4ren Forschungsergebnissen wird auch die Wirkungsweise der Hom\u00f6opathie erkl\u00e4rt. Es reagiert wie eine sensible Antenne auf alles aus seinem Umfeld.<\/p>\n<p>Selbst kosmische Gegebenheiten wie Planetenkonstellationen oder Mondphasen haben einen Einfluss auf Wasser, wie wissenschaftliche Untersuchungen gezeigt haben. Inzwischen scheint es erwiesen, dass Wasser eine Art \"Ged\u00e4chtnis\" hat und Informationen speichern und weitergeben kann. Leider nicht nur gute, sondern auch schlechte.<\/p>\n<p>Der Dipl. Physiker Dr. Wolfgang Ludwig konnte in seinen Analysen nachweisen, dass es selbst nach Entfernung der Schadstoffe immer noch deren elektromagnetische Schwingungen enthielt. Nicht die chemischen Substanzen sind es dann, die auf den menschlichen Organismus einwirken, sondern die sch\u00e4dlichen elektromagnetischen Frequenzen der Schadstoffe.<\/p>\n<p>Sogar positive und negative Gef\u00fchle, Gedanken, aufmunternde oder l\u00e4hmende Worte beeinflussen die Wasserstruktur. Dies bewies der japanische Forscher Dr. Masaru Emoto mit eindrucksvollen Kristallbildern.<\/p>\n<p>L\u00e4sst man diese Erkenntnisse auf sich wirken, erscheinen viele Dinge, die zuvor vielleicht bel\u00e4chelt wurden, in einem neuen Licht: das Beten vor dem Essen, das Weihwasser, die Taufe und rituelle Waschungen.<\/p>\n<div class=\"content\">\n<p>&nbsp;<\/p>\n<h4 id=\"Die Aufgaben in unserem K\u00f6rper\">Die Aufgaben in unserem K\u00f6rper<\/h4>\n<p>Wasser hat einen ganz besonderen Stellenwert. Es durchdringt jede unserer K\u00f6rperzellen und erm\u00f6glicht erst die <strong>Kommunikation<\/strong> der unterschiedlichen Zellverb\u00e4nde. Auch regelt es alle Funktionen des Organismus, z.B. K\u00f6rperaufbau, <strong>Stoffwechsel<\/strong>, Verdauung, Herz-Kreislauf-Funktion und vieles mehr.<\/p>\n<p>Es ist aber auch f\u00fcr unser Bewusstsein verantwortlich und macht unsere Denkvorg\u00e4nge, Gef\u00fchle und Stimmungslagen erst m\u00f6glich. Es ist der Tr\u00e4ger aller k\u00f6rperlichen und geistigen Funktionen sowie L\u00f6sungs-, Transport-, und Reinigungsmittel.<\/p>\n<p>Es f\u00f6rdert die <strong>Entschlackung<\/strong>, transportiert N\u00e4hrstoffe, beseitigt <strong>Abbauprodukte aus dem Stoffwechsel<\/strong>, h\u00e4lt den osmotischen Druck der Zellen aufrecht und reguliert die K\u00f6rpertemperatur. Alle Stoffwechselvorg\u00e4nge im K\u00f6rper k\u00f6nnen nur mit seiner Hilfe ablaufen.<\/p>\n<p>Die Ausscheidung von Giftstoffen \u00fcber Nieren, Darm, Haut und Lunge kann nur in Verbindung mit Wasser erfolgen. Innerhalb von 24 Stunden fliessen 1.400 Liter Blut durch unser Gehirn, im selben Zeitraum werden unsere Nieren von 2.000 Litern Blut durchstr\u00f6mt. Dabei scheidet der Mensch etwa eineinhalb bis zweieinhalb Liter t\u00e4glich aus.<\/p>\n<p>Diesen Fl\u00fcssigkeitsverlust m\u00fcssen wir durch Trinken wieder ersetzen. Mehr als zwei Liter sollte man t\u00e4glich zu sich nehmen, damit die Organe ihre Aufgaben erf\u00fcllen k\u00f6nnen. Als Faustregel gilt: 30 ml Wasser pro Kilogramm K\u00f6rpergewicht.<\/p>\n<p>Wenn sich die individuelle Wasserbilanz in Richtung Wassermangel bewegt, verlangsamen sich Stoffwechselprozesse und anderer K\u00f6rperfunktionen, Zellen trocknen aus, und der Alterungsprozess wird rasant beschleunigt. Giftstoffe sammeln sich an, lagern sich in Gelenken, Gef\u00e4ssen oder im Bindegewebe ab und verursachen Beschwerden wie Kopf- und <strong>Gelenkschmerzen<\/strong> und<strong> Cellulite<\/strong>.<\/p>\n<p>Der iranische Arzt Faridum Batmanghelidj sieht die Ursache vieler chronischer Erkrankungen in der <strong>Austrocknung des K\u00f6rpers.<\/strong> Seine Devise (und der Titel seines Buches) lautet: * <a href=\"https:\/\/amzn.to\/3QLxX5j\" target=\"_blank\" rel=\"noopener nofollow sponsored\" data-auto-event-observed=\"true\"><span style=\"color: #ff9900;\">Sie sind nicht krank, sondern durstig<\/span><\/a><span style=\"color: #ff9900;\">.<\/span><\/p>\n<div class=\"clear-both pt-4\">&nbsp;<\/div>\n<div class=\"\">\n<div id=\"incontent-2\" class=\"noprint\">\n<div class=\"svelte-r4dcbv\">&nbsp;<\/div>\n<\/div>\n<\/div>\n<\/div>\n<div class=\"content\">\n<div class=\"\">\n<div id=\"incontent-2\" class=\"noprint\">&nbsp;<\/div>\n<\/div>\n<h4 id=\"Die optimale Wasserqualit\u00e4t\">Die optimale Wasserqualit\u00e4t<\/h4>\n<p>Nicht nur die Menge, die man t\u00e4glich trinken soll, ist wichtig, sondern auch die Qualit\u00e4t. Um seine Aufgaben im K\u00f6rper erf\u00fcllen zu k\u00f6nnen, <b>sollte es reif, rein, schadstofffrei, mit wenigen Mineralien angereichert, schmackhaft und voller Energie und Information sein.<\/b><\/p>\n<p>Wasser mit diesen Eigenschaften finden wir heute nur noch selten - wenn, dann meist in den Bergen. Es handelt sich hierbei um artesische Quellen, die frei fliessend aus der Erde entspringen. W\u00e4hrend seiner jahrhundertelangen Reise durch die Erde reinigt es sich von Schadstoffen und reichert sich mit den Mineralstoffen der jeweiligen Erdschichten an.<\/p>\n<p>Durch diese so genannte m\u00e4anderf\u00f6rmige Bewegung entstehen die levitanten Kr\u00e4fte, die es ihm erm\u00f6glichen, als reife Quelle auch in 2.000 Metern H\u00f6he noch ans Tageslicht zu gelangen. Reifes Wasser besitzt eine stark ausgepr\u00e4gte kristalline Struktur, und daher verf\u00fcgt es \u00fcber eine hohe Selbstreinigungskraft.<\/p>\n<p>So erkl\u00e4rt man sich auch, warum sich dort vorhandene Bakterien praktisch nicht vermehren k\u00f6nnen. Reife Wasser sind nahezu unbegrenzt haltbar. Die Oberfl\u00e4chenspannung ist gering und dadurch die Reinigungs- und L\u00f6sungskraft sehr hoch. Reifes, reines Wasser, frisch an der Quelle abgef\u00fcllt, w\u00e4re also die beste und ges\u00fcndeste L\u00f6sung.<\/p>\n<p>&nbsp;<\/p>\n<h4 id=\"Wasser ohne Struktur\">Wasser ohne Struktur<\/h4>\n<p>W\u00e4sser, die weniger als ein Gramm Mineralien pro Liter aufweisen, werden als Quellw\u00e4sser bezeichnet. Aus kommerziellen Gr\u00fcnden werden leider auch gute Quellw\u00e4sser oft mit <strong>Kohlens\u00e4ure <\/strong>versetzt. Dabei wird ihm sein nat\u00fcrlicher Sauerstoff entzogen und k\u00fcnstlich Stickstoff hinzugef\u00fcgt.<\/p>\n<p>Geschmacklich \u00e4ndert sich dabei nichts, doch werden Keime abget\u00f6tet, und sie sind l\u00e4nger haltbar. Keime sind aber nur dann im Quellwasser, wenn es noch nicht reif war, also noch keine geometrische Struktur aufgebaut hat. Es braucht seine Reifezeit, bis sich diese Struktur formt. Nur wo es noch keine Geometrie aufweist, k\u00f6nnen sich Keime, Viren, Pilze und Bakterien vermehren.<\/p>\n<p>Die meisten im Handel befindlichen W\u00e4sser sind unreif und m\u00fcssen deshalb haltbar gemacht werden. Dies geschieht nicht nur durch die Zugabe von Kohlens\u00e4ure, sondern auch durch Ozonierung. Dabei wird jedoch gr\u00f6sstenteils das Frequenzmuster der W\u00e4sser zerst\u00f6rt. Solches kann man als totes Wasser bezeichnen. Es hat seinen massgebenden Informationsgehalt verloren.<\/p>\n<p>&nbsp;<\/p>\n<h4 id=\"Die geheime Macht des Wassers\">Die geheime Macht des Wassers<\/h4>\n<p>Strukturiertes Wasser bezieht sich auf eine hypothetische Form, bei der die Wassermolek\u00fcle in einem geordneten Muster angeordnet sind. Es wird angenommen, dass es aufgrund dieser Struktur besondere Eigenschaften hat, die zu einer verbesserten Gesundheit beitragen k\u00f6nnen.<\/p>\n<div class=\"frame-container\"><iframe src=\"https:\/\/www.youtube.com\/embed\/s7cLEeFO2jk?showinfo=0\" data-mce-fragment=\"1\"><\/iframe><\/div>\n<h2 id=\"Die Qualit\u00e4t\">Die Qualit\u00e4t<\/h2>\n<p>Leider ist den meisten Menschen nicht m\u00f6glich, Quellwasser zu geniessen. Immer h\u00e4ufiger sind die Quellen, besonders in dicht besiedelten Gebieten durch schmutziges Oberfl\u00e4chenwasser oder durch Landwirtschaft und Industrie verunreinigt und deshalb ungeniessbar. Die Bereitstellung von gutem <strong>Trinkwasser<\/strong> ist inzwischen ein Problem.<\/p>\n<p>Wir leben mit einer enormen Dunkelziffer an <strong>Pestiziden<\/strong> und <strong>Fungiziden <\/strong>in unserem Wasser, von denen wir weder Namen, geschweige denn Grenzwerte kennen. Als in der Vergangenheit massgebliche Grenzwerte von Pestiziden und Fungiziden \u00fcberschritten wurden, hatte der Gesetzgeber sogar die Grenze nach oben gesetzt und die Zahl der zu untersuchenden Substanzen erheblich reduziert.<\/p>\n<p>Die Belastung unterliegt von Ort zu Ort grossen qualitativen Schwankungen. Mit Hilfe von Aufbereitungsanlagen versuchen die Wasserwerke es von Schadstoffen zu reinigen und von Bakterien zu befreien. Biochemisch gesehen erhalten wir auch mehr oder weniger gereinigtes Leitungswasser.<\/p>\n<p>&nbsp;<\/p>\n<h4 id=\"Belebung durch Quarzkristalle\">Belebung durch Quarzkristalle<\/h4>\n<p>Eine nat\u00fcrliche, sehr effektive und zudem g\u00fcnstige Methode der Wasserbelebung ist die Verwendung von Quarzkristallen. Eine Hand voll Quarzkristalle, z. B. Bergkristall, Rosenquarz oder Amethyst abends in einer Glaskaraffe mit <strong>Leitungswasser <\/strong>gelegt, ergibt ein aufbereitetes Wasser.<\/p>\n<p>Die trigonale Struktur von Quarzkristallen ist in der Lage, die flexible Struktur des Wassers teilweise wieder zu ordnen, und vermittelt ihm so die fehlende Struktur. Es ist dieselbe Methode, die viele Hersteller von Wasserbelebungsger\u00e4ten einsetzen, denn in deren Ger\u00e4ten wird oft Quarzsand verwendet. Biochemisch hat man zwar immer noch das gleiche, m\u00f6glicherweise mit Schadstoffen belastete Wasser, denn auch mit den Kristallen k\u00f6nnen diese nicht entfernt werden. Aber sie geben dem Wasser nun zumindest eine geordnete Struktur, eine kristalline Phase.<\/p>\n<\/div>\n<div class=\"mt-6 noprint p-8 rounded-lg shadow-md text-lg\">\n<p class=\"text-gray-800 mb-4\">&nbsp;<\/p>\n<\/div>\n<div class=\"mt-6 noprint\">\n<h4>Wichtiger Hinweis<\/h4>\n<p>Dieser Artikel wurde auf Grundlage (zur Zeit der Ver\u00f6ffentlichung) aktueller Studien verfasst und von MedizinerInnen gepr\u00fcft, darf aber nicht zur Selbstdiagnose oder Selbstbehandlung genutzt werden, ersetzt also nicht den Besuch bei Ihrem Arzt. Besprechen Sie daher jede Massnahme (ob aus diesem oder einem anderen unserer Artikel) immer zuerst mit Ihrem Arzt.<\/p>\n<p>&nbsp;<\/p>\n<\/div>\n<h4>Quelle :<\/h4>\n<p>Zentrum f\u00fcr Gesundheit - Autor: <a class=\"font-semibold mr-1 after:content-[','] last:after:hidden\" href=\"https:\/\/www.zentrum-der-gesundheit.de\/autoren\" data-auto-event-observed=\"true\">Barbara Hendel - <\/a>Aktualisiert: 04 Januar 2024<\/p>\n","protected":false},"excerpt":{"rendered":"<p>Wasser - mehr als eine chemische Formel Ohne diese lebenwichtige Fl\u00fcssigkeit kann nichts entstehen, nichts wachsen, nichts gedeihen. Die Erde w\u00e4re eine trockene W\u00fcste, ohne Pflanzen, ohne Tiere, ohne Menschen. Ohne Wasser g\u00e4be es auch keine St\u00e4dte, keine Flugzeuge, keine Computer. Und vor allem keine Gesundheit. &nbsp; Wasser ist mehr als eine chemische Formel Es ist die treibende Kraft nicht&nbsp;<a href=\"https:\/\/bien-etreiris.ch\/de\/ratgeber-klarheit-beratung\/gesunder-lebensstil\/wasser-geheimnisse\/lebenwichtige-fluessigkeit\/\" class=\"read-more\">Weiter lesen<\/a><\/p>\n","protected":false},"author":1,"featured_media":83034,"parent":63096,"menu_order":2198,"comment_status":"closed","ping_status":"closed","template":"page-with-child.php","meta":{"_acf_changed":false,"ngg_post_thumbnail":0,"footnotes":""},"class_list":["post-83028","page","type-page","status-publish","has-post-thumbnail","hentry"],"acf":[],"yoast_head":"<!-- This site is optimized with the Yoast SEO plugin v27.5 - https:\/\/yoast.com\/product\/yoast-seo-wordpress\/ -->\n<title>LEBENSWICHTIGE... - WOHLBEFINDEN<\/title>\n<meta name=\"robots\" content=\"index, follow, max-snippet:-1, max-image-preview:large, max-video-preview:-1\" \/>\n<link rel=\"canonical\" href=\"https:\/\/bien-etreiris.ch\/de\/ratgeber-klarheit-beratung\/gesunder-lebensstil\/wasser-geheimnisse\/lebenwichtige-fluessigkeit\/\" \/>\n<meta property=\"og:locale\" content=\"de_DE\" \/>\n<meta property=\"og:type\" content=\"article\" \/>\n<meta property=\"og:title\" content=\"LEBENSWICHTIGE... - WOHLBEFINDEN\" \/>\n<meta property=\"og:description\" content=\"Wasser - mehr als eine chemische Formel Ohne diese lebenwichtige Fl\u00fcssigkeit kann nichts entstehen, nichts wachsen, nichts gedeihen. Die Erde w\u00e4re eine trockene W\u00fcste, ohne Pflanzen, ohne Tiere, ohne Menschen. Ohne Wasser g\u00e4be es auch keine St\u00e4dte, keine Flugzeuge, keine Computer. Und vor allem keine Gesundheit. &nbsp; Wasser ist mehr als eine chemische Formel Es ist die treibende Kraft nicht&nbsp;Weiter lesen\" \/>\n<meta property=\"og:url\" content=\"https:\/\/bien-etreiris.ch\/de\/ratgeber-klarheit-beratung\/gesunder-lebensstil\/wasser-geheimnisse\/lebenwichtige-fluessigkeit\/\" \/>\n<meta property=\"og:site_name\" content=\"WOHLBEFINDEN\" \/>\n<meta property=\"article:publisher\" content=\"https:\/\/www.facebook.com\/bienetreiris\/\" \/>\n<meta property=\"article:modified_time\" content=\"2024-01-12T20:41:38+00:00\" \/>\n<meta property=\"og:image\" content=\"https:\/\/bien-etreiris.ch\/wp-content\/uploads\/2024\/01\/acceuil-liquide-vital.jpg\" \/>\n\t<meta property=\"og:image:width\" content=\"500\" \/>\n\t<meta property=\"og:image:height\" content=\"333\" \/>\n\t<meta property=\"og:image:type\" content=\"image\/jpeg\" \/>\n<meta name=\"twitter:label1\" content=\"Gesch\u00e4tzte Lesezeit\" \/>\n\t<meta name=\"twitter:data1\" content=\"8\u00a0Minuten\" \/>\n<script type=\"application\/ld+json\" class=\"yoast-schema-graph\">{\"@context\":\"https:\\\/\\\/schema.org\",\"@graph\":[{\"@type\":\"WebPage\",\"@id\":\"https:\\\/\\\/bien-etreiris.ch\\\/de\\\/ratgeber-klarheit-beratung\\\/gesunder-lebensstil\\\/wasser-geheimnisse\\\/lebenwichtige-fluessigkeit\\\/\",\"url\":\"https:\\\/\\\/bien-etreiris.ch\\\/de\\\/ratgeber-klarheit-beratung\\\/gesunder-lebensstil\\\/wasser-geheimnisse\\\/lebenwichtige-fluessigkeit\\\/\",\"name\":\"LEBENSWICHTIGE... - WOHLBEFINDEN\",\"isPartOf\":{\"@id\":\"https:\\\/\\\/bien-etreiris.ch\\\/de\\\/#website\"},\"primaryImageOfPage\":{\"@id\":\"https:\\\/\\\/bien-etreiris.ch\\\/de\\\/ratgeber-klarheit-beratung\\\/gesunder-lebensstil\\\/wasser-geheimnisse\\\/lebenwichtige-fluessigkeit\\\/#primaryimage\"},\"image\":{\"@id\":\"https:\\\/\\\/bien-etreiris.ch\\\/de\\\/ratgeber-klarheit-beratung\\\/gesunder-lebensstil\\\/wasser-geheimnisse\\\/lebenwichtige-fluessigkeit\\\/#primaryimage\"},\"thumbnailUrl\":\"https:\\\/\\\/bien-etreiris.ch\\\/wp-content\\\/uploads\\\/2024\\\/01\\\/acceuil-liquide-vital.jpg\",\"datePublished\":\"2024-01-12T17:09:37+00:00\",\"dateModified\":\"2024-01-12T20:41:38+00:00\",\"breadcrumb\":{\"@id\":\"https:\\\/\\\/bien-etreiris.ch\\\/de\\\/ratgeber-klarheit-beratung\\\/gesunder-lebensstil\\\/wasser-geheimnisse\\\/lebenwichtige-fluessigkeit\\\/#breadcrumb\"},\"inLanguage\":\"de\",\"potentialAction\":[{\"@type\":\"ReadAction\",\"target\":[\"https:\\\/\\\/bien-etreiris.ch\\\/de\\\/ratgeber-klarheit-beratung\\\/gesunder-lebensstil\\\/wasser-geheimnisse\\\/lebenwichtige-fluessigkeit\\\/\"]}]},{\"@type\":\"ImageObject\",\"inLanguage\":\"de\",\"@id\":\"https:\\\/\\\/bien-etreiris.ch\\\/de\\\/ratgeber-klarheit-beratung\\\/gesunder-lebensstil\\\/wasser-geheimnisse\\\/lebenwichtige-fluessigkeit\\\/#primaryimage\",\"url\":\"https:\\\/\\\/bien-etreiris.ch\\\/wp-content\\\/uploads\\\/2024\\\/01\\\/acceuil-liquide-vital.jpg\",\"contentUrl\":\"https:\\\/\\\/bien-etreiris.ch\\\/wp-content\\\/uploads\\\/2024\\\/01\\\/acceuil-liquide-vital.jpg\",\"width\":500,\"height\":333},{\"@type\":\"BreadcrumbList\",\"@id\":\"https:\\\/\\\/bien-etreiris.ch\\\/de\\\/ratgeber-klarheit-beratung\\\/gesunder-lebensstil\\\/wasser-geheimnisse\\\/lebenwichtige-fluessigkeit\\\/#breadcrumb\",\"itemListElement\":[{\"@type\":\"ListItem\",\"position\":1,\"name\":\"Home\",\"item\":\"https:\\\/\\\/bien-etreiris.ch\\\/de\\\/\"},{\"@type\":\"ListItem\",\"position\":2,\"name\":\"RATGEBER &#038; KLARHEIT\",\"item\":\"https:\\\/\\\/bien-etreiris.ch\\\/de\\\/ratgeber-klarheit-beratung\\\/\"},{\"@type\":\"ListItem\",\"position\":3,\"name\":\"GESUNDER LEBENSSTIL\",\"item\":\"https:\\\/\\\/bien-etreiris.ch\\\/de\\\/ratgeber-klarheit-beratung\\\/gesunder-lebensstil\\\/\"},{\"@type\":\"ListItem\",\"position\":4,\"name\":\"WASSER GEHEIMNISSE\",\"item\":\"https:\\\/\\\/bien-etreiris.ch\\\/de\\\/ratgeber-klarheit-beratung\\\/gesunder-lebensstil\\\/wasser-geheimnisse\\\/\"},{\"@type\":\"ListItem\",\"position\":5,\"name\":\"LEBENSWICHTIGE&#8230;\"}]},{\"@type\":\"WebSite\",\"@id\":\"https:\\\/\\\/bien-etreiris.ch\\\/de\\\/#website\",\"url\":\"https:\\\/\\\/bien-etreiris.ch\\\/de\\\/\",\"name\":\"Bien-\u00eatre Iris\",\"description\":\"IHRE Gesundheit ist uns wichtig\",\"potentialAction\":[{\"@type\":\"SearchAction\",\"target\":{\"@type\":\"EntryPoint\",\"urlTemplate\":\"https:\\\/\\\/bien-etreiris.ch\\\/de\\\/?s={search_term_string}\"},\"query-input\":{\"@type\":\"PropertyValueSpecification\",\"valueRequired\":true,\"valueName\":\"search_term_string\"}}],\"inLanguage\":\"de\"}]}<\/script>\n<!-- \/ Yoast SEO plugin. -->","yoast_head_json":{"title":"LEBENSWICHTIGE... - WOHLBEFINDEN","robots":{"index":"index","follow":"follow","max-snippet":"max-snippet:-1","max-image-preview":"max-image-preview:large","max-video-preview":"max-video-preview:-1"},"canonical":"https:\/\/bien-etreiris.ch\/de\/ratgeber-klarheit-beratung\/gesunder-lebensstil\/wasser-geheimnisse\/lebenwichtige-fluessigkeit\/","og_locale":"de_DE","og_type":"article","og_title":"LEBENSWICHTIGE... - WOHLBEFINDEN","og_description":"Wasser - mehr als eine chemische Formel Ohne diese lebenwichtige Fl\u00fcssigkeit kann nichts entstehen, nichts wachsen, nichts gedeihen. Die Erde w\u00e4re eine trockene W\u00fcste, ohne Pflanzen, ohne Tiere, ohne Menschen. Ohne Wasser g\u00e4be es auch keine St\u00e4dte, keine Flugzeuge, keine Computer. Und vor allem keine Gesundheit. &nbsp; Wasser ist mehr als eine chemische Formel Es ist die treibende Kraft nicht&nbsp;Weiter lesen","og_url":"https:\/\/bien-etreiris.ch\/de\/ratgeber-klarheit-beratung\/gesunder-lebensstil\/wasser-geheimnisse\/lebenwichtige-fluessigkeit\/","og_site_name":"WOHLBEFINDEN","article_publisher":"https:\/\/www.facebook.com\/bienetreiris\/","article_modified_time":"2024-01-12T20:41:38+00:00","og_image":[{"width":500,"height":333,"url":"https:\/\/bien-etreiris.ch\/wp-content\/uploads\/2024\/01\/acceuil-liquide-vital.jpg","type":"image\/jpeg"}],"twitter_misc":{"Gesch\u00e4tzte Lesezeit":"8\u00a0Minuten"},"schema":{"@context":"https:\/\/schema.org","@graph":[{"@type":"WebPage","@id":"https:\/\/bien-etreiris.ch\/de\/ratgeber-klarheit-beratung\/gesunder-lebensstil\/wasser-geheimnisse\/lebenwichtige-fluessigkeit\/","url":"https:\/\/bien-etreiris.ch\/de\/ratgeber-klarheit-beratung\/gesunder-lebensstil\/wasser-geheimnisse\/lebenwichtige-fluessigkeit\/","name":"LEBENSWICHTIGE... - WOHLBEFINDEN","isPartOf":{"@id":"https:\/\/bien-etreiris.ch\/de\/#website"},"primaryImageOfPage":{"@id":"https:\/\/bien-etreiris.ch\/de\/ratgeber-klarheit-beratung\/gesunder-lebensstil\/wasser-geheimnisse\/lebenwichtige-fluessigkeit\/#primaryimage"},"image":{"@id":"https:\/\/bien-etreiris.ch\/de\/ratgeber-klarheit-beratung\/gesunder-lebensstil\/wasser-geheimnisse\/lebenwichtige-fluessigkeit\/#primaryimage"},"thumbnailUrl":"https:\/\/bien-etreiris.ch\/wp-content\/uploads\/2024\/01\/acceuil-liquide-vital.jpg","datePublished":"2024-01-12T17:09:37+00:00","dateModified":"2024-01-12T20:41:38+00:00","breadcrumb":{"@id":"https:\/\/bien-etreiris.ch\/de\/ratgeber-klarheit-beratung\/gesunder-lebensstil\/wasser-geheimnisse\/lebenwichtige-fluessigkeit\/#breadcrumb"},"inLanguage":"de","potentialAction":[{"@type":"ReadAction","target":["https:\/\/bien-etreiris.ch\/de\/ratgeber-klarheit-beratung\/gesunder-lebensstil\/wasser-geheimnisse\/lebenwichtige-fluessigkeit\/"]}]},{"@type":"ImageObject","inLanguage":"de","@id":"https:\/\/bien-etreiris.ch\/de\/ratgeber-klarheit-beratung\/gesunder-lebensstil\/wasser-geheimnisse\/lebenwichtige-fluessigkeit\/#primaryimage","url":"https:\/\/bien-etreiris.ch\/wp-content\/uploads\/2024\/01\/acceuil-liquide-vital.jpg","contentUrl":"https:\/\/bien-etreiris.ch\/wp-content\/uploads\/2024\/01\/acceuil-liquide-vital.jpg","width":500,"height":333},{"@type":"BreadcrumbList","@id":"https:\/\/bien-etreiris.ch\/de\/ratgeber-klarheit-beratung\/gesunder-lebensstil\/wasser-geheimnisse\/lebenwichtige-fluessigkeit\/#breadcrumb","itemListElement":[{"@type":"ListItem","position":1,"name":"Home","item":"https:\/\/bien-etreiris.ch\/de\/"},{"@type":"ListItem","position":2,"name":"RATGEBER &#038; KLARHEIT","item":"https:\/\/bien-etreiris.ch\/de\/ratgeber-klarheit-beratung\/"},{"@type":"ListItem","position":3,"name":"GESUNDER LEBENSSTIL","item":"https:\/\/bien-etreiris.ch\/de\/ratgeber-klarheit-beratung\/gesunder-lebensstil\/"},{"@type":"ListItem","position":4,"name":"WASSER GEHEIMNISSE","item":"https:\/\/bien-etreiris.ch\/de\/ratgeber-klarheit-beratung\/gesunder-lebensstil\/wasser-geheimnisse\/"},{"@type":"ListItem","position":5,"name":"LEBENSWICHTIGE&#8230;"}]},{"@type":"WebSite","@id":"https:\/\/bien-etreiris.ch\/de\/#website","url":"https:\/\/bien-etreiris.ch\/de\/","name":"Bien-\u00eatre Iris","description":"IHRE Gesundheit ist uns wichtig","potentialAction":[{"@type":"SearchAction","target":{"@type":"EntryPoint","urlTemplate":"https:\/\/bien-etreiris.ch\/de\/?s={search_term_string}"},"query-input":{"@type":"PropertyValueSpecification","valueRequired":true,"valueName":"search_term_string"}}],"inLanguage":"de"}]}},"_links":{"self":[{"href":"https:\/\/bien-etreiris.ch\/de\/wp-json\/wp\/v2\/pages\/83028","targetHints":{"allow":["GET"]}}],"collection":[{"href":"https:\/\/bien-etreiris.ch\/de\/wp-json\/wp\/v2\/pages"}],"about":[{"href":"https:\/\/bien-etreiris.ch\/de\/wp-json\/wp\/v2\/types\/page"}],"author":[{"embeddable":true,"href":"https:\/\/bien-etreiris.ch\/de\/wp-json\/wp\/v2\/users\/1"}],"replies":[{"embeddable":true,"href":"https:\/\/bien-etreiris.ch\/de\/wp-json\/wp\/v2\/comments?post=83028"}],"version-history":[{"count":4,"href":"https:\/\/bien-etreiris.ch\/de\/wp-json\/wp\/v2\/pages\/83028\/revisions"}],"predecessor-version":[{"id":83043,"href":"https:\/\/bien-etreiris.ch\/de\/wp-json\/wp\/v2\/pages\/83028\/revisions\/83043"}],"up":[{"embeddable":true,"href":"https:\/\/bien-etreiris.ch\/de\/wp-json\/wp\/v2\/pages\/63096"}],"wp:featuredmedia":[{"embeddable":true,"href":"https:\/\/bien-etreiris.ch\/de\/wp-json\/wp\/v2\/media\/83034"}],"wp:attachment":[{"href":"https:\/\/bien-etreiris.ch\/de\/wp-json\/wp\/v2\/media?parent=83028"}],"curies":[{"name":"wp","href":"https:\/\/api.w.org\/{rel}","templated":true}]}}