{"id":82806,"date":"2023-03-24T14:56:37","date_gmt":"2023-03-24T12:56:37","guid":{"rendered":"https:\/\/bien-etreiris.ch\/produktpraesentation\/aromatherapie\/selbst-herstellen\/material-zur-herstellung\/behaelter\/roll-on\/"},"modified":"2024-01-05T10:35:33","modified_gmt":"2024-01-05T08:35:33","slug":"roll-ons","status":"publish","type":"page","link":"https:\/\/bien-etreiris.ch\/de\/produktpraesentation\/aromatherapie\/selbst-herstellen\/material-zur-herstellung\/behaelter\/roll-ons\/","title":{"rendered":"ROLL-ONS"},"content":{"rendered":"\n\n\n<h2>Roll-ons<\/h2>\n<p><span lang=\"fr\" xml:lang=\"fr\">Unsere Roll-ons sind einfach zu verwenden und begleiten Sie \u00fcberall hin! Entdecken Sie unsere verschiedenen Modelle und finden Sie den Roll-on, der zu Ihnen passt: Roll-on aus Glas mit Steinen im Inneren f\u00fcr die Energie der Lithotherapie in Verbindung mit Ihren Mischungen, braunes oder durchsichtiges Glas oder auch Roll-on aus Bambus, in 5, 10, 15, 20, 30 oder 50 ml. F\u00fcr Ihre Deodorants oder andere fl\u00fcssige Pr\u00e4parate, die mit ihrer drehbaren Kugel leicht aufzutragen sind!s<\/span><\/p>\n<p>&nbsp;<\/p>\n<p>&nbsp;<\/p>\n<h2>Roll-on aus Braunglas 5 ml<\/h2>\n\n\n\n<p><a href=\"https:\/\/bien-etreiris.ch\/wp-content\/uploads\/2023\/03\/5-ml.jpg\"><img loading=\"lazy\" decoding=\"async\" class=\"size-full wp-image-67717 alignleft\" src=\"https:\/\/bien-etreiris.ch\/wp-content\/uploads\/2023\/03\/5-ml.jpg\" alt=\"\" width=\"149\" height=\"346\" srcset=\"https:\/\/bien-etreiris.ch\/wp-content\/uploads\/2023\/03\/5-ml.jpg 149w, https:\/\/bien-etreiris.ch\/wp-content\/uploads\/2023\/03\/5-ml-129x300.jpg 129w\" sizes=\"auto, (max-width: 149px) 100vw, 149px\" \/><\/a><\/p>\n\n\n\n<p>&nbsp;<\/p>\n<p>&nbsp;<\/p>\n<p>&nbsp;<\/p>\n<p>&nbsp;<\/p>\n<p>5 ml <strong>CHF 1.40<\/strong><\/p>\n<p>F\u00fcr Ihre Kreationen zur lokalen Anwendung.<\/p>\n<p>Einfach aufzutragen, leicht zu transportieren.<\/p>\n<p>&nbsp;<\/p>\n<h2>&nbsp;<\/h2>\n<p>&nbsp;<\/p>\n<p>&nbsp;<\/p>\n<hr>\n<h2>Roll-on aus Braunglas 10 ml<\/h2>\n<h2><a href=\"https:\/\/bien-etreiris.ch\/wp-content\/uploads\/2023\/03\/10-ml.jpg\"><img loading=\"lazy\" decoding=\"async\" class=\"size-full wp-image-67720 alignleft\" src=\"https:\/\/bien-etreiris.ch\/wp-content\/uploads\/2023\/03\/10-ml.jpg\" alt=\"\" width=\"94\" height=\"359\"><\/a><\/h2>\n<p>&nbsp;<\/p>\n<p>&nbsp;<\/p>\n<p>&nbsp;<\/p>\n<p>&nbsp;<\/p>\n<h4>&nbsp;<\/h4>\n<p>10 ml <strong>CHF 1.80<\/strong><\/p>\n<p>F\u00fcr Ihre Kreationen zur lokalen Anwendung.<\/p>\n<p>Einfach aufzutragen, leicht zu transportieren.<\/p>\n<p>&nbsp;<\/p>\n<p>&nbsp;<\/p>\n<p>&nbsp;<\/p>\n<p>&nbsp;<\/p>\n<hr>\n<h2><strong>Roll-on aus Bambus<br><\/strong><\/h2>\n<p><a href=\"https:\/\/bien-etreiris.ch\/wp-content\/uploads\/2023\/03\/Bambou-5-ml.jpg\"><img loading=\"lazy\" decoding=\"async\" class=\"size-full wp-image-67723 alignleft\" src=\"https:\/\/bien-etreiris.ch\/wp-content\/uploads\/2023\/03\/Bambou-5-ml.jpg\" alt=\"\" width=\"185\" height=\"455\" srcset=\"https:\/\/bien-etreiris.ch\/wp-content\/uploads\/2023\/03\/Bambou-5-ml.jpg 185w, https:\/\/bien-etreiris.ch\/wp-content\/uploads\/2023\/03\/Bambou-5-ml-122x300.jpg 122w\" sizes=\"auto, (max-width: 185px) 100vw, 185px\" \/><\/a><\/p>\n<h4><strong>&nbsp;<\/strong><\/h4>\n<p>&nbsp;<\/p>\n<p>&nbsp;<\/p>\n<h4><strong>&nbsp;<\/strong><\/h4>\n\n\n\n<p>&nbsp;<\/p>\n<p>&nbsp;<\/p>\n<h4>&nbsp;<\/h4>\n<p><strong>5 ml CHF 4.00<br><\/strong><\/p>\n<p>Kann mit Ihrem Rezept gef\u00fcllt werden. Innenseite aus Glas und Kugel aus Stahl.<\/p>\n<p>&nbsp;<\/p>\n<p>&nbsp;<\/p>\n<p>&nbsp;<\/p>\n<hr>\n<p><a href=\"https:\/\/bien-etreiris.ch\/wp-content\/uploads\/2023\/03\/Fantasies.jpg\"><img loading=\"lazy\" decoding=\"async\" class=\"size-full wp-image-67726 alignleft\" src=\"https:\/\/bien-etreiris.ch\/wp-content\/uploads\/2023\/03\/Fantasies.jpg\" alt=\"\" width=\"447\" height=\"445\" srcset=\"https:\/\/bien-etreiris.ch\/wp-content\/uploads\/2023\/03\/Fantasies.jpg 447w, https:\/\/bien-etreiris.ch\/wp-content\/uploads\/2023\/03\/Fantasies-300x300.jpg 300w, https:\/\/bien-etreiris.ch\/wp-content\/uploads\/2023\/03\/Fantasies-150x150.jpg 150w\" sizes=\"auto, (max-width: 447px) 100vw, 447px\" \/><\/a><\/p>\n\n\n\n<p>&nbsp;<\/p>\n<p>&nbsp;<\/p>\n<p>&nbsp;<\/p>\n<p>&nbsp;<\/p>\n<p>&nbsp;<\/p>\n<h4>Roll-on fantasie<\/h4>\n<p>&nbsp; 5 ml <strong>CHF<\/strong><\/p>\n<p>10 ml <strong>CHF<\/strong><\/p>\n<p>&nbsp;<\/p>\n<p>&nbsp;<\/p>\n<p>Kann mit Ihrem Rezept gef\u00fcllt werden. Innenseite aus Glas und Kugel aus Stahl.<\/p>\n","protected":false},"excerpt":{"rendered":"<p>Roll-ons Unsere Roll-ons sind einfach zu verwenden und begleiten Sie \u00fcberall hin! Entdecken Sie unsere verschiedenen Modelle und finden Sie den Roll-on, der zu Ihnen passt: Roll-on aus Glas mit Steinen im Inneren f\u00fcr die Energie der Lithotherapie in Verbindung mit Ihren Mischungen, braunes oder durchsichtiges Glas oder auch Roll-on aus Bambus, in 5, 10, 15, 20, 30 oder 50&nbsp;<a href=\"https:\/\/bien-etreiris.ch\/de\/produktpraesentation\/aromatherapie\/selbst-herstellen\/material-zur-herstellung\/behaelter\/roll-ons\/\" class=\"read-more\">Weiter lesen<\/a><\/p>\n","protected":false},"author":1,"featured_media":67731,"parent":50682,"menu_order":3774,"comment_status":"closed","ping_status":"closed","template":"page-with-child.php","meta":{"_acf_changed":false,"ngg_post_thumbnail":0,"footnotes":""},"class_list":["post-82806","page","type-page","status-publish","has-post-thumbnail","hentry"],"acf":[],"yoast_head":"<!-- This site is optimized with the Yoast SEO plugin v27.4 - https:\/\/yoast.com\/product\/yoast-seo-wordpress\/ -->\n<title>ROLL-ONS - WOHLBEFINDEN<\/title>\n<meta name=\"robots\" content=\"index, follow, max-snippet:-1, max-image-preview:large, max-video-preview:-1\" \/>\n<link rel=\"canonical\" href=\"https:\/\/bien-etreiris.ch\/de\/produktpraesentation\/aromatherapie\/selbst-herstellen\/material-zur-herstellung\/behaelter\/roll-ons\/\" \/>\n<meta property=\"og:locale\" content=\"de_DE\" \/>\n<meta property=\"og:type\" content=\"article\" \/>\n<meta property=\"og:title\" content=\"ROLL-ONS - WOHLBEFINDEN\" \/>\n<meta property=\"og:description\" content=\"Roll-ons Unsere Roll-ons sind einfach zu verwenden und begleiten Sie \u00fcberall hin! Entdecken Sie unsere verschiedenen Modelle und finden Sie den Roll-on, der zu Ihnen passt: Roll-on aus Glas mit Steinen im Inneren f\u00fcr die Energie der Lithotherapie in Verbindung mit Ihren Mischungen, braunes oder durchsichtiges Glas oder auch Roll-on aus Bambus, in 5, 10, 15, 20, 30 oder 50&nbsp;Weiter lesen\" \/>\n<meta property=\"og:url\" content=\"https:\/\/bien-etreiris.ch\/de\/produktpraesentation\/aromatherapie\/selbst-herstellen\/material-zur-herstellung\/behaelter\/roll-ons\/\" \/>\n<meta property=\"og:site_name\" content=\"WOHLBEFINDEN\" \/>\n<meta property=\"article:publisher\" content=\"https:\/\/www.facebook.com\/bienetreiris\/\" \/>\n<meta property=\"article:modified_time\" content=\"2024-01-05T08:35:33+00:00\" \/>\n<meta property=\"og:image\" content=\"https:\/\/bien-etreiris.ch\/wp-content\/uploads\/2023\/03\/acceuil-Roll-on.jpg\" \/>\n\t<meta property=\"og:image:width\" content=\"500\" \/>\n\t<meta property=\"og:image:height\" content=\"333\" \/>\n\t<meta property=\"og:image:type\" content=\"image\/jpeg\" \/>\n<meta name=\"twitter:label1\" content=\"Gesch\u00e4tzte Lesezeit\" \/>\n\t<meta name=\"twitter:data1\" content=\"2\u00a0Minuten\" \/>\n<script type=\"application\/ld+json\" class=\"yoast-schema-graph\">{\"@context\":\"https:\\\/\\\/schema.org\",\"@graph\":[{\"@type\":\"WebPage\",\"@id\":\"https:\\\/\\\/bien-etreiris.ch\\\/de\\\/produktpraesentation\\\/aromatherapie\\\/selbst-herstellen\\\/material-zur-herstellung\\\/behaelter\\\/roll-ons\\\/\",\"url\":\"https:\\\/\\\/bien-etreiris.ch\\\/de\\\/produktpraesentation\\\/aromatherapie\\\/selbst-herstellen\\\/material-zur-herstellung\\\/behaelter\\\/roll-ons\\\/\",\"name\":\"ROLL-ONS - WOHLBEFINDEN\",\"isPartOf\":{\"@id\":\"https:\\\/\\\/bien-etreiris.ch\\\/de\\\/#website\"},\"primaryImageOfPage\":{\"@id\":\"https:\\\/\\\/bien-etreiris.ch\\\/de\\\/produktpraesentation\\\/aromatherapie\\\/selbst-herstellen\\\/material-zur-herstellung\\\/behaelter\\\/roll-ons\\\/#primaryimage\"},\"image\":{\"@id\":\"https:\\\/\\\/bien-etreiris.ch\\\/de\\\/produktpraesentation\\\/aromatherapie\\\/selbst-herstellen\\\/material-zur-herstellung\\\/behaelter\\\/roll-ons\\\/#primaryimage\"},\"thumbnailUrl\":\"https:\\\/\\\/bien-etreiris.ch\\\/wp-content\\\/uploads\\\/2023\\\/03\\\/acceuil-Roll-on.jpg\",\"datePublished\":\"2023-03-24T12:56:37+00:00\",\"dateModified\":\"2024-01-05T08:35:33+00:00\",\"breadcrumb\":{\"@id\":\"https:\\\/\\\/bien-etreiris.ch\\\/de\\\/produktpraesentation\\\/aromatherapie\\\/selbst-herstellen\\\/material-zur-herstellung\\\/behaelter\\\/roll-ons\\\/#breadcrumb\"},\"inLanguage\":\"de\",\"potentialAction\":[{\"@type\":\"ReadAction\",\"target\":[\"https:\\\/\\\/bien-etreiris.ch\\\/de\\\/produktpraesentation\\\/aromatherapie\\\/selbst-herstellen\\\/material-zur-herstellung\\\/behaelter\\\/roll-ons\\\/\"]}]},{\"@type\":\"ImageObject\",\"inLanguage\":\"de\",\"@id\":\"https:\\\/\\\/bien-etreiris.ch\\\/de\\\/produktpraesentation\\\/aromatherapie\\\/selbst-herstellen\\\/material-zur-herstellung\\\/behaelter\\\/roll-ons\\\/#primaryimage\",\"url\":\"https:\\\/\\\/bien-etreiris.ch\\\/wp-content\\\/uploads\\\/2023\\\/03\\\/acceuil-Roll-on.jpg\",\"contentUrl\":\"https:\\\/\\\/bien-etreiris.ch\\\/wp-content\\\/uploads\\\/2023\\\/03\\\/acceuil-Roll-on.jpg\",\"width\":500,\"height\":333},{\"@type\":\"BreadcrumbList\",\"@id\":\"https:\\\/\\\/bien-etreiris.ch\\\/de\\\/produktpraesentation\\\/aromatherapie\\\/selbst-herstellen\\\/material-zur-herstellung\\\/behaelter\\\/roll-ons\\\/#breadcrumb\",\"itemListElement\":[{\"@type\":\"ListItem\",\"position\":1,\"name\":\"Home\",\"item\":\"https:\\\/\\\/bien-etreiris.ch\\\/de\\\/\"},{\"@type\":\"ListItem\",\"position\":2,\"name\":\"PRODUKTPR\u00c4SENTATION\",\"item\":\"https:\\\/\\\/bien-etreiris.ch\\\/de\\\/produktpraesentation\\\/\"},{\"@type\":\"ListItem\",\"position\":3,\"name\":\"AROMATHERAPIE\",\"item\":\"https:\\\/\\\/bien-etreiris.ch\\\/de\\\/produktpraesentation\\\/aromatherapie\\\/\"},{\"@type\":\"ListItem\",\"position\":4,\"name\":\"SELBST HERSTELLEN&#8230;\",\"item\":\"https:\\\/\\\/bien-etreiris.ch\\\/de\\\/produktpraesentation\\\/aromatherapie\\\/selbst-herstellen\\\/\"},{\"@type\":\"ListItem\",\"position\":5,\"name\":\"MATERIAL ZUR HERSTELLUNG\",\"item\":\"https:\\\/\\\/bien-etreiris.ch\\\/de\\\/produktpraesentation\\\/aromatherapie\\\/selbst-herstellen\\\/material-zur-herstellung\\\/\"},{\"@type\":\"ListItem\",\"position\":6,\"name\":\"BEH\u00c4LTER\",\"item\":\"https:\\\/\\\/bien-etreiris.ch\\\/de\\\/produktpraesentation\\\/aromatherapie\\\/selbst-herstellen\\\/material-zur-herstellung\\\/behaelter\\\/\"},{\"@type\":\"ListItem\",\"position\":7,\"name\":\"ROLL-ONS\"}]},{\"@type\":\"WebSite\",\"@id\":\"https:\\\/\\\/bien-etreiris.ch\\\/de\\\/#website\",\"url\":\"https:\\\/\\\/bien-etreiris.ch\\\/de\\\/\",\"name\":\"Bien-\u00eatre Iris\",\"description\":\"IHRE Gesundheit ist uns wichtig\",\"potentialAction\":[{\"@type\":\"SearchAction\",\"target\":{\"@type\":\"EntryPoint\",\"urlTemplate\":\"https:\\\/\\\/bien-etreiris.ch\\\/de\\\/?s={search_term_string}\"},\"query-input\":{\"@type\":\"PropertyValueSpecification\",\"valueRequired\":true,\"valueName\":\"search_term_string\"}}],\"inLanguage\":\"de\"}]}<\/script>\n<!-- \/ Yoast SEO plugin. -->","yoast_head_json":{"title":"ROLL-ONS - WOHLBEFINDEN","robots":{"index":"index","follow":"follow","max-snippet":"max-snippet:-1","max-image-preview":"max-image-preview:large","max-video-preview":"max-video-preview:-1"},"canonical":"https:\/\/bien-etreiris.ch\/de\/produktpraesentation\/aromatherapie\/selbst-herstellen\/material-zur-herstellung\/behaelter\/roll-ons\/","og_locale":"de_DE","og_type":"article","og_title":"ROLL-ONS - WOHLBEFINDEN","og_description":"Roll-ons Unsere Roll-ons sind einfach zu verwenden und begleiten Sie \u00fcberall hin! Entdecken Sie unsere verschiedenen Modelle und finden Sie den Roll-on, der zu Ihnen passt: Roll-on aus Glas mit Steinen im Inneren f\u00fcr die Energie der Lithotherapie in Verbindung mit Ihren Mischungen, braunes oder durchsichtiges Glas oder auch Roll-on aus Bambus, in 5, 10, 15, 20, 30 oder 50&nbsp;Weiter lesen","og_url":"https:\/\/bien-etreiris.ch\/de\/produktpraesentation\/aromatherapie\/selbst-herstellen\/material-zur-herstellung\/behaelter\/roll-ons\/","og_site_name":"WOHLBEFINDEN","article_publisher":"https:\/\/www.facebook.com\/bienetreiris\/","article_modified_time":"2024-01-05T08:35:33+00:00","og_image":[{"width":500,"height":333,"url":"https:\/\/bien-etreiris.ch\/wp-content\/uploads\/2023\/03\/acceuil-Roll-on.jpg","type":"image\/jpeg"}],"twitter_misc":{"Gesch\u00e4tzte Lesezeit":"2\u00a0Minuten"},"schema":{"@context":"https:\/\/schema.org","@graph":[{"@type":"WebPage","@id":"https:\/\/bien-etreiris.ch\/de\/produktpraesentation\/aromatherapie\/selbst-herstellen\/material-zur-herstellung\/behaelter\/roll-ons\/","url":"https:\/\/bien-etreiris.ch\/de\/produktpraesentation\/aromatherapie\/selbst-herstellen\/material-zur-herstellung\/behaelter\/roll-ons\/","name":"ROLL-ONS - WOHLBEFINDEN","isPartOf":{"@id":"https:\/\/bien-etreiris.ch\/de\/#website"},"primaryImageOfPage":{"@id":"https:\/\/bien-etreiris.ch\/de\/produktpraesentation\/aromatherapie\/selbst-herstellen\/material-zur-herstellung\/behaelter\/roll-ons\/#primaryimage"},"image":{"@id":"https:\/\/bien-etreiris.ch\/de\/produktpraesentation\/aromatherapie\/selbst-herstellen\/material-zur-herstellung\/behaelter\/roll-ons\/#primaryimage"},"thumbnailUrl":"https:\/\/bien-etreiris.ch\/wp-content\/uploads\/2023\/03\/acceuil-Roll-on.jpg","datePublished":"2023-03-24T12:56:37+00:00","dateModified":"2024-01-05T08:35:33+00:00","breadcrumb":{"@id":"https:\/\/bien-etreiris.ch\/de\/produktpraesentation\/aromatherapie\/selbst-herstellen\/material-zur-herstellung\/behaelter\/roll-ons\/#breadcrumb"},"inLanguage":"de","potentialAction":[{"@type":"ReadAction","target":["https:\/\/bien-etreiris.ch\/de\/produktpraesentation\/aromatherapie\/selbst-herstellen\/material-zur-herstellung\/behaelter\/roll-ons\/"]}]},{"@type":"ImageObject","inLanguage":"de","@id":"https:\/\/bien-etreiris.ch\/de\/produktpraesentation\/aromatherapie\/selbst-herstellen\/material-zur-herstellung\/behaelter\/roll-ons\/#primaryimage","url":"https:\/\/bien-etreiris.ch\/wp-content\/uploads\/2023\/03\/acceuil-Roll-on.jpg","contentUrl":"https:\/\/bien-etreiris.ch\/wp-content\/uploads\/2023\/03\/acceuil-Roll-on.jpg","width":500,"height":333},{"@type":"BreadcrumbList","@id":"https:\/\/bien-etreiris.ch\/de\/produktpraesentation\/aromatherapie\/selbst-herstellen\/material-zur-herstellung\/behaelter\/roll-ons\/#breadcrumb","itemListElement":[{"@type":"ListItem","position":1,"name":"Home","item":"https:\/\/bien-etreiris.ch\/de\/"},{"@type":"ListItem","position":2,"name":"PRODUKTPR\u00c4SENTATION","item":"https:\/\/bien-etreiris.ch\/de\/produktpraesentation\/"},{"@type":"ListItem","position":3,"name":"AROMATHERAPIE","item":"https:\/\/bien-etreiris.ch\/de\/produktpraesentation\/aromatherapie\/"},{"@type":"ListItem","position":4,"name":"SELBST HERSTELLEN&#8230;","item":"https:\/\/bien-etreiris.ch\/de\/produktpraesentation\/aromatherapie\/selbst-herstellen\/"},{"@type":"ListItem","position":5,"name":"MATERIAL ZUR HERSTELLUNG","item":"https:\/\/bien-etreiris.ch\/de\/produktpraesentation\/aromatherapie\/selbst-herstellen\/material-zur-herstellung\/"},{"@type":"ListItem","position":6,"name":"BEH\u00c4LTER","item":"https:\/\/bien-etreiris.ch\/de\/produktpraesentation\/aromatherapie\/selbst-herstellen\/material-zur-herstellung\/behaelter\/"},{"@type":"ListItem","position":7,"name":"ROLL-ONS"}]},{"@type":"WebSite","@id":"https:\/\/bien-etreiris.ch\/de\/#website","url":"https:\/\/bien-etreiris.ch\/de\/","name":"Bien-\u00eatre Iris","description":"IHRE Gesundheit ist uns wichtig","potentialAction":[{"@type":"SearchAction","target":{"@type":"EntryPoint","urlTemplate":"https:\/\/bien-etreiris.ch\/de\/?s={search_term_string}"},"query-input":{"@type":"PropertyValueSpecification","valueRequired":true,"valueName":"search_term_string"}}],"inLanguage":"de"}]}},"_links":{"self":[{"href":"https:\/\/bien-etreiris.ch\/de\/wp-json\/wp\/v2\/pages\/82806","targetHints":{"allow":["GET"]}}],"collection":[{"href":"https:\/\/bien-etreiris.ch\/de\/wp-json\/wp\/v2\/pages"}],"about":[{"href":"https:\/\/bien-etreiris.ch\/de\/wp-json\/wp\/v2\/types\/page"}],"author":[{"embeddable":true,"href":"https:\/\/bien-etreiris.ch\/de\/wp-json\/wp\/v2\/users\/1"}],"replies":[{"embeddable":true,"href":"https:\/\/bien-etreiris.ch\/de\/wp-json\/wp\/v2\/comments?post=82806"}],"version-history":[{"count":2,"href":"https:\/\/bien-etreiris.ch\/de\/wp-json\/wp\/v2\/pages\/82806\/revisions"}],"predecessor-version":[{"id":82810,"href":"https:\/\/bien-etreiris.ch\/de\/wp-json\/wp\/v2\/pages\/82806\/revisions\/82810"}],"up":[{"embeddable":true,"href":"https:\/\/bien-etreiris.ch\/de\/wp-json\/wp\/v2\/pages\/50682"}],"wp:featuredmedia":[{"embeddable":true,"href":"https:\/\/bien-etreiris.ch\/de\/wp-json\/wp\/v2\/media\/67731"}],"wp:attachment":[{"href":"https:\/\/bien-etreiris.ch\/de\/wp-json\/wp\/v2\/media?parent=82806"}],"curies":[{"name":"wp","href":"https:\/\/api.w.org\/{rel}","templated":true}]}}