{"id":82792,"date":"2023-02-17T04:10:02","date_gmt":"2023-02-17T02:10:02","guid":{"rendered":"https:\/\/bien-etreiris.ch\/produktpraesentation\/aromatherapie\/selbst-herstellen\/material-zur-herstellung\/behaelter\/flacons-o-18\/"},"modified":"2024-01-05T10:20:00","modified_gmt":"2024-01-05T08:20:00","slug":"flacons-o-18","status":"publish","type":"page","link":"https:\/\/bien-etreiris.ch\/de\/produktpraesentation\/aromatherapie\/selbst-herstellen\/material-zur-herstellung\/behaelter\/flacons-o-18\/","title":{"rendered":"FL\u00e4SCHCHEN \u00f8 18"},"content":{"rendered":"<h2>Apothekerfl\u00e4schchen \u00f8 18<\/h2>\n<p>Entwerfen Sie die Flasche, die Ihren Bed\u00fcrfnissen entspricht. W\u00e4hlen Sie die Gr\u00f6\u00dfe: 5, 10, 20, 30, 50, 100 ml; das Material: braunes Glas, blaues Glas oder violettes Glas oder PET; dann den passenden Verschluss: Tropfer, Spray, Pumpe, Nasenspray, Mundspray, Pipette ... Ihre individuellen Hauskreationen in einer praktischen und sicheren Verpackung!<\/p>\n<p>&nbsp;<\/p>\n<p>&nbsp;<\/p>\n<h2>Braunes Glasfl\u00e4schchen \u00f8 18<\/h2>\n<p><a href=\"https:\/\/bien-etreiris.ch\/wp-content\/uploads\/2023\/02\/flacon-5-ml-ohne-deckel.jpg\" data-wp-editing=\"1\"><img loading=\"lazy\" decoding=\"async\" class=\"wp-image-66840  alignleft\" src=\"https:\/\/bien-etreiris.ch\/wp-content\/uploads\/2023\/02\/flacon-5-ml-ohne-deckel.jpg\" alt=\"\" width=\"292\" height=\"589\" srcset=\"https:\/\/bien-etreiris.ch\/wp-content\/uploads\/2023\/02\/flacon-5-ml-ohne-deckel.jpg 193w, https:\/\/bien-etreiris.ch\/wp-content\/uploads\/2023\/02\/flacon-5-ml-ohne-deckel-149x300.jpg 149w\" sizes=\"auto, (max-width: 292px) 100vw, 292px\" \/><\/a><\/p>\n<p>&nbsp;<\/p>\n<p>&nbsp;<\/p>\n<h4>Achtung: Wird ohne Verschluss verkauft!<\/h4>\n<p>Hier finden Sie die einzigartigen UNiTWIST Apothekerflaschen 18 mm braune Linie.<\/p>\n<p>5 ml CHF 0.60<\/p>\n<p>10 ml CHF 0.60<\/p>\n<p>20 ml CHF 0.80<\/p>\n<p>30 ml CHF 0.80<\/p>\n<p>50 ml CHF 0.85<\/p>\n<p>100 ml CHF 1.00<\/p>\n<p>Alle mit dem Standard UT18 (= DIN18 mm Gewinde).<br \/>Das Besondere an diesem Produkt: Dank der \"UT\"-Norm finden Sie leicht exakt passendes Zubeh\u00f6r.<\/p>\n<p>&nbsp;<\/p>\n<p>&nbsp;<\/p>\n<p>&nbsp;<\/p>\n<p>&nbsp;<\/p>\n<h4>W\u00e4hlen Sie aus einer grossen Auswahl an Verschl\u00fcssen :<\/h4>\n<ul style=\"list-style-type: disc;\">\n<li>Glaspipetten<\/li>\n<li>Schraubdeckel<\/li>\n<li>Originalit\u00e4tsverschl\u00fcsse<\/li>\n<li>Tropfer<\/li>\n<li>Pumpzerst\u00e4uber<\/li>\n<li>Spr\u00fchk\u00f6pfe &amp; vieles mehr<\/li>\n<\/ul>\n<p>St\u00f6bern Sie jetzt durch unser Sortiment an passenden und durchdachten Verschl\u00fcssen.<\/p>\n<p>&nbsp;<\/p>\n<p>&nbsp;<\/p>\n<p>&nbsp;<\/p>\n<p>&nbsp;<\/p>\n<hr>\n<h2>Blaue Glasflasche \u00f8 18<\/h2>\n<p>Material: Glas<\/p>\n<p>Farbe: k\u00f6nigsblau<\/p>\n<p>Verwendung: Ideal f\u00fcr Hydrolate, Kosmetikflasche ...<\/p>\n<p>&nbsp;<\/p>\n<p>&nbsp;<\/p>\n<p><a href=\"https:\/\/bien-etreiris.ch\/wp-content\/uploads\/2023\/02\/Verre-bleu.jpg\"><img loading=\"lazy\" decoding=\"async\" class=\"alignnone size-full wp-image-67028\" src=\"https:\/\/bien-etreiris.ch\/wp-content\/uploads\/2023\/02\/Verre-bleu.jpg\" alt=\"\" width=\"651\" height=\"463\" srcset=\"https:\/\/bien-etreiris.ch\/wp-content\/uploads\/2023\/02\/Verre-bleu.jpg 651w, https:\/\/bien-etreiris.ch\/wp-content\/uploads\/2023\/02\/Verre-bleu-300x213.jpg 300w\" sizes=\"auto, (max-width: 651px) 100vw, 651px\" \/><\/a><\/p>\n<h4>Preis ohne Verschluss<\/h4>\n<ul style=\"list-style-type: disc;\">\n<li>1 St\u00fcck 20 ml CHF 1.25<\/li>\n<li>1 St\u00fcck 50 ml CHF 1.50<\/li>\n<li>1 St\u00fcck 100 ml CHF 1.90<\/li>\n<li>1 St\u00fcck 200 ml CHF 3.00<\/li>\n<\/ul>\n<p>&nbsp;<\/p>\n<p>Volumen<br \/><span style=\"color: #3366ff;\">20 ml<\/span><\/p>\n<p>Durchmesser: 29 mm<\/p>\n<p>H\u00f6he: 73 mm<\/p>\n<p><span style=\"color: #3366ff;\">50 ml<\/span><\/p>\n<p>Durchmesser: 37 mm<\/p>\n<p>H\u00f6he: 92 mm<\/p>\n<p><span style=\"color: #3366ff;\">100 ml<\/span><\/p>\n<p>Durchmesser: 46 mm<\/p>\n<p>H\u00f6he: 126 mm<\/p>\n<p><span style=\"color: #3366ff;\">200 ml<\/span><\/p>\n<p>Durchmesser: 53 mm<\/p>\n<p>H\u00f6he: 171 mm<\/p>\n<p>&nbsp;<\/p>\n<p>W\u00e4hlen Sie aus einer grossen Auswahl an Verschl\u00fcssen :<\/p>\n<ul style=\"list-style-type: disc;\">\n<li>Schraubverschl\u00fcsse<\/li>\n<li>Originalit\u00e4tsverschl\u00fcsse<\/li>\n<li>Pumpspraydosen<\/li>\n<li>Spr\u00fchk\u00f6pfe &amp; vieles mehr<\/li>\n<\/ul>\n<p>&nbsp;<\/p>\n<p>St\u00f6bern Sie jetzt durch unser Sortiment an passenden und durchdachten Verschl\u00fcssen.<\/p>\n<p>&nbsp;<\/p>\n","protected":false},"excerpt":{"rendered":"<p>Apothekerfl\u00e4schchen \u00f8 18 Entwerfen Sie die Flasche, die Ihren Bed\u00fcrfnissen entspricht. W\u00e4hlen Sie die Gr\u00f6\u00dfe: 5, 10, 20, 30, 50, 100 ml; das Material: braunes Glas, blaues Glas oder violettes Glas oder PET; dann den passenden Verschluss: Tropfer, Spray, Pumpe, Nasenspray, Mundspray, Pipette ... Ihre individuellen Hauskreationen in einer praktischen und sicheren Verpackung! &nbsp; &nbsp; Braunes Glasfl\u00e4schchen \u00f8 18 &nbsp;&nbsp;<a href=\"https:\/\/bien-etreiris.ch\/de\/produktpraesentation\/aromatherapie\/selbst-herstellen\/material-zur-herstellung\/behaelter\/flacons-o-18\/\" class=\"read-more\">Weiter lesen<\/a><\/p>\n","protected":false},"author":1,"featured_media":66827,"parent":50682,"menu_order":3859,"comment_status":"closed","ping_status":"closed","template":"page-with-child.php","meta":{"_acf_changed":false,"ngg_post_thumbnail":0,"footnotes":""},"class_list":["post-82792","page","type-page","status-publish","has-post-thumbnail","hentry"],"acf":[],"yoast_head":"<!-- This site is optimized with the Yoast SEO plugin v27.4 - https:\/\/yoast.com\/product\/yoast-seo-wordpress\/ -->\n<title>FL\u00e4SCHCHEN \u00f8 18 - WOHLBEFINDEN<\/title>\n<meta name=\"robots\" content=\"index, follow, max-snippet:-1, max-image-preview:large, max-video-preview:-1\" \/>\n<link rel=\"canonical\" href=\"https:\/\/bien-etreiris.ch\/de\/produktpraesentation\/aromatherapie\/selbst-herstellen\/material-zur-herstellung\/behaelter\/flacons-o-18\/\" \/>\n<meta property=\"og:locale\" content=\"de_DE\" \/>\n<meta property=\"og:type\" content=\"article\" \/>\n<meta property=\"og:title\" content=\"FL\u00e4SCHCHEN \u00f8 18 - WOHLBEFINDEN\" \/>\n<meta property=\"og:description\" content=\"Apothekerfl\u00e4schchen \u00f8 18 Entwerfen Sie die Flasche, die Ihren Bed\u00fcrfnissen entspricht. W\u00e4hlen Sie die Gr\u00f6\u00dfe: 5, 10, 20, 30, 50, 100 ml; das Material: braunes Glas, blaues Glas oder violettes Glas oder PET; dann den passenden Verschluss: Tropfer, Spray, Pumpe, Nasenspray, Mundspray, Pipette ... Ihre individuellen Hauskreationen in einer praktischen und sicheren Verpackung! &nbsp; &nbsp; Braunes Glasfl\u00e4schchen \u00f8 18 &nbsp;&nbsp;Weiter lesen\" \/>\n<meta property=\"og:url\" content=\"https:\/\/bien-etreiris.ch\/de\/produktpraesentation\/aromatherapie\/selbst-herstellen\/material-zur-herstellung\/behaelter\/flacons-o-18\/\" \/>\n<meta property=\"og:site_name\" content=\"WOHLBEFINDEN\" \/>\n<meta property=\"article:publisher\" content=\"https:\/\/www.facebook.com\/bienetreiris\/\" \/>\n<meta property=\"article:modified_time\" content=\"2024-01-05T08:20:00+00:00\" \/>\n<meta property=\"og:image\" content=\"https:\/\/bien-etreiris.ch\/wp-content\/uploads\/2023\/02\/acceuil-18.jpg\" \/>\n\t<meta property=\"og:image:width\" content=\"500\" \/>\n\t<meta property=\"og:image:height\" content=\"305\" \/>\n\t<meta property=\"og:image:type\" content=\"image\/jpeg\" \/>\n<meta name=\"twitter:label1\" content=\"Gesch\u00e4tzte Lesezeit\" \/>\n\t<meta name=\"twitter:data1\" content=\"2\u00a0Minuten\" \/>\n<script type=\"application\/ld+json\" class=\"yoast-schema-graph\">{\"@context\":\"https:\\\/\\\/schema.org\",\"@graph\":[{\"@type\":\"WebPage\",\"@id\":\"https:\\\/\\\/bien-etreiris.ch\\\/de\\\/produktpraesentation\\\/aromatherapie\\\/selbst-herstellen\\\/material-zur-herstellung\\\/behaelter\\\/flacons-o-18\\\/\",\"url\":\"https:\\\/\\\/bien-etreiris.ch\\\/de\\\/produktpraesentation\\\/aromatherapie\\\/selbst-herstellen\\\/material-zur-herstellung\\\/behaelter\\\/flacons-o-18\\\/\",\"name\":\"FL\u00e4SCHCHEN \u00f8 18 - WOHLBEFINDEN\",\"isPartOf\":{\"@id\":\"https:\\\/\\\/bien-etreiris.ch\\\/de\\\/#website\"},\"primaryImageOfPage\":{\"@id\":\"https:\\\/\\\/bien-etreiris.ch\\\/de\\\/produktpraesentation\\\/aromatherapie\\\/selbst-herstellen\\\/material-zur-herstellung\\\/behaelter\\\/flacons-o-18\\\/#primaryimage\"},\"image\":{\"@id\":\"https:\\\/\\\/bien-etreiris.ch\\\/de\\\/produktpraesentation\\\/aromatherapie\\\/selbst-herstellen\\\/material-zur-herstellung\\\/behaelter\\\/flacons-o-18\\\/#primaryimage\"},\"thumbnailUrl\":\"https:\\\/\\\/bien-etreiris.ch\\\/wp-content\\\/uploads\\\/2023\\\/02\\\/acceuil-18.jpg\",\"datePublished\":\"2023-02-17T02:10:02+00:00\",\"dateModified\":\"2024-01-05T08:20:00+00:00\",\"breadcrumb\":{\"@id\":\"https:\\\/\\\/bien-etreiris.ch\\\/de\\\/produktpraesentation\\\/aromatherapie\\\/selbst-herstellen\\\/material-zur-herstellung\\\/behaelter\\\/flacons-o-18\\\/#breadcrumb\"},\"inLanguage\":\"de\",\"potentialAction\":[{\"@type\":\"ReadAction\",\"target\":[\"https:\\\/\\\/bien-etreiris.ch\\\/de\\\/produktpraesentation\\\/aromatherapie\\\/selbst-herstellen\\\/material-zur-herstellung\\\/behaelter\\\/flacons-o-18\\\/\"]}]},{\"@type\":\"ImageObject\",\"inLanguage\":\"de\",\"@id\":\"https:\\\/\\\/bien-etreiris.ch\\\/de\\\/produktpraesentation\\\/aromatherapie\\\/selbst-herstellen\\\/material-zur-herstellung\\\/behaelter\\\/flacons-o-18\\\/#primaryimage\",\"url\":\"https:\\\/\\\/bien-etreiris.ch\\\/wp-content\\\/uploads\\\/2023\\\/02\\\/acceuil-18.jpg\",\"contentUrl\":\"https:\\\/\\\/bien-etreiris.ch\\\/wp-content\\\/uploads\\\/2023\\\/02\\\/acceuil-18.jpg\",\"width\":500,\"height\":305},{\"@type\":\"BreadcrumbList\",\"@id\":\"https:\\\/\\\/bien-etreiris.ch\\\/de\\\/produktpraesentation\\\/aromatherapie\\\/selbst-herstellen\\\/material-zur-herstellung\\\/behaelter\\\/flacons-o-18\\\/#breadcrumb\",\"itemListElement\":[{\"@type\":\"ListItem\",\"position\":1,\"name\":\"Home\",\"item\":\"https:\\\/\\\/bien-etreiris.ch\\\/de\\\/\"},{\"@type\":\"ListItem\",\"position\":2,\"name\":\"PRODUKTPR\u00c4SENTATION\",\"item\":\"https:\\\/\\\/bien-etreiris.ch\\\/de\\\/produktpraesentation\\\/\"},{\"@type\":\"ListItem\",\"position\":3,\"name\":\"AROMATHERAPIE\",\"item\":\"https:\\\/\\\/bien-etreiris.ch\\\/de\\\/produktpraesentation\\\/aromatherapie\\\/\"},{\"@type\":\"ListItem\",\"position\":4,\"name\":\"SELBST HERSTELLEN&#8230;\",\"item\":\"https:\\\/\\\/bien-etreiris.ch\\\/de\\\/produktpraesentation\\\/aromatherapie\\\/selbst-herstellen\\\/\"},{\"@type\":\"ListItem\",\"position\":5,\"name\":\"MATERIAL ZUR HERSTELLUNG\",\"item\":\"https:\\\/\\\/bien-etreiris.ch\\\/de\\\/produktpraesentation\\\/aromatherapie\\\/selbst-herstellen\\\/material-zur-herstellung\\\/\"},{\"@type\":\"ListItem\",\"position\":6,\"name\":\"BEH\u00c4LTER\",\"item\":\"https:\\\/\\\/bien-etreiris.ch\\\/de\\\/produktpraesentation\\\/aromatherapie\\\/selbst-herstellen\\\/material-zur-herstellung\\\/behaelter\\\/\"},{\"@type\":\"ListItem\",\"position\":7,\"name\":\"FL\u00e4SCHCHEN \u00f8 18\"}]},{\"@type\":\"WebSite\",\"@id\":\"https:\\\/\\\/bien-etreiris.ch\\\/de\\\/#website\",\"url\":\"https:\\\/\\\/bien-etreiris.ch\\\/de\\\/\",\"name\":\"Bien-\u00eatre Iris\",\"description\":\"IHRE Gesundheit ist uns wichtig\",\"potentialAction\":[{\"@type\":\"SearchAction\",\"target\":{\"@type\":\"EntryPoint\",\"urlTemplate\":\"https:\\\/\\\/bien-etreiris.ch\\\/de\\\/?s={search_term_string}\"},\"query-input\":{\"@type\":\"PropertyValueSpecification\",\"valueRequired\":true,\"valueName\":\"search_term_string\"}}],\"inLanguage\":\"de\"}]}<\/script>\n<!-- \/ Yoast SEO plugin. -->","yoast_head_json":{"title":"FL\u00e4SCHCHEN \u00f8 18 - WOHLBEFINDEN","robots":{"index":"index","follow":"follow","max-snippet":"max-snippet:-1","max-image-preview":"max-image-preview:large","max-video-preview":"max-video-preview:-1"},"canonical":"https:\/\/bien-etreiris.ch\/de\/produktpraesentation\/aromatherapie\/selbst-herstellen\/material-zur-herstellung\/behaelter\/flacons-o-18\/","og_locale":"de_DE","og_type":"article","og_title":"FL\u00e4SCHCHEN \u00f8 18 - WOHLBEFINDEN","og_description":"Apothekerfl\u00e4schchen \u00f8 18 Entwerfen Sie die Flasche, die Ihren Bed\u00fcrfnissen entspricht. W\u00e4hlen Sie die Gr\u00f6\u00dfe: 5, 10, 20, 30, 50, 100 ml; das Material: braunes Glas, blaues Glas oder violettes Glas oder PET; dann den passenden Verschluss: Tropfer, Spray, Pumpe, Nasenspray, Mundspray, Pipette ... Ihre individuellen Hauskreationen in einer praktischen und sicheren Verpackung! &nbsp; &nbsp; Braunes Glasfl\u00e4schchen \u00f8 18 &nbsp;&nbsp;Weiter lesen","og_url":"https:\/\/bien-etreiris.ch\/de\/produktpraesentation\/aromatherapie\/selbst-herstellen\/material-zur-herstellung\/behaelter\/flacons-o-18\/","og_site_name":"WOHLBEFINDEN","article_publisher":"https:\/\/www.facebook.com\/bienetreiris\/","article_modified_time":"2024-01-05T08:20:00+00:00","og_image":[{"width":500,"height":305,"url":"https:\/\/bien-etreiris.ch\/wp-content\/uploads\/2023\/02\/acceuil-18.jpg","type":"image\/jpeg"}],"twitter_misc":{"Gesch\u00e4tzte Lesezeit":"2\u00a0Minuten"},"schema":{"@context":"https:\/\/schema.org","@graph":[{"@type":"WebPage","@id":"https:\/\/bien-etreiris.ch\/de\/produktpraesentation\/aromatherapie\/selbst-herstellen\/material-zur-herstellung\/behaelter\/flacons-o-18\/","url":"https:\/\/bien-etreiris.ch\/de\/produktpraesentation\/aromatherapie\/selbst-herstellen\/material-zur-herstellung\/behaelter\/flacons-o-18\/","name":"FL\u00e4SCHCHEN \u00f8 18 - WOHLBEFINDEN","isPartOf":{"@id":"https:\/\/bien-etreiris.ch\/de\/#website"},"primaryImageOfPage":{"@id":"https:\/\/bien-etreiris.ch\/de\/produktpraesentation\/aromatherapie\/selbst-herstellen\/material-zur-herstellung\/behaelter\/flacons-o-18\/#primaryimage"},"image":{"@id":"https:\/\/bien-etreiris.ch\/de\/produktpraesentation\/aromatherapie\/selbst-herstellen\/material-zur-herstellung\/behaelter\/flacons-o-18\/#primaryimage"},"thumbnailUrl":"https:\/\/bien-etreiris.ch\/wp-content\/uploads\/2023\/02\/acceuil-18.jpg","datePublished":"2023-02-17T02:10:02+00:00","dateModified":"2024-01-05T08:20:00+00:00","breadcrumb":{"@id":"https:\/\/bien-etreiris.ch\/de\/produktpraesentation\/aromatherapie\/selbst-herstellen\/material-zur-herstellung\/behaelter\/flacons-o-18\/#breadcrumb"},"inLanguage":"de","potentialAction":[{"@type":"ReadAction","target":["https:\/\/bien-etreiris.ch\/de\/produktpraesentation\/aromatherapie\/selbst-herstellen\/material-zur-herstellung\/behaelter\/flacons-o-18\/"]}]},{"@type":"ImageObject","inLanguage":"de","@id":"https:\/\/bien-etreiris.ch\/de\/produktpraesentation\/aromatherapie\/selbst-herstellen\/material-zur-herstellung\/behaelter\/flacons-o-18\/#primaryimage","url":"https:\/\/bien-etreiris.ch\/wp-content\/uploads\/2023\/02\/acceuil-18.jpg","contentUrl":"https:\/\/bien-etreiris.ch\/wp-content\/uploads\/2023\/02\/acceuil-18.jpg","width":500,"height":305},{"@type":"BreadcrumbList","@id":"https:\/\/bien-etreiris.ch\/de\/produktpraesentation\/aromatherapie\/selbst-herstellen\/material-zur-herstellung\/behaelter\/flacons-o-18\/#breadcrumb","itemListElement":[{"@type":"ListItem","position":1,"name":"Home","item":"https:\/\/bien-etreiris.ch\/de\/"},{"@type":"ListItem","position":2,"name":"PRODUKTPR\u00c4SENTATION","item":"https:\/\/bien-etreiris.ch\/de\/produktpraesentation\/"},{"@type":"ListItem","position":3,"name":"AROMATHERAPIE","item":"https:\/\/bien-etreiris.ch\/de\/produktpraesentation\/aromatherapie\/"},{"@type":"ListItem","position":4,"name":"SELBST HERSTELLEN&#8230;","item":"https:\/\/bien-etreiris.ch\/de\/produktpraesentation\/aromatherapie\/selbst-herstellen\/"},{"@type":"ListItem","position":5,"name":"MATERIAL ZUR HERSTELLUNG","item":"https:\/\/bien-etreiris.ch\/de\/produktpraesentation\/aromatherapie\/selbst-herstellen\/material-zur-herstellung\/"},{"@type":"ListItem","position":6,"name":"BEH\u00c4LTER","item":"https:\/\/bien-etreiris.ch\/de\/produktpraesentation\/aromatherapie\/selbst-herstellen\/material-zur-herstellung\/behaelter\/"},{"@type":"ListItem","position":7,"name":"FL\u00e4SCHCHEN \u00f8 18"}]},{"@type":"WebSite","@id":"https:\/\/bien-etreiris.ch\/de\/#website","url":"https:\/\/bien-etreiris.ch\/de\/","name":"Bien-\u00eatre Iris","description":"IHRE Gesundheit ist uns wichtig","potentialAction":[{"@type":"SearchAction","target":{"@type":"EntryPoint","urlTemplate":"https:\/\/bien-etreiris.ch\/de\/?s={search_term_string}"},"query-input":{"@type":"PropertyValueSpecification","valueRequired":true,"valueName":"search_term_string"}}],"inLanguage":"de"}]}},"_links":{"self":[{"href":"https:\/\/bien-etreiris.ch\/de\/wp-json\/wp\/v2\/pages\/82792","targetHints":{"allow":["GET"]}}],"collection":[{"href":"https:\/\/bien-etreiris.ch\/de\/wp-json\/wp\/v2\/pages"}],"about":[{"href":"https:\/\/bien-etreiris.ch\/de\/wp-json\/wp\/v2\/types\/page"}],"author":[{"embeddable":true,"href":"https:\/\/bien-etreiris.ch\/de\/wp-json\/wp\/v2\/users\/1"}],"replies":[{"embeddable":true,"href":"https:\/\/bien-etreiris.ch\/de\/wp-json\/wp\/v2\/comments?post=82792"}],"version-history":[{"count":2,"href":"https:\/\/bien-etreiris.ch\/de\/wp-json\/wp\/v2\/pages\/82792\/revisions"}],"predecessor-version":[{"id":82796,"href":"https:\/\/bien-etreiris.ch\/de\/wp-json\/wp\/v2\/pages\/82792\/revisions\/82796"}],"up":[{"embeddable":true,"href":"https:\/\/bien-etreiris.ch\/de\/wp-json\/wp\/v2\/pages\/50682"}],"wp:featuredmedia":[{"embeddable":true,"href":"https:\/\/bien-etreiris.ch\/de\/wp-json\/wp\/v2\/media\/66827"}],"wp:attachment":[{"href":"https:\/\/bien-etreiris.ch\/de\/wp-json\/wp\/v2\/media?parent=82792"}],"curies":[{"name":"wp","href":"https:\/\/api.w.org\/{rel}","templated":true}]}}