{"id":82785,"date":"2023-02-17T23:22:18","date_gmt":"2023-02-17T21:22:18","guid":{"rendered":"https:\/\/bien-etreiris.ch\/produktpraesentation\/aromatherapie\/selbst-herstellen\/material-zur-herstellung\/behaelter\/verres-a-col-large\/"},"modified":"2024-01-05T10:09:32","modified_gmt":"2024-01-05T08:09:32","slug":"glaeser-mit-weitem-hals","status":"publish","type":"page","link":"https:\/\/bien-etreiris.ch\/de\/produktpraesentation\/aromatherapie\/selbst-herstellen\/material-zur-herstellung\/behaelter\/glaeser-mit-weitem-hals\/","title":{"rendered":"GL\u00c4SER MIT WEITEM HALS"},"content":{"rendered":"\n<h2>Braune Apothekergl\u00e4ser mit weitem Hals<\/h2>\n<p>WASSERDICHT: Mit passgenauem Schraubdeckel.<br>GESCH\u00dcTZT: Braune Apothekergl\u00e4ser mit Lichtschutz.<br>PRAKTISCH: Das Bef\u00fcllen und Reinigen des Glases durch die gro\u00dfe \u00d6ffnung ist kinderleicht.<br>UNIVERSELL: Verwenden Sie es im Labor, zu Hause oder in der Freizeit.<\/p>\n<p>&nbsp;<\/p>\n<p>&nbsp;<\/p>\n<p><a href=\"https:\/\/bien-etreiris.ch\/wp-content\/uploads\/2023\/02\/Verres-de-pharmacie-bruns-a-col-large.jpg\"><img loading=\"lazy\" decoding=\"async\" class=\"wp-image-66989 alignnone\" src=\"https:\/\/bien-etreiris.ch\/wp-content\/uploads\/2023\/02\/Verres-de-pharmacie-bruns-a-col-large.jpg\" alt=\"\" width=\"1017\" height=\"730\" srcset=\"https:\/\/bien-etreiris.ch\/wp-content\/uploads\/2023\/02\/Verres-de-pharmacie-bruns-a-col-large.jpg 500w, https:\/\/bien-etreiris.ch\/wp-content\/uploads\/2023\/02\/Verres-de-pharmacie-bruns-a-col-large-300x215.jpg 300w\" sizes=\"auto, (max-width: 1017px) 100vw, 1017px\" \/><\/a><\/p>\n\n\n\n\n\n\n\n<h4 class=\"wp-block-heading\">Schraubdeckel im Preis inbegriffen<\/h4>\n\n\n\n<ul style=\"list-style-type: disc;\">\n<li>1 St\u00fcck 30 ml CHF 2.10<\/li>\n<li>1 St\u00fcck 50 ml CHF 2.80<\/li>\n<li>1 St\u00fcck 100 ml CHF 2.65<\/li>\n<li>1 St\u00fcck 150 ml CHF 4.00<\/li>\n<li>1 St\u00fcck 200 ml CHF 4.15<\/li>\n<li>1 St\u00fcck 250 ml CHF 3.85<\/li>\n<\/ul>\n<p>&nbsp;<\/p>\n<h4>Beschreibung<\/h4>\n<p>Hochwertiges Braunglas mit einem stabilen, dicht schlie\u00dfenden Schraubdeckel h\u00e4lt den Inhalt perfekt vor Luft und Feuchtigkeit gesch\u00fctzt. Das braune Glas sch\u00fctzt den Inhalt effektiv vor Licht. Dank der gro\u00dfen \u00d6ffnung sind die Weithalsflaschen leicht zu bef\u00fcllen und zu reinigen.<\/p>\n\n\n\n<p><\/p>\n\n\n\n<p><\/p>\n\n\n\n<p><\/p>\n","protected":false},"excerpt":{"rendered":"<p>Braune Apothekergl\u00e4ser mit weitem Hals WASSERDICHT: Mit passgenauem Schraubdeckel.GESCH\u00dcTZT: Braune Apothekergl\u00e4ser mit Lichtschutz.PRAKTISCH: Das Bef\u00fcllen und Reinigen des Glases durch die gro\u00dfe \u00d6ffnung ist kinderleicht.UNIVERSELL: Verwenden Sie es im Labor, zu Hause oder in der Freizeit. &nbsp; &nbsp; Schraubdeckel im Preis inbegriffen 1 St\u00fcck 30 ml CHF 2.10 1 St\u00fcck 50 ml CHF 2.80 1 St\u00fcck 100 ml CHF 2.65&nbsp;<a href=\"https:\/\/bien-etreiris.ch\/de\/produktpraesentation\/aromatherapie\/selbst-herstellen\/material-zur-herstellung\/behaelter\/glaeser-mit-weitem-hals\/\" class=\"read-more\">Weiter lesen<\/a><\/p>\n","protected":false},"author":1,"featured_media":66991,"parent":50682,"menu_order":3855,"comment_status":"closed","ping_status":"closed","template":"page-with-child.php","meta":{"_acf_changed":false,"ngg_post_thumbnail":0,"footnotes":""},"class_list":["post-82785","page","type-page","status-publish","has-post-thumbnail","hentry"],"acf":[],"yoast_head":"<!-- This site is optimized with the Yoast SEO plugin v27.4 - https:\/\/yoast.com\/product\/yoast-seo-wordpress\/ -->\n<title>GL\u00c4SER MIT WEITEM HALS - WOHLBEFINDEN<\/title>\n<meta name=\"robots\" content=\"index, follow, max-snippet:-1, max-image-preview:large, max-video-preview:-1\" \/>\n<link rel=\"canonical\" href=\"https:\/\/bien-etreiris.ch\/de\/produktpraesentation\/aromatherapie\/selbst-herstellen\/material-zur-herstellung\/behaelter\/glaeser-mit-weitem-hals\/\" \/>\n<meta property=\"og:locale\" content=\"de_DE\" \/>\n<meta property=\"og:type\" content=\"article\" \/>\n<meta property=\"og:title\" content=\"GL\u00c4SER MIT WEITEM HALS - WOHLBEFINDEN\" \/>\n<meta property=\"og:description\" content=\"Braune Apothekergl\u00e4ser mit weitem Hals WASSERDICHT: Mit passgenauem Schraubdeckel.GESCH\u00dcTZT: Braune Apothekergl\u00e4ser mit Lichtschutz.PRAKTISCH: Das Bef\u00fcllen und Reinigen des Glases durch die gro\u00dfe \u00d6ffnung ist kinderleicht.UNIVERSELL: Verwenden Sie es im Labor, zu Hause oder in der Freizeit. &nbsp; &nbsp; Schraubdeckel im Preis inbegriffen 1 St\u00fcck 30 ml CHF 2.10 1 St\u00fcck 50 ml CHF 2.80 1 St\u00fcck 100 ml CHF 2.65&nbsp;Weiter lesen\" \/>\n<meta property=\"og:url\" content=\"https:\/\/bien-etreiris.ch\/de\/produktpraesentation\/aromatherapie\/selbst-herstellen\/material-zur-herstellung\/behaelter\/glaeser-mit-weitem-hals\/\" \/>\n<meta property=\"og:site_name\" content=\"WOHLBEFINDEN\" \/>\n<meta property=\"article:publisher\" content=\"https:\/\/www.facebook.com\/bienetreiris\/\" \/>\n<meta property=\"article:modified_time\" content=\"2024-01-05T08:09:32+00:00\" \/>\n<meta property=\"og:image\" content=\"https:\/\/bien-etreiris.ch\/wp-content\/uploads\/2023\/02\/Verres-de-pharmacie-bruns-a-col-large.jpg\" \/>\n\t<meta property=\"og:image:width\" content=\"500\" \/>\n\t<meta property=\"og:image:height\" content=\"359\" \/>\n\t<meta property=\"og:image:type\" content=\"image\/jpeg\" \/>\n<meta name=\"twitter:label1\" content=\"Gesch\u00e4tzte Lesezeit\" \/>\n\t<meta name=\"twitter:data1\" content=\"2\u00a0Minuten\" \/>\n<script type=\"application\/ld+json\" class=\"yoast-schema-graph\">{\"@context\":\"https:\\\/\\\/schema.org\",\"@graph\":[{\"@type\":\"WebPage\",\"@id\":\"https:\\\/\\\/bien-etreiris.ch\\\/de\\\/produktpraesentation\\\/aromatherapie\\\/selbst-herstellen\\\/material-zur-herstellung\\\/behaelter\\\/glaeser-mit-weitem-hals\\\/\",\"url\":\"https:\\\/\\\/bien-etreiris.ch\\\/de\\\/produktpraesentation\\\/aromatherapie\\\/selbst-herstellen\\\/material-zur-herstellung\\\/behaelter\\\/glaeser-mit-weitem-hals\\\/\",\"name\":\"GL\u00c4SER MIT WEITEM HALS - WOHLBEFINDEN\",\"isPartOf\":{\"@id\":\"https:\\\/\\\/bien-etreiris.ch\\\/de\\\/#website\"},\"primaryImageOfPage\":{\"@id\":\"https:\\\/\\\/bien-etreiris.ch\\\/de\\\/produktpraesentation\\\/aromatherapie\\\/selbst-herstellen\\\/material-zur-herstellung\\\/behaelter\\\/glaeser-mit-weitem-hals\\\/#primaryimage\"},\"image\":{\"@id\":\"https:\\\/\\\/bien-etreiris.ch\\\/de\\\/produktpraesentation\\\/aromatherapie\\\/selbst-herstellen\\\/material-zur-herstellung\\\/behaelter\\\/glaeser-mit-weitem-hals\\\/#primaryimage\"},\"thumbnailUrl\":\"https:\\\/\\\/bien-etreiris.ch\\\/wp-content\\\/uploads\\\/2023\\\/02\\\/Verres-de-pharmacie-bruns-a-col-large.jpg\",\"datePublished\":\"2023-02-17T21:22:18+00:00\",\"dateModified\":\"2024-01-05T08:09:32+00:00\",\"breadcrumb\":{\"@id\":\"https:\\\/\\\/bien-etreiris.ch\\\/de\\\/produktpraesentation\\\/aromatherapie\\\/selbst-herstellen\\\/material-zur-herstellung\\\/behaelter\\\/glaeser-mit-weitem-hals\\\/#breadcrumb\"},\"inLanguage\":\"de\",\"potentialAction\":[{\"@type\":\"ReadAction\",\"target\":[\"https:\\\/\\\/bien-etreiris.ch\\\/de\\\/produktpraesentation\\\/aromatherapie\\\/selbst-herstellen\\\/material-zur-herstellung\\\/behaelter\\\/glaeser-mit-weitem-hals\\\/\"]}]},{\"@type\":\"ImageObject\",\"inLanguage\":\"de\",\"@id\":\"https:\\\/\\\/bien-etreiris.ch\\\/de\\\/produktpraesentation\\\/aromatherapie\\\/selbst-herstellen\\\/material-zur-herstellung\\\/behaelter\\\/glaeser-mit-weitem-hals\\\/#primaryimage\",\"url\":\"https:\\\/\\\/bien-etreiris.ch\\\/wp-content\\\/uploads\\\/2023\\\/02\\\/Verres-de-pharmacie-bruns-a-col-large.jpg\",\"contentUrl\":\"https:\\\/\\\/bien-etreiris.ch\\\/wp-content\\\/uploads\\\/2023\\\/02\\\/Verres-de-pharmacie-bruns-a-col-large.jpg\",\"width\":500,\"height\":359},{\"@type\":\"BreadcrumbList\",\"@id\":\"https:\\\/\\\/bien-etreiris.ch\\\/de\\\/produktpraesentation\\\/aromatherapie\\\/selbst-herstellen\\\/material-zur-herstellung\\\/behaelter\\\/glaeser-mit-weitem-hals\\\/#breadcrumb\",\"itemListElement\":[{\"@type\":\"ListItem\",\"position\":1,\"name\":\"Home\",\"item\":\"https:\\\/\\\/bien-etreiris.ch\\\/de\\\/\"},{\"@type\":\"ListItem\",\"position\":2,\"name\":\"PRODUKTPR\u00c4SENTATION\",\"item\":\"https:\\\/\\\/bien-etreiris.ch\\\/de\\\/produktpraesentation\\\/\"},{\"@type\":\"ListItem\",\"position\":3,\"name\":\"AROMATHERAPIE\",\"item\":\"https:\\\/\\\/bien-etreiris.ch\\\/de\\\/produktpraesentation\\\/aromatherapie\\\/\"},{\"@type\":\"ListItem\",\"position\":4,\"name\":\"SELBST HERSTELLEN&#8230;\",\"item\":\"https:\\\/\\\/bien-etreiris.ch\\\/de\\\/produktpraesentation\\\/aromatherapie\\\/selbst-herstellen\\\/\"},{\"@type\":\"ListItem\",\"position\":5,\"name\":\"MATERIAL ZUR HERSTELLUNG\",\"item\":\"https:\\\/\\\/bien-etreiris.ch\\\/de\\\/produktpraesentation\\\/aromatherapie\\\/selbst-herstellen\\\/material-zur-herstellung\\\/\"},{\"@type\":\"ListItem\",\"position\":6,\"name\":\"BEH\u00c4LTER\",\"item\":\"https:\\\/\\\/bien-etreiris.ch\\\/de\\\/produktpraesentation\\\/aromatherapie\\\/selbst-herstellen\\\/material-zur-herstellung\\\/behaelter\\\/\"},{\"@type\":\"ListItem\",\"position\":7,\"name\":\"GL\u00c4SER MIT WEITEM HALS\"}]},{\"@type\":\"WebSite\",\"@id\":\"https:\\\/\\\/bien-etreiris.ch\\\/de\\\/#website\",\"url\":\"https:\\\/\\\/bien-etreiris.ch\\\/de\\\/\",\"name\":\"Bien-\u00eatre Iris\",\"description\":\"IHRE Gesundheit ist uns wichtig\",\"potentialAction\":[{\"@type\":\"SearchAction\",\"target\":{\"@type\":\"EntryPoint\",\"urlTemplate\":\"https:\\\/\\\/bien-etreiris.ch\\\/de\\\/?s={search_term_string}\"},\"query-input\":{\"@type\":\"PropertyValueSpecification\",\"valueRequired\":true,\"valueName\":\"search_term_string\"}}],\"inLanguage\":\"de\"}]}<\/script>\n<!-- \/ Yoast SEO plugin. -->","yoast_head_json":{"title":"GL\u00c4SER MIT WEITEM HALS - WOHLBEFINDEN","robots":{"index":"index","follow":"follow","max-snippet":"max-snippet:-1","max-image-preview":"max-image-preview:large","max-video-preview":"max-video-preview:-1"},"canonical":"https:\/\/bien-etreiris.ch\/de\/produktpraesentation\/aromatherapie\/selbst-herstellen\/material-zur-herstellung\/behaelter\/glaeser-mit-weitem-hals\/","og_locale":"de_DE","og_type":"article","og_title":"GL\u00c4SER MIT WEITEM HALS - WOHLBEFINDEN","og_description":"Braune Apothekergl\u00e4ser mit weitem Hals WASSERDICHT: Mit passgenauem Schraubdeckel.GESCH\u00dcTZT: Braune Apothekergl\u00e4ser mit Lichtschutz.PRAKTISCH: Das Bef\u00fcllen und Reinigen des Glases durch die gro\u00dfe \u00d6ffnung ist kinderleicht.UNIVERSELL: Verwenden Sie es im Labor, zu Hause oder in der Freizeit. &nbsp; &nbsp; Schraubdeckel im Preis inbegriffen 1 St\u00fcck 30 ml CHF 2.10 1 St\u00fcck 50 ml CHF 2.80 1 St\u00fcck 100 ml CHF 2.65&nbsp;Weiter lesen","og_url":"https:\/\/bien-etreiris.ch\/de\/produktpraesentation\/aromatherapie\/selbst-herstellen\/material-zur-herstellung\/behaelter\/glaeser-mit-weitem-hals\/","og_site_name":"WOHLBEFINDEN","article_publisher":"https:\/\/www.facebook.com\/bienetreiris\/","article_modified_time":"2024-01-05T08:09:32+00:00","og_image":[{"width":500,"height":359,"url":"https:\/\/bien-etreiris.ch\/wp-content\/uploads\/2023\/02\/Verres-de-pharmacie-bruns-a-col-large.jpg","type":"image\/jpeg"}],"twitter_misc":{"Gesch\u00e4tzte Lesezeit":"2\u00a0Minuten"},"schema":{"@context":"https:\/\/schema.org","@graph":[{"@type":"WebPage","@id":"https:\/\/bien-etreiris.ch\/de\/produktpraesentation\/aromatherapie\/selbst-herstellen\/material-zur-herstellung\/behaelter\/glaeser-mit-weitem-hals\/","url":"https:\/\/bien-etreiris.ch\/de\/produktpraesentation\/aromatherapie\/selbst-herstellen\/material-zur-herstellung\/behaelter\/glaeser-mit-weitem-hals\/","name":"GL\u00c4SER MIT WEITEM HALS - WOHLBEFINDEN","isPartOf":{"@id":"https:\/\/bien-etreiris.ch\/de\/#website"},"primaryImageOfPage":{"@id":"https:\/\/bien-etreiris.ch\/de\/produktpraesentation\/aromatherapie\/selbst-herstellen\/material-zur-herstellung\/behaelter\/glaeser-mit-weitem-hals\/#primaryimage"},"image":{"@id":"https:\/\/bien-etreiris.ch\/de\/produktpraesentation\/aromatherapie\/selbst-herstellen\/material-zur-herstellung\/behaelter\/glaeser-mit-weitem-hals\/#primaryimage"},"thumbnailUrl":"https:\/\/bien-etreiris.ch\/wp-content\/uploads\/2023\/02\/Verres-de-pharmacie-bruns-a-col-large.jpg","datePublished":"2023-02-17T21:22:18+00:00","dateModified":"2024-01-05T08:09:32+00:00","breadcrumb":{"@id":"https:\/\/bien-etreiris.ch\/de\/produktpraesentation\/aromatherapie\/selbst-herstellen\/material-zur-herstellung\/behaelter\/glaeser-mit-weitem-hals\/#breadcrumb"},"inLanguage":"de","potentialAction":[{"@type":"ReadAction","target":["https:\/\/bien-etreiris.ch\/de\/produktpraesentation\/aromatherapie\/selbst-herstellen\/material-zur-herstellung\/behaelter\/glaeser-mit-weitem-hals\/"]}]},{"@type":"ImageObject","inLanguage":"de","@id":"https:\/\/bien-etreiris.ch\/de\/produktpraesentation\/aromatherapie\/selbst-herstellen\/material-zur-herstellung\/behaelter\/glaeser-mit-weitem-hals\/#primaryimage","url":"https:\/\/bien-etreiris.ch\/wp-content\/uploads\/2023\/02\/Verres-de-pharmacie-bruns-a-col-large.jpg","contentUrl":"https:\/\/bien-etreiris.ch\/wp-content\/uploads\/2023\/02\/Verres-de-pharmacie-bruns-a-col-large.jpg","width":500,"height":359},{"@type":"BreadcrumbList","@id":"https:\/\/bien-etreiris.ch\/de\/produktpraesentation\/aromatherapie\/selbst-herstellen\/material-zur-herstellung\/behaelter\/glaeser-mit-weitem-hals\/#breadcrumb","itemListElement":[{"@type":"ListItem","position":1,"name":"Home","item":"https:\/\/bien-etreiris.ch\/de\/"},{"@type":"ListItem","position":2,"name":"PRODUKTPR\u00c4SENTATION","item":"https:\/\/bien-etreiris.ch\/de\/produktpraesentation\/"},{"@type":"ListItem","position":3,"name":"AROMATHERAPIE","item":"https:\/\/bien-etreiris.ch\/de\/produktpraesentation\/aromatherapie\/"},{"@type":"ListItem","position":4,"name":"SELBST HERSTELLEN&#8230;","item":"https:\/\/bien-etreiris.ch\/de\/produktpraesentation\/aromatherapie\/selbst-herstellen\/"},{"@type":"ListItem","position":5,"name":"MATERIAL ZUR HERSTELLUNG","item":"https:\/\/bien-etreiris.ch\/de\/produktpraesentation\/aromatherapie\/selbst-herstellen\/material-zur-herstellung\/"},{"@type":"ListItem","position":6,"name":"BEH\u00c4LTER","item":"https:\/\/bien-etreiris.ch\/de\/produktpraesentation\/aromatherapie\/selbst-herstellen\/material-zur-herstellung\/behaelter\/"},{"@type":"ListItem","position":7,"name":"GL\u00c4SER MIT WEITEM HALS"}]},{"@type":"WebSite","@id":"https:\/\/bien-etreiris.ch\/de\/#website","url":"https:\/\/bien-etreiris.ch\/de\/","name":"Bien-\u00eatre Iris","description":"IHRE Gesundheit ist uns wichtig","potentialAction":[{"@type":"SearchAction","target":{"@type":"EntryPoint","urlTemplate":"https:\/\/bien-etreiris.ch\/de\/?s={search_term_string}"},"query-input":{"@type":"PropertyValueSpecification","valueRequired":true,"valueName":"search_term_string"}}],"inLanguage":"de"}]}},"_links":{"self":[{"href":"https:\/\/bien-etreiris.ch\/de\/wp-json\/wp\/v2\/pages\/82785","targetHints":{"allow":["GET"]}}],"collection":[{"href":"https:\/\/bien-etreiris.ch\/de\/wp-json\/wp\/v2\/pages"}],"about":[{"href":"https:\/\/bien-etreiris.ch\/de\/wp-json\/wp\/v2\/types\/page"}],"author":[{"embeddable":true,"href":"https:\/\/bien-etreiris.ch\/de\/wp-json\/wp\/v2\/users\/1"}],"replies":[{"embeddable":true,"href":"https:\/\/bien-etreiris.ch\/de\/wp-json\/wp\/v2\/comments?post=82785"}],"version-history":[{"count":2,"href":"https:\/\/bien-etreiris.ch\/de\/wp-json\/wp\/v2\/pages\/82785\/revisions"}],"predecessor-version":[{"id":82790,"href":"https:\/\/bien-etreiris.ch\/de\/wp-json\/wp\/v2\/pages\/82785\/revisions\/82790"}],"up":[{"embeddable":true,"href":"https:\/\/bien-etreiris.ch\/de\/wp-json\/wp\/v2\/pages\/50682"}],"wp:featuredmedia":[{"embeddable":true,"href":"https:\/\/bien-etreiris.ch\/de\/wp-json\/wp\/v2\/media\/66991"}],"wp:attachment":[{"href":"https:\/\/bien-etreiris.ch\/de\/wp-json\/wp\/v2\/media?parent=82785"}],"curies":[{"name":"wp","href":"https:\/\/api.w.org\/{rel}","templated":true}]}}